{"id":38113,"date":"2021-05-28T13:48:40","date_gmt":"2021-05-28T11:48:40","guid":{"rendered":"http:\/\/topa.be\/sint-jacob\/"},"modified":"2022-03-21T11:29:01","modified_gmt":"2022-03-21T10:29:01","slug":"sint-jacob","status":"publish","type":"page","link":"https:\/\/topa.be\/fr\/sint-jacob\/","title":{"rendered":"\u00c9glise Saint-Jacques"},"content":{"rendered":"\t\t<div data-elementor-type=\"wp-page\" data-elementor-id=\"38113\" class=\"elementor elementor-38113 elementor-11771\" data-elementor-post-type=\"page\">\n\t\t\t\t\t\t<section class=\"elementor-section elementor-top-section elementor-element elementor-element-f1d6844 elementor-section-boxed elementor-section-height-default elementor-section-height-default\" data-id=\"f1d6844\" data-element_type=\"section\" data-e-type=\"section\">\n\t\t\t\t\t\t<div class=\"elementor-container elementor-column-gap-default\">\n\t\t\t\t\t<div class=\"elementor-column elementor-col-100 elementor-top-column elementor-element elementor-element-2c156b3\" data-id=\"2c156b3\" data-element_type=\"column\" data-e-type=\"column\">\n\t\t\t<div class=\"elementor-widget-wrap elementor-element-populated\">\n\t\t\t\t\t\t<div class=\"elementor-element elementor-element-aff5f2e elementor-widget elementor-widget-heading\" data-id=\"aff5f2e\" data-element_type=\"widget\" data-e-type=\"widget\" data-widget_type=\"heading.default\">\n\t\t\t\t<div class=\"elementor-widget-container\">\n\t\t\t\t\t<h1 class=\"elementor-heading-title elementor-size-default\">Eglise Saint-Jacques<\/h1>\t\t\t\t<\/div>\n\t\t\t\t<\/div>\n\t\t\t\t\t<\/div>\n\t\t<\/div>\n\t\t\t\t\t<\/div>\n\t\t<\/section>\n\t\t\t\t<section class=\"elementor-section elementor-top-section elementor-element elementor-element-e74bc89 elementor-section-boxed elementor-section-height-default elementor-section-height-default\" data-id=\"e74bc89\" data-element_type=\"section\" data-e-type=\"section\">\n\t\t\t\t\t\t<div class=\"elementor-container elementor-column-gap-default\">\n\t\t\t\t\t<div class=\"elementor-column elementor-col-100 elementor-top-column elementor-element elementor-element-574c89c\" data-id=\"574c89c\" data-element_type=\"column\" data-e-type=\"column\">\n\t\t\t<div class=\"elementor-widget-wrap elementor-element-populated\">\n\t\t\t\t\t\t<section class=\"elementor-section elementor-inner-section elementor-element elementor-element-2030752 elementor-section-boxed elementor-section-height-default elementor-section-height-default\" data-id=\"2030752\" data-element_type=\"section\" data-e-type=\"section\">\n\t\t\t\t\t\t<div class=\"elementor-container elementor-column-gap-default\">\n\t\t\t\t\t<div class=\"elementor-column elementor-col-50 elementor-inner-column elementor-element elementor-element-33fc6a8\" data-id=\"33fc6a8\" data-element_type=\"column\" data-e-type=\"column\">\n\t\t\t<div class=\"elementor-widget-wrap elementor-element-populated\">\n\t\t\t\t\t\t<div class=\"elementor-element elementor-element-133f922 elementor-widget elementor-widget-image\" data-id=\"133f922\" data-element_type=\"widget\" data-e-type=\"widget\" data-widget_type=\"image.default\">\n\t\t\t\t<div class=\"elementor-widget-container\">\n\t\t\t\t\t\t\t\t\t\t\t\t\t\t\t<img fetchpriority=\"high\" decoding=\"async\" width=\"800\" height=\"452\" src=\"https:\/\/topa.be\/wp-content\/uploads\/Antwerpen-Sint-Jacobskerk-Buiten.jpg\" class=\"attachment-large size-large wp-image-13468\" alt=\"\" srcset=\"https:\/\/topa.be\/wp-content\/uploads\/Antwerpen-Sint-Jacobskerk-Buiten.jpg 1024w, https:\/\/topa.be\/wp-content\/uploads\/Antwerpen-Sint-Jacobskerk-Buiten-300x169.jpg 300w, https:\/\/topa.be\/wp-content\/uploads\/Antwerpen-Sint-Jacobskerk-Buiten-200x113.jpg 200w, https:\/\/topa.be\/wp-content\/uploads\/Antwerpen-Sint-Jacobskerk-Buiten-768x434.jpg 768w\" sizes=\"(max-width: 800px) 100vw, 800px\" \/>\t\t\t\t\t\t\t\t\t\t\t\t\t\t\t<\/div>\n\t\t\t\t<\/div>\n\t\t\t\t\t<\/div>\n\t\t<\/div>\n\t\t\t\t<div class=\"elementor-column elementor-col-50 elementor-inner-column elementor-element elementor-element-32244a4\" data-id=\"32244a4\" data-element_type=\"column\" data-e-type=\"column\">\n\t\t\t<div class=\"elementor-widget-wrap elementor-element-populated\">\n\t\t\t\t\t\t<div class=\"elementor-element elementor-element-6a89a8c elementor-widget elementor-widget-image\" data-id=\"6a89a8c\" data-element_type=\"widget\" data-e-type=\"widget\" data-widget_type=\"image.default\">\n\t\t\t\t<div class=\"elementor-widget-container\">\n\t\t\t\t\t\t\t\t\t\t\t\t\t\t\t<img decoding=\"async\" width=\"800\" height=\"452\" src=\"https:\/\/topa.be\/wp-content\/uploads\/Antwerpen-Sint-Jacobskerk-Binnen.jpg\" class=\"attachment-large size-large wp-image-13456\" alt=\"\" srcset=\"https:\/\/topa.be\/wp-content\/uploads\/Antwerpen-Sint-Jacobskerk-Binnen.jpg 1024w, https:\/\/topa.be\/wp-content\/uploads\/Antwerpen-Sint-Jacobskerk-Binnen-300x169.jpg 300w, https:\/\/topa.be\/wp-content\/uploads\/Antwerpen-Sint-Jacobskerk-Binnen-200x113.jpg 200w, https:\/\/topa.be\/wp-content\/uploads\/Antwerpen-Sint-Jacobskerk-Binnen-768x434.jpg 768w\" sizes=\"(max-width: 800px) 100vw, 800px\" \/>\t\t\t\t\t\t\t\t\t\t\t\t\t\t\t<\/div>\n\t\t\t\t<\/div>\n\t\t\t\t\t<\/div>\n\t\t<\/div>\n\t\t\t\t\t<\/div>\n\t\t<\/section>\n\t\t\t\t\t<\/div>\n\t\t<\/div>\n\t\t\t\t\t<\/div>\n\t\t<\/section>\n\t\t\t\t<section class=\"elementor-section elementor-top-section elementor-element elementor-element-158eff0 elementor-section-boxed elementor-section-height-default elementor-section-height-default\" data-id=\"158eff0\" data-element_type=\"section\" data-e-type=\"section\">\n\t\t\t\t\t\t<div class=\"elementor-container elementor-column-gap-default\">\n\t\t\t\t\t<div class=\"elementor-column elementor-col-100 elementor-top-column elementor-element elementor-element-691f780\" data-id=\"691f780\" data-element_type=\"column\" data-e-type=\"column\">\n\t\t\t<div class=\"elementor-widget-wrap elementor-element-populated\">\n\t\t\t\t\t\t<div class=\"elementor-element elementor-element-d1801f5 elementor-widget elementor-widget-text-editor\" data-id=\"d1801f5\" data-element_type=\"widget\" data-e-type=\"widget\" data-widget_type=\"text-editor.default\">\n\t\t\t\t<div class=\"elementor-widget-container\">\n\t\t\t\t\t\t\t\t\t<p style=\"text-align: justify;\">\u2018Saint-Jacques\u2019 est, encore de nos jours, le point de d\u00e9part Anversois pour les p\u00e8lerins en route vers Saint Jacques de Compostelle.<\/p>\n<p style=\"text-align: justify;\">L\u2019\u00e9glise en gothique tardif (ca. 1506-1656) est richement pourvue de 23 autels \u2013 une d\u00e9bauche de marbres \u2013 et contient une collection artistique grandiose avec des \u0153uvres d\u2019entre autres Jordaens, Rubens, Van Balen et la chapelle fun\u00e9raire de Pierre Paul Rubens. Son \u00e9glise paroissiale \u2013 la maison de Rubens est situ\u00e9e \u00e0 environ 300 m\u00e8tres \u2013 respire encore la grandeur de ce quartier de bourgeois ais\u00e9s, de nos jours devenu un quartier d\u2019\u00e9tudiants. R\u00e9cemment on a mis \u00e0 jour dans l\u2019\u00e9glise de resplendissantes peintures murales du 16\u00e8me si\u00e8cle.<\/p>\n\t\t\t\t\t\t\t\t<\/div>\n\t\t\t\t<\/div>\n\t\t\t\t\t<\/div>\n\t\t<\/div>\n\t\t\t\t\t<\/div>\n\t\t<\/section>\n\t\t\t\t<section class=\"elementor-section elementor-top-section elementor-element elementor-element-3b9f34c2 elementor-section-boxed elementor-section-height-default elementor-section-height-default\" data-id=\"3b9f34c2\" data-element_type=\"section\" data-e-type=\"section\">\n\t\t\t\t\t\t<div class=\"elementor-container elementor-column-gap-default\">\n\t\t\t\t\t<div class=\"elementor-column elementor-col-100 elementor-top-column elementor-element elementor-element-36e0af40\" data-id=\"36e0af40\" data-element_type=\"column\" data-e-type=\"column\">\n\t\t\t<div class=\"elementor-widget-wrap elementor-element-populated\">\n\t\t\t\t\t\t<div class=\"elementor-element elementor-element-17cc1f85 elementor-widget elementor-widget-text-editor\" data-id=\"17cc1f85\" data-element_type=\"widget\" data-e-type=\"widget\" data-widget_type=\"text-editor.default\">\n\t\t\t\t<div class=\"elementor-widget-container\">\n\t\t\t\t\t\t\t\t\t<p style=\"text-align: justify;\">Sur <a href=\"https:\/\/goo.gl\/maps\/Kn2Kf1zW6FXq98dRA\"><strong>CETTE CARTE<\/strong><\/a> vous pouvez d\u00e9terminer un itin\u00e9raire en fonction de votre moyen de transport.<br \/>\nEssayez aussi VELO-Antwerpen\u00a0:\u00a0<strong><a href=\"https:\/\/www.velo-antwerpen.be\/fr\">https:\/\/www.velo-antwerpen.be\/fr<\/a><\/strong><\/p>\n\t\t\t\t\t\t\t\t<\/div>\n\t\t\t\t<\/div>\n\t\t\t\t\t<\/div>\n\t\t<\/div>\n\t\t\t\t\t<\/div>\n\t\t<\/section>\n\t\t\t\t<section class=\"elementor-section elementor-top-section elementor-element elementor-element-3e1d4ac elementor-section-boxed elementor-section-height-default elementor-section-height-default\" data-id=\"3e1d4ac\" data-element_type=\"section\" data-e-type=\"section\">\n\t\t\t\t\t\t<div class=\"elementor-container elementor-column-gap-default\">\n\t\t\t\t\t<div class=\"elementor-column elementor-col-100 elementor-top-column elementor-element elementor-element-7d5ee1d\" data-id=\"7d5ee1d\" data-element_type=\"column\" data-e-type=\"column\">\n\t\t\t<div class=\"elementor-widget-wrap elementor-element-populated\">\n\t\t\t\t\t\t<div class=\"elementor-element elementor-element-c13d7d0 elementor-widget elementor-widget-text-editor\" data-id=\"c13d7d0\" data-element_type=\"widget\" data-e-type=\"widget\" data-widget_type=\"text-editor.default\">\n\t\t\t\t<div class=\"elementor-widget-container\">\n\t\t\t\t\t\t\t\t\t<h4 class=\"widgettitle\">Pour d\u00e9couvrir plus :<\/h4>\n\t\t\t\t\t\t\t\t<\/div>\n\t\t\t\t<\/div>\n\t\t\t\t\t<\/div>\n\t\t<\/div>\n\t\t\t\t\t<\/div>\n\t\t<\/section>\n\t\t\t\t<section class=\"elementor-section elementor-top-section elementor-element elementor-element-78b93f8 elementor-section-boxed elementor-section-height-default elementor-section-height-default\" data-id=\"78b93f8\" data-element_type=\"section\" data-e-type=\"section\">\n\t\t\t\t\t\t<div class=\"elementor-container elementor-column-gap-default\">\n\t\t\t\t\t<div class=\"elementor-column elementor-col-100 elementor-top-column elementor-element elementor-element-3a9f670\" data-id=\"3a9f670\" data-element_type=\"column\" data-e-type=\"column\">\n\t\t\t<div class=\"elementor-widget-wrap elementor-element-populated\">\n\t\t\t\t\t\t<div class=\"elementor-element elementor-element-be6ab5f elementor-nav-menu--dropdown-tablet elementor-nav-menu__text-align-aside elementor-nav-menu--toggle elementor-nav-menu--burger elementor-widget elementor-widget-nav-menu\" data-id=\"be6ab5f\" data-element_type=\"widget\" data-e-type=\"widget\" data-settings=\"{&quot;layout&quot;:&quot;horizontal&quot;,&quot;submenu_icon&quot;:{&quot;value&quot;:&quot;&lt;i class=\\&quot;fas fa-caret-down\\&quot; aria-hidden=\\&quot;true\\&quot;&gt;&lt;\\\/i&gt;&quot;,&quot;library&quot;:&quot;fa-solid&quot;},&quot;toggle&quot;:&quot;burger&quot;}\" data-widget_type=\"nav-menu.default\">\n\t\t\t\t<div class=\"elementor-widget-container\">\n\t\t\t\t\t\t\t\t<nav aria-label=\"Menu\" class=\"elementor-nav-menu--main elementor-nav-menu__container elementor-nav-menu--layout-horizontal e--pointer-framed e--animation-fade\">\n\t\t\t\t<ul id=\"menu-1-be6ab5f\" class=\"elementor-nav-menu\"><li class=\"menu-item menu-item-type-post_type menu-item-object-page menu-item-60008\"><a href=\"https:\/\/topa.be\/fr\/sint-jacob\/praktisch\/\" class=\"elementor-item\">Informations pratiques<\/a><\/li>\n<li class=\"menu-item menu-item-type-post_type menu-item-object-page menu-item-60009\"><a href=\"https:\/\/topa.be\/fr\/sint-jacob\/rondleidingen\/\" class=\"elementor-item\">Visites guid\u00e9es<\/a><\/li>\n<li class=\"menu-item menu-item-type-post_type menu-item-object-page menu-item-60010\"><a href=\"https:\/\/topa.be\/fr\/sint-jacob\/kennismaking\/\" class=\"elementor-item\">L\u2019\u00e9glise en bref<\/a><\/li>\n<li class=\"menu-item menu-item-type-post_type menu-item-object-page menu-item-62842\"><a href=\"https:\/\/topa.be\/fr\/sint-jacob\/sjk-interactief-grondplan\/\" class=\"elementor-item\">Plan interactif<\/a><\/li>\n<li class=\"menu-item menu-item-type-post_type menu-item-object-page menu-item-61182\"><a href=\"https:\/\/topa.be\/fr\/sint-jacob\/beschrijving\/\" class=\"elementor-item\">Histoire &#038; Description<\/a><\/li>\n<\/ul>\t\t\t<\/nav>\n\t\t\t\t\t<div class=\"elementor-menu-toggle\" role=\"button\" tabindex=\"0\" aria-label=\"Permuter le menu\" aria-expanded=\"false\">\n\t\t\t<i aria-hidden=\"true\" role=\"presentation\" class=\"elementor-menu-toggle__icon--open eicon-menu-bar\"><\/i><i aria-hidden=\"true\" role=\"presentation\" class=\"elementor-menu-toggle__icon--close eicon-close\"><\/i>\t\t<\/div>\n\t\t\t\t\t<nav class=\"elementor-nav-menu--dropdown elementor-nav-menu__container\" aria-hidden=\"true\">\n\t\t\t\t<ul id=\"menu-2-be6ab5f\" class=\"elementor-nav-menu\"><li class=\"menu-item menu-item-type-post_type menu-item-object-page menu-item-60008\"><a href=\"https:\/\/topa.be\/fr\/sint-jacob\/praktisch\/\" class=\"elementor-item\" tabindex=\"-1\">Informations pratiques<\/a><\/li>\n<li class=\"menu-item menu-item-type-post_type menu-item-object-page menu-item-60009\"><a href=\"https:\/\/topa.be\/fr\/sint-jacob\/rondleidingen\/\" class=\"elementor-item\" tabindex=\"-1\">Visites guid\u00e9es<\/a><\/li>\n<li class=\"menu-item menu-item-type-post_type menu-item-object-page menu-item-60010\"><a href=\"https:\/\/topa.be\/fr\/sint-jacob\/kennismaking\/\" class=\"elementor-item\" tabindex=\"-1\">L\u2019\u00e9glise en bref<\/a><\/li>\n<li class=\"menu-item menu-item-type-post_type menu-item-object-page menu-item-62842\"><a href=\"https:\/\/topa.be\/fr\/sint-jacob\/sjk-interactief-grondplan\/\" class=\"elementor-item\" tabindex=\"-1\">Plan interactif<\/a><\/li>\n<li class=\"menu-item menu-item-type-post_type menu-item-object-page menu-item-61182\"><a href=\"https:\/\/topa.be\/fr\/sint-jacob\/beschrijving\/\" class=\"elementor-item\" tabindex=\"-1\">Histoire &#038; Description<\/a><\/li>\n<\/ul>\t\t\t<\/nav>\n\t\t\t\t\t\t<\/div>\n\t\t\t\t<\/div>\n\t\t\t\t\t<\/div>\n\t\t<\/div>\n\t\t\t\t\t<\/div>\n\t\t<\/section>\n\t\t\t\t<\/div>\n\t\t","protected":false},"excerpt":{"rendered":"<p>Eglise Saint-Jacques \u2018Saint-Jacques\u2019 est, encore de nos jours, le point de d\u00e9part Anversois pour les p\u00e8lerins en route vers Saint Jacques de Compostelle. L\u2019\u00e9glise en gothique tardif (ca. 1506-1656) est richement pourvue de 23 autels \u2013 une d\u00e9bauche de marbres \u2013 et contient une collection artistique grandiose avec des \u0153uvres d\u2019entre autres Jordaens, Rubens, Van [&hellip;]<\/p>\n","protected":false},"author":16,"featured_media":0,"parent":0,"menu_order":130,"comment_status":"closed","ping_status":"closed","template":"","meta":{"footnotes":""},"class_list":["post-38113","page","type-page","status-publish","hentry"],"aioseo_notices":[],"_links":{"self":[{"href":"https:\/\/topa.be\/fr\/wp-json\/wp\/v2\/pages\/38113","targetHints":{"allow":["GET"]}}],"collection":[{"href":"https:\/\/topa.be\/fr\/wp-json\/wp\/v2\/pages"}],"about":[{"href":"https:\/\/topa.be\/fr\/wp-json\/wp\/v2\/types\/page"}],"author":[{"embeddable":true,"href":"https:\/\/topa.be\/fr\/wp-json\/wp\/v2\/users\/16"}],"replies":[{"embeddable":true,"href":"https:\/\/topa.be\/fr\/wp-json\/wp\/v2\/comments?post=38113"}],"version-history":[{"count":3,"href":"https:\/\/topa.be\/fr\/wp-json\/wp\/v2\/pages\/38113\/revisions"}],"predecessor-version":[{"id":64198,"href":"https:\/\/topa.be\/fr\/wp-json\/wp\/v2\/pages\/38113\/revisions\/64198"}],"wp:attachment":[{"href":"https:\/\/topa.be\/fr\/wp-json\/wp\/v2\/media?parent=38113"}],"curies":[{"name":"wp","href":"https:\/\/api.w.org\/{rel}","templated":true}]}}