{"id":38109,"date":"2021-05-28T13:45:42","date_gmt":"2021-05-28T11:45:42","guid":{"rendered":"http:\/\/topa.be\/praktisch-3\/"},"modified":"2022-03-18T19:41:43","modified_gmt":"2022-03-18T18:41:43","slug":"praktisch","status":"publish","type":"page","link":"https:\/\/topa.be\/fr\/st-andries\/praktisch\/","title":{"rendered":"SAK Informations pratiques"},"content":{"rendered":"\t\t<div data-elementor-type=\"wp-page\" data-elementor-id=\"38109\" class=\"elementor elementor-38109 elementor-33494\" data-elementor-post-type=\"page\">\n\t\t\t\t\t\t<section class=\"elementor-section elementor-top-section elementor-element elementor-element-93bd240 elementor-section-boxed elementor-section-height-default elementor-section-height-default\" data-id=\"93bd240\" data-element_type=\"section\" data-e-type=\"section\">\n\t\t\t\t\t\t<div class=\"elementor-container elementor-column-gap-default\">\n\t\t\t\t\t<div class=\"elementor-column elementor-col-100 elementor-top-column elementor-element elementor-element-f5d2f1a\" data-id=\"f5d2f1a\" data-element_type=\"column\" data-e-type=\"column\">\n\t\t\t<div class=\"elementor-widget-wrap elementor-element-populated\">\n\t\t\t\t\t\t<div class=\"elementor-element elementor-element-aba76d9 elementor-widget elementor-widget-heading\" data-id=\"aba76d9\" data-element_type=\"widget\" data-e-type=\"widget\" data-widget_type=\"heading.default\">\n\t\t\t\t<div class=\"elementor-widget-container\">\n\t\t\t\t\t<h1 class=\"elementor-heading-title elementor-size-default\">\u00c9glise Saint-Andr\u00e9<\/h1>\t\t\t\t<\/div>\n\t\t\t\t<\/div>\n\t\t\t\t\t<\/div>\n\t\t<\/div>\n\t\t\t\t\t<\/div>\n\t\t<\/section>\n\t\t\t\t<section class=\"elementor-section elementor-top-section elementor-element elementor-element-4661923 elementor-section-boxed elementor-section-height-default elementor-section-height-default\" data-id=\"4661923\" data-element_type=\"section\" data-e-type=\"section\">\n\t\t\t\t\t\t<div class=\"elementor-container elementor-column-gap-default\">\n\t\t\t\t\t<div class=\"elementor-column elementor-col-100 elementor-top-column elementor-element elementor-element-5f8cc76\" data-id=\"5f8cc76\" data-element_type=\"column\" data-e-type=\"column\">\n\t\t\t<div class=\"elementor-widget-wrap elementor-element-populated\">\n\t\t\t\t\t\t<div class=\"elementor-element elementor-element-9a52830 elementor-widget elementor-widget-heading\" data-id=\"9a52830\" data-element_type=\"widget\" data-e-type=\"widget\" data-widget_type=\"heading.default\">\n\t\t\t\t<div class=\"elementor-widget-container\">\n\t\t\t\t\t<h2 class=\"elementor-heading-title elementor-size-default\">Informations pratiques<\/h2>\t\t\t\t<\/div>\n\t\t\t\t<\/div>\n\t\t\t\t\t<\/div>\n\t\t<\/div>\n\t\t\t\t\t<\/div>\n\t\t<\/section>\n\t\t\t\t<section class=\"elementor-section elementor-top-section elementor-element elementor-element-a2ed9de elementor-section-boxed elementor-section-height-default elementor-section-height-default\" data-id=\"a2ed9de\" data-element_type=\"section\" data-e-type=\"section\">\n\t\t\t\t\t\t<div class=\"elementor-container elementor-column-gap-default\">\n\t\t\t\t\t<div class=\"elementor-column elementor-col-66 elementor-top-column elementor-element elementor-element-2a47a6e\" data-id=\"2a47a6e\" data-element_type=\"column\" data-e-type=\"column\">\n\t\t\t<div class=\"elementor-widget-wrap elementor-element-populated\">\n\t\t\t\t\t\t<div class=\"elementor-element elementor-element-62788c9 elementor-widget elementor-widget-text-editor\" data-id=\"62788c9\" data-element_type=\"widget\" data-e-type=\"widget\" data-widget_type=\"text-editor.default\">\n\t\t\t\t<div class=\"elementor-widget-container\">\n\t\t\t\t\t\t\t\t\t<p><strong>C\u00e9l\u00e9brations eucharistiques<\/strong><br \/>\nDimanche et jours de f\u00eate : 10h30 et 19h30<\/p>\n<p><strong>Heures de visite<\/strong><br \/>\n01\/01 \u2013 31\/12:\u00a0lundi \u2013 samedi : 09h00 \u2013 12h00<br \/>\n01\/04 \u2013 31\/10: 14h00 \u2013 17h00<br \/>\nSous r\u00e9serve de c\u00e9l\u00e9brations sp\u00e9ciales<br \/>\nVoir \u00e9galement les\u00a0<strong>visites guid\u00e9es<\/strong><\/p>\n<p><strong>Entr\u00e9e libre pour l\u2019\u00e9glise<\/strong><strong><br \/>\n<\/strong>acc\u00e8s au mus\u00e9e: 1\u20ac<strong>\u00a0<\/strong><\/p>\n<p><strong>Informations<\/strong><strong><br \/>\n<\/strong><\/p>\n<p>VZW Sint-Andries 2000<br \/>\nSint-Andriesstraat, B-2000 Antwerpen<br \/>\nTel. +32 (0)3\u00a0224 14 34<br \/>\nCourriel:<strong>\u00a0<\/strong><a href=\"mailto:sint-andrieskerk@topa.be\"><strong>sint-andrieskerk@topa.be<\/strong><\/a><strong>\u00a0\u00a0<\/strong><strong><br \/>\n<\/strong>website:\u00a0<a href=\"https:\/\/www.sint-andrieskerk.be\/\" target=\"_blank\" rel=\"noopener noreferrer\"><strong>www.sint-andrieskerk.be<\/strong><\/a><strong>\u00a0<\/strong><strong>\u00a0<\/strong><\/p>\n<p><strong>Cure<\/strong><br \/>\nSint-Andriesstraat 7\/4<br \/>\nB-2000 Antwerpen<br \/>\ntel. +32 (0)3 232 03 84<br \/>\ne-mail:\u00a0<a href=\"mailto:sint-andrieskerk@topa.be\"><strong>sint-andrieskerk@topa.be<\/strong><\/a><strong>\u00a0\u00a0<\/strong><br \/>\nCur\u00e9:\u00a0<a href=\"mailto:mannaerts@topa.be\"><strong>mannaerts@topa.be<\/strong><\/a><\/p>\n\t\t\t\t\t\t\t\t<\/div>\n\t\t\t\t<\/div>\n\t\t\t\t\t<\/div>\n\t\t<\/div>\n\t\t\t\t<div class=\"elementor-column elementor-col-33 elementor-top-column elementor-element elementor-element-019d071\" data-id=\"019d071\" data-element_type=\"column\" data-e-type=\"column\">\n\t\t\t<div class=\"elementor-widget-wrap elementor-element-populated\">\n\t\t\t\t\t\t<div class=\"elementor-element elementor-element-53b5474 elementor-widget elementor-widget-text-editor\" data-id=\"53b5474\" data-element_type=\"widget\" data-e-type=\"widget\" data-widget_type=\"text-editor.default\">\n\t\t\t\t<div class=\"elementor-widget-container\">\n\t\t\t\t\t\t\t\t\t<h4 class=\"widgettitle\">Pour d\u00e9couvrir plus :<\/h4>\n\t\t\t\t\t\t\t\t<\/div>\n\t\t\t\t<\/div>\n\t\t\t\t<div class=\"elementor-element elementor-element-93a8f1e elementor-nav-menu--dropdown-tablet elementor-nav-menu__text-align-aside elementor-nav-menu--toggle elementor-nav-menu--burger elementor-widget elementor-widget-nav-menu\" data-id=\"93a8f1e\" data-element_type=\"widget\" data-e-type=\"widget\" data-settings=\"{&quot;layout&quot;:&quot;vertical&quot;,&quot;submenu_icon&quot;:{&quot;value&quot;:&quot;&lt;i class=\\&quot;fas fa-caret-down\\&quot; aria-hidden=\\&quot;true\\&quot;&gt;&lt;\\\/i&gt;&quot;,&quot;library&quot;:&quot;fa-solid&quot;},&quot;toggle&quot;:&quot;burger&quot;}\" data-widget_type=\"nav-menu.default\">\n\t\t\t\t<div class=\"elementor-widget-container\">\n\t\t\t\t\t\t\t\t<nav aria-label=\"Menu\" class=\"elementor-nav-menu--main elementor-nav-menu__container elementor-nav-menu--layout-vertical e--pointer-framed e--animation-fade\">\n\t\t\t\t<ul id=\"menu-1-93a8f1e\" class=\"elementor-nav-menu sm-vertical\"><li class=\"menu-item menu-item-type-post_type menu-item-object-page menu-item-59950\"><a href=\"https:\/\/topa.be\/fr\/st-andries\/praktisch\/\" class=\"elementor-item\">Informations pratiques<\/a><\/li>\n<li class=\"menu-item menu-item-type-post_type menu-item-object-page menu-item-59951\"><a href=\"https:\/\/topa.be\/fr\/st-andries\/rondleidingen\/\" class=\"elementor-item\">Visites guid\u00e9es<\/a><\/li>\n<li class=\"menu-item menu-item-type-post_type menu-item-object-page menu-item-59952\"><a href=\"https:\/\/topa.be\/fr\/st-andries\/kennismaking\/\" class=\"elementor-item\">L\u2019\u00e9glise en bref<\/a><\/li>\n<li class=\"menu-item menu-item-type-custom menu-item-object-custom menu-item-59953\"><a href=\"https:\/\/topantwerpen-my.sharepoint.com\/:v:\/g\/personal\/webmaster_topa_be\/EXZm-WjCFWJFtCAUxTMcGNYBkBAa1fZYYv5T6ESnKUYSmQ?e=XA6tST\" class=\"elementor-item\">Visite virtuelle (3\u201945\u201d)<\/a><\/li>\n<li class=\"menu-item menu-item-type-post_type menu-item-object-page menu-item-59954\"><a href=\"https:\/\/topa.be\/fr\/st-andries\/interactief-grondplan\/\" class=\"elementor-item\">Plan interactif<\/a><\/li>\n<li class=\"menu-item menu-item-type-post_type menu-item-object-page menu-item-61488\"><a href=\"https:\/\/topa.be\/fr\/st-andries\/beschrijving\/\" class=\"elementor-item\">History &#038; Description<\/a><\/li>\n<li class=\"menu-item menu-item-type-post_type menu-item-object-page menu-item-59955\"><a href=\"https:\/\/topa.be\/fr\/st-andries\/kerkmuseum\/\" class=\"elementor-item\">Le mus\u00e9e<\/a><\/li>\n<li class=\"menu-item menu-item-type-post_type menu-item-object-page menu-item-59956\"><a href=\"https:\/\/topa.be\/fr\/st-andries\/qr-codes\/\" class=\"elementor-item\">Codes QR<\/a><\/li>\n<\/ul>\t\t\t<\/nav>\n\t\t\t\t\t<div class=\"elementor-menu-toggle\" role=\"button\" tabindex=\"0\" aria-label=\"Permuter le menu\" aria-expanded=\"false\">\n\t\t\t<i aria-hidden=\"true\" role=\"presentation\" class=\"elementor-menu-toggle__icon--open eicon-menu-bar\"><\/i><i aria-hidden=\"true\" role=\"presentation\" class=\"elementor-menu-toggle__icon--close eicon-close\"><\/i>\t\t<\/div>\n\t\t\t\t\t<nav class=\"elementor-nav-menu--dropdown elementor-nav-menu__container\" aria-hidden=\"true\">\n\t\t\t\t<ul id=\"menu-2-93a8f1e\" class=\"elementor-nav-menu sm-vertical\"><li class=\"menu-item menu-item-type-post_type menu-item-object-page menu-item-59950\"><a href=\"https:\/\/topa.be\/fr\/st-andries\/praktisch\/\" class=\"elementor-item\" tabindex=\"-1\">Informations pratiques<\/a><\/li>\n<li class=\"menu-item menu-item-type-post_type menu-item-object-page menu-item-59951\"><a href=\"https:\/\/topa.be\/fr\/st-andries\/rondleidingen\/\" class=\"elementor-item\" tabindex=\"-1\">Visites guid\u00e9es<\/a><\/li>\n<li class=\"menu-item menu-item-type-post_type menu-item-object-page menu-item-59952\"><a href=\"https:\/\/topa.be\/fr\/st-andries\/kennismaking\/\" class=\"elementor-item\" tabindex=\"-1\">L\u2019\u00e9glise en bref<\/a><\/li>\n<li class=\"menu-item menu-item-type-custom menu-item-object-custom menu-item-59953\"><a href=\"https:\/\/topantwerpen-my.sharepoint.com\/:v:\/g\/personal\/webmaster_topa_be\/EXZm-WjCFWJFtCAUxTMcGNYBkBAa1fZYYv5T6ESnKUYSmQ?e=XA6tST\" class=\"elementor-item\" tabindex=\"-1\">Visite virtuelle (3\u201945\u201d)<\/a><\/li>\n<li class=\"menu-item menu-item-type-post_type menu-item-object-page menu-item-59954\"><a href=\"https:\/\/topa.be\/fr\/st-andries\/interactief-grondplan\/\" class=\"elementor-item\" tabindex=\"-1\">Plan interactif<\/a><\/li>\n<li class=\"menu-item menu-item-type-post_type menu-item-object-page menu-item-61488\"><a href=\"https:\/\/topa.be\/fr\/st-andries\/beschrijving\/\" class=\"elementor-item\" tabindex=\"-1\">History &#038; Description<\/a><\/li>\n<li class=\"menu-item menu-item-type-post_type menu-item-object-page menu-item-59955\"><a href=\"https:\/\/topa.be\/fr\/st-andries\/kerkmuseum\/\" class=\"elementor-item\" tabindex=\"-1\">Le mus\u00e9e<\/a><\/li>\n<li class=\"menu-item menu-item-type-post_type menu-item-object-page menu-item-59956\"><a href=\"https:\/\/topa.be\/fr\/st-andries\/qr-codes\/\" class=\"elementor-item\" tabindex=\"-1\">Codes QR<\/a><\/li>\n<\/ul>\t\t\t<\/nav>\n\t\t\t\t\t\t<\/div>\n\t\t\t\t<\/div>\n\t\t\t\t\t<\/div>\n\t\t<\/div>\n\t\t\t\t\t<\/div>\n\t\t<\/section>\n\t\t\t\t<section class=\"elementor-section elementor-top-section elementor-element elementor-element-924067a elementor-section-boxed elementor-section-height-default elementor-section-height-default\" data-id=\"924067a\" data-element_type=\"section\" data-e-type=\"section\">\n\t\t\t\t\t\t<div class=\"elementor-container elementor-column-gap-default\">\n\t\t\t\t\t<div class=\"elementor-column elementor-col-100 elementor-top-column elementor-element elementor-element-24bf0dfd\" data-id=\"24bf0dfd\" data-element_type=\"column\" data-e-type=\"column\">\n\t\t\t<div class=\"elementor-widget-wrap elementor-element-populated\">\n\t\t\t\t\t\t<div class=\"elementor-element elementor-element-5ba4f530 elementor-widget elementor-widget-text-editor\" data-id=\"5ba4f530\" data-element_type=\"widget\" data-e-type=\"widget\" data-widget_type=\"text-editor.default\">\n\t\t\t\t<div class=\"elementor-widget-container\">\n\t\t\t\t\t\t\t\t\t<p style=\"text-align: justify;\">Sur <strong><a href=\"https:\/\/goo.gl\/maps\/KWajWXM5uFQTW5ZG7\">CETTE CARTE<\/a><\/strong>\u00a0vous pouvez d\u00e9terminer un itin\u00e9raire en fonction de votre moyen de transport.<br \/>\nEssayez aussi VELO-Antwerpen\u00a0:\u00a0<strong><a href=\"https:\/\/www.velo-antwerpen.be\/fr\">https:\/\/www.velo-antwerpen.be\/fr<\/a><\/strong><\/p>\n\t\t\t\t\t\t\t\t<\/div>\n\t\t\t\t<\/div>\n\t\t\t\t\t<\/div>\n\t\t<\/div>\n\t\t\t\t\t<\/div>\n\t\t<\/section>\n\t\t\t\t<\/div>\n\t\t","protected":false},"excerpt":{"rendered":"<p>\u00c9glise Saint-Andr\u00e9 Informations pratiques C\u00e9l\u00e9brations eucharistiques Dimanche et jours de f\u00eate : 10h30 et 19h30 Heures de visite 01\/01 \u2013 31\/12:\u00a0lundi \u2013 samedi : 09h00 \u2013 12h00 01\/04 \u2013 31\/10: 14h00 \u2013 17h00 Sous r\u00e9serve de c\u00e9l\u00e9brations sp\u00e9ciales Voir \u00e9galement les\u00a0visites guid\u00e9es Entr\u00e9e libre pour l\u2019\u00e9glise acc\u00e8s au mus\u00e9e: 1\u20ac\u00a0 Informations VZW Sint-Andries 2000 Sint-Andriesstraat, [&hellip;]<\/p>\n","protected":false},"author":16,"featured_media":0,"parent":38115,"menu_order":10,"comment_status":"closed","ping_status":"closed","template":"","meta":{"footnotes":""},"class_list":["post-38109","page","type-page","status-publish","hentry"],"aioseo_notices":[],"_links":{"self":[{"href":"https:\/\/topa.be\/fr\/wp-json\/wp\/v2\/pages\/38109","targetHints":{"allow":["GET"]}}],"collection":[{"href":"https:\/\/topa.be\/fr\/wp-json\/wp\/v2\/pages"}],"about":[{"href":"https:\/\/topa.be\/fr\/wp-json\/wp\/v2\/types\/page"}],"author":[{"embeddable":true,"href":"https:\/\/topa.be\/fr\/wp-json\/wp\/v2\/users\/16"}],"replies":[{"embeddable":true,"href":"https:\/\/topa.be\/fr\/wp-json\/wp\/v2\/comments?post=38109"}],"version-history":[{"count":3,"href":"https:\/\/topa.be\/fr\/wp-json\/wp\/v2\/pages\/38109\/revisions"}],"predecessor-version":[{"id":64171,"href":"https:\/\/topa.be\/fr\/wp-json\/wp\/v2\/pages\/38109\/revisions\/64171"}],"up":[{"embeddable":true,"href":"https:\/\/topa.be\/fr\/wp-json\/wp\/v2\/pages\/38115"}],"wp:attachment":[{"href":"https:\/\/topa.be\/fr\/wp-json\/wp\/v2\/media?parent=38109"}],"curies":[{"name":"wp","href":"https:\/\/api.w.org\/{rel}","templated":true}]}}