{"id":38086,"date":"2021-05-28T12:48:53","date_gmt":"2021-05-28T10:48:53","guid":{"rendered":"http:\/\/topa.be\/qr09\/"},"modified":"2021-08-06T20:00:54","modified_gmt":"2021-08-06T18:00:54","slug":"qr09","status":"publish","type":"page","link":"https:\/\/topa.be\/fr\/st-andries\/qr-codes\/qr09\/","title":{"rendered":"SAK QR09 \u2013 L\u2019autel Saint-Eloy des monnayeurs"},"content":{"rendered":"\t\t<div data-elementor-type=\"wp-page\" data-elementor-id=\"38086\" class=\"elementor elementor-38086 elementor-33664\" data-elementor-post-type=\"page\">\n\t\t\t\t\t\t<section class=\"elementor-section elementor-top-section elementor-element elementor-element-08157ca elementor-section-boxed elementor-section-height-default elementor-section-height-default\" data-id=\"08157ca\" data-element_type=\"section\" data-e-type=\"section\">\n\t\t\t\t\t\t<div class=\"elementor-container elementor-column-gap-default\">\n\t\t\t\t\t<div class=\"elementor-column elementor-col-66 elementor-top-column elementor-element elementor-element-80b96cb\" data-id=\"80b96cb\" data-element_type=\"column\" data-e-type=\"column\">\n\t\t\t<div class=\"elementor-widget-wrap elementor-element-populated\">\n\t\t\t\t\t\t<div class=\"elementor-element elementor-element-5a5d34b elementor-widget elementor-widget-heading\" data-id=\"5a5d34b\" data-element_type=\"widget\" data-e-type=\"widget\" data-widget_type=\"heading.default\">\n\t\t\t\t<div class=\"elementor-widget-container\">\n\t\t\t\t\t<h2 class=\"elementor-heading-title elementor-size-default\">L\u2019\u00e9glise Saint-Andr\u00e9 d\u2019Anvers<\/h2>\t\t\t\t<\/div>\n\t\t\t\t<\/div>\n\t\t\t\t<div class=\"elementor-element elementor-element-c399a1d elementor-widget elementor-widget-heading\" data-id=\"c399a1d\" data-element_type=\"widget\" data-e-type=\"widget\" data-widget_type=\"heading.default\">\n\t\t\t\t<div class=\"elementor-widget-container\">\n\t\t\t\t\t<h2 class=\"elementor-heading-title elementor-size-default\">L\u2019autel St-Eloy des monnayeurs<\/h2>\t\t\t\t<\/div>\n\t\t\t\t<\/div>\n\t\t\t\t<div class=\"elementor-element elementor-element-6af76de elementor-widget elementor-widget-text-editor\" data-id=\"6af76de\" data-element_type=\"widget\" data-e-type=\"widget\" data-widget_type=\"text-editor.default\">\n\t\t\t\t<div class=\"elementor-widget-container\">\n\t\t\t\t\t\t\t\t\t<p style=\"text-align: justify;\">Triptyque originel, Maerten de Vos, 1601, conserv\u00e9 au Mus\u00e9e Royal des Beaux-Arts d\u2019Anvers.<\/p>\n<p style=\"text-align: justify;\">panneau central\u00a0: une reproduction temporaire d\u2019Agfa-Gevaert.<\/p>\n<p style=\"text-align: justify;\"><strong>\u00a0<\/strong><\/p>\n<p style=\"text-align: justify;\">Lors de l\u2019inauguration de la nouvelle \u00e9glise en 1529, l\u2019H\u00f4tel de la Monnaie de la Muntstraat voisine d\u00e9place son autel dans l\u2019\u00e9glise Saint-Andr\u00e9. Le premier autel fut d\u00e9truit par les iconoclastes. Du deuxi\u00e8me, datant de 1589, une croix d\u2019autel et quatre chandeliers ont \u00e9t\u00e9 conserv\u00e9s, ainsi que le triptyque de Maerten de Vos datant de 1601, les pr\u00e9delles et les pi\u00e8ces lat\u00e9rales. En 2001, l\u2019autel fut reconstruit \u00e0 l\u2019occasion de l\u2019introduction de l\u2019euro. Des reproductions du Veau d\u2019Or et de l\u2019Agneau de Dieu contribuent \u00e0 lui conf\u00e9rer une dimension contemporaine. Quelques pi\u00e8ces de monnaie renvoient \u00e0 l\u2019\u00e9volution du syst\u00e8me de paiement: partant des grains ou du paiement en nature en passant par une pi\u00e8ce romaine de l\u2019\u00e9poque de J\u00e9sus et des pi\u00e8ces anversoises, jusqu\u2019\u00e0 l\u2019\u00e9ventualit\u00e9 d\u2019une devise mondiale.<\/p>\n<p style=\"text-align: justify;\">Avec cette reconstruction rena\u00eet l\u2019espoir du retour de\u00a0<em>La question \u00e0 J\u00e9sus concernant l\u2019imp\u00f4t d\u00fb \u00e0 C\u00e9sar<\/em>\u00a0(Mt. 22:15-22)\u00a0: repr\u00e9sentant le denier de C\u00e9sar\u00a0<em>:<\/em><em>\u00a0\u00ab<\/em><em>\u00a0donne\u00a0<\/em><em>\u00e0<\/em><em>\u00a0C<\/em><em>\u00e9<\/em><em>sar ce qui revient\u00a0<\/em><em>\u00e0<\/em><em>\u00a0C<\/em><em>\u00e9<\/em><em>sar et\u00a0<\/em><em>\u00e0<\/em><em>\u00a0Dieu ce qui revient\u00a0<\/em><em>\u00e0<\/em><em>\u00a0Dieu\u00a0<\/em><em>\u00bb<\/em><em>,<\/em>\u00a0la r\u00e9ponse au dilemme pos\u00e9 par les publicains \u00e0 J\u00e9sus.<\/p>\n<p style=\"text-align: justify;\">Le panneau de gauche repr\u00e9sente le denier que Pierre a retir\u00e9 de la gueule d\u2019un poisson pour payer le p\u00e9age de J\u00e9sus. Celui de droite, repr\u00e9sente le denier de la veuve, c\u2019est-\u00e0-dire la valeur de l\u2019intention quand il s\u2019agit d\u2019un don. Sur les panneaux ext\u00e9rieurs Abraham paie pour la tombe de sa femme \u00e0 H\u00e9bron.<\/p>\n<p style=\"text-align: justify;\">Sur la pr\u00e9delle se trouve Saint-Eloy, le personnage historique le plus ancien d\u2019Anvers. \u00c0 gauche, il re\u00e7oit la reconnaissance de Clothaire II pour sa comp\u00e9tence en tant qu\u2019orf\u00e8vre, tandis qu\u2019\u00e0 droite il honore en tant qu\u2019\u00e9v\u00eaque les reliques des martyres avec des ch\u00e2sses en m\u00e9tal noble. Enfin, sur les panneaux lat\u00e9raux\u00a0:\u00a0<em>L\u2019avarice de l\u2019\u00e9go\u00efsme<\/em>\u00a0versus\u00a0<em>La g\u00e9n\u00e9rosit\u00e9 de la charit\u00e9<\/em>. L\u2019Avarice th\u00e9saurise et dissimule face \u00e0 la Charit\u00e9 qui prend soin des pauvres.<\/p>\n<p style=\"text-align: justify;\"><strong><em>Les\u00a0<\/em><\/strong><strong><em>\u0153uvres de mis\u00e9ricorde\u00a0\u00a0\u00a0<\/em><\/strong><\/p>\n<p style=\"text-align: justify;\">Peint sur panneau, Frans II Francken, ca.1600-1620<\/p>\n<p style=\"text-align: justify;\">Cette \u0153uvre pittoresque de Frans II Francken ou de son atelier a \u00e9t\u00e9 int\u00e9gr\u00e9e au XIXe si\u00e8cle \u00e0 l\u2019\u00e9pitaphe d\u2019un chapelain ayant offici\u00e9 aupr\u00e8s des s\u0153urs capucines de la Sint-Rochusstraat. Lors de la fermeture de ce couvent en 2001, l\u2019\u00e9pitaphe a \u00e9t\u00e9 transport\u00e9 ici pour offrir un pendant th\u00e9matique \u00e0 l\u2019autel des monnayeurs restaur\u00e9 cette ann\u00e9e-l\u00e0, dont le panneau sup\u00e9rieur de gauche repr\u00e9sente \u00ab\u00a0<em>La Charit<\/em><em>\u00e9<\/em>\u00a0\u00bb. Inspir\u00e9s par la parole de J\u00e9sus \u00ab\u00a0<em>ce que\u00a0<\/em><em>vous avez fait au plus petit de mes fr<\/em><em>\u00e8<\/em><em>res, c\u2019est\u00a0<\/em><em>\u00e0<\/em><em>\u00a0moi que vous l\u2019avez fait\u00a0<\/em>\u00bb (Mt. 25:4O.45), les aum\u00f4niers se sont consacr\u00e9s, rev\u00eatus de la dignit\u00e9 de leur toge, aux sept \u0153uvres de mis\u00e9ricorde: sustenter ceux qui ont faim, d\u00e9salt\u00e9rer ceux qui ont soif, habiller ceux qui sont nus, visiter les malades, accueillir les \u00e9trangers, lib\u00e9rer les prisonniers politiques. La septi\u00e8me \u0153uvre, enterrer les morts, n\u2019a \u00e9t\u00e9 rajout\u00e9e qu\u2019au moyen-\u00e2ge lors des \u00e9pid\u00e9mies de peste.<\/p>\n<p style=\"text-align: justify;\">Ce n\u2019est pas un hasard si la distribution du pain est largement repr\u00e9sent\u00e9e au premier plan comme l\u2019une des formes les plus importantes de la charit\u00e9. Le pain \u00e9tait la nourriture de base des pauvres. En outre, les aum\u00f4niers \u00e9taient les plus en vue quand ils se pla\u00e7aient le dimanche apr\u00e8s la messe au fond de l\u2019\u00e9glise sur le banc des pauvres ou \u00e0 la Table du Saint-Esprit, comme \u00e0 Saint-Andr\u00e9, pour faire la charit\u00e9. Il s\u2019agissait surtout de femmes seules avec enfants, de personnes \u00e2g\u00e9es et handicap\u00e9es qui pouvaient aller les voir pour l\u2019aum\u00f4ne. La peinture est l\u00e0 pour inciter le spectateur \u00e0 une charit\u00e9 tangible et donc \u00e0 donner g\u00e9n\u00e9reusement aux pauvres, pour la distribution hebdomadaire de pain en particulier. La ressemblance, en termes de composition et de figuration, avec l\u2019immense toile de l\u2019\u00e9glise Saint-Paul o\u00f9 le m\u00eame th\u00e8me a \u00e9t\u00e9 r\u00e9alis\u00e9 par le m\u00eame atelier est extraordinaire.<\/p>\n\t\t\t\t\t\t\t\t<\/div>\n\t\t\t\t<\/div>\n\t\t\t\t<div class=\"elementor-element elementor-element-b6afe91 elementor-widget elementor-widget-button\" data-id=\"b6afe91\" data-element_type=\"widget\" data-e-type=\"widget\" data-widget_type=\"button.default\">\n\t\t\t\t<div class=\"elementor-widget-container\">\n\t\t\t\t\t\t\t\t\t<div class=\"elementor-button-wrapper\">\n\t\t\t\t\t<a class=\"elementor-button elementor-button-link elementor-size-sm\" href=\"http:\/\/topa.be\/en\/st-andries\/beschrijving\/muntersaltaar\/\">\n\t\t\t\t\t\t<span class=\"elementor-button-content-wrapper\">\n\t\t\t\t\t\t<span class=\"elementor-button-icon\">\n\t\t\t\t<i aria-hidden=\"true\" class=\"fas fa-book-reader\"><\/i>\t\t\t<\/span>\n\t\t\t\t\t\t\t\t\t<span class=\"elementor-button-text\">Read more?<\/span>\n\t\t\t\t\t<\/span>\n\t\t\t\t\t<\/a>\n\t\t\t\t<\/div>\n\t\t\t\t\t\t\t\t<\/div>\n\t\t\t\t<\/div>\n\t\t\t\t\t<\/div>\n\t\t<\/div>\n\t\t\t\t<div class=\"elementor-column elementor-col-33 elementor-top-column elementor-element elementor-element-774419f\" data-id=\"774419f\" data-element_type=\"column\" data-e-type=\"column\">\n\t\t\t<div class=\"elementor-widget-wrap elementor-element-populated\">\n\t\t\t\t\t\t<div class=\"elementor-element elementor-element-7087750 elementor-nav-menu--dropdown-tablet elementor-nav-menu__text-align-aside elementor-nav-menu--toggle elementor-nav-menu--burger elementor-widget elementor-widget-nav-menu\" data-id=\"7087750\" data-element_type=\"widget\" data-e-type=\"widget\" data-settings=\"{&quot;layout&quot;:&quot;vertical&quot;,&quot;submenu_icon&quot;:{&quot;value&quot;:&quot;&lt;i class=\\&quot;fas fa-caret-down\\&quot; aria-hidden=\\&quot;true\\&quot;&gt;&lt;\\\/i&gt;&quot;,&quot;library&quot;:&quot;fa-solid&quot;},&quot;toggle&quot;:&quot;burger&quot;}\" data-widget_type=\"nav-menu.default\">\n\t\t\t\t<div class=\"elementor-widget-container\">\n\t\t\t\t\t\t\t\t<nav aria-label=\"Menu\" class=\"elementor-nav-menu--main elementor-nav-menu__container elementor-nav-menu--layout-vertical e--pointer-framed e--animation-fade\">\n\t\t\t\t<ul id=\"menu-1-7087750\" class=\"elementor-nav-menu sm-vertical\"><li class=\"menu-item menu-item-type-post_type menu-item-object-page menu-item-60166\"><a href=\"https:\/\/topa.be\/fr\/st-andries\/qr-codes\/qr01\/\" class=\"elementor-item\">QR01 \u2013 \u00c9glise Saint-Andr\u00e9 \u2013 introduction<\/a><\/li>\n<li class=\"menu-item menu-item-type-post_type menu-item-object-page menu-item-60167\"><a href=\"https:\/\/topa.be\/fr\/st-andries\/qr-codes\/qr02\/\" class=\"elementor-item\">QR02 \u2013 L\u2019histoire<\/a><\/li>\n<li class=\"menu-item menu-item-type-post_type menu-item-object-page menu-item-60211\"><a href=\"https:\/\/topa.be\/fr\/st-andries\/qr-codes\/qr03\/\" class=\"elementor-item\">QR03 \u2013 La tour<\/a><\/li>\n<li class=\"menu-item menu-item-type-post_type menu-item-object-page menu-item-60212\"><a href=\"https:\/\/topa.be\/fr\/st-andries\/qr-codes\/qr04\/\" class=\"elementor-item\">QR04 \u2013 L\u2019int\u00e9rieur<\/a><\/li>\n<li class=\"menu-item menu-item-type-post_type menu-item-object-page menu-item-60213\"><a href=\"https:\/\/topa.be\/fr\/st-andries\/qr-codes\/qr05\/\" class=\"elementor-item\">QR05 \u2013 La chaire de v\u00e9rit\u00e9<\/a><\/li>\n<li class=\"menu-item menu-item-type-post_type menu-item-object-page menu-item-60214\"><a href=\"https:\/\/topa.be\/fr\/st-andries\/qr-codes\/qr06\/\" class=\"elementor-item\">QR06 \u2013 Les autels lat\u00e9raux<\/a><\/li>\n<li class=\"menu-item menu-item-type-post_type menu-item-object-page menu-item-60215\"><a href=\"https:\/\/topa.be\/fr\/st-andries\/qr-codes\/qr07\/\" class=\"elementor-item\">QR07 \u2013 Le Cours de la Vie<\/a><\/li>\n<li class=\"menu-item menu-item-type-post_type menu-item-object-page menu-item-60216\"><a href=\"https:\/\/topa.be\/fr\/st-andries\/qr-codes\/qr08\/\" class=\"elementor-item\">QR08 \u2013 \u00c9pitaphe des augustins<\/a><\/li>\n<li class=\"menu-item menu-item-type-post_type menu-item-object-page menu-item-60217\"><a href=\"https:\/\/topa.be\/fr\/st-andries\/qr-codes\/qr09\/\" class=\"elementor-item\">QR09 \u2013 L\u2019autel Saint-Eloy des monnayeurs<\/a><\/li>\n<li class=\"menu-item menu-item-type-post_type menu-item-object-page menu-item-60218\"><a href=\"https:\/\/topa.be\/fr\/st-andries\/qr-codes\/qr10\/\" class=\"elementor-item\">QR10 \u2013 La salle du tr\u00e9sor<\/a><\/li>\n<li class=\"menu-item menu-item-type-post_type menu-item-object-page menu-item-60219\"><a href=\"https:\/\/topa.be\/fr\/st-andries\/qr-codes\/qr11\/\" class=\"elementor-item\">QR11 \u2013 La chapelle Mariale<\/a><\/li>\n<li class=\"menu-item menu-item-type-post_type menu-item-object-page menu-item-60220\"><a href=\"https:\/\/topa.be\/fr\/st-andries\/qr-codes\/qr12\/\" class=\"elementor-item\">QR12 \u2013 La confr\u00e9rie des \u00c2mes Croyantes<\/a><\/li>\n<li class=\"menu-item menu-item-type-post_type menu-item-object-page menu-item-60255\"><a href=\"https:\/\/topa.be\/fr\/st-andries\/qr-codes\/qr13\/\" class=\"elementor-item\">QR13 \u2013 La statue de Saint Pierre<\/a><\/li>\n<li class=\"menu-item menu-item-type-post_type menu-item-object-page menu-item-60256\"><a href=\"https:\/\/topa.be\/fr\/st-andries\/qr-codes\/qr14\/\" class=\"elementor-item\">QR14 \u2013 Le ma\u00eetre-autel<\/a><\/li>\n<li class=\"menu-item menu-item-type-post_type menu-item-object-page menu-item-60257\"><a href=\"https:\/\/topa.be\/fr\/st-andries\/qr-codes\/qr15\/\" class=\"elementor-item\">QR15 \u2013 Le martyre de Saint Andr\u00e9<\/a><\/li>\n<li class=\"menu-item menu-item-type-post_type menu-item-object-page menu-item-60258\"><a href=\"https:\/\/topa.be\/fr\/st-andries\/qr-codes\/qr16\/\" class=\"elementor-item\">QR16 \u2013 Le ch\u0153ur<\/a><\/li>\n<li class=\"menu-item menu-item-type-post_type menu-item-object-page menu-item-60259\"><a href=\"https:\/\/topa.be\/fr\/st-andries\/qr-codes\/qr17\/\" class=\"elementor-item\">QR17 \u2013 La Chapelle du tr\u00e8s Saint Sacrement<\/a><\/li>\n<li class=\"menu-item menu-item-type-post_type menu-item-object-page menu-item-60260\"><a href=\"https:\/\/topa.be\/fr\/st-andries\/qr-codes\/qr18\/\" class=\"elementor-item\">QR18 \u2013 L\u2019\u00e9pitaphe des dames d\u2019honneur de Mary Stuart<\/a><\/li>\n<li class=\"menu-item menu-item-type-post_type menu-item-object-page menu-item-60261\"><a href=\"https:\/\/topa.be\/fr\/st-andries\/qr-codes\/qr19\/\" class=\"elementor-item\">QR19 \u2013 Qu\u2019est-ce que la v\u00e9rit\u00e9 ?<\/a><\/li>\n<li class=\"menu-item menu-item-type-post_type menu-item-object-page menu-item-60262\"><a href=\"https:\/\/topa.be\/fr\/st-andries\/qr-codes\/qr20\/\" class=\"elementor-item\">QR20 \u2013 Le sac de frappe<\/a><\/li>\n<\/ul>\t\t\t<\/nav>\n\t\t\t\t\t<div class=\"elementor-menu-toggle\" role=\"button\" tabindex=\"0\" aria-label=\"Permuter le menu\" aria-expanded=\"false\">\n\t\t\t<i aria-hidden=\"true\" role=\"presentation\" class=\"elementor-menu-toggle__icon--open eicon-menu-bar\"><\/i><i aria-hidden=\"true\" role=\"presentation\" class=\"elementor-menu-toggle__icon--close eicon-close\"><\/i>\t\t<\/div>\n\t\t\t\t\t<nav class=\"elementor-nav-menu--dropdown elementor-nav-menu__container\" aria-hidden=\"true\">\n\t\t\t\t<ul id=\"menu-2-7087750\" class=\"elementor-nav-menu sm-vertical\"><li class=\"menu-item menu-item-type-post_type menu-item-object-page menu-item-60166\"><a href=\"https:\/\/topa.be\/fr\/st-andries\/qr-codes\/qr01\/\" class=\"elementor-item\" tabindex=\"-1\">QR01 \u2013 \u00c9glise Saint-Andr\u00e9 \u2013 introduction<\/a><\/li>\n<li class=\"menu-item menu-item-type-post_type menu-item-object-page menu-item-60167\"><a href=\"https:\/\/topa.be\/fr\/st-andries\/qr-codes\/qr02\/\" class=\"elementor-item\" tabindex=\"-1\">QR02 \u2013 L\u2019histoire<\/a><\/li>\n<li class=\"menu-item menu-item-type-post_type menu-item-object-page menu-item-60211\"><a href=\"https:\/\/topa.be\/fr\/st-andries\/qr-codes\/qr03\/\" class=\"elementor-item\" tabindex=\"-1\">QR03 \u2013 La tour<\/a><\/li>\n<li class=\"menu-item menu-item-type-post_type menu-item-object-page menu-item-60212\"><a href=\"https:\/\/topa.be\/fr\/st-andries\/qr-codes\/qr04\/\" class=\"elementor-item\" tabindex=\"-1\">QR04 \u2013 L\u2019int\u00e9rieur<\/a><\/li>\n<li class=\"menu-item menu-item-type-post_type menu-item-object-page menu-item-60213\"><a href=\"https:\/\/topa.be\/fr\/st-andries\/qr-codes\/qr05\/\" class=\"elementor-item\" tabindex=\"-1\">QR05 \u2013 La chaire de v\u00e9rit\u00e9<\/a><\/li>\n<li class=\"menu-item menu-item-type-post_type menu-item-object-page menu-item-60214\"><a href=\"https:\/\/topa.be\/fr\/st-andries\/qr-codes\/qr06\/\" class=\"elementor-item\" tabindex=\"-1\">QR06 \u2013 Les autels lat\u00e9raux<\/a><\/li>\n<li class=\"menu-item menu-item-type-post_type menu-item-object-page menu-item-60215\"><a href=\"https:\/\/topa.be\/fr\/st-andries\/qr-codes\/qr07\/\" class=\"elementor-item\" tabindex=\"-1\">QR07 \u2013 Le Cours de la Vie<\/a><\/li>\n<li class=\"menu-item menu-item-type-post_type menu-item-object-page menu-item-60216\"><a href=\"https:\/\/topa.be\/fr\/st-andries\/qr-codes\/qr08\/\" class=\"elementor-item\" tabindex=\"-1\">QR08 \u2013 \u00c9pitaphe des augustins<\/a><\/li>\n<li class=\"menu-item menu-item-type-post_type menu-item-object-page menu-item-60217\"><a href=\"https:\/\/topa.be\/fr\/st-andries\/qr-codes\/qr09\/\" class=\"elementor-item\" tabindex=\"-1\">QR09 \u2013 L\u2019autel Saint-Eloy des monnayeurs<\/a><\/li>\n<li class=\"menu-item menu-item-type-post_type menu-item-object-page menu-item-60218\"><a href=\"https:\/\/topa.be\/fr\/st-andries\/qr-codes\/qr10\/\" class=\"elementor-item\" tabindex=\"-1\">QR10 \u2013 La salle du tr\u00e9sor<\/a><\/li>\n<li class=\"menu-item menu-item-type-post_type menu-item-object-page menu-item-60219\"><a href=\"https:\/\/topa.be\/fr\/st-andries\/qr-codes\/qr11\/\" class=\"elementor-item\" tabindex=\"-1\">QR11 \u2013 La chapelle Mariale<\/a><\/li>\n<li class=\"menu-item menu-item-type-post_type menu-item-object-page menu-item-60220\"><a href=\"https:\/\/topa.be\/fr\/st-andries\/qr-codes\/qr12\/\" class=\"elementor-item\" tabindex=\"-1\">QR12 \u2013 La confr\u00e9rie des \u00c2mes Croyantes<\/a><\/li>\n<li class=\"menu-item menu-item-type-post_type menu-item-object-page menu-item-60255\"><a href=\"https:\/\/topa.be\/fr\/st-andries\/qr-codes\/qr13\/\" class=\"elementor-item\" tabindex=\"-1\">QR13 \u2013 La statue de Saint Pierre<\/a><\/li>\n<li class=\"menu-item menu-item-type-post_type menu-item-object-page menu-item-60256\"><a href=\"https:\/\/topa.be\/fr\/st-andries\/qr-codes\/qr14\/\" class=\"elementor-item\" tabindex=\"-1\">QR14 \u2013 Le ma\u00eetre-autel<\/a><\/li>\n<li class=\"menu-item menu-item-type-post_type menu-item-object-page menu-item-60257\"><a href=\"https:\/\/topa.be\/fr\/st-andries\/qr-codes\/qr15\/\" class=\"elementor-item\" tabindex=\"-1\">QR15 \u2013 Le martyre de Saint Andr\u00e9<\/a><\/li>\n<li class=\"menu-item menu-item-type-post_type menu-item-object-page menu-item-60258\"><a href=\"https:\/\/topa.be\/fr\/st-andries\/qr-codes\/qr16\/\" class=\"elementor-item\" tabindex=\"-1\">QR16 \u2013 Le ch\u0153ur<\/a><\/li>\n<li class=\"menu-item menu-item-type-post_type menu-item-object-page menu-item-60259\"><a href=\"https:\/\/topa.be\/fr\/st-andries\/qr-codes\/qr17\/\" class=\"elementor-item\" tabindex=\"-1\">QR17 \u2013 La Chapelle du tr\u00e8s Saint Sacrement<\/a><\/li>\n<li class=\"menu-item menu-item-type-post_type menu-item-object-page menu-item-60260\"><a href=\"https:\/\/topa.be\/fr\/st-andries\/qr-codes\/qr18\/\" class=\"elementor-item\" tabindex=\"-1\">QR18 \u2013 L\u2019\u00e9pitaphe des dames d\u2019honneur de Mary Stuart<\/a><\/li>\n<li class=\"menu-item menu-item-type-post_type menu-item-object-page menu-item-60261\"><a href=\"https:\/\/topa.be\/fr\/st-andries\/qr-codes\/qr19\/\" class=\"elementor-item\" tabindex=\"-1\">QR19 \u2013 Qu\u2019est-ce que la v\u00e9rit\u00e9 ?<\/a><\/li>\n<li class=\"menu-item menu-item-type-post_type menu-item-object-page menu-item-60262\"><a href=\"https:\/\/topa.be\/fr\/st-andries\/qr-codes\/qr20\/\" class=\"elementor-item\" tabindex=\"-1\">QR20 \u2013 Le sac de frappe<\/a><\/li>\n<\/ul>\t\t\t<\/nav>\n\t\t\t\t\t\t<\/div>\n\t\t\t\t<\/div>\n\t\t\t\t\t<\/div>\n\t\t<\/div>\n\t\t\t\t\t<\/div>\n\t\t<\/section>\n\t\t\t\t<\/div>\n\t\t","protected":false},"excerpt":{"rendered":"<p>L\u2019\u00e9glise Saint-Andr\u00e9 d\u2019Anvers L\u2019autel St-Eloy des monnayeurs Triptyque originel, Maerten de Vos, 1601, conserv\u00e9 au Mus\u00e9e Royal des Beaux-Arts d\u2019Anvers. panneau central\u00a0: une reproduction temporaire d\u2019Agfa-Gevaert. \u00a0 Lors de l\u2019inauguration de la nouvelle \u00e9glise en 1529, l\u2019H\u00f4tel de la Monnaie de la Muntstraat voisine d\u00e9place son autel dans l\u2019\u00e9glise Saint-Andr\u00e9. Le premier autel fut d\u00e9truit [&hellip;]<\/p>\n","protected":false},"author":16,"featured_media":0,"parent":38095,"menu_order":90,"comment_status":"closed","ping_status":"closed","template":"","meta":{"footnotes":""},"class_list":["post-38086","page","type-page","status-publish","hentry"],"aioseo_notices":[],"_links":{"self":[{"href":"https:\/\/topa.be\/fr\/wp-json\/wp\/v2\/pages\/38086","targetHints":{"allow":["GET"]}}],"collection":[{"href":"https:\/\/topa.be\/fr\/wp-json\/wp\/v2\/pages"}],"about":[{"href":"https:\/\/topa.be\/fr\/wp-json\/wp\/v2\/types\/page"}],"author":[{"embeddable":true,"href":"https:\/\/topa.be\/fr\/wp-json\/wp\/v2\/users\/16"}],"replies":[{"embeddable":true,"href":"https:\/\/topa.be\/fr\/wp-json\/wp\/v2\/comments?post=38086"}],"version-history":[{"count":3,"href":"https:\/\/topa.be\/fr\/wp-json\/wp\/v2\/pages\/38086\/revisions"}],"predecessor-version":[{"id":51489,"href":"https:\/\/topa.be\/fr\/wp-json\/wp\/v2\/pages\/38086\/revisions\/51489"}],"up":[{"embeddable":true,"href":"https:\/\/topa.be\/fr\/wp-json\/wp\/v2\/pages\/38095"}],"wp:attachment":[{"href":"https:\/\/topa.be\/fr\/wp-json\/wp\/v2\/media?parent=38086"}],"curies":[{"name":"wp","href":"https:\/\/api.w.org\/{rel}","templated":true}]}}