{"id":38084,"date":"2021-05-28T12:48:21","date_gmt":"2021-05-28T10:48:21","guid":{"rendered":"http:\/\/topa.be\/qr10\/"},"modified":"2021-08-06T20:01:32","modified_gmt":"2021-08-06T18:01:32","slug":"qr10","status":"publish","type":"page","link":"https:\/\/topa.be\/fr\/st-andries\/qr-codes\/qr10\/","title":{"rendered":"SAK QR10 \u2013 La salle du tr\u00e9sor"},"content":{"rendered":"\t\t<div data-elementor-type=\"wp-page\" data-elementor-id=\"38084\" class=\"elementor elementor-38084 elementor-33666\" data-elementor-post-type=\"page\">\n\t\t\t\t\t\t<section class=\"elementor-section elementor-top-section elementor-element elementor-element-368905a elementor-section-boxed elementor-section-height-default elementor-section-height-default\" data-id=\"368905a\" data-element_type=\"section\" data-e-type=\"section\">\n\t\t\t\t\t\t<div class=\"elementor-container elementor-column-gap-default\">\n\t\t\t\t\t<div class=\"elementor-column elementor-col-66 elementor-top-column elementor-element elementor-element-c42ef23\" data-id=\"c42ef23\" data-element_type=\"column\" data-e-type=\"column\">\n\t\t\t<div class=\"elementor-widget-wrap elementor-element-populated\">\n\t\t\t\t\t\t<div class=\"elementor-element elementor-element-cfddfcc elementor-widget elementor-widget-heading\" data-id=\"cfddfcc\" data-element_type=\"widget\" data-e-type=\"widget\" data-widget_type=\"heading.default\">\n\t\t\t\t<div class=\"elementor-widget-container\">\n\t\t\t\t\t<h2 class=\"elementor-heading-title elementor-size-default\">L\u2019\u00e9glise Saint-Andr\u00e9 d\u2019Anvers<\/h2>\t\t\t\t<\/div>\n\t\t\t\t<\/div>\n\t\t\t\t<div class=\"elementor-element elementor-element-f9775bb elementor-widget elementor-widget-heading\" data-id=\"f9775bb\" data-element_type=\"widget\" data-e-type=\"widget\" data-widget_type=\"heading.default\">\n\t\t\t\t<div class=\"elementor-widget-container\">\n\t\t\t\t\t<h2 class=\"elementor-heading-title elementor-size-default\">Le tr\u00e9sor<\/h2>\t\t\t\t<\/div>\n\t\t\t\t<\/div>\n\t\t\t\t<div class=\"elementor-element elementor-element-23f19c2 elementor-widget elementor-widget-text-editor\" data-id=\"23f19c2\" data-element_type=\"widget\" data-e-type=\"widget\" data-widget_type=\"text-editor.default\">\n\t\t\t\t<div class=\"elementor-widget-container\">\n\t\t\t\t\t\t\t\t\t<p style=\"text-align: justify;\">Le mus\u00e9e de l\u2019\u00e9glise (2007) n\u2019est pas un tr\u00e9sor au sens classique du terme, mais il montre l\u2019histoire de la vie pieuse \u00e0 l\u2019\u00e9glise, dans le quartier et \u00e0 la maison par le biais d\u2019\u0153uvres d\u2019art situ\u00e9es dans leur contexte. Il faut admettre que, avec un surnom tel que \u00abparoisse de la mis\u00e8re\u00bb, qui lui est rest\u00e9 attach\u00e9 jusqu\u2019au XXe si\u00e8cle, on ne s\u2019attend gu\u00e8re \u00e0 trouver d\u2019objets de grande valeur. Il est donc d\u2019autant plus \u00e9tonnant de d\u00e9couvrir quelques \u0153uvres d\u2019art exceptionnelles que l\u2019on doit aux contributions de nombreux paroissiens, ce qui t\u00e9moigne de la valeur pour eux de la foi. Riche ou pauvre, chacun a donn\u00e9 son obole \u00e0 l\u2019aune de sa d\u00e9votion et de ses moyens ou a apport\u00e9 sa pierre.<\/p>\n<p style=\"text-align: justify;\">Pour ce qui est de l\u2019ostensoir en forme de soleil en vermeil de Wierick III Somers (1714), ces pierres sont bel et bien des diamants. Les bijoux forment en effet des dons \u00ab en nature \u00bb et sont normalement utilis\u00e9s en tant que tels pour d\u00e9corer par exemple l\u2019ostensoir mentionn\u00e9 ci-dessus, un reliquaire ou les joyaux de la couronne de Notre Dame.<\/p>\n<p style=\"text-align: justify;\">Un cort\u00e8ge de statues de saints plus petites sur leur socle avec en dessous une relique ou des litanies refl\u00e8te la fa\u00e7on dont on faisait appel \u00e0 leur aide pour toutes sortes de probl\u00e8mes: physiques et psychiques, familiaux et relationnels. Les t\u00e9moignages de reconnaissance, les ex-voto, sont soit recouverts d\u2019argent soit-pour les pauvres-faits de cire.<\/p>\n<p style=\"text-align: justify;\">Une procession immobile montre de fa\u00e7on \u00e9tonnante \u00e0 quel point il a \u00e9t\u00e9 investi dans les processions dans la paroisse populaire de Saint-Andr\u00e9. Que n\u2019a-t-il \u00e9t\u00e9 transport\u00e9 lors de la f\u00eate annuelle du 15 ao\u00fbt ! L\u2019une des pi\u00e8ces favorites \u00e9tait la ch\u00e2sse de Saint-Andr\u00e9, appel\u00e9e le \u00ab navire Amalfi \u00bb, d\u2019apr\u00e8s la ville italienne o\u00f9 se trouve sa tombe. L\u2019\u0153uvre imaginative de Jos Junes (1929), avec ses cordages, ses poulies, ses filets de p\u00eache et ses poissons en argent, symbolise la communaut\u00e9 paroissiale comme \u00ab sur le m\u00eame bateau \u00bb avec Andr\u00e9 comme patron de p\u00eache et p\u00eacheur d\u2019hommes.<\/p>\n<p style=\"text-align: justify;\">Les paroissiens de Saint-Andr\u00e9 aimaient voir Marie \u00eatre promen\u00e9e dans les rues comme leur souveraine. La statue de la Sainte Vierge, extraite de l\u2019int\u00e9rieur de l\u2019\u00e9glise, \u00e9tait drap\u00e9e d\u2019un des manteaux de procession des grands jours termin\u00e9 d\u2019une tra\u00eene. En 1838 un grand et un petit tablier en argent de la main de Jan Verschuylen ont \u00e9t\u00e9 offerts pour respecter la promesse du bourgmestre G\u00e9rard Le Grelle pendant le bombardement hollandais d\u2019Anvers lors de la bataille d\u2019ind\u00e9pendance du 27 octobre 1830. Marie qui partage la gloire c\u00e9leste de son Fils, dispose depuis 1844 de joyaux en vermeil, agr\u00e9ment\u00e9s de 1.099 petits diamants et de 24 pierres de couleur, \u0153uvre de l\u2019orf\u00e8vre Jos De Haes et du joaillier Coetermans. En 1863 a \u00e9t\u00e9 confectionn\u00e9 un manteau de cour majestueux, ourl\u00e9 d\u2019hermine blanche. Au centre d\u2019un motif richement d\u00e9cor\u00e9 en broderie d\u2019or en relief tr\u00f4nent dix m\u00e9daillons de broderie plate, chacun orn\u00e9 d\u2019une fleur, symbole d\u2019une vertu mariale. L\u2019ensemble est brod\u00e9 par R. Orban d\u2019apr\u00e8s des dessins d\u2019Edouard Dujardin.<\/p>\n\t\t\t\t\t\t\t\t<\/div>\n\t\t\t\t<\/div>\n\t\t\t\t<div class=\"elementor-element elementor-element-538907d elementor-widget elementor-widget-button\" data-id=\"538907d\" data-element_type=\"widget\" data-e-type=\"widget\" data-widget_type=\"button.default\">\n\t\t\t\t<div class=\"elementor-widget-container\">\n\t\t\t\t\t\t\t\t\t<div class=\"elementor-button-wrapper\">\n\t\t\t\t\t<a class=\"elementor-button elementor-button-link elementor-size-sm\" href=\"http:\/\/topa.be\/en\/st-andries\/beschrijving\/schatkamer\/\">\n\t\t\t\t\t\t<span class=\"elementor-button-content-wrapper\">\n\t\t\t\t\t\t<span class=\"elementor-button-icon\">\n\t\t\t\t<i aria-hidden=\"true\" class=\"fas fa-book-reader\"><\/i>\t\t\t<\/span>\n\t\t\t\t\t\t\t\t\t<span class=\"elementor-button-text\">Read more?<\/span>\n\t\t\t\t\t<\/span>\n\t\t\t\t\t<\/a>\n\t\t\t\t<\/div>\n\t\t\t\t\t\t\t\t<\/div>\n\t\t\t\t<\/div>\n\t\t\t\t\t<\/div>\n\t\t<\/div>\n\t\t\t\t<div class=\"elementor-column elementor-col-33 elementor-top-column elementor-element elementor-element-4382916\" data-id=\"4382916\" data-element_type=\"column\" data-e-type=\"column\">\n\t\t\t<div class=\"elementor-widget-wrap elementor-element-populated\">\n\t\t\t\t\t\t<div class=\"elementor-element elementor-element-e85cead elementor-nav-menu--dropdown-tablet elementor-nav-menu__text-align-aside elementor-nav-menu--toggle elementor-nav-menu--burger elementor-widget elementor-widget-nav-menu\" data-id=\"e85cead\" data-element_type=\"widget\" data-e-type=\"widget\" data-settings=\"{&quot;layout&quot;:&quot;vertical&quot;,&quot;submenu_icon&quot;:{&quot;value&quot;:&quot;&lt;i class=\\&quot;fas fa-caret-down\\&quot; aria-hidden=\\&quot;true\\&quot;&gt;&lt;\\\/i&gt;&quot;,&quot;library&quot;:&quot;fa-solid&quot;},&quot;toggle&quot;:&quot;burger&quot;}\" data-widget_type=\"nav-menu.default\">\n\t\t\t\t<div class=\"elementor-widget-container\">\n\t\t\t\t\t\t\t\t<nav aria-label=\"Menu\" class=\"elementor-nav-menu--main elementor-nav-menu__container elementor-nav-menu--layout-vertical e--pointer-framed e--animation-fade\">\n\t\t\t\t<ul id=\"menu-1-e85cead\" class=\"elementor-nav-menu sm-vertical\"><li class=\"menu-item menu-item-type-post_type menu-item-object-page menu-item-60166\"><a href=\"https:\/\/topa.be\/fr\/st-andries\/qr-codes\/qr01\/\" class=\"elementor-item\">QR01 \u2013 \u00c9glise Saint-Andr\u00e9 \u2013 introduction<\/a><\/li>\n<li class=\"menu-item menu-item-type-post_type menu-item-object-page menu-item-60167\"><a href=\"https:\/\/topa.be\/fr\/st-andries\/qr-codes\/qr02\/\" class=\"elementor-item\">QR02 \u2013 L\u2019histoire<\/a><\/li>\n<li class=\"menu-item menu-item-type-post_type menu-item-object-page menu-item-60211\"><a href=\"https:\/\/topa.be\/fr\/st-andries\/qr-codes\/qr03\/\" class=\"elementor-item\">QR03 \u2013 La tour<\/a><\/li>\n<li class=\"menu-item menu-item-type-post_type menu-item-object-page menu-item-60212\"><a href=\"https:\/\/topa.be\/fr\/st-andries\/qr-codes\/qr04\/\" class=\"elementor-item\">QR04 \u2013 L\u2019int\u00e9rieur<\/a><\/li>\n<li class=\"menu-item menu-item-type-post_type menu-item-object-page menu-item-60213\"><a href=\"https:\/\/topa.be\/fr\/st-andries\/qr-codes\/qr05\/\" class=\"elementor-item\">QR05 \u2013 La chaire de v\u00e9rit\u00e9<\/a><\/li>\n<li class=\"menu-item menu-item-type-post_type menu-item-object-page menu-item-60214\"><a href=\"https:\/\/topa.be\/fr\/st-andries\/qr-codes\/qr06\/\" class=\"elementor-item\">QR06 \u2013 Les autels lat\u00e9raux<\/a><\/li>\n<li class=\"menu-item menu-item-type-post_type menu-item-object-page menu-item-60215\"><a href=\"https:\/\/topa.be\/fr\/st-andries\/qr-codes\/qr07\/\" class=\"elementor-item\">QR07 \u2013 Le Cours de la Vie<\/a><\/li>\n<li class=\"menu-item menu-item-type-post_type menu-item-object-page menu-item-60216\"><a href=\"https:\/\/topa.be\/fr\/st-andries\/qr-codes\/qr08\/\" class=\"elementor-item\">QR08 \u2013 \u00c9pitaphe des augustins<\/a><\/li>\n<li class=\"menu-item menu-item-type-post_type menu-item-object-page menu-item-60217\"><a href=\"https:\/\/topa.be\/fr\/st-andries\/qr-codes\/qr09\/\" class=\"elementor-item\">QR09 \u2013 L\u2019autel Saint-Eloy des monnayeurs<\/a><\/li>\n<li class=\"menu-item menu-item-type-post_type menu-item-object-page menu-item-60218\"><a href=\"https:\/\/topa.be\/fr\/st-andries\/qr-codes\/qr10\/\" class=\"elementor-item\">QR10 \u2013 La salle du tr\u00e9sor<\/a><\/li>\n<li class=\"menu-item menu-item-type-post_type menu-item-object-page menu-item-60219\"><a href=\"https:\/\/topa.be\/fr\/st-andries\/qr-codes\/qr11\/\" class=\"elementor-item\">QR11 \u2013 La chapelle Mariale<\/a><\/li>\n<li class=\"menu-item menu-item-type-post_type menu-item-object-page menu-item-60220\"><a href=\"https:\/\/topa.be\/fr\/st-andries\/qr-codes\/qr12\/\" class=\"elementor-item\">QR12 \u2013 La confr\u00e9rie des \u00c2mes Croyantes<\/a><\/li>\n<li class=\"menu-item menu-item-type-post_type menu-item-object-page menu-item-60255\"><a href=\"https:\/\/topa.be\/fr\/st-andries\/qr-codes\/qr13\/\" class=\"elementor-item\">QR13 \u2013 La statue de Saint Pierre<\/a><\/li>\n<li class=\"menu-item menu-item-type-post_type menu-item-object-page menu-item-60256\"><a href=\"https:\/\/topa.be\/fr\/st-andries\/qr-codes\/qr14\/\" class=\"elementor-item\">QR14 \u2013 Le ma\u00eetre-autel<\/a><\/li>\n<li class=\"menu-item menu-item-type-post_type menu-item-object-page menu-item-60257\"><a href=\"https:\/\/topa.be\/fr\/st-andries\/qr-codes\/qr15\/\" class=\"elementor-item\">QR15 \u2013 Le martyre de Saint Andr\u00e9<\/a><\/li>\n<li class=\"menu-item menu-item-type-post_type menu-item-object-page menu-item-60258\"><a href=\"https:\/\/topa.be\/fr\/st-andries\/qr-codes\/qr16\/\" class=\"elementor-item\">QR16 \u2013 Le ch\u0153ur<\/a><\/li>\n<li class=\"menu-item menu-item-type-post_type menu-item-object-page menu-item-60259\"><a href=\"https:\/\/topa.be\/fr\/st-andries\/qr-codes\/qr17\/\" class=\"elementor-item\">QR17 \u2013 La Chapelle du tr\u00e8s Saint Sacrement<\/a><\/li>\n<li class=\"menu-item menu-item-type-post_type menu-item-object-page menu-item-60260\"><a href=\"https:\/\/topa.be\/fr\/st-andries\/qr-codes\/qr18\/\" class=\"elementor-item\">QR18 \u2013 L\u2019\u00e9pitaphe des dames d\u2019honneur de Mary Stuart<\/a><\/li>\n<li class=\"menu-item menu-item-type-post_type menu-item-object-page menu-item-60261\"><a href=\"https:\/\/topa.be\/fr\/st-andries\/qr-codes\/qr19\/\" class=\"elementor-item\">QR19 \u2013 Qu\u2019est-ce que la v\u00e9rit\u00e9 ?<\/a><\/li>\n<li class=\"menu-item menu-item-type-post_type menu-item-object-page menu-item-60262\"><a href=\"https:\/\/topa.be\/fr\/st-andries\/qr-codes\/qr20\/\" class=\"elementor-item\">QR20 \u2013 Le sac de frappe<\/a><\/li>\n<\/ul>\t\t\t<\/nav>\n\t\t\t\t\t<div class=\"elementor-menu-toggle\" role=\"button\" tabindex=\"0\" aria-label=\"Permuter le menu\" aria-expanded=\"false\">\n\t\t\t<i aria-hidden=\"true\" role=\"presentation\" class=\"elementor-menu-toggle__icon--open eicon-menu-bar\"><\/i><i aria-hidden=\"true\" role=\"presentation\" class=\"elementor-menu-toggle__icon--close eicon-close\"><\/i>\t\t<\/div>\n\t\t\t\t\t<nav class=\"elementor-nav-menu--dropdown elementor-nav-menu__container\" aria-hidden=\"true\">\n\t\t\t\t<ul id=\"menu-2-e85cead\" class=\"elementor-nav-menu sm-vertical\"><li class=\"menu-item menu-item-type-post_type menu-item-object-page menu-item-60166\"><a href=\"https:\/\/topa.be\/fr\/st-andries\/qr-codes\/qr01\/\" class=\"elementor-item\" tabindex=\"-1\">QR01 \u2013 \u00c9glise Saint-Andr\u00e9 \u2013 introduction<\/a><\/li>\n<li class=\"menu-item menu-item-type-post_type menu-item-object-page menu-item-60167\"><a href=\"https:\/\/topa.be\/fr\/st-andries\/qr-codes\/qr02\/\" class=\"elementor-item\" tabindex=\"-1\">QR02 \u2013 L\u2019histoire<\/a><\/li>\n<li class=\"menu-item menu-item-type-post_type menu-item-object-page menu-item-60211\"><a href=\"https:\/\/topa.be\/fr\/st-andries\/qr-codes\/qr03\/\" class=\"elementor-item\" tabindex=\"-1\">QR03 \u2013 La tour<\/a><\/li>\n<li class=\"menu-item menu-item-type-post_type menu-item-object-page menu-item-60212\"><a href=\"https:\/\/topa.be\/fr\/st-andries\/qr-codes\/qr04\/\" class=\"elementor-item\" tabindex=\"-1\">QR04 \u2013 L\u2019int\u00e9rieur<\/a><\/li>\n<li class=\"menu-item menu-item-type-post_type menu-item-object-page menu-item-60213\"><a href=\"https:\/\/topa.be\/fr\/st-andries\/qr-codes\/qr05\/\" class=\"elementor-item\" tabindex=\"-1\">QR05 \u2013 La chaire de v\u00e9rit\u00e9<\/a><\/li>\n<li class=\"menu-item menu-item-type-post_type menu-item-object-page menu-item-60214\"><a href=\"https:\/\/topa.be\/fr\/st-andries\/qr-codes\/qr06\/\" class=\"elementor-item\" tabindex=\"-1\">QR06 \u2013 Les autels lat\u00e9raux<\/a><\/li>\n<li class=\"menu-item menu-item-type-post_type menu-item-object-page menu-item-60215\"><a href=\"https:\/\/topa.be\/fr\/st-andries\/qr-codes\/qr07\/\" class=\"elementor-item\" tabindex=\"-1\">QR07 \u2013 Le Cours de la Vie<\/a><\/li>\n<li class=\"menu-item menu-item-type-post_type menu-item-object-page menu-item-60216\"><a href=\"https:\/\/topa.be\/fr\/st-andries\/qr-codes\/qr08\/\" class=\"elementor-item\" tabindex=\"-1\">QR08 \u2013 \u00c9pitaphe des augustins<\/a><\/li>\n<li class=\"menu-item menu-item-type-post_type menu-item-object-page menu-item-60217\"><a href=\"https:\/\/topa.be\/fr\/st-andries\/qr-codes\/qr09\/\" class=\"elementor-item\" tabindex=\"-1\">QR09 \u2013 L\u2019autel Saint-Eloy des monnayeurs<\/a><\/li>\n<li class=\"menu-item menu-item-type-post_type menu-item-object-page menu-item-60218\"><a href=\"https:\/\/topa.be\/fr\/st-andries\/qr-codes\/qr10\/\" class=\"elementor-item\" tabindex=\"-1\">QR10 \u2013 La salle du tr\u00e9sor<\/a><\/li>\n<li class=\"menu-item menu-item-type-post_type menu-item-object-page menu-item-60219\"><a href=\"https:\/\/topa.be\/fr\/st-andries\/qr-codes\/qr11\/\" class=\"elementor-item\" tabindex=\"-1\">QR11 \u2013 La chapelle Mariale<\/a><\/li>\n<li class=\"menu-item menu-item-type-post_type menu-item-object-page menu-item-60220\"><a href=\"https:\/\/topa.be\/fr\/st-andries\/qr-codes\/qr12\/\" class=\"elementor-item\" tabindex=\"-1\">QR12 \u2013 La confr\u00e9rie des \u00c2mes Croyantes<\/a><\/li>\n<li class=\"menu-item menu-item-type-post_type menu-item-object-page menu-item-60255\"><a href=\"https:\/\/topa.be\/fr\/st-andries\/qr-codes\/qr13\/\" class=\"elementor-item\" tabindex=\"-1\">QR13 \u2013 La statue de Saint Pierre<\/a><\/li>\n<li class=\"menu-item menu-item-type-post_type menu-item-object-page menu-item-60256\"><a href=\"https:\/\/topa.be\/fr\/st-andries\/qr-codes\/qr14\/\" class=\"elementor-item\" tabindex=\"-1\">QR14 \u2013 Le ma\u00eetre-autel<\/a><\/li>\n<li class=\"menu-item menu-item-type-post_type menu-item-object-page menu-item-60257\"><a href=\"https:\/\/topa.be\/fr\/st-andries\/qr-codes\/qr15\/\" class=\"elementor-item\" tabindex=\"-1\">QR15 \u2013 Le martyre de Saint Andr\u00e9<\/a><\/li>\n<li class=\"menu-item menu-item-type-post_type menu-item-object-page menu-item-60258\"><a href=\"https:\/\/topa.be\/fr\/st-andries\/qr-codes\/qr16\/\" class=\"elementor-item\" tabindex=\"-1\">QR16 \u2013 Le ch\u0153ur<\/a><\/li>\n<li class=\"menu-item menu-item-type-post_type menu-item-object-page menu-item-60259\"><a href=\"https:\/\/topa.be\/fr\/st-andries\/qr-codes\/qr17\/\" class=\"elementor-item\" tabindex=\"-1\">QR17 \u2013 La Chapelle du tr\u00e8s Saint Sacrement<\/a><\/li>\n<li class=\"menu-item menu-item-type-post_type menu-item-object-page menu-item-60260\"><a href=\"https:\/\/topa.be\/fr\/st-andries\/qr-codes\/qr18\/\" class=\"elementor-item\" tabindex=\"-1\">QR18 \u2013 L\u2019\u00e9pitaphe des dames d\u2019honneur de Mary Stuart<\/a><\/li>\n<li class=\"menu-item menu-item-type-post_type menu-item-object-page menu-item-60261\"><a href=\"https:\/\/topa.be\/fr\/st-andries\/qr-codes\/qr19\/\" class=\"elementor-item\" tabindex=\"-1\">QR19 \u2013 Qu\u2019est-ce que la v\u00e9rit\u00e9 ?<\/a><\/li>\n<li class=\"menu-item menu-item-type-post_type menu-item-object-page menu-item-60262\"><a href=\"https:\/\/topa.be\/fr\/st-andries\/qr-codes\/qr20\/\" class=\"elementor-item\" tabindex=\"-1\">QR20 \u2013 Le sac de frappe<\/a><\/li>\n<\/ul>\t\t\t<\/nav>\n\t\t\t\t\t\t<\/div>\n\t\t\t\t<\/div>\n\t\t\t\t\t<\/div>\n\t\t<\/div>\n\t\t\t\t\t<\/div>\n\t\t<\/section>\n\t\t\t\t<\/div>\n\t\t","protected":false},"excerpt":{"rendered":"<p>L\u2019\u00e9glise Saint-Andr\u00e9 d\u2019Anvers Le tr\u00e9sor Le mus\u00e9e de l\u2019\u00e9glise (2007) n\u2019est pas un tr\u00e9sor au sens classique du terme, mais il montre l\u2019histoire de la vie pieuse \u00e0 l\u2019\u00e9glise, dans le quartier et \u00e0 la maison par le biais d\u2019\u0153uvres d\u2019art situ\u00e9es dans leur contexte. Il faut admettre que, avec un surnom tel que \u00abparoisse [&hellip;]<\/p>\n","protected":false},"author":16,"featured_media":0,"parent":38095,"menu_order":100,"comment_status":"closed","ping_status":"closed","template":"","meta":{"footnotes":""},"class_list":["post-38084","page","type-page","status-publish","hentry"],"aioseo_notices":[],"_links":{"self":[{"href":"https:\/\/topa.be\/fr\/wp-json\/wp\/v2\/pages\/38084","targetHints":{"allow":["GET"]}}],"collection":[{"href":"https:\/\/topa.be\/fr\/wp-json\/wp\/v2\/pages"}],"about":[{"href":"https:\/\/topa.be\/fr\/wp-json\/wp\/v2\/types\/page"}],"author":[{"embeddable":true,"href":"https:\/\/topa.be\/fr\/wp-json\/wp\/v2\/users\/16"}],"replies":[{"embeddable":true,"href":"https:\/\/topa.be\/fr\/wp-json\/wp\/v2\/comments?post=38084"}],"version-history":[{"count":3,"href":"https:\/\/topa.be\/fr\/wp-json\/wp\/v2\/pages\/38084\/revisions"}],"predecessor-version":[{"id":51492,"href":"https:\/\/topa.be\/fr\/wp-json\/wp\/v2\/pages\/38084\/revisions\/51492"}],"up":[{"embeddable":true,"href":"https:\/\/topa.be\/fr\/wp-json\/wp\/v2\/pages\/38095"}],"wp:attachment":[{"href":"https:\/\/topa.be\/fr\/wp-json\/wp\/v2\/media?parent=38084"}],"curies":[{"name":"wp","href":"https:\/\/api.w.org\/{rel}","templated":true}]}}