{"id":38083,"date":"2021-05-28T12:47:28","date_gmt":"2021-05-28T10:47:28","guid":{"rendered":"http:\/\/topa.be\/qr11\/"},"modified":"2021-08-06T20:02:06","modified_gmt":"2021-08-06T18:02:06","slug":"qr11","status":"publish","type":"page","link":"https:\/\/topa.be\/fr\/st-andries\/qr-codes\/qr11\/","title":{"rendered":"SAK QR11 \u2013 La chapelle Mariale"},"content":{"rendered":"\t\t<div data-elementor-type=\"wp-page\" data-elementor-id=\"38083\" class=\"elementor elementor-38083 elementor-33668\" data-elementor-post-type=\"page\">\n\t\t\t\t\t\t<section class=\"elementor-section elementor-top-section elementor-element elementor-element-99e46f2 elementor-section-boxed elementor-section-height-default elementor-section-height-default\" data-id=\"99e46f2\" data-element_type=\"section\" data-e-type=\"section\">\n\t\t\t\t\t\t<div class=\"elementor-container elementor-column-gap-default\">\n\t\t\t\t\t<div class=\"elementor-column elementor-col-66 elementor-top-column elementor-element elementor-element-1f56a0f\" data-id=\"1f56a0f\" data-element_type=\"column\" data-e-type=\"column\">\n\t\t\t<div class=\"elementor-widget-wrap elementor-element-populated\">\n\t\t\t\t\t\t<div class=\"elementor-element elementor-element-0a3fd1d elementor-widget elementor-widget-heading\" data-id=\"0a3fd1d\" data-element_type=\"widget\" data-e-type=\"widget\" data-widget_type=\"heading.default\">\n\t\t\t\t<div class=\"elementor-widget-container\">\n\t\t\t\t\t<h2 class=\"elementor-heading-title elementor-size-default\">L\u2019\u00e9glise Saint-Andr\u00e9 d\u2019Anvers<\/h2>\t\t\t\t<\/div>\n\t\t\t\t<\/div>\n\t\t\t\t<div class=\"elementor-element elementor-element-7d71d2d elementor-widget elementor-widget-heading\" data-id=\"7d71d2d\" data-element_type=\"widget\" data-e-type=\"widget\" data-widget_type=\"heading.default\">\n\t\t\t\t<div class=\"elementor-widget-container\">\n\t\t\t\t\t<h2 class=\"elementor-heading-title elementor-size-default\">La Chapelle Mariale<\/h2>\t\t\t\t<\/div>\n\t\t\t\t<\/div>\n\t\t\t\t<div class=\"elementor-element elementor-element-cd1c5f7 elementor-widget elementor-widget-text-editor\" data-id=\"cd1c5f7\" data-element_type=\"widget\" data-e-type=\"widget\" data-widget_type=\"text-editor.default\">\n\t\t\t\t<div class=\"elementor-widget-container\">\n\t\t\t\t\t\t\t\t\t<p style=\"text-align: justify;\"><strong>Une grande dame : Notre-Dame du Secours et de la Victoire<\/strong><\/p>\n<p style=\"text-align: justify;\">statue\u00a0: apr\u00e8s 1585\u00a0; garde-robe\u00a0: principalement fin XVIIIe si\u00e8cle<\/p>\n<p style=\"text-align: justify;\">La statue de Marie en bois polychrome de style mani\u00e9riste, r\u00e9alis\u00e9e \u00e0 la fin du XVIe si\u00e8cle lors du r\u00e9tablissement faisant suite aux Iconoclasmes, pr\u00e9sente une \u00e9l\u00e9gance \u00e9tonnante et svelte. Depuis 1689, cette statue est connue sous le nom de \u00ab N.D. du Secours et de la Victoire \u00bb,\u00a0 apr\u00e8s que des villes comme Vienne aient \u00e9t\u00e9 d\u00e9livr\u00e9es des Turcs.<\/p>\n<p style=\"text-align: justify;\">La confr\u00e9rie du m\u00eame nom a en effet vu le jour cette ann\u00e9e-l\u00e0 en guise de reconnaissance pour la victoire des Habsbourg sur les Ottomans musulmans \u00e0 Vienne, Budapest et Belgrade. Ce qui explique que l\u2019arsenal de guerre de l\u2019ennemi vaincu tr\u00f4ne, tel un troph\u00e9e, sur le socle sculpt\u00e9.<\/p>\n<p style=\"text-align: justify;\">En r\u00e8gle g\u00e9n\u00e9rale, la statue est drap\u00e9e d\u2019un tablier et d\u2019un manteau court dans les couleurs liturgiques, et est plac\u00e9e sur l\u2019autel de Marie. Le fait que l\u2019enfant J\u00e9sus porte un v\u00eatement assorti au manteau ou au tablier de Sa m\u00e8re souligne le lien intime qui unit la m\u00e8re et le Fils.<\/p>\n<p style=\"text-align: justify;\">La tenue de c\u00e9r\u00e9monie de Marie, un large tablier assorti d\u2019un long manteau lui couvrant la t\u00eate et retombant g\u00e9n\u00e9reusement sur le sol avec une longue tra\u00eene, tire son inspiration de la mode de la Cour d\u2019Espagne \u00e0 la fin du XVIe si\u00e8cle. Dans les pays de la Contre-R\u00e9forme, ceci a exerc\u00e9 une influence d\u00e9terminante sur la fa\u00e7on de repr\u00e9senter Marie.<\/p>\n<p style=\"text-align: justify;\">La statue de N.D. du Secours et de la Victoire dispose d\u2019une garde-robe compos\u00e9e de plusieurs manteaux correspondant \u00e0 chaque couleur liturgique. La plupart de ces manteaux datent de la seconde moiti\u00e9 du XVIIIe si\u00e8cle; certains d\u2019entre eux, en damas, ont \u00e9t\u00e9 r\u00e9alis\u00e9s \u00e0 partir des robes de dames qui ont \u00e9t\u00e9 offertes.<\/p>\n<p style=\"text-align: justify;\">Mais utilise-t-on encore cette garde-robe traditionnelle \u2013 aussi respectable qu\u2019elle soit- pour exposer la figure unique de la m\u00e8re de J\u00e9sus ? D\u2019ailleurs, qui n\u2019offrirait \u00e0 la dame de son c\u0153ur de nouveaux atours apr\u00e8s 150 ans ? C\u2019est pourquoi, \u00e0 l\u2019occasion de l\u2019ann\u00e9e de la mode \u00e0 Anvers en 2001, il a \u00e9t\u00e9 pass\u00e9 commande \u00e0 Ann Demeulemeester, la \u00ab plus po\u00e9tique des Six (stylistes de mode) d\u2019Anvers \u00bb, d\u2019une cr\u00e9ation moderne. \u00c0 c\u00f4t\u00e9 des notions de vie et de simplicit\u00e9, elle a souhait\u00e9 mettre en exergue que cette femme, Marie, est ce qu\u2019elle est. Les paillettes r\u00e9fl\u00e9chies sous la poussi\u00e8re transparente qui la recouvre \u00e9voquent quelque peu sa grandeur. Le col de plumes de colombes constitue la vraie signature de la styliste. Cette colombe all\u00e9gorique n\u2019\u00e9tait-elle pas le signe de l\u2019\u00e9lection de Marie au-dessus de toutes les femmes?<\/p>\n<p style=\"text-align: justify;\"><strong>Le confessionnal<\/strong>\u00a0(17<sup>i\u00e8me<\/sup>\u00a0s.), attribu\u00e9 \u00e0 L. Willemssens. La R\u00e9conciliation vis\u00e9e est repr\u00e9sen\u00adt\u00e9e par deux anges qui s\u2019embrassent.<\/p>\n<p style=\"text-align: justify;\"><strong>\u00a0<\/strong><\/p>\n<p style=\"text-align: justify;\"><strong>Le vitrail<\/strong>\u00a0<em>Notre Dame Secours des naufrag\u00e9s<\/em>\u00a0(H. Dobbelaere, 1866, mais fort restaur\u00e9 apr\u00e8s le bombardement de 1945) a inspir\u00e9 Vincent Van Gogh en 1886.<\/p>\n\t\t\t\t\t\t\t\t<\/div>\n\t\t\t\t<\/div>\n\t\t\t\t<div class=\"elementor-element elementor-element-21ec279 elementor-widget elementor-widget-button\" data-id=\"21ec279\" data-element_type=\"widget\" data-e-type=\"widget\" data-widget_type=\"button.default\">\n\t\t\t\t<div class=\"elementor-widget-container\">\n\t\t\t\t\t\t\t\t\t<div class=\"elementor-button-wrapper\">\n\t\t\t\t\t<a class=\"elementor-button elementor-button-link elementor-size-sm\" href=\"http:\/\/topa.be\/en\/st-andries\/beschrijving\/mariakapel\/\">\n\t\t\t\t\t\t<span class=\"elementor-button-content-wrapper\">\n\t\t\t\t\t\t<span class=\"elementor-button-icon\">\n\t\t\t\t<i aria-hidden=\"true\" class=\"fas fa-book-reader\"><\/i>\t\t\t<\/span>\n\t\t\t\t\t\t\t\t\t<span class=\"elementor-button-text\">Read more?<\/span>\n\t\t\t\t\t<\/span>\n\t\t\t\t\t<\/a>\n\t\t\t\t<\/div>\n\t\t\t\t\t\t\t\t<\/div>\n\t\t\t\t<\/div>\n\t\t\t\t\t<\/div>\n\t\t<\/div>\n\t\t\t\t<div class=\"elementor-column elementor-col-33 elementor-top-column elementor-element elementor-element-f9ef5af\" data-id=\"f9ef5af\" data-element_type=\"column\" data-e-type=\"column\">\n\t\t\t<div class=\"elementor-widget-wrap elementor-element-populated\">\n\t\t\t\t\t\t<div class=\"elementor-element elementor-element-1ed415f elementor-nav-menu--dropdown-tablet elementor-nav-menu__text-align-aside elementor-nav-menu--toggle elementor-nav-menu--burger elementor-widget elementor-widget-nav-menu\" data-id=\"1ed415f\" data-element_type=\"widget\" data-e-type=\"widget\" data-settings=\"{&quot;layout&quot;:&quot;vertical&quot;,&quot;submenu_icon&quot;:{&quot;value&quot;:&quot;&lt;i class=\\&quot;fas fa-caret-down\\&quot; aria-hidden=\\&quot;true\\&quot;&gt;&lt;\\\/i&gt;&quot;,&quot;library&quot;:&quot;fa-solid&quot;},&quot;toggle&quot;:&quot;burger&quot;}\" data-widget_type=\"nav-menu.default\">\n\t\t\t\t<div class=\"elementor-widget-container\">\n\t\t\t\t\t\t\t\t<nav aria-label=\"Menu\" class=\"elementor-nav-menu--main elementor-nav-menu__container elementor-nav-menu--layout-vertical e--pointer-framed e--animation-fade\">\n\t\t\t\t<ul id=\"menu-1-1ed415f\" class=\"elementor-nav-menu sm-vertical\"><li class=\"menu-item menu-item-type-post_type menu-item-object-page menu-item-60166\"><a href=\"https:\/\/topa.be\/fr\/st-andries\/qr-codes\/qr01\/\" class=\"elementor-item\">QR01 \u2013 \u00c9glise Saint-Andr\u00e9 \u2013 introduction<\/a><\/li>\n<li class=\"menu-item menu-item-type-post_type menu-item-object-page menu-item-60167\"><a href=\"https:\/\/topa.be\/fr\/st-andries\/qr-codes\/qr02\/\" class=\"elementor-item\">QR02 \u2013 L\u2019histoire<\/a><\/li>\n<li class=\"menu-item menu-item-type-post_type menu-item-object-page menu-item-60211\"><a href=\"https:\/\/topa.be\/fr\/st-andries\/qr-codes\/qr03\/\" class=\"elementor-item\">QR03 \u2013 La tour<\/a><\/li>\n<li class=\"menu-item menu-item-type-post_type menu-item-object-page menu-item-60212\"><a href=\"https:\/\/topa.be\/fr\/st-andries\/qr-codes\/qr04\/\" class=\"elementor-item\">QR04 \u2013 L\u2019int\u00e9rieur<\/a><\/li>\n<li class=\"menu-item menu-item-type-post_type menu-item-object-page menu-item-60213\"><a href=\"https:\/\/topa.be\/fr\/st-andries\/qr-codes\/qr05\/\" class=\"elementor-item\">QR05 \u2013 La chaire de v\u00e9rit\u00e9<\/a><\/li>\n<li class=\"menu-item menu-item-type-post_type menu-item-object-page menu-item-60214\"><a href=\"https:\/\/topa.be\/fr\/st-andries\/qr-codes\/qr06\/\" class=\"elementor-item\">QR06 \u2013 Les autels lat\u00e9raux<\/a><\/li>\n<li class=\"menu-item menu-item-type-post_type menu-item-object-page menu-item-60215\"><a href=\"https:\/\/topa.be\/fr\/st-andries\/qr-codes\/qr07\/\" class=\"elementor-item\">QR07 \u2013 Le Cours de la Vie<\/a><\/li>\n<li class=\"menu-item menu-item-type-post_type menu-item-object-page menu-item-60216\"><a href=\"https:\/\/topa.be\/fr\/st-andries\/qr-codes\/qr08\/\" class=\"elementor-item\">QR08 \u2013 \u00c9pitaphe des augustins<\/a><\/li>\n<li class=\"menu-item menu-item-type-post_type menu-item-object-page menu-item-60217\"><a href=\"https:\/\/topa.be\/fr\/st-andries\/qr-codes\/qr09\/\" class=\"elementor-item\">QR09 \u2013 L\u2019autel Saint-Eloy des monnayeurs<\/a><\/li>\n<li class=\"menu-item menu-item-type-post_type menu-item-object-page menu-item-60218\"><a href=\"https:\/\/topa.be\/fr\/st-andries\/qr-codes\/qr10\/\" class=\"elementor-item\">QR10 \u2013 La salle du tr\u00e9sor<\/a><\/li>\n<li class=\"menu-item menu-item-type-post_type menu-item-object-page menu-item-60219\"><a href=\"https:\/\/topa.be\/fr\/st-andries\/qr-codes\/qr11\/\" class=\"elementor-item\">QR11 \u2013 La chapelle Mariale<\/a><\/li>\n<li class=\"menu-item menu-item-type-post_type menu-item-object-page menu-item-60220\"><a href=\"https:\/\/topa.be\/fr\/st-andries\/qr-codes\/qr12\/\" class=\"elementor-item\">QR12 \u2013 La confr\u00e9rie des \u00c2mes Croyantes<\/a><\/li>\n<li class=\"menu-item menu-item-type-post_type menu-item-object-page menu-item-60255\"><a href=\"https:\/\/topa.be\/fr\/st-andries\/qr-codes\/qr13\/\" class=\"elementor-item\">QR13 \u2013 La statue de Saint Pierre<\/a><\/li>\n<li class=\"menu-item menu-item-type-post_type menu-item-object-page menu-item-60256\"><a href=\"https:\/\/topa.be\/fr\/st-andries\/qr-codes\/qr14\/\" class=\"elementor-item\">QR14 \u2013 Le ma\u00eetre-autel<\/a><\/li>\n<li class=\"menu-item menu-item-type-post_type menu-item-object-page menu-item-60257\"><a href=\"https:\/\/topa.be\/fr\/st-andries\/qr-codes\/qr15\/\" class=\"elementor-item\">QR15 \u2013 Le martyre de Saint Andr\u00e9<\/a><\/li>\n<li class=\"menu-item menu-item-type-post_type menu-item-object-page menu-item-60258\"><a href=\"https:\/\/topa.be\/fr\/st-andries\/qr-codes\/qr16\/\" class=\"elementor-item\">QR16 \u2013 Le ch\u0153ur<\/a><\/li>\n<li class=\"menu-item menu-item-type-post_type menu-item-object-page menu-item-60259\"><a href=\"https:\/\/topa.be\/fr\/st-andries\/qr-codes\/qr17\/\" class=\"elementor-item\">QR17 \u2013 La Chapelle du tr\u00e8s Saint Sacrement<\/a><\/li>\n<li class=\"menu-item menu-item-type-post_type menu-item-object-page menu-item-60260\"><a href=\"https:\/\/topa.be\/fr\/st-andries\/qr-codes\/qr18\/\" class=\"elementor-item\">QR18 \u2013 L\u2019\u00e9pitaphe des dames d\u2019honneur de Mary Stuart<\/a><\/li>\n<li class=\"menu-item menu-item-type-post_type menu-item-object-page menu-item-60261\"><a href=\"https:\/\/topa.be\/fr\/st-andries\/qr-codes\/qr19\/\" class=\"elementor-item\">QR19 \u2013 Qu\u2019est-ce que la v\u00e9rit\u00e9 ?<\/a><\/li>\n<li class=\"menu-item menu-item-type-post_type menu-item-object-page menu-item-60262\"><a href=\"https:\/\/topa.be\/fr\/st-andries\/qr-codes\/qr20\/\" class=\"elementor-item\">QR20 \u2013 Le sac de frappe<\/a><\/li>\n<\/ul>\t\t\t<\/nav>\n\t\t\t\t\t<div class=\"elementor-menu-toggle\" role=\"button\" tabindex=\"0\" aria-label=\"Permuter le menu\" aria-expanded=\"false\">\n\t\t\t<i aria-hidden=\"true\" role=\"presentation\" class=\"elementor-menu-toggle__icon--open eicon-menu-bar\"><\/i><i aria-hidden=\"true\" role=\"presentation\" class=\"elementor-menu-toggle__icon--close eicon-close\"><\/i>\t\t<\/div>\n\t\t\t\t\t<nav class=\"elementor-nav-menu--dropdown elementor-nav-menu__container\" aria-hidden=\"true\">\n\t\t\t\t<ul id=\"menu-2-1ed415f\" class=\"elementor-nav-menu sm-vertical\"><li class=\"menu-item menu-item-type-post_type menu-item-object-page menu-item-60166\"><a href=\"https:\/\/topa.be\/fr\/st-andries\/qr-codes\/qr01\/\" class=\"elementor-item\" tabindex=\"-1\">QR01 \u2013 \u00c9glise Saint-Andr\u00e9 \u2013 introduction<\/a><\/li>\n<li class=\"menu-item menu-item-type-post_type menu-item-object-page menu-item-60167\"><a href=\"https:\/\/topa.be\/fr\/st-andries\/qr-codes\/qr02\/\" class=\"elementor-item\" tabindex=\"-1\">QR02 \u2013 L\u2019histoire<\/a><\/li>\n<li class=\"menu-item menu-item-type-post_type menu-item-object-page menu-item-60211\"><a href=\"https:\/\/topa.be\/fr\/st-andries\/qr-codes\/qr03\/\" class=\"elementor-item\" tabindex=\"-1\">QR03 \u2013 La tour<\/a><\/li>\n<li class=\"menu-item menu-item-type-post_type menu-item-object-page menu-item-60212\"><a href=\"https:\/\/topa.be\/fr\/st-andries\/qr-codes\/qr04\/\" class=\"elementor-item\" tabindex=\"-1\">QR04 \u2013 L\u2019int\u00e9rieur<\/a><\/li>\n<li class=\"menu-item menu-item-type-post_type menu-item-object-page menu-item-60213\"><a href=\"https:\/\/topa.be\/fr\/st-andries\/qr-codes\/qr05\/\" class=\"elementor-item\" tabindex=\"-1\">QR05 \u2013 La chaire de v\u00e9rit\u00e9<\/a><\/li>\n<li class=\"menu-item menu-item-type-post_type menu-item-object-page menu-item-60214\"><a href=\"https:\/\/topa.be\/fr\/st-andries\/qr-codes\/qr06\/\" class=\"elementor-item\" tabindex=\"-1\">QR06 \u2013 Les autels lat\u00e9raux<\/a><\/li>\n<li class=\"menu-item menu-item-type-post_type menu-item-object-page menu-item-60215\"><a href=\"https:\/\/topa.be\/fr\/st-andries\/qr-codes\/qr07\/\" class=\"elementor-item\" tabindex=\"-1\">QR07 \u2013 Le Cours de la Vie<\/a><\/li>\n<li class=\"menu-item menu-item-type-post_type menu-item-object-page menu-item-60216\"><a href=\"https:\/\/topa.be\/fr\/st-andries\/qr-codes\/qr08\/\" class=\"elementor-item\" tabindex=\"-1\">QR08 \u2013 \u00c9pitaphe des augustins<\/a><\/li>\n<li class=\"menu-item menu-item-type-post_type menu-item-object-page menu-item-60217\"><a href=\"https:\/\/topa.be\/fr\/st-andries\/qr-codes\/qr09\/\" class=\"elementor-item\" tabindex=\"-1\">QR09 \u2013 L\u2019autel Saint-Eloy des monnayeurs<\/a><\/li>\n<li class=\"menu-item menu-item-type-post_type menu-item-object-page menu-item-60218\"><a href=\"https:\/\/topa.be\/fr\/st-andries\/qr-codes\/qr10\/\" class=\"elementor-item\" tabindex=\"-1\">QR10 \u2013 La salle du tr\u00e9sor<\/a><\/li>\n<li class=\"menu-item menu-item-type-post_type menu-item-object-page menu-item-60219\"><a href=\"https:\/\/topa.be\/fr\/st-andries\/qr-codes\/qr11\/\" class=\"elementor-item\" tabindex=\"-1\">QR11 \u2013 La chapelle Mariale<\/a><\/li>\n<li class=\"menu-item menu-item-type-post_type menu-item-object-page menu-item-60220\"><a href=\"https:\/\/topa.be\/fr\/st-andries\/qr-codes\/qr12\/\" class=\"elementor-item\" tabindex=\"-1\">QR12 \u2013 La confr\u00e9rie des \u00c2mes Croyantes<\/a><\/li>\n<li class=\"menu-item menu-item-type-post_type menu-item-object-page menu-item-60255\"><a href=\"https:\/\/topa.be\/fr\/st-andries\/qr-codes\/qr13\/\" class=\"elementor-item\" tabindex=\"-1\">QR13 \u2013 La statue de Saint Pierre<\/a><\/li>\n<li class=\"menu-item menu-item-type-post_type menu-item-object-page menu-item-60256\"><a href=\"https:\/\/topa.be\/fr\/st-andries\/qr-codes\/qr14\/\" class=\"elementor-item\" tabindex=\"-1\">QR14 \u2013 Le ma\u00eetre-autel<\/a><\/li>\n<li class=\"menu-item menu-item-type-post_type menu-item-object-page menu-item-60257\"><a href=\"https:\/\/topa.be\/fr\/st-andries\/qr-codes\/qr15\/\" class=\"elementor-item\" tabindex=\"-1\">QR15 \u2013 Le martyre de Saint Andr\u00e9<\/a><\/li>\n<li class=\"menu-item menu-item-type-post_type menu-item-object-page menu-item-60258\"><a href=\"https:\/\/topa.be\/fr\/st-andries\/qr-codes\/qr16\/\" class=\"elementor-item\" tabindex=\"-1\">QR16 \u2013 Le ch\u0153ur<\/a><\/li>\n<li class=\"menu-item menu-item-type-post_type menu-item-object-page menu-item-60259\"><a href=\"https:\/\/topa.be\/fr\/st-andries\/qr-codes\/qr17\/\" class=\"elementor-item\" tabindex=\"-1\">QR17 \u2013 La Chapelle du tr\u00e8s Saint Sacrement<\/a><\/li>\n<li class=\"menu-item menu-item-type-post_type menu-item-object-page menu-item-60260\"><a href=\"https:\/\/topa.be\/fr\/st-andries\/qr-codes\/qr18\/\" class=\"elementor-item\" tabindex=\"-1\">QR18 \u2013 L\u2019\u00e9pitaphe des dames d\u2019honneur de Mary Stuart<\/a><\/li>\n<li class=\"menu-item menu-item-type-post_type menu-item-object-page menu-item-60261\"><a href=\"https:\/\/topa.be\/fr\/st-andries\/qr-codes\/qr19\/\" class=\"elementor-item\" tabindex=\"-1\">QR19 \u2013 Qu\u2019est-ce que la v\u00e9rit\u00e9 ?<\/a><\/li>\n<li class=\"menu-item menu-item-type-post_type menu-item-object-page menu-item-60262\"><a href=\"https:\/\/topa.be\/fr\/st-andries\/qr-codes\/qr20\/\" class=\"elementor-item\" tabindex=\"-1\">QR20 \u2013 Le sac de frappe<\/a><\/li>\n<\/ul>\t\t\t<\/nav>\n\t\t\t\t\t\t<\/div>\n\t\t\t\t<\/div>\n\t\t\t\t\t<\/div>\n\t\t<\/div>\n\t\t\t\t\t<\/div>\n\t\t<\/section>\n\t\t\t\t<\/div>\n\t\t","protected":false},"excerpt":{"rendered":"<p>L\u2019\u00e9glise Saint-Andr\u00e9 d\u2019Anvers La Chapelle Mariale Une grande dame : Notre-Dame du Secours et de la Victoire statue\u00a0: apr\u00e8s 1585\u00a0; garde-robe\u00a0: principalement fin XVIIIe si\u00e8cle La statue de Marie en bois polychrome de style mani\u00e9riste, r\u00e9alis\u00e9e \u00e0 la fin du XVIe si\u00e8cle lors du r\u00e9tablissement faisant suite aux Iconoclasmes, pr\u00e9sente une \u00e9l\u00e9gance \u00e9tonnante et svelte. [&hellip;]<\/p>\n","protected":false},"author":16,"featured_media":0,"parent":38095,"menu_order":110,"comment_status":"closed","ping_status":"closed","template":"","meta":{"footnotes":""},"class_list":["post-38083","page","type-page","status-publish","hentry"],"aioseo_notices":[],"_links":{"self":[{"href":"https:\/\/topa.be\/fr\/wp-json\/wp\/v2\/pages\/38083","targetHints":{"allow":["GET"]}}],"collection":[{"href":"https:\/\/topa.be\/fr\/wp-json\/wp\/v2\/pages"}],"about":[{"href":"https:\/\/topa.be\/fr\/wp-json\/wp\/v2\/types\/page"}],"author":[{"embeddable":true,"href":"https:\/\/topa.be\/fr\/wp-json\/wp\/v2\/users\/16"}],"replies":[{"embeddable":true,"href":"https:\/\/topa.be\/fr\/wp-json\/wp\/v2\/comments?post=38083"}],"version-history":[{"count":3,"href":"https:\/\/topa.be\/fr\/wp-json\/wp\/v2\/pages\/38083\/revisions"}],"predecessor-version":[{"id":51495,"href":"https:\/\/topa.be\/fr\/wp-json\/wp\/v2\/pages\/38083\/revisions\/51495"}],"up":[{"embeddable":true,"href":"https:\/\/topa.be\/fr\/wp-json\/wp\/v2\/pages\/38095"}],"wp:attachment":[{"href":"https:\/\/topa.be\/fr\/wp-json\/wp\/v2\/media?parent=38083"}],"curies":[{"name":"wp","href":"https:\/\/api.w.org\/{rel}","templated":true}]}}