{"id":38081,"date":"2021-05-28T12:46:07","date_gmt":"2021-05-28T10:46:07","guid":{"rendered":"http:\/\/topa.be\/qr12\/"},"modified":"2021-08-06T20:02:32","modified_gmt":"2021-08-06T18:02:32","slug":"qr12","status":"publish","type":"page","link":"https:\/\/topa.be\/fr\/st-andries\/qr-codes\/qr12\/","title":{"rendered":"SAK QR12 \u2013 Le catalogue de la confr\u00e9rie des \u00c2mes Croyantes"},"content":{"rendered":"\t\t<div data-elementor-type=\"wp-page\" data-elementor-id=\"38081\" class=\"elementor elementor-38081 elementor-33670\" data-elementor-post-type=\"page\">\n\t\t\t\t\t\t<section class=\"elementor-section elementor-top-section elementor-element elementor-element-a2eb00f elementor-section-boxed elementor-section-height-default elementor-section-height-default\" data-id=\"a2eb00f\" data-element_type=\"section\" data-e-type=\"section\">\n\t\t\t\t\t\t<div class=\"elementor-container elementor-column-gap-default\">\n\t\t\t\t\t<div class=\"elementor-column elementor-col-66 elementor-top-column elementor-element elementor-element-699605a\" data-id=\"699605a\" data-element_type=\"column\" data-e-type=\"column\">\n\t\t\t<div class=\"elementor-widget-wrap elementor-element-populated\">\n\t\t\t\t\t\t<div class=\"elementor-element elementor-element-472d047 elementor-widget elementor-widget-heading\" data-id=\"472d047\" data-element_type=\"widget\" data-e-type=\"widget\" data-widget_type=\"heading.default\">\n\t\t\t\t<div class=\"elementor-widget-container\">\n\t\t\t\t\t<h2 class=\"elementor-heading-title elementor-size-default\">L\u2019\u00e9glise Saint-Andr\u00e9 d\u2019Anvers<\/h2>\t\t\t\t<\/div>\n\t\t\t\t<\/div>\n\t\t\t\t<div class=\"elementor-element elementor-element-dfc9bb7 elementor-widget elementor-widget-heading\" data-id=\"dfc9bb7\" data-element_type=\"widget\" data-e-type=\"widget\" data-widget_type=\"heading.default\">\n\t\t\t\t<div class=\"elementor-widget-container\">\n\t\t\t\t\t<h2 class=\"elementor-heading-title elementor-size-default\">La confr\u00e9rie des \u00c2mes Croyantes<\/h2>\t\t\t\t<\/div>\n\t\t\t\t<\/div>\n\t\t\t\t<div class=\"elementor-element elementor-element-2383797 elementor-widget elementor-widget-text-editor\" data-id=\"2383797\" data-element_type=\"widget\" data-e-type=\"widget\" data-widget_type=\"text-editor.default\">\n\t\t\t\t<div class=\"elementor-widget-container\">\n\t\t\t\t\t\t\t\t\t<p style=\"text-align: justify;\">Catalogue avec groupe statuaire en bois peint <em>\u2018<\/em><em>le purgatoire\u2019<\/em>, Peter I Scheemaeckers, d\u2019apr\u00e8s le mod\u00e8le de Hendrik Frans Verbrugghen, 1710.<\/p>\n<p style=\"text-align: justify;\">La mission essentielle de la Confr\u00e9rie des \u00c2mes Croyantes, fond\u00e9e en 1709, est de prier pour les d\u00e9funts, afin que les \u00e2mes prisonni\u00e8res du purgatoire puissent enfin acc\u00e9der \u00e0 la f\u00e9licit\u00e9 \u00e9ternelle. Implorer la gr\u00e2ce de Dieu pour un autre: une forme de solidarit\u00e9 au-del\u00e0 de la mort. Une solidarit\u00e9 dans la pri\u00e8re pour les d\u00e9funts qui souffrent parce que leur aspiration au bien sur terre n\u2019est pas suffisante.<\/p>\n<p style=\"text-align: justify;\">L\u2019impressionnante liste des membres a pris ici, exceptionnellement, la forme d\u2019un v\u00e9ritable monument d\u00e9cor\u00e9 d\u2019une sc\u00e8ne extr\u00eamement imag\u00e9e: le purgatoire. L\u2019id\u00e9e est de repr\u00e9senter la conception catholique de l\u2019au-del\u00e0. Selon la foi catholique, tout \u00eatre libre est responsable de ses actes et il est possible \u2013 m\u00eame apr\u00e8s la mort- de lui demander des comptes. Comme le choix fondamental entre le bien et le mal n\u2019est pas si \u00e9vident pour la plupart, il importe que leur choix d\u00e9finitif m\u00fbrisse pendant une p\u00e9riode douloureuse d\u2019attente. Le mot purgatoire vient de purgare (purger) dans le feu qui doit s\u00e9parer le m\u00e9tal pr\u00e9cieux du minerai qui le contient. Pour p\u00e9nible que soit l\u2019attente, il y a lieu d\u2019esp\u00e9rer dans la mesure o\u00f9 le bonheur c\u00e9leste reste accessible.<\/p>\n<p style=\"text-align: justify;\">Quatre figures sont immerg\u00e9es dans la mer de flammes tandis que, sur le c\u00f4t\u00e9, un homme et une femme sont tir\u00e9s du brasier par un ange qui les am\u00e8ne au ciel: une image tridimensionnelle. L\u2019aspiration \u00e0 \u00eatre d\u00e9livr\u00e9 du purgatoire est furieusement palpable. Cette d\u00e9livrance du purgatoire peut avoir lieu gr\u00e2ce aux bonnes actions de la personne au cours de sa vie pass\u00e9e ainsi qu\u2019aux pri\u00e8res des survivants solidaires dans cette vie. Les troph\u00e9es du rosaire, la croix et les livres de pri\u00e8re de part et d\u2019autre, ainsi que des br\u00e9viaires d\u00e9pos\u00e9s de fa\u00e7on nonchalante sur la corniche, \u00e9voquent la pri\u00e8re des membres de la Confr\u00e9rie.<\/p>\n<p style=\"text-align: justify;\">Pour copier les monuments comm\u00e9moratifs en marbre, plus riches et \u00e0 la mode, le groupe sculptural en bois est peint en blanc et en gris clair de fa\u00e7on \u00e0 imiter la pierre. Si l\u2019ensemble a \u00e9t\u00e9, \u00e0 l\u2019origine, seulement accentu\u00e9 de dorures, les flammes ressortent mieux aujourd\u2019hui car recouvertes de peinture rouge. Cette polychromie tardive a cependant \u00e9t\u00e9 conserv\u00e9e lors de sa restauration en 2004.<\/p>\n<p style=\"text-align: justify;\">Une m\u00e9taphore d\u2019actualit\u00e9 t\u00e2che de rendre la m\u00eame id\u00e9e du purgatoire: le point d\u2019arr\u00eat d\u2019autobus illustre le caract\u00e8re \u00e0 la fois temporaire et douloureux de la promesse du purgatoire.<\/p>\n\t\t\t\t\t\t\t\t<\/div>\n\t\t\t\t<\/div>\n\t\t\t\t<div class=\"elementor-element elementor-element-6687b26 elementor-widget elementor-widget-button\" data-id=\"6687b26\" data-element_type=\"widget\" data-e-type=\"widget\" data-widget_type=\"button.default\">\n\t\t\t\t<div class=\"elementor-widget-container\">\n\t\t\t\t\t\t\t\t\t<div class=\"elementor-button-wrapper\">\n\t\t\t\t\t<a class=\"elementor-button elementor-button-link elementor-size-sm\" href=\"http:\/\/topa.be\/en\/st-andries\/beschrijving\/funeraria\/\">\n\t\t\t\t\t\t<span class=\"elementor-button-content-wrapper\">\n\t\t\t\t\t\t<span class=\"elementor-button-icon\">\n\t\t\t\t<i aria-hidden=\"true\" class=\"fas fa-book-reader\"><\/i>\t\t\t<\/span>\n\t\t\t\t\t\t\t\t\t<span class=\"elementor-button-text\">Read more?<\/span>\n\t\t\t\t\t<\/span>\n\t\t\t\t\t<\/a>\n\t\t\t\t<\/div>\n\t\t\t\t\t\t\t\t<\/div>\n\t\t\t\t<\/div>\n\t\t\t\t\t<\/div>\n\t\t<\/div>\n\t\t\t\t<div class=\"elementor-column elementor-col-33 elementor-top-column elementor-element elementor-element-5fc71b2\" data-id=\"5fc71b2\" data-element_type=\"column\" data-e-type=\"column\">\n\t\t\t<div class=\"elementor-widget-wrap elementor-element-populated\">\n\t\t\t\t\t\t<div class=\"elementor-element elementor-element-265d742 elementor-nav-menu--dropdown-tablet elementor-nav-menu__text-align-aside elementor-nav-menu--toggle elementor-nav-menu--burger elementor-widget elementor-widget-nav-menu\" data-id=\"265d742\" data-element_type=\"widget\" data-e-type=\"widget\" data-settings=\"{&quot;layout&quot;:&quot;vertical&quot;,&quot;submenu_icon&quot;:{&quot;value&quot;:&quot;&lt;i class=\\&quot;fas fa-caret-down\\&quot; aria-hidden=\\&quot;true\\&quot;&gt;&lt;\\\/i&gt;&quot;,&quot;library&quot;:&quot;fa-solid&quot;},&quot;toggle&quot;:&quot;burger&quot;}\" data-widget_type=\"nav-menu.default\">\n\t\t\t\t<div class=\"elementor-widget-container\">\n\t\t\t\t\t\t\t\t<nav aria-label=\"Menu\" class=\"elementor-nav-menu--main elementor-nav-menu__container elementor-nav-menu--layout-vertical e--pointer-framed e--animation-fade\">\n\t\t\t\t<ul id=\"menu-1-265d742\" class=\"elementor-nav-menu sm-vertical\"><li class=\"menu-item menu-item-type-post_type menu-item-object-page menu-item-60166\"><a href=\"https:\/\/topa.be\/fr\/st-andries\/qr-codes\/qr01\/\" class=\"elementor-item\">QR01 \u2013 \u00c9glise Saint-Andr\u00e9 \u2013 introduction<\/a><\/li>\n<li class=\"menu-item menu-item-type-post_type menu-item-object-page menu-item-60167\"><a href=\"https:\/\/topa.be\/fr\/st-andries\/qr-codes\/qr02\/\" class=\"elementor-item\">QR02 \u2013 L\u2019histoire<\/a><\/li>\n<li class=\"menu-item menu-item-type-post_type menu-item-object-page menu-item-60211\"><a href=\"https:\/\/topa.be\/fr\/st-andries\/qr-codes\/qr03\/\" class=\"elementor-item\">QR03 \u2013 La tour<\/a><\/li>\n<li class=\"menu-item menu-item-type-post_type menu-item-object-page menu-item-60212\"><a href=\"https:\/\/topa.be\/fr\/st-andries\/qr-codes\/qr04\/\" class=\"elementor-item\">QR04 \u2013 L\u2019int\u00e9rieur<\/a><\/li>\n<li class=\"menu-item menu-item-type-post_type menu-item-object-page menu-item-60213\"><a href=\"https:\/\/topa.be\/fr\/st-andries\/qr-codes\/qr05\/\" class=\"elementor-item\">QR05 \u2013 La chaire de v\u00e9rit\u00e9<\/a><\/li>\n<li class=\"menu-item menu-item-type-post_type menu-item-object-page menu-item-60214\"><a href=\"https:\/\/topa.be\/fr\/st-andries\/qr-codes\/qr06\/\" class=\"elementor-item\">QR06 \u2013 Les autels lat\u00e9raux<\/a><\/li>\n<li class=\"menu-item menu-item-type-post_type menu-item-object-page menu-item-60215\"><a href=\"https:\/\/topa.be\/fr\/st-andries\/qr-codes\/qr07\/\" class=\"elementor-item\">QR07 \u2013 Le Cours de la Vie<\/a><\/li>\n<li class=\"menu-item menu-item-type-post_type menu-item-object-page menu-item-60216\"><a href=\"https:\/\/topa.be\/fr\/st-andries\/qr-codes\/qr08\/\" class=\"elementor-item\">QR08 \u2013 \u00c9pitaphe des augustins<\/a><\/li>\n<li class=\"menu-item menu-item-type-post_type menu-item-object-page menu-item-60217\"><a href=\"https:\/\/topa.be\/fr\/st-andries\/qr-codes\/qr09\/\" class=\"elementor-item\">QR09 \u2013 L\u2019autel Saint-Eloy des monnayeurs<\/a><\/li>\n<li class=\"menu-item menu-item-type-post_type menu-item-object-page menu-item-60218\"><a href=\"https:\/\/topa.be\/fr\/st-andries\/qr-codes\/qr10\/\" class=\"elementor-item\">QR10 \u2013 La salle du tr\u00e9sor<\/a><\/li>\n<li class=\"menu-item menu-item-type-post_type menu-item-object-page menu-item-60219\"><a href=\"https:\/\/topa.be\/fr\/st-andries\/qr-codes\/qr11\/\" class=\"elementor-item\">QR11 \u2013 La chapelle Mariale<\/a><\/li>\n<li class=\"menu-item menu-item-type-post_type menu-item-object-page menu-item-60220\"><a href=\"https:\/\/topa.be\/fr\/st-andries\/qr-codes\/qr12\/\" class=\"elementor-item\">QR12 \u2013 La confr\u00e9rie des \u00c2mes Croyantes<\/a><\/li>\n<li class=\"menu-item menu-item-type-post_type menu-item-object-page menu-item-60255\"><a href=\"https:\/\/topa.be\/fr\/st-andries\/qr-codes\/qr13\/\" class=\"elementor-item\">QR13 \u2013 La statue de Saint Pierre<\/a><\/li>\n<li class=\"menu-item menu-item-type-post_type menu-item-object-page menu-item-60256\"><a href=\"https:\/\/topa.be\/fr\/st-andries\/qr-codes\/qr14\/\" class=\"elementor-item\">QR14 \u2013 Le ma\u00eetre-autel<\/a><\/li>\n<li class=\"menu-item menu-item-type-post_type menu-item-object-page menu-item-60257\"><a href=\"https:\/\/topa.be\/fr\/st-andries\/qr-codes\/qr15\/\" class=\"elementor-item\">QR15 \u2013 Le martyre de Saint Andr\u00e9<\/a><\/li>\n<li class=\"menu-item menu-item-type-post_type menu-item-object-page menu-item-60258\"><a href=\"https:\/\/topa.be\/fr\/st-andries\/qr-codes\/qr16\/\" class=\"elementor-item\">QR16 \u2013 Le ch\u0153ur<\/a><\/li>\n<li class=\"menu-item menu-item-type-post_type menu-item-object-page menu-item-60259\"><a href=\"https:\/\/topa.be\/fr\/st-andries\/qr-codes\/qr17\/\" class=\"elementor-item\">QR17 \u2013 La Chapelle du tr\u00e8s Saint Sacrement<\/a><\/li>\n<li class=\"menu-item menu-item-type-post_type menu-item-object-page menu-item-60260\"><a href=\"https:\/\/topa.be\/fr\/st-andries\/qr-codes\/qr18\/\" class=\"elementor-item\">QR18 \u2013 L\u2019\u00e9pitaphe des dames d\u2019honneur de Mary Stuart<\/a><\/li>\n<li class=\"menu-item menu-item-type-post_type menu-item-object-page menu-item-60261\"><a href=\"https:\/\/topa.be\/fr\/st-andries\/qr-codes\/qr19\/\" class=\"elementor-item\">QR19 \u2013 Qu\u2019est-ce que la v\u00e9rit\u00e9 ?<\/a><\/li>\n<li class=\"menu-item menu-item-type-post_type menu-item-object-page menu-item-60262\"><a href=\"https:\/\/topa.be\/fr\/st-andries\/qr-codes\/qr20\/\" class=\"elementor-item\">QR20 \u2013 Le sac de frappe<\/a><\/li>\n<\/ul>\t\t\t<\/nav>\n\t\t\t\t\t<div class=\"elementor-menu-toggle\" role=\"button\" tabindex=\"0\" aria-label=\"Permuter le menu\" aria-expanded=\"false\">\n\t\t\t<i aria-hidden=\"true\" role=\"presentation\" class=\"elementor-menu-toggle__icon--open eicon-menu-bar\"><\/i><i aria-hidden=\"true\" role=\"presentation\" class=\"elementor-menu-toggle__icon--close eicon-close\"><\/i>\t\t<\/div>\n\t\t\t\t\t<nav class=\"elementor-nav-menu--dropdown elementor-nav-menu__container\" aria-hidden=\"true\">\n\t\t\t\t<ul id=\"menu-2-265d742\" class=\"elementor-nav-menu sm-vertical\"><li class=\"menu-item menu-item-type-post_type menu-item-object-page menu-item-60166\"><a href=\"https:\/\/topa.be\/fr\/st-andries\/qr-codes\/qr01\/\" class=\"elementor-item\" tabindex=\"-1\">QR01 \u2013 \u00c9glise Saint-Andr\u00e9 \u2013 introduction<\/a><\/li>\n<li class=\"menu-item menu-item-type-post_type menu-item-object-page menu-item-60167\"><a href=\"https:\/\/topa.be\/fr\/st-andries\/qr-codes\/qr02\/\" class=\"elementor-item\" tabindex=\"-1\">QR02 \u2013 L\u2019histoire<\/a><\/li>\n<li class=\"menu-item menu-item-type-post_type menu-item-object-page menu-item-60211\"><a href=\"https:\/\/topa.be\/fr\/st-andries\/qr-codes\/qr03\/\" class=\"elementor-item\" tabindex=\"-1\">QR03 \u2013 La tour<\/a><\/li>\n<li class=\"menu-item menu-item-type-post_type menu-item-object-page menu-item-60212\"><a href=\"https:\/\/topa.be\/fr\/st-andries\/qr-codes\/qr04\/\" class=\"elementor-item\" tabindex=\"-1\">QR04 \u2013 L\u2019int\u00e9rieur<\/a><\/li>\n<li class=\"menu-item menu-item-type-post_type menu-item-object-page menu-item-60213\"><a href=\"https:\/\/topa.be\/fr\/st-andries\/qr-codes\/qr05\/\" class=\"elementor-item\" tabindex=\"-1\">QR05 \u2013 La chaire de v\u00e9rit\u00e9<\/a><\/li>\n<li class=\"menu-item menu-item-type-post_type menu-item-object-page menu-item-60214\"><a href=\"https:\/\/topa.be\/fr\/st-andries\/qr-codes\/qr06\/\" class=\"elementor-item\" tabindex=\"-1\">QR06 \u2013 Les autels lat\u00e9raux<\/a><\/li>\n<li class=\"menu-item menu-item-type-post_type menu-item-object-page menu-item-60215\"><a href=\"https:\/\/topa.be\/fr\/st-andries\/qr-codes\/qr07\/\" class=\"elementor-item\" tabindex=\"-1\">QR07 \u2013 Le Cours de la Vie<\/a><\/li>\n<li class=\"menu-item menu-item-type-post_type menu-item-object-page menu-item-60216\"><a href=\"https:\/\/topa.be\/fr\/st-andries\/qr-codes\/qr08\/\" class=\"elementor-item\" tabindex=\"-1\">QR08 \u2013 \u00c9pitaphe des augustins<\/a><\/li>\n<li class=\"menu-item menu-item-type-post_type menu-item-object-page menu-item-60217\"><a href=\"https:\/\/topa.be\/fr\/st-andries\/qr-codes\/qr09\/\" class=\"elementor-item\" tabindex=\"-1\">QR09 \u2013 L\u2019autel Saint-Eloy des monnayeurs<\/a><\/li>\n<li class=\"menu-item menu-item-type-post_type menu-item-object-page menu-item-60218\"><a href=\"https:\/\/topa.be\/fr\/st-andries\/qr-codes\/qr10\/\" class=\"elementor-item\" tabindex=\"-1\">QR10 \u2013 La salle du tr\u00e9sor<\/a><\/li>\n<li class=\"menu-item menu-item-type-post_type menu-item-object-page menu-item-60219\"><a href=\"https:\/\/topa.be\/fr\/st-andries\/qr-codes\/qr11\/\" class=\"elementor-item\" tabindex=\"-1\">QR11 \u2013 La chapelle Mariale<\/a><\/li>\n<li class=\"menu-item menu-item-type-post_type menu-item-object-page menu-item-60220\"><a href=\"https:\/\/topa.be\/fr\/st-andries\/qr-codes\/qr12\/\" class=\"elementor-item\" tabindex=\"-1\">QR12 \u2013 La confr\u00e9rie des \u00c2mes Croyantes<\/a><\/li>\n<li class=\"menu-item menu-item-type-post_type menu-item-object-page menu-item-60255\"><a href=\"https:\/\/topa.be\/fr\/st-andries\/qr-codes\/qr13\/\" class=\"elementor-item\" tabindex=\"-1\">QR13 \u2013 La statue de Saint Pierre<\/a><\/li>\n<li class=\"menu-item menu-item-type-post_type menu-item-object-page menu-item-60256\"><a href=\"https:\/\/topa.be\/fr\/st-andries\/qr-codes\/qr14\/\" class=\"elementor-item\" tabindex=\"-1\">QR14 \u2013 Le ma\u00eetre-autel<\/a><\/li>\n<li class=\"menu-item menu-item-type-post_type menu-item-object-page menu-item-60257\"><a href=\"https:\/\/topa.be\/fr\/st-andries\/qr-codes\/qr15\/\" class=\"elementor-item\" tabindex=\"-1\">QR15 \u2013 Le martyre de Saint Andr\u00e9<\/a><\/li>\n<li class=\"menu-item menu-item-type-post_type menu-item-object-page menu-item-60258\"><a href=\"https:\/\/topa.be\/fr\/st-andries\/qr-codes\/qr16\/\" class=\"elementor-item\" tabindex=\"-1\">QR16 \u2013 Le ch\u0153ur<\/a><\/li>\n<li class=\"menu-item menu-item-type-post_type menu-item-object-page menu-item-60259\"><a href=\"https:\/\/topa.be\/fr\/st-andries\/qr-codes\/qr17\/\" class=\"elementor-item\" tabindex=\"-1\">QR17 \u2013 La Chapelle du tr\u00e8s Saint Sacrement<\/a><\/li>\n<li class=\"menu-item menu-item-type-post_type menu-item-object-page menu-item-60260\"><a href=\"https:\/\/topa.be\/fr\/st-andries\/qr-codes\/qr18\/\" class=\"elementor-item\" tabindex=\"-1\">QR18 \u2013 L\u2019\u00e9pitaphe des dames d\u2019honneur de Mary Stuart<\/a><\/li>\n<li class=\"menu-item menu-item-type-post_type menu-item-object-page menu-item-60261\"><a href=\"https:\/\/topa.be\/fr\/st-andries\/qr-codes\/qr19\/\" class=\"elementor-item\" tabindex=\"-1\">QR19 \u2013 Qu\u2019est-ce que la v\u00e9rit\u00e9 ?<\/a><\/li>\n<li class=\"menu-item menu-item-type-post_type menu-item-object-page menu-item-60262\"><a href=\"https:\/\/topa.be\/fr\/st-andries\/qr-codes\/qr20\/\" class=\"elementor-item\" tabindex=\"-1\">QR20 \u2013 Le sac de frappe<\/a><\/li>\n<\/ul>\t\t\t<\/nav>\n\t\t\t\t\t\t<\/div>\n\t\t\t\t<\/div>\n\t\t\t\t\t<\/div>\n\t\t<\/div>\n\t\t\t\t\t<\/div>\n\t\t<\/section>\n\t\t\t\t<\/div>\n\t\t","protected":false},"excerpt":{"rendered":"<p>L\u2019\u00e9glise Saint-Andr\u00e9 d\u2019Anvers La confr\u00e9rie des \u00c2mes Croyantes Catalogue avec groupe statuaire en bois peint \u2018le purgatoire\u2019, Peter I Scheemaeckers, d\u2019apr\u00e8s le mod\u00e8le de Hendrik Frans Verbrugghen, 1710. La mission essentielle de la Confr\u00e9rie des \u00c2mes Croyantes, fond\u00e9e en 1709, est de prier pour les d\u00e9funts, afin que les \u00e2mes prisonni\u00e8res du purgatoire puissent enfin [&hellip;]<\/p>\n","protected":false},"author":16,"featured_media":0,"parent":38095,"menu_order":120,"comment_status":"closed","ping_status":"closed","template":"","meta":{"footnotes":""},"class_list":["post-38081","page","type-page","status-publish","hentry"],"aioseo_notices":[],"_links":{"self":[{"href":"https:\/\/topa.be\/fr\/wp-json\/wp\/v2\/pages\/38081","targetHints":{"allow":["GET"]}}],"collection":[{"href":"https:\/\/topa.be\/fr\/wp-json\/wp\/v2\/pages"}],"about":[{"href":"https:\/\/topa.be\/fr\/wp-json\/wp\/v2\/types\/page"}],"author":[{"embeddable":true,"href":"https:\/\/topa.be\/fr\/wp-json\/wp\/v2\/users\/16"}],"replies":[{"embeddable":true,"href":"https:\/\/topa.be\/fr\/wp-json\/wp\/v2\/comments?post=38081"}],"version-history":[{"count":3,"href":"https:\/\/topa.be\/fr\/wp-json\/wp\/v2\/pages\/38081\/revisions"}],"predecessor-version":[{"id":51498,"href":"https:\/\/topa.be\/fr\/wp-json\/wp\/v2\/pages\/38081\/revisions\/51498"}],"up":[{"embeddable":true,"href":"https:\/\/topa.be\/fr\/wp-json\/wp\/v2\/pages\/38095"}],"wp:attachment":[{"href":"https:\/\/topa.be\/fr\/wp-json\/wp\/v2\/media?parent=38081"}],"curies":[{"name":"wp","href":"https:\/\/api.w.org\/{rel}","templated":true}]}}