{"id":38079,"date":"2021-05-28T12:44:30","date_gmt":"2021-05-28T10:44:30","guid":{"rendered":"http:\/\/topa.be\/monumentale-kerken\/heilig-hart-van-jezus\/"},"modified":"2022-03-21T17:03:14","modified_gmt":"2022-03-21T16:03:14","slug":"heilig-hart-van-jezus","status":"publish","type":"page","link":"https:\/\/topa.be\/fr\/monumentale-kerken\/heilig-hart-van-jezus\/","title":{"rendered":"\u00c9glise du Sacr\u00e9-Coeur de J\u00e9sus"},"content":{"rendered":"\t\t<div data-elementor-type=\"wp-page\" data-elementor-id=\"38079\" class=\"elementor elementor-38079 elementor-33997\" data-elementor-post-type=\"page\">\n\t\t\t\t\t\t<section class=\"elementor-section elementor-top-section elementor-element elementor-element-dd2ef19 elementor-section-boxed elementor-section-height-default elementor-section-height-default\" data-id=\"dd2ef19\" data-element_type=\"section\" data-e-type=\"section\">\n\t\t\t\t\t\t<div class=\"elementor-container elementor-column-gap-default\">\n\t\t\t\t\t<div class=\"elementor-column elementor-col-100 elementor-top-column elementor-element elementor-element-d952bde\" data-id=\"d952bde\" data-element_type=\"column\" data-e-type=\"column\">\n\t\t\t<div class=\"elementor-widget-wrap elementor-element-populated\">\n\t\t\t\t\t\t<div class=\"elementor-element elementor-element-71fdc0e elementor-widget elementor-widget-heading\" data-id=\"71fdc0e\" data-element_type=\"widget\" data-e-type=\"widget\" data-widget_type=\"heading.default\">\n\t\t\t\t<div class=\"elementor-widget-container\">\n\t\t\t\t\t<h1 class=\"elementor-heading-title elementor-size-default\">\u00c9glise du Sacr\u00e9-C\u0153ur de J\u00e9sus<\/h1>\t\t\t\t<\/div>\n\t\t\t\t<\/div>\n\t\t\t\t\t<\/div>\n\t\t<\/div>\n\t\t\t\t\t<\/div>\n\t\t<\/section>\n\t\t\t\t<section class=\"elementor-section elementor-top-section elementor-element elementor-element-c01294d elementor-section-boxed elementor-section-height-default elementor-section-height-default\" data-id=\"c01294d\" data-element_type=\"section\" data-e-type=\"section\">\n\t\t\t\t\t\t<div class=\"elementor-container elementor-column-gap-default\">\n\t\t\t\t\t<div class=\"elementor-column elementor-col-50 elementor-top-column elementor-element elementor-element-bb90121\" data-id=\"bb90121\" data-element_type=\"column\" data-e-type=\"column\">\n\t\t\t<div class=\"elementor-widget-wrap elementor-element-populated\">\n\t\t\t\t\t\t<div class=\"elementor-element elementor-element-4afd358 elementor-widget elementor-widget-image\" data-id=\"4afd358\" data-element_type=\"widget\" data-e-type=\"widget\" data-widget_type=\"image.default\">\n\t\t\t\t<div class=\"elementor-widget-container\">\n\t\t\t\t\t\t\t\t\t\t\t\t\t\t\t\t<a href=\"https:\/\/topa.be\/wp-content\/uploads\/Antwerpen-Heilig-Hart-Ontwerp.jpg\" data-elementor-open-lightbox=\"yes\" data-elementor-lightbox-title=\"Antwerpen-Heilig-Hart-Ontwerp\" data-e-action-hash=\"#elementor-action%3Aaction%3Dlightbox%26settings%3DeyJpZCI6MTMyMDQsInVybCI6Imh0dHBzOlwvXC90b3BhLmJlXC93cC1jb250ZW50XC91cGxvYWRzXC9BbnR3ZXJwZW4tSGVpbGlnLUhhcnQtT250d2VycC5qcGcifQ%3D%3D\">\n\t\t\t\t\t\t\t<img fetchpriority=\"high\" decoding=\"async\" width=\"469\" height=\"375\" src=\"https:\/\/topa.be\/wp-content\/uploads\/Antwerpen-Heilig-Hart-Ontwerp.jpg\" class=\"attachment-large size-large wp-image-13204\" alt=\"\" srcset=\"https:\/\/topa.be\/wp-content\/uploads\/Antwerpen-Heilig-Hart-Ontwerp.jpg 469w, https:\/\/topa.be\/wp-content\/uploads\/Antwerpen-Heilig-Hart-Ontwerp-300x240.jpg 300w, https:\/\/topa.be\/wp-content\/uploads\/Antwerpen-Heilig-Hart-Ontwerp-200x160.jpg 200w\" sizes=\"(max-width: 469px) 100vw, 469px\" \/>\t\t\t\t\t\t\t\t<\/a>\n\t\t\t\t\t\t\t\t\t\t\t\t\t\t\t<\/div>\n\t\t\t\t<\/div>\n\t\t\t\t\t<\/div>\n\t\t<\/div>\n\t\t\t\t<div class=\"elementor-column elementor-col-50 elementor-top-column elementor-element elementor-element-31e3509\" data-id=\"31e3509\" data-element_type=\"column\" data-e-type=\"column\">\n\t\t\t<div class=\"elementor-widget-wrap elementor-element-populated\">\n\t\t\t\t\t\t<div class=\"elementor-element elementor-element-acef373 elementor-widget elementor-widget-image\" data-id=\"acef373\" data-element_type=\"widget\" data-e-type=\"widget\" data-widget_type=\"image.default\">\n\t\t\t\t<div class=\"elementor-widget-container\">\n\t\t\t\t\t\t\t\t\t\t\t\t\t\t\t<img decoding=\"async\" width=\"800\" height=\"638\" src=\"https:\/\/topa.be\/wp-content\/uploads\/Antwerpen-Heilig-Hart-Binnen.jpg\" class=\"attachment-large size-large wp-image-13192\" alt=\"\" srcset=\"https:\/\/topa.be\/wp-content\/uploads\/Antwerpen-Heilig-Hart-Binnen.jpg 1003w, https:\/\/topa.be\/wp-content\/uploads\/Antwerpen-Heilig-Hart-Binnen-300x239.jpg 300w, https:\/\/topa.be\/wp-content\/uploads\/Antwerpen-Heilig-Hart-Binnen-200x160.jpg 200w, https:\/\/topa.be\/wp-content\/uploads\/Antwerpen-Heilig-Hart-Binnen-768x613.jpg 768w\" sizes=\"(max-width: 800px) 100vw, 800px\" \/>\t\t\t\t\t\t\t\t\t\t\t\t\t\t\t<\/div>\n\t\t\t\t<\/div>\n\t\t\t\t\t<\/div>\n\t\t<\/div>\n\t\t\t\t\t<\/div>\n\t\t<\/section>\n\t\t\t\t<section class=\"elementor-section elementor-top-section elementor-element elementor-element-82ba7e7 elementor-section-boxed elementor-section-height-default elementor-section-height-default\" data-id=\"82ba7e7\" data-element_type=\"section\" data-e-type=\"section\">\n\t\t\t\t\t\t<div class=\"elementor-container elementor-column-gap-default\">\n\t\t\t\t\t<div class=\"elementor-column elementor-col-100 elementor-top-column elementor-element elementor-element-f0e3182\" data-id=\"f0e3182\" data-element_type=\"column\" data-e-type=\"column\">\n\t\t\t<div class=\"elementor-widget-wrap elementor-element-populated\">\n\t\t\t\t\t\t<div class=\"elementor-element elementor-element-625fa42 elementor-widget elementor-widget-text-editor\" data-id=\"625fa42\" data-element_type=\"widget\" data-e-type=\"widget\" data-widget_type=\"text-editor.default\">\n\t\t\t\t<div class=\"elementor-widget-container\">\n\t\t\t\t\t\t\t\t\t<p style=\"text-align: justify;\">Cette \u00e9glise n\u00e9o-romane d\u00e9di\u00e9e au Sacr\u00e9-C\u0153ur a \u00e9t\u00e9 construite en 1933-1934. Le concepteur E. Goethals s\u2019est inspir\u00e9 du Sacr\u00e9-C\u0153ur \u00e0 Paris. L\u2019\u00e9glise se remarque \u00e0 peine de l\u2019ext\u00e9rieur,\u00a0mais l\u2019int\u00e9rieur est d\u2019autant plus remarquable avec sa surprenante coupole \u00e0 douze c\u00f4t\u00e9s d\u2019un diam\u00e8tre de 25 m\u00e8tres, son grand espace ouvert et dans le ch\u0153ur ses magnifiques vitraux de Marc de Groot.<\/p>\n<p style=\"text-align: justify;\">L\u2019\u00e9glise est situ\u00e9e dans un quartier r\u00e9solument multiculturel de la ville. La paroisse fait partie de la F\u00e9d\u00e9ration \u00ab\u00a0Warm Noord\u00a0\u00bb qui regroupe les \u00e9glises d\u2019Anvers Nord. Le dimanche, l\u2019\u00e9glise accueille aussi bien une Eucharistie catholique romaine qu\u2019une Eucharistie gr\u00e9co-catholique.<\/p>\n\t\t\t\t\t\t\t\t<\/div>\n\t\t\t\t<\/div>\n\t\t\t\t\t<\/div>\n\t\t<\/div>\n\t\t\t\t\t<\/div>\n\t\t<\/section>\n\t\t\t\t<section class=\"elementor-section elementor-top-section elementor-element elementor-element-302b9be1 elementor-section-boxed elementor-section-height-default elementor-section-height-default\" data-id=\"302b9be1\" data-element_type=\"section\" data-e-type=\"section\">\n\t\t\t\t\t\t<div class=\"elementor-container elementor-column-gap-default\">\n\t\t\t\t\t<div class=\"elementor-column elementor-col-100 elementor-top-column elementor-element elementor-element-422ae01b\" data-id=\"422ae01b\" data-element_type=\"column\" data-e-type=\"column\">\n\t\t\t<div class=\"elementor-widget-wrap elementor-element-populated\">\n\t\t\t\t\t\t<div class=\"elementor-element elementor-element-4f8ccb1e elementor-widget elementor-widget-text-editor\" data-id=\"4f8ccb1e\" data-element_type=\"widget\" data-e-type=\"widget\" data-widget_type=\"text-editor.default\">\n\t\t\t\t<div class=\"elementor-widget-container\">\n\t\t\t\t\t\t\t\t\t<p style=\"text-align: justify;\">Sur <a href=\"https:\/\/goo.gl\/maps\/5UyMZCptUkUq7SW57\"><strong>CETTE CARTE<\/strong><\/a> vous pouvez d\u00e9terminer un itin\u00e9raire en fonction de votre moyen de transport.<br \/>\nEssayez aussi VELO-Antwerpen\u00a0:\u00a0<strong><a href=\"https:\/\/www.velo-antwerpen.be\/fr\">https:\/\/www.velo-antwerpen.be\/fr<\/a><\/strong><\/p>\n\t\t\t\t\t\t\t\t<\/div>\n\t\t\t\t<\/div>\n\t\t\t\t\t<\/div>\n\t\t<\/div>\n\t\t\t\t\t<\/div>\n\t\t<\/section>\n\t\t\t\t<section class=\"elementor-section elementor-top-section elementor-element elementor-element-9ee20a7 elementor-section-boxed elementor-section-height-default elementor-section-height-default\" data-id=\"9ee20a7\" data-element_type=\"section\" data-e-type=\"section\">\n\t\t\t\t\t\t<div class=\"elementor-container elementor-column-gap-default\">\n\t\t\t\t\t<div class=\"elementor-column elementor-col-50 elementor-top-column elementor-element elementor-element-5bafca0\" data-id=\"5bafca0\" data-element_type=\"column\" data-e-type=\"column\">\n\t\t\t<div class=\"elementor-widget-wrap elementor-element-populated\">\n\t\t\t\t\t\t<div class=\"elementor-element elementor-element-a15c0d6 elementor-widget elementor-widget-text-editor\" data-id=\"a15c0d6\" data-element_type=\"widget\" data-e-type=\"widget\" data-widget_type=\"text-editor.default\">\n\t\t\t\t<div class=\"elementor-widget-container\">\n\t\t\t\t\t\t\t\t\t<h2>Informations pratiques<\/h2>\n<p><strong>C\u00e9l\u00e9brations<br \/>\nDimanche 10h30 : <a href=\"https:\/\/www.kerknet.be\/parochie-heilig-hart-van-jezus-antwerpen\/informatie\/internationale-mis-%E2%80%93-international-mass\" target=\"_blank\" rel=\"noopener\">Messe internationale<\/a>\u00a0<\/strong>\u2013 pour la communaut\u00e9 n\u00e9erlandophone et internationale<br \/>\n<strong>Dimanche 12.00 : Divine liturgie catholique grecque bi\u00e9lorusse<\/strong>\u00a0\u2013 \u0411\u0435\u043b\u0430\u0440\u0443\u0441\u043a\u0430\u044f \u0413\u0440\u044d\u043a\u0430 \u0413\u0440\u044d\u043a\u0430-\u041a\u0430\u0442\u0430\u043b\u0456\u0446\u043a\u0430\u044f \u0426\u0430\u0440\u043a\u0432\u0430<\/p>\n<p><strong>Troisi\u00e8me dimanche du mois \u00e0 10h30 : c\u00e9l\u00e9bration conjointe avec les trois communaut\u00e9s<\/strong><\/p>\n<p><strong>Cur\u00e9 :<br \/>\n<\/strong>Fr\u00e8re Marcin Derdziuk OFM Cap<br \/>\n0474 624 031\u00a0<a href=\"mailto:marcinderdziuk@gmail.com\">marcinderdziuk@gmail.com<\/a><\/p>\n<p><strong>Secr\u00e9taire de la paroisse :<br \/>\n<\/strong>Wim Adriaenssens.\u00a0<a href=\"mailto:kerkraadHHART@skynet.be\">kerkraadHHART@skynet.be<\/a><\/p>\n\t\t\t\t\t\t\t\t<\/div>\n\t\t\t\t<\/div>\n\t\t\t\t\t<\/div>\n\t\t<\/div>\n\t\t\t\t<div class=\"elementor-column elementor-col-50 elementor-top-column elementor-element elementor-element-497f3b1\" data-id=\"497f3b1\" data-element_type=\"column\" data-e-type=\"column\">\n\t\t\t<div class=\"elementor-widget-wrap\">\n\t\t\t\t\t\t\t<\/div>\n\t\t<\/div>\n\t\t\t\t\t<\/div>\n\t\t<\/section>\n\t\t\t\t<\/div>\n\t\t","protected":false},"excerpt":{"rendered":"<p>\u00c9glise du Sacr\u00e9-C\u0153ur de J\u00e9sus Cette \u00e9glise n\u00e9o-romane d\u00e9di\u00e9e au Sacr\u00e9-C\u0153ur a \u00e9t\u00e9 construite en 1933-1934. Le concepteur E. Goethals s\u2019est inspir\u00e9 du Sacr\u00e9-C\u0153ur \u00e0 Paris. L\u2019\u00e9glise se remarque \u00e0 peine de l\u2019ext\u00e9rieur,\u00a0mais l\u2019int\u00e9rieur est d\u2019autant plus remarquable avec sa surprenante coupole \u00e0 douze c\u00f4t\u00e9s d\u2019un diam\u00e8tre de 25 m\u00e8tres, son grand espace ouvert et [&hellip;]<\/p>\n","protected":false},"author":16,"featured_media":0,"parent":37852,"menu_order":10,"comment_status":"closed","ping_status":"closed","template":"","meta":{"footnotes":""},"class_list":["post-38079","page","type-page","status-publish","hentry"],"aioseo_notices":[],"_links":{"self":[{"href":"https:\/\/topa.be\/fr\/wp-json\/wp\/v2\/pages\/38079","targetHints":{"allow":["GET"]}}],"collection":[{"href":"https:\/\/topa.be\/fr\/wp-json\/wp\/v2\/pages"}],"about":[{"href":"https:\/\/topa.be\/fr\/wp-json\/wp\/v2\/types\/page"}],"author":[{"embeddable":true,"href":"https:\/\/topa.be\/fr\/wp-json\/wp\/v2\/users\/16"}],"replies":[{"embeddable":true,"href":"https:\/\/topa.be\/fr\/wp-json\/wp\/v2\/comments?post=38079"}],"version-history":[{"count":3,"href":"https:\/\/topa.be\/fr\/wp-json\/wp\/v2\/pages\/38079\/revisions"}],"predecessor-version":[{"id":64318,"href":"https:\/\/topa.be\/fr\/wp-json\/wp\/v2\/pages\/38079\/revisions\/64318"}],"up":[{"embeddable":true,"href":"https:\/\/topa.be\/fr\/wp-json\/wp\/v2\/pages\/37852"}],"wp:attachment":[{"href":"https:\/\/topa.be\/fr\/wp-json\/wp\/v2\/media?parent=38079"}],"curies":[{"name":"wp","href":"https:\/\/api.w.org\/{rel}","templated":true}]}}