{"id":38077,"date":"2021-05-28T12:42:10","date_gmt":"2021-05-28T10:42:10","guid":{"rendered":"http:\/\/topa.be\/monumentale-kerken\/kristus-koning\/"},"modified":"2022-12-08T08:24:36","modified_gmt":"2022-12-08T07:24:36","slug":"kristus-koning","status":"publish","type":"page","link":"https:\/\/topa.be\/fr\/monumentale-kerken\/kristus-koning\/","title":{"rendered":"\u00c9glise du Christ-Roi"},"content":{"rendered":"\t\t<div data-elementor-type=\"wp-page\" data-elementor-id=\"38077\" class=\"elementor elementor-38077 elementor-33999\" data-elementor-post-type=\"page\">\n\t\t\t\t\t\t<section class=\"elementor-section elementor-top-section elementor-element elementor-element-bcd8f58 elementor-section-boxed elementor-section-height-default elementor-section-height-default\" data-id=\"bcd8f58\" data-element_type=\"section\" data-e-type=\"section\">\n\t\t\t\t\t\t<div class=\"elementor-container elementor-column-gap-default\">\n\t\t\t\t\t<div class=\"elementor-column elementor-col-100 elementor-top-column elementor-element elementor-element-cd5cce4\" data-id=\"cd5cce4\" data-element_type=\"column\" data-e-type=\"column\">\n\t\t\t<div class=\"elementor-widget-wrap elementor-element-populated\">\n\t\t\t\t\t\t<div class=\"elementor-element elementor-element-7925421 elementor-widget elementor-widget-heading\" data-id=\"7925421\" data-element_type=\"widget\" data-e-type=\"widget\" data-widget_type=\"heading.default\">\n\t\t\t\t<div class=\"elementor-widget-container\">\n\t\t\t\t\t<h1 class=\"elementor-heading-title elementor-size-default\">\u00c9glise du Christ-Roi<\/h1>\t\t\t\t<\/div>\n\t\t\t\t<\/div>\n\t\t\t\t\t<\/div>\n\t\t<\/div>\n\t\t\t\t\t<\/div>\n\t\t<\/section>\n\t\t\t\t<section class=\"elementor-section elementor-top-section elementor-element elementor-element-4715d9e elementor-section-boxed elementor-section-height-default elementor-section-height-default\" data-id=\"4715d9e\" data-element_type=\"section\" data-e-type=\"section\">\n\t\t\t\t\t\t<div class=\"elementor-container elementor-column-gap-default\">\n\t\t\t\t\t<div class=\"elementor-column elementor-col-50 elementor-top-column elementor-element elementor-element-43d40ef\" data-id=\"43d40ef\" data-element_type=\"column\" data-e-type=\"column\">\n\t\t\t<div class=\"elementor-widget-wrap elementor-element-populated\">\n\t\t\t\t\t\t<div class=\"elementor-element elementor-element-506d244 elementor-widget elementor-widget-image\" data-id=\"506d244\" data-element_type=\"widget\" data-e-type=\"widget\" data-widget_type=\"image.default\">\n\t\t\t\t<div class=\"elementor-widget-container\">\n\t\t\t\t\t\t\t\t\t\t\t\t\t\t\t\t<a href=\"https:\/\/topa.be\/wp-content\/uploads\/Antwerpen-Kristus-Koning-Buiten.jpg\" data-elementor-open-lightbox=\"yes\" data-elementor-lightbox-title=\"Antwerpen-Kristus-Koning-Buiten\" data-e-action-hash=\"#elementor-action%3Aaction%3Dlightbox%26settings%3DeyJpZCI6MTMyNTIsInVybCI6Imh0dHBzOlwvXC90b3BhLmJlXC93cC1jb250ZW50XC91cGxvYWRzXC9BbnR3ZXJwZW4tS3Jpc3R1cy1Lb25pbmctQnVpdGVuLmpwZyJ9\">\n\t\t\t\t\t\t\t<img fetchpriority=\"high\" decoding=\"async\" width=\"800\" height=\"599\" src=\"https:\/\/topa.be\/wp-content\/uploads\/Antwerpen-Kristus-Koning-Buiten.jpg\" class=\"attachment-large size-large wp-image-13252\" alt=\"\" srcset=\"https:\/\/topa.be\/wp-content\/uploads\/Antwerpen-Kristus-Koning-Buiten.jpg 1024w, https:\/\/topa.be\/wp-content\/uploads\/Antwerpen-Kristus-Koning-Buiten-300x225.jpg 300w, https:\/\/topa.be\/wp-content\/uploads\/Antwerpen-Kristus-Koning-Buiten-200x150.jpg 200w, https:\/\/topa.be\/wp-content\/uploads\/Antwerpen-Kristus-Koning-Buiten-768x575.jpg 768w\" sizes=\"(max-width: 800px) 100vw, 800px\" \/>\t\t\t\t\t\t\t\t<\/a>\n\t\t\t\t\t\t\t\t\t\t\t\t\t\t\t<\/div>\n\t\t\t\t<\/div>\n\t\t\t\t\t<\/div>\n\t\t<\/div>\n\t\t\t\t<div class=\"elementor-column elementor-col-50 elementor-top-column elementor-element elementor-element-35018a6\" data-id=\"35018a6\" data-element_type=\"column\" data-e-type=\"column\">\n\t\t\t<div class=\"elementor-widget-wrap elementor-element-populated\">\n\t\t\t\t\t\t<div class=\"elementor-element elementor-element-e5a5625 elementor-widget elementor-widget-image\" data-id=\"e5a5625\" data-element_type=\"widget\" data-e-type=\"widget\" data-widget_type=\"image.default\">\n\t\t\t\t<div class=\"elementor-widget-container\">\n\t\t\t\t\t\t\t\t\t\t\t\t\t\t\t\t<a href=\"https:\/\/topa.be\/wp-content\/uploads\/Antwerpen-Kristus-Koning-Binnen.jpg\" data-elementor-open-lightbox=\"yes\" data-elementor-lightbox-title=\"Kristus-Koning\" data-elementor-lightbox-description=\"OLYMPUS DIGITAL CAMERA\" data-e-action-hash=\"#elementor-action%3Aaction%3Dlightbox%26settings%3DeyJpZCI6MTMyNDAsInVybCI6Imh0dHBzOlwvXC90b3BhLmJlXC93cC1jb250ZW50XC91cGxvYWRzXC9BbnR3ZXJwZW4tS3Jpc3R1cy1Lb25pbmctQmlubmVuLmpwZyJ9\">\n\t\t\t\t\t\t\t<img decoding=\"async\" width=\"800\" height=\"600\" src=\"https:\/\/topa.be\/wp-content\/uploads\/Antwerpen-Kristus-Koning-Binnen.jpg\" class=\"attachment-large size-large wp-image-13240\" alt=\"\" srcset=\"https:\/\/topa.be\/wp-content\/uploads\/Antwerpen-Kristus-Koning-Binnen.jpg 1024w, https:\/\/topa.be\/wp-content\/uploads\/Antwerpen-Kristus-Koning-Binnen-300x225.jpg 300w, https:\/\/topa.be\/wp-content\/uploads\/Antwerpen-Kristus-Koning-Binnen-200x150.jpg 200w, https:\/\/topa.be\/wp-content\/uploads\/Antwerpen-Kristus-Koning-Binnen-768x576.jpg 768w\" sizes=\"(max-width: 800px) 100vw, 800px\" \/>\t\t\t\t\t\t\t\t<\/a>\n\t\t\t\t\t\t\t\t\t\t\t\t\t\t\t<\/div>\n\t\t\t\t<\/div>\n\t\t\t\t\t<\/div>\n\t\t<\/div>\n\t\t\t\t\t<\/div>\n\t\t<\/section>\n\t\t\t\t<section class=\"elementor-section elementor-top-section elementor-element elementor-element-0f3b3ca elementor-section-boxed elementor-section-height-default elementor-section-height-default\" data-id=\"0f3b3ca\" data-element_type=\"section\" data-e-type=\"section\">\n\t\t\t\t\t\t<div class=\"elementor-container elementor-column-gap-default\">\n\t\t\t\t\t<div class=\"elementor-column elementor-col-100 elementor-top-column elementor-element elementor-element-d6a2db7\" data-id=\"d6a2db7\" data-element_type=\"column\" data-e-type=\"column\">\n\t\t\t<div class=\"elementor-widget-wrap elementor-element-populated\">\n\t\t\t\t\t\t<div class=\"elementor-element elementor-element-4a0b4b2 elementor-widget elementor-widget-text-editor\" data-id=\"4a0b4b2\" data-element_type=\"widget\" data-e-type=\"widget\" data-widget_type=\"text-editor.default\">\n\t\t\t\t<div class=\"elementor-widget-container\">\n\t\t\t\t\t\t\t\t\t<div class=\"vc_row wpb_row vc_row-fluid\">\r\n<div class=\"wpb_column vc_column_container vc_col-sm-12\">\r\n<div class=\"vc_column-inner\">\r\n<div class=\"wpb_wrapper\">\r\n<div class=\"wpb_text_column wpb_content_element \">\r\n<div class=\"wpb_wrapper\">\r\n<p style=\"text-align: justify;\">L\u2019\u00e9glise du Christ-Roi est un cas sp\u00e9cial parmi les \u00e9glises Anversoises.<\/p>\r\n<p style=\"text-align: justify;\">L\u2019architecte Jos Smolderen con\u00e7oit cette \u00e9glise art-d\u00e9co d\u2019inspiration Romane et Byzantine comme pavillon de l\u2019Art Sacr\u00e9 Flamand pour l\u2019Exposition Universelle de 1930 \u00e0 Anvers. Par apr\u00e8s elle est r\u00e9am\u00e9nag\u00e9e en \u00e9glise paroissiale. Avec sa tour de 64 m de haut et ses 3 coupoles monumentales elle domine le panorama de la ville.<\/p>\r\n<p style=\"text-align: justify;\">L\u2019int\u00e9rieur de cette basilique orient\u00e9e est-ouest frappe par son effet spatial et sa luminosit\u00e9 agr\u00e9able. L\u2019homog\u00e9n\u00e9it\u00e9 frappante des styles n\u00e9o est obtenue par l\u2019emploi de marbre blanc et du cuivre pour les nombreux autels, la chaire, les stalles, les bancs de communion et les confessionnaux.<\/p>\r\n<p style=\"text-align: justify;\">Les \u0153uvres d\u2019art contemporaines aussi contribuent \u00e0 lui donner\u00a0une atmosph\u00e8re particuli\u00e8re : l\u2019exceptionnel ensemble de vitraux con\u00e7us par Jos Michiels (Atelier Calders), les sculptures \u00e9pur\u00e9es d\u2019Alfons De Roeck en la belle armature de lumi\u00e8re.<\/p>\r\n<p style=\"text-align: justify;\">Le grandiose orgue \u00e9lectropneumatique Klais (1930) m\u00e9rite une mention particuli\u00e8re avec ses 5564 tuyaux. Il est mis \u00e0 l\u2019honneur lors de messes concerts, ainsi que lors du festival annuel d\u2019orgue en octobre.<\/p>\r\n<p style=\"text-align: justify;\">L\u2019\u00e9glise est facile d\u2019acc\u00e8s tant en transport priv\u00e9 que public. Elle est ouverte \u00e0 la visite tous les jours. \u00c0 recommander.<\/p>\r\n\r\n<\/div>\r\n<\/div>\r\n<div class=\"wpb_text_column wpb_content_element \" style=\"text-align: justify;\">\r\n<div class=\"wpb_wrapper\"><\/div>\r\n<\/div>\r\n<\/div>\r\n<\/div>\r\n<\/div>\r\n<\/div>\r\n<div class=\"vc_row wpb_row vc_row-fluid\">\r\n<div class=\"wpb_column vc_column_container vc_col-sm-6\" style=\"text-align: justify;\">\r\n<div class=\"vc_column-inner\">\r\n<div class=\"wpb_wrapper\">\r\n<div class=\"tp-entrance-wrapper\"><\/div>\r\n<\/div>\r\n<\/div>\r\n<\/div>\r\n<div class=\"wpb_column vc_column_container vc_col-sm-6\">\r\n<div class=\"vc_column-inner\">\r\n<div class=\"wpb_wrapper\">\r\n<div class=\"wpb_text_column wpb_content_element \">\r\n<div class=\"wpb_wrapper\">\r\n<p style=\"text-align: justify;\"><\/p>\r\n\r\n<\/div>\r\n<\/div>\r\n<\/div>\r\n<\/div>\r\n<\/div>\r\n<\/div>\t\t\t\t\t\t\t\t<\/div>\n\t\t\t\t<\/div>\n\t\t\t\t\t<\/div>\n\t\t<\/div>\n\t\t\t\t\t<\/div>\n\t\t<\/section>\n\t\t\t\t<section class=\"elementor-section elementor-top-section elementor-element elementor-element-7d7bbb5a elementor-section-boxed elementor-section-height-default elementor-section-height-default\" data-id=\"7d7bbb5a\" data-element_type=\"section\" data-e-type=\"section\">\n\t\t\t\t\t\t<div class=\"elementor-container elementor-column-gap-default\">\n\t\t\t\t\t<div class=\"elementor-column elementor-col-100 elementor-top-column elementor-element elementor-element-7334f714\" data-id=\"7334f714\" data-element_type=\"column\" data-e-type=\"column\">\n\t\t\t<div class=\"elementor-widget-wrap elementor-element-populated\">\n\t\t\t\t\t\t<div class=\"elementor-element elementor-element-60817746 elementor-widget elementor-widget-text-editor\" data-id=\"60817746\" data-element_type=\"widget\" data-e-type=\"widget\" data-widget_type=\"text-editor.default\">\n\t\t\t\t<div class=\"elementor-widget-container\">\n\t\t\t\t\t\t\t\t\t<p style=\"text-align: justify;\">Sur <a href=\"https:\/\/goo.gl\/maps\/Mc3HZw43W73QnqQSA\"><strong>CETTE CARTE<\/strong><\/a> vous pouvez d\u00e9terminer un itin\u00e9raire en fonction de votre moyen de transport.\r\nEssayez aussi VELO-Antwerpen\u00a0:\u00a0<strong><a href=\"https:\/\/www.velo-antwerpen.be\/fr\">https:\/\/www.velo-antwerpen.be\/fr<\/a><\/strong><\/p>\t\t\t\t\t\t\t\t<\/div>\n\t\t\t\t<\/div>\n\t\t\t\t\t<\/div>\n\t\t<\/div>\n\t\t\t\t\t<\/div>\n\t\t<\/section>\n\t\t\t\t<section class=\"elementor-section elementor-top-section elementor-element elementor-element-73d80f4 elementor-section-boxed elementor-section-height-default elementor-section-height-default\" data-id=\"73d80f4\" data-element_type=\"section\" data-e-type=\"section\">\n\t\t\t\t\t\t<div class=\"elementor-container elementor-column-gap-default\">\n\t\t\t\t\t<div class=\"elementor-column elementor-col-50 elementor-top-column elementor-element elementor-element-d998de6\" data-id=\"d998de6\" data-element_type=\"column\" data-e-type=\"column\">\n\t\t\t<div class=\"elementor-widget-wrap elementor-element-populated\">\n\t\t\t\t\t\t<div class=\"elementor-element elementor-element-d3f6df6 elementor-widget elementor-widget-text-editor\" data-id=\"d3f6df6\" data-element_type=\"widget\" data-e-type=\"widget\" data-widget_type=\"text-editor.default\">\n\t\t\t\t<div class=\"elementor-widget-container\">\n\t\t\t\t\t\t\t\t\t<h2>Informations pratiques<\/h2>\r\n<strong>C\u00e9l\u00e9brations eucharistiques:<\/strong><strong>\r\n<\/strong>Dimanche : 11h00 (Messe de concert chaque 1er dimanche du mois de septembre \u00e0 juin)<strong>\u00a0<\/strong>\r\n\r\n<strong>Heures de visite:<\/strong>\r\nLundi \u2013 Samedi: 09h00 \u2013 12h00\r\nDimanche : 10h30 \u2013 12h00\r\nSous r\u00e9serve de c\u00e9l\u00e9brations sp\u00e9ciales\r\n\r\n<strong>Entr\u00e9e libre<\/strong><strong>\u00a0<\/strong>\r\n\r\n<strong>Informations:<\/strong>\r\n<strong><a href=\"https:\/\/openchurches.eu\/fr\/edifices\/kristus-koning-antwerpen\" target=\"_blank\" rel=\"noopener\">\u00c9glises ouvertes<\/a><\/strong> <strong>\u00a0<\/strong>\r\n\r\n<strong>Cure<\/strong>\r\nLouis Straussstraat 1\r\n2020 Antwerpen\r\n+32 (0)3 237 58 47\t\t\t\t\t\t\t\t<\/div>\n\t\t\t\t<\/div>\n\t\t\t\t\t<\/div>\n\t\t<\/div>\n\t\t\t\t<div class=\"elementor-column elementor-col-50 elementor-top-column elementor-element elementor-element-b8769a2\" data-id=\"b8769a2\" data-element_type=\"column\" data-e-type=\"column\">\n\t\t\t<div class=\"elementor-widget-wrap elementor-element-populated\">\n\t\t\t\t\t\t<div class=\"elementor-element elementor-element-a432f39 elementor-widget elementor-widget-text-editor\" data-id=\"a432f39\" data-element_type=\"widget\" data-e-type=\"widget\" data-widget_type=\"text-editor.default\">\n\t\t\t\t<div class=\"elementor-widget-container\">\n\t\t\t\t\t\t\t\t\t.\t\t\t\t\t\t\t\t<\/div>\n\t\t\t\t<\/div>\n\t\t\t\t<div class=\"elementor-element elementor-element-0452028 elementor-widget elementor-widget-text-editor\" data-id=\"0452028\" data-element_type=\"widget\" data-e-type=\"widget\" data-widget_type=\"text-editor.default\">\n\t\t\t\t<div class=\"elementor-widget-container\">\n\t\t\t\t\t\t\t\t\t.\t\t\t\t\t\t\t\t<\/div>\n\t\t\t\t<\/div>\n\t\t\t\t\t<\/div>\n\t\t<\/div>\n\t\t\t\t\t<\/div>\n\t\t<\/section>\n\t\t\t\t<\/div>\n\t\t","protected":false},"excerpt":{"rendered":"<p>\u00c9glise du Christ-Roi L\u2019\u00e9glise du Christ-Roi est un cas sp\u00e9cial parmi les \u00e9glises Anversoises. L\u2019architecte Jos Smolderen con\u00e7oit cette \u00e9glise art-d\u00e9co d\u2019inspiration Romane et Byzantine comme pavillon de l\u2019Art Sacr\u00e9 Flamand pour l\u2019Exposition Universelle de 1930 \u00e0 Anvers. Par apr\u00e8s elle est r\u00e9am\u00e9nag\u00e9e en \u00e9glise paroissiale. Avec sa tour de 64 m de haut et [&hellip;]<\/p>\n","protected":false},"author":16,"featured_media":0,"parent":37852,"menu_order":20,"comment_status":"closed","ping_status":"closed","template":"","meta":{"footnotes":""},"class_list":["post-38077","page","type-page","status-publish","hentry"],"aioseo_notices":[],"_links":{"self":[{"href":"https:\/\/topa.be\/fr\/wp-json\/wp\/v2\/pages\/38077","targetHints":{"allow":["GET"]}}],"collection":[{"href":"https:\/\/topa.be\/fr\/wp-json\/wp\/v2\/pages"}],"about":[{"href":"https:\/\/topa.be\/fr\/wp-json\/wp\/v2\/types\/page"}],"author":[{"embeddable":true,"href":"https:\/\/topa.be\/fr\/wp-json\/wp\/v2\/users\/16"}],"replies":[{"embeddable":true,"href":"https:\/\/topa.be\/fr\/wp-json\/wp\/v2\/comments?post=38077"}],"version-history":[{"count":3,"href":"https:\/\/topa.be\/fr\/wp-json\/wp\/v2\/pages\/38077\/revisions"}],"predecessor-version":[{"id":66272,"href":"https:\/\/topa.be\/fr\/wp-json\/wp\/v2\/pages\/38077\/revisions\/66272"}],"up":[{"embeddable":true,"href":"https:\/\/topa.be\/fr\/wp-json\/wp\/v2\/pages\/37852"}],"wp:attachment":[{"href":"https:\/\/topa.be\/fr\/wp-json\/wp\/v2\/media?parent=38077"}],"curies":[{"name":"wp","href":"https:\/\/api.w.org\/{rel}","templated":true}]}}