{"id":38071,"date":"2021-05-28T12:33:40","date_gmt":"2021-05-28T10:33:40","guid":{"rendered":"http:\/\/topa.be\/monumentale-kerken\/sint-antonius-van-padua\/"},"modified":"2022-12-10T14:20:02","modified_gmt":"2022-12-10T13:20:02","slug":"sint-antonius-van-padua","status":"publish","type":"page","link":"https:\/\/topa.be\/fr\/monumentale-kerken\/sint-antonius-van-padua\/","title":{"rendered":"\u00c9glise Saint-Antoine-de-Padoue"},"content":{"rendered":"\t\t<div data-elementor-type=\"wp-page\" data-elementor-id=\"38071\" class=\"elementor elementor-38071 elementor-34005\" data-elementor-post-type=\"page\">\n\t\t\t\t\t\t<section class=\"elementor-section elementor-top-section elementor-element elementor-element-73e3133 elementor-section-boxed elementor-section-height-default elementor-section-height-default\" data-id=\"73e3133\" data-element_type=\"section\" data-e-type=\"section\">\n\t\t\t\t\t\t<div class=\"elementor-container elementor-column-gap-default\">\n\t\t\t\t\t<div class=\"elementor-column elementor-col-100 elementor-top-column elementor-element elementor-element-b5fc30b\" data-id=\"b5fc30b\" data-element_type=\"column\" data-e-type=\"column\">\n\t\t\t<div class=\"elementor-widget-wrap elementor-element-populated\">\n\t\t\t\t\t\t<div class=\"elementor-element elementor-element-e315144 elementor-widget elementor-widget-heading\" data-id=\"e315144\" data-element_type=\"widget\" data-e-type=\"widget\" data-widget_type=\"heading.default\">\n\t\t\t\t<div class=\"elementor-widget-container\">\n\t\t\t\t\t<h1 class=\"elementor-heading-title elementor-size-default\">\u00c9glise Saint-Antoine-de-Padoue<\/h1>\t\t\t\t<\/div>\n\t\t\t\t<\/div>\n\t\t\t\t\t<\/div>\n\t\t<\/div>\n\t\t\t\t\t<\/div>\n\t\t<\/section>\n\t\t\t\t<section class=\"elementor-section elementor-top-section elementor-element elementor-element-eba7c37 elementor-section-boxed elementor-section-height-default elementor-section-height-default\" data-id=\"eba7c37\" data-element_type=\"section\" data-e-type=\"section\">\n\t\t\t\t\t\t<div class=\"elementor-container elementor-column-gap-default\">\n\t\t\t\t\t<div class=\"elementor-column elementor-col-50 elementor-top-column elementor-element elementor-element-e7c7e7d\" data-id=\"e7c7e7d\" data-element_type=\"column\" data-e-type=\"column\">\n\t\t\t<div class=\"elementor-widget-wrap elementor-element-populated\">\n\t\t\t\t\t\t<div class=\"elementor-element elementor-element-0f11fcb elementor-widget elementor-widget-image\" data-id=\"0f11fcb\" data-element_type=\"widget\" data-e-type=\"widget\" data-widget_type=\"image.default\">\n\t\t\t\t<div class=\"elementor-widget-container\">\n\t\t\t\t\t\t\t\t\t\t\t\t\t\t\t\t<a href=\"https:\/\/topa.be\/wp-content\/uploads\/Antwerpen-Sint-Antonius-Buiten.jpg\" data-elementor-open-lightbox=\"yes\" data-elementor-lightbox-title=\"Antwerpen-Sint-Antonius-Buiten\" data-e-action-hash=\"#elementor-action%3Aaction%3Dlightbox%26settings%3DeyJpZCI6MTMzNzIsInVybCI6Imh0dHBzOlwvXC90b3BhLmJlXC93cC1jb250ZW50XC91cGxvYWRzXC9BbnR3ZXJwZW4tU2ludC1BbnRvbml1cy1CdWl0ZW4uanBnIn0%3D\">\n\t\t\t\t\t\t\t<img fetchpriority=\"high\" decoding=\"async\" width=\"800\" height=\"449\" src=\"https:\/\/topa.be\/wp-content\/uploads\/Antwerpen-Sint-Antonius-Buiten.jpg\" class=\"attachment-large size-large wp-image-13372\" alt=\"\" srcset=\"https:\/\/topa.be\/wp-content\/uploads\/Antwerpen-Sint-Antonius-Buiten.jpg 1024w, https:\/\/topa.be\/wp-content\/uploads\/Antwerpen-Sint-Antonius-Buiten-300x168.jpg 300w, https:\/\/topa.be\/wp-content\/uploads\/Antwerpen-Sint-Antonius-Buiten-200x112.jpg 200w, https:\/\/topa.be\/wp-content\/uploads\/Antwerpen-Sint-Antonius-Buiten-768x431.jpg 768w\" sizes=\"(max-width: 800px) 100vw, 800px\" \/>\t\t\t\t\t\t\t\t<\/a>\n\t\t\t\t\t\t\t\t\t\t\t\t\t\t\t<\/div>\n\t\t\t\t<\/div>\n\t\t\t\t\t<\/div>\n\t\t<\/div>\n\t\t\t\t<div class=\"elementor-column elementor-col-50 elementor-top-column elementor-element elementor-element-b1ea0d7\" data-id=\"b1ea0d7\" data-element_type=\"column\" data-e-type=\"column\">\n\t\t\t<div class=\"elementor-widget-wrap elementor-element-populated\">\n\t\t\t\t\t\t<div class=\"elementor-element elementor-element-e07512c elementor-widget elementor-widget-image\" data-id=\"e07512c\" data-element_type=\"widget\" data-e-type=\"widget\" data-widget_type=\"image.default\">\n\t\t\t\t<div class=\"elementor-widget-container\">\n\t\t\t\t\t\t\t\t\t\t\t\t\t\t\t\t<a href=\"https:\/\/topa.be\/wp-content\/uploads\/Antwerpen-Sint-Antonius-Binnen.jpg\" data-elementor-open-lightbox=\"yes\" data-elementor-lightbox-title=\"Antwerpen-Sint-Antonius-Binnen\" data-e-action-hash=\"#elementor-action%3Aaction%3Dlightbox%26settings%3DeyJpZCI6MTMzNjAsInVybCI6Imh0dHBzOlwvXC90b3BhLmJlXC93cC1jb250ZW50XC91cGxvYWRzXC9BbnR3ZXJwZW4tU2ludC1BbnRvbml1cy1CaW5uZW4uanBnIn0%3D\">\n\t\t\t\t\t\t\t<img decoding=\"async\" width=\"800\" height=\"449\" src=\"https:\/\/topa.be\/wp-content\/uploads\/Antwerpen-Sint-Antonius-Binnen.jpg\" class=\"attachment-large size-large wp-image-13360\" alt=\"\" srcset=\"https:\/\/topa.be\/wp-content\/uploads\/Antwerpen-Sint-Antonius-Binnen.jpg 1024w, https:\/\/topa.be\/wp-content\/uploads\/Antwerpen-Sint-Antonius-Binnen-300x168.jpg 300w, https:\/\/topa.be\/wp-content\/uploads\/Antwerpen-Sint-Antonius-Binnen-200x112.jpg 200w, https:\/\/topa.be\/wp-content\/uploads\/Antwerpen-Sint-Antonius-Binnen-768x431.jpg 768w\" sizes=\"(max-width: 800px) 100vw, 800px\" \/>\t\t\t\t\t\t\t\t<\/a>\n\t\t\t\t\t\t\t\t\t\t\t\t\t\t\t<\/div>\n\t\t\t\t<\/div>\n\t\t\t\t\t<\/div>\n\t\t<\/div>\n\t\t\t\t\t<\/div>\n\t\t<\/section>\n\t\t\t\t<section class=\"elementor-section elementor-top-section elementor-element elementor-element-70e12379 elementor-section-boxed elementor-section-height-default elementor-section-height-default\" data-id=\"70e12379\" data-element_type=\"section\" data-e-type=\"section\">\n\t\t\t\t\t\t<div class=\"elementor-container elementor-column-gap-default\">\n\t\t\t\t\t<div class=\"elementor-column elementor-col-100 elementor-top-column elementor-element elementor-element-2fad53ed\" data-id=\"2fad53ed\" data-element_type=\"column\" data-e-type=\"column\">\n\t\t\t<div class=\"elementor-widget-wrap elementor-element-populated\">\n\t\t\t\t\t\t<div class=\"elementor-element elementor-element-47237f3a elementor-widget elementor-widget-text-editor\" data-id=\"47237f3a\" data-element_type=\"widget\" data-e-type=\"widget\" data-widget_type=\"text-editor.default\">\n\t\t\t\t<div class=\"elementor-widget-container\">\n\t\t\t\t\t\t\t\t\t<p style=\"text-align: justify;\">Sur <a href=\"https:\/\/goo.gl\/maps\/7tQ5cj6jTnFhdddw6\"><strong>CETTE CARTE<\/strong><\/a> vous pouvez d\u00e9terminer un itin\u00e9raire en fonction de votre moyen de transport.\r\nEssayez aussi VELO-Antwerpen\u00a0:\u00a0<strong><a href=\"https:\/\/www.velo-antwerpen.be\/fr\">https:\/\/www.velo-antwerpen.be\/fr<\/a><\/strong><\/p>\t\t\t\t\t\t\t\t<\/div>\n\t\t\t\t<\/div>\n\t\t\t\t\t<\/div>\n\t\t<\/div>\n\t\t\t\t\t<\/div>\n\t\t<\/section>\n\t\t\t\t<section class=\"elementor-section elementor-top-section elementor-element elementor-element-6c092af elementor-section-boxed elementor-section-height-default elementor-section-height-default\" data-id=\"6c092af\" data-element_type=\"section\" data-e-type=\"section\">\n\t\t\t\t\t\t<div class=\"elementor-container elementor-column-gap-default\">\n\t\t\t\t\t<div class=\"elementor-column elementor-col-50 elementor-top-column elementor-element elementor-element-0e23b62\" data-id=\"0e23b62\" data-element_type=\"column\" data-e-type=\"column\">\n\t\t\t<div class=\"elementor-widget-wrap elementor-element-populated\">\n\t\t\t\t\t\t<div class=\"elementor-element elementor-element-8cf2a2c elementor-widget elementor-widget-text-editor\" data-id=\"8cf2a2c\" data-element_type=\"widget\" data-e-type=\"widget\" data-widget_type=\"text-editor.default\">\n\t\t\t\t<div class=\"elementor-widget-container\">\n\t\t\t\t\t\t\t\t\t<h2 style=\"text-align: justify;\">Informations pratiques<\/h2>\r\n<p style=\"text-align: justify;\"><strong>C\u00e9l\u00e9brations Eucharistiques:<\/strong><strong>\r\n<\/strong>Chaque 2<sup>nd<\/sup>\u00a0dimanche du mois: 10u00\r\nLes autres dimanches il s\u2019agit d\u2019un service de pri\u00e8re<\/p>\r\n<p style=\"text-align: justify;\"><strong>Heures de visites:<\/strong><strong>\r\n<\/strong>juillet\/Ao\u00fbt, chaque jeudi, vendredi, samedi: 13h30 \u2013 17h30.\r\nSous r\u00e9serve de c\u00e9l\u00e9brations sp\u00e9ciales<\/p>\r\n<p style=\"text-align: justify;\"><strong>Entr\u00e9e libre<\/strong><strong>\u00a0<\/strong><\/p>\r\n<p style=\"text-align: justify;\"><strong>Cure:<\/strong>\r\n+32 (0)3 231 74 23\r\n<strong><a href=\"mailto:antoniusvanpaduaantwerpen@gmail.com\">antoniusvanpaduaantwerpen@gmail.com<\/a><\/strong><\/p>\t\t\t\t\t\t\t\t<\/div>\n\t\t\t\t<\/div>\n\t\t\t\t\t<\/div>\n\t\t<\/div>\n\t\t\t\t<div class=\"elementor-column elementor-col-50 elementor-top-column elementor-element elementor-element-e4950b0\" data-id=\"e4950b0\" data-element_type=\"column\" data-e-type=\"column\">\n\t\t\t<div class=\"elementor-widget-wrap elementor-element-populated\">\n\t\t\t\t\t\t<div class=\"elementor-element elementor-element-aa8df18 elementor-widget elementor-widget-text-editor\" data-id=\"aa8df18\" data-element_type=\"widget\" data-e-type=\"widget\" data-widget_type=\"text-editor.default\">\n\t\t\t\t<div class=\"elementor-widget-container\">\n\t\t\t\t\t\t\t\t\t.\t\t\t\t\t\t\t\t<\/div>\n\t\t\t\t<\/div>\n\t\t\t\t<div class=\"elementor-element elementor-element-959d095 elementor-widget elementor-widget-text-editor\" data-id=\"959d095\" data-element_type=\"widget\" data-e-type=\"widget\" data-widget_type=\"text-editor.default\">\n\t\t\t\t<div class=\"elementor-widget-container\">\n\t\t\t\t\t\t\t\t\t.\t\t\t\t\t\t\t\t<\/div>\n\t\t\t\t<\/div>\n\t\t\t\t\t<\/div>\n\t\t<\/div>\n\t\t\t\t\t<\/div>\n\t\t<\/section>\n\t\t\t\t<\/div>\n\t\t","protected":false},"excerpt":{"rendered":"<p>\u00c9glise Saint-Antoine-de-Padoue Sur CETTE CARTE vous pouvez d\u00e9terminer un itin\u00e9raire en fonction de votre moyen de transport. Essayez aussi VELO-Antwerpen\u00a0:\u00a0https:\/\/www.velo-antwerpen.be\/fr Informations pratiques C\u00e9l\u00e9brations Eucharistiques: Chaque 2nd\u00a0dimanche du mois: 10u00 Les autres dimanches il s\u2019agit d\u2019un service de pri\u00e8re Heures de visites: juillet\/Ao\u00fbt, chaque jeudi, vendredi, samedi: 13h30 \u2013 17h30. Sous r\u00e9serve de c\u00e9l\u00e9brations sp\u00e9ciales Entr\u00e9e [&hellip;]<\/p>\n","protected":false},"author":16,"featured_media":0,"parent":37852,"menu_order":50,"comment_status":"closed","ping_status":"closed","template":"","meta":{"footnotes":""},"class_list":["post-38071","page","type-page","status-publish","hentry"],"aioseo_notices":[],"_links":{"self":[{"href":"https:\/\/topa.be\/fr\/wp-json\/wp\/v2\/pages\/38071","targetHints":{"allow":["GET"]}}],"collection":[{"href":"https:\/\/topa.be\/fr\/wp-json\/wp\/v2\/pages"}],"about":[{"href":"https:\/\/topa.be\/fr\/wp-json\/wp\/v2\/types\/page"}],"author":[{"embeddable":true,"href":"https:\/\/topa.be\/fr\/wp-json\/wp\/v2\/users\/16"}],"replies":[{"embeddable":true,"href":"https:\/\/topa.be\/fr\/wp-json\/wp\/v2\/comments?post=38071"}],"version-history":[{"count":3,"href":"https:\/\/topa.be\/fr\/wp-json\/wp\/v2\/pages\/38071\/revisions"}],"predecessor-version":[{"id":66277,"href":"https:\/\/topa.be\/fr\/wp-json\/wp\/v2\/pages\/38071\/revisions\/66277"}],"up":[{"embeddable":true,"href":"https:\/\/topa.be\/fr\/wp-json\/wp\/v2\/pages\/37852"}],"wp:attachment":[{"href":"https:\/\/topa.be\/fr\/wp-json\/wp\/v2\/media?parent=38071"}],"curies":[{"name":"wp","href":"https:\/\/api.w.org\/{rel}","templated":true}]}}