{"id":38003,"date":"2021-05-26T22:28:06","date_gmt":"2021-05-26T20:28:06","guid":{"rendered":"http:\/\/topa.be\/monumentale-kerken\/sint-joris\/"},"modified":"2022-06-23T10:28:49","modified_gmt":"2022-06-23T08:28:49","slug":"sint-joris","status":"publish","type":"page","link":"https:\/\/topa.be\/fr\/monumentale-kerken\/sint-joris\/","title":{"rendered":"\u00c9glise Saint-Georges"},"content":{"rendered":"\t\t<div data-elementor-type=\"wp-page\" data-elementor-id=\"38003\" class=\"elementor elementor-38003 elementor-34015\" data-elementor-post-type=\"page\">\n\t\t\t\t\t\t<section class=\"elementor-section elementor-top-section elementor-element elementor-element-a241b67 elementor-section-boxed elementor-section-height-default elementor-section-height-default\" data-id=\"a241b67\" data-element_type=\"section\" data-e-type=\"section\">\n\t\t\t\t\t\t<div class=\"elementor-container elementor-column-gap-default\">\n\t\t\t\t\t<div class=\"elementor-column elementor-col-100 elementor-top-column elementor-element elementor-element-6b01b79\" data-id=\"6b01b79\" data-element_type=\"column\" data-e-type=\"column\">\n\t\t\t<div class=\"elementor-widget-wrap elementor-element-populated\">\n\t\t\t\t\t\t<div class=\"elementor-element elementor-element-aa9742c elementor-widget elementor-widget-heading\" data-id=\"aa9742c\" data-element_type=\"widget\" data-e-type=\"widget\" data-widget_type=\"heading.default\">\n\t\t\t\t<div class=\"elementor-widget-container\">\n\t\t\t\t\t<h1 class=\"elementor-heading-title elementor-size-default\">\u00c9glise Saint-Georges<\/h1>\t\t\t\t<\/div>\n\t\t\t\t<\/div>\n\t\t\t\t\t<\/div>\n\t\t<\/div>\n\t\t\t\t\t<\/div>\n\t\t<\/section>\n\t\t\t\t<section class=\"elementor-section elementor-top-section elementor-element elementor-element-9817b8b elementor-section-boxed elementor-section-height-default elementor-section-height-default\" data-id=\"9817b8b\" data-element_type=\"section\" data-e-type=\"section\">\n\t\t\t\t\t\t<div class=\"elementor-container elementor-column-gap-default\">\n\t\t\t\t\t<div class=\"elementor-column elementor-col-50 elementor-top-column elementor-element elementor-element-27c99a2\" data-id=\"27c99a2\" data-element_type=\"column\" data-e-type=\"column\">\n\t\t\t<div class=\"elementor-widget-wrap elementor-element-populated\">\n\t\t\t\t\t\t<div class=\"elementor-element elementor-element-5ec32cf elementor-widget elementor-widget-image\" data-id=\"5ec32cf\" data-element_type=\"widget\" data-e-type=\"widget\" data-widget_type=\"image.default\">\n\t\t\t\t<div class=\"elementor-widget-container\">\n\t\t\t\t\t\t\t\t\t\t\t\t\t\t\t\t<a href=\"https:\/\/topa.be\/wp-content\/uploads\/Antwerpen-Sint-Joris-Buiten.jpg\" data-elementor-open-lightbox=\"yes\" data-elementor-lightbox-title=\"Antwerpen-Sint-Joris-Buiten\" data-e-action-hash=\"#elementor-action%3Aaction%3Dlightbox%26settings%3DeyJpZCI6MTM0OTIsInVybCI6Imh0dHBzOlwvXC90b3BhLmJlXC93cC1jb250ZW50XC91cGxvYWRzXC9BbnR3ZXJwZW4tU2ludC1Kb3Jpcy1CdWl0ZW4uanBnIn0%3D\">\n\t\t\t\t\t\t\t<img fetchpriority=\"high\" decoding=\"async\" width=\"800\" height=\"450\" src=\"https:\/\/topa.be\/wp-content\/uploads\/Antwerpen-Sint-Joris-Buiten.jpg\" class=\"attachment-large size-large wp-image-13492\" alt=\"\" srcset=\"https:\/\/topa.be\/wp-content\/uploads\/Antwerpen-Sint-Joris-Buiten.jpg 1024w, https:\/\/topa.be\/wp-content\/uploads\/Antwerpen-Sint-Joris-Buiten-300x169.jpg 300w, https:\/\/topa.be\/wp-content\/uploads\/Antwerpen-Sint-Joris-Buiten-200x113.jpg 200w, https:\/\/topa.be\/wp-content\/uploads\/Antwerpen-Sint-Joris-Buiten-768x432.jpg 768w\" sizes=\"(max-width: 800px) 100vw, 800px\" \/>\t\t\t\t\t\t\t\t<\/a>\n\t\t\t\t\t\t\t\t\t\t\t\t\t\t\t<\/div>\n\t\t\t\t<\/div>\n\t\t\t\t\t<\/div>\n\t\t<\/div>\n\t\t\t\t<div class=\"elementor-column elementor-col-50 elementor-top-column elementor-element elementor-element-57c785d\" data-id=\"57c785d\" data-element_type=\"column\" data-e-type=\"column\">\n\t\t\t<div class=\"elementor-widget-wrap elementor-element-populated\">\n\t\t\t\t\t\t<div class=\"elementor-element elementor-element-05e7c4b elementor-widget elementor-widget-image\" data-id=\"05e7c4b\" data-element_type=\"widget\" data-e-type=\"widget\" data-widget_type=\"image.default\">\n\t\t\t\t<div class=\"elementor-widget-container\">\n\t\t\t\t\t\t\t\t\t\t\t\t\t\t\t\t<a href=\"https:\/\/topa.be\/wp-content\/uploads\/Antwerpen-Sint-Joris-Binnen.jpg\" data-elementor-open-lightbox=\"yes\" data-elementor-lightbox-title=\"Antwerpen-Sint-Joris-Binnen\" data-e-action-hash=\"#elementor-action%3Aaction%3Dlightbox%26settings%3DeyJpZCI6MTM0ODAsInVybCI6Imh0dHBzOlwvXC90b3BhLmJlXC93cC1jb250ZW50XC91cGxvYWRzXC9BbnR3ZXJwZW4tU2ludC1Kb3Jpcy1CaW5uZW4uanBnIn0%3D\">\n\t\t\t\t\t\t\t<img decoding=\"async\" width=\"800\" height=\"449\" src=\"https:\/\/topa.be\/wp-content\/uploads\/Antwerpen-Sint-Joris-Binnen.jpg\" class=\"attachment-large size-large wp-image-13480\" alt=\"\" srcset=\"https:\/\/topa.be\/wp-content\/uploads\/Antwerpen-Sint-Joris-Binnen.jpg 1024w, https:\/\/topa.be\/wp-content\/uploads\/Antwerpen-Sint-Joris-Binnen-300x168.jpg 300w, https:\/\/topa.be\/wp-content\/uploads\/Antwerpen-Sint-Joris-Binnen-200x112.jpg 200w, https:\/\/topa.be\/wp-content\/uploads\/Antwerpen-Sint-Joris-Binnen-768x431.jpg 768w\" sizes=\"(max-width: 800px) 100vw, 800px\" \/>\t\t\t\t\t\t\t\t<\/a>\n\t\t\t\t\t\t\t\t\t\t\t\t\t\t\t<\/div>\n\t\t\t\t<\/div>\n\t\t\t\t\t<\/div>\n\t\t<\/div>\n\t\t\t\t\t<\/div>\n\t\t<\/section>\n\t\t\t\t<section class=\"elementor-section elementor-top-section elementor-element elementor-element-34716bd elementor-section-boxed elementor-section-height-default elementor-section-height-default\" data-id=\"34716bd\" data-element_type=\"section\" data-e-type=\"section\">\n\t\t\t\t\t\t<div class=\"elementor-container elementor-column-gap-default\">\n\t\t\t\t\t<div class=\"elementor-column elementor-col-100 elementor-top-column elementor-element elementor-element-e4d8e9b\" data-id=\"e4d8e9b\" data-element_type=\"column\" data-e-type=\"column\">\n\t\t\t<div class=\"elementor-widget-wrap elementor-element-populated\">\n\t\t\t\t\t\t<div class=\"elementor-element elementor-element-c88e803 elementor-widget elementor-widget-text-editor\" data-id=\"c88e803\" data-element_type=\"widget\" data-e-type=\"widget\" data-widget_type=\"text-editor.default\">\n\t\t\t\t<div class=\"elementor-widget-container\">\n\t\t\t\t\t\t\t\t\t<p style=\"text-align: justify;\">L\u2019\u00e9glise gothique (1853) con\u00e7ue par l\u2019architecte L\u00e9on Suys. Orient\u00e9e ouest-est. Deux tours ajour\u00e9es \u00e0 l\u2019est, d\u2019une beaut\u00e9 saisissante, dot\u00e9es d\u2019un couronnement dor\u00e9. Fa\u00e7ade arborant les statues de Saint-Georges et des 12 ap\u00f4tres. Beau cycle de fresques moralisantes (1871) de G.Guffens et J. Swerts. L\u2019ameublement et la d\u00e9coration forment un ensemble stylistique. De l\u2019ancienne \u00e9glise, d\u00e9molie \u00e0 la R\u00e9volution fran\u00e7aise, subsistent quelques retables et \u00e9pitaphes (dont Frans I Francken). La statue miraculeuse de \u00ab Notre-Dame du ch\u00e2teau \u00bb, avec sa robe majestueuse (1867) provient de l\u2019\u00e9glise de la citadelle espagnole. Un reliquaire (1878) d\u00e9di\u00e9 \u00e0 pas moins de 40 saints rappelle l\u2019\u00e9pid\u00e9mie de chol\u00e9ra de 1859.<\/p>\t\t\t\t\t\t\t\t<\/div>\n\t\t\t\t<\/div>\n\t\t\t\t\t<\/div>\n\t\t<\/div>\n\t\t\t\t\t<\/div>\n\t\t<\/section>\n\t\t\t\t<section class=\"elementor-section elementor-top-section elementor-element elementor-element-111f1b9e elementor-section-boxed elementor-section-height-default elementor-section-height-default\" data-id=\"111f1b9e\" data-element_type=\"section\" data-e-type=\"section\">\n\t\t\t\t\t\t<div class=\"elementor-container elementor-column-gap-default\">\n\t\t\t\t\t<div class=\"elementor-column elementor-col-100 elementor-top-column elementor-element elementor-element-3d0eeb92\" data-id=\"3d0eeb92\" data-element_type=\"column\" data-e-type=\"column\">\n\t\t\t<div class=\"elementor-widget-wrap elementor-element-populated\">\n\t\t\t\t\t\t<div class=\"elementor-element elementor-element-703e52da elementor-widget elementor-widget-text-editor\" data-id=\"703e52da\" data-element_type=\"widget\" data-e-type=\"widget\" data-widget_type=\"text-editor.default\">\n\t\t\t\t<div class=\"elementor-widget-container\">\n\t\t\t\t\t\t\t\t\t<p style=\"text-align: justify;\">Sur <a href=\"https:\/\/goo.gl\/maps\/CJkfwDoYHfFUR3A2A\"><strong>CETTE CARTE<\/strong><\/a> vous pouvez d\u00e9terminer un itin\u00e9raire en fonction de votre moyen de transport.\r\nEssayez aussi VELO-Antwerpen\u00a0:\u00a0<strong><a href=\"https:\/\/www.velo-antwerpen.be\/fr\">https:\/\/www.velo-antwerpen.be\/fr<\/a><\/strong><\/p>\t\t\t\t\t\t\t\t<\/div>\n\t\t\t\t<\/div>\n\t\t\t\t\t<\/div>\n\t\t<\/div>\n\t\t\t\t\t<\/div>\n\t\t<\/section>\n\t\t\t\t<section class=\"elementor-section elementor-top-section elementor-element elementor-element-f9c72e8 elementor-section-boxed elementor-section-height-default elementor-section-height-default\" data-id=\"f9c72e8\" data-element_type=\"section\" data-e-type=\"section\">\n\t\t\t\t\t\t<div class=\"elementor-container elementor-column-gap-default\">\n\t\t\t\t\t<div class=\"elementor-column elementor-col-50 elementor-top-column elementor-element elementor-element-3d8a456\" data-id=\"3d8a456\" data-element_type=\"column\" data-e-type=\"column\">\n\t\t\t<div class=\"elementor-widget-wrap elementor-element-populated\">\n\t\t\t\t\t\t<div class=\"elementor-element elementor-element-dc044a9 elementor-widget elementor-widget-text-editor\" data-id=\"dc044a9\" data-element_type=\"widget\" data-e-type=\"widget\" data-widget_type=\"text-editor.default\">\n\t\t\t\t<div class=\"elementor-widget-container\">\n\t\t\t\t\t\t\t\t\t<h2>Informations pratiques<\/h2>\r\n<strong>Eucharisties<\/strong>\r\nDimanche 11h15\r\n\r\n<strong>Heures de visite<\/strong>\r\nJeudi, vendredi et samedi : 14.00h &#8211; 16.00h\r\nLundi, mardi et mercredi ferm\u00e9\r\nSous r\u00e9serve de c\u00e9l\u00e9brations sp\u00e9ciales\r\n\r\nEntr\u00e9e libre\r\n\r\n<strong>Informations<\/strong>\r\n<strong><a href=\"https:\/\/openchurches.eu\/fr\/edifices\/sint-joris-antwerpen\" target=\"_blank\" rel=\"noopener\">Eglises ouvertes\u00a0<\/a><\/strong>\r\n\r\nPresbyt\u00e8re :\r\nE.H. Herman Augustyns,\r\nMechelseplein 24, 2000 Antwerpen,\r\n+32 (0)3 233 81 24\r\n<a href=\"mailto:secretariaat@sintjorisparochie.be\">secretariaat@sintjorisparochie.be<\/a>\t\t\t\t\t\t\t\t<\/div>\n\t\t\t\t<\/div>\n\t\t\t\t\t<\/div>\n\t\t<\/div>\n\t\t\t\t<div class=\"elementor-column elementor-col-50 elementor-top-column elementor-element elementor-element-e3d3ac4\" data-id=\"e3d3ac4\" data-element_type=\"column\" data-e-type=\"column\">\n\t\t\t<div class=\"elementor-widget-wrap elementor-element-populated\">\n\t\t\t\t\t\t<div class=\"elementor-element elementor-element-cfeb357 elementor-widget elementor-widget-text-editor\" data-id=\"cfeb357\" data-element_type=\"widget\" data-e-type=\"widget\" data-widget_type=\"text-editor.default\">\n\t\t\t\t<div class=\"elementor-widget-container\">\n\t\t\t\t\t\t\t\t\t.\t\t\t\t\t\t\t\t<\/div>\n\t\t\t\t<\/div>\n\t\t\t\t<div class=\"elementor-element elementor-element-42e3907 elementor-widget elementor-widget-text-editor\" data-id=\"42e3907\" data-element_type=\"widget\" data-e-type=\"widget\" data-widget_type=\"text-editor.default\">\n\t\t\t\t<div class=\"elementor-widget-container\">\n\t\t\t\t\t\t\t\t\t<h2>Visites guid\u00e9es pour groupes:<\/h2>\r\nContact Hilde Coenen: <a href=\"mailto:coenenh@live.be\">coenenh@live.be<\/a>, +32 (0)3 219 09 46.\t\t\t\t\t\t\t\t<\/div>\n\t\t\t\t<\/div>\n\t\t\t\t\t<\/div>\n\t\t<\/div>\n\t\t\t\t\t<\/div>\n\t\t<\/section>\n\t\t\t\t<\/div>\n\t\t","protected":false},"excerpt":{"rendered":"<p>\u00c9glise Saint-Georges L\u2019\u00e9glise gothique (1853) con\u00e7ue par l\u2019architecte L\u00e9on Suys. Orient\u00e9e ouest-est. Deux tours ajour\u00e9es \u00e0 l\u2019est, d\u2019une beaut\u00e9 saisissante, dot\u00e9es d\u2019un couronnement dor\u00e9. Fa\u00e7ade arborant les statues de Saint-Georges et des 12 ap\u00f4tres. Beau cycle de fresques moralisantes (1871) de G.Guffens et J. Swerts. L\u2019ameublement et la d\u00e9coration forment un ensemble stylistique. De l\u2019ancienne [&hellip;]<\/p>\n","protected":false},"author":16,"featured_media":0,"parent":37852,"menu_order":100,"comment_status":"closed","ping_status":"closed","template":"","meta":{"footnotes":""},"class_list":["post-38003","page","type-page","status-publish","hentry"],"aioseo_notices":[],"_links":{"self":[{"href":"https:\/\/topa.be\/fr\/wp-json\/wp\/v2\/pages\/38003","targetHints":{"allow":["GET"]}}],"collection":[{"href":"https:\/\/topa.be\/fr\/wp-json\/wp\/v2\/pages"}],"about":[{"href":"https:\/\/topa.be\/fr\/wp-json\/wp\/v2\/types\/page"}],"author":[{"embeddable":true,"href":"https:\/\/topa.be\/fr\/wp-json\/wp\/v2\/users\/16"}],"replies":[{"embeddable":true,"href":"https:\/\/topa.be\/fr\/wp-json\/wp\/v2\/comments?post=38003"}],"version-history":[{"count":3,"href":"https:\/\/topa.be\/fr\/wp-json\/wp\/v2\/pages\/38003\/revisions"}],"predecessor-version":[{"id":65447,"href":"https:\/\/topa.be\/fr\/wp-json\/wp\/v2\/pages\/38003\/revisions\/65447"}],"up":[{"embeddable":true,"href":"https:\/\/topa.be\/fr\/wp-json\/wp\/v2\/pages\/37852"}],"wp:attachment":[{"href":"https:\/\/topa.be\/fr\/wp-json\/wp\/v2\/media?parent=38003"}],"curies":[{"name":"wp","href":"https:\/\/api.w.org\/{rel}","templated":true}]}}