{"id":37999,"date":"2021-05-26T17:59:08","date_gmt":"2021-05-26T15:59:08","guid":{"rendered":"http:\/\/topa.be\/monumentale-kerken\/sint-laurentius\/"},"modified":"2022-11-28T13:38:14","modified_gmt":"2022-11-28T12:38:14","slug":"sint-laurentius","status":"publish","type":"page","link":"https:\/\/topa.be\/fr\/monumentale-kerken\/sint-laurentius\/","title":{"rendered":"\u00c9glise Saint-Laurent"},"content":{"rendered":"\t\t<div data-elementor-type=\"wp-page\" data-elementor-id=\"37999\" class=\"elementor elementor-37999 elementor-34027\" data-elementor-post-type=\"page\">\n\t\t\t\t\t\t<section class=\"elementor-section elementor-top-section elementor-element elementor-element-77b7680 elementor-section-boxed elementor-section-height-default elementor-section-height-default\" data-id=\"77b7680\" data-element_type=\"section\" data-e-type=\"section\">\n\t\t\t\t\t\t<div class=\"elementor-container elementor-column-gap-default\">\n\t\t\t\t\t<div class=\"elementor-column elementor-col-100 elementor-top-column elementor-element elementor-element-cc129ea\" data-id=\"cc129ea\" data-element_type=\"column\" data-e-type=\"column\">\n\t\t\t<div class=\"elementor-widget-wrap elementor-element-populated\">\n\t\t\t\t\t\t<div class=\"elementor-element elementor-element-a5d57c3 elementor-widget elementor-widget-heading\" data-id=\"a5d57c3\" data-element_type=\"widget\" data-e-type=\"widget\" data-widget_type=\"heading.default\">\n\t\t\t\t<div class=\"elementor-widget-container\">\n\t\t\t\t\t<h1 class=\"elementor-heading-title elementor-size-default\">\u00c9glise Saint-Laurent<\/h1>\t\t\t\t<\/div>\n\t\t\t\t<\/div>\n\t\t\t\t\t<\/div>\n\t\t<\/div>\n\t\t\t\t\t<\/div>\n\t\t<\/section>\n\t\t\t\t<section class=\"elementor-section elementor-top-section elementor-element elementor-element-be8eada elementor-section-boxed elementor-section-height-default elementor-section-height-default\" data-id=\"be8eada\" data-element_type=\"section\" data-e-type=\"section\">\n\t\t\t\t\t\t<div class=\"elementor-container elementor-column-gap-default\">\n\t\t\t\t\t<div class=\"elementor-column elementor-col-50 elementor-top-column elementor-element elementor-element-8e93612\" data-id=\"8e93612\" data-element_type=\"column\" data-e-type=\"column\">\n\t\t\t<div class=\"elementor-widget-wrap elementor-element-populated\">\n\t\t\t\t\t\t<div class=\"elementor-element elementor-element-369e8c2 elementor-widget elementor-widget-image\" data-id=\"369e8c2\" data-element_type=\"widget\" data-e-type=\"widget\" data-widget_type=\"image.default\">\n\t\t\t\t<div class=\"elementor-widget-container\">\n\t\t\t\t\t\t\t\t\t\t\t\t\t\t\t\t<a href=\"https:\/\/topa.be\/wp-content\/uploads\/Antwerpen-Laurentius-Buiten.jpg\" data-elementor-open-lightbox=\"yes\" data-elementor-lightbox-title=\"Antwerpen-Laurentius-Buiten\" data-e-action-hash=\"#elementor-action%3Aaction%3Dlightbox%26settings%3DeyJpZCI6MTMyNzYsInVybCI6Imh0dHBzOlwvXC90b3BhLmJlXC93cC1jb250ZW50XC91cGxvYWRzXC9BbnR3ZXJwZW4tTGF1cmVudGl1cy1CdWl0ZW4uanBnIn0%3D\">\n\t\t\t\t\t\t\t<img fetchpriority=\"high\" decoding=\"async\" width=\"800\" height=\"452\" src=\"https:\/\/topa.be\/wp-content\/uploads\/Antwerpen-Laurentius-Buiten.jpg\" class=\"attachment-large size-large wp-image-13276\" alt=\"\" srcset=\"https:\/\/topa.be\/wp-content\/uploads\/Antwerpen-Laurentius-Buiten.jpg 1019w, https:\/\/topa.be\/wp-content\/uploads\/Antwerpen-Laurentius-Buiten-300x170.jpg 300w, https:\/\/topa.be\/wp-content\/uploads\/Antwerpen-Laurentius-Buiten-200x113.jpg 200w, https:\/\/topa.be\/wp-content\/uploads\/Antwerpen-Laurentius-Buiten-768x434.jpg 768w\" sizes=\"(max-width: 800px) 100vw, 800px\" \/>\t\t\t\t\t\t\t\t<\/a>\n\t\t\t\t\t\t\t\t\t\t\t\t\t\t\t<\/div>\n\t\t\t\t<\/div>\n\t\t\t\t\t<\/div>\n\t\t<\/div>\n\t\t\t\t<div class=\"elementor-column elementor-col-50 elementor-top-column elementor-element elementor-element-1fdbd45\" data-id=\"1fdbd45\" data-element_type=\"column\" data-e-type=\"column\">\n\t\t\t<div class=\"elementor-widget-wrap elementor-element-populated\">\n\t\t\t\t\t\t<div class=\"elementor-element elementor-element-b43e093 elementor-widget elementor-widget-image\" data-id=\"b43e093\" data-element_type=\"widget\" data-e-type=\"widget\" data-widget_type=\"image.default\">\n\t\t\t\t<div class=\"elementor-widget-container\">\n\t\t\t\t\t\t\t\t\t\t\t\t\t\t\t\t<a href=\"https:\/\/topa.be\/wp-content\/uploads\/Antwerpen-Laurentius-Binnen.jpg\" data-elementor-open-lightbox=\"yes\" data-elementor-lightbox-title=\"Antwerpen-Laurentius-Binnen\" data-e-action-hash=\"#elementor-action%3Aaction%3Dlightbox%26settings%3DeyJpZCI6MTMyNjQsInVybCI6Imh0dHBzOlwvXC90b3BhLmJlXC93cC1jb250ZW50XC91cGxvYWRzXC9BbnR3ZXJwZW4tTGF1cmVudGl1cy1CaW5uZW4uanBnIn0%3D\">\n\t\t\t\t\t\t\t<img decoding=\"async\" width=\"639\" height=\"361\" src=\"https:\/\/topa.be\/wp-content\/uploads\/Antwerpen-Laurentius-Binnen.jpg\" class=\"attachment-large size-large wp-image-13264\" alt=\"\" srcset=\"https:\/\/topa.be\/wp-content\/uploads\/Antwerpen-Laurentius-Binnen.jpg 639w, https:\/\/topa.be\/wp-content\/uploads\/Antwerpen-Laurentius-Binnen-300x169.jpg 300w, https:\/\/topa.be\/wp-content\/uploads\/Antwerpen-Laurentius-Binnen-200x113.jpg 200w\" sizes=\"(max-width: 639px) 100vw, 639px\" \/>\t\t\t\t\t\t\t\t<\/a>\n\t\t\t\t\t\t\t\t\t\t\t\t\t\t\t<\/div>\n\t\t\t\t<\/div>\n\t\t\t\t\t<\/div>\n\t\t<\/div>\n\t\t\t\t\t<\/div>\n\t\t<\/section>\n\t\t\t\t<section class=\"elementor-section elementor-top-section elementor-element elementor-element-f10fadc elementor-section-boxed elementor-section-height-default elementor-section-height-default\" data-id=\"f10fadc\" data-element_type=\"section\" data-e-type=\"section\">\n\t\t\t\t\t\t<div class=\"elementor-container elementor-column-gap-default\">\n\t\t\t\t\t<div class=\"elementor-column elementor-col-100 elementor-top-column elementor-element elementor-element-8aeb804\" data-id=\"8aeb804\" data-element_type=\"column\" data-e-type=\"column\">\n\t\t\t<div class=\"elementor-widget-wrap elementor-element-populated\">\n\t\t\t\t\t\t<div class=\"elementor-element elementor-element-439d147 elementor-widget elementor-widget-text-editor\" data-id=\"439d147\" data-element_type=\"widget\" data-e-type=\"widget\" data-widget_type=\"text-editor.default\">\n\t\t\t\t<div class=\"elementor-widget-container\">\n\t\t\t\t\t\t\t\t\t<p style=\"text-align: justify;\">Un remarquable monument de l\u2019entre-deux-guerres en style n\u00e9o-byzantin avec des \u00e9l\u00e9ments art d\u00e9co, consacr\u00e9 en 1934.<\/p>\r\n<p style=\"text-align: justify;\">Elle se fait remarquer dans le paysage par sa grande coupole sur croix grecque et son imposante tour d\u00e9cal\u00e9e (65 m).<\/p>\r\n<p style=\"text-align: justify;\">Un bel exemple de conception int\u00e9gr\u00e9e du b\u00e2timent et de l\u2019int\u00e9rieur. L\u2019architecture, les d\u00e9corations et le mobilier ont express\u00e9ment \u00e9t\u00e9 con\u00e7us en puisant dans la riche symbolique du Mouvement artistique dit des P\u00e8lerins.<\/p>\t\t\t\t\t\t\t\t<\/div>\n\t\t\t\t<\/div>\n\t\t\t\t\t<\/div>\n\t\t<\/div>\n\t\t\t\t\t<\/div>\n\t\t<\/section>\n\t\t\t\t<section class=\"elementor-section elementor-top-section elementor-element elementor-element-8bab672 elementor-section-boxed elementor-section-height-default elementor-section-height-default\" data-id=\"8bab672\" data-element_type=\"section\" data-e-type=\"section\">\n\t\t\t\t\t\t<div class=\"elementor-container elementor-column-gap-default\">\n\t\t\t\t\t<div class=\"elementor-column elementor-col-100 elementor-top-column elementor-element elementor-element-3e2cffa6\" data-id=\"3e2cffa6\" data-element_type=\"column\" data-e-type=\"column\">\n\t\t\t<div class=\"elementor-widget-wrap elementor-element-populated\">\n\t\t\t\t\t\t<div class=\"elementor-element elementor-element-75d306df elementor-widget elementor-widget-text-editor\" data-id=\"75d306df\" data-element_type=\"widget\" data-e-type=\"widget\" data-widget_type=\"text-editor.default\">\n\t\t\t\t<div class=\"elementor-widget-container\">\n\t\t\t\t\t\t\t\t\t<p style=\"text-align: justify;\">Sur <a href=\"https:\/\/goo.gl\/maps\/LnfR9mQwmUS6VN7MA\"><strong>CETTE CARTE<\/strong><\/a> vous pouvez d\u00e9terminer un itin\u00e9raire en fonction de votre moyen de transport.\r\nEssayez aussi VELO-Antwerpen\u00a0:\u00a0<strong><a href=\"https:\/\/www.velo-antwerpen.be\/fr\">https:\/\/www.velo-antwerpen.be\/fr<\/a><\/strong><\/p>\t\t\t\t\t\t\t\t<\/div>\n\t\t\t\t<\/div>\n\t\t\t\t\t<\/div>\n\t\t<\/div>\n\t\t\t\t\t<\/div>\n\t\t<\/section>\n\t\t\t\t<section class=\"elementor-section elementor-top-section elementor-element elementor-element-f77178c elementor-section-boxed elementor-section-height-default elementor-section-height-default\" data-id=\"f77178c\" data-element_type=\"section\" data-e-type=\"section\">\n\t\t\t\t\t\t<div class=\"elementor-container elementor-column-gap-default\">\n\t\t\t\t\t<div class=\"elementor-column elementor-col-50 elementor-top-column elementor-element elementor-element-298c381\" data-id=\"298c381\" data-element_type=\"column\" data-e-type=\"column\">\n\t\t\t<div class=\"elementor-widget-wrap elementor-element-populated\">\n\t\t\t\t\t\t<div class=\"elementor-element elementor-element-68a7ddb elementor-widget elementor-widget-text-editor\" data-id=\"68a7ddb\" data-element_type=\"widget\" data-e-type=\"widget\" data-widget_type=\"text-editor.default\">\n\t\t\t\t<div class=\"elementor-widget-container\">\n\t\t\t\t\t\t\t\t\t<h2>Informations pratiques<\/h2>\r\nC\u00e9l\u00e9brations eucharistiques\r\nDimanche : 10h30\r\n\r\nHeures de visite\r\nEn dehors des services, l\u2019\u00e9glise n\u2019est accessible qu\u2019aux visiteurs :\r\n\u2013 \u00e0 des occasions sp\u00e9ciales (variables),\r\n\u2013 La nuit des \u00e9glises (ao\u00fbt) et la journ\u00e9e des monuments (septembre).\r\nL\u2019\u00e9glise est alors librement accessible\r\n\r\nInformations\r\nAlfred Third +32 (0)3 216 05 40\r\n<a href=\"mailto:derdealfred@skynet.be\">derdealfred@skynet.be<\/a>\r\n\r\nSecr\u00e9tariat de la paroisse\r\nMarkgravelei 93\r\n2018 Anvers\r\nT\u00e9l : +32 (0)3 237 40 53\r\n<a href=\"mailto:st.laurentius.antw@skynet.be\">st.laurentius.antw@skynet.be<\/a>\t\t\t\t\t\t\t\t<\/div>\n\t\t\t\t<\/div>\n\t\t\t\t\t<\/div>\n\t\t<\/div>\n\t\t\t\t<div class=\"elementor-column elementor-col-50 elementor-top-column elementor-element elementor-element-9ea9b68\" data-id=\"9ea9b68\" data-element_type=\"column\" data-e-type=\"column\">\n\t\t\t<div class=\"elementor-widget-wrap elementor-element-populated\">\n\t\t\t\t\t\t<div class=\"elementor-element elementor-element-b4d5328 elementor-widget elementor-widget-text-editor\" data-id=\"b4d5328\" data-element_type=\"widget\" data-e-type=\"widget\" data-widget_type=\"text-editor.default\">\n\t\t\t\t<div class=\"elementor-widget-container\">\n\t\t\t\t\t\t\t\t\t<h2><a href=\"https:\/\/www.topa.be\/fr\/antwerp\/kerken-in-antwerpen\/sint-laurentius-2\/kennismaking\/\">L\u2019\u00e9glise en bref<\/a><\/h2>\t\t\t\t\t\t\t\t<\/div>\n\t\t\t\t<\/div>\n\t\t\t\t<div class=\"elementor-element elementor-element-3b8dad3 elementor-widget elementor-widget-text-editor\" data-id=\"3b8dad3\" data-element_type=\"widget\" data-e-type=\"widget\" data-widget_type=\"text-editor.default\">\n\t\t\t\t<div class=\"elementor-widget-container\">\n\t\t\t\t\t\t\t\t\t.\t\t\t\t\t\t\t\t<\/div>\n\t\t\t\t<\/div>\n\t\t\t\t<div class=\"elementor-element elementor-element-07c31bc elementor-widget elementor-widget-text-editor\" data-id=\"07c31bc\" data-element_type=\"widget\" data-e-type=\"widget\" data-widget_type=\"text-editor.default\">\n\t\t\t\t<div class=\"elementor-widget-container\">\n\t\t\t\t\t\t\t\t\t<h2>Visites guid\u00e9es<\/h2>\r\nDes visites guid\u00e9es pour groupes s\u2019organisent sur demande.\r\nIl est demand\u00e9 une participation aux frais.\r\n50 \u20ac \u2013 Maximum 25 pers. par groupe\r\n\r\n<strong>Contact:<\/strong><strong>\r\n<\/strong>Th\u00e9r\u00e8se Verschueren +32 (0)3 288 82 72\r\n<a href=\"mailto:Th.verschueren@telenet.be\"><strong>Th.verschueren@telenet.be<\/strong><\/a><strong>\u00a0<\/strong>\t\t\t\t\t\t\t\t<\/div>\n\t\t\t\t<\/div>\n\t\t\t\t<div class=\"elementor-element elementor-element-b42978c elementor-widget elementor-widget-text-editor\" data-id=\"b42978c\" data-element_type=\"widget\" data-e-type=\"widget\" data-widget_type=\"text-editor.default\">\n\t\t\t\t<div class=\"elementor-widget-container\">\n\t\t\t\t\t\t\t\t\t.\t\t\t\t\t\t\t\t<\/div>\n\t\t\t\t<\/div>\n\t\t\t\t\t<\/div>\n\t\t<\/div>\n\t\t\t\t\t<\/div>\n\t\t<\/section>\n\t\t\t\t<\/div>\n\t\t","protected":false},"excerpt":{"rendered":"<p>\u00c9glise Saint-Laurent Un remarquable monument de l\u2019entre-deux-guerres en style n\u00e9o-byzantin avec des \u00e9l\u00e9ments art d\u00e9co, consacr\u00e9 en 1934. Elle se fait remarquer dans le paysage par sa grande coupole sur croix grecque et son imposante tour d\u00e9cal\u00e9e (65 m). Un bel exemple de conception int\u00e9gr\u00e9e du b\u00e2timent et de l\u2019int\u00e9rieur. L\u2019architecture, les d\u00e9corations et le [&hellip;]<\/p>\n","protected":false},"author":16,"featured_media":0,"parent":37852,"menu_order":110,"comment_status":"closed","ping_status":"closed","template":"","meta":{"footnotes":""},"class_list":["post-37999","page","type-page","status-publish","hentry"],"aioseo_notices":[],"_links":{"self":[{"href":"https:\/\/topa.be\/fr\/wp-json\/wp\/v2\/pages\/37999","targetHints":{"allow":["GET"]}}],"collection":[{"href":"https:\/\/topa.be\/fr\/wp-json\/wp\/v2\/pages"}],"about":[{"href":"https:\/\/topa.be\/fr\/wp-json\/wp\/v2\/types\/page"}],"author":[{"embeddable":true,"href":"https:\/\/topa.be\/fr\/wp-json\/wp\/v2\/users\/16"}],"replies":[{"embeddable":true,"href":"https:\/\/topa.be\/fr\/wp-json\/wp\/v2\/comments?post=37999"}],"version-history":[{"count":3,"href":"https:\/\/topa.be\/fr\/wp-json\/wp\/v2\/pages\/37999\/revisions"}],"predecessor-version":[{"id":66262,"href":"https:\/\/topa.be\/fr\/wp-json\/wp\/v2\/pages\/37999\/revisions\/66262"}],"up":[{"embeddable":true,"href":"https:\/\/topa.be\/fr\/wp-json\/wp\/v2\/pages\/37852"}],"wp:attachment":[{"href":"https:\/\/topa.be\/fr\/wp-json\/wp\/v2\/media?parent=37999"}],"curies":[{"name":"wp","href":"https:\/\/api.w.org\/{rel}","templated":true}]}}