{"id":37997,"date":"2021-05-26T17:56:53","date_gmt":"2021-05-26T15:56:53","guid":{"rendered":"http:\/\/topa.be\/monumentale-kerken\/sint-michiel-en-petrus\/"},"modified":"2025-04-21T10:45:39","modified_gmt":"2025-04-21T08:45:39","slug":"sint-michiel-en-petrus","status":"publish","type":"page","link":"https:\/\/topa.be\/fr\/monumentale-kerken\/sint-michiel-en-petrus\/","title":{"rendered":"\u00c9glise Saints-Michel-et-Pierre"},"content":{"rendered":"\t\t<div data-elementor-type=\"wp-page\" data-elementor-id=\"37997\" class=\"elementor elementor-37997 elementor-34031\" data-elementor-post-type=\"page\">\n\t\t\t\t\t\t<section class=\"elementor-section elementor-top-section elementor-element elementor-element-190f2b0 elementor-section-boxed elementor-section-height-default elementor-section-height-default\" data-id=\"190f2b0\" data-element_type=\"section\" data-e-type=\"section\">\n\t\t\t\t\t\t<div class=\"elementor-container elementor-column-gap-default\">\n\t\t\t\t\t<div class=\"elementor-column elementor-col-100 elementor-top-column elementor-element elementor-element-a5f7440\" data-id=\"a5f7440\" data-element_type=\"column\" data-e-type=\"column\">\n\t\t\t<div class=\"elementor-widget-wrap elementor-element-populated\">\n\t\t\t\t\t\t<div class=\"elementor-element elementor-element-8d09fe6 elementor-widget elementor-widget-heading\" data-id=\"8d09fe6\" data-element_type=\"widget\" data-e-type=\"widget\" data-widget_type=\"heading.default\">\n\t\t\t\t<div class=\"elementor-widget-container\">\n\t\t\t\t\t<h1 class=\"elementor-heading-title elementor-size-default\">\u00c9glise Saints-Michel-et-Pierre<\/h1>\t\t\t\t<\/div>\n\t\t\t\t<\/div>\n\t\t\t\t\t<\/div>\n\t\t<\/div>\n\t\t\t\t\t<\/div>\n\t\t<\/section>\n\t\t\t\t<section class=\"elementor-section elementor-top-section elementor-element elementor-element-d6f041f elementor-section-boxed elementor-section-height-default elementor-section-height-default\" data-id=\"d6f041f\" data-element_type=\"section\" data-e-type=\"section\">\n\t\t\t\t\t\t<div class=\"elementor-container elementor-column-gap-default\">\n\t\t\t\t\t<div class=\"elementor-column elementor-col-50 elementor-top-column elementor-element elementor-element-c5af6f3\" data-id=\"c5af6f3\" data-element_type=\"column\" data-e-type=\"column\">\n\t\t\t<div class=\"elementor-widget-wrap elementor-element-populated\">\n\t\t\t\t\t\t<div class=\"elementor-element elementor-element-2753106 elementor-widget elementor-widget-image\" data-id=\"2753106\" data-element_type=\"widget\" data-e-type=\"widget\" data-widget_type=\"image.default\">\n\t\t\t\t<div class=\"elementor-widget-container\">\n\t\t\t\t\t\t\t\t\t\t\t\t\t\t\t\t<a href=\"https:\/\/topa.be\/wp-content\/uploads\/Antwerpen-Sint-MichielPetrus-Buiten.jpg\" data-elementor-open-lightbox=\"yes\" data-elementor-lightbox-title=\"Antwerpen-Sint-MichielPetrus-Buiten\" data-e-action-hash=\"#elementor-action%3Aaction%3Dlightbox%26settings%3DeyJpZCI6MTM1MTYsInVybCI6Imh0dHBzOlwvXC90b3BhLmJlXC93cC1jb250ZW50XC91cGxvYWRzXC9BbnR3ZXJwZW4tU2ludC1NaWNoaWVsUGV0cnVzLUJ1aXRlbi5qcGcifQ%3D%3D\">\n\t\t\t\t\t\t\t<img fetchpriority=\"high\" decoding=\"async\" width=\"800\" height=\"600\" src=\"https:\/\/topa.be\/wp-content\/uploads\/Antwerpen-Sint-MichielPetrus-Buiten.jpg\" class=\"attachment-large size-large wp-image-13516\" alt=\"\" srcset=\"https:\/\/topa.be\/wp-content\/uploads\/Antwerpen-Sint-MichielPetrus-Buiten.jpg 1024w, https:\/\/topa.be\/wp-content\/uploads\/Antwerpen-Sint-MichielPetrus-Buiten-300x225.jpg 300w, https:\/\/topa.be\/wp-content\/uploads\/Antwerpen-Sint-MichielPetrus-Buiten-200x150.jpg 200w, https:\/\/topa.be\/wp-content\/uploads\/Antwerpen-Sint-MichielPetrus-Buiten-768x576.jpg 768w\" sizes=\"(max-width: 800px) 100vw, 800px\" \/>\t\t\t\t\t\t\t\t<\/a>\n\t\t\t\t\t\t\t\t\t\t\t\t\t\t\t<\/div>\n\t\t\t\t<\/div>\n\t\t\t\t\t<\/div>\n\t\t<\/div>\n\t\t\t\t<div class=\"elementor-column elementor-col-50 elementor-top-column elementor-element elementor-element-d5c20f8\" data-id=\"d5c20f8\" data-element_type=\"column\" data-e-type=\"column\">\n\t\t\t<div class=\"elementor-widget-wrap elementor-element-populated\">\n\t\t\t\t\t\t<div class=\"elementor-element elementor-element-39465f2 elementor-widget elementor-widget-image\" data-id=\"39465f2\" data-element_type=\"widget\" data-e-type=\"widget\" data-widget_type=\"image.default\">\n\t\t\t\t<div class=\"elementor-widget-container\">\n\t\t\t\t\t\t\t\t\t\t\t\t\t\t\t\t<a href=\"https:\/\/topa.be\/wp-content\/uploads\/Antwerpen-Sint-MichielPetrus-Binnen.jpg\" data-elementor-open-lightbox=\"yes\" data-elementor-lightbox-title=\"Antwerpen-Sint-MichielPetrus-Binnen\" data-e-action-hash=\"#elementor-action%3Aaction%3Dlightbox%26settings%3DeyJpZCI6MTM1MDQsInVybCI6Imh0dHBzOlwvXC90b3BhLmJlXC93cC1jb250ZW50XC91cGxvYWRzXC9BbnR3ZXJwZW4tU2ludC1NaWNoaWVsUGV0cnVzLUJpbm5lbi5qcGcifQ%3D%3D\">\n\t\t\t\t\t\t\t<img decoding=\"async\" width=\"800\" height=\"600\" src=\"https:\/\/topa.be\/wp-content\/uploads\/Antwerpen-Sint-MichielPetrus-Binnen.jpg\" class=\"attachment-large size-large wp-image-13504\" alt=\"\" srcset=\"https:\/\/topa.be\/wp-content\/uploads\/Antwerpen-Sint-MichielPetrus-Binnen.jpg 1024w, https:\/\/topa.be\/wp-content\/uploads\/Antwerpen-Sint-MichielPetrus-Binnen-300x225.jpg 300w, https:\/\/topa.be\/wp-content\/uploads\/Antwerpen-Sint-MichielPetrus-Binnen-200x150.jpg 200w, https:\/\/topa.be\/wp-content\/uploads\/Antwerpen-Sint-MichielPetrus-Binnen-768x576.jpg 768w\" sizes=\"(max-width: 800px) 100vw, 800px\" \/>\t\t\t\t\t\t\t\t<\/a>\n\t\t\t\t\t\t\t\t\t\t\t\t\t\t\t<\/div>\n\t\t\t\t<\/div>\n\t\t\t\t\t<\/div>\n\t\t<\/div>\n\t\t\t\t\t<\/div>\n\t\t<\/section>\n\t\t\t\t<section class=\"elementor-section elementor-top-section elementor-element elementor-element-2339e5f elementor-section-boxed elementor-section-height-default elementor-section-height-default\" data-id=\"2339e5f\" data-element_type=\"section\" data-e-type=\"section\">\n\t\t\t\t\t\t<div class=\"elementor-container elementor-column-gap-default\">\n\t\t\t\t\t<div class=\"elementor-column elementor-col-100 elementor-top-column elementor-element elementor-element-fa43c80\" data-id=\"fa43c80\" data-element_type=\"column\" data-e-type=\"column\">\n\t\t\t<div class=\"elementor-widget-wrap elementor-element-populated\">\n\t\t\t\t\t\t<div class=\"elementor-element elementor-element-aa1482e elementor-widget elementor-widget-text-editor\" data-id=\"aa1482e\" data-element_type=\"widget\" data-e-type=\"widget\" data-widget_type=\"text-editor.default\">\n\t\t\t\t<div class=\"elementor-widget-container\">\n\t\t\t\t\t\t\t\t\t<p style=\"text-align: justify;\">\u00c9glise sur plan basilical de 1896, unifiant de fa\u00e7on unique une fa\u00e7ade et un plan n\u00e9o-roman avec un int\u00e9rieur neo-byzantin. L\u2019architecte Frans Van Dijk s\u2019est inspir\u00e9 \u00e0 la fois de l\u2019architecture romane de la Dordogne, des \u00e9glises Latino-Byzantines et des premi\u00e8res \u00e9glises chr\u00e9tiennes. Le tympan est inspir\u00e9 de celui de Chartres. Malgr\u00e9 son ornementation charg\u00e9e cette \u00e9glise respire la sobri\u00e9t\u00e9 et le calme. La d\u00e9coration int\u00e9rieure est riche de symboles. Grandioses piliers polis monolithiques. Superbes mosa\u00efques dor\u00e9es. Remarquable plafond \u00e0 caissons. Ma\u00eetre-autel avec ciborium richement d\u00e9cor\u00e9. Chaire et confessionnaux en marbre blanc de Carrare et d\u2019ailleurs, enrichis de mosa\u00efques, cuivre et granit.<\/p>\n<p>Depuis mars 2022, cette \u00e9glise est \u00e9galement le lieu o\u00f9 la communaut\u00e9 ukrainienne gr\u00e9co-catholique peut se sentir chez elle.<\/p>\n\t\t\t\t\t\t\t\t<\/div>\n\t\t\t\t<\/div>\n\t\t\t\t\t<\/div>\n\t\t<\/div>\n\t\t\t\t\t<\/div>\n\t\t<\/section>\n\t\t\t\t<section class=\"elementor-section elementor-top-section elementor-element elementor-element-c3a85cb elementor-section-boxed elementor-section-height-default elementor-section-height-default\" data-id=\"c3a85cb\" data-element_type=\"section\" data-e-type=\"section\">\n\t\t\t\t\t\t<div class=\"elementor-container elementor-column-gap-default\">\n\t\t\t\t\t<div class=\"elementor-column elementor-col-100 elementor-top-column elementor-element elementor-element-27feabba\" data-id=\"27feabba\" data-element_type=\"column\" data-e-type=\"column\">\n\t\t\t<div class=\"elementor-widget-wrap elementor-element-populated\">\n\t\t\t\t\t\t<div class=\"elementor-element elementor-element-7224da28 elementor-widget elementor-widget-text-editor\" data-id=\"7224da28\" data-element_type=\"widget\" data-e-type=\"widget\" data-widget_type=\"text-editor.default\">\n\t\t\t\t<div class=\"elementor-widget-container\">\n\t\t\t\t\t\t\t\t\t<p style=\"text-align: justify;\" data-mce-style=\"text-align: justify;\">Sur <a href=\"https:\/\/goo.gl\/maps\/QDkPmXz25dNwK7sH8\" data-mce-href=\"https:\/\/goo.gl\/maps\/QDkPmXz25dNwK7sH8\"><strong>CETTE CARTE<\/strong><\/a> vous pouvez d\u00e9terminer un itin\u00e9raire en fonction de votre moyen de transport.<br \/>Essayez aussi VELO-Antwerpen&nbsp;:&nbsp;<strong><a href=\"https:\/\/www.velo-antwerpen.be\/fr\" data-mce-href=\"https:\/\/www.velo-antwerpen.be\/fr\">https:\/\/www.velo-antwerpen.be\/fr<\/a><\/strong><\/p>\n\t\t\t\t\t\t\t\t<\/div>\n\t\t\t\t<\/div>\n\t\t\t\t\t<\/div>\n\t\t<\/div>\n\t\t\t\t\t<\/div>\n\t\t<\/section>\n\t\t\t\t<section class=\"elementor-section elementor-top-section elementor-element elementor-element-7b5569c elementor-section-boxed elementor-section-height-default elementor-section-height-default\" data-id=\"7b5569c\" data-element_type=\"section\" data-e-type=\"section\">\n\t\t\t\t\t\t<div class=\"elementor-container elementor-column-gap-default\">\n\t\t\t\t\t<div class=\"elementor-column elementor-col-50 elementor-top-column elementor-element elementor-element-1b8888a\" data-id=\"1b8888a\" data-element_type=\"column\" data-e-type=\"column\">\n\t\t\t<div class=\"elementor-widget-wrap elementor-element-populated\">\n\t\t\t\t\t\t<div class=\"elementor-element elementor-element-cdff374 elementor-widget elementor-widget-text-editor\" data-id=\"cdff374\" data-element_type=\"widget\" data-e-type=\"widget\" data-widget_type=\"text-editor.default\">\n\t\t\t\t<div class=\"elementor-widget-container\">\n\t\t\t\t\t\t\t\t\t<h2>Informations pratiques<\/h2>\n<p><strong>C\u00e9l\u00e9brations Eucharistiques<\/strong><br \/>Dimanche<br \/>09:00 C\u00e9l\u00e9bration ukrainienne<br \/>11:00 C\u00e9l\u00e9bration catholique romaine<br \/>12:30 C\u00e9l\u00e9bration ukrainienne<br \/>En semaine : c\u00e9l\u00e9bration ukrainienne \u00e0 18h30 tous les jours.<\/p>\n<p><strong>Heures de visite<\/strong><strong><br \/>\n<\/strong>sur demande via<br \/>e-mail:\u00a0<a href=\"mailto:paul.clerckx@telenet.be\">paul.clerckx@telenet.be<\/a><br \/>gsm: \u00a0 \u00a00479 670 182<strong>\u00a0<\/strong><\/p>\n<p><strong>Cure<\/strong><strong>\u00a0<\/strong><strong><br \/>\n<\/strong>Cuylitsstraat 24, 2018 Antwerpen,<br \/>tel. +32 (0)3) 238 37 83<\/p>\n\t\t\t\t\t\t\t\t<\/div>\n\t\t\t\t<\/div>\n\t\t\t\t\t<\/div>\n\t\t<\/div>\n\t\t\t\t<div class=\"elementor-column elementor-col-50 elementor-top-column elementor-element elementor-element-7069e02\" data-id=\"7069e02\" data-element_type=\"column\" data-e-type=\"column\">\n\t\t\t<div class=\"elementor-widget-wrap elementor-element-populated\">\n\t\t\t\t\t\t<div class=\"elementor-element elementor-element-28d7d12 elementor-widget elementor-widget-text-editor\" data-id=\"28d7d12\" data-element_type=\"widget\" data-e-type=\"widget\" data-widget_type=\"text-editor.default\">\n\t\t\t\t<div class=\"elementor-widget-container\">\n\t\t\t\t\t\t\t\t\t<h2><a href=\"https:\/\/www.topa.be\/fr\/antwerp\/kerken-in-antwerpen\/sint-michiel\/kennismaking\/\">L\u2019\u00e9glise en bref<\/a><\/h2>\n\t\t\t\t\t\t\t\t<\/div>\n\t\t\t\t<\/div>\n\t\t\t\t<div class=\"elementor-element elementor-element-6675442 elementor-widget elementor-widget-text-editor\" data-id=\"6675442\" data-element_type=\"widget\" data-e-type=\"widget\" data-widget_type=\"text-editor.default\">\n\t\t\t\t<div class=\"elementor-widget-container\">\n\t\t\t\t\t\t\t\t\t<p>.<\/p>\n\t\t\t\t\t\t\t\t<\/div>\n\t\t\t\t<\/div>\n\t\t\t\t<div class=\"elementor-element elementor-element-4ce9321 elementor-widget elementor-widget-text-editor\" data-id=\"4ce9321\" data-element_type=\"widget\" data-e-type=\"widget\" data-widget_type=\"text-editor.default\">\n\t\t\t\t<div class=\"elementor-widget-container\">\n\t\t\t\t\t\t\t\t\t<p>.<\/p>\n\t\t\t\t\t\t\t\t<\/div>\n\t\t\t\t<\/div>\n\t\t\t\t\t<\/div>\n\t\t<\/div>\n\t\t\t\t\t<\/div>\n\t\t<\/section>\n\t\t\t\t<\/div>\n\t\t","protected":false},"excerpt":{"rendered":"<p>\u00c9glise Saints-Michel-et-Pierre \u00c9glise sur plan basilical de 1896, unifiant de fa\u00e7on unique une fa\u00e7ade et un plan n\u00e9o-roman avec un int\u00e9rieur neo-byzantin. L\u2019architecte Frans Van Dijk s\u2019est inspir\u00e9 \u00e0 la fois de l\u2019architecture romane de la Dordogne, des \u00e9glises Latino-Byzantines et des premi\u00e8res \u00e9glises chr\u00e9tiennes. Le tympan est inspir\u00e9 de celui de Chartres. Malgr\u00e9 son [&hellip;]<\/p>\n","protected":false},"author":16,"featured_media":0,"parent":37852,"menu_order":120,"comment_status":"closed","ping_status":"closed","template":"","meta":{"footnotes":""},"class_list":["post-37997","page","type-page","status-publish","hentry"],"aioseo_notices":[],"_links":{"self":[{"href":"https:\/\/topa.be\/fr\/wp-json\/wp\/v2\/pages\/37997","targetHints":{"allow":["GET"]}}],"collection":[{"href":"https:\/\/topa.be\/fr\/wp-json\/wp\/v2\/pages"}],"about":[{"href":"https:\/\/topa.be\/fr\/wp-json\/wp\/v2\/types\/page"}],"author":[{"embeddable":true,"href":"https:\/\/topa.be\/fr\/wp-json\/wp\/v2\/users\/16"}],"replies":[{"embeddable":true,"href":"https:\/\/topa.be\/fr\/wp-json\/wp\/v2\/comments?post=37997"}],"version-history":[{"count":3,"href":"https:\/\/topa.be\/fr\/wp-json\/wp\/v2\/pages\/37997\/revisions"}],"predecessor-version":[{"id":71573,"href":"https:\/\/topa.be\/fr\/wp-json\/wp\/v2\/pages\/37997\/revisions\/71573"}],"up":[{"embeddable":true,"href":"https:\/\/topa.be\/fr\/wp-json\/wp\/v2\/pages\/37852"}],"wp:attachment":[{"href":"https:\/\/topa.be\/fr\/wp-json\/wp\/v2\/media?parent=37997"}],"curies":[{"name":"wp","href":"https:\/\/api.w.org\/{rel}","templated":true}]}}