{"id":37995,"date":"2021-05-26T17:55:00","date_gmt":"2021-05-26T15:55:00","guid":{"rendered":"http:\/\/topa.be\/monumentale-kerken\/sint-norbertus\/"},"modified":"2025-08-05T13:47:54","modified_gmt":"2025-08-05T11:47:54","slug":"sint-norbertus","status":"publish","type":"page","link":"https:\/\/topa.be\/fr\/monumentale-kerken\/sint-norbertus\/","title":{"rendered":"\u00c9glise Saint-Norbert"},"content":{"rendered":"\t\t<div data-elementor-type=\"wp-page\" data-elementor-id=\"37995\" class=\"elementor elementor-37995 elementor-34035\" data-elementor-post-type=\"page\">\n\t\t\t\t\t\t<section class=\"elementor-section elementor-top-section elementor-element elementor-element-dcddc33 elementor-section-boxed elementor-section-height-default elementor-section-height-default\" data-id=\"dcddc33\" data-element_type=\"section\" data-e-type=\"section\">\n\t\t\t\t\t\t<div class=\"elementor-container elementor-column-gap-default\">\n\t\t\t\t\t<div class=\"elementor-column elementor-col-100 elementor-top-column elementor-element elementor-element-965ad02\" data-id=\"965ad02\" data-element_type=\"column\" data-e-type=\"column\">\n\t\t\t<div class=\"elementor-widget-wrap elementor-element-populated\">\n\t\t\t\t\t\t<div class=\"elementor-element elementor-element-0b1d988 elementor-widget elementor-widget-heading\" data-id=\"0b1d988\" data-element_type=\"widget\" data-e-type=\"widget\" data-widget_type=\"heading.default\">\n\t\t\t\t<div class=\"elementor-widget-container\">\n\t\t\t\t\t<h1 class=\"elementor-heading-title elementor-size-default\">\u00c9glise Saint-Norbert<\/h1>\t\t\t\t<\/div>\n\t\t\t\t<\/div>\n\t\t\t\t\t<\/div>\n\t\t<\/div>\n\t\t\t\t\t<\/div>\n\t\t<\/section>\n\t\t\t\t<section class=\"elementor-section elementor-top-section elementor-element elementor-element-d1ce829 elementor-section-boxed elementor-section-height-default elementor-section-height-default\" data-id=\"d1ce829\" data-element_type=\"section\" data-e-type=\"section\">\n\t\t\t\t\t\t<div class=\"elementor-container elementor-column-gap-default\">\n\t\t\t\t\t<div class=\"elementor-column elementor-col-50 elementor-top-column elementor-element elementor-element-9910dc8\" data-id=\"9910dc8\" data-element_type=\"column\" data-e-type=\"column\">\n\t\t\t<div class=\"elementor-widget-wrap elementor-element-populated\">\n\t\t\t\t\t\t<div class=\"elementor-element elementor-element-8c55dfd elementor-widget elementor-widget-image\" data-id=\"8c55dfd\" data-element_type=\"widget\" data-e-type=\"widget\" data-widget_type=\"image.default\">\n\t\t\t\t<div class=\"elementor-widget-container\">\n\t\t\t\t\t\t\t\t\t\t\t\t\t\t\t\t<a href=\"https:\/\/topa.be\/wp-content\/uploads\/Antwerpen-Sint-Norbertus-Buiten.jpg\" data-elementor-open-lightbox=\"yes\" data-elementor-lightbox-title=\"Antwerpen-Sint-Norbertus-Buiten\" data-e-action-hash=\"#elementor-action%3Aaction%3Dlightbox%26settings%3DeyJpZCI6MTM1NDAsInVybCI6Imh0dHBzOlwvXC90b3BhLmJlXC93cC1jb250ZW50XC91cGxvYWRzXC9BbnR3ZXJwZW4tU2ludC1Ob3JiZXJ0dXMtQnVpdGVuLmpwZyJ9\">\n\t\t\t\t\t\t\t<img fetchpriority=\"high\" decoding=\"async\" width=\"800\" height=\"450\" src=\"https:\/\/topa.be\/wp-content\/uploads\/Antwerpen-Sint-Norbertus-Buiten.jpg\" class=\"attachment-large size-large wp-image-13540\" alt=\"\" srcset=\"https:\/\/topa.be\/wp-content\/uploads\/Antwerpen-Sint-Norbertus-Buiten.jpg 1024w, https:\/\/topa.be\/wp-content\/uploads\/Antwerpen-Sint-Norbertus-Buiten-300x169.jpg 300w, https:\/\/topa.be\/wp-content\/uploads\/Antwerpen-Sint-Norbertus-Buiten-200x113.jpg 200w, https:\/\/topa.be\/wp-content\/uploads\/Antwerpen-Sint-Norbertus-Buiten-768x432.jpg 768w\" sizes=\"(max-width: 800px) 100vw, 800px\" \/>\t\t\t\t\t\t\t\t<\/a>\n\t\t\t\t\t\t\t\t\t\t\t\t\t\t\t<\/div>\n\t\t\t\t<\/div>\n\t\t\t\t\t<\/div>\n\t\t<\/div>\n\t\t\t\t<div class=\"elementor-column elementor-col-50 elementor-top-column elementor-element elementor-element-f9289b6\" data-id=\"f9289b6\" data-element_type=\"column\" data-e-type=\"column\">\n\t\t\t<div class=\"elementor-widget-wrap elementor-element-populated\">\n\t\t\t\t\t\t<div class=\"elementor-element elementor-element-39de823 elementor-widget elementor-widget-image\" data-id=\"39de823\" data-element_type=\"widget\" data-e-type=\"widget\" data-widget_type=\"image.default\">\n\t\t\t\t<div class=\"elementor-widget-container\">\n\t\t\t\t\t\t\t\t\t\t\t\t\t\t\t\t<a href=\"https:\/\/topa.be\/wp-content\/uploads\/Antwerpen-Sint-Norbertus-Binnen.jpg\" data-elementor-open-lightbox=\"yes\" data-elementor-lightbox-title=\"Antwerpen-Sint-Norbertus-Binnen\" data-e-action-hash=\"#elementor-action%3Aaction%3Dlightbox%26settings%3DeyJpZCI6MTM1MjgsInVybCI6Imh0dHBzOlwvXC90b3BhLmJlXC93cC1jb250ZW50XC91cGxvYWRzXC9BbnR3ZXJwZW4tU2ludC1Ob3JiZXJ0dXMtQmlubmVuLmpwZyJ9\">\n\t\t\t\t\t\t\t<img decoding=\"async\" width=\"800\" height=\"450\" src=\"https:\/\/topa.be\/wp-content\/uploads\/Antwerpen-Sint-Norbertus-Binnen.jpg\" class=\"attachment-large size-large wp-image-13528\" alt=\"\" srcset=\"https:\/\/topa.be\/wp-content\/uploads\/Antwerpen-Sint-Norbertus-Binnen.jpg 1024w, https:\/\/topa.be\/wp-content\/uploads\/Antwerpen-Sint-Norbertus-Binnen-300x169.jpg 300w, https:\/\/topa.be\/wp-content\/uploads\/Antwerpen-Sint-Norbertus-Binnen-200x113.jpg 200w, https:\/\/topa.be\/wp-content\/uploads\/Antwerpen-Sint-Norbertus-Binnen-768x432.jpg 768w\" sizes=\"(max-width: 800px) 100vw, 800px\" \/>\t\t\t\t\t\t\t\t<\/a>\n\t\t\t\t\t\t\t\t\t\t\t\t\t\t\t<\/div>\n\t\t\t\t<\/div>\n\t\t\t\t\t<\/div>\n\t\t<\/div>\n\t\t\t\t\t<\/div>\n\t\t<\/section>\n\t\t\t\t<section class=\"elementor-section elementor-top-section elementor-element elementor-element-900bc10 elementor-section-boxed elementor-section-height-default elementor-section-height-default\" data-id=\"900bc10\" data-element_type=\"section\" data-e-type=\"section\">\n\t\t\t\t\t\t<div class=\"elementor-container elementor-column-gap-default\">\n\t\t\t\t\t<div class=\"elementor-column elementor-col-100 elementor-top-column elementor-element elementor-element-130d200\" data-id=\"130d200\" data-element_type=\"column\" data-e-type=\"column\">\n\t\t\t<div class=\"elementor-widget-wrap elementor-element-populated\">\n\t\t\t\t\t\t<div class=\"elementor-element elementor-element-f9a658f elementor-widget elementor-widget-text-editor\" data-id=\"f9a658f\" data-element_type=\"widget\" data-e-type=\"widget\" data-widget_type=\"text-editor.default\">\n\t\t\t\t<div class=\"elementor-widget-container\">\n\t\t\t\t\t\t\t\t\t<p style=\"text-align: justify;\">\u00c9glise n\u00e9o-gothique \u00e0 trois nefs, construite en 1902\/04. \u00c9glise particuli\u00e8rement claire. Autels n\u00e9o-gothiques dont un avec un retable de J.B. Anthony. Beaux vitraux de J.A. Capronnier, Jules Dobbelaere en Eugeen Yoors. Il y a aussi un remarquable dallage en mosa\u00efque ainsi qu\u2019un orgue Loret-Stevens d\u2019une belle tonalit\u00e9.<\/p>\n\t\t\t\t\t\t\t\t<\/div>\n\t\t\t\t<\/div>\n\t\t\t\t\t<\/div>\n\t\t<\/div>\n\t\t\t\t\t<\/div>\n\t\t<\/section>\n\t\t\t\t<section class=\"elementor-section elementor-top-section elementor-element elementor-element-17a48697 elementor-section-boxed elementor-section-height-default elementor-section-height-default\" data-id=\"17a48697\" data-element_type=\"section\" data-e-type=\"section\">\n\t\t\t\t\t\t<div class=\"elementor-container elementor-column-gap-default\">\n\t\t\t\t\t<div class=\"elementor-column elementor-col-100 elementor-top-column elementor-element elementor-element-3524f20b\" data-id=\"3524f20b\" data-element_type=\"column\" data-e-type=\"column\">\n\t\t\t<div class=\"elementor-widget-wrap elementor-element-populated\">\n\t\t\t\t\t\t<div class=\"elementor-element elementor-element-b3a4433 elementor-widget elementor-widget-text-editor\" data-id=\"b3a4433\" data-element_type=\"widget\" data-e-type=\"widget\" data-widget_type=\"text-editor.default\">\n\t\t\t\t<div class=\"elementor-widget-container\">\n\t\t\t\t\t\t\t\t\t<p style=\"text-align: justify;\">Sur <a href=\"https:\/\/goo.gl\/maps\/6nts8S3U9iK3yh8w5\"><strong>CETTE CARTE<\/strong><\/a> vous pouvez d\u00e9terminer un itin\u00e9raire en fonction de votre moyen de transport.<br \/>\nEssayez aussi VELO-Antwerpen\u00a0:\u00a0<strong><a href=\"https:\/\/www.velo-antwerpen.be\/fr\">https:\/\/www.velo-antwerpen.be\/fr<\/a><\/strong><\/p>\n\t\t\t\t\t\t\t\t<\/div>\n\t\t\t\t<\/div>\n\t\t\t\t\t<\/div>\n\t\t<\/div>\n\t\t\t\t\t<\/div>\n\t\t<\/section>\n\t\t\t\t<section class=\"elementor-section elementor-top-section elementor-element elementor-element-58edca5 elementor-section-boxed elementor-section-height-default elementor-section-height-default\" data-id=\"58edca5\" data-element_type=\"section\" data-e-type=\"section\">\n\t\t\t\t\t\t<div class=\"elementor-container elementor-column-gap-default\">\n\t\t\t\t\t<div class=\"elementor-column elementor-col-50 elementor-top-column elementor-element elementor-element-c71b402\" data-id=\"c71b402\" data-element_type=\"column\" data-e-type=\"column\">\n\t\t\t<div class=\"elementor-widget-wrap elementor-element-populated\">\n\t\t\t\t\t\t<div class=\"elementor-element elementor-element-df10830 elementor-widget__width-initial elementor-widget elementor-widget-text-editor\" data-id=\"df10830\" data-element_type=\"widget\" data-e-type=\"widget\" data-widget_type=\"text-editor.default\">\n\t\t\t\t<div class=\"elementor-widget-container\">\n\t\t\t\t\t\t\t\t\t<h2>Informations pratiques<\/h2>\n<p><strong>Dageraadplaats 5, 2018 Antwerpen<\/strong><\/p>\n<p><strong>C\u00e9l\u00e9brations Eucharistiques<br \/>\n<\/strong>Tous les dimanches et jours f\u00e9ri\u00e9s \u00e0 11 heures<\/p>\n<p><strong>Heures de visite<\/strong><strong><br \/>\n<\/strong>Du 15 avril au 31 octobre, ainsi que du 11 d\u00e9cembre au 11 janvier :<br \/>du mercredi au dimanche : 10h-16h<\/p>\n<p><strong>Contact<br \/>\n<a href=\"mailto:info@sint-norbertuskerk.be\">info@sint-norbertuskerk.be<\/a> &#8211; Benno Haeseldonckx &#8211; (+32) 471 49 00 66<\/strong><\/p>\n\t\t\t\t\t\t\t\t<\/div>\n\t\t\t\t<\/div>\n\t\t\t\t\t<\/div>\n\t\t<\/div>\n\t\t\t\t<div class=\"elementor-column elementor-col-50 elementor-top-column elementor-element elementor-element-9f03c80\" data-id=\"9f03c80\" data-element_type=\"column\" data-e-type=\"column\">\n\t\t\t<div class=\"elementor-widget-wrap elementor-element-populated\">\n\t\t\t\t\t\t<div class=\"elementor-element elementor-element-801e1d8 elementor-widget elementor-widget-text-editor\" data-id=\"801e1d8\" data-element_type=\"widget\" data-e-type=\"widget\" data-widget_type=\"text-editor.default\">\n\t\t\t\t<div class=\"elementor-widget-container\">\n\t\t\t\t\t\t\t\t\t<p>.<\/p>\n\t\t\t\t\t\t\t\t<\/div>\n\t\t\t\t<\/div>\n\t\t\t\t<div class=\"elementor-element elementor-element-394cd58 elementor-widget elementor-widget-text-editor\" data-id=\"394cd58\" data-element_type=\"widget\" data-e-type=\"widget\" data-widget_type=\"text-editor.default\">\n\t\t\t\t<div class=\"elementor-widget-container\">\n\t\t\t\t\t\t\t\t\t<p>.<\/p>\n\t\t\t\t\t\t\t\t<\/div>\n\t\t\t\t<\/div>\n\t\t\t\t\t<\/div>\n\t\t<\/div>\n\t\t\t\t\t<\/div>\n\t\t<\/section>\n\t\t\t\t<\/div>\n\t\t","protected":false},"excerpt":{"rendered":"<p>\u00c9glise Saint-Norbert \u00c9glise n\u00e9o-gothique \u00e0 trois nefs, construite en 1902\/04. \u00c9glise particuli\u00e8rement claire. Autels n\u00e9o-gothiques dont un avec un retable de J.B. Anthony. Beaux vitraux de J.A. Capronnier, Jules Dobbelaere en Eugeen Yoors. Il y a aussi un remarquable dallage en mosa\u00efque ainsi qu\u2019un orgue Loret-Stevens d\u2019une belle tonalit\u00e9. Sur CETTE CARTE vous pouvez d\u00e9terminer [&hellip;]<\/p>\n","protected":false},"author":16,"featured_media":0,"parent":37852,"menu_order":130,"comment_status":"closed","ping_status":"closed","template":"","meta":{"footnotes":""},"class_list":["post-37995","page","type-page","status-publish","hentry"],"aioseo_notices":[],"_links":{"self":[{"href":"https:\/\/topa.be\/fr\/wp-json\/wp\/v2\/pages\/37995","targetHints":{"allow":["GET"]}}],"collection":[{"href":"https:\/\/topa.be\/fr\/wp-json\/wp\/v2\/pages"}],"about":[{"href":"https:\/\/topa.be\/fr\/wp-json\/wp\/v2\/types\/page"}],"author":[{"embeddable":true,"href":"https:\/\/topa.be\/fr\/wp-json\/wp\/v2\/users\/16"}],"replies":[{"embeddable":true,"href":"https:\/\/topa.be\/fr\/wp-json\/wp\/v2\/comments?post=37995"}],"version-history":[{"count":3,"href":"https:\/\/topa.be\/fr\/wp-json\/wp\/v2\/pages\/37995\/revisions"}],"predecessor-version":[{"id":71908,"href":"https:\/\/topa.be\/fr\/wp-json\/wp\/v2\/pages\/37995\/revisions\/71908"}],"up":[{"embeddable":true,"href":"https:\/\/topa.be\/fr\/wp-json\/wp\/v2\/pages\/37852"}],"wp:attachment":[{"href":"https:\/\/topa.be\/fr\/wp-json\/wp\/v2\/media?parent=37995"}],"curies":[{"name":"wp","href":"https:\/\/api.w.org\/{rel}","templated":true}]}}