{"id":37991,"date":"2021-05-26T17:49:04","date_gmt":"2021-05-26T15:49:04","guid":{"rendered":"http:\/\/topa.be\/monumentale-kerken\/sint-willibrordus\/"},"modified":"2022-10-12T11:45:24","modified_gmt":"2022-10-12T09:45:24","slug":"sint-willibrordus","status":"publish","type":"page","link":"https:\/\/topa.be\/fr\/monumentale-kerken\/sint-willibrordus\/","title":{"rendered":"\u00c9glise Saint-Willibrord"},"content":{"rendered":"\t\t<div data-elementor-type=\"wp-page\" data-elementor-id=\"37991\" class=\"elementor elementor-37991 elementor-34039\" data-elementor-post-type=\"page\">\n\t\t\t\t\t\t<section class=\"elementor-section elementor-top-section elementor-element elementor-element-44d9012 elementor-section-boxed elementor-section-height-default elementor-section-height-default\" data-id=\"44d9012\" data-element_type=\"section\" data-e-type=\"section\">\n\t\t\t\t\t\t<div class=\"elementor-container elementor-column-gap-default\">\n\t\t\t\t\t<div class=\"elementor-column elementor-col-100 elementor-top-column elementor-element elementor-element-f8979df\" data-id=\"f8979df\" data-element_type=\"column\" data-e-type=\"column\">\n\t\t\t<div class=\"elementor-widget-wrap elementor-element-populated\">\n\t\t\t\t\t\t<div class=\"elementor-element elementor-element-adf53a2 elementor-widget elementor-widget-heading\" data-id=\"adf53a2\" data-element_type=\"widget\" data-e-type=\"widget\" data-widget_type=\"heading.default\">\n\t\t\t\t<div class=\"elementor-widget-container\">\n\t\t\t\t\t<h1 class=\"elementor-heading-title elementor-size-default\">\u00c9glise Saint-Willibrord<\/h1>\t\t\t\t<\/div>\n\t\t\t\t<\/div>\n\t\t\t\t\t<\/div>\n\t\t<\/div>\n\t\t\t\t\t<\/div>\n\t\t<\/section>\n\t\t\t\t<section class=\"elementor-section elementor-top-section elementor-element elementor-element-9d109f9 elementor-section-boxed elementor-section-height-default elementor-section-height-default\" data-id=\"9d109f9\" data-element_type=\"section\" data-e-type=\"section\">\n\t\t\t\t\t\t<div class=\"elementor-container elementor-column-gap-default\">\n\t\t\t\t\t<div class=\"elementor-column elementor-col-50 elementor-top-column elementor-element elementor-element-e2997da\" data-id=\"e2997da\" data-element_type=\"column\" data-e-type=\"column\">\n\t\t\t<div class=\"elementor-widget-wrap elementor-element-populated\">\n\t\t\t\t\t\t<div class=\"elementor-element elementor-element-5b85ff7 elementor-widget elementor-widget-image\" data-id=\"5b85ff7\" data-element_type=\"widget\" data-e-type=\"widget\" data-widget_type=\"image.default\">\n\t\t\t\t<div class=\"elementor-widget-container\">\n\t\t\t\t\t\t\t\t\t\t\t\t\t\t\t\t<a href=\"https:\/\/topa.be\/wp-content\/uploads\/Antwerpen-Sint-Willibrordus-Buiten-1.jpg\" data-elementor-open-lightbox=\"yes\" data-elementor-lightbox-title=\"Antwerpen-Sint-Willibrordus-Buiten-1\" data-e-action-hash=\"#elementor-action%3Aaction%3Dlightbox%26settings%3DeyJpZCI6MTM2NjAsInVybCI6Imh0dHBzOlwvXC90b3BhLmJlXC93cC1jb250ZW50XC91cGxvYWRzXC9BbnR3ZXJwZW4tU2ludC1XaWxsaWJyb3JkdXMtQnVpdGVuLTEuanBnIn0%3D\">\n\t\t\t\t\t\t\t<img fetchpriority=\"high\" decoding=\"async\" width=\"800\" height=\"452\" src=\"https:\/\/topa.be\/wp-content\/uploads\/Antwerpen-Sint-Willibrordus-Buiten-1.jpg\" class=\"attachment-large size-large wp-image-13660\" alt=\"\" srcset=\"https:\/\/topa.be\/wp-content\/uploads\/Antwerpen-Sint-Willibrordus-Buiten-1.jpg 1021w, https:\/\/topa.be\/wp-content\/uploads\/Antwerpen-Sint-Willibrordus-Buiten-1-300x170.jpg 300w, https:\/\/topa.be\/wp-content\/uploads\/Antwerpen-Sint-Willibrordus-Buiten-1-200x113.jpg 200w, https:\/\/topa.be\/wp-content\/uploads\/Antwerpen-Sint-Willibrordus-Buiten-1-768x434.jpg 768w\" sizes=\"(max-width: 800px) 100vw, 800px\" \/>\t\t\t\t\t\t\t\t<\/a>\n\t\t\t\t\t\t\t\t\t\t\t\t\t\t\t<\/div>\n\t\t\t\t<\/div>\n\t\t\t\t\t<\/div>\n\t\t<\/div>\n\t\t\t\t<div class=\"elementor-column elementor-col-50 elementor-top-column elementor-element elementor-element-014c12f\" data-id=\"014c12f\" data-element_type=\"column\" data-e-type=\"column\">\n\t\t\t<div class=\"elementor-widget-wrap elementor-element-populated\">\n\t\t\t\t\t\t<div class=\"elementor-element elementor-element-7dd9706 elementor-widget elementor-widget-image\" data-id=\"7dd9706\" data-element_type=\"widget\" data-e-type=\"widget\" data-widget_type=\"image.default\">\n\t\t\t\t<div class=\"elementor-widget-container\">\n\t\t\t\t\t\t\t\t\t\t\t\t\t\t\t\t<a href=\"https:\/\/topa.be\/wp-content\/uploads\/Antwerpen-Sint-Willibrordus-Binnen.jpg\" data-elementor-open-lightbox=\"yes\" data-elementor-lightbox-title=\"Antwerpen-Sint-Willibrordus-Binnen\" data-e-action-hash=\"#elementor-action%3Aaction%3Dlightbox%26settings%3DeyJpZCI6MTM2MzYsInVybCI6Imh0dHBzOlwvXC90b3BhLmJlXC93cC1jb250ZW50XC91cGxvYWRzXC9BbnR3ZXJwZW4tU2ludC1XaWxsaWJyb3JkdXMtQmlubmVuLmpwZyJ9\">\n\t\t\t\t\t\t\t<img decoding=\"async\" width=\"800\" height=\"452\" src=\"https:\/\/topa.be\/wp-content\/uploads\/Antwerpen-Sint-Willibrordus-Binnen.jpg\" class=\"attachment-large size-large wp-image-13636\" alt=\"\" srcset=\"https:\/\/topa.be\/wp-content\/uploads\/Antwerpen-Sint-Willibrordus-Binnen.jpg 1015w, https:\/\/topa.be\/wp-content\/uploads\/Antwerpen-Sint-Willibrordus-Binnen-300x170.jpg 300w, https:\/\/topa.be\/wp-content\/uploads\/Antwerpen-Sint-Willibrordus-Binnen-200x113.jpg 200w, https:\/\/topa.be\/wp-content\/uploads\/Antwerpen-Sint-Willibrordus-Binnen-768x434.jpg 768w\" sizes=\"(max-width: 800px) 100vw, 800px\" \/>\t\t\t\t\t\t\t\t<\/a>\n\t\t\t\t\t\t\t\t\t\t\t\t\t\t\t<\/div>\n\t\t\t\t<\/div>\n\t\t\t\t\t<\/div>\n\t\t<\/div>\n\t\t\t\t\t<\/div>\n\t\t<\/section>\n\t\t\t\t<section class=\"elementor-section elementor-top-section elementor-element elementor-element-468586b elementor-section-boxed elementor-section-height-default elementor-section-height-default\" data-id=\"468586b\" data-element_type=\"section\" data-e-type=\"section\">\n\t\t\t\t\t\t<div class=\"elementor-container elementor-column-gap-default\">\n\t\t\t\t\t<div class=\"elementor-column elementor-col-100 elementor-top-column elementor-element elementor-element-16743c8\" data-id=\"16743c8\" data-element_type=\"column\" data-e-type=\"column\">\n\t\t\t<div class=\"elementor-widget-wrap elementor-element-populated\">\n\t\t\t\t\t\t<div class=\"elementor-element elementor-element-ba95efd elementor-widget elementor-widget-text-editor\" data-id=\"ba95efd\" data-element_type=\"widget\" data-e-type=\"widget\" data-widget_type=\"text-editor.default\">\n\t\t\t\t<div class=\"elementor-widget-container\">\n\t\t\t\t\t\t\t\t\t<p style=\"text-align: justify;\">Monumentale et tr\u00e8s visible,\u00a0cette \u00e9glise n\u00e9o-gothique fut construite par les architectes L. et H. Blomme. L\u2019int\u00e9rieur aussi se fait remarquer par son triforium qui en fait le tour complet. Parmi les \u0153uvres d\u2019art : une statue de Notre Dame dite \u00e0 la Grappe de Raisins ; un tableau sign\u00e9 P.P. Rubens avec Saint Willibrord jouant le premier r\u00f4le ; quatre peintures votives uniques en leur genre. Les vireux furent con\u00e7us par des vitriers de premier plan : Stalins &amp; Janssens, Dobbelaere, Eugeen Yoors et quelques autres dans la tradition de Bethune.<\/p>\t\t\t\t\t\t\t\t<\/div>\n\t\t\t\t<\/div>\n\t\t\t\t\t<\/div>\n\t\t<\/div>\n\t\t\t\t\t<\/div>\n\t\t<\/section>\n\t\t\t\t<section class=\"elementor-section elementor-top-section elementor-element elementor-element-4e8a19ea elementor-section-boxed elementor-section-height-default elementor-section-height-default\" data-id=\"4e8a19ea\" data-element_type=\"section\" data-e-type=\"section\">\n\t\t\t\t\t\t<div class=\"elementor-container elementor-column-gap-default\">\n\t\t\t\t\t<div class=\"elementor-column elementor-col-100 elementor-top-column elementor-element elementor-element-3a6646fa\" data-id=\"3a6646fa\" data-element_type=\"column\" data-e-type=\"column\">\n\t\t\t<div class=\"elementor-widget-wrap elementor-element-populated\">\n\t\t\t\t\t\t<div class=\"elementor-element elementor-element-7f9586e elementor-widget elementor-widget-text-editor\" data-id=\"7f9586e\" data-element_type=\"widget\" data-e-type=\"widget\" data-widget_type=\"text-editor.default\">\n\t\t\t\t<div class=\"elementor-widget-container\">\n\t\t\t\t\t\t\t\t\t<p style=\"text-align: justify;\">Sur <a href=\"https:\/\/goo.gl\/maps\/X6Ef6JZLGQ8Y9B8G9\"><strong>CETTE CARTE<\/strong><\/a> vous pouvez d\u00e9terminer un itin\u00e9raire en fonction de votre moyen de transport.\r\nEssayez aussi VELO-Antwerpen\u00a0:\u00a0<strong><a href=\"https:\/\/www.velo-antwerpen.be\/fr\">https:\/\/www.velo-antwerpen.be\/fr<\/a><\/strong><\/p>\t\t\t\t\t\t\t\t<\/div>\n\t\t\t\t<\/div>\n\t\t\t\t\t<\/div>\n\t\t<\/div>\n\t\t\t\t\t<\/div>\n\t\t<\/section>\n\t\t\t\t<section class=\"elementor-section elementor-top-section elementor-element elementor-element-b751aa2 elementor-section-boxed elementor-section-height-default elementor-section-height-default\" data-id=\"b751aa2\" data-element_type=\"section\" data-e-type=\"section\">\n\t\t\t\t\t\t<div class=\"elementor-container elementor-column-gap-default\">\n\t\t\t\t\t<div class=\"elementor-column elementor-col-50 elementor-top-column elementor-element elementor-element-ab9b5c0\" data-id=\"ab9b5c0\" data-element_type=\"column\" data-e-type=\"column\">\n\t\t\t<div class=\"elementor-widget-wrap elementor-element-populated\">\n\t\t\t\t\t\t<div class=\"elementor-element elementor-element-945fdfd elementor-widget elementor-widget-text-editor\" data-id=\"945fdfd\" data-element_type=\"widget\" data-e-type=\"widget\" data-widget_type=\"text-editor.default\">\n\t\t\t\t<div class=\"elementor-widget-container\">\n\t\t\t\t\t\t\t\t\t<h2>Informations pratiques<\/h2>\r\n<strong>C\u00e9l\u00e9brations Eucharistiques<\/strong><strong>\r\n<\/strong>Dimanche : 10h30<strong>\u00a0<\/strong>\r\n\r\n<strong>Heures de visite<\/strong><strong>\r\n<\/strong>Lundi \u2013 vendredi : 09h00 \u2013 12h00\r\nDimanche : 10h00 \u2013 13h00\r\nSous r\u00e9serve de c\u00e9l\u00e9brations sp\u00e9ciales\r\n\r\n<strong>Entr\u00e9e libre<\/strong><strong>\u00a0<\/strong>\r\n\r\n<strong>Info &amp; Cure<\/strong><strong>\r\n<\/strong>Pastorijstraat 39, 2060 Antwerpen\r\ntel +32 (0)3 236 62 10\r\n<a href=\"mailto:swa@parochies.kerknet.be\"><strong>swa@parochies.kerknet.be<\/strong><\/a><strong>\u00a0<\/strong><strong>\u00a0<\/strong>\t\t\t\t\t\t\t\t<\/div>\n\t\t\t\t<\/div>\n\t\t\t\t\t<\/div>\n\t\t<\/div>\n\t\t\t\t<div class=\"elementor-column elementor-col-50 elementor-top-column elementor-element elementor-element-d1fa7d9\" data-id=\"d1fa7d9\" data-element_type=\"column\" data-e-type=\"column\">\n\t\t\t<div class=\"elementor-widget-wrap elementor-element-populated\">\n\t\t\t\t\t\t<div class=\"elementor-element elementor-element-8663118 elementor-widget elementor-widget-text-editor\" data-id=\"8663118\" data-element_type=\"widget\" data-e-type=\"widget\" data-widget_type=\"text-editor.default\">\n\t\t\t\t<div class=\"elementor-widget-container\">\n\t\t\t\t\t\t\t\t\t<h2><a href=\"https:\/\/topa.be\/fr\/monumentale-kerken\/sint-willibrordus\/kennismaking\/\">L\u2019\u00e9glise en bref<\/a><\/h2>\t\t\t\t\t\t\t\t<\/div>\n\t\t\t\t<\/div>\n\t\t\t\t<div class=\"elementor-element elementor-element-ae4fea1 elementor-widget elementor-widget-text-editor\" data-id=\"ae4fea1\" data-element_type=\"widget\" data-e-type=\"widget\" data-widget_type=\"text-editor.default\">\n\t\t\t\t<div class=\"elementor-widget-container\">\n\t\t\t\t\t\t\t\t\t.\t\t\t\t\t\t\t\t<\/div>\n\t\t\t\t<\/div>\n\t\t\t\t<div class=\"elementor-element elementor-element-d20952a elementor-widget elementor-widget-text-editor\" data-id=\"d20952a\" data-element_type=\"widget\" data-e-type=\"widget\" data-widget_type=\"text-editor.default\">\n\t\t\t\t<div class=\"elementor-widget-container\">\n\t\t\t\t\t\t\t\t\t.\t\t\t\t\t\t\t\t<\/div>\n\t\t\t\t<\/div>\n\t\t\t\t\t<\/div>\n\t\t<\/div>\n\t\t\t\t\t<\/div>\n\t\t<\/section>\n\t\t\t\t<\/div>\n\t\t","protected":false},"excerpt":{"rendered":"<p>\u00c9glise Saint-Willibrord Monumentale et tr\u00e8s visible,\u00a0cette \u00e9glise n\u00e9o-gothique fut construite par les architectes L. et H. Blomme. L\u2019int\u00e9rieur aussi se fait remarquer par son triforium qui en fait le tour complet. Parmi les \u0153uvres d\u2019art : une statue de Notre Dame dite \u00e0 la Grappe de Raisins ; un tableau sign\u00e9 P.P. Rubens avec Saint [&hellip;]<\/p>\n","protected":false},"author":16,"featured_media":0,"parent":37852,"menu_order":150,"comment_status":"closed","ping_status":"closed","template":"","meta":{"footnotes":""},"class_list":["post-37991","page","type-page","status-publish","hentry"],"aioseo_notices":[],"_links":{"self":[{"href":"https:\/\/topa.be\/fr\/wp-json\/wp\/v2\/pages\/37991","targetHints":{"allow":["GET"]}}],"collection":[{"href":"https:\/\/topa.be\/fr\/wp-json\/wp\/v2\/pages"}],"about":[{"href":"https:\/\/topa.be\/fr\/wp-json\/wp\/v2\/types\/page"}],"author":[{"embeddable":true,"href":"https:\/\/topa.be\/fr\/wp-json\/wp\/v2\/users\/16"}],"replies":[{"embeddable":true,"href":"https:\/\/topa.be\/fr\/wp-json\/wp\/v2\/comments?post=37991"}],"version-history":[{"count":3,"href":"https:\/\/topa.be\/fr\/wp-json\/wp\/v2\/pages\/37991\/revisions"}],"predecessor-version":[{"id":66226,"href":"https:\/\/topa.be\/fr\/wp-json\/wp\/v2\/pages\/37991\/revisions\/66226"}],"up":[{"embeddable":true,"href":"https:\/\/topa.be\/fr\/wp-json\/wp\/v2\/pages\/37852"}],"wp:attachment":[{"href":"https:\/\/topa.be\/fr\/wp-json\/wp\/v2\/media?parent=37991"}],"curies":[{"name":"wp","href":"https:\/\/api.w.org\/{rel}","templated":true}]}}