{"id":37989,"date":"2021-05-26T17:45:54","date_gmt":"2021-05-26T15:45:54","guid":{"rendered":"http:\/\/topa.be\/monumentale-kerken\/berchem-sint-willibrordus\/"},"modified":"2022-03-21T17:22:17","modified_gmt":"2022-03-21T16:22:17","slug":"berchem-sint-willibrordus","status":"publish","type":"page","link":"https:\/\/topa.be\/fr\/monumentale-kerken\/berchem-sint-willibrordus\/","title":{"rendered":"Berchem, \u00c9glise Saint-Willibrord"},"content":{"rendered":"\t\t<div data-elementor-type=\"wp-page\" data-elementor-id=\"37989\" class=\"elementor elementor-37989 elementor-34048\" data-elementor-post-type=\"page\">\n\t\t\t\t\t\t<section class=\"elementor-section elementor-top-section elementor-element elementor-element-fa98360 elementor-section-boxed elementor-section-height-default elementor-section-height-default\" data-id=\"fa98360\" data-element_type=\"section\" data-e-type=\"section\">\n\t\t\t\t\t\t<div class=\"elementor-container elementor-column-gap-default\">\n\t\t\t\t\t<div class=\"elementor-column elementor-col-100 elementor-top-column elementor-element elementor-element-d6c6b40\" data-id=\"d6c6b40\" data-element_type=\"column\" data-e-type=\"column\">\n\t\t\t<div class=\"elementor-widget-wrap elementor-element-populated\">\n\t\t\t\t\t\t<div class=\"elementor-element elementor-element-1dcc0c6 elementor-widget elementor-widget-heading\" data-id=\"1dcc0c6\" data-element_type=\"widget\" data-e-type=\"widget\" data-widget_type=\"heading.default\">\n\t\t\t\t<div class=\"elementor-widget-container\">\n\t\t\t\t\t<h1 class=\"elementor-heading-title elementor-size-default\">Berchem, \u00c9glise Saint-Willibrord<\/h1>\t\t\t\t<\/div>\n\t\t\t\t<\/div>\n\t\t\t\t\t<\/div>\n\t\t<\/div>\n\t\t\t\t\t<\/div>\n\t\t<\/section>\n\t\t\t\t<section class=\"elementor-section elementor-top-section elementor-element elementor-element-925934b elementor-section-boxed elementor-section-height-default elementor-section-height-default\" data-id=\"925934b\" data-element_type=\"section\" data-e-type=\"section\">\n\t\t\t\t\t\t<div class=\"elementor-container elementor-column-gap-default\">\n\t\t\t\t\t<div class=\"elementor-column elementor-col-50 elementor-top-column elementor-element elementor-element-3b2c676\" data-id=\"3b2c676\" data-element_type=\"column\" data-e-type=\"column\">\n\t\t\t<div class=\"elementor-widget-wrap elementor-element-populated\">\n\t\t\t\t\t\t<div class=\"elementor-element elementor-element-2925dc1 elementor-widget elementor-widget-image\" data-id=\"2925dc1\" data-element_type=\"widget\" data-e-type=\"widget\" data-widget_type=\"image.default\">\n\t\t\t\t<div class=\"elementor-widget-container\">\n\t\t\t\t\t\t\t\t\t\t\t\t\t\t\t\t<a href=\"https:\/\/topa.be\/wp-content\/uploads\/Berchem-Sint-Willibrordus-Buiten.jpg\" data-elementor-open-lightbox=\"yes\" data-elementor-lightbox-title=\"Berchem-Sint-Willibrordus-Buiten\" data-e-action-hash=\"#elementor-action%3Aaction%3Dlightbox%26settings%3DeyJpZCI6MTM4MTYsInVybCI6Imh0dHBzOlwvXC90b3BhLmJlXC93cC1jb250ZW50XC91cGxvYWRzXC9CZXJjaGVtLVNpbnQtV2lsbGlicm9yZHVzLUJ1aXRlbi5qcGcifQ%3D%3D\">\n\t\t\t\t\t\t\t<img fetchpriority=\"high\" decoding=\"async\" width=\"800\" height=\"450\" src=\"https:\/\/topa.be\/wp-content\/uploads\/Berchem-Sint-Willibrordus-Buiten.jpg\" class=\"attachment-large size-large wp-image-13816\" alt=\"\" srcset=\"https:\/\/topa.be\/wp-content\/uploads\/Berchem-Sint-Willibrordus-Buiten.jpg 1024w, https:\/\/topa.be\/wp-content\/uploads\/Berchem-Sint-Willibrordus-Buiten-300x169.jpg 300w, https:\/\/topa.be\/wp-content\/uploads\/Berchem-Sint-Willibrordus-Buiten-200x113.jpg 200w, https:\/\/topa.be\/wp-content\/uploads\/Berchem-Sint-Willibrordus-Buiten-768x432.jpg 768w\" sizes=\"(max-width: 800px) 100vw, 800px\" \/>\t\t\t\t\t\t\t\t<\/a>\n\t\t\t\t\t\t\t\t\t\t\t\t\t\t\t<\/div>\n\t\t\t\t<\/div>\n\t\t\t\t\t<\/div>\n\t\t<\/div>\n\t\t\t\t<div class=\"elementor-column elementor-col-50 elementor-top-column elementor-element elementor-element-1fbb216\" data-id=\"1fbb216\" data-element_type=\"column\" data-e-type=\"column\">\n\t\t\t<div class=\"elementor-widget-wrap elementor-element-populated\">\n\t\t\t\t\t\t<div class=\"elementor-element elementor-element-2ddf540 elementor-widget elementor-widget-image\" data-id=\"2ddf540\" data-element_type=\"widget\" data-e-type=\"widget\" data-widget_type=\"image.default\">\n\t\t\t\t<div class=\"elementor-widget-container\">\n\t\t\t\t\t\t\t\t\t\t\t\t\t\t\t\t<a href=\"https:\/\/topa.be\/wp-content\/uploads\/Berchem-Sint-Willibrordus-Binnen.jpg\" data-elementor-open-lightbox=\"yes\" data-elementor-lightbox-title=\"Berchem-Sint-Willibrordus-Binnen\" data-e-action-hash=\"#elementor-action%3Aaction%3Dlightbox%26settings%3DeyJpZCI6MTM4MDQsInVybCI6Imh0dHBzOlwvXC90b3BhLmJlXC93cC1jb250ZW50XC91cGxvYWRzXC9CZXJjaGVtLVNpbnQtV2lsbGlicm9yZHVzLUJpbm5lbi5qcGcifQ%3D%3D\">\n\t\t\t\t\t\t\t<img decoding=\"async\" width=\"800\" height=\"453\" src=\"https:\/\/topa.be\/wp-content\/uploads\/Berchem-Sint-Willibrordus-Binnen.jpg\" class=\"attachment-large size-large wp-image-13804\" alt=\"\" srcset=\"https:\/\/topa.be\/wp-content\/uploads\/Berchem-Sint-Willibrordus-Binnen.jpg 1021w, https:\/\/topa.be\/wp-content\/uploads\/Berchem-Sint-Willibrordus-Binnen-300x170.jpg 300w, https:\/\/topa.be\/wp-content\/uploads\/Berchem-Sint-Willibrordus-Binnen-200x113.jpg 200w, https:\/\/topa.be\/wp-content\/uploads\/Berchem-Sint-Willibrordus-Binnen-768x435.jpg 768w\" sizes=\"(max-width: 800px) 100vw, 800px\" \/>\t\t\t\t\t\t\t\t<\/a>\n\t\t\t\t\t\t\t\t\t\t\t\t\t\t\t<\/div>\n\t\t\t\t<\/div>\n\t\t\t\t\t<\/div>\n\t\t<\/div>\n\t\t\t\t\t<\/div>\n\t\t<\/section>\n\t\t\t\t<section class=\"elementor-section elementor-top-section elementor-element elementor-element-1e9c13f elementor-section-boxed elementor-section-height-default elementor-section-height-default\" data-id=\"1e9c13f\" data-element_type=\"section\" data-e-type=\"section\">\n\t\t\t\t\t\t<div class=\"elementor-container elementor-column-gap-default\">\n\t\t\t\t\t<div class=\"elementor-column elementor-col-100 elementor-top-column elementor-element elementor-element-2c47c08\" data-id=\"2c47c08\" data-element_type=\"column\" data-e-type=\"column\">\n\t\t\t<div class=\"elementor-widget-wrap elementor-element-populated\">\n\t\t\t\t\t\t<div class=\"elementor-element elementor-element-c1767fe elementor-widget elementor-widget-text-editor\" data-id=\"c1767fe\" data-element_type=\"widget\" data-e-type=\"widget\" data-widget_type=\"text-editor.default\">\n\t\t\t\t<div class=\"elementor-widget-container\">\n\t\t\t\t\t\t\t\t\t<p style=\"text-align: justify;\">L\u2019histoire de cette \u00e9glise remonte au IX<sup>e<\/sup>\u00a0si\u00e8cle. L\u2019\u00e9glise actuelle date en partie du d\u00e9but XVI<sup>e<\/sup>. Le ch\u0153ur et les transepts sont \u00e9rig\u00e9s en gothique tardif, alors que la nef et les collat\u00e9raux sont des extensions n\u00e9o-renaissances et n\u00e9o-classicistes du mi-XIX<sup>e<\/sup>. La sculpture sur bois des confessionnaux et de la chaire datent du XVII<sup>e<\/sup>. les mausol\u00e9es datent de la m\u00eame p\u00e9riode. Les autels sont de la main de P. Scheemaekers (1692). Bel orgue Forceville (1725).<\/p>\n\t\t\t\t\t\t\t\t<\/div>\n\t\t\t\t<\/div>\n\t\t\t\t\t<\/div>\n\t\t<\/div>\n\t\t\t\t\t<\/div>\n\t\t<\/section>\n\t\t\t\t<section class=\"elementor-section elementor-top-section elementor-element elementor-element-21e3d5b4 elementor-section-boxed elementor-section-height-default elementor-section-height-default\" data-id=\"21e3d5b4\" data-element_type=\"section\" data-e-type=\"section\">\n\t\t\t\t\t\t<div class=\"elementor-container elementor-column-gap-default\">\n\t\t\t\t\t<div class=\"elementor-column elementor-col-100 elementor-top-column elementor-element elementor-element-5609572f\" data-id=\"5609572f\" data-element_type=\"column\" data-e-type=\"column\">\n\t\t\t<div class=\"elementor-widget-wrap elementor-element-populated\">\n\t\t\t\t\t\t<div class=\"elementor-element elementor-element-3c28f3f6 elementor-widget elementor-widget-text-editor\" data-id=\"3c28f3f6\" data-element_type=\"widget\" data-e-type=\"widget\" data-widget_type=\"text-editor.default\">\n\t\t\t\t<div class=\"elementor-widget-container\">\n\t\t\t\t\t\t\t\t\t<p style=\"text-align: justify;\">Sur <a href=\"https:\/\/goo.gl\/maps\/GdqQK6VEaafkAP397\"><strong>CETTE CARTE<\/strong><\/a> vous pouvez d\u00e9terminer un itin\u00e9raire en fonction de votre moyen de transport.<br \/>\nEssayez aussi VELO-Antwerpen\u00a0:\u00a0<strong><a href=\"https:\/\/www.velo-antwerpen.be\/fr\">https:\/\/www.velo-antwerpen.be\/fr<\/a><\/strong><\/p>\n\t\t\t\t\t\t\t\t<\/div>\n\t\t\t\t<\/div>\n\t\t\t\t\t<\/div>\n\t\t<\/div>\n\t\t\t\t\t<\/div>\n\t\t<\/section>\n\t\t\t\t<section class=\"elementor-section elementor-top-section elementor-element elementor-element-8365c90 elementor-section-boxed elementor-section-height-default elementor-section-height-default\" data-id=\"8365c90\" data-element_type=\"section\" data-e-type=\"section\">\n\t\t\t\t\t\t<div class=\"elementor-container elementor-column-gap-default\">\n\t\t\t\t\t<div class=\"elementor-column elementor-col-50 elementor-top-column elementor-element elementor-element-818a8b8\" data-id=\"818a8b8\" data-element_type=\"column\" data-e-type=\"column\">\n\t\t\t<div class=\"elementor-widget-wrap elementor-element-populated\">\n\t\t\t\t\t\t<div class=\"elementor-element elementor-element-793797a elementor-widget elementor-widget-text-editor\" data-id=\"793797a\" data-element_type=\"widget\" data-e-type=\"widget\" data-widget_type=\"text-editor.default\">\n\t\t\t\t<div class=\"elementor-widget-container\">\n\t\t\t\t\t\t\t\t\t<h2>Informations pratiques<\/h2>\n<p><strong>C\u00e9l\u00e9brations Eucharistiques<\/strong><strong><br \/>\n<\/strong>Dimanche: 8h30 et 11h30<strong>\u00a0<\/strong><\/p>\n<p><strong>Heures de visite<\/strong><strong><br \/>\n<\/strong>chaque dimanche : 08h00 \u2013 12h30<br \/>\nchaque jeudi : 08h00 \u2013 12h00<br \/>\nvacances de No\u00ebl, tous les jours : 13h00 \u2013 17h00\u00a0exposition de cr\u00e8ches de No\u00ebl<br \/>\nSous r\u00e9serve de c\u00e9l\u00e9brations sp\u00e9ciales<\/p>\n<p><strong>Entr\u00e9e libre<\/strong><strong>\u00a0<\/strong><\/p>\n<p><strong>Cure<\/strong><br \/>\nHeilig Hartstraat 11, 2600 Berchem<br \/>\nTel +32 (0)3 239 21 99<br \/>\n<a href=\"mailto:sint.willibrordus@skynet.be\"><strong>sint.willibrordus@skynet.be<\/strong><\/a><\/p>\n\t\t\t\t\t\t\t\t<\/div>\n\t\t\t\t<\/div>\n\t\t\t\t\t<\/div>\n\t\t<\/div>\n\t\t\t\t<div class=\"elementor-column elementor-col-50 elementor-top-column elementor-element elementor-element-2bcef25\" data-id=\"2bcef25\" data-element_type=\"column\" data-e-type=\"column\">\n\t\t\t<div class=\"elementor-widget-wrap elementor-element-populated\">\n\t\t\t\t\t\t<div class=\"elementor-element elementor-element-c442112 elementor-widget elementor-widget-text-editor\" data-id=\"c442112\" data-element_type=\"widget\" data-e-type=\"widget\" data-widget_type=\"text-editor.default\">\n\t\t\t\t<div class=\"elementor-widget-container\">\n\t\t\t\t\t\t\t\t\t<p>.<\/p>\n\t\t\t\t\t\t\t\t<\/div>\n\t\t\t\t<\/div>\n\t\t\t\t\t<\/div>\n\t\t<\/div>\n\t\t\t\t\t<\/div>\n\t\t<\/section>\n\t\t\t\t<\/div>\n\t\t","protected":false},"excerpt":{"rendered":"<p>Berchem, \u00c9glise Saint-Willibrord L\u2019histoire de cette \u00e9glise remonte au IXe\u00a0si\u00e8cle. L\u2019\u00e9glise actuelle date en partie du d\u00e9but XVIe. Le ch\u0153ur et les transepts sont \u00e9rig\u00e9s en gothique tardif, alors que la nef et les collat\u00e9raux sont des extensions n\u00e9o-renaissances et n\u00e9o-classicistes du mi-XIXe. La sculpture sur bois des confessionnaux et de la chaire datent du [&hellip;]<\/p>\n","protected":false},"author":16,"featured_media":0,"parent":37852,"menu_order":210,"comment_status":"closed","ping_status":"closed","template":"","meta":{"footnotes":""},"class_list":["post-37989","page","type-page","status-publish","hentry"],"aioseo_notices":[],"_links":{"self":[{"href":"https:\/\/topa.be\/fr\/wp-json\/wp\/v2\/pages\/37989","targetHints":{"allow":["GET"]}}],"collection":[{"href":"https:\/\/topa.be\/fr\/wp-json\/wp\/v2\/pages"}],"about":[{"href":"https:\/\/topa.be\/fr\/wp-json\/wp\/v2\/types\/page"}],"author":[{"embeddable":true,"href":"https:\/\/topa.be\/fr\/wp-json\/wp\/v2\/users\/16"}],"replies":[{"embeddable":true,"href":"https:\/\/topa.be\/fr\/wp-json\/wp\/v2\/comments?post=37989"}],"version-history":[{"count":3,"href":"https:\/\/topa.be\/fr\/wp-json\/wp\/v2\/pages\/37989\/revisions"}],"predecessor-version":[{"id":64372,"href":"https:\/\/topa.be\/fr\/wp-json\/wp\/v2\/pages\/37989\/revisions\/64372"}],"up":[{"embeddable":true,"href":"https:\/\/topa.be\/fr\/wp-json\/wp\/v2\/pages\/37852"}],"wp:attachment":[{"href":"https:\/\/topa.be\/fr\/wp-json\/wp\/v2\/media?parent=37989"}],"curies":[{"name":"wp","href":"https:\/\/api.w.org\/{rel}","templated":true}]}}