{"id":37987,"date":"2021-05-26T17:44:19","date_gmt":"2021-05-26T15:44:19","guid":{"rendered":"http:\/\/topa.be\/monumentale-kerken\/borgerhout-st-jan-evangelist\/"},"modified":"2022-03-21T17:25:17","modified_gmt":"2022-03-21T16:25:17","slug":"borgerhout-st-jan-evangelist","status":"publish","type":"page","link":"https:\/\/topa.be\/fr\/monumentale-kerken\/borgerhout-st-jan-evangelist\/","title":{"rendered":"Borgerhout, \u00c9glise Saint-Jean-l\u2019\u00c9vang\u00e9liste"},"content":{"rendered":"\t\t<div data-elementor-type=\"wp-page\" data-elementor-id=\"37987\" class=\"elementor elementor-37987 elementor-34050\" data-elementor-post-type=\"page\">\n\t\t\t\t\t\t<section class=\"elementor-section elementor-top-section elementor-element elementor-element-5a1da78 elementor-section-boxed elementor-section-height-default elementor-section-height-default\" data-id=\"5a1da78\" data-element_type=\"section\" data-e-type=\"section\">\n\t\t\t\t\t\t<div class=\"elementor-container elementor-column-gap-default\">\n\t\t\t\t\t<div class=\"elementor-column elementor-col-100 elementor-top-column elementor-element elementor-element-88ff647\" data-id=\"88ff647\" data-element_type=\"column\" data-e-type=\"column\">\n\t\t\t<div class=\"elementor-widget-wrap elementor-element-populated\">\n\t\t\t\t\t\t<div class=\"elementor-element elementor-element-4735132 elementor-widget elementor-widget-heading\" data-id=\"4735132\" data-element_type=\"widget\" data-e-type=\"widget\" data-widget_type=\"heading.default\">\n\t\t\t\t<div class=\"elementor-widget-container\">\n\t\t\t\t\t<h1 class=\"elementor-heading-title elementor-size-default\">Borgerhout, \u00c9glise Saint-Jean-l\u2019\u00c9vang\u00e9liste<\/h1>\t\t\t\t<\/div>\n\t\t\t\t<\/div>\n\t\t\t\t\t<\/div>\n\t\t<\/div>\n\t\t\t\t\t<\/div>\n\t\t<\/section>\n\t\t\t\t<section class=\"elementor-section elementor-top-section elementor-element elementor-element-a2dbded elementor-section-boxed elementor-section-height-default elementor-section-height-default\" data-id=\"a2dbded\" data-element_type=\"section\" data-e-type=\"section\">\n\t\t\t\t\t\t<div class=\"elementor-container elementor-column-gap-default\">\n\t\t\t\t\t<div class=\"elementor-column elementor-col-50 elementor-top-column elementor-element elementor-element-ab55f89\" data-id=\"ab55f89\" data-element_type=\"column\" data-e-type=\"column\">\n\t\t\t<div class=\"elementor-widget-wrap elementor-element-populated\">\n\t\t\t\t\t\t<div class=\"elementor-element elementor-element-d12ddc3 elementor-widget elementor-widget-image\" data-id=\"d12ddc3\" data-element_type=\"widget\" data-e-type=\"widget\" data-widget_type=\"image.default\">\n\t\t\t\t<div class=\"elementor-widget-container\">\n\t\t\t\t\t\t\t\t\t\t\t\t\t\t\t\t<a href=\"https:\/\/topa.be\/wp-content\/uploads\/Borgerhout-Sint-Jan-Evangelist-Buiten.jpg\" data-elementor-open-lightbox=\"yes\" data-elementor-lightbox-title=\"Borgerhout-Sint-Jan-Evangelist-Buiten\" data-e-action-hash=\"#elementor-action%3Aaction%3Dlightbox%26settings%3DeyJpZCI6MTU1OTIsInVybCI6Imh0dHBzOlwvXC90b3BhLmJlXC93cC1jb250ZW50XC91cGxvYWRzXC9Cb3JnZXJob3V0LVNpbnQtSmFuLUV2YW5nZWxpc3QtQnVpdGVuLmpwZyJ9\">\n\t\t\t\t\t\t\t<img fetchpriority=\"high\" decoding=\"async\" width=\"800\" height=\"600\" src=\"https:\/\/topa.be\/wp-content\/uploads\/Borgerhout-Sint-Jan-Evangelist-Buiten.jpg\" class=\"attachment-large size-large wp-image-15592\" alt=\"\" srcset=\"https:\/\/topa.be\/wp-content\/uploads\/Borgerhout-Sint-Jan-Evangelist-Buiten.jpg 1024w, https:\/\/topa.be\/wp-content\/uploads\/Borgerhout-Sint-Jan-Evangelist-Buiten-300x225.jpg 300w, https:\/\/topa.be\/wp-content\/uploads\/Borgerhout-Sint-Jan-Evangelist-Buiten-200x150.jpg 200w, https:\/\/topa.be\/wp-content\/uploads\/Borgerhout-Sint-Jan-Evangelist-Buiten-768x576.jpg 768w\" sizes=\"(max-width: 800px) 100vw, 800px\" \/>\t\t\t\t\t\t\t\t<\/a>\n\t\t\t\t\t\t\t\t\t\t\t\t\t\t\t<\/div>\n\t\t\t\t<\/div>\n\t\t\t\t\t<\/div>\n\t\t<\/div>\n\t\t\t\t<div class=\"elementor-column elementor-col-50 elementor-top-column elementor-element elementor-element-6624fed\" data-id=\"6624fed\" data-element_type=\"column\" data-e-type=\"column\">\n\t\t\t<div class=\"elementor-widget-wrap elementor-element-populated\">\n\t\t\t\t\t\t<div class=\"elementor-element elementor-element-4151239 elementor-widget elementor-widget-image\" data-id=\"4151239\" data-element_type=\"widget\" data-e-type=\"widget\" data-widget_type=\"image.default\">\n\t\t\t\t<div class=\"elementor-widget-container\">\n\t\t\t\t\t\t\t\t\t\t\t\t\t\t\t\t<a href=\"https:\/\/topa.be\/wp-content\/uploads\/Borgerhout-Sint-Jan-Evangelist-Binnen.jpg\" data-elementor-open-lightbox=\"yes\" data-elementor-lightbox-title=\"Borgerhout-Sint-Jan-Evangelist-Binnen\" data-e-action-hash=\"#elementor-action%3Aaction%3Dlightbox%26settings%3DeyJpZCI6MTU1ODAsInVybCI6Imh0dHBzOlwvXC90b3BhLmJlXC93cC1jb250ZW50XC91cGxvYWRzXC9Cb3JnZXJob3V0LVNpbnQtSmFuLUV2YW5nZWxpc3QtQmlubmVuLmpwZyJ9\">\n\t\t\t\t\t\t\t<img decoding=\"async\" width=\"800\" height=\"600\" src=\"https:\/\/topa.be\/wp-content\/uploads\/Borgerhout-Sint-Jan-Evangelist-Binnen.jpg\" class=\"attachment-large size-large wp-image-15580\" alt=\"\" srcset=\"https:\/\/topa.be\/wp-content\/uploads\/Borgerhout-Sint-Jan-Evangelist-Binnen.jpg 1024w, https:\/\/topa.be\/wp-content\/uploads\/Borgerhout-Sint-Jan-Evangelist-Binnen-300x225.jpg 300w, https:\/\/topa.be\/wp-content\/uploads\/Borgerhout-Sint-Jan-Evangelist-Binnen-200x150.jpg 200w, https:\/\/topa.be\/wp-content\/uploads\/Borgerhout-Sint-Jan-Evangelist-Binnen-768x576.jpg 768w\" sizes=\"(max-width: 800px) 100vw, 800px\" \/>\t\t\t\t\t\t\t\t<\/a>\n\t\t\t\t\t\t\t\t\t\t\t\t\t\t\t<\/div>\n\t\t\t\t<\/div>\n\t\t\t\t\t<\/div>\n\t\t<\/div>\n\t\t\t\t\t<\/div>\n\t\t<\/section>\n\t\t\t\t<section class=\"elementor-section elementor-top-section elementor-element elementor-element-217a564 elementor-section-boxed elementor-section-height-default elementor-section-height-default\" data-id=\"217a564\" data-element_type=\"section\" data-e-type=\"section\">\n\t\t\t\t\t\t<div class=\"elementor-container elementor-column-gap-default\">\n\t\t\t\t\t<div class=\"elementor-column elementor-col-100 elementor-top-column elementor-element elementor-element-ad8cf4e\" data-id=\"ad8cf4e\" data-element_type=\"column\" data-e-type=\"column\">\n\t\t\t<div class=\"elementor-widget-wrap elementor-element-populated\">\n\t\t\t\t\t\t<div class=\"elementor-element elementor-element-37b3d77 elementor-widget elementor-widget-text-editor\" data-id=\"37b3d77\" data-element_type=\"widget\" data-e-type=\"widget\" data-widget_type=\"text-editor.default\">\n\t\t\t\t<div class=\"elementor-widget-container\">\n\t\t\t\t\t\t\t\t\t<p style=\"text-align: justify;\">\u00c9glise n\u00e9o-romane construite par l\u2019architecte F. Baeckelmans (1890). Le plan est basilical avec un transept, des structures mi-circulaires remarquables et des arcades entrelac\u00e9es. Le triforium et sa galerie font le tour de l\u2019\u00e9glise. Tour robuste dominante. D\u00e9coration int\u00e9rieure sobre. Chemin de croix unique (J.W. Rosier, 1908) peint sur cuivre et ench\u00e2ss\u00e9 dans des cadres de cuivre. Tableaux du XVIe (P. Thijs) et XVIIIe (W.J. Herreyns). L\u2019orgue Anneessens date de 1895.<\/p>\n<p style=\"text-align: justify;\">L\u2019\u00e9glise a \u00e9t\u00e9 retir\u00e9e du culte en 2018. La premi\u00e8re activit\u00e9 publique a \u00e9t\u00e9 un march\u00e9 aux chiffons couronn\u00e9 de succ\u00e8s\u2026 en pr\u00e9sence du prestigieux ma\u00eetre-autel. O tempora, o mores.<\/p>\n<p style=\"text-align: justify;\">L\u2019\u00e9glise, qui avec sa tour robuste et unique sur le ring d\u2019Anvers est l\u2019un des plus importants rep\u00e8res visuels d\u2019Anvers \u2013 surtout si vous venez de Li\u00e8ge par la E 313 ou d\u2019Eindhoven par la E 34 \u2013 est depuis plus de 100 ans un signe triomphal du Christianisme. Pour ceux d\u2019entre vous qui le savent maintenant, la croix de la tour est d\u00e9sormaix un symbole de la gloire pass\u00e9e et d\u2019une communaut\u00e9 d\u2019\u00e9glise en d\u00e9clin.<\/p>\n\t\t\t\t\t\t\t\t<\/div>\n\t\t\t\t<\/div>\n\t\t\t\t\t<\/div>\n\t\t<\/div>\n\t\t\t\t\t<\/div>\n\t\t<\/section>\n\t\t\t\t<section class=\"elementor-section elementor-top-section elementor-element elementor-element-2f93d642 elementor-section-boxed elementor-section-height-default elementor-section-height-default\" data-id=\"2f93d642\" data-element_type=\"section\" data-e-type=\"section\">\n\t\t\t\t\t\t<div class=\"elementor-container elementor-column-gap-default\">\n\t\t\t\t\t<div class=\"elementor-column elementor-col-100 elementor-top-column elementor-element elementor-element-38e03537\" data-id=\"38e03537\" data-element_type=\"column\" data-e-type=\"column\">\n\t\t\t<div class=\"elementor-widget-wrap elementor-element-populated\">\n\t\t\t\t\t\t<div class=\"elementor-element elementor-element-5e2a16d9 elementor-widget elementor-widget-text-editor\" data-id=\"5e2a16d9\" data-element_type=\"widget\" data-e-type=\"widget\" data-widget_type=\"text-editor.default\">\n\t\t\t\t<div class=\"elementor-widget-container\">\n\t\t\t\t\t\t\t\t\t<p style=\"text-align: justify;\">Sur <a href=\"https:\/\/goo.gl\/maps\/BLEjjMJt7dtxxjic6\"><strong>CETTE CARTE<\/strong><\/a> vous pouvez d\u00e9terminer un itin\u00e9raire en fonction de votre moyen de transport.<br \/>\nEssayez aussi VELO-Antwerpen\u00a0:\u00a0<strong><a href=\"https:\/\/www.velo-antwerpen.be\/fr\">https:\/\/www.velo-antwerpen.be\/fr<\/a><\/strong><\/p>\n\t\t\t\t\t\t\t\t<\/div>\n\t\t\t\t<\/div>\n\t\t\t\t\t<\/div>\n\t\t<\/div>\n\t\t\t\t\t<\/div>\n\t\t<\/section>\n\t\t\t\t<\/div>\n\t\t","protected":false},"excerpt":{"rendered":"<p>Borgerhout, \u00c9glise Saint-Jean-l\u2019\u00c9vang\u00e9liste \u00c9glise n\u00e9o-romane construite par l\u2019architecte F. Baeckelmans (1890). Le plan est basilical avec un transept, des structures mi-circulaires remarquables et des arcades entrelac\u00e9es. Le triforium et sa galerie font le tour de l\u2019\u00e9glise. Tour robuste dominante. D\u00e9coration int\u00e9rieure sobre. Chemin de croix unique (J.W. Rosier, 1908) peint sur cuivre et ench\u00e2ss\u00e9 dans [&hellip;]<\/p>\n","protected":false},"author":16,"featured_media":0,"parent":37852,"menu_order":220,"comment_status":"closed","ping_status":"closed","template":"","meta":{"footnotes":""},"class_list":["post-37987","page","type-page","status-publish","hentry"],"aioseo_notices":[],"_links":{"self":[{"href":"https:\/\/topa.be\/fr\/wp-json\/wp\/v2\/pages\/37987","targetHints":{"allow":["GET"]}}],"collection":[{"href":"https:\/\/topa.be\/fr\/wp-json\/wp\/v2\/pages"}],"about":[{"href":"https:\/\/topa.be\/fr\/wp-json\/wp\/v2\/types\/page"}],"author":[{"embeddable":true,"href":"https:\/\/topa.be\/fr\/wp-json\/wp\/v2\/users\/16"}],"replies":[{"embeddable":true,"href":"https:\/\/topa.be\/fr\/wp-json\/wp\/v2\/comments?post=37987"}],"version-history":[{"count":3,"href":"https:\/\/topa.be\/fr\/wp-json\/wp\/v2\/pages\/37987\/revisions"}],"predecessor-version":[{"id":64381,"href":"https:\/\/topa.be\/fr\/wp-json\/wp\/v2\/pages\/37987\/revisions\/64381"}],"up":[{"embeddable":true,"href":"https:\/\/topa.be\/fr\/wp-json\/wp\/v2\/pages\/37852"}],"wp:attachment":[{"href":"https:\/\/topa.be\/fr\/wp-json\/wp\/v2\/media?parent=37987"}],"curies":[{"name":"wp","href":"https:\/\/api.w.org\/{rel}","templated":true}]}}