{"id":37985,"date":"2021-05-26T17:43:10","date_gmt":"2021-05-26T15:43:10","guid":{"rendered":"http:\/\/topa.be\/monumentale-kerken\/deurne-sint-fredegandus\/"},"modified":"2022-12-10T14:25:14","modified_gmt":"2022-12-10T13:25:14","slug":"deurne-sint-fredegandus","status":"publish","type":"page","link":"https:\/\/topa.be\/fr\/monumentale-kerken\/deurne-sint-fredegandus\/","title":{"rendered":"Deurne, \u00c9glise-Saint-Fr\u00e9d\u00e9gand"},"content":{"rendered":"\t\t<div data-elementor-type=\"wp-page\" data-elementor-id=\"37985\" class=\"elementor elementor-37985 elementor-34052\" data-elementor-post-type=\"page\">\n\t\t\t\t\t\t<section class=\"elementor-section elementor-top-section elementor-element elementor-element-bfb860a elementor-section-boxed elementor-section-height-default elementor-section-height-default\" data-id=\"bfb860a\" data-element_type=\"section\" data-e-type=\"section\">\n\t\t\t\t\t\t<div class=\"elementor-container elementor-column-gap-default\">\n\t\t\t\t\t<div class=\"elementor-column elementor-col-100 elementor-top-column elementor-element elementor-element-69810e2\" data-id=\"69810e2\" data-element_type=\"column\" data-e-type=\"column\">\n\t\t\t<div class=\"elementor-widget-wrap elementor-element-populated\">\n\t\t\t\t\t\t<div class=\"elementor-element elementor-element-31a1a3c elementor-widget elementor-widget-heading\" data-id=\"31a1a3c\" data-element_type=\"widget\" data-e-type=\"widget\" data-widget_type=\"heading.default\">\n\t\t\t\t<div class=\"elementor-widget-container\">\n\t\t\t\t\t<h1 class=\"elementor-heading-title elementor-size-default\">Deurne, \u00c9glise-Saint-Fr\u00e9d\u00e9gand<\/h1>\t\t\t\t<\/div>\n\t\t\t\t<\/div>\n\t\t\t\t\t<\/div>\n\t\t<\/div>\n\t\t\t\t\t<\/div>\n\t\t<\/section>\n\t\t\t\t<section class=\"elementor-section elementor-top-section elementor-element elementor-element-6caccc6 elementor-section-boxed elementor-section-height-default elementor-section-height-default\" data-id=\"6caccc6\" data-element_type=\"section\" data-e-type=\"section\">\n\t\t\t\t\t\t<div class=\"elementor-container elementor-column-gap-default\">\n\t\t\t\t\t<div class=\"elementor-column elementor-col-50 elementor-top-column elementor-element elementor-element-99b5fd8\" data-id=\"99b5fd8\" data-element_type=\"column\" data-e-type=\"column\">\n\t\t\t<div class=\"elementor-widget-wrap elementor-element-populated\">\n\t\t\t\t\t\t<div class=\"elementor-element elementor-element-7f2ed55 elementor-widget elementor-widget-image\" data-id=\"7f2ed55\" data-element_type=\"widget\" data-e-type=\"widget\" data-widget_type=\"image.default\">\n\t\t\t\t<div class=\"elementor-widget-container\">\n\t\t\t\t\t\t\t\t\t\t\t\t\t\t\t<img fetchpriority=\"high\" decoding=\"async\" width=\"800\" height=\"452\" src=\"https:\/\/topa.be\/wp-content\/uploads\/Deurne-Sint-Fredegandus-Buiten.jpg\" class=\"attachment-large size-large wp-image-21592\" alt=\"\" srcset=\"https:\/\/topa.be\/wp-content\/uploads\/Deurne-Sint-Fredegandus-Buiten.jpg 1024w, https:\/\/topa.be\/wp-content\/uploads\/Deurne-Sint-Fredegandus-Buiten-300x169.jpg 300w, https:\/\/topa.be\/wp-content\/uploads\/Deurne-Sint-Fredegandus-Buiten-200x113.jpg 200w, https:\/\/topa.be\/wp-content\/uploads\/Deurne-Sint-Fredegandus-Buiten-768x434.jpg 768w\" sizes=\"(max-width: 800px) 100vw, 800px\" \/>\t\t\t\t\t\t\t\t\t\t\t\t\t\t\t<\/div>\n\t\t\t\t<\/div>\n\t\t\t\t\t<\/div>\n\t\t<\/div>\n\t\t\t\t<div class=\"elementor-column elementor-col-50 elementor-top-column elementor-element elementor-element-4f5c977\" data-id=\"4f5c977\" data-element_type=\"column\" data-e-type=\"column\">\n\t\t\t<div class=\"elementor-widget-wrap\">\n\t\t\t\t\t\t\t<\/div>\n\t\t<\/div>\n\t\t\t\t\t<\/div>\n\t\t<\/section>\n\t\t\t\t<section class=\"elementor-section elementor-top-section elementor-element elementor-element-2b6bb31 elementor-section-boxed elementor-section-height-default elementor-section-height-default\" data-id=\"2b6bb31\" data-element_type=\"section\" data-e-type=\"section\">\n\t\t\t\t\t\t<div class=\"elementor-container elementor-column-gap-default\">\n\t\t\t\t\t<div class=\"elementor-column elementor-col-100 elementor-top-column elementor-element elementor-element-feb04bc\" data-id=\"feb04bc\" data-element_type=\"column\" data-e-type=\"column\">\n\t\t\t<div class=\"elementor-widget-wrap elementor-element-populated\">\n\t\t\t\t\t\t<div class=\"elementor-element elementor-element-be3d4ed elementor-widget elementor-widget-text-editor\" data-id=\"be3d4ed\" data-element_type=\"widget\" data-e-type=\"widget\" data-widget_type=\"text-editor.default\">\n\t\t\t\t<div class=\"elementor-widget-container\">\n\t\t\t\t\t\t\t\t\t<p style=\"text-align: justify;\">Cette \u00e9glise principale de Deurne est class\u00e9e comme monument.<\/p>\r\n<p style=\"text-align: justify;\">Lors de \u2018la Bataille de Deurne\u2019 le 2 mars 1579 entre Espagnols et Hollandais, l\u2019\u00e9glise et tout le village sont d\u00e9vast\u00e9s. Au cours de la premi\u00e8re moiti\u00e9 du XVIIe l\u2019\u00e9glise est reconstruite : trois nefs en gothique tardif et en briques lard\u00e9es de bandes de gr\u00e8s blanc. L\u2019\u00e9glise est consacr\u00e9e en octobre 1644. \u00c0 remarquer, l\u2019absence d\u2019une tour \u00e0 l\u2019ouest.<\/p>\r\n<p style=\"text-align: justify;\">Le riche int\u00e9rieur baroque provient en partie de l\u2019abbaye Anversoise de Saint-Michel. Jusqu\u2019au d\u00e9but XIXe la paroisse Saint Fr\u00e9d\u00e9gand est desservie par des Norbertins rattach\u00e9s \u00e0 cette abbaye. Beaux autels baroque : le ma\u00eetre-autel (1700) avec un tableau de J.P. Ykens (1701) en l\u2019autel Saint Fr\u00e9d\u00e9gand (1680) sculpt\u00e9 par J.B. De Vr\u00e9, avec un tableau de P. Ykens (1682).<\/p>\r\n<p style=\"text-align: justify;\">Il est commun\u00e9ment admis que Saint Fr\u00e9d\u00e9gand \u00e9tait originaire de cette r\u00e9gion et qu\u2019il vivait au VIIe. il aurait \u00e9t\u00e9 abb\u00e9 b\u00e9n\u00e9dictin \u00e0 Deurne et se serait consacr\u00e9 \u00e0 la christianisation de la population locale. Suite \u00e0 l\u2019importance que prit sa d\u00e9votion la nouvelle \u00e9glise lui sera consacr\u00e9e. L\u2019\u00e9glise pr\u00e9c\u00e9dente \u00e9tant consacr\u00e9e \u00e0 Notre Dame. Dans l\u2019\u00e9glise actuelle Notre Dame de la Paix continue d\u2019ailleurs d\u2019\u00eatre v\u00e9n\u00e9r\u00e9e.<\/p>\r\n<p style=\"text-align: justify;\">Le site est \u00e9galement c\u00e9l\u00e8bre pour son cimeti\u00e8re adjacent. Avec ses nombreux mausol\u00e9es \u00e0 la m\u00e9moire de familles bourgeoises Anversoises, ce depuis le XVIIIe, il m\u00e9rite bien son surnom de P\u00e8re Lachaise Anversois.<\/p>\t\t\t\t\t\t\t\t<\/div>\n\t\t\t\t<\/div>\n\t\t\t\t\t<\/div>\n\t\t<\/div>\n\t\t\t\t\t<\/div>\n\t\t<\/section>\n\t\t\t\t<section class=\"elementor-section elementor-top-section elementor-element elementor-element-34bcfc68 elementor-section-boxed elementor-section-height-default elementor-section-height-default\" data-id=\"34bcfc68\" data-element_type=\"section\" data-e-type=\"section\">\n\t\t\t\t\t\t<div class=\"elementor-container elementor-column-gap-default\">\n\t\t\t\t\t<div class=\"elementor-column elementor-col-100 elementor-top-column elementor-element elementor-element-6310d9f6\" data-id=\"6310d9f6\" data-element_type=\"column\" data-e-type=\"column\">\n\t\t\t<div class=\"elementor-widget-wrap elementor-element-populated\">\n\t\t\t\t\t\t<div class=\"elementor-element elementor-element-ab4cae9 elementor-widget elementor-widget-text-editor\" data-id=\"ab4cae9\" data-element_type=\"widget\" data-e-type=\"widget\" data-widget_type=\"text-editor.default\">\n\t\t\t\t<div class=\"elementor-widget-container\">\n\t\t\t\t\t\t\t\t\t<p style=\"text-align: justify;\">Sur <a href=\"https:\/\/goo.gl\/maps\/as6EGb88qHnPdK9o8\"><strong>CETTE CARTE<\/strong><\/a> vous pouvez d\u00e9terminer un itin\u00e9raire en fonction de votre moyen de transport.\r\nEssayez aussi VELO-Antwerpen\u00a0:\u00a0<strong><a href=\"https:\/\/www.velo-antwerpen.be\/fr\">https:\/\/www.velo-antwerpen.be\/fr<\/a><\/strong><\/p>\t\t\t\t\t\t\t\t<\/div>\n\t\t\t\t<\/div>\n\t\t\t\t\t<\/div>\n\t\t<\/div>\n\t\t\t\t\t<\/div>\n\t\t<\/section>\n\t\t\t\t<section class=\"elementor-section elementor-top-section elementor-element elementor-element-5aa5e0c elementor-section-boxed elementor-section-height-default elementor-section-height-default\" data-id=\"5aa5e0c\" data-element_type=\"section\" data-e-type=\"section\">\n\t\t\t\t\t\t<div class=\"elementor-container elementor-column-gap-default\">\n\t\t\t\t\t<div class=\"elementor-column elementor-col-50 elementor-top-column elementor-element elementor-element-2be3dde\" data-id=\"2be3dde\" data-element_type=\"column\" data-e-type=\"column\">\n\t\t\t<div class=\"elementor-widget-wrap elementor-element-populated\">\n\t\t\t\t\t\t<div class=\"elementor-element elementor-element-30ff133 elementor-widget elementor-widget-text-editor\" data-id=\"30ff133\" data-element_type=\"widget\" data-e-type=\"widget\" data-widget_type=\"text-editor.default\">\n\t\t\t\t<div class=\"elementor-widget-container\">\n\t\t\t\t\t\t\t\t\t<h2>Informations pratiques<\/h2>\r\n<strong>C\u00e9l\u00e9brations eucharistiques<\/strong><strong>\r\n<\/strong>Dimanche: 10:30<strong>\u00a0<\/strong>\r\n\r\n<strong>Heures de visite<\/strong><strong>\r\n<\/strong>avant et apr\u00e8s l\u2019Eucharistie\r\n\u00e0 l\u2019Ascension, Journ\u00e9e du Patrimoine, Journ\u00e9es eglises ouvertes\r\n\r\n<strong>entr\u00e9e libre<\/strong><strong>\u00a0<\/strong>\r\n\r\n<strong>Informations\u00a0\u00a0<\/strong><strong>\r\n<\/strong><a href=\"mailto:jan.oversteyns@Antwerpen.be\"><strong>jan.oversteyns@Antwerpen.be<\/strong><\/a>\r\n+32 (0)479 73 50 03<strong>\u00a0<\/strong>\r\n\r\n<strong>Cure<\/strong><strong>\u00a0<\/strong><strong>\r\n<\/strong>Lakborslei 31\r\n+32 (0)3 324 20 24\t\t\t\t\t\t\t\t<\/div>\n\t\t\t\t<\/div>\n\t\t\t\t\t<\/div>\n\t\t<\/div>\n\t\t\t\t<div class=\"elementor-column elementor-col-50 elementor-top-column elementor-element elementor-element-84357fe\" data-id=\"84357fe\" data-element_type=\"column\" data-e-type=\"column\">\n\t\t\t<div class=\"elementor-widget-wrap elementor-element-populated\">\n\t\t\t\t\t\t<div class=\"elementor-element elementor-element-24e1e72 elementor-widget elementor-widget-text-editor\" data-id=\"24e1e72\" data-element_type=\"widget\" data-e-type=\"widget\" data-widget_type=\"text-editor.default\">\n\t\t\t\t<div class=\"elementor-widget-container\">\n\t\t\t\t\t\t\t\t\t.\t\t\t\t\t\t\t\t<\/div>\n\t\t\t\t<\/div>\n\t\t\t\t<div class=\"elementor-element elementor-element-ed70e8f elementor-widget elementor-widget-text-editor\" data-id=\"ed70e8f\" data-element_type=\"widget\" data-e-type=\"widget\" data-widget_type=\"text-editor.default\">\n\t\t\t\t<div class=\"elementor-widget-container\">\n\t\t\t\t\t\t\t\t\t.\t\t\t\t\t\t\t\t<\/div>\n\t\t\t\t<\/div>\n\t\t\t\t\t<\/div>\n\t\t<\/div>\n\t\t\t\t\t<\/div>\n\t\t<\/section>\n\t\t\t\t<\/div>\n\t\t","protected":false},"excerpt":{"rendered":"<p>Deurne, \u00c9glise-Saint-Fr\u00e9d\u00e9gand Cette \u00e9glise principale de Deurne est class\u00e9e comme monument. Lors de \u2018la Bataille de Deurne\u2019 le 2 mars 1579 entre Espagnols et Hollandais, l\u2019\u00e9glise et tout le village sont d\u00e9vast\u00e9s. Au cours de la premi\u00e8re moiti\u00e9 du XVIIe l\u2019\u00e9glise est reconstruite : trois nefs en gothique tardif et en briques lard\u00e9es de bandes [&hellip;]<\/p>\n","protected":false},"author":16,"featured_media":0,"parent":37852,"menu_order":230,"comment_status":"closed","ping_status":"closed","template":"","meta":{"footnotes":""},"class_list":["post-37985","page","type-page","status-publish","hentry"],"aioseo_notices":[],"_links":{"self":[{"href":"https:\/\/topa.be\/fr\/wp-json\/wp\/v2\/pages\/37985","targetHints":{"allow":["GET"]}}],"collection":[{"href":"https:\/\/topa.be\/fr\/wp-json\/wp\/v2\/pages"}],"about":[{"href":"https:\/\/topa.be\/fr\/wp-json\/wp\/v2\/types\/page"}],"author":[{"embeddable":true,"href":"https:\/\/topa.be\/fr\/wp-json\/wp\/v2\/users\/16"}],"replies":[{"embeddable":true,"href":"https:\/\/topa.be\/fr\/wp-json\/wp\/v2\/comments?post=37985"}],"version-history":[{"count":3,"href":"https:\/\/topa.be\/fr\/wp-json\/wp\/v2\/pages\/37985\/revisions"}],"predecessor-version":[{"id":66283,"href":"https:\/\/topa.be\/fr\/wp-json\/wp\/v2\/pages\/37985\/revisions\/66283"}],"up":[{"embeddable":true,"href":"https:\/\/topa.be\/fr\/wp-json\/wp\/v2\/pages\/37852"}],"wp:attachment":[{"href":"https:\/\/topa.be\/fr\/wp-json\/wp\/v2\/media?parent=37985"}],"curies":[{"name":"wp","href":"https:\/\/api.w.org\/{rel}","templated":true}]}}