{"id":37983,"date":"2021-05-26T17:41:11","date_gmt":"2021-05-26T15:41:11","guid":{"rendered":"http:\/\/topa.be\/monumentale-kerken\/ekeren-sint-lambertus\/"},"modified":"2022-03-23T11:35:45","modified_gmt":"2022-03-23T10:35:45","slug":"ekeren-sint-lambertus","status":"publish","type":"page","link":"https:\/\/topa.be\/fr\/monumentale-kerken\/ekeren-sint-lambertus\/","title":{"rendered":"Ekeren, \u00c9glise Saint-Lambert"},"content":{"rendered":"\t\t<div data-elementor-type=\"wp-page\" data-elementor-id=\"37983\" class=\"elementor elementor-37983 elementor-34054\" data-elementor-post-type=\"page\">\n\t\t\t\t\t\t<section class=\"elementor-section elementor-top-section elementor-element elementor-element-55c8bf7 elementor-section-boxed elementor-section-height-default elementor-section-height-default\" data-id=\"55c8bf7\" data-element_type=\"section\" data-e-type=\"section\">\n\t\t\t\t\t\t<div class=\"elementor-container elementor-column-gap-default\">\n\t\t\t\t\t<div class=\"elementor-column elementor-col-100 elementor-top-column elementor-element elementor-element-4e60ae7\" data-id=\"4e60ae7\" data-element_type=\"column\" data-e-type=\"column\">\n\t\t\t<div class=\"elementor-widget-wrap elementor-element-populated\">\n\t\t\t\t\t\t<div class=\"elementor-element elementor-element-9ab8a70 elementor-widget elementor-widget-heading\" data-id=\"9ab8a70\" data-element_type=\"widget\" data-e-type=\"widget\" data-widget_type=\"heading.default\">\n\t\t\t\t<div class=\"elementor-widget-container\">\n\t\t\t\t\t<h1 class=\"elementor-heading-title elementor-size-default\">Ekeren, \u00c9glise Saint-Lambert<\/h1>\t\t\t\t<\/div>\n\t\t\t\t<\/div>\n\t\t\t\t\t<\/div>\n\t\t<\/div>\n\t\t\t\t\t<\/div>\n\t\t<\/section>\n\t\t\t\t<section class=\"elementor-section elementor-top-section elementor-element elementor-element-79672d5 elementor-section-boxed elementor-section-height-default elementor-section-height-default\" data-id=\"79672d5\" data-element_type=\"section\" data-e-type=\"section\">\n\t\t\t\t\t\t<div class=\"elementor-container elementor-column-gap-default\">\n\t\t\t\t\t<div class=\"elementor-column elementor-col-50 elementor-top-column elementor-element elementor-element-2b04819\" data-id=\"2b04819\" data-element_type=\"column\" data-e-type=\"column\">\n\t\t\t<div class=\"elementor-widget-wrap elementor-element-populated\">\n\t\t\t\t\t\t<div class=\"elementor-element elementor-element-1a9b752 elementor-widget elementor-widget-image\" data-id=\"1a9b752\" data-element_type=\"widget\" data-e-type=\"widget\" data-widget_type=\"image.default\">\n\t\t\t\t<div class=\"elementor-widget-container\">\n\t\t\t\t\t\t\t\t\t\t\t\t\t\t\t\t<a href=\"https:\/\/topa.be\/wp-content\/uploads\/Ekeren-Lambertus-Buiten.jpg\" data-elementor-open-lightbox=\"yes\" data-elementor-lightbox-title=\"Ekeren Sint-Lambertus Buiten\" data-elementor-lightbox-description=\"OLYMPUS DIGITAL CAMERA\" data-e-action-hash=\"#elementor-action%3Aaction%3Dlightbox%26settings%3DeyJpZCI6MjE2ODgsInVybCI6Imh0dHBzOlwvXC90b3BhLmJlXC93cC1jb250ZW50XC91cGxvYWRzXC9Fa2VyZW4tTGFtYmVydHVzLUJ1aXRlbi5qcGcifQ%3D%3D\">\n\t\t\t\t\t\t\t<img fetchpriority=\"high\" decoding=\"async\" width=\"400\" height=\"300\" src=\"https:\/\/topa.be\/wp-content\/uploads\/Ekeren-Lambertus-Buiten.jpg\" class=\"attachment-large size-large wp-image-21688\" alt=\"\" srcset=\"https:\/\/topa.be\/wp-content\/uploads\/Ekeren-Lambertus-Buiten.jpg 400w, https:\/\/topa.be\/wp-content\/uploads\/Ekeren-Lambertus-Buiten-300x225.jpg 300w, https:\/\/topa.be\/wp-content\/uploads\/Ekeren-Lambertus-Buiten-200x150.jpg 200w\" sizes=\"(max-width: 400px) 100vw, 400px\" \/>\t\t\t\t\t\t\t\t<\/a>\n\t\t\t\t\t\t\t\t\t\t\t\t\t\t\t<\/div>\n\t\t\t\t<\/div>\n\t\t\t\t\t<\/div>\n\t\t<\/div>\n\t\t\t\t<div class=\"elementor-column elementor-col-50 elementor-top-column elementor-element elementor-element-a7569de\" data-id=\"a7569de\" data-element_type=\"column\" data-e-type=\"column\">\n\t\t\t<div class=\"elementor-widget-wrap elementor-element-populated\">\n\t\t\t\t\t\t<div class=\"elementor-element elementor-element-68002bf elementor-widget elementor-widget-image\" data-id=\"68002bf\" data-element_type=\"widget\" data-e-type=\"widget\" data-widget_type=\"image.default\">\n\t\t\t\t<div class=\"elementor-widget-container\">\n\t\t\t\t\t\t\t\t\t\t\t\t\t\t\t\t<a href=\"https:\/\/topa.be\/wp-content\/uploads\/Ekeren-Sint-Lambertus-Binnen.jpg\" data-elementor-open-lightbox=\"yes\" data-elementor-lightbox-title=\"Ekeren-Sint-Lambertus-Binnen\" data-e-action-hash=\"#elementor-action%3Aaction%3Dlightbox%26settings%3DeyJpZCI6MjE3MTIsInVybCI6Imh0dHBzOlwvXC90b3BhLmJlXC93cC1jb250ZW50XC91cGxvYWRzXC9Fa2VyZW4tU2ludC1MYW1iZXJ0dXMtQmlubmVuLmpwZyJ9\">\n\t\t\t\t\t\t\t<img decoding=\"async\" width=\"800\" height=\"599\" src=\"https:\/\/topa.be\/wp-content\/uploads\/Ekeren-Sint-Lambertus-Binnen.jpg\" class=\"attachment-large size-large wp-image-21712\" alt=\"\" srcset=\"https:\/\/topa.be\/wp-content\/uploads\/Ekeren-Sint-Lambertus-Binnen.jpg 940w, https:\/\/topa.be\/wp-content\/uploads\/Ekeren-Sint-Lambertus-Binnen-300x225.jpg 300w, https:\/\/topa.be\/wp-content\/uploads\/Ekeren-Sint-Lambertus-Binnen-200x150.jpg 200w, https:\/\/topa.be\/wp-content\/uploads\/Ekeren-Sint-Lambertus-Binnen-768x575.jpg 768w\" sizes=\"(max-width: 800px) 100vw, 800px\" \/>\t\t\t\t\t\t\t\t<\/a>\n\t\t\t\t\t\t\t\t\t\t\t\t\t\t\t<\/div>\n\t\t\t\t<\/div>\n\t\t\t\t\t<\/div>\n\t\t<\/div>\n\t\t\t\t\t<\/div>\n\t\t<\/section>\n\t\t\t\t<section class=\"elementor-section elementor-top-section elementor-element elementor-element-aad1749 elementor-section-boxed elementor-section-height-default elementor-section-height-default\" data-id=\"aad1749\" data-element_type=\"section\" data-e-type=\"section\">\n\t\t\t\t\t\t<div class=\"elementor-container elementor-column-gap-default\">\n\t\t\t\t\t<div class=\"elementor-column elementor-col-100 elementor-top-column elementor-element elementor-element-9e32f4c\" data-id=\"9e32f4c\" data-element_type=\"column\" data-e-type=\"column\">\n\t\t\t<div class=\"elementor-widget-wrap elementor-element-populated\">\n\t\t\t\t\t\t<div class=\"elementor-element elementor-element-de4fbdd elementor-widget elementor-widget-text-editor\" data-id=\"de4fbdd\" data-element_type=\"widget\" data-e-type=\"widget\" data-widget_type=\"text-editor.default\">\n\t\t\t\t<div class=\"elementor-widget-container\">\n\t\t\t\t\t\t\t\t\t<p style=\"text-align: justify;\">\u00c9glise gothique. Le ch\u0153ur, en briques, date du XVe. Dot\u00e9e d\u2019une imposante tour occidentale en gr\u00e8s blanc (d\u2019avant 1504) et une fl\u00e8che pos\u00e9e en 1911. Int\u00e9rieur sobre. Mobilier historique : un confessionnal et des statues de saints de la main de A. Quellin (1660 et 1668), chaire par L. Willemssens (1701), meuble d\u2019orgue par C. de Cock (1713), un orgue Forceville (1713), les vitraux sont entre autres de Stalins et Janssens (ca 1890).<\/p>\n\t\t\t\t\t\t\t\t<\/div>\n\t\t\t\t<\/div>\n\t\t\t\t\t<\/div>\n\t\t<\/div>\n\t\t\t\t\t<\/div>\n\t\t<\/section>\n\t\t\t\t<section class=\"elementor-section elementor-top-section elementor-element elementor-element-47c85d85 elementor-section-boxed elementor-section-height-default elementor-section-height-default\" data-id=\"47c85d85\" data-element_type=\"section\" data-e-type=\"section\">\n\t\t\t\t\t\t<div class=\"elementor-container elementor-column-gap-default\">\n\t\t\t\t\t<div class=\"elementor-column elementor-col-100 elementor-top-column elementor-element elementor-element-43c86158\" data-id=\"43c86158\" data-element_type=\"column\" data-e-type=\"column\">\n\t\t\t<div class=\"elementor-widget-wrap elementor-element-populated\">\n\t\t\t\t\t\t<div class=\"elementor-element elementor-element-41ba5682 elementor-widget elementor-widget-text-editor\" data-id=\"41ba5682\" data-element_type=\"widget\" data-e-type=\"widget\" data-widget_type=\"text-editor.default\">\n\t\t\t\t<div class=\"elementor-widget-container\">\n\t\t\t\t\t\t\t\t\t<p style=\"text-align: justify;\">Sur <a href=\"https:\/\/goo.gl\/maps\/D8jzBfiCEkoKo3rj7\"><strong>CETTE CARTE<\/strong><\/a> vous pouvez d\u00e9terminer un itin\u00e9raire en fonction de votre moyen de transport.<br \/>\nEssayez aussi VELO-Antwerpen\u00a0:\u00a0<strong><a href=\"https:\/\/www.velo-antwerpen.be\/fr\">https:\/\/www.velo-antwerpen.be\/fr<\/a><\/strong><\/p>\n\t\t\t\t\t\t\t\t<\/div>\n\t\t\t\t<\/div>\n\t\t\t\t\t<\/div>\n\t\t<\/div>\n\t\t\t\t\t<\/div>\n\t\t<\/section>\n\t\t\t\t<section class=\"elementor-section elementor-top-section elementor-element elementor-element-44cf7e9 elementor-section-boxed elementor-section-height-default elementor-section-height-default\" data-id=\"44cf7e9\" data-element_type=\"section\" data-e-type=\"section\">\n\t\t\t\t\t\t<div class=\"elementor-container elementor-column-gap-default\">\n\t\t\t\t\t<div class=\"elementor-column elementor-col-50 elementor-top-column elementor-element elementor-element-2364db4\" data-id=\"2364db4\" data-element_type=\"column\" data-e-type=\"column\">\n\t\t\t<div class=\"elementor-widget-wrap elementor-element-populated\">\n\t\t\t\t\t\t<div class=\"elementor-element elementor-element-706484a elementor-widget elementor-widget-text-editor\" data-id=\"706484a\" data-element_type=\"widget\" data-e-type=\"widget\" data-widget_type=\"text-editor.default\">\n\t\t\t\t<div class=\"elementor-widget-container\">\n\t\t\t\t\t\t\t\t\t<h2>Informations pratiques<\/h2>\n<p><strong>C\u00e9l\u00e9brations eucharistiques<\/strong><strong><br \/>\n<\/strong>Samedi 17:30.<br \/>\nDimanche 10:00 et 11:15<strong>\u00a0<\/strong><\/p>\n<p><strong>Heures de visite<\/strong><strong><br \/>\n<\/strong>Chaque mercredi et vendredi de 9h00 \u00e0 12h00<strong>\u00a0<\/strong><\/p>\n<p><strong>Cure<\/strong><strong>\u00a0<\/strong><strong><br \/>\n<\/strong>Frans Lenaertsstraat 6<br \/>\n2180 Ekeren<br \/>\nTel. +32 (0)3 542 67 68<br \/>\n<a href=\"mailto:st.lambertus.ekeren@parochies.kerknet.be\"><strong>st.lambertus.ekeren@parochies.kerknet.be<\/strong><\/a><\/p>\n\t\t\t\t\t\t\t\t<\/div>\n\t\t\t\t<\/div>\n\t\t\t\t\t<\/div>\n\t\t<\/div>\n\t\t\t\t<div class=\"elementor-column elementor-col-50 elementor-top-column elementor-element elementor-element-03224ec\" data-id=\"03224ec\" data-element_type=\"column\" data-e-type=\"column\">\n\t\t\t<div class=\"elementor-widget-wrap elementor-element-populated\">\n\t\t\t\t\t\t<div class=\"elementor-element elementor-element-879cafa elementor-widget elementor-widget-text-editor\" data-id=\"879cafa\" data-element_type=\"widget\" data-e-type=\"widget\" data-widget_type=\"text-editor.default\">\n\t\t\t\t<div class=\"elementor-widget-container\">\n\t\t\t\t\t\t\t\t\t<p>.<\/p>\n\t\t\t\t\t\t\t\t<\/div>\n\t\t\t\t<\/div>\n\t\t\t\t\t<\/div>\n\t\t<\/div>\n\t\t\t\t\t<\/div>\n\t\t<\/section>\n\t\t\t\t<\/div>\n\t\t","protected":false},"excerpt":{"rendered":"<p>Ekeren, \u00c9glise Saint-Lambert \u00c9glise gothique. Le ch\u0153ur, en briques, date du XVe. Dot\u00e9e d\u2019une imposante tour occidentale en gr\u00e8s blanc (d\u2019avant 1504) et une fl\u00e8che pos\u00e9e en 1911. Int\u00e9rieur sobre. Mobilier historique : un confessionnal et des statues de saints de la main de A. Quellin (1660 et 1668), chaire par L. Willemssens (1701), meuble [&hellip;]<\/p>\n","protected":false},"author":16,"featured_media":0,"parent":37852,"menu_order":240,"comment_status":"closed","ping_status":"closed","template":"","meta":{"footnotes":""},"class_list":["post-37983","page","type-page","status-publish","hentry"],"aioseo_notices":[],"_links":{"self":[{"href":"https:\/\/topa.be\/fr\/wp-json\/wp\/v2\/pages\/37983","targetHints":{"allow":["GET"]}}],"collection":[{"href":"https:\/\/topa.be\/fr\/wp-json\/wp\/v2\/pages"}],"about":[{"href":"https:\/\/topa.be\/fr\/wp-json\/wp\/v2\/types\/page"}],"author":[{"embeddable":true,"href":"https:\/\/topa.be\/fr\/wp-json\/wp\/v2\/users\/16"}],"replies":[{"embeddable":true,"href":"https:\/\/topa.be\/fr\/wp-json\/wp\/v2\/comments?post=37983"}],"version-history":[{"count":3,"href":"https:\/\/topa.be\/fr\/wp-json\/wp\/v2\/pages\/37983\/revisions"}],"predecessor-version":[{"id":64408,"href":"https:\/\/topa.be\/fr\/wp-json\/wp\/v2\/pages\/37983\/revisions\/64408"}],"up":[{"embeddable":true,"href":"https:\/\/topa.be\/fr\/wp-json\/wp\/v2\/pages\/37852"}],"wp:attachment":[{"href":"https:\/\/topa.be\/fr\/wp-json\/wp\/v2\/media?parent=37983"}],"curies":[{"name":"wp","href":"https:\/\/api.w.org\/{rel}","templated":true}]}}