{"id":37981,"date":"2021-05-26T17:39:26","date_gmt":"2021-05-26T15:39:26","guid":{"rendered":"http:\/\/topa.be\/monumentale-kerken\/ekeren-sint-laurentius\/"},"modified":"2022-03-23T11:39:13","modified_gmt":"2022-03-23T10:39:13","slug":"ekeren-sint-laurentius","status":"publish","type":"page","link":"https:\/\/topa.be\/fr\/monumentale-kerken\/ekeren-sint-laurentius\/","title":{"rendered":"Ekeren, \u00c9glise Saint-Laurent"},"content":{"rendered":"\t\t<div data-elementor-type=\"wp-page\" data-elementor-id=\"37981\" class=\"elementor elementor-37981 elementor-34056\" data-elementor-post-type=\"page\">\n\t\t\t\t\t\t<section class=\"elementor-section elementor-top-section elementor-element elementor-element-969a38e elementor-section-boxed elementor-section-height-default elementor-section-height-default\" data-id=\"969a38e\" data-element_type=\"section\" data-e-type=\"section\">\n\t\t\t\t\t\t<div class=\"elementor-container elementor-column-gap-default\">\n\t\t\t\t\t<div class=\"elementor-column elementor-col-100 elementor-top-column elementor-element elementor-element-253e55f\" data-id=\"253e55f\" data-element_type=\"column\" data-e-type=\"column\">\n\t\t\t<div class=\"elementor-widget-wrap elementor-element-populated\">\n\t\t\t\t\t\t<div class=\"elementor-element elementor-element-b8d6d21 elementor-widget elementor-widget-heading\" data-id=\"b8d6d21\" data-element_type=\"widget\" data-e-type=\"widget\" data-widget_type=\"heading.default\">\n\t\t\t\t<div class=\"elementor-widget-container\">\n\t\t\t\t\t<h1 class=\"elementor-heading-title elementor-size-default\">Ekeren, \u00c9glise Saint-Laurent<\/h1>\t\t\t\t<\/div>\n\t\t\t\t<\/div>\n\t\t\t\t\t<\/div>\n\t\t<\/div>\n\t\t\t\t\t<\/div>\n\t\t<\/section>\n\t\t\t\t<section class=\"elementor-section elementor-top-section elementor-element elementor-element-f928fac elementor-section-boxed elementor-section-height-default elementor-section-height-default\" data-id=\"f928fac\" data-element_type=\"section\" data-e-type=\"section\">\n\t\t\t\t\t\t<div class=\"elementor-container elementor-column-gap-default\">\n\t\t\t\t\t<div class=\"elementor-column elementor-col-50 elementor-top-column elementor-element elementor-element-b504c5e\" data-id=\"b504c5e\" data-element_type=\"column\" data-e-type=\"column\">\n\t\t\t<div class=\"elementor-widget-wrap elementor-element-populated\">\n\t\t\t\t\t\t<div class=\"elementor-element elementor-element-7fdbbc6 elementor-widget elementor-widget-image\" data-id=\"7fdbbc6\" data-element_type=\"widget\" data-e-type=\"widget\" data-widget_type=\"image.default\">\n\t\t\t\t<div class=\"elementor-widget-container\">\n\t\t\t\t\t\t\t\t\t\t\t\t\t\t\t\t<a href=\"https:\/\/topa.be\/wp-content\/uploads\/Ekeren-Sint-Laurentius-Buiten.jpg\" data-elementor-open-lightbox=\"yes\" data-elementor-lightbox-title=\"Ekeren Sint-Laurentius Buiten\" data-elementor-lightbox-description=\"OLYMPUS DIGITAL CAMERA\" data-e-action-hash=\"#elementor-action%3Aaction%3Dlightbox%26settings%3DeyJpZCI6MjE3NzIsInVybCI6Imh0dHBzOlwvXC90b3BhLmJlXC93cC1jb250ZW50XC91cGxvYWRzXC9Fa2VyZW4tU2ludC1MYXVyZW50aXVzLUJ1aXRlbi5qcGcifQ%3D%3D\">\n\t\t\t\t\t\t\t<img fetchpriority=\"high\" decoding=\"async\" width=\"512\" height=\"385\" src=\"https:\/\/topa.be\/wp-content\/uploads\/Ekeren-Sint-Laurentius-Buiten.jpg\" class=\"attachment-large size-large wp-image-21772\" alt=\"\" srcset=\"https:\/\/topa.be\/wp-content\/uploads\/Ekeren-Sint-Laurentius-Buiten.jpg 512w, https:\/\/topa.be\/wp-content\/uploads\/Ekeren-Sint-Laurentius-Buiten-300x226.jpg 300w, https:\/\/topa.be\/wp-content\/uploads\/Ekeren-Sint-Laurentius-Buiten-200x150.jpg 200w\" sizes=\"(max-width: 512px) 100vw, 512px\" \/>\t\t\t\t\t\t\t\t<\/a>\n\t\t\t\t\t\t\t\t\t\t\t\t\t\t\t<\/div>\n\t\t\t\t<\/div>\n\t\t\t\t\t<\/div>\n\t\t<\/div>\n\t\t\t\t<div class=\"elementor-column elementor-col-50 elementor-top-column elementor-element elementor-element-f81c396\" data-id=\"f81c396\" data-element_type=\"column\" data-e-type=\"column\">\n\t\t\t<div class=\"elementor-widget-wrap elementor-element-populated\">\n\t\t\t\t\t\t<div class=\"elementor-element elementor-element-9275a57 elementor-widget elementor-widget-image\" data-id=\"9275a57\" data-element_type=\"widget\" data-e-type=\"widget\" data-widget_type=\"image.default\">\n\t\t\t\t<div class=\"elementor-widget-container\">\n\t\t\t\t\t\t\t\t\t\t\t\t\t\t\t\t<a href=\"https:\/\/topa.be\/wp-content\/uploads\/Ekeren-Sint-Laurentius-Binnen.jpg\" data-elementor-open-lightbox=\"yes\" data-elementor-lightbox-title=\"Ekeren-Sint-Laurentius-Binnen\" data-e-action-hash=\"#elementor-action%3Aaction%3Dlightbox%26settings%3DeyJpZCI6MjE3NjAsInVybCI6Imh0dHBzOlwvXC90b3BhLmJlXC93cC1jb250ZW50XC91cGxvYWRzXC9Fa2VyZW4tU2ludC1MYXVyZW50aXVzLUJpbm5lbi5qcGcifQ%3D%3D\">\n\t\t\t\t\t\t\t<img decoding=\"async\" width=\"800\" height=\"599\" src=\"https:\/\/topa.be\/wp-content\/uploads\/Ekeren-Sint-Laurentius-Binnen.jpg\" class=\"attachment-large size-large wp-image-21760\" alt=\"\" srcset=\"https:\/\/topa.be\/wp-content\/uploads\/Ekeren-Sint-Laurentius-Binnen.jpg 1024w, https:\/\/topa.be\/wp-content\/uploads\/Ekeren-Sint-Laurentius-Binnen-300x225.jpg 300w, https:\/\/topa.be\/wp-content\/uploads\/Ekeren-Sint-Laurentius-Binnen-200x150.jpg 200w, https:\/\/topa.be\/wp-content\/uploads\/Ekeren-Sint-Laurentius-Binnen-768x575.jpg 768w\" sizes=\"(max-width: 800px) 100vw, 800px\" \/>\t\t\t\t\t\t\t\t<\/a>\n\t\t\t\t\t\t\t\t\t\t\t\t\t\t\t<\/div>\n\t\t\t\t<\/div>\n\t\t\t\t\t<\/div>\n\t\t<\/div>\n\t\t\t\t\t<\/div>\n\t\t<\/section>\n\t\t\t\t<section class=\"elementor-section elementor-top-section elementor-element elementor-element-e62d19c elementor-section-boxed elementor-section-height-default elementor-section-height-default\" data-id=\"e62d19c\" data-element_type=\"section\" data-e-type=\"section\">\n\t\t\t\t\t\t<div class=\"elementor-container elementor-column-gap-default\">\n\t\t\t\t\t<div class=\"elementor-column elementor-col-100 elementor-top-column elementor-element elementor-element-aa3741b\" data-id=\"aa3741b\" data-element_type=\"column\" data-e-type=\"column\">\n\t\t\t<div class=\"elementor-widget-wrap elementor-element-populated\">\n\t\t\t\t\t\t<div class=\"elementor-element elementor-element-81d3f59 elementor-widget elementor-widget-text-editor\" data-id=\"81d3f59\" data-element_type=\"widget\" data-e-type=\"widget\" data-widget_type=\"text-editor.default\">\n\t\t\t\t<div class=\"elementor-widget-container\">\n\t\t\t\t\t\t\t\t\t<p style=\"text-align: justify;\">L\u2019\u00e9glise Saint-Laurent d\u2019Ekeren-Schoonbroek est litt\u00e9ralement hors-du-commun, tant par son emplacement que par son architecture. Lors de l\u2019extension du port d\u2019Anvers, plusieurs villages des polders ont \u00e9t\u00e9 compl\u00e8tement ray\u00e9s de la carte, dont le Wilmarsdonk voisin. L\u2019\u00e9glise gothique du village, vieille de plusieurs si\u00e8cles, a d\u00fb y faire face et a \u00e9t\u00e9 d\u00e9molie en 1966. Sa tour est le dernier t\u00e9moin du village disparu qui reste esseul\u00e9 au milieu d\u2019interminables piles de conteneurs. Afin d\u2019offrir un nouveau logement \u00e0 la population d\u00e9plac\u00e9e, le nouveau district de Schoonbroek, construit \u00e0 c\u00f4t\u00e9 du village d\u2019Ekeren, est devenu une paroisse ind\u00e9pendante. En tant qu\u2019h\u00e9riti\u00e8re de la paroisse de Wilmarsdonk, elle fut nomm\u00e9e d\u2019apr\u00e8s le patron du Wilmarsdonk disparu : Laurent.<\/p>\n<p style=\"text-align: justify;\">La chapelle provisoire a servi pendant environ 25 ans jusqu\u2019\u00e0 l\u2019inauguration de l\u2019\u00e9glise actuelle en 1980, con\u00e7ue par P. Schellekens et K. Beuten.<\/p>\n<p style=\"text-align: justify;\">H\u00e9riti\u00e8re de l\u2019ancienne \u00e9glise du village de Wilmarsdonk, cette \u00e9glise moderne abrite des \u0153uvres d\u2019art et des objets religieux de l\u2019\u00e9glise des polders d\u00e9molie. Le plus frappant et le plus riche en sonorit\u00e9, bien s\u00fbr, est l\u2019orgue Bremser baroque r\u00e9cemment restaur\u00e9, qui est presque unique.\u00a0 Il date du troisi\u00e8me quart du XVIIe si\u00e8cle.<\/p>\n\t\t\t\t\t\t\t\t<\/div>\n\t\t\t\t<\/div>\n\t\t\t\t\t<\/div>\n\t\t<\/div>\n\t\t\t\t\t<\/div>\n\t\t<\/section>\n\t\t\t\t<section class=\"elementor-section elementor-top-section elementor-element elementor-element-3354c6b1 elementor-section-boxed elementor-section-height-default elementor-section-height-default\" data-id=\"3354c6b1\" data-element_type=\"section\" data-e-type=\"section\">\n\t\t\t\t\t\t<div class=\"elementor-container elementor-column-gap-default\">\n\t\t\t\t\t<div class=\"elementor-column elementor-col-100 elementor-top-column elementor-element elementor-element-38ec1ee7\" data-id=\"38ec1ee7\" data-element_type=\"column\" data-e-type=\"column\">\n\t\t\t<div class=\"elementor-widget-wrap elementor-element-populated\">\n\t\t\t\t\t\t<div class=\"elementor-element elementor-element-448d0287 elementor-widget elementor-widget-text-editor\" data-id=\"448d0287\" data-element_type=\"widget\" data-e-type=\"widget\" data-widget_type=\"text-editor.default\">\n\t\t\t\t<div class=\"elementor-widget-container\">\n\t\t\t\t\t\t\t\t\t<p style=\"text-align: justify;\">Sur <a href=\"https:\/\/goo.gl\/maps\/gpxjBvsCpoAt7yDH6\"><strong>CETTE CARTE<\/strong><\/a> vous pouvez d\u00e9terminer un itin\u00e9raire en fonction de votre moyen de transport.<br \/>\nEssayez aussi VELO-Antwerpen\u00a0:\u00a0<a href=\"https:\/\/www.velo-antwerpen.be\/fr\"><strong>htt<\/strong>ps:\/\/www.velo-antwerpen.be\/fr<\/a><\/p>\n\t\t\t\t\t\t\t\t<\/div>\n\t\t\t\t<\/div>\n\t\t\t\t\t<\/div>\n\t\t<\/div>\n\t\t\t\t\t<\/div>\n\t\t<\/section>\n\t\t\t\t<\/div>\n\t\t","protected":false},"excerpt":{"rendered":"<p>Ekeren, \u00c9glise Saint-Laurent L\u2019\u00e9glise Saint-Laurent d\u2019Ekeren-Schoonbroek est litt\u00e9ralement hors-du-commun, tant par son emplacement que par son architecture. Lors de l\u2019extension du port d\u2019Anvers, plusieurs villages des polders ont \u00e9t\u00e9 compl\u00e8tement ray\u00e9s de la carte, dont le Wilmarsdonk voisin. L\u2019\u00e9glise gothique du village, vieille de plusieurs si\u00e8cles, a d\u00fb y faire face et a \u00e9t\u00e9 d\u00e9molie [&hellip;]<\/p>\n","protected":false},"author":16,"featured_media":0,"parent":37852,"menu_order":250,"comment_status":"closed","ping_status":"closed","template":"","meta":{"footnotes":""},"class_list":["post-37981","page","type-page","status-publish","hentry"],"aioseo_notices":[],"_links":{"self":[{"href":"https:\/\/topa.be\/fr\/wp-json\/wp\/v2\/pages\/37981","targetHints":{"allow":["GET"]}}],"collection":[{"href":"https:\/\/topa.be\/fr\/wp-json\/wp\/v2\/pages"}],"about":[{"href":"https:\/\/topa.be\/fr\/wp-json\/wp\/v2\/types\/page"}],"author":[{"embeddable":true,"href":"https:\/\/topa.be\/fr\/wp-json\/wp\/v2\/users\/16"}],"replies":[{"embeddable":true,"href":"https:\/\/topa.be\/fr\/wp-json\/wp\/v2\/comments?post=37981"}],"version-history":[{"count":3,"href":"https:\/\/topa.be\/fr\/wp-json\/wp\/v2\/pages\/37981\/revisions"}],"predecessor-version":[{"id":64417,"href":"https:\/\/topa.be\/fr\/wp-json\/wp\/v2\/pages\/37981\/revisions\/64417"}],"up":[{"embeddable":true,"href":"https:\/\/topa.be\/fr\/wp-json\/wp\/v2\/pages\/37852"}],"wp:attachment":[{"href":"https:\/\/topa.be\/fr\/wp-json\/wp\/v2\/media?parent=37981"}],"curies":[{"name":"wp","href":"https:\/\/api.w.org\/{rel}","templated":true}]}}