{"id":37979,"date":"2021-05-26T17:38:17","date_gmt":"2021-05-26T15:38:17","guid":{"rendered":"http:\/\/topa.be\/monumentale-kerken\/lillo-sint-benedictus\/"},"modified":"2022-03-23T11:42:51","modified_gmt":"2022-03-23T10:42:51","slug":"lillo-sint-benedictus","status":"publish","type":"page","link":"https:\/\/topa.be\/fr\/monumentale-kerken\/lillo-sint-benedictus\/","title":{"rendered":"Lillo, \u00c9glise Saint-Beno\u00eet"},"content":{"rendered":"\t\t<div data-elementor-type=\"wp-page\" data-elementor-id=\"37979\" class=\"elementor elementor-37979 elementor-34058\" data-elementor-post-type=\"page\">\n\t\t\t\t\t\t<section class=\"elementor-section elementor-top-section elementor-element elementor-element-16f3225 elementor-section-boxed elementor-section-height-default elementor-section-height-default\" data-id=\"16f3225\" data-element_type=\"section\" data-e-type=\"section\">\n\t\t\t\t\t\t<div class=\"elementor-container elementor-column-gap-default\">\n\t\t\t\t\t<div class=\"elementor-column elementor-col-100 elementor-top-column elementor-element elementor-element-bfec169\" data-id=\"bfec169\" data-element_type=\"column\" data-e-type=\"column\">\n\t\t\t<div class=\"elementor-widget-wrap elementor-element-populated\">\n\t\t\t\t\t\t<div class=\"elementor-element elementor-element-291abf0 elementor-widget elementor-widget-heading\" data-id=\"291abf0\" data-element_type=\"widget\" data-e-type=\"widget\" data-widget_type=\"heading.default\">\n\t\t\t\t<div class=\"elementor-widget-container\">\n\t\t\t\t\t<h1 class=\"elementor-heading-title elementor-size-default\">Lillo, \u00c9glise Saint-Beno\u00eet<\/h1>\t\t\t\t<\/div>\n\t\t\t\t<\/div>\n\t\t\t\t\t<\/div>\n\t\t<\/div>\n\t\t\t\t\t<\/div>\n\t\t<\/section>\n\t\t\t\t<section class=\"elementor-section elementor-top-section elementor-element elementor-element-1904e51 elementor-section-boxed elementor-section-height-default elementor-section-height-default\" data-id=\"1904e51\" data-element_type=\"section\" data-e-type=\"section\">\n\t\t\t\t\t\t<div class=\"elementor-container elementor-column-gap-default\">\n\t\t\t\t\t<div class=\"elementor-column elementor-col-50 elementor-top-column elementor-element elementor-element-f0c1838\" data-id=\"f0c1838\" data-element_type=\"column\" data-e-type=\"column\">\n\t\t\t<div class=\"elementor-widget-wrap elementor-element-populated\">\n\t\t\t\t\t\t<div class=\"elementor-element elementor-element-8a590b4 elementor-widget elementor-widget-image\" data-id=\"8a590b4\" data-element_type=\"widget\" data-e-type=\"widget\" data-widget_type=\"image.default\">\n\t\t\t\t<div class=\"elementor-widget-container\">\n\t\t\t\t\t\t\t\t\t\t\t\t\t\t\t\t<a href=\"https:\/\/topa.be\/wp-content\/uploads\/Lillo-Sint-Benedictus-Buiten.jpg\" data-elementor-open-lightbox=\"yes\" data-elementor-lightbox-title=\"Lillo Sint-Benedictus Buiten\" data-e-action-hash=\"#elementor-action%3Aaction%3Dlightbox%26settings%3DeyJpZCI6MjMxMDQsInVybCI6Imh0dHBzOlwvXC90b3BhLmJlXC93cC1jb250ZW50XC91cGxvYWRzXC9MaWxsby1TaW50LUJlbmVkaWN0dXMtQnVpdGVuLmpwZyJ9\">\n\t\t\t\t\t\t\t<img fetchpriority=\"high\" decoding=\"async\" width=\"800\" height=\"600\" src=\"https:\/\/topa.be\/wp-content\/uploads\/Lillo-Sint-Benedictus-Buiten.jpg\" class=\"attachment-large size-large wp-image-23104\" alt=\"\" srcset=\"https:\/\/topa.be\/wp-content\/uploads\/Lillo-Sint-Benedictus-Buiten.jpg 1024w, https:\/\/topa.be\/wp-content\/uploads\/Lillo-Sint-Benedictus-Buiten-300x225.jpg 300w, https:\/\/topa.be\/wp-content\/uploads\/Lillo-Sint-Benedictus-Buiten-200x150.jpg 200w, https:\/\/topa.be\/wp-content\/uploads\/Lillo-Sint-Benedictus-Buiten-768x576.jpg 768w\" sizes=\"(max-width: 800px) 100vw, 800px\" \/>\t\t\t\t\t\t\t\t<\/a>\n\t\t\t\t\t\t\t\t\t\t\t\t\t\t\t<\/div>\n\t\t\t\t<\/div>\n\t\t\t\t\t<\/div>\n\t\t<\/div>\n\t\t\t\t<div class=\"elementor-column elementor-col-50 elementor-top-column elementor-element elementor-element-df64746\" data-id=\"df64746\" data-element_type=\"column\" data-e-type=\"column\">\n\t\t\t<div class=\"elementor-widget-wrap elementor-element-populated\">\n\t\t\t\t\t\t<div class=\"elementor-element elementor-element-28b255b elementor-widget elementor-widget-image\" data-id=\"28b255b\" data-element_type=\"widget\" data-e-type=\"widget\" data-widget_type=\"image.default\">\n\t\t\t\t<div class=\"elementor-widget-container\">\n\t\t\t\t\t\t\t\t\t\t\t\t\t\t\t\t<a href=\"https:\/\/topa.be\/wp-content\/uploads\/Lillo-Sint-Benedictus-Binnen.jpg\" data-elementor-open-lightbox=\"yes\" data-elementor-lightbox-title=\"Lillo Sint-Benedictus Binnen\" data-e-action-hash=\"#elementor-action%3Aaction%3Dlightbox%26settings%3DeyJpZCI6MjMwOTIsInVybCI6Imh0dHBzOlwvXC90b3BhLmJlXC93cC1jb250ZW50XC91cGxvYWRzXC9MaWxsby1TaW50LUJlbmVkaWN0dXMtQmlubmVuLmpwZyJ9\">\n\t\t\t\t\t\t\t<img decoding=\"async\" width=\"800\" height=\"600\" src=\"https:\/\/topa.be\/wp-content\/uploads\/Lillo-Sint-Benedictus-Binnen.jpg\" class=\"attachment-large size-large wp-image-23092\" alt=\"\" srcset=\"https:\/\/topa.be\/wp-content\/uploads\/Lillo-Sint-Benedictus-Binnen.jpg 1024w, https:\/\/topa.be\/wp-content\/uploads\/Lillo-Sint-Benedictus-Binnen-300x225.jpg 300w, https:\/\/topa.be\/wp-content\/uploads\/Lillo-Sint-Benedictus-Binnen-200x150.jpg 200w, https:\/\/topa.be\/wp-content\/uploads\/Lillo-Sint-Benedictus-Binnen-768x576.jpg 768w\" sizes=\"(max-width: 800px) 100vw, 800px\" \/>\t\t\t\t\t\t\t\t<\/a>\n\t\t\t\t\t\t\t\t\t\t\t\t\t\t\t<\/div>\n\t\t\t\t<\/div>\n\t\t\t\t\t<\/div>\n\t\t<\/div>\n\t\t\t\t\t<\/div>\n\t\t<\/section>\n\t\t\t\t<section class=\"elementor-section elementor-top-section elementor-element elementor-element-e769d7a elementor-section-boxed elementor-section-height-default elementor-section-height-default\" data-id=\"e769d7a\" data-element_type=\"section\" data-e-type=\"section\">\n\t\t\t\t\t\t<div class=\"elementor-container elementor-column-gap-default\">\n\t\t\t\t\t<div class=\"elementor-column elementor-col-100 elementor-top-column elementor-element elementor-element-64e5f97\" data-id=\"64e5f97\" data-element_type=\"column\" data-e-type=\"column\">\n\t\t\t<div class=\"elementor-widget-wrap elementor-element-populated\">\n\t\t\t\t\t\t<div class=\"elementor-element elementor-element-5733d7a elementor-widget elementor-widget-text-editor\" data-id=\"5733d7a\" data-element_type=\"widget\" data-e-type=\"widget\" data-widget_type=\"text-editor.default\">\n\t\t\t\t<div class=\"elementor-widget-container\">\n\t\t\t\t\t\t\t\t\t<p style=\"text-align: justify;\">Cette \u00e9glise doit sa renomm\u00e9e actuelle avant tout \u00e0 sa localisation : \u00e9loign\u00e9e du centre d\u2019Anvers, au beau milieu de la zone portuaire. Lillo est une ancienne ville de garnison fortifi\u00e9e et un petit port de p\u00eache. En 1883 la vieille \u00e9glise de la garnison est remplac\u00e9e par l\u2019actuelle \u00e9glise n\u00e9o-gothique \u00e0 nef unique (architecte L. Gife) comptant huit trav\u00e9es et une tour occidentale avanc\u00e9e. L\u2019int\u00e9rieur date de la m\u00eame p\u00e9riode.<\/p>\n<p style=\"text-align: justify;\"><strong>Depuis la fin de 2017, l\u2019\u00e9glise a \u00e9t\u00e9 retir\u00e9e du culte r\u00e9gulier et la paroisse Saint Beno\u00eet a \u00e9t\u00e9 abolie.<\/strong><br \/>\n<strong>Cependant, l\u2019\u00e9glise n\u2019est pas d\u00e9consacr\u00e9e et des services occasionnels restent possibles.<\/strong><\/p>\n\t\t\t\t\t\t\t\t<\/div>\n\t\t\t\t<\/div>\n\t\t\t\t\t<\/div>\n\t\t<\/div>\n\t\t\t\t\t<\/div>\n\t\t<\/section>\n\t\t\t\t<section class=\"elementor-section elementor-top-section elementor-element elementor-element-766492cf elementor-section-boxed elementor-section-height-default elementor-section-height-default\" data-id=\"766492cf\" data-element_type=\"section\" data-e-type=\"section\">\n\t\t\t\t\t\t<div class=\"elementor-container elementor-column-gap-default\">\n\t\t\t\t\t<div class=\"elementor-column elementor-col-100 elementor-top-column elementor-element elementor-element-635ab817\" data-id=\"635ab817\" data-element_type=\"column\" data-e-type=\"column\">\n\t\t\t<div class=\"elementor-widget-wrap elementor-element-populated\">\n\t\t\t\t\t\t<div class=\"elementor-element elementor-element-42f44f87 elementor-widget elementor-widget-text-editor\" data-id=\"42f44f87\" data-element_type=\"widget\" data-e-type=\"widget\" data-widget_type=\"text-editor.default\">\n\t\t\t\t<div class=\"elementor-widget-container\">\n\t\t\t\t\t\t\t\t\t<p style=\"text-align: justify;\">Sur <a href=\"https:\/\/goo.gl\/maps\/34sbpHCwTuKeWjhUA\"><strong>CETTE CARTE<\/strong><\/a> vous pouvez d\u00e9terminer un itin\u00e9raire en fonction de votre moyen de transport.<br \/>\nEssayez aussi VELO-Antwerpen\u00a0:\u00a0<strong><a href=\"https:\/\/www.velo-antwerpen.be\/fr\">https:\/\/www.velo-antwerpen.be\/fr<\/a><\/strong><\/p>\n\t\t\t\t\t\t\t\t<\/div>\n\t\t\t\t<\/div>\n\t\t\t\t\t<\/div>\n\t\t<\/div>\n\t\t\t\t\t<\/div>\n\t\t<\/section>\n\t\t\t\t<\/div>\n\t\t","protected":false},"excerpt":{"rendered":"<p>Lillo, \u00c9glise Saint-Beno\u00eet Cette \u00e9glise doit sa renomm\u00e9e actuelle avant tout \u00e0 sa localisation : \u00e9loign\u00e9e du centre d\u2019Anvers, au beau milieu de la zone portuaire. Lillo est une ancienne ville de garnison fortifi\u00e9e et un petit port de p\u00eache. En 1883 la vieille \u00e9glise de la garnison est remplac\u00e9e par l\u2019actuelle \u00e9glise n\u00e9o-gothique \u00e0 [&hellip;]<\/p>\n","protected":false},"author":16,"featured_media":0,"parent":37852,"menu_order":270,"comment_status":"closed","ping_status":"closed","template":"","meta":{"footnotes":""},"class_list":["post-37979","page","type-page","status-publish","hentry"],"aioseo_notices":[],"_links":{"self":[{"href":"https:\/\/topa.be\/fr\/wp-json\/wp\/v2\/pages\/37979","targetHints":{"allow":["GET"]}}],"collection":[{"href":"https:\/\/topa.be\/fr\/wp-json\/wp\/v2\/pages"}],"about":[{"href":"https:\/\/topa.be\/fr\/wp-json\/wp\/v2\/types\/page"}],"author":[{"embeddable":true,"href":"https:\/\/topa.be\/fr\/wp-json\/wp\/v2\/users\/16"}],"replies":[{"embeddable":true,"href":"https:\/\/topa.be\/fr\/wp-json\/wp\/v2\/comments?post=37979"}],"version-history":[{"count":3,"href":"https:\/\/topa.be\/fr\/wp-json\/wp\/v2\/pages\/37979\/revisions"}],"predecessor-version":[{"id":64426,"href":"https:\/\/topa.be\/fr\/wp-json\/wp\/v2\/pages\/37979\/revisions\/64426"}],"up":[{"embeddable":true,"href":"https:\/\/topa.be\/fr\/wp-json\/wp\/v2\/pages\/37852"}],"wp:attachment":[{"href":"https:\/\/topa.be\/fr\/wp-json\/wp\/v2\/media?parent=37979"}],"curies":[{"name":"wp","href":"https:\/\/api.w.org\/{rel}","templated":true}]}}