{"id":37977,"date":"2021-05-26T17:36:51","date_gmt":"2021-05-26T15:36:51","guid":{"rendered":"http:\/\/topa.be\/monumentale-kerken\/merksem-st-bartholomeus\/"},"modified":"2022-03-28T16:42:56","modified_gmt":"2022-03-28T14:42:56","slug":"merksem-st-bartholomeus","status":"publish","type":"page","link":"https:\/\/topa.be\/fr\/monumentale-kerken\/merksem-st-bartholomeus\/","title":{"rendered":"Merksem, \u00c9glise Saint-Barth\u00e9lemy"},"content":{"rendered":"\t\t<div data-elementor-type=\"wp-page\" data-elementor-id=\"37977\" class=\"elementor elementor-37977 elementor-34060\" data-elementor-post-type=\"page\">\n\t\t\t\t\t\t<section class=\"elementor-section elementor-top-section elementor-element elementor-element-e132e9c elementor-section-boxed elementor-section-height-default elementor-section-height-default\" data-id=\"e132e9c\" data-element_type=\"section\" data-e-type=\"section\">\n\t\t\t\t\t\t<div class=\"elementor-container elementor-column-gap-default\">\n\t\t\t\t\t<div class=\"elementor-column elementor-col-100 elementor-top-column elementor-element elementor-element-08f9945\" data-id=\"08f9945\" data-element_type=\"column\" data-e-type=\"column\">\n\t\t\t<div class=\"elementor-widget-wrap elementor-element-populated\">\n\t\t\t\t\t\t<div class=\"elementor-element elementor-element-8be23ac elementor-widget elementor-widget-heading\" data-id=\"8be23ac\" data-element_type=\"widget\" data-e-type=\"widget\" data-widget_type=\"heading.default\">\n\t\t\t\t<div class=\"elementor-widget-container\">\n\t\t\t\t\t<h1 class=\"elementor-heading-title elementor-size-default\">Merksem, \u00c9glise Saint-Barth\u00e9lemy<\/h1>\t\t\t\t<\/div>\n\t\t\t\t<\/div>\n\t\t\t\t\t<\/div>\n\t\t<\/div>\n\t\t\t\t\t<\/div>\n\t\t<\/section>\n\t\t\t\t<section class=\"elementor-section elementor-top-section elementor-element elementor-element-c6c9908 elementor-section-boxed elementor-section-height-default elementor-section-height-default\" data-id=\"c6c9908\" data-element_type=\"section\" data-e-type=\"section\">\n\t\t\t\t\t\t<div class=\"elementor-container elementor-column-gap-default\">\n\t\t\t\t\t<div class=\"elementor-column elementor-col-50 elementor-top-column elementor-element elementor-element-40ad881\" data-id=\"40ad881\" data-element_type=\"column\" data-e-type=\"column\">\n\t\t\t<div class=\"elementor-widget-wrap elementor-element-populated\">\n\t\t\t\t\t\t<div class=\"elementor-element elementor-element-2c051a8 elementor-widget elementor-widget-image\" data-id=\"2c051a8\" data-element_type=\"widget\" data-e-type=\"widget\" data-widget_type=\"image.default\">\n\t\t\t\t<div class=\"elementor-widget-container\">\n\t\t\t\t\t\t\t\t\t\t\t\t\t\t\t\t<a href=\"https:\/\/topa.be\/wp-content\/uploads\/Merksem-Sint-Bartholomeus-Buiten.jpg\" data-elementor-open-lightbox=\"yes\" data-elementor-lightbox-title=\"Merksem Sint-Bartholomeus Buiten\" data-e-action-hash=\"#elementor-action%3Aaction%3Dlightbox%26settings%3DeyJpZCI6MjMzMDgsInVybCI6Imh0dHBzOlwvXC90b3BhLmJlXC93cC1jb250ZW50XC91cGxvYWRzXC9NZXJrc2VtLVNpbnQtQmFydGhvbG9tZXVzLUJ1aXRlbi5qcGcifQ%3D%3D\">\n\t\t\t\t\t\t\t<img fetchpriority=\"high\" decoding=\"async\" width=\"800\" height=\"600\" src=\"https:\/\/topa.be\/wp-content\/uploads\/Merksem-Sint-Bartholomeus-Buiten.jpg\" class=\"attachment-large size-large wp-image-23308\" alt=\"\" srcset=\"https:\/\/topa.be\/wp-content\/uploads\/Merksem-Sint-Bartholomeus-Buiten.jpg 1024w, https:\/\/topa.be\/wp-content\/uploads\/Merksem-Sint-Bartholomeus-Buiten-300x225.jpg 300w, https:\/\/topa.be\/wp-content\/uploads\/Merksem-Sint-Bartholomeus-Buiten-200x150.jpg 200w, https:\/\/topa.be\/wp-content\/uploads\/Merksem-Sint-Bartholomeus-Buiten-768x576.jpg 768w\" sizes=\"(max-width: 800px) 100vw, 800px\" \/>\t\t\t\t\t\t\t\t<\/a>\n\t\t\t\t\t\t\t\t\t\t\t\t\t\t\t<\/div>\n\t\t\t\t<\/div>\n\t\t\t\t\t<\/div>\n\t\t<\/div>\n\t\t\t\t<div class=\"elementor-column elementor-col-50 elementor-top-column elementor-element elementor-element-2f04fd5\" data-id=\"2f04fd5\" data-element_type=\"column\" data-e-type=\"column\">\n\t\t\t<div class=\"elementor-widget-wrap elementor-element-populated\">\n\t\t\t\t\t\t<div class=\"elementor-element elementor-element-36e08cd elementor-widget elementor-widget-image\" data-id=\"36e08cd\" data-element_type=\"widget\" data-e-type=\"widget\" data-widget_type=\"image.default\">\n\t\t\t\t<div class=\"elementor-widget-container\">\n\t\t\t\t\t\t\t\t\t\t\t\t\t\t\t\t<a href=\"https:\/\/topa.be\/wp-content\/uploads\/Merksem-Sint-Bartholomeus-Binnen.jpg\" data-elementor-open-lightbox=\"yes\" data-elementor-lightbox-title=\"Merksem Sint-Bartholomeus Binnen\" data-e-action-hash=\"#elementor-action%3Aaction%3Dlightbox%26settings%3DeyJpZCI6MjMyOTYsInVybCI6Imh0dHBzOlwvXC90b3BhLmJlXC93cC1jb250ZW50XC91cGxvYWRzXC9NZXJrc2VtLVNpbnQtQmFydGhvbG9tZXVzLUJpbm5lbi5qcGcifQ%3D%3D\">\n\t\t\t\t\t\t\t<img decoding=\"async\" width=\"512\" height=\"383\" src=\"https:\/\/topa.be\/wp-content\/uploads\/Merksem-Sint-Bartholomeus-Binnen.jpg\" class=\"attachment-large size-large wp-image-23296\" alt=\"\" srcset=\"https:\/\/topa.be\/wp-content\/uploads\/Merksem-Sint-Bartholomeus-Binnen.jpg 512w, https:\/\/topa.be\/wp-content\/uploads\/Merksem-Sint-Bartholomeus-Binnen-300x224.jpg 300w, https:\/\/topa.be\/wp-content\/uploads\/Merksem-Sint-Bartholomeus-Binnen-200x150.jpg 200w\" sizes=\"(max-width: 512px) 100vw, 512px\" \/>\t\t\t\t\t\t\t\t<\/a>\n\t\t\t\t\t\t\t\t\t\t\t\t\t\t\t<\/div>\n\t\t\t\t<\/div>\n\t\t\t\t\t<\/div>\n\t\t<\/div>\n\t\t\t\t\t<\/div>\n\t\t<\/section>\n\t\t\t\t<section class=\"elementor-section elementor-top-section elementor-element elementor-element-87eb2d0 elementor-section-boxed elementor-section-height-default elementor-section-height-default\" data-id=\"87eb2d0\" data-element_type=\"section\" data-e-type=\"section\">\n\t\t\t\t\t\t<div class=\"elementor-container elementor-column-gap-default\">\n\t\t\t\t\t<div class=\"elementor-column elementor-col-100 elementor-top-column elementor-element elementor-element-c87b9a4\" data-id=\"c87b9a4\" data-element_type=\"column\" data-e-type=\"column\">\n\t\t\t<div class=\"elementor-widget-wrap elementor-element-populated\">\n\t\t\t\t\t\t<div class=\"elementor-element elementor-element-1523fc7 elementor-widget elementor-widget-text-editor\" data-id=\"1523fc7\" data-element_type=\"widget\" data-e-type=\"widget\" data-widget_type=\"text-editor.default\">\n\t\t\t\t<div class=\"elementor-widget-container\">\n\t\t\t\t\t\t\t\t\t<p style=\"text-align: justify;\">\u00c9glise cruciforme orient\u00e9e, avec une tour occidentale incorpor\u00e9e au nord du ch\u0153ur. La construction remonte au 15<sup>e<\/sup>\u00a0si\u00e8cle. Aux 18<sup>e<\/sup>, 19<sup>e<\/sup>\u00a0et 20<sup>e<\/sup>\u00a0si\u00e8cles, l\u2019\u00e9glise sera fort agrandie. Apr\u00e8s la destruction presque totale lors de la 2<sup>\u00e8me<\/sup>\u00a0guerre mondiale, l\u2019\u00e9glise est reconstruite entre 1947 et 1950 d\u2019apr\u00e8s les plans d\u2019avant-guerre par l\u2019architecte H. Huygh. L\u2019\u00e9glise poss\u00e8de une riche mobilier baroque: l\u2019autel-portique Saint-Barth\u00e9lemy de Paschier (1645), les autels lat\u00e9raux de W. Kerrickx et W. Pompe (d\u00e9but 18<sup>\u00e8me<\/sup>\u00a0si\u00e8cle), le lambris du 17<sup>\u00e8me<\/sup>\u00a0si\u00e8cle, les confessionnaux et les bancs de communion de Cornelis Struyf (1734). De la chaire con\u00e7ue par Jan Pieter Van Baurscheit (1725) seuls les m\u00e9daillons sont encore conserv\u00e9s. Au 20<sup>e<\/sup>\u00a0si\u00e8cle, l\u2019\u00e9glise est enrichie de vitraux de e.a. A. Staline (1914) et J. Huet (1939).<\/p>\n\t\t\t\t\t\t\t\t<\/div>\n\t\t\t\t<\/div>\n\t\t\t\t\t<\/div>\n\t\t<\/div>\n\t\t\t\t\t<\/div>\n\t\t<\/section>\n\t\t\t\t<section class=\"elementor-section elementor-top-section elementor-element elementor-element-7afe5fff elementor-section-boxed elementor-section-height-default elementor-section-height-default\" data-id=\"7afe5fff\" data-element_type=\"section\" data-e-type=\"section\">\n\t\t\t\t\t\t<div class=\"elementor-container elementor-column-gap-default\">\n\t\t\t\t\t<div class=\"elementor-column elementor-col-100 elementor-top-column elementor-element elementor-element-78b1498d\" data-id=\"78b1498d\" data-element_type=\"column\" data-e-type=\"column\">\n\t\t\t<div class=\"elementor-widget-wrap elementor-element-populated\">\n\t\t\t\t\t\t<div class=\"elementor-element elementor-element-119bc93c elementor-widget elementor-widget-text-editor\" data-id=\"119bc93c\" data-element_type=\"widget\" data-e-type=\"widget\" data-widget_type=\"text-editor.default\">\n\t\t\t\t<div class=\"elementor-widget-container\">\n\t\t\t\t\t\t\t\t\t<p style=\"text-align: justify;\">Sur <a href=\"https:\/\/goo.gl\/maps\/4VJCux2zdsv6aoWY7\"><strong>CETTE CARTE<\/strong><\/a> vous pouvez d\u00e9terminer un itin\u00e9raire en fonction de votre moyen de transport.<br \/>\nEssayez aussi VELO-Antwerpen\u00a0:\u00a0<strong><a href=\"https:\/\/www.velo-antwerpen.be\/fr\">https:\/\/www.velo-antwerpen.be\/fr<\/a><\/strong><\/p>\n\t\t\t\t\t\t\t\t<\/div>\n\t\t\t\t<\/div>\n\t\t\t\t\t<\/div>\n\t\t<\/div>\n\t\t\t\t\t<\/div>\n\t\t<\/section>\n\t\t\t\t<section class=\"elementor-section elementor-top-section elementor-element elementor-element-0ab6eee elementor-section-boxed elementor-section-height-default elementor-section-height-default\" data-id=\"0ab6eee\" data-element_type=\"section\" data-e-type=\"section\">\n\t\t\t\t\t\t<div class=\"elementor-container elementor-column-gap-default\">\n\t\t\t\t\t<div class=\"elementor-column elementor-col-50 elementor-top-column elementor-element elementor-element-a168b58\" data-id=\"a168b58\" data-element_type=\"column\" data-e-type=\"column\">\n\t\t\t<div class=\"elementor-widget-wrap elementor-element-populated\">\n\t\t\t\t\t\t<div class=\"elementor-element elementor-element-56b5ef7 elementor-widget elementor-widget-text-editor\" data-id=\"56b5ef7\" data-element_type=\"widget\" data-e-type=\"widget\" data-widget_type=\"text-editor.default\">\n\t\t\t\t<div class=\"elementor-widget-container\">\n\t\t\t\t\t\t\t\t\t<h2>Informations pratiques<\/h2>\n<p><strong>C\u00e9l\u00e9bration eucharistique<\/strong><br \/>\nDimanche: 11:00<strong>\u00a0<\/strong><\/p>\n<p><strong>Visites<\/strong><br \/>\nSur demande via +32 (0)3 645 47 46<strong>\u00a0<\/strong><\/p>\n<p><strong>Cure<\/strong><br \/>\nSint-Bartholomeusstraat 1A<br \/>\n2170 Merksem<br \/>\n+32 (0)3 645 47 46<\/p>\n<p><a href=\"mailto:sint.bartholomeus@belgacom.net\"><strong>sint.bartholomeus@belgacom.net<\/strong><\/a><\/p>\n\t\t\t\t\t\t\t\t<\/div>\n\t\t\t\t<\/div>\n\t\t\t\t\t<\/div>\n\t\t<\/div>\n\t\t\t\t<div class=\"elementor-column elementor-col-50 elementor-top-column elementor-element elementor-element-4ee5f5c\" data-id=\"4ee5f5c\" data-element_type=\"column\" data-e-type=\"column\">\n\t\t\t<div class=\"elementor-widget-wrap elementor-element-populated\">\n\t\t\t\t\t\t<div class=\"elementor-element elementor-element-a60f7dd elementor-widget elementor-widget-text-editor\" data-id=\"a60f7dd\" data-element_type=\"widget\" data-e-type=\"widget\" data-widget_type=\"text-editor.default\">\n\t\t\t\t<div class=\"elementor-widget-container\">\n\t\t\t\t\t\t\t\t\t<p>.<\/p>\n\t\t\t\t\t\t\t\t<\/div>\n\t\t\t\t<\/div>\n\t\t\t\t\t<\/div>\n\t\t<\/div>\n\t\t\t\t\t<\/div>\n\t\t<\/section>\n\t\t\t\t<\/div>\n\t\t","protected":false},"excerpt":{"rendered":"<p>Merksem, \u00c9glise Saint-Barth\u00e9lemy \u00c9glise cruciforme orient\u00e9e, avec une tour occidentale incorpor\u00e9e au nord du ch\u0153ur. La construction remonte au 15e\u00a0si\u00e8cle. Aux 18e, 19e\u00a0et 20e\u00a0si\u00e8cles, l\u2019\u00e9glise sera fort agrandie. Apr\u00e8s la destruction presque totale lors de la 2\u00e8me\u00a0guerre mondiale, l\u2019\u00e9glise est reconstruite entre 1947 et 1950 d\u2019apr\u00e8s les plans d\u2019avant-guerre par l\u2019architecte H. Huygh. L\u2019\u00e9glise poss\u00e8de [&hellip;]<\/p>\n","protected":false},"author":16,"featured_media":0,"parent":37852,"menu_order":280,"comment_status":"closed","ping_status":"closed","template":"","meta":{"footnotes":""},"class_list":["post-37977","page","type-page","status-publish","hentry"],"aioseo_notices":[],"_links":{"self":[{"href":"https:\/\/topa.be\/fr\/wp-json\/wp\/v2\/pages\/37977","targetHints":{"allow":["GET"]}}],"collection":[{"href":"https:\/\/topa.be\/fr\/wp-json\/wp\/v2\/pages"}],"about":[{"href":"https:\/\/topa.be\/fr\/wp-json\/wp\/v2\/types\/page"}],"author":[{"embeddable":true,"href":"https:\/\/topa.be\/fr\/wp-json\/wp\/v2\/users\/16"}],"replies":[{"embeddable":true,"href":"https:\/\/topa.be\/fr\/wp-json\/wp\/v2\/comments?post=37977"}],"version-history":[{"count":3,"href":"https:\/\/topa.be\/fr\/wp-json\/wp\/v2\/pages\/37977\/revisions"}],"predecessor-version":[{"id":64439,"href":"https:\/\/topa.be\/fr\/wp-json\/wp\/v2\/pages\/37977\/revisions\/64439"}],"up":[{"embeddable":true,"href":"https:\/\/topa.be\/fr\/wp-json\/wp\/v2\/pages\/37852"}],"wp:attachment":[{"href":"https:\/\/topa.be\/fr\/wp-json\/wp\/v2\/media?parent=37977"}],"curies":[{"name":"wp","href":"https:\/\/api.w.org\/{rel}","templated":true}]}}