{"id":37975,"date":"2021-05-26T17:34:48","date_gmt":"2021-05-26T15:34:48","guid":{"rendered":"http:\/\/topa.be\/monumentale-kerken\/merksem-st-franciscus-van-assisi\/"},"modified":"2022-03-28T16:48:05","modified_gmt":"2022-03-28T14:48:05","slug":"merksem-st-franciscus-van-assisi","status":"publish","type":"page","link":"https:\/\/topa.be\/fr\/monumentale-kerken\/merksem-st-franciscus-van-assisi\/","title":{"rendered":"Merksem, \u00c9glise Saint-Fran\u00e7ois-d\u2019Assise"},"content":{"rendered":"\t\t<div data-elementor-type=\"wp-page\" data-elementor-id=\"37975\" class=\"elementor elementor-37975 elementor-34062\" data-elementor-post-type=\"page\">\n\t\t\t\t\t\t<section class=\"elementor-section elementor-top-section elementor-element elementor-element-e34e5e0 elementor-section-boxed elementor-section-height-default elementor-section-height-default\" data-id=\"e34e5e0\" data-element_type=\"section\" data-e-type=\"section\">\n\t\t\t\t\t\t<div class=\"elementor-container elementor-column-gap-default\">\n\t\t\t\t\t<div class=\"elementor-column elementor-col-100 elementor-top-column elementor-element elementor-element-4b21a8c\" data-id=\"4b21a8c\" data-element_type=\"column\" data-e-type=\"column\">\n\t\t\t<div class=\"elementor-widget-wrap elementor-element-populated\">\n\t\t\t\t\t\t<div class=\"elementor-element elementor-element-580aafe elementor-widget elementor-widget-heading\" data-id=\"580aafe\" data-element_type=\"widget\" data-e-type=\"widget\" data-widget_type=\"heading.default\">\n\t\t\t\t<div class=\"elementor-widget-container\">\n\t\t\t\t\t<h1 class=\"elementor-heading-title elementor-size-default\">Merksem, \u00c9glise Saint-Fran\u00e7ois-d\u2019Assise<\/h1>\t\t\t\t<\/div>\n\t\t\t\t<\/div>\n\t\t\t\t\t<\/div>\n\t\t<\/div>\n\t\t\t\t\t<\/div>\n\t\t<\/section>\n\t\t\t\t<section class=\"elementor-section elementor-top-section elementor-element elementor-element-8c850d3 elementor-section-boxed elementor-section-height-default elementor-section-height-default\" data-id=\"8c850d3\" data-element_type=\"section\" data-e-type=\"section\">\n\t\t\t\t\t\t<div class=\"elementor-container elementor-column-gap-default\">\n\t\t\t\t\t<div class=\"elementor-column elementor-col-50 elementor-top-column elementor-element elementor-element-7843c95\" data-id=\"7843c95\" data-element_type=\"column\" data-e-type=\"column\">\n\t\t\t<div class=\"elementor-widget-wrap elementor-element-populated\">\n\t\t\t\t\t\t<div class=\"elementor-element elementor-element-de72e70 elementor-widget elementor-widget-image\" data-id=\"de72e70\" data-element_type=\"widget\" data-e-type=\"widget\" data-widget_type=\"image.default\">\n\t\t\t\t<div class=\"elementor-widget-container\">\n\t\t\t\t\t\t\t\t\t\t\t\t\t\t\t\t<a href=\"https:\/\/topa.be\/wp-content\/uploads\/Merksem-Sint-Franciscus-Buiten.jpg\" data-elementor-open-lightbox=\"yes\" data-elementor-lightbox-title=\"Merksem Sint-Franciscus Buiten\" data-e-action-hash=\"#elementor-action%3Aaction%3Dlightbox%26settings%3DeyJpZCI6MjMzODAsInVybCI6Imh0dHBzOlwvXC90b3BhLmJlXC93cC1jb250ZW50XC91cGxvYWRzXC9NZXJrc2VtLVNpbnQtRnJhbmNpc2N1cy1CdWl0ZW4uanBnIn0%3D\">\n\t\t\t\t\t\t\t<img fetchpriority=\"high\" decoding=\"async\" width=\"800\" height=\"600\" src=\"https:\/\/topa.be\/wp-content\/uploads\/Merksem-Sint-Franciscus-Buiten.jpg\" class=\"attachment-large size-large wp-image-23380\" alt=\"\" srcset=\"https:\/\/topa.be\/wp-content\/uploads\/Merksem-Sint-Franciscus-Buiten.jpg 1024w, https:\/\/topa.be\/wp-content\/uploads\/Merksem-Sint-Franciscus-Buiten-300x225.jpg 300w, https:\/\/topa.be\/wp-content\/uploads\/Merksem-Sint-Franciscus-Buiten-200x150.jpg 200w, https:\/\/topa.be\/wp-content\/uploads\/Merksem-Sint-Franciscus-Buiten-768x576.jpg 768w\" sizes=\"(max-width: 800px) 100vw, 800px\" \/>\t\t\t\t\t\t\t\t<\/a>\n\t\t\t\t\t\t\t\t\t\t\t\t\t\t\t<\/div>\n\t\t\t\t<\/div>\n\t\t\t\t\t<\/div>\n\t\t<\/div>\n\t\t\t\t<div class=\"elementor-column elementor-col-50 elementor-top-column elementor-element elementor-element-201c43a\" data-id=\"201c43a\" data-element_type=\"column\" data-e-type=\"column\">\n\t\t\t<div class=\"elementor-widget-wrap elementor-element-populated\">\n\t\t\t\t\t\t<div class=\"elementor-element elementor-element-41ecff8 elementor-widget elementor-widget-image\" data-id=\"41ecff8\" data-element_type=\"widget\" data-e-type=\"widget\" data-widget_type=\"image.default\">\n\t\t\t\t<div class=\"elementor-widget-container\">\n\t\t\t\t\t\t\t\t\t\t\t\t\t\t\t\t<a href=\"https:\/\/topa.be\/wp-content\/uploads\/Merksem-Sint-Franciscus-Binnen.jpg\" data-elementor-open-lightbox=\"yes\" data-elementor-lightbox-title=\"Merksem-Sint-Franciscus-Binnen\" data-e-action-hash=\"#elementor-action%3Aaction%3Dlightbox%26settings%3DeyJpZCI6MjMzNjgsInVybCI6Imh0dHBzOlwvXC90b3BhLmJlXC93cC1jb250ZW50XC91cGxvYWRzXC9NZXJrc2VtLVNpbnQtRnJhbmNpc2N1cy1CaW5uZW4uanBnIn0%3D\">\n\t\t\t\t\t\t\t<img decoding=\"async\" width=\"800\" height=\"599\" src=\"https:\/\/topa.be\/wp-content\/uploads\/Merksem-Sint-Franciscus-Binnen.jpg\" class=\"attachment-large size-large wp-image-23368\" alt=\"\" srcset=\"https:\/\/topa.be\/wp-content\/uploads\/Merksem-Sint-Franciscus-Binnen.jpg 1024w, https:\/\/topa.be\/wp-content\/uploads\/Merksem-Sint-Franciscus-Binnen-300x225.jpg 300w, https:\/\/topa.be\/wp-content\/uploads\/Merksem-Sint-Franciscus-Binnen-200x150.jpg 200w, https:\/\/topa.be\/wp-content\/uploads\/Merksem-Sint-Franciscus-Binnen-768x575.jpg 768w\" sizes=\"(max-width: 800px) 100vw, 800px\" \/>\t\t\t\t\t\t\t\t<\/a>\n\t\t\t\t\t\t\t\t\t\t\t\t\t\t\t<\/div>\n\t\t\t\t<\/div>\n\t\t\t\t\t<\/div>\n\t\t<\/div>\n\t\t\t\t\t<\/div>\n\t\t<\/section>\n\t\t\t\t<section class=\"elementor-section elementor-top-section elementor-element elementor-element-6b1da35 elementor-section-boxed elementor-section-height-default elementor-section-height-default\" data-id=\"6b1da35\" data-element_type=\"section\" data-e-type=\"section\">\n\t\t\t\t\t\t<div class=\"elementor-container elementor-column-gap-default\">\n\t\t\t\t\t<div class=\"elementor-column elementor-col-100 elementor-top-column elementor-element elementor-element-81c3135\" data-id=\"81c3135\" data-element_type=\"column\" data-e-type=\"column\">\n\t\t\t<div class=\"elementor-widget-wrap elementor-element-populated\">\n\t\t\t\t\t\t<div class=\"elementor-element elementor-element-b5ae40b elementor-widget elementor-widget-text-editor\" data-id=\"b5ae40b\" data-element_type=\"widget\" data-e-type=\"widget\" data-widget_type=\"text-editor.default\">\n\t\t\t\t<div class=\"elementor-widget-container\">\n\t\t\t\t\t\t\t\t\t<p style=\"text-align: justify;\">\u00c9glise \u00e9clectique, construite en 1893-1896, par l\u2019architecte H. Blomme, en style n\u00e9o-roman tardif avec des \u00e9l\u00e9ments n\u00e9o-byzantins. Basilique en croix, orient\u00e9e. Autels, retables et mobilier de Pierre Peeters (1903), vitraux r\u00e9alis\u00e9s par Hochreiter &amp; Geyer (1909), Crespin &amp; Calders (1947), Steyaert (1910), Stalins (1912).<\/p>\n\t\t\t\t\t\t\t\t<\/div>\n\t\t\t\t<\/div>\n\t\t\t\t\t<\/div>\n\t\t<\/div>\n\t\t\t\t\t<\/div>\n\t\t<\/section>\n\t\t\t\t<section class=\"elementor-section elementor-top-section elementor-element elementor-element-4204d474 elementor-section-boxed elementor-section-height-default elementor-section-height-default\" data-id=\"4204d474\" data-element_type=\"section\" data-e-type=\"section\">\n\t\t\t\t\t\t<div class=\"elementor-container elementor-column-gap-default\">\n\t\t\t\t\t<div class=\"elementor-column elementor-col-100 elementor-top-column elementor-element elementor-element-578714e5\" data-id=\"578714e5\" data-element_type=\"column\" data-e-type=\"column\">\n\t\t\t<div class=\"elementor-widget-wrap elementor-element-populated\">\n\t\t\t\t\t\t<div class=\"elementor-element elementor-element-1c451769 elementor-widget elementor-widget-text-editor\" data-id=\"1c451769\" data-element_type=\"widget\" data-e-type=\"widget\" data-widget_type=\"text-editor.default\">\n\t\t\t\t<div class=\"elementor-widget-container\">\n\t\t\t\t\t\t\t\t\t<p style=\"text-align: justify;\">Sur <a href=\"https:\/\/goo.gl\/maps\/15VnxDphN8WqXX3TA\"><strong>CETTE CARTE<\/strong><\/a> vous pouvez d\u00e9terminer un itin\u00e9raire en fonction de votre moyen de transport.<br \/>\nEssayez aussi VELO-Antwerpen\u00a0:\u00a0<strong><a href=\"https:\/\/www.velo-antwerpen.be\/fr\">https:\/\/www.velo-antwerpen.be\/fr<\/a><\/strong><\/p>\n\t\t\t\t\t\t\t\t<\/div>\n\t\t\t\t<\/div>\n\t\t\t\t\t<\/div>\n\t\t<\/div>\n\t\t\t\t\t<\/div>\n\t\t<\/section>\n\t\t\t\t<section class=\"elementor-section elementor-top-section elementor-element elementor-element-8b96120 elementor-section-boxed elementor-section-height-default elementor-section-height-default\" data-id=\"8b96120\" data-element_type=\"section\" data-e-type=\"section\">\n\t\t\t\t\t\t<div class=\"elementor-container elementor-column-gap-default\">\n\t\t\t\t\t<div class=\"elementor-column elementor-col-50 elementor-top-column elementor-element elementor-element-52e585c\" data-id=\"52e585c\" data-element_type=\"column\" data-e-type=\"column\">\n\t\t\t<div class=\"elementor-widget-wrap\">\n\t\t\t\t\t\t\t<\/div>\n\t\t<\/div>\n\t\t\t\t<div class=\"elementor-column elementor-col-50 elementor-top-column elementor-element elementor-element-6d1fc96\" data-id=\"6d1fc96\" data-element_type=\"column\" data-e-type=\"column\">\n\t\t\t<div class=\"elementor-widget-wrap elementor-element-populated\">\n\t\t\t\t\t\t<div class=\"elementor-element elementor-element-9f291f4 elementor-widget elementor-widget-text-editor\" data-id=\"9f291f4\" data-element_type=\"widget\" data-e-type=\"widget\" data-widget_type=\"text-editor.default\">\n\t\t\t\t<div class=\"elementor-widget-container\">\n\t\t\t\t\t\t\t\t\t<p>.<\/p>\n\t\t\t\t\t\t\t\t<\/div>\n\t\t\t\t<\/div>\n\t\t\t\t\t<\/div>\n\t\t<\/div>\n\t\t\t\t\t<\/div>\n\t\t<\/section>\n\t\t\t\t<\/div>\n\t\t","protected":false},"excerpt":{"rendered":"<p>Merksem, \u00c9glise Saint-Fran\u00e7ois-d\u2019Assise \u00c9glise \u00e9clectique, construite en 1893-1896, par l\u2019architecte H. Blomme, en style n\u00e9o-roman tardif avec des \u00e9l\u00e9ments n\u00e9o-byzantins. Basilique en croix, orient\u00e9e. Autels, retables et mobilier de Pierre Peeters (1903), vitraux r\u00e9alis\u00e9s par Hochreiter &amp; Geyer (1909), Crespin &amp; Calders (1947), Steyaert (1910), Stalins (1912). Sur CETTE CARTE vous pouvez d\u00e9terminer un itin\u00e9raire [&hellip;]<\/p>\n","protected":false},"author":16,"featured_media":0,"parent":37852,"menu_order":290,"comment_status":"closed","ping_status":"closed","template":"","meta":{"footnotes":""},"class_list":["post-37975","page","type-page","status-publish","hentry"],"aioseo_notices":[],"_links":{"self":[{"href":"https:\/\/topa.be\/fr\/wp-json\/wp\/v2\/pages\/37975","targetHints":{"allow":["GET"]}}],"collection":[{"href":"https:\/\/topa.be\/fr\/wp-json\/wp\/v2\/pages"}],"about":[{"href":"https:\/\/topa.be\/fr\/wp-json\/wp\/v2\/types\/page"}],"author":[{"embeddable":true,"href":"https:\/\/topa.be\/fr\/wp-json\/wp\/v2\/users\/16"}],"replies":[{"embeddable":true,"href":"https:\/\/topa.be\/fr\/wp-json\/wp\/v2\/comments?post=37975"}],"version-history":[{"count":3,"href":"https:\/\/topa.be\/fr\/wp-json\/wp\/v2\/pages\/37975\/revisions"}],"predecessor-version":[{"id":64448,"href":"https:\/\/topa.be\/fr\/wp-json\/wp\/v2\/pages\/37975\/revisions\/64448"}],"up":[{"embeddable":true,"href":"https:\/\/topa.be\/fr\/wp-json\/wp\/v2\/pages\/37852"}],"wp:attachment":[{"href":"https:\/\/topa.be\/fr\/wp-json\/wp\/v2\/media?parent=37975"}],"curies":[{"name":"wp","href":"https:\/\/api.w.org\/{rel}","templated":true}]}}