{"id":37971,"date":"2021-05-26T17:32:48","date_gmt":"2021-05-26T15:32:48","guid":{"rendered":"http:\/\/topa.be\/monumentale-kerken\/kapel-olv-toevlucht\/"},"modified":"2022-07-12T11:00:15","modified_gmt":"2022-07-12T09:00:15","slug":"kapel-olv-toevlucht","status":"publish","type":"page","link":"https:\/\/topa.be\/fr\/monumentale-kerken\/kapel-olv-toevlucht\/","title":{"rendered":"Chapelle Notre-Dame-du-Refuge"},"content":{"rendered":"\t\t<div data-elementor-type=\"wp-page\" data-elementor-id=\"37971\" class=\"elementor elementor-37971 elementor-34074\" data-elementor-post-type=\"page\">\n\t\t\t\t\t\t<section class=\"elementor-section elementor-top-section elementor-element elementor-element-49fc104 elementor-section-boxed elementor-section-height-default elementor-section-height-default\" data-id=\"49fc104\" data-element_type=\"section\" data-e-type=\"section\">\n\t\t\t\t\t\t<div class=\"elementor-container elementor-column-gap-default\">\n\t\t\t\t\t<div class=\"elementor-column elementor-col-100 elementor-top-column elementor-element elementor-element-ab5fa59\" data-id=\"ab5fa59\" data-element_type=\"column\" data-e-type=\"column\">\n\t\t\t<div class=\"elementor-widget-wrap elementor-element-populated\">\n\t\t\t\t\t\t<div class=\"elementor-element elementor-element-e9e2a61 elementor-widget elementor-widget-heading\" data-id=\"e9e2a61\" data-element_type=\"widget\" data-e-type=\"widget\" data-widget_type=\"heading.default\">\n\t\t\t\t<div class=\"elementor-widget-container\">\n\t\t\t\t\t<h1 class=\"elementor-heading-title elementor-size-default\">Chapelle Notre-Dame-du-Refuge<\/h1>\t\t\t\t<\/div>\n\t\t\t\t<\/div>\n\t\t\t\t\t<\/div>\n\t\t<\/div>\n\t\t\t\t\t<\/div>\n\t\t<\/section>\n\t\t\t\t<section class=\"elementor-section elementor-top-section elementor-element elementor-element-634ba64 elementor-section-boxed elementor-section-height-default elementor-section-height-default\" data-id=\"634ba64\" data-element_type=\"section\" data-e-type=\"section\">\n\t\t\t\t\t\t<div class=\"elementor-container elementor-column-gap-default\">\n\t\t\t\t\t<div class=\"elementor-column elementor-col-100 elementor-top-column elementor-element elementor-element-4db0918\" data-id=\"4db0918\" data-element_type=\"column\" data-e-type=\"column\">\n\t\t\t<div class=\"elementor-widget-wrap elementor-element-populated\">\n\t\t\t\t\t\t<div class=\"elementor-element elementor-element-1d81ca6 elementor-widget elementor-widget-heading\" data-id=\"1d81ca6\" data-element_type=\"widget\" data-e-type=\"widget\" data-widget_type=\"heading.default\">\n\t\t\t\t<div class=\"elementor-widget-container\">\n\t\t\t\t\t<h2 class=\"elementor-heading-title elementor-size-default\">Aussi connue comme Chapelle des Cordonniers<\/h2>\t\t\t\t<\/div>\n\t\t\t\t<\/div>\n\t\t\t\t\t<\/div>\n\t\t<\/div>\n\t\t\t\t\t<\/div>\n\t\t<\/section>\n\t\t\t\t<section class=\"elementor-section elementor-top-section elementor-element elementor-element-c752c92 elementor-section-boxed elementor-section-height-default elementor-section-height-default\" data-id=\"c752c92\" data-element_type=\"section\" data-e-type=\"section\">\n\t\t\t\t\t\t<div class=\"elementor-container elementor-column-gap-default\">\n\t\t\t\t\t<div class=\"elementor-column elementor-col-50 elementor-top-column elementor-element elementor-element-4433233\" data-id=\"4433233\" data-element_type=\"column\" data-e-type=\"column\">\n\t\t\t<div class=\"elementor-widget-wrap elementor-element-populated\">\n\t\t\t\t\t\t<div class=\"elementor-element elementor-element-8fc4140 elementor-widget elementor-widget-image\" data-id=\"8fc4140\" data-element_type=\"widget\" data-e-type=\"widget\" data-widget_type=\"image.default\">\n\t\t\t\t<div class=\"elementor-widget-container\">\n\t\t\t\t\t\t\t\t\t\t\t\t\t\t\t\t<a href=\"https:\/\/topa.be\/wp-content\/uploads\/Antwerpen-Schoenmakerskapel-Buiten.jpg\" data-elementor-open-lightbox=\"yes\" data-elementor-lightbox-title=\"Antwerpen-Schoenmakerskapel-Buiten\" data-e-action-hash=\"#elementor-action%3Aaction%3Dlightbox%26settings%3DeyJpZCI6MTMzMDAsInVybCI6Imh0dHBzOlwvXC90b3BhLmJlXC93cC1jb250ZW50XC91cGxvYWRzXC9BbnR3ZXJwZW4tU2Nob2VubWFrZXJza2FwZWwtQnVpdGVuLmpwZyJ9\">\n\t\t\t\t\t\t\t<img fetchpriority=\"high\" decoding=\"async\" width=\"800\" height=\"449\" src=\"https:\/\/topa.be\/wp-content\/uploads\/Antwerpen-Schoenmakerskapel-Buiten.jpg\" class=\"attachment-large size-large wp-image-13300\" alt=\"\" srcset=\"https:\/\/topa.be\/wp-content\/uploads\/Antwerpen-Schoenmakerskapel-Buiten.jpg 1024w, https:\/\/topa.be\/wp-content\/uploads\/Antwerpen-Schoenmakerskapel-Buiten-300x168.jpg 300w, https:\/\/topa.be\/wp-content\/uploads\/Antwerpen-Schoenmakerskapel-Buiten-200x112.jpg 200w, https:\/\/topa.be\/wp-content\/uploads\/Antwerpen-Schoenmakerskapel-Buiten-768x431.jpg 768w\" sizes=\"(max-width: 800px) 100vw, 800px\" \/>\t\t\t\t\t\t\t\t<\/a>\n\t\t\t\t\t\t\t\t\t\t\t\t\t\t\t<\/div>\n\t\t\t\t<\/div>\n\t\t\t\t\t<\/div>\n\t\t<\/div>\n\t\t\t\t<div class=\"elementor-column elementor-col-50 elementor-top-column elementor-element elementor-element-c829949\" data-id=\"c829949\" data-element_type=\"column\" data-e-type=\"column\">\n\t\t\t<div class=\"elementor-widget-wrap elementor-element-populated\">\n\t\t\t\t\t\t<div class=\"elementor-element elementor-element-acaf8cf elementor-widget elementor-widget-image\" data-id=\"acaf8cf\" data-element_type=\"widget\" data-e-type=\"widget\" data-widget_type=\"image.default\">\n\t\t\t\t<div class=\"elementor-widget-container\">\n\t\t\t\t\t\t\t\t\t\t\t\t\t\t\t\t<a href=\"https:\/\/topa.be\/wp-content\/uploads\/Antwerpen-Schoenmakerskapel-Binnen.jpg\" data-elementor-open-lightbox=\"yes\" data-elementor-lightbox-title=\"Antwerpen-Schoenmakerskapel-Binnen\" data-e-action-hash=\"#elementor-action%3Aaction%3Dlightbox%26settings%3DeyJpZCI6MTMyODgsInVybCI6Imh0dHBzOlwvXC90b3BhLmJlXC93cC1jb250ZW50XC91cGxvYWRzXC9BbnR3ZXJwZW4tU2Nob2VubWFrZXJza2FwZWwtQmlubmVuLmpwZyJ9\">\n\t\t\t\t\t\t\t<img decoding=\"async\" width=\"800\" height=\"449\" src=\"https:\/\/topa.be\/wp-content\/uploads\/Antwerpen-Schoenmakerskapel-Binnen.jpg\" class=\"attachment-large size-large wp-image-13288\" alt=\"\" srcset=\"https:\/\/topa.be\/wp-content\/uploads\/Antwerpen-Schoenmakerskapel-Binnen.jpg 1024w, https:\/\/topa.be\/wp-content\/uploads\/Antwerpen-Schoenmakerskapel-Binnen-300x168.jpg 300w, https:\/\/topa.be\/wp-content\/uploads\/Antwerpen-Schoenmakerskapel-Binnen-200x112.jpg 200w, https:\/\/topa.be\/wp-content\/uploads\/Antwerpen-Schoenmakerskapel-Binnen-768x431.jpg 768w\" sizes=\"(max-width: 800px) 100vw, 800px\" \/>\t\t\t\t\t\t\t\t<\/a>\n\t\t\t\t\t\t\t\t\t\t\t\t\t\t\t<\/div>\n\t\t\t\t<\/div>\n\t\t\t\t\t<\/div>\n\t\t<\/div>\n\t\t\t\t\t<\/div>\n\t\t<\/section>\n\t\t\t\t<section class=\"elementor-section elementor-top-section elementor-element elementor-element-32de446 elementor-section-boxed elementor-section-height-default elementor-section-height-default\" data-id=\"32de446\" data-element_type=\"section\" data-e-type=\"section\">\n\t\t\t\t\t\t<div class=\"elementor-container elementor-column-gap-default\">\n\t\t\t\t\t<div class=\"elementor-column elementor-col-100 elementor-top-column elementor-element elementor-element-c8c17bf\" data-id=\"c8c17bf\" data-element_type=\"column\" data-e-type=\"column\">\n\t\t\t<div class=\"elementor-widget-wrap elementor-element-populated\">\n\t\t\t\t\t\t<div class=\"elementor-element elementor-element-7dfd890 elementor-widget elementor-widget-text-editor\" data-id=\"7dfd890\" data-element_type=\"widget\" data-e-type=\"widget\" data-widget_type=\"text-editor.default\">\n\t\t\t\t<div class=\"elementor-widget-container\">\n\t\t\t\t\t\t\t\t\t<p style=\"text-align: justify;\">Cher visiteur, soyez le bienvenu en cet oasis de paix et de pri\u00e8re au March\u00e9 \u00e0 Chaussures. De par sa localisation les Anversois l\u2019appellent affectueusement \u2018chapelle des Cordonniers\u2019. Elle n\u2019a pour autant rien \u00e0 voir avec cette corporation. Ce surnom, en diminutif, t\u00e9moigne de la sympathie que lui accordent beaucoup d\u2019Anversois. Le chapelle beigne dans une atmosph\u00e8re de d\u00e9votion populaire : des cierges y sont offerts quotidiennement ; l\u2019autel croule sous les fleurs ; le mur est tapiss\u00e9 d\u2019ex-voto. Tout cela parce que cette chapelle est consacr\u00e9e \u00e0 Marie, m\u00e8re de J\u00e9sus, avec comme titres officiels : Nativit\u00e9 de la Vierge ou Notre Dame du Refuge. Lieu de Refuge pour tous, sans distinction de besoin, de rang social, d\u2019\u00e2ge ou de m\u00e9tier. Du fait que jusque dans les ann\u00e9es 1970 quelques prostitu\u00e9es du centre-ville s\u2019y arr\u00eataient pour une courte pri\u00e8re, elle prit \u00e0 l\u2019\u00e9poque le surnom de \u2018chapelle des filles de joie\u2019.<\/p>\t\t\t\t\t\t\t\t<\/div>\n\t\t\t\t<\/div>\n\t\t\t\t<div class=\"elementor-element elementor-element-8ccf1e9 elementor-widget elementor-widget-text-editor\" data-id=\"8ccf1e9\" data-element_type=\"widget\" data-e-type=\"widget\" data-widget_type=\"text-editor.default\">\n\t\t\t\t<div class=\"elementor-widget-container\">\n\t\t\t\t\t\t\t\t\t<p style=\"text-align: justify;\"><em>C&rsquo;est \u00e0 notre grand regret que nous devons fermer la Schoenmakerskapel pour une dur\u00e9e ind\u00e9termin\u00e9e \u00e0 partir du 4 juillet 2022, car nous ne pouvons pas garantir suffisamment la s\u00e9curit\u00e9 dans la chapelle. Pendant la fermeture, nous effectuerons les travaux n\u00e9cessaires pour pouvoir rouvrir cet espace de d\u00e9votion en toute s\u00e9curit\u00e9.<\/em><\/p>\r\n<em>En attendant, chacun est invit\u00e9 \u00e0 venir \u00e0 la cath\u00e9drale pour allumer une bougie, prier ou c\u00e9l\u00e9brer une messe. Les c\u00e9l\u00e9brations auront lieu en semaine \u00e0 16h dans la V\u00e9n\u00e9rable Chapelle, le samedi \u00e0 16h et 17h30 (en anglais) dans la nef centrale, et le dimanche \u00e0 10h et 12h, \u00e9galement dans la nef centrale.<\/em>\t\t\t\t\t\t\t\t<\/div>\n\t\t\t\t<\/div>\n\t\t\t\t\t<\/div>\n\t\t<\/div>\n\t\t\t\t\t<\/div>\n\t\t<\/section>\n\t\t\t\t<section class=\"elementor-section elementor-top-section elementor-element elementor-element-31573f3e elementor-section-boxed elementor-section-height-default elementor-section-height-default\" data-id=\"31573f3e\" data-element_type=\"section\" data-e-type=\"section\">\n\t\t\t\t\t\t<div class=\"elementor-container elementor-column-gap-default\">\n\t\t\t\t\t<div class=\"elementor-column elementor-col-100 elementor-top-column elementor-element elementor-element-4231950d\" data-id=\"4231950d\" data-element_type=\"column\" data-e-type=\"column\">\n\t\t\t<div class=\"elementor-widget-wrap elementor-element-populated\">\n\t\t\t\t\t\t<div class=\"elementor-element elementor-element-3b0c6f2a elementor-widget elementor-widget-text-editor\" data-id=\"3b0c6f2a\" data-element_type=\"widget\" data-e-type=\"widget\" data-widget_type=\"text-editor.default\">\n\t\t\t\t<div class=\"elementor-widget-container\">\n\t\t\t\t\t\t\t\t\t<p style=\"text-align: justify;\">Sur <a href=\"https:\/\/goo.gl\/maps\/iC8vwRkmAAjgN1Bf6\"><strong>CETTE CARTE<\/strong><\/a> vous pouvez d\u00e9terminer un itin\u00e9raire en fonction de votre moyen de transport.\r\nEssayez aussi VELO-Antwerpen\u00a0:\u00a0<strong><a href=\"https:\/\/www.velo-antwerpen.be\/fr\">https:\/\/www.velo-antwerpen.be\/fr<\/a><\/strong><\/p>\t\t\t\t\t\t\t\t<\/div>\n\t\t\t\t<\/div>\n\t\t\t\t\t<\/div>\n\t\t<\/div>\n\t\t\t\t\t<\/div>\n\t\t<\/section>\n\t\t\t\t<section class=\"elementor-section elementor-top-section elementor-element elementor-element-2ef7790 elementor-section-boxed elementor-section-height-default elementor-section-height-default\" data-id=\"2ef7790\" data-element_type=\"section\" data-e-type=\"section\">\n\t\t\t\t\t\t<div class=\"elementor-container elementor-column-gap-default\">\n\t\t\t\t\t<div class=\"elementor-column elementor-col-50 elementor-top-column elementor-element elementor-element-b4370a9\" data-id=\"b4370a9\" data-element_type=\"column\" data-e-type=\"column\">\n\t\t\t<div class=\"elementor-widget-wrap elementor-element-populated\">\n\t\t\t\t\t\t<div class=\"elementor-element elementor-element-32987a3 elementor-widget elementor-widget-text-editor\" data-id=\"32987a3\" data-element_type=\"widget\" data-e-type=\"widget\" data-widget_type=\"text-editor.default\">\n\t\t\t\t<div class=\"elementor-widget-container\">\n\t\t\t\t\t\t\t\t\t<h2>Informations pratiques<\/h2>\r\n<strong>Ouverte \u00e0 la pri\u00e8re, \u00e0 la m\u00e9ditation, au silence<\/strong><strong>\r\n<\/strong>lundi \u2013 vendredi : 13h00 \u2013 16h00\r\nferm\u00e9e le samedi, dimanche et jours f\u00e9ri\u00e9s\r\n\r\n<strong>Info:<\/strong>\r\nPermanence: Schoenmarkt 8, 2000 Antwerpen\r\n+32 (0)3 231 53 63\t\t\t\t\t\t\t\t<\/div>\n\t\t\t\t<\/div>\n\t\t\t\t\t<\/div>\n\t\t<\/div>\n\t\t\t\t<div class=\"elementor-column elementor-col-50 elementor-top-column elementor-element elementor-element-9b7b820\" data-id=\"9b7b820\" data-element_type=\"column\" data-e-type=\"column\">\n\t\t\t<div class=\"elementor-widget-wrap elementor-element-populated\">\n\t\t\t\t\t\t<div class=\"elementor-element elementor-element-84f5c71 elementor-widget elementor-widget-text-editor\" data-id=\"84f5c71\" data-element_type=\"widget\" data-e-type=\"widget\" data-widget_type=\"text-editor.default\">\n\t\t\t\t<div class=\"elementor-widget-container\">\n\t\t\t\t\t\t\t\t\t.\t\t\t\t\t\t\t\t<\/div>\n\t\t\t\t<\/div>\n\t\t\t\t<div class=\"elementor-element elementor-element-efc7d3a elementor-widget elementor-widget-text-editor\" data-id=\"efc7d3a\" data-element_type=\"widget\" data-e-type=\"widget\" data-widget_type=\"text-editor.default\">\n\t\t\t\t<div class=\"elementor-widget-container\">\n\t\t\t\t\t\t\t\t\t.\t\t\t\t\t\t\t\t<\/div>\n\t\t\t\t<\/div>\n\t\t\t\t\t<\/div>\n\t\t<\/div>\n\t\t\t\t\t<\/div>\n\t\t<\/section>\n\t\t\t\t<\/div>\n\t\t","protected":false},"excerpt":{"rendered":"<p>Chapelle Notre-Dame-du-Refuge Aussi connue comme Chapelle des Cordonniers Cher visiteur, soyez le bienvenu en cet oasis de paix et de pri\u00e8re au March\u00e9 \u00e0 Chaussures. De par sa localisation les Anversois l\u2019appellent affectueusement \u2018chapelle des Cordonniers\u2019. Elle n\u2019a pour autant rien \u00e0 voir avec cette corporation. Ce surnom, en diminutif, t\u00e9moigne de la sympathie que [&hellip;]<\/p>\n","protected":false},"author":16,"featured_media":0,"parent":37852,"menu_order":410,"comment_status":"closed","ping_status":"closed","template":"","meta":{"footnotes":""},"class_list":["post-37971","page","type-page","status-publish","hentry"],"aioseo_notices":[],"_links":{"self":[{"href":"https:\/\/topa.be\/fr\/wp-json\/wp\/v2\/pages\/37971","targetHints":{"allow":["GET"]}}],"collection":[{"href":"https:\/\/topa.be\/fr\/wp-json\/wp\/v2\/pages"}],"about":[{"href":"https:\/\/topa.be\/fr\/wp-json\/wp\/v2\/types\/page"}],"author":[{"embeddable":true,"href":"https:\/\/topa.be\/fr\/wp-json\/wp\/v2\/users\/16"}],"replies":[{"embeddable":true,"href":"https:\/\/topa.be\/fr\/wp-json\/wp\/v2\/comments?post=37971"}],"version-history":[{"count":3,"href":"https:\/\/topa.be\/fr\/wp-json\/wp\/v2\/pages\/37971\/revisions"}],"predecessor-version":[{"id":65577,"href":"https:\/\/topa.be\/fr\/wp-json\/wp\/v2\/pages\/37971\/revisions\/65577"}],"up":[{"embeddable":true,"href":"https:\/\/topa.be\/fr\/wp-json\/wp\/v2\/pages\/37852"}],"wp:attachment":[{"href":"https:\/\/topa.be\/fr\/wp-json\/wp\/v2\/media?parent=37971"}],"curies":[{"name":"wp","href":"https:\/\/api.w.org\/{rel}","templated":true}]}}