{"id":37744,"date":"2021-05-24T16:28:43","date_gmt":"2021-05-24T14:28:43","guid":{"rendered":"http:\/\/topa.be\/qr15\/"},"modified":"2021-08-06T20:03:36","modified_gmt":"2021-08-06T18:03:36","slug":"qr15","status":"publish","type":"page","link":"https:\/\/topa.be\/fr\/st-andries\/qr-codes\/qr15\/","title":{"rendered":"SAK QR15 \u2013 Le martyre de Saint Andr\u00e9"},"content":{"rendered":"\t\t<div data-elementor-type=\"wp-page\" data-elementor-id=\"37744\" class=\"elementor elementor-37744 elementor-33676\" data-elementor-post-type=\"page\">\n\t\t\t\t\t\t<section class=\"elementor-section elementor-top-section elementor-element elementor-element-5015a1c elementor-section-boxed elementor-section-height-default elementor-section-height-default\" data-id=\"5015a1c\" data-element_type=\"section\" data-e-type=\"section\">\n\t\t\t\t\t\t<div class=\"elementor-container elementor-column-gap-default\">\n\t\t\t\t\t<div class=\"elementor-column elementor-col-66 elementor-top-column elementor-element elementor-element-330c8d6\" data-id=\"330c8d6\" data-element_type=\"column\" data-e-type=\"column\">\n\t\t\t<div class=\"elementor-widget-wrap elementor-element-populated\">\n\t\t\t\t\t\t<div class=\"elementor-element elementor-element-5eea462 elementor-widget elementor-widget-heading\" data-id=\"5eea462\" data-element_type=\"widget\" data-e-type=\"widget\" data-widget_type=\"heading.default\">\n\t\t\t\t<div class=\"elementor-widget-container\">\n\t\t\t\t\t<h2 class=\"elementor-heading-title elementor-size-default\">L\u2019\u00e9glise Saint-Andr\u00e9 d\u2019Anvers<\/h2>\t\t\t\t<\/div>\n\t\t\t\t<\/div>\n\t\t\t\t<div class=\"elementor-element elementor-element-7c86922 elementor-widget elementor-widget-heading\" data-id=\"7c86922\" data-element_type=\"widget\" data-e-type=\"widget\" data-widget_type=\"heading.default\">\n\t\t\t\t<div class=\"elementor-widget-container\">\n\t\t\t\t\t<h2 class=\"elementor-heading-title elementor-size-default\">Le martyre de Saint-Andr\u00e9<\/h2>\t\t\t\t<\/div>\n\t\t\t\t<\/div>\n\t\t\t\t<div class=\"elementor-element elementor-element-25e3500 elementor-widget elementor-widget-text-editor\" data-id=\"25e3500\" data-element_type=\"widget\" data-e-type=\"widget\" data-widget_type=\"text-editor.default\">\n\t\t\t\t<div class=\"elementor-widget-container\">\n\t\t\t\t\t\t\t\t\t<p style=\"text-align: justify;\">Peinture, Otto Van Veen, 1594-1599\u00a0; avec le\u00a0<em>modello<\/em>\u00a0au tr\u00e9sor<\/p>\n<p style=\"text-align: justify;\">Au cours de la campagne de restauration qui a suivi l\u2019Iconoclasme, l\u2019attention s\u2019est surtout concentr\u00e9e sur le nouveau ma\u00eetre-autel dans la nef. Comme il se doit avec la Contre-R\u00e9forme, le saint patron est g\u00e9n\u00e9reusement (437 x 287 cm) repr\u00e9sent\u00e9 en martyre h\u00e9ro\u00efque. En 1594, un contrat est sign\u00e9 avec Otto Van Veen, l\u2019artiste peintre qui jouissait \u00e0 l\u2019\u00e9poque d\u2019une grande autorit\u00e9 \u00e0 Anvers et qui accueillit cette m\u00eame ann\u00e9e P.P. Rubens en apprentissage. L\u2019accord fut conclu sur la base du modello d\u00e9taill\u00e9 en couleurs r\u00e9alis\u00e9 de la main de Van Veen qui est, depuis 2006, \u00e0 nouveau en possession de la fabrique d\u2019\u00e9glise. Nous vous sugg\u00e9rons de comparer le grand tableau avec ce modello qui se trouve dans le tr\u00e9sor de l\u2019\u00e9glise. Ce \u00abmodello\u00bb montre des d\u00e9tails vivants et color\u00e9s en contraste frappant avec le travail final, lequel a plus tard\u00a0 \u00e9t\u00e9 coll\u00e9, surpeint et reformat\u00e9, perdant ainsi beaucoup de sa fra\u00eecheur. Dommage, surtout quand on sait que le jeune Rubens en tant qu\u2019\u00e9l\u00e8ve et plus tard en tant que partenaire, a plus que probablement contribu\u00e9 \u00e0 sa cr\u00e9ation.<\/p>\n<p style=\"text-align: justify;\">Les deux pi\u00e8ces de la pr\u00e9delle repr\u00e9sentent les deux versions du r\u00e9cit de la vocation du saint patron. Sur le panneau de gauche Andr\u00e9 et son fr\u00e8re Pierre \u2013 selon les \u00e9vangiles synoptiques \u2013 abandonnent leurs filets de p\u00eache pour suivre J\u00e9sus (Mt. 4:18-20). Leurs regards sont tous deux path\u00e9tiques, refl\u00e9tant leur \u00e9tat de fascination. Sur le panneau de droite Andr\u00e9 \u2013 selon Joh.1:35-40 \u2013 suit J\u00e9sus avec un autre disciple.<\/p>\n<p style=\"text-align: justify;\">Andr\u00e9, ap\u00f4tre de la Turquie actuelle et de la Gr\u00e8ce, meurt martyris\u00e9 vers 66 \u00e0 Patras. La sc\u00e8ne pr\u00eate \u00e0 confusion\u00a0: la main droite tendue du proconsul romain ne donne pas l\u2019ordre de crucifier l\u2019ap\u00f4tre, mais bien de d\u00e9livrer Andr\u00e9 de la croix ! La tradition veut que, sous la pression de la foule, il r\u00e9voque sa premi\u00e8re d\u00e9cision. Les soldats ne dressent donc pas la croix,\u00a0 et sont d\u00e9j\u00e0 occup\u00e9s \u00e0 le d\u00e9tacher, mais, h\u00e9las, il est trop tard. Saint-Andr\u00e9 succombera, entour\u00e9 d\u2019un halo de lumi\u00e8re divine, signe de la pr\u00e9sence de Dieu. Il semble que le fait de pressentir la joie de retrouver Dieu pour toujours lui ait fait oublier la douleur du martyre. Les anges offrent symboliquement \u00e0 Saint Andr\u00e9 la r\u00e9compense c\u00e9leste ce qui a pour effet de donner \u00e0 l\u2019immense croix hiss\u00e9e du martyre la dimension d\u2019un troph\u00e9e.<\/p>\n<p style=\"text-align: justify;\">Quand vers 1638 P.P. Rubens peint un tableau sur le m\u00eame th\u00e8me pour la chapelle de la fondation flamande \u00e0 Madrid, il avait ind\u00e9niablement l\u2019\u0153uvre de son vieux ma\u00eetre en t\u00eate. Il est \u00e9tonnant de relever \u00e0 quel point une comparaison s\u2019impose entre cette \u0153uvre et la c\u00e9l\u00e8bre\u00a0<em>\u00c9rection de la Croix<\/em>\u00a0de Rubens qui se trouve d\u00e9sormais dans la Cath\u00e9drale Notre-Dame \u00e0 Anvers : dans sa composition bien s\u00fbr, mais aussi dans les personnages, \u00e0 l\u2019instar de l\u2019enfant nu pr\u00e8s des femmes en pleurs au premier plan. Ce qui n\u2019est encore qu\u2019un chien glapissant chez Van Veen est devenu chez Rubens un solide animal.<\/p>\n\t\t\t\t\t\t\t\t<\/div>\n\t\t\t\t<\/div>\n\t\t\t\t<div class=\"elementor-element elementor-element-013f680 elementor-widget elementor-widget-button\" data-id=\"013f680\" data-element_type=\"widget\" data-e-type=\"widget\" data-widget_type=\"button.default\">\n\t\t\t\t<div class=\"elementor-widget-container\">\n\t\t\t\t\t\t\t\t\t<div class=\"elementor-button-wrapper\">\n\t\t\t\t\t<a class=\"elementor-button elementor-button-link elementor-size-sm\" href=\"http:\/\/topa.be\/en\/st-andries\/beschrijving\/oude-hoofdaltaar\/\">\n\t\t\t\t\t\t<span class=\"elementor-button-content-wrapper\">\n\t\t\t\t\t\t<span class=\"elementor-button-icon\">\n\t\t\t\t<i aria-hidden=\"true\" class=\"fas fa-book-reader\"><\/i>\t\t\t<\/span>\n\t\t\t\t\t\t\t\t\t<span class=\"elementor-button-text\">Read more?<\/span>\n\t\t\t\t\t<\/span>\n\t\t\t\t\t<\/a>\n\t\t\t\t<\/div>\n\t\t\t\t\t\t\t\t<\/div>\n\t\t\t\t<\/div>\n\t\t\t\t\t<\/div>\n\t\t<\/div>\n\t\t\t\t<div class=\"elementor-column elementor-col-33 elementor-top-column elementor-element elementor-element-7dc54e3\" data-id=\"7dc54e3\" data-element_type=\"column\" data-e-type=\"column\">\n\t\t\t<div class=\"elementor-widget-wrap elementor-element-populated\">\n\t\t\t\t\t\t<div class=\"elementor-element elementor-element-321e8cf elementor-nav-menu--dropdown-tablet elementor-nav-menu__text-align-aside elementor-nav-menu--toggle elementor-nav-menu--burger elementor-widget elementor-widget-nav-menu\" data-id=\"321e8cf\" data-element_type=\"widget\" data-e-type=\"widget\" data-settings=\"{&quot;layout&quot;:&quot;vertical&quot;,&quot;submenu_icon&quot;:{&quot;value&quot;:&quot;&lt;i class=\\&quot;fas fa-caret-down\\&quot; aria-hidden=\\&quot;true\\&quot;&gt;&lt;\\\/i&gt;&quot;,&quot;library&quot;:&quot;fa-solid&quot;},&quot;toggle&quot;:&quot;burger&quot;}\" data-widget_type=\"nav-menu.default\">\n\t\t\t\t<div class=\"elementor-widget-container\">\n\t\t\t\t\t\t\t\t<nav aria-label=\"Menu\" class=\"elementor-nav-menu--main elementor-nav-menu__container elementor-nav-menu--layout-vertical e--pointer-framed e--animation-fade\">\n\t\t\t\t<ul id=\"menu-1-321e8cf\" class=\"elementor-nav-menu sm-vertical\"><li class=\"menu-item menu-item-type-post_type menu-item-object-page menu-item-60166\"><a href=\"https:\/\/topa.be\/fr\/st-andries\/qr-codes\/qr01\/\" class=\"elementor-item\">QR01 \u2013 \u00c9glise Saint-Andr\u00e9 \u2013 introduction<\/a><\/li>\n<li class=\"menu-item menu-item-type-post_type menu-item-object-page menu-item-60167\"><a href=\"https:\/\/topa.be\/fr\/st-andries\/qr-codes\/qr02\/\" class=\"elementor-item\">QR02 \u2013 L\u2019histoire<\/a><\/li>\n<li class=\"menu-item menu-item-type-post_type menu-item-object-page menu-item-60211\"><a href=\"https:\/\/topa.be\/fr\/st-andries\/qr-codes\/qr03\/\" class=\"elementor-item\">QR03 \u2013 La tour<\/a><\/li>\n<li class=\"menu-item menu-item-type-post_type menu-item-object-page menu-item-60212\"><a href=\"https:\/\/topa.be\/fr\/st-andries\/qr-codes\/qr04\/\" class=\"elementor-item\">QR04 \u2013 L\u2019int\u00e9rieur<\/a><\/li>\n<li class=\"menu-item menu-item-type-post_type menu-item-object-page menu-item-60213\"><a href=\"https:\/\/topa.be\/fr\/st-andries\/qr-codes\/qr05\/\" class=\"elementor-item\">QR05 \u2013 La chaire de v\u00e9rit\u00e9<\/a><\/li>\n<li class=\"menu-item menu-item-type-post_type menu-item-object-page menu-item-60214\"><a href=\"https:\/\/topa.be\/fr\/st-andries\/qr-codes\/qr06\/\" class=\"elementor-item\">QR06 \u2013 Les autels lat\u00e9raux<\/a><\/li>\n<li class=\"menu-item menu-item-type-post_type menu-item-object-page menu-item-60215\"><a href=\"https:\/\/topa.be\/fr\/st-andries\/qr-codes\/qr07\/\" class=\"elementor-item\">QR07 \u2013 Le Cours de la Vie<\/a><\/li>\n<li class=\"menu-item menu-item-type-post_type menu-item-object-page menu-item-60216\"><a href=\"https:\/\/topa.be\/fr\/st-andries\/qr-codes\/qr08\/\" class=\"elementor-item\">QR08 \u2013 \u00c9pitaphe des augustins<\/a><\/li>\n<li class=\"menu-item menu-item-type-post_type menu-item-object-page menu-item-60217\"><a href=\"https:\/\/topa.be\/fr\/st-andries\/qr-codes\/qr09\/\" class=\"elementor-item\">QR09 \u2013 L\u2019autel Saint-Eloy des monnayeurs<\/a><\/li>\n<li class=\"menu-item menu-item-type-post_type menu-item-object-page menu-item-60218\"><a href=\"https:\/\/topa.be\/fr\/st-andries\/qr-codes\/qr10\/\" class=\"elementor-item\">QR10 \u2013 La salle du tr\u00e9sor<\/a><\/li>\n<li class=\"menu-item menu-item-type-post_type menu-item-object-page menu-item-60219\"><a href=\"https:\/\/topa.be\/fr\/st-andries\/qr-codes\/qr11\/\" class=\"elementor-item\">QR11 \u2013 La chapelle Mariale<\/a><\/li>\n<li class=\"menu-item menu-item-type-post_type menu-item-object-page menu-item-60220\"><a href=\"https:\/\/topa.be\/fr\/st-andries\/qr-codes\/qr12\/\" class=\"elementor-item\">QR12 \u2013 La confr\u00e9rie des \u00c2mes Croyantes<\/a><\/li>\n<li class=\"menu-item menu-item-type-post_type menu-item-object-page menu-item-60255\"><a href=\"https:\/\/topa.be\/fr\/st-andries\/qr-codes\/qr13\/\" class=\"elementor-item\">QR13 \u2013 La statue de Saint Pierre<\/a><\/li>\n<li class=\"menu-item menu-item-type-post_type menu-item-object-page menu-item-60256\"><a href=\"https:\/\/topa.be\/fr\/st-andries\/qr-codes\/qr14\/\" class=\"elementor-item\">QR14 \u2013 Le ma\u00eetre-autel<\/a><\/li>\n<li class=\"menu-item menu-item-type-post_type menu-item-object-page menu-item-60257\"><a href=\"https:\/\/topa.be\/fr\/st-andries\/qr-codes\/qr15\/\" class=\"elementor-item\">QR15 \u2013 Le martyre de Saint Andr\u00e9<\/a><\/li>\n<li class=\"menu-item menu-item-type-post_type menu-item-object-page menu-item-60258\"><a href=\"https:\/\/topa.be\/fr\/st-andries\/qr-codes\/qr16\/\" class=\"elementor-item\">QR16 \u2013 Le ch\u0153ur<\/a><\/li>\n<li class=\"menu-item menu-item-type-post_type menu-item-object-page menu-item-60259\"><a href=\"https:\/\/topa.be\/fr\/st-andries\/qr-codes\/qr17\/\" class=\"elementor-item\">QR17 \u2013 La Chapelle du tr\u00e8s Saint Sacrement<\/a><\/li>\n<li class=\"menu-item menu-item-type-post_type menu-item-object-page menu-item-60260\"><a href=\"https:\/\/topa.be\/fr\/st-andries\/qr-codes\/qr18\/\" class=\"elementor-item\">QR18 \u2013 L\u2019\u00e9pitaphe des dames d\u2019honneur de Mary Stuart<\/a><\/li>\n<li class=\"menu-item menu-item-type-post_type menu-item-object-page menu-item-60261\"><a href=\"https:\/\/topa.be\/fr\/st-andries\/qr-codes\/qr19\/\" class=\"elementor-item\">QR19 \u2013 Qu\u2019est-ce que la v\u00e9rit\u00e9 ?<\/a><\/li>\n<li class=\"menu-item menu-item-type-post_type menu-item-object-page menu-item-60262\"><a href=\"https:\/\/topa.be\/fr\/st-andries\/qr-codes\/qr20\/\" class=\"elementor-item\">QR20 \u2013 Le sac de frappe<\/a><\/li>\n<\/ul>\t\t\t<\/nav>\n\t\t\t\t\t<div class=\"elementor-menu-toggle\" role=\"button\" tabindex=\"0\" aria-label=\"Permuter le menu\" aria-expanded=\"false\">\n\t\t\t<i aria-hidden=\"true\" role=\"presentation\" class=\"elementor-menu-toggle__icon--open eicon-menu-bar\"><\/i><i aria-hidden=\"true\" role=\"presentation\" class=\"elementor-menu-toggle__icon--close eicon-close\"><\/i>\t\t<\/div>\n\t\t\t\t\t<nav class=\"elementor-nav-menu--dropdown elementor-nav-menu__container\" aria-hidden=\"true\">\n\t\t\t\t<ul id=\"menu-2-321e8cf\" class=\"elementor-nav-menu sm-vertical\"><li class=\"menu-item menu-item-type-post_type menu-item-object-page menu-item-60166\"><a href=\"https:\/\/topa.be\/fr\/st-andries\/qr-codes\/qr01\/\" class=\"elementor-item\" tabindex=\"-1\">QR01 \u2013 \u00c9glise Saint-Andr\u00e9 \u2013 introduction<\/a><\/li>\n<li class=\"menu-item menu-item-type-post_type menu-item-object-page menu-item-60167\"><a href=\"https:\/\/topa.be\/fr\/st-andries\/qr-codes\/qr02\/\" class=\"elementor-item\" tabindex=\"-1\">QR02 \u2013 L\u2019histoire<\/a><\/li>\n<li class=\"menu-item menu-item-type-post_type menu-item-object-page menu-item-60211\"><a href=\"https:\/\/topa.be\/fr\/st-andries\/qr-codes\/qr03\/\" class=\"elementor-item\" tabindex=\"-1\">QR03 \u2013 La tour<\/a><\/li>\n<li class=\"menu-item menu-item-type-post_type menu-item-object-page menu-item-60212\"><a href=\"https:\/\/topa.be\/fr\/st-andries\/qr-codes\/qr04\/\" class=\"elementor-item\" tabindex=\"-1\">QR04 \u2013 L\u2019int\u00e9rieur<\/a><\/li>\n<li class=\"menu-item menu-item-type-post_type menu-item-object-page menu-item-60213\"><a href=\"https:\/\/topa.be\/fr\/st-andries\/qr-codes\/qr05\/\" class=\"elementor-item\" tabindex=\"-1\">QR05 \u2013 La chaire de v\u00e9rit\u00e9<\/a><\/li>\n<li class=\"menu-item menu-item-type-post_type menu-item-object-page menu-item-60214\"><a href=\"https:\/\/topa.be\/fr\/st-andries\/qr-codes\/qr06\/\" class=\"elementor-item\" tabindex=\"-1\">QR06 \u2013 Les autels lat\u00e9raux<\/a><\/li>\n<li class=\"menu-item menu-item-type-post_type menu-item-object-page menu-item-60215\"><a href=\"https:\/\/topa.be\/fr\/st-andries\/qr-codes\/qr07\/\" class=\"elementor-item\" tabindex=\"-1\">QR07 \u2013 Le Cours de la Vie<\/a><\/li>\n<li class=\"menu-item menu-item-type-post_type menu-item-object-page menu-item-60216\"><a href=\"https:\/\/topa.be\/fr\/st-andries\/qr-codes\/qr08\/\" class=\"elementor-item\" tabindex=\"-1\">QR08 \u2013 \u00c9pitaphe des augustins<\/a><\/li>\n<li class=\"menu-item menu-item-type-post_type menu-item-object-page menu-item-60217\"><a href=\"https:\/\/topa.be\/fr\/st-andries\/qr-codes\/qr09\/\" class=\"elementor-item\" tabindex=\"-1\">QR09 \u2013 L\u2019autel Saint-Eloy des monnayeurs<\/a><\/li>\n<li class=\"menu-item menu-item-type-post_type menu-item-object-page menu-item-60218\"><a href=\"https:\/\/topa.be\/fr\/st-andries\/qr-codes\/qr10\/\" class=\"elementor-item\" tabindex=\"-1\">QR10 \u2013 La salle du tr\u00e9sor<\/a><\/li>\n<li class=\"menu-item menu-item-type-post_type menu-item-object-page menu-item-60219\"><a href=\"https:\/\/topa.be\/fr\/st-andries\/qr-codes\/qr11\/\" class=\"elementor-item\" tabindex=\"-1\">QR11 \u2013 La chapelle Mariale<\/a><\/li>\n<li class=\"menu-item menu-item-type-post_type menu-item-object-page menu-item-60220\"><a href=\"https:\/\/topa.be\/fr\/st-andries\/qr-codes\/qr12\/\" class=\"elementor-item\" tabindex=\"-1\">QR12 \u2013 La confr\u00e9rie des \u00c2mes Croyantes<\/a><\/li>\n<li class=\"menu-item menu-item-type-post_type menu-item-object-page menu-item-60255\"><a href=\"https:\/\/topa.be\/fr\/st-andries\/qr-codes\/qr13\/\" class=\"elementor-item\" tabindex=\"-1\">QR13 \u2013 La statue de Saint Pierre<\/a><\/li>\n<li class=\"menu-item menu-item-type-post_type menu-item-object-page menu-item-60256\"><a href=\"https:\/\/topa.be\/fr\/st-andries\/qr-codes\/qr14\/\" class=\"elementor-item\" tabindex=\"-1\">QR14 \u2013 Le ma\u00eetre-autel<\/a><\/li>\n<li class=\"menu-item menu-item-type-post_type menu-item-object-page menu-item-60257\"><a href=\"https:\/\/topa.be\/fr\/st-andries\/qr-codes\/qr15\/\" class=\"elementor-item\" tabindex=\"-1\">QR15 \u2013 Le martyre de Saint Andr\u00e9<\/a><\/li>\n<li class=\"menu-item menu-item-type-post_type menu-item-object-page menu-item-60258\"><a href=\"https:\/\/topa.be\/fr\/st-andries\/qr-codes\/qr16\/\" class=\"elementor-item\" tabindex=\"-1\">QR16 \u2013 Le ch\u0153ur<\/a><\/li>\n<li class=\"menu-item menu-item-type-post_type menu-item-object-page menu-item-60259\"><a href=\"https:\/\/topa.be\/fr\/st-andries\/qr-codes\/qr17\/\" class=\"elementor-item\" tabindex=\"-1\">QR17 \u2013 La Chapelle du tr\u00e8s Saint Sacrement<\/a><\/li>\n<li class=\"menu-item menu-item-type-post_type menu-item-object-page menu-item-60260\"><a href=\"https:\/\/topa.be\/fr\/st-andries\/qr-codes\/qr18\/\" class=\"elementor-item\" tabindex=\"-1\">QR18 \u2013 L\u2019\u00e9pitaphe des dames d\u2019honneur de Mary Stuart<\/a><\/li>\n<li class=\"menu-item menu-item-type-post_type menu-item-object-page menu-item-60261\"><a href=\"https:\/\/topa.be\/fr\/st-andries\/qr-codes\/qr19\/\" class=\"elementor-item\" tabindex=\"-1\">QR19 \u2013 Qu\u2019est-ce que la v\u00e9rit\u00e9 ?<\/a><\/li>\n<li class=\"menu-item menu-item-type-post_type menu-item-object-page menu-item-60262\"><a href=\"https:\/\/topa.be\/fr\/st-andries\/qr-codes\/qr20\/\" class=\"elementor-item\" tabindex=\"-1\">QR20 \u2013 Le sac de frappe<\/a><\/li>\n<\/ul>\t\t\t<\/nav>\n\t\t\t\t\t\t<\/div>\n\t\t\t\t<\/div>\n\t\t\t\t\t<\/div>\n\t\t<\/div>\n\t\t\t\t\t<\/div>\n\t\t<\/section>\n\t\t\t\t<\/div>\n\t\t","protected":false},"excerpt":{"rendered":"<p>L\u2019\u00e9glise Saint-Andr\u00e9 d\u2019Anvers Le martyre de Saint-Andr\u00e9 Peinture, Otto Van Veen, 1594-1599\u00a0; avec le\u00a0modello\u00a0au tr\u00e9sor Au cours de la campagne de restauration qui a suivi l\u2019Iconoclasme, l\u2019attention s\u2019est surtout concentr\u00e9e sur le nouveau ma\u00eetre-autel dans la nef. Comme il se doit avec la Contre-R\u00e9forme, le saint patron est g\u00e9n\u00e9reusement (437 x 287 cm) repr\u00e9sent\u00e9 en [&hellip;]<\/p>\n","protected":false},"author":16,"featured_media":0,"parent":38095,"menu_order":150,"comment_status":"closed","ping_status":"closed","template":"","meta":{"footnotes":""},"class_list":["post-37744","page","type-page","status-publish","hentry"],"aioseo_notices":[],"_links":{"self":[{"href":"https:\/\/topa.be\/fr\/wp-json\/wp\/v2\/pages\/37744","targetHints":{"allow":["GET"]}}],"collection":[{"href":"https:\/\/topa.be\/fr\/wp-json\/wp\/v2\/pages"}],"about":[{"href":"https:\/\/topa.be\/fr\/wp-json\/wp\/v2\/types\/page"}],"author":[{"embeddable":true,"href":"https:\/\/topa.be\/fr\/wp-json\/wp\/v2\/users\/16"}],"replies":[{"embeddable":true,"href":"https:\/\/topa.be\/fr\/wp-json\/wp\/v2\/comments?post=37744"}],"version-history":[{"count":3,"href":"https:\/\/topa.be\/fr\/wp-json\/wp\/v2\/pages\/37744\/revisions"}],"predecessor-version":[{"id":51504,"href":"https:\/\/topa.be\/fr\/wp-json\/wp\/v2\/pages\/37744\/revisions\/51504"}],"up":[{"embeddable":true,"href":"https:\/\/topa.be\/fr\/wp-json\/wp\/v2\/pages\/38095"}],"wp:attachment":[{"href":"https:\/\/topa.be\/fr\/wp-json\/wp\/v2\/media?parent=37744"}],"curies":[{"name":"wp","href":"https:\/\/api.w.org\/{rel}","templated":true}]}}