{"id":37740,"date":"2021-05-24T16:26:48","date_gmt":"2021-05-24T14:26:48","guid":{"rendered":"http:\/\/topa.be\/qr18\/"},"modified":"2021-11-15T11:38:38","modified_gmt":"2021-11-15T10:38:38","slug":"qr18","status":"publish","type":"page","link":"https:\/\/topa.be\/fr\/st-andries\/qr-codes\/qr18\/","title":{"rendered":"SAK QR18 \u2013 L\u2019\u00e9pitaphe des dames d\u2019honneur de Mary Stuart"},"content":{"rendered":"\t\t<div data-elementor-type=\"wp-page\" data-elementor-id=\"37740\" class=\"elementor elementor-37740 elementor-33682\" data-elementor-post-type=\"page\">\n\t\t\t\t\t\t<section class=\"elementor-section elementor-top-section elementor-element elementor-element-b9549ab elementor-section-boxed elementor-section-height-default elementor-section-height-default\" data-id=\"b9549ab\" data-element_type=\"section\" data-e-type=\"section\">\n\t\t\t\t\t\t<div class=\"elementor-container elementor-column-gap-default\">\n\t\t\t\t\t<div class=\"elementor-column elementor-col-66 elementor-top-column elementor-element elementor-element-94042ee\" data-id=\"94042ee\" data-element_type=\"column\" data-e-type=\"column\">\n\t\t\t<div class=\"elementor-widget-wrap elementor-element-populated\">\n\t\t\t\t\t\t<div class=\"elementor-element elementor-element-c0b9d65 elementor-widget elementor-widget-heading\" data-id=\"c0b9d65\" data-element_type=\"widget\" data-e-type=\"widget\" data-widget_type=\"heading.default\">\n\t\t\t\t<div class=\"elementor-widget-container\">\n\t\t\t\t\t<h2 class=\"elementor-heading-title elementor-size-default\">L\u2019\u00e9glise Saint-Andr\u00e9 d\u2019Anvers<\/h2>\t\t\t\t<\/div>\n\t\t\t\t<\/div>\n\t\t\t\t<div class=\"elementor-element elementor-element-10ade90 elementor-widget elementor-widget-heading\" data-id=\"10ade90\" data-element_type=\"widget\" data-e-type=\"widget\" data-widget_type=\"heading.default\">\n\t\t\t\t<div class=\"elementor-widget-container\">\n\t\t\t\t\t<h2 class=\"elementor-heading-title elementor-size-default\">L\u2019\u00e9pitaphe des dames d\u2019honneur de Mary Stuart<\/h2>\t\t\t\t<\/div>\n\t\t\t\t<\/div>\n\t\t\t\t<div class=\"elementor-element elementor-element-2aba3bf elementor-widget elementor-widget-text-editor\" data-id=\"2aba3bf\" data-element_type=\"widget\" data-e-type=\"widget\" data-widget_type=\"text-editor.default\">\n\t\t\t\t<div class=\"elementor-widget-container\">\n\t\t\t\t\t\t\t\t\t<p style=\"text-align: justify;\">en alb\u00e2tre, Robrecht et Jan Colyns de Nole ,1620\u00a0; portrait attribu\u00e9 \u00e0 Pourbus le Jeune<\/p>\n<p style=\"text-align: justify;\">Un flot r\u00e9gulier de visiteurs britanniques vient voir cette \u00e9glise pour l\u2019\u00e9pitaphe d\u2019\u00c9lisabeth Curie (\u2020 1620) et de sa belle-s\u0153ur Barbara Moubray (\u2020 1616), toutes deux jadis dames d\u2019honneur de Mary Stuart. La reine catholique \u00e9cossaise, qui revendiquait \u00e9galement le tr\u00f4ne d\u2019Angleterre, a \u00e9t\u00e9, apr\u00e8s 19 ans de captivit\u00e9, d\u00e9capit\u00e9e \u00e0 l\u2019\u00e2ge de 45 ans sur ordre d\u2019\u00c9lisabeth I en 1587. Les deux cames d\u2019honneur fuirent le pays, \u00e0 l\u2019instar de nombreux compatriotes catholiques, et arriv\u00e8rent \u00e0 Anvers aux alentours de 1589. Elles trouv\u00e8rent asile \u00e0 l\u2019ombre de l\u2019\u00e9glise qui est vou\u00e9e au m\u00eame saint patron que l\u2019Ecosse.<\/p>\n<p style=\"text-align: justify;\">Le j\u00e9suite Hippolyte Curie, fils de Barbara Moubray, passe commande en 1620, conform\u00e9ment aux derni\u00e8res volont\u00e9s des deux dames, de cette \u00e9pitaphe en marbre noir, qui est accroch\u00e9 \u00e0 c\u00f4t\u00e9 de leur tombe (aujourd\u2019hui disparue). On attribue souvent, sans que cela soit fond\u00e9, la paternit\u00e9 de cette sculpture en alb\u00e2tre \u00e0 l\u2019atelier Colyns de Nole. Les patronnes des deux dames, Sainte-Barbe avec un livre ouvert et Sainte-\u00c9lisabeth de Hongrie mendiant du pain, apparaissent aux deux c\u00f4t\u00e9s de la plaque comm\u00e9morative inscrite en latin et du portrait ovale de la reine. Cette derni\u00e8re porte une fraise selon la mode de l\u2019\u00e9poque ainsi qu\u2019une couronne tress\u00e9e et elle est rev\u00eatue de v\u00eatements de deuil. Au-dessus de ce portrait tr\u00f4ne aussi sa patronne: la Vierge et l\u2019Enfant. Sous le portrait, une inscription sur cuivre indique: \u00ab\u00a0Mary Stuart, reine d\u2019Ecosse et de France, m\u00e8re du roi Jacques de Grande-Bretagne.\u00bb<\/p>\n<p style=\"text-align: justify;\">La petite plaque raconte l\u2019histoire de Mary Stuart\u00a0:<\/p>\n<p style=\"text-align: justify;\"><em>\u00ab\u00a0En l\u2019an 1568, elle se r\u00e9fugia en Angleterre, aupr\u00e8s d\u2019\u00c9lisabeth, qui y r\u00e9gnait. Par la perfidie du S\u00e9nat et l\u2019envie des h\u00e9r\u00e9tiques, elle a \u00e9t\u00e9 d\u00e9capit\u00e9e pour sa foi apr\u00e8s 19 ans de captivit\u00e9; elle a accept\u00e9 le martyre \u00e0 l\u2019\u00e2ge de 45 ans dans l\u2019ann\u00e9e de notre Seigneur 1587. \u00ab\u00a0<\/em><\/p>\n<p style=\"text-align: justify;\"><em>\u00a0<\/em><\/p>\n<p style=\"text-align: justify;\">La grande plaque raconte l\u2019histoire des deux dames;<\/p>\n<p style=\"text-align: justify;\"><em>\u00ab\u00a0Gloire au tr\u00e8s bon, grand et saint Dieu.<\/em><\/p>\n<p style=\"text-align: justify;\"><em>Voyageur, \u00a0vous voyez ici le m\u00e9morial de deux nobles dames de Grande-Bretagne.<\/em><\/p>\n<p style=\"text-align: justify;\"><em>Elles reposent ici dans l\u2019espoir de la r\u00e9surrection, gr\u00e2ce \u00e0 la protection du roi catholique, apr\u00e8s avoir fui leur patrie pour leur juste foi.<\/em><\/p>\n<p style=\"text-align: justify;\"><em>En premier lieu pour Barbara Moubray, fille du baron John Moubray, dame d\u2019honneur de Mary Stuart, reine d\u2019Ecosse, donn\u00e9e en mariage \u00e0 Gilbert Curle, secr\u00e9taire de la reine pendant 20 ans, et ils v\u00e9curent 24 ans sans tensions. Ils eurent huit enfants, dont six ont \u00e9t\u00e9 inscrits dans le ciel. Les deux fils survivants ont brill\u00e9s aux \u00e9tudes:<\/em><\/p>\n<p style=\"text-align: justify;\"><em>Jacques a rejoint l\u2019Ordre des J\u00e9suites \u00e0 Madrid en Espagne.<\/em><\/p>\n<p style=\"text-align: justify;\"><em>Hippolyte, le plus jeune, voulait entrer au service du Christ dans la province franco-belge de l\u2019ordre des J\u00e9suites.<\/em><\/p>\n<p style=\"text-align: justify;\"><em>Il est triste \u00e0 en pleurer pour sa tr\u00e8s bonne m\u00e8re Barbara Curle, qui le 31 Juillet dans l\u2019ann\u00e9e de notre Seigneur 1616, \u00e2g\u00e9e de 57 ans, \u00e9changea la vie transitoire avec la vie \u00e9ternelle.<\/em><\/p>\n<p style=\"text-align: justify;\"><em>De m\u00eame pour Elizabeth Curle, tante de la m\u00eame noble famille des Curles, \u00e9galement dame d\u2019honneur de Mary, 8 ans de fid\u00e9lit\u00e9 \u00e0 la reine, \u00e0 qui elle a donn\u00e9 le baiser d\u2019adieu avant sa mort; c\u00e9libataire pour toujours, tr\u00e8s chaste de m\u0153urs et tr\u00e8s pieuse.<\/em><\/p>\n<p style=\"text-align: justify;\"><em>Hippolyte Curle, le fils de son fr\u00e8re, a plac\u00e9 ce m\u00e9morial de par sa disposition reconnaissante et par esprit de famille.<\/em><\/p>\n<p style=\"text-align: justify;\"><em>Cette (\u00c9lisabeth) a clos le dernier jour de sa vie en l\u2019ann\u00e9e de notre Seigneur 1620, \u00e0 l\u2019\u00e2ge de 60 le 29 mai.<\/em><\/p>\n<p style=\"text-align: justify;\"><em>Qu\u2019elles reposent en paix. Amen. \u00ab\u00a0<\/em><\/p>\n\t\t\t\t\t\t\t\t<\/div>\n\t\t\t\t<\/div>\n\t\t\t\t\t<\/div>\n\t\t<\/div>\n\t\t\t\t<div class=\"elementor-column elementor-col-33 elementor-top-column elementor-element elementor-element-be9c932\" data-id=\"be9c932\" data-element_type=\"column\" data-e-type=\"column\">\n\t\t\t<div class=\"elementor-widget-wrap elementor-element-populated\">\n\t\t\t\t\t\t<div class=\"elementor-element elementor-element-57470ef elementor-nav-menu--dropdown-tablet elementor-nav-menu__text-align-aside elementor-nav-menu--toggle elementor-nav-menu--burger elementor-widget elementor-widget-nav-menu\" data-id=\"57470ef\" data-element_type=\"widget\" data-e-type=\"widget\" data-settings=\"{&quot;layout&quot;:&quot;vertical&quot;,&quot;submenu_icon&quot;:{&quot;value&quot;:&quot;&lt;i class=\\&quot;fas fa-caret-down\\&quot; aria-hidden=\\&quot;true\\&quot;&gt;&lt;\\\/i&gt;&quot;,&quot;library&quot;:&quot;fa-solid&quot;},&quot;toggle&quot;:&quot;burger&quot;}\" data-widget_type=\"nav-menu.default\">\n\t\t\t\t<div class=\"elementor-widget-container\">\n\t\t\t\t\t\t\t\t<nav aria-label=\"Menu\" class=\"elementor-nav-menu--main elementor-nav-menu__container elementor-nav-menu--layout-vertical e--pointer-framed e--animation-fade\">\n\t\t\t\t<ul id=\"menu-1-57470ef\" class=\"elementor-nav-menu sm-vertical\"><li class=\"menu-item menu-item-type-post_type menu-item-object-page menu-item-60166\"><a href=\"https:\/\/topa.be\/fr\/st-andries\/qr-codes\/qr01\/\" class=\"elementor-item\">QR01 \u2013 \u00c9glise Saint-Andr\u00e9 \u2013 introduction<\/a><\/li>\n<li class=\"menu-item menu-item-type-post_type menu-item-object-page menu-item-60167\"><a href=\"https:\/\/topa.be\/fr\/st-andries\/qr-codes\/qr02\/\" class=\"elementor-item\">QR02 \u2013 L\u2019histoire<\/a><\/li>\n<li class=\"menu-item menu-item-type-post_type menu-item-object-page menu-item-60211\"><a href=\"https:\/\/topa.be\/fr\/st-andries\/qr-codes\/qr03\/\" class=\"elementor-item\">QR03 \u2013 La tour<\/a><\/li>\n<li class=\"menu-item menu-item-type-post_type menu-item-object-page menu-item-60212\"><a href=\"https:\/\/topa.be\/fr\/st-andries\/qr-codes\/qr04\/\" class=\"elementor-item\">QR04 \u2013 L\u2019int\u00e9rieur<\/a><\/li>\n<li class=\"menu-item menu-item-type-post_type menu-item-object-page menu-item-60213\"><a href=\"https:\/\/topa.be\/fr\/st-andries\/qr-codes\/qr05\/\" class=\"elementor-item\">QR05 \u2013 La chaire de v\u00e9rit\u00e9<\/a><\/li>\n<li class=\"menu-item menu-item-type-post_type menu-item-object-page menu-item-60214\"><a href=\"https:\/\/topa.be\/fr\/st-andries\/qr-codes\/qr06\/\" class=\"elementor-item\">QR06 \u2013 Les autels lat\u00e9raux<\/a><\/li>\n<li class=\"menu-item menu-item-type-post_type menu-item-object-page menu-item-60215\"><a href=\"https:\/\/topa.be\/fr\/st-andries\/qr-codes\/qr07\/\" class=\"elementor-item\">QR07 \u2013 Le Cours de la Vie<\/a><\/li>\n<li class=\"menu-item menu-item-type-post_type menu-item-object-page menu-item-60216\"><a href=\"https:\/\/topa.be\/fr\/st-andries\/qr-codes\/qr08\/\" class=\"elementor-item\">QR08 \u2013 \u00c9pitaphe des augustins<\/a><\/li>\n<li class=\"menu-item menu-item-type-post_type menu-item-object-page menu-item-60217\"><a href=\"https:\/\/topa.be\/fr\/st-andries\/qr-codes\/qr09\/\" class=\"elementor-item\">QR09 \u2013 L\u2019autel Saint-Eloy des monnayeurs<\/a><\/li>\n<li class=\"menu-item menu-item-type-post_type menu-item-object-page menu-item-60218\"><a href=\"https:\/\/topa.be\/fr\/st-andries\/qr-codes\/qr10\/\" class=\"elementor-item\">QR10 \u2013 La salle du tr\u00e9sor<\/a><\/li>\n<li class=\"menu-item menu-item-type-post_type menu-item-object-page menu-item-60219\"><a href=\"https:\/\/topa.be\/fr\/st-andries\/qr-codes\/qr11\/\" class=\"elementor-item\">QR11 \u2013 La chapelle Mariale<\/a><\/li>\n<li class=\"menu-item menu-item-type-post_type menu-item-object-page menu-item-60220\"><a href=\"https:\/\/topa.be\/fr\/st-andries\/qr-codes\/qr12\/\" class=\"elementor-item\">QR12 \u2013 La confr\u00e9rie des \u00c2mes Croyantes<\/a><\/li>\n<li class=\"menu-item menu-item-type-post_type menu-item-object-page menu-item-60255\"><a href=\"https:\/\/topa.be\/fr\/st-andries\/qr-codes\/qr13\/\" class=\"elementor-item\">QR13 \u2013 La statue de Saint Pierre<\/a><\/li>\n<li class=\"menu-item menu-item-type-post_type menu-item-object-page menu-item-60256\"><a href=\"https:\/\/topa.be\/fr\/st-andries\/qr-codes\/qr14\/\" class=\"elementor-item\">QR14 \u2013 Le ma\u00eetre-autel<\/a><\/li>\n<li class=\"menu-item menu-item-type-post_type menu-item-object-page menu-item-60257\"><a href=\"https:\/\/topa.be\/fr\/st-andries\/qr-codes\/qr15\/\" class=\"elementor-item\">QR15 \u2013 Le martyre de Saint Andr\u00e9<\/a><\/li>\n<li class=\"menu-item menu-item-type-post_type menu-item-object-page menu-item-60258\"><a href=\"https:\/\/topa.be\/fr\/st-andries\/qr-codes\/qr16\/\" class=\"elementor-item\">QR16 \u2013 Le ch\u0153ur<\/a><\/li>\n<li class=\"menu-item menu-item-type-post_type menu-item-object-page menu-item-60259\"><a href=\"https:\/\/topa.be\/fr\/st-andries\/qr-codes\/qr17\/\" class=\"elementor-item\">QR17 \u2013 La Chapelle du tr\u00e8s Saint Sacrement<\/a><\/li>\n<li class=\"menu-item menu-item-type-post_type menu-item-object-page menu-item-60260\"><a href=\"https:\/\/topa.be\/fr\/st-andries\/qr-codes\/qr18\/\" class=\"elementor-item\">QR18 \u2013 L\u2019\u00e9pitaphe des dames d\u2019honneur de Mary Stuart<\/a><\/li>\n<li class=\"menu-item menu-item-type-post_type menu-item-object-page menu-item-60261\"><a href=\"https:\/\/topa.be\/fr\/st-andries\/qr-codes\/qr19\/\" class=\"elementor-item\">QR19 \u2013 Qu\u2019est-ce que la v\u00e9rit\u00e9 ?<\/a><\/li>\n<li class=\"menu-item menu-item-type-post_type menu-item-object-page menu-item-60262\"><a href=\"https:\/\/topa.be\/fr\/st-andries\/qr-codes\/qr20\/\" class=\"elementor-item\">QR20 \u2013 Le sac de frappe<\/a><\/li>\n<\/ul>\t\t\t<\/nav>\n\t\t\t\t\t<div class=\"elementor-menu-toggle\" role=\"button\" tabindex=\"0\" aria-label=\"Permuter le menu\" aria-expanded=\"false\">\n\t\t\t<i aria-hidden=\"true\" role=\"presentation\" class=\"elementor-menu-toggle__icon--open eicon-menu-bar\"><\/i><i aria-hidden=\"true\" role=\"presentation\" class=\"elementor-menu-toggle__icon--close eicon-close\"><\/i>\t\t<\/div>\n\t\t\t\t\t<nav class=\"elementor-nav-menu--dropdown elementor-nav-menu__container\" aria-hidden=\"true\">\n\t\t\t\t<ul id=\"menu-2-57470ef\" class=\"elementor-nav-menu sm-vertical\"><li class=\"menu-item menu-item-type-post_type menu-item-object-page menu-item-60166\"><a href=\"https:\/\/topa.be\/fr\/st-andries\/qr-codes\/qr01\/\" class=\"elementor-item\" tabindex=\"-1\">QR01 \u2013 \u00c9glise Saint-Andr\u00e9 \u2013 introduction<\/a><\/li>\n<li class=\"menu-item menu-item-type-post_type menu-item-object-page menu-item-60167\"><a href=\"https:\/\/topa.be\/fr\/st-andries\/qr-codes\/qr02\/\" class=\"elementor-item\" tabindex=\"-1\">QR02 \u2013 L\u2019histoire<\/a><\/li>\n<li class=\"menu-item menu-item-type-post_type menu-item-object-page menu-item-60211\"><a href=\"https:\/\/topa.be\/fr\/st-andries\/qr-codes\/qr03\/\" class=\"elementor-item\" tabindex=\"-1\">QR03 \u2013 La tour<\/a><\/li>\n<li class=\"menu-item menu-item-type-post_type menu-item-object-page menu-item-60212\"><a href=\"https:\/\/topa.be\/fr\/st-andries\/qr-codes\/qr04\/\" class=\"elementor-item\" tabindex=\"-1\">QR04 \u2013 L\u2019int\u00e9rieur<\/a><\/li>\n<li class=\"menu-item menu-item-type-post_type menu-item-object-page menu-item-60213\"><a href=\"https:\/\/topa.be\/fr\/st-andries\/qr-codes\/qr05\/\" class=\"elementor-item\" tabindex=\"-1\">QR05 \u2013 La chaire de v\u00e9rit\u00e9<\/a><\/li>\n<li class=\"menu-item menu-item-type-post_type menu-item-object-page menu-item-60214\"><a href=\"https:\/\/topa.be\/fr\/st-andries\/qr-codes\/qr06\/\" class=\"elementor-item\" tabindex=\"-1\">QR06 \u2013 Les autels lat\u00e9raux<\/a><\/li>\n<li class=\"menu-item menu-item-type-post_type menu-item-object-page menu-item-60215\"><a href=\"https:\/\/topa.be\/fr\/st-andries\/qr-codes\/qr07\/\" class=\"elementor-item\" tabindex=\"-1\">QR07 \u2013 Le Cours de la Vie<\/a><\/li>\n<li class=\"menu-item menu-item-type-post_type menu-item-object-page menu-item-60216\"><a href=\"https:\/\/topa.be\/fr\/st-andries\/qr-codes\/qr08\/\" class=\"elementor-item\" tabindex=\"-1\">QR08 \u2013 \u00c9pitaphe des augustins<\/a><\/li>\n<li class=\"menu-item menu-item-type-post_type menu-item-object-page menu-item-60217\"><a href=\"https:\/\/topa.be\/fr\/st-andries\/qr-codes\/qr09\/\" class=\"elementor-item\" tabindex=\"-1\">QR09 \u2013 L\u2019autel Saint-Eloy des monnayeurs<\/a><\/li>\n<li class=\"menu-item menu-item-type-post_type menu-item-object-page menu-item-60218\"><a href=\"https:\/\/topa.be\/fr\/st-andries\/qr-codes\/qr10\/\" class=\"elementor-item\" tabindex=\"-1\">QR10 \u2013 La salle du tr\u00e9sor<\/a><\/li>\n<li class=\"menu-item menu-item-type-post_type menu-item-object-page menu-item-60219\"><a href=\"https:\/\/topa.be\/fr\/st-andries\/qr-codes\/qr11\/\" class=\"elementor-item\" tabindex=\"-1\">QR11 \u2013 La chapelle Mariale<\/a><\/li>\n<li class=\"menu-item menu-item-type-post_type menu-item-object-page menu-item-60220\"><a href=\"https:\/\/topa.be\/fr\/st-andries\/qr-codes\/qr12\/\" class=\"elementor-item\" tabindex=\"-1\">QR12 \u2013 La confr\u00e9rie des \u00c2mes Croyantes<\/a><\/li>\n<li class=\"menu-item menu-item-type-post_type menu-item-object-page menu-item-60255\"><a href=\"https:\/\/topa.be\/fr\/st-andries\/qr-codes\/qr13\/\" class=\"elementor-item\" tabindex=\"-1\">QR13 \u2013 La statue de Saint Pierre<\/a><\/li>\n<li class=\"menu-item menu-item-type-post_type menu-item-object-page menu-item-60256\"><a href=\"https:\/\/topa.be\/fr\/st-andries\/qr-codes\/qr14\/\" class=\"elementor-item\" tabindex=\"-1\">QR14 \u2013 Le ma\u00eetre-autel<\/a><\/li>\n<li class=\"menu-item menu-item-type-post_type menu-item-object-page menu-item-60257\"><a href=\"https:\/\/topa.be\/fr\/st-andries\/qr-codes\/qr15\/\" class=\"elementor-item\" tabindex=\"-1\">QR15 \u2013 Le martyre de Saint Andr\u00e9<\/a><\/li>\n<li class=\"menu-item menu-item-type-post_type menu-item-object-page menu-item-60258\"><a href=\"https:\/\/topa.be\/fr\/st-andries\/qr-codes\/qr16\/\" class=\"elementor-item\" tabindex=\"-1\">QR16 \u2013 Le ch\u0153ur<\/a><\/li>\n<li class=\"menu-item menu-item-type-post_type menu-item-object-page menu-item-60259\"><a href=\"https:\/\/topa.be\/fr\/st-andries\/qr-codes\/qr17\/\" class=\"elementor-item\" tabindex=\"-1\">QR17 \u2013 La Chapelle du tr\u00e8s Saint Sacrement<\/a><\/li>\n<li class=\"menu-item menu-item-type-post_type menu-item-object-page menu-item-60260\"><a href=\"https:\/\/topa.be\/fr\/st-andries\/qr-codes\/qr18\/\" class=\"elementor-item\" tabindex=\"-1\">QR18 \u2013 L\u2019\u00e9pitaphe des dames d\u2019honneur de Mary Stuart<\/a><\/li>\n<li class=\"menu-item menu-item-type-post_type menu-item-object-page menu-item-60261\"><a href=\"https:\/\/topa.be\/fr\/st-andries\/qr-codes\/qr19\/\" class=\"elementor-item\" tabindex=\"-1\">QR19 \u2013 Qu\u2019est-ce que la v\u00e9rit\u00e9 ?<\/a><\/li>\n<li class=\"menu-item menu-item-type-post_type menu-item-object-page menu-item-60262\"><a href=\"https:\/\/topa.be\/fr\/st-andries\/qr-codes\/qr20\/\" class=\"elementor-item\" tabindex=\"-1\">QR20 \u2013 Le sac de frappe<\/a><\/li>\n<\/ul>\t\t\t<\/nav>\n\t\t\t\t\t\t<\/div>\n\t\t\t\t<\/div>\n\t\t\t\t\t<\/div>\n\t\t<\/div>\n\t\t\t\t\t<\/div>\n\t\t<\/section>\n\t\t\t\t<\/div>\n\t\t","protected":false},"excerpt":{"rendered":"<p>L\u2019\u00e9glise Saint-Andr\u00e9 d\u2019Anvers L\u2019\u00e9pitaphe des dames d\u2019honneur de Mary Stuart en alb\u00e2tre, Robrecht et Jan Colyns de Nole ,1620\u00a0; portrait attribu\u00e9 \u00e0 Pourbus le Jeune Un flot r\u00e9gulier de visiteurs britanniques vient voir cette \u00e9glise pour l\u2019\u00e9pitaphe d\u2019\u00c9lisabeth Curie (\u2020 1620) et de sa belle-s\u0153ur Barbara Moubray (\u2020 1616), toutes deux jadis dames d\u2019honneur de [&hellip;]<\/p>\n","protected":false},"author":16,"featured_media":0,"parent":38095,"menu_order":180,"comment_status":"closed","ping_status":"closed","template":"","meta":{"footnotes":""},"class_list":["post-37740","page","type-page","status-publish","hentry"],"aioseo_notices":[],"_links":{"self":[{"href":"https:\/\/topa.be\/fr\/wp-json\/wp\/v2\/pages\/37740","targetHints":{"allow":["GET"]}}],"collection":[{"href":"https:\/\/topa.be\/fr\/wp-json\/wp\/v2\/pages"}],"about":[{"href":"https:\/\/topa.be\/fr\/wp-json\/wp\/v2\/types\/page"}],"author":[{"embeddable":true,"href":"https:\/\/topa.be\/fr\/wp-json\/wp\/v2\/users\/16"}],"replies":[{"embeddable":true,"href":"https:\/\/topa.be\/fr\/wp-json\/wp\/v2\/comments?post=37740"}],"version-history":[{"count":3,"href":"https:\/\/topa.be\/fr\/wp-json\/wp\/v2\/pages\/37740\/revisions"}],"predecessor-version":[{"id":61669,"href":"https:\/\/topa.be\/fr\/wp-json\/wp\/v2\/pages\/37740\/revisions\/61669"}],"up":[{"embeddable":true,"href":"https:\/\/topa.be\/fr\/wp-json\/wp\/v2\/pages\/38095"}],"wp:attachment":[{"href":"https:\/\/topa.be\/fr\/wp-json\/wp\/v2\/media?parent=37740"}],"curies":[{"name":"wp","href":"https:\/\/api.w.org\/{rel}","templated":true}]}}