{"id":37735,"date":"2021-05-24T16:24:25","date_gmt":"2021-05-24T14:24:25","guid":{"rendered":"http:\/\/topa.be\/praktisch-2\/"},"modified":"2024-11-14T15:24:18","modified_gmt":"2024-11-14T14:24:18","slug":"praktisch","status":"publish","type":"page","link":"https:\/\/topa.be\/fr\/sint-carolus-borromeus\/praktisch\/","title":{"rendered":"SCB Informations pratiques"},"content":{"rendered":"\t\t<div data-elementor-type=\"wp-page\" data-elementor-id=\"37735\" class=\"elementor elementor-37735 elementor-33711\" data-elementor-post-type=\"page\">\n\t\t\t\t\t\t<section class=\"elementor-section elementor-top-section elementor-element elementor-element-cd03269 elementor-section-boxed elementor-section-height-default elementor-section-height-default\" data-id=\"cd03269\" data-element_type=\"section\" data-e-type=\"section\">\n\t\t\t\t\t\t<div class=\"elementor-container elementor-column-gap-default\">\n\t\t\t\t\t<div class=\"elementor-column elementor-col-100 elementor-top-column elementor-element elementor-element-bbe7070\" data-id=\"bbe7070\" data-element_type=\"column\" data-e-type=\"column\">\n\t\t\t<div class=\"elementor-widget-wrap elementor-element-populated\">\n\t\t\t\t\t\t<div class=\"elementor-element elementor-element-321a5a8 elementor-widget elementor-widget-heading\" data-id=\"321a5a8\" data-element_type=\"widget\" data-e-type=\"widget\" data-widget_type=\"heading.default\">\n\t\t\t\t<div class=\"elementor-widget-container\">\n\t\t\t\t\t<h1 class=\"elementor-heading-title elementor-size-default\">\u00c9glise Saint-Charles-Borrom\u00e9e<\/h1>\t\t\t\t<\/div>\n\t\t\t\t<\/div>\n\t\t\t\t\t<\/div>\n\t\t<\/div>\n\t\t\t\t\t<\/div>\n\t\t<\/section>\n\t\t\t\t<section class=\"elementor-section elementor-top-section elementor-element elementor-element-8d79d40 elementor-section-boxed elementor-section-height-default elementor-section-height-default\" data-id=\"8d79d40\" data-element_type=\"section\" data-e-type=\"section\">\n\t\t\t\t\t\t<div class=\"elementor-container elementor-column-gap-default\">\n\t\t\t\t\t<div class=\"elementor-column elementor-col-100 elementor-top-column elementor-element elementor-element-a723a23\" data-id=\"a723a23\" data-element_type=\"column\" data-e-type=\"column\">\n\t\t\t<div class=\"elementor-widget-wrap elementor-element-populated\">\n\t\t\t\t\t\t<div class=\"elementor-element elementor-element-1450267 elementor-widget elementor-widget-heading\" data-id=\"1450267\" data-element_type=\"widget\" data-e-type=\"widget\" data-widget_type=\"heading.default\">\n\t\t\t\t<div class=\"elementor-widget-container\">\n\t\t\t\t\t<h2 class=\"elementor-heading-title elementor-size-default\">Informations pratiques<\/h2>\t\t\t\t<\/div>\n\t\t\t\t<\/div>\n\t\t\t\t\t<\/div>\n\t\t<\/div>\n\t\t\t\t\t<\/div>\n\t\t<\/section>\n\t\t\t\t<section class=\"elementor-section elementor-top-section elementor-element elementor-element-1212934 elementor-section-boxed elementor-section-height-default elementor-section-height-default\" data-id=\"1212934\" data-element_type=\"section\" data-e-type=\"section\">\n\t\t\t\t\t\t<div class=\"elementor-container elementor-column-gap-default\">\n\t\t\t\t\t<div class=\"elementor-column elementor-col-66 elementor-top-column elementor-element elementor-element-97038f6\" data-id=\"97038f6\" data-element_type=\"column\" data-e-type=\"column\">\n\t\t\t<div class=\"elementor-widget-wrap elementor-element-populated\">\n\t\t\t\t\t\t<div class=\"elementor-element elementor-element-647cf87 elementor-widget elementor-widget-text-editor\" data-id=\"647cf87\" data-element_type=\"widget\" data-e-type=\"widget\" data-widget_type=\"text-editor.default\">\n\t\t\t\t<div class=\"elementor-widget-container\">\n\t\t\t\t\t\t\t\t\t<p><strong>Eucharisties<\/strong><strong><br \/>\n<\/strong>Dimanche et jours de f\u00eate :<br \/>\n11h30 messe des artistes<br \/>\n17h00 messe paroissiale avec Sant\u2019Egidio<\/p>\n<p><strong>Heures de visites<\/strong><strong><br \/>\n<\/strong><em>\u00c9glise<\/em><br \/>\nLundi \u2013 samedi : 10h00 \u2013 12h30 &amp; 14h00 \u2013 17h00<br \/>\nDimanche et jours de f\u00eate : uniquement ouvert pour les services religieux<\/p>\n<p><em>Mus\u00e9e de la dentelle<\/em>\u00a0:<br \/>\nMercredi : 10h00 \u2013 12h30, 14h00 \u2013 16h00.<br \/>\nAutres jours : visite sur demande<\/p>\n<p>Sous r\u00e9serve de c\u00e9l\u00e9brations sp\u00e9ciales<br \/>\nVoir \u00e9galement les\u00a0<a href=\"https:\/\/topa.be\/fr\/sint-carolus-borromeus\/rondleidingen\/\"><strong>visites guid\u00e9es<\/strong><\/a><\/p>\n<p><strong>Tarif de la visite touristique<\/strong><br \/>\n\u00c9glise, y compris le mus\u00e9e de la dentelle :<\/p>\n<ul>\n<li>Billet standard : 5 euros<\/li>\n<li>\u00c9tudiants et plus de 60 ans : 3 euros<\/li>\n<li>Groupes \u00e0 partir de 20 personnes : 3 euros<\/li>\n<li>Enfants de moins de 12 ans, accompagnateurs de personnes handicap\u00e9es et d\u00e9tenteurs d&rsquo;un Antwerp City Pass : gratuit<\/li>\n<\/ul>\n<p>Les visiteurs re\u00e7oivent un d\u00e9pliant multilingue expliquant l&rsquo;\u00e9glise Saint-Charles-Borrom\u00e9e et peuvent faire appel aux explications d&rsquo;un guide de Toerismepastoraal Antwerpen (TOPA) pendant les heures d&rsquo;ouverture.<\/p>\n<p><strong>Informations<br \/>\nDimitri De Hert, intendant<\/strong><br \/>\nGSM: +32 477 62 37 94<br \/>\ne-mail:\u00a0<a href=\"mailto:dimitri.dehert@scba.be\"><strong>dimitri.dehert@scba.be\u00a0<\/strong><\/a><strong>\u00a0<\/strong><\/p>\n<p><strong>Paroisse<\/strong><strong><br \/>\n<\/strong>Hendrik Conscienceplein 6, 2000 Antwerpen<br \/>\n<strong>Jean-Paul Van Putten, sacristain<\/strong><br \/>\nTel: +32 472 93 17 69<br \/>\n<strong>E-mail:\u00a0<a href=\"mailto:parochie@scba.be%C2%A0\">parochie@scba.be<\/a><\/strong><\/p>\n\t\t\t\t\t\t\t\t<\/div>\n\t\t\t\t<\/div>\n\t\t\t\t\t<\/div>\n\t\t<\/div>\n\t\t\t\t<div class=\"elementor-column elementor-col-33 elementor-top-column elementor-element elementor-element-43ca8b8\" data-id=\"43ca8b8\" data-element_type=\"column\" data-e-type=\"column\">\n\t\t\t<div class=\"elementor-widget-wrap elementor-element-populated\">\n\t\t\t\t\t\t<div class=\"elementor-element elementor-element-0792ada elementor-widget elementor-widget-text-editor\" data-id=\"0792ada\" data-element_type=\"widget\" data-e-type=\"widget\" data-widget_type=\"text-editor.default\">\n\t\t\t\t<div class=\"elementor-widget-container\">\n\t\t\t\t\t\t\t\t\t<h4 class=\"widgettitle\">Pour d\u00e9couvrir plus:<\/h4>\n\t\t\t\t\t\t\t\t<\/div>\n\t\t\t\t<\/div>\n\t\t\t\t<div class=\"elementor-element elementor-element-5bacc63 elementor-nav-menu--dropdown-tablet elementor-nav-menu__text-align-aside elementor-nav-menu--toggle elementor-nav-menu--burger elementor-widget elementor-widget-nav-menu\" data-id=\"5bacc63\" data-element_type=\"widget\" data-e-type=\"widget\" data-settings=\"{&quot;layout&quot;:&quot;vertical&quot;,&quot;submenu_icon&quot;:{&quot;value&quot;:&quot;&lt;i class=\\&quot;fas fa-caret-down\\&quot; aria-hidden=\\&quot;true\\&quot;&gt;&lt;\\\/i&gt;&quot;,&quot;library&quot;:&quot;fa-solid&quot;},&quot;toggle&quot;:&quot;burger&quot;}\" data-widget_type=\"nav-menu.default\">\n\t\t\t\t<div class=\"elementor-widget-container\">\n\t\t\t\t\t\t\t\t<nav aria-label=\"Menu\" class=\"elementor-nav-menu--main elementor-nav-menu__container elementor-nav-menu--layout-vertical e--pointer-framed e--animation-fade\">\n\t\t\t\t<ul id=\"menu-1-5bacc63\" class=\"elementor-nav-menu sm-vertical\"><li class=\"menu-item menu-item-type-post_type menu-item-object-page menu-item-59984\"><a href=\"https:\/\/topa.be\/fr\/sint-carolus-borromeus\/praktisch\/\" class=\"elementor-item\">Informations pratiques<\/a><\/li>\n<li class=\"menu-item menu-item-type-post_type menu-item-object-page menu-item-59985\"><a href=\"https:\/\/topa.be\/fr\/sint-carolus-borromeus\/rondleidingen\/\" class=\"elementor-item\">Visites guid\u00e9es<\/a><\/li>\n<li class=\"menu-item menu-item-type-post_type menu-item-object-page menu-item-59986\"><a href=\"https:\/\/topa.be\/fr\/sint-carolus-borromeus\/kennismaking\/\" class=\"elementor-item\">l\u2019\u00e9glise en bref<\/a><\/li>\n<li class=\"menu-item menu-item-type-post_type menu-item-object-page menu-item-59987\"><a href=\"https:\/\/topa.be\/fr\/sint-carolus-borromeus\/interactief-grondplan\/\" class=\"elementor-item\">Plan interactif<\/a><\/li>\n<li class=\"menu-item menu-item-type-post_type menu-item-object-page menu-item-59988\"><a href=\"https:\/\/topa.be\/fr\/sint-carolus-borromeus\/beschrijving\/\" class=\"elementor-item\">Histoire &#038; Description<\/a><\/li>\n<li class=\"menu-item menu-item-type-post_type menu-item-object-page menu-item-59989\"><a href=\"https:\/\/topa.be\/fr\/sint-carolus-borromeus\/publicaties\/\" class=\"elementor-item\">Publications<\/a><\/li>\n<\/ul>\t\t\t<\/nav>\n\t\t\t\t\t<div class=\"elementor-menu-toggle\" role=\"button\" tabindex=\"0\" aria-label=\"Permuter le menu\" aria-expanded=\"false\">\n\t\t\t<i aria-hidden=\"true\" role=\"presentation\" class=\"elementor-menu-toggle__icon--open eicon-menu-bar\"><\/i><i aria-hidden=\"true\" role=\"presentation\" class=\"elementor-menu-toggle__icon--close eicon-close\"><\/i>\t\t<\/div>\n\t\t\t\t\t<nav class=\"elementor-nav-menu--dropdown elementor-nav-menu__container\" aria-hidden=\"true\">\n\t\t\t\t<ul id=\"menu-2-5bacc63\" class=\"elementor-nav-menu sm-vertical\"><li class=\"menu-item menu-item-type-post_type menu-item-object-page menu-item-59984\"><a href=\"https:\/\/topa.be\/fr\/sint-carolus-borromeus\/praktisch\/\" class=\"elementor-item\" tabindex=\"-1\">Informations pratiques<\/a><\/li>\n<li class=\"menu-item menu-item-type-post_type menu-item-object-page menu-item-59985\"><a href=\"https:\/\/topa.be\/fr\/sint-carolus-borromeus\/rondleidingen\/\" class=\"elementor-item\" tabindex=\"-1\">Visites guid\u00e9es<\/a><\/li>\n<li class=\"menu-item menu-item-type-post_type menu-item-object-page menu-item-59986\"><a href=\"https:\/\/topa.be\/fr\/sint-carolus-borromeus\/kennismaking\/\" class=\"elementor-item\" tabindex=\"-1\">l\u2019\u00e9glise en bref<\/a><\/li>\n<li class=\"menu-item menu-item-type-post_type menu-item-object-page menu-item-59987\"><a href=\"https:\/\/topa.be\/fr\/sint-carolus-borromeus\/interactief-grondplan\/\" class=\"elementor-item\" tabindex=\"-1\">Plan interactif<\/a><\/li>\n<li class=\"menu-item menu-item-type-post_type menu-item-object-page menu-item-59988\"><a href=\"https:\/\/topa.be\/fr\/sint-carolus-borromeus\/beschrijving\/\" class=\"elementor-item\" tabindex=\"-1\">Histoire &#038; Description<\/a><\/li>\n<li class=\"menu-item menu-item-type-post_type menu-item-object-page menu-item-59989\"><a href=\"https:\/\/topa.be\/fr\/sint-carolus-borromeus\/publicaties\/\" class=\"elementor-item\" tabindex=\"-1\">Publications<\/a><\/li>\n<\/ul>\t\t\t<\/nav>\n\t\t\t\t\t\t<\/div>\n\t\t\t\t<\/div>\n\t\t\t\t\t<\/div>\n\t\t<\/div>\n\t\t\t\t\t<\/div>\n\t\t<\/section>\n\t\t\t\t<section class=\"elementor-section elementor-top-section elementor-element elementor-element-7b6f8380 elementor-section-boxed elementor-section-height-default elementor-section-height-default\" data-id=\"7b6f8380\" data-element_type=\"section\" data-e-type=\"section\">\n\t\t\t\t\t\t<div class=\"elementor-container elementor-column-gap-default\">\n\t\t\t\t\t<div class=\"elementor-column elementor-col-100 elementor-top-column elementor-element elementor-element-6e6e924a\" data-id=\"6e6e924a\" data-element_type=\"column\" data-e-type=\"column\">\n\t\t\t<div class=\"elementor-widget-wrap elementor-element-populated\">\n\t\t\t\t\t\t<div class=\"elementor-element elementor-element-21645c8f elementor-widget elementor-widget-text-editor\" data-id=\"21645c8f\" data-element_type=\"widget\" data-e-type=\"widget\" data-widget_type=\"text-editor.default\">\n\t\t\t\t<div class=\"elementor-widget-container\">\n\t\t\t\t\t\t\t\t\t<p>Sur <a href=\"https:\/\/goo.gl\/maps\/TUmUrk7TB8JAUy328\"><strong>CETTE CARTE<\/strong><\/a> vous pouvez d\u00e9terminer un itin\u00e9raire en fonction de votre moyen de transport.<br \/>\nEssayez aussi VELO-Antwerpen\u00a0:\u00a0<strong><a href=\"https:\/\/www.velo-antwerpen.be\/fr\">https:\/\/www.velo-antwerpen.be\/fr<\/a><\/strong><\/p>\n\t\t\t\t\t\t\t\t<\/div>\n\t\t\t\t<\/div>\n\t\t\t\t\t<\/div>\n\t\t<\/div>\n\t\t\t\t\t<\/div>\n\t\t<\/section>\n\t\t\t\t<\/div>\n\t\t","protected":false},"excerpt":{"rendered":"<p>\u00c9glise Saint-Charles-Borrom\u00e9e Informations pratiques Eucharisties Dimanche et jours de f\u00eate : 11h30 messe des artistes 17h00 messe paroissiale avec Sant\u2019Egidio Heures de visites \u00c9glise Lundi \u2013 samedi : 10h00 \u2013 12h30 &amp; 14h00 \u2013 17h00 Dimanche et jours de f\u00eate : uniquement ouvert pour les services religieux Mus\u00e9e de la dentelle\u00a0: Mercredi : 10h00 \u2013 [&hellip;]<\/p>\n","protected":false},"author":16,"featured_media":0,"parent":38117,"menu_order":10,"comment_status":"closed","ping_status":"closed","template":"","meta":{"footnotes":""},"class_list":["post-37735","page","type-page","status-publish","hentry"],"aioseo_notices":[],"_links":{"self":[{"href":"https:\/\/topa.be\/fr\/wp-json\/wp\/v2\/pages\/37735","targetHints":{"allow":["GET"]}}],"collection":[{"href":"https:\/\/topa.be\/fr\/wp-json\/wp\/v2\/pages"}],"about":[{"href":"https:\/\/topa.be\/fr\/wp-json\/wp\/v2\/types\/page"}],"author":[{"embeddable":true,"href":"https:\/\/topa.be\/fr\/wp-json\/wp\/v2\/users\/16"}],"replies":[{"embeddable":true,"href":"https:\/\/topa.be\/fr\/wp-json\/wp\/v2\/comments?post=37735"}],"version-history":[{"count":3,"href":"https:\/\/topa.be\/fr\/wp-json\/wp\/v2\/pages\/37735\/revisions"}],"predecessor-version":[{"id":70879,"href":"https:\/\/topa.be\/fr\/wp-json\/wp\/v2\/pages\/37735\/revisions\/70879"}],"up":[{"embeddable":true,"href":"https:\/\/topa.be\/fr\/wp-json\/wp\/v2\/pages\/38117"}],"wp:attachment":[{"href":"https:\/\/topa.be\/fr\/wp-json\/wp\/v2\/media?parent=37735"}],"curies":[{"name":"wp","href":"https:\/\/api.w.org\/{rel}","templated":true}]}}