{"id":37727,"date":"2021-05-24T16:19:01","date_gmt":"2021-05-24T14:19:01","guid":{"rendered":"http:\/\/topa.be\/scb-kennismaking\/"},"modified":"2021-08-13T13:10:21","modified_gmt":"2021-08-13T11:10:21","slug":"kennismaking","status":"publish","type":"page","link":"https:\/\/topa.be\/fr\/sint-carolus-borromeus\/kennismaking\/","title":{"rendered":"SCB l\u2019\u00e9glise en bref"},"content":{"rendered":"\t\t<div data-elementor-type=\"wp-page\" data-elementor-id=\"37727\" class=\"elementor elementor-37727 elementor-33715\" data-elementor-post-type=\"page\">\n\t\t\t\t\t\t<section class=\"elementor-section elementor-top-section elementor-element elementor-element-a81f834 elementor-section-boxed elementor-section-height-default elementor-section-height-default\" data-id=\"a81f834\" data-element_type=\"section\" data-e-type=\"section\">\n\t\t\t\t\t\t<div class=\"elementor-container elementor-column-gap-default\">\n\t\t\t\t\t<div class=\"elementor-column elementor-col-100 elementor-top-column elementor-element elementor-element-ec56d5d\" data-id=\"ec56d5d\" data-element_type=\"column\" data-e-type=\"column\">\n\t\t\t<div class=\"elementor-widget-wrap elementor-element-populated\">\n\t\t\t\t\t\t<div class=\"elementor-element elementor-element-4d72501 elementor-widget elementor-widget-heading\" data-id=\"4d72501\" data-element_type=\"widget\" data-e-type=\"widget\" data-widget_type=\"heading.default\">\n\t\t\t\t<div class=\"elementor-widget-container\">\n\t\t\t\t\t<h1 class=\"elementor-heading-title elementor-size-default\">\u00c9glise Saint-Charles-Borrom\u00e9e<\/h1>\t\t\t\t<\/div>\n\t\t\t\t<\/div>\n\t\t\t\t\t<\/div>\n\t\t<\/div>\n\t\t\t\t\t<\/div>\n\t\t<\/section>\n\t\t\t\t<section class=\"elementor-section elementor-top-section elementor-element elementor-element-f30bfaa elementor-section-boxed elementor-section-height-default elementor-section-height-default\" data-id=\"f30bfaa\" data-element_type=\"section\" data-e-type=\"section\">\n\t\t\t\t\t\t<div class=\"elementor-container elementor-column-gap-default\">\n\t\t\t\t\t<div class=\"elementor-column elementor-col-100 elementor-top-column elementor-element elementor-element-b69f2c1\" data-id=\"b69f2c1\" data-element_type=\"column\" data-e-type=\"column\">\n\t\t\t<div class=\"elementor-widget-wrap elementor-element-populated\">\n\t\t\t\t\t\t<div class=\"elementor-element elementor-element-c6f1f30 elementor-widget elementor-widget-heading\" data-id=\"c6f1f30\" data-element_type=\"widget\" data-e-type=\"widget\" data-widget_type=\"heading.default\">\n\t\t\t\t<div class=\"elementor-widget-container\">\n\t\t\t\t\t<h2 class=\"elementor-heading-title elementor-size-default\">en bref<\/h2>\t\t\t\t<\/div>\n\t\t\t\t<\/div>\n\t\t\t\t\t<\/div>\n\t\t<\/div>\n\t\t\t\t\t<\/div>\n\t\t<\/section>\n\t\t\t\t<section class=\"elementor-section elementor-top-section elementor-element elementor-element-884383f elementor-section-boxed elementor-section-height-default elementor-section-height-default\" data-id=\"884383f\" data-element_type=\"section\" data-e-type=\"section\">\n\t\t\t\t\t\t<div class=\"elementor-container elementor-column-gap-default\">\n\t\t\t\t\t<div class=\"elementor-column elementor-col-66 elementor-top-column elementor-element elementor-element-d895672\" data-id=\"d895672\" data-element_type=\"column\" data-e-type=\"column\">\n\t\t\t<div class=\"elementor-widget-wrap elementor-element-populated\">\n\t\t\t\t\t\t<div class=\"elementor-element elementor-element-1f25e6d elementor-widget elementor-widget-text-editor\" data-id=\"1f25e6d\" data-element_type=\"widget\" data-e-type=\"widget\" data-widget_type=\"text-editor.default\">\n\t\t\t\t<div class=\"elementor-widget-container\">\n\t\t\t\t\t\t\t\t\t<p style=\"text-align: justify;\">Cher visiteur, soyez le bienvenu dans notre belle \u00e9glise paroissiale baroque. Bien que ce monument ait connu bien des malheurs au cours des si\u00e8cles, il est rest\u00e9 n\u00e9anmoins un v\u00e9ritable temple de l\u2019art. C\u2019est par excellence l\u2019\u00e9glise de Rubens; non seulement il y a d\u00e9velopp\u00e9 ses talents de peintre; il y a \u00e9galement con\u00e7u des \u00e9l\u00e9ments sculpturaux d\u00e9coratifs. Il ne faut donc pas \u00eatre surpris que la renomm\u00e9e de cette \u00e9glise d\u00e9passe largement les fronti\u00e8res\u2026<\/p>\n<p style=\"text-align: justify;\">\u2022\u00a0<strong>Histoire<\/strong><\/p>\n<p style=\"text-align: justify;\">Cet exemple de l\u2019\u00e9cole d\u2019architecture baroque fut \u00e9rig\u00e9 pendant les ann\u00e9es 1615-1621 sur instructions de l\u2019ordre des J\u00e9suites, ordre particuli\u00e8rement ardent \u00e0 l\u2019\u00e9poque. Les plans architecturaux ont \u00e9t\u00e9 r\u00e9alis\u00e9s par des membres m\u00eames de l\u2019ordre, d\u2019abord par le recteur Fran\u00e7ois d\u2019Aguilon, ensuite par le fr\u00e8re Pieter Huyssens.<\/p>\n<p style=\"text-align: justify;\">En 1773 l\u2019ordre des J\u00e9suites est supprim\u00e9 et ce sur ordre personnel du pape qui a succomb\u00e9 \u00e0 la pression exerc\u00e9e par nombre de puissants la\u00efques qui, pour l\u2019une ou l\u2019autre raison, \u00e9taient g\u00ean\u00e9s par ces religieux \u00e9rudits et sages. Dans le monde entier leurs biens sont saisis et vendus publiquement. Quelques ann\u00e9es plus tard leur \u00e9glise ici \u00e0 Anvers re\u00e7oit une nouvelle destination comme local de cat\u00e9ch\u00e8ses sous le patronat du saint \u00e9v\u00eaque Charles-Borrom\u00e9e. Le nom de ce saint, mod\u00e8le sp\u00e9cifique de la cat\u00e9ch\u00e8se, sera transmis \u00e0 l\u2019\u00e9glise elle-m\u00eame lorsque celle-ci deviendra \u00e9glise paroissiale ind\u00e9pendante lors du concordat de Napol\u00e9on en 1803. Pendant le r\u00e9gime hollandais le roi Willem voulut la transf\u00e9rer aux protestants, projet qui faisait fi de l\u2019opinion catholique. Promptement les paroissiens fid\u00e8les organis\u00e8rent une collecte d\u2019argent leur permettant de racheter leur \u00e9glise.<\/p>\n<p style=\"text-align: justify;\">\u2022\u00a0<strong>La place de l\u2019\u00e9glise<\/strong><\/p>\n<p style=\"text-align: justify;\">C\u2019est aux J\u00e9suites qu\u2019on doit l\u2019enti\u00e8re conception de cette char\u00adman\u00adte petite place de l\u2019\u00e9glise. \u00c0 l\u2019origine ils avaient ici le quartier g\u00e9n\u00e9ral de leur pro\u00advin\u00adce flamande. Depuis environ 1555 les p\u00e8res ont progres\u00adsi\u00advement d\u00e9velopp\u00e9 leur terrain d\u2019action pastorale dans la ville scald\u00e9enne, avec comme r\u00e9alisation principale, un coll\u00e8ge pour l\u2019enseignement secondaire. Plusieurs maisons et m\u00eame une petite rue disparaissent en 1614 pour permettre la construction du nouveau complexe baroque. Du fait que les nouveaux \u00e9difices conventuels sont centr\u00e9s autour d\u2019une place ayant un caract\u00e8re public, il s\u2019agit ici vraiment d\u2019une innovation dans la conception de l\u2019am\u00e9nagement urbain moyen\u00e2geux.<\/p>\n<p style=\"text-align: justify;\">\u2022\u00a0<strong>La fa\u00e7ade (\u21d2 A)<\/strong><\/p>\n<p style=\"text-align: justify;\">L\u2019imposante fa\u00e7ade est directement inspir\u00e9e par l\u2019\u00e9glise-m\u00e8re de Rome, le \u2018Ges\u00f9\u2019, qui existait d\u00e9j\u00e0 depuis 40 ans. Comme dans tout \u00e9difice baroque la fa\u00e7ade attire l\u2019attention du passant par tous les moyens tels que:<\/p>\n<ul style=\"text-align: justify;\">\n<li>les dimensions impressionnantes (la fa\u00e7ade est plus haute que le b\u00e2timent);<\/li>\n<li>l\u2019\u00e9quilibre entre le mouvement vertical et horizontal;<\/li>\n<li>la conception dynamique avec les \u00e9normes volutes et l\u2019ordonnance classique des colonnes et des pilastres (les colonnes doriques, plus lourdes, se trouvent au rez-de-chauss\u00e9e; les ioniennes, plus \u00e9l\u00e9gantes, sont au premier \u00e9tage, et les corinthiennes au second.<\/li>\n<li>la d\u00e9coration exub\u00e9rante, partiellement de Rubens.<\/li>\n<\/ul>\n<p style=\"text-align: justify;\">Ainsi la fa\u00e7ade refl\u00e8te le sentiment aigu de confiance en soi de l\u2019\u00c9glise Catholique \u00e0 l\u2019\u00e9poque de la Contre-R\u00e9forme. Quoique cette mentalit\u00e9 soit loin de nous actuellement, nous aimons partager les accords joyeux des instruments de musique repr\u00e9sent\u00e9s au bas de la fa\u00e7ade.<\/p>\n<p style=\"text-align: justify;\">En 1621 l\u2019\u00e9glise est consacr\u00e9e \u00e0 Ignace de Loyola, fondateur de l\u2019ordre, \u00e0 cette \u00e9poque encore bienheureux. C\u2019est la raison pour laquelle on choisit \u00e0 ce moment Notre-Dame comme \u2018vraie\u2019 sainte patronne. Ceci explique pourquoi le buste couronn\u00e9 de lauriers du \u201cbienheureux p\u00e8re Ignace\u201d tr\u00f4ne sur la fa\u00e7ade et que l\u2019ensemble de la fa\u00e7ade est couronn\u00e9 par un fronton dans lequel si\u00e8ge la Madone \u00e0 l\u2019Enfant, \u0153uvre de Hans van Mildert. Lorsqu\u2019un an plus tard le fondateur de l\u2019ordre est canonis\u00e9, l\u2019\u00e9glise \u00e9tait connue couramment sous le nom de \u201cSt-Ignace\u201d. Cette canonisation d\u2019Ignace et du grand missionnaire j\u00e9suite Fran\u00e7ois Xavier est alors f\u00eat\u00e9e avec faste par des cort\u00e8ges, des repr\u00e9sentations th\u00e9\u00e2trales et des d\u00e9corations de rues. Au centre de la fa\u00e7ade l\u2019ordre des J\u00e9suites place son embl\u00e8me IHS par lequel il exprime sa cons\u00e9cration \u00e0 J\u00e9sus (d\u2019apr\u00e8s la conception originale grecque il s\u2019agit des trois premi\u00e8res lettres du nom de J\u00e9sus; d\u2019apr\u00e8s la version latine ce seraient les initiales affirmant \u201cJ\u00e9sus Sauveur des hommes\u201d).<\/p>\n<p style=\"text-align: justify;\">\u2022\u00a0<strong>L\u2019int\u00e9rieur en g\u00e9n\u00e9ral (\u21d2 B)<\/strong><\/p>\n<p style=\"text-align: justify;\">L\u2019int\u00e9rieur de l\u2019\u00e9glise ressemble fort \u00e0 une salle de f\u00eates baroque et c\u2019\u00e9tait bien l\u2019intention. En effet on veut amener le ciel sur terre ou, pour mieux l\u2019exprimer, donner aux fid\u00e8les un avant-go\u00fbt des joies c\u00e9lestes dans la maison \u00e9ternelle du P\u00e8re. Des sommes fabuleuses furent d\u00e9pens\u00e9es pour la d\u00e9coration; ce n\u2019est pas sans raison que l\u2019\u00e9glise des j\u00e9suites fut nomm\u00e9e \u201cle temple de marbre\u201d. Des remarques furent d\u2019ailleurs exprim\u00e9es par Rome \u00e0 l\u2019\u00e9gard de ces d\u00e9penses extravagantes et il fut recommand\u00e9 d\u2019exercer plus de sens des responsabilit\u00e9s. Ceci explique la relative sobri\u00e9t\u00e9 de la chapelle lat\u00e9rale de St-Ignace qui fut d\u00e9cor\u00e9e en dernier lieu. Les nombreuses vues d\u2019int\u00e9rieur datant du XVIIe s. prouvent bien que l\u2019\u00e9glise \u00e9tait vraiment pittoresque.<\/p>\n<p style=\"text-align: justify;\">Le 18 juillet 1718 est un jour funeste dans l\u2019histoire de l\u2019\u00e9glise: la foudre frappe et fait d\u2019\u00e9normes d\u00e9g\u00e2ts. Dans les vo\u00fbtes pas moins de 39 peintures de Rubens partirent dans les flammes ainsi que l\u2019abondante richesse des marbres de diverses sortes dans la nef. La reconstruction de la basilique \u00e0 colonnades est confi\u00e9e \u00e0 Jan Pieter Van Baurscheit l\u2019Ancien et, apr\u00e8s trois ans, l\u2019\u00e9glise peut rouvrir ses portes. Une nouvelle restauration compl\u00e8te a lieu dans les ann\u00e9es 1980. \u00c0 cette occasion on s\u2019est efforc\u00e9 de retrouver l\u2019int\u00e9rieur original d\u2019avant 1718, particuli\u00e8rement en ce qui concerne l\u2019imitation du marbre.<\/p>\n<p style=\"text-align: justify;\">\u2022\u00a0<strong>Le ma\u00eetre-autel (\u21d2 C)<\/strong><\/p>\n<p style=\"text-align: justify;\">La caract\u00e9ristique d\u2019une \u00e9glise de j\u00e9suites est d\u2019attirer d\u00e8s l\u2019entr\u00e9e toute l\u2019attention vers le ma\u00eetre-autel lequel est con\u00e7u comme un grandiose d\u00e9cor de th\u00e9\u00e2tre expos\u00e9 \u00e0 la vue de tous. Afin d\u2019assumer de fa\u00e7on optimale son r\u00f4le de centre d\u2019attraction visuelle le ma\u00eetre-autel dispose de la possibilit\u00e9 de remplacer son \u00e9norme tableau. Quatre peintures trouvent place derri\u00e8re l\u2019autel dans un emplacement de r\u00e9serve. A tour de r\u00f4le, gr\u00e2ce \u00e0 un syst\u00e8me de poulies, elles peuvent \u00eatre pr\u00e9sent\u00e9es d\u2019apr\u00e8s la th\u00e9matique correspondant aux p\u00e9riodes de l\u2019ann\u00e9e liturgique: la messe est ainsi visualis\u00e9e th\u00e9matiquement par la peinture! L\u2019art baroque a d\u2019ailleurs pour but d\u2019entra\u00eener le spectateur dans la repr\u00e9sentation afin qu\u2019il se sente plus \u00e9troitement li\u00e9 au Christ ou aux saints. La repr\u00e9sentation concr\u00e8te d\u2019un \u00e9pisode biblique constitue d\u2019ailleurs la base de la m\u00e9thode de m\u00e9ditation ignacienne. C\u2019est la raison pour laquelle l\u2019\u0153il, la vision, d\u00e9tient une importance capitale dans la compr\u00e9hension d\u2019une \u00e9glise baroque. C\u2019est dans ce but qu\u2019on s\u2019adresse aux grands ma\u00eetres et qu\u2019on les paie en cons\u00e9quence. Deux des quatre tableaux: \u2018<em>St-Ignace\u2019\u00a0<\/em>et\u00a0<em>\u2018St-Fran\u00e7ois-Xavier\u2019<\/em>, repr\u00e9sent\u00e9s comme thaumaturges, sont de la main de Rubens. Ils ont cependant \u00e9t\u00e9 emport\u00e9s \u00e0 Vienne par les Autrichiens. Les deux autres tableaux peuvent encore \u00eatre admir\u00e9s sur place \u00e0 tour de r\u00f4le:\u00a0<em>\u2018L\u2019\u00e9rection de la croix\u2019<\/em>\u00a0de Gerard Zegers et\u00a0<em>\u2018Le couronnement de la Vierge\u2019<\/em>\u00a0de Cornelis Schut. Une\u00a0<em>\u2018Notre-Dame du Mont-Carmel\u2019\u00a0<\/em>de G. Wappers (fin XIXe s.) participe actuellement \u00e0 ce tour de r\u00f4le.<\/p>\n<p style=\"text-align: justify;\">Que dans cette \u00e9glise conventuelle des stalles n\u2019ont pas \u00e9t\u00e9 pr\u00e9vues (et donc pas non plus un long ch\u0153ur) trouve son origine dans le caract\u00e8re propre des J\u00e9suites: ils d\u00e9sirent \u00eatre aussi efficients que possible pastoralement et c\u2019est la raison pour laquelle chaque j\u00e9suite lit son br\u00e9viaire journalier individuellement.<\/p>\n<p style=\"text-align: justify;\">\u2022\u00a0<strong>La nef<\/strong><\/p>\n<p style=\"text-align: justify;\">Sur les lambris des nefs lat\u00e9rales, entre les confessionnaux, on peut lire des \u00e9pisodes des vies mouvement\u00e9es respectives d\u2019Ignace (<strong>\u21d2<\/strong><strong>\u00a0D<\/strong>) et de Fran\u00e7ois Xavier (<strong>\u21d2<\/strong><strong>\u00a0E<\/strong>) dans une vingtaine de\u00a0<u>m\u00e9daillons<\/u>: \u0153uvre de Michiel Van der Voort l\u2019Ancien et Jan Pieter Van Baurscheit l\u2019Ancien (apr\u00e8s 1718).<\/p>\n<p style=\"text-align: justify;\">Ce dernier est \u00e9galement l\u2019auteur de\u00a0<u>la chaire de v\u00e9rit\u00e9<\/u>\u00a0monumentale (<strong>\u21d2<\/strong><strong>\u00a0F<\/strong>) dont l\u2019\u00e9l\u00e9ment principal est l\u2019all\u00e9gorie de l\u2019\u00c9glise triomphante qui pi\u00e9tine les monstres du mensonge et de l\u2019ignorance ainsi que les masques (!) de l\u2019hypocrisie.<\/p>\n<p style=\"text-align: justify;\"><strong>\u2022 La chapelle de Marie (\u21d2 G)<\/strong><\/p>\n<p style=\"text-align: justify;\">La repr\u00e9sentation de la Madone dans la chapelle de Marie, exceptionnellement riche, est encore plus spectaculaire; cette r\u00e9alisation a \u00e9t\u00e9 rendue possible par le m\u00e9c\u00e9nat des trois s\u0153urs Houtappel de Ranst qui v\u00e9curent comme \u2018filles spirituelles\u2019 de l\u2019esprit j\u00e9suite. L\u2019art pictural de Rubens se fond en une unit\u00e9 th\u00e9matique avec l\u2019\u0153uvre sculpt\u00e9e en marbre de l\u2019atelier Colijn de Nole. Marie, glorieusement accueillie au ciel, est en m\u00eame temps d\u00e9j\u00e0 couronn\u00e9e par le bras puissant de Dieu le P\u00e8re qui avait \u00e0 l\u2019origine offert une couronne dor\u00e9e. Cette chapelle fantastique est l\u2019endroit id\u00e9al \u00e0 Anvers pour se laisser submerger par la s\u00e9duction badine de l\u2019art baroque. Ici le baroque vous sourit avec les lignes capricieuses des panneaux en marbre; les petites sc\u00e8nes de la vie de Marie peintes sur le marbre de l\u2019autel par Hendrik van Balen; le banc de communion si fid\u00e8le \u00e0 la nature avec des fleurs, des \u00e9pis de ma\u00efs et des grappes de raisin; le plafond en stuc con\u00e7u par Rubens avec les titres honorifiques symboliques de Notre-Dame; les consoles et les reliefs avec leurs masques stylis\u00e9s ou non. Celui qui ne quitte pas ce lieu plein de joie doit r\u00e9ellement \u00eatre un endurci\u2026n La chapelle de Marie (F\u00a0<strong>G<\/strong>)<\/p>\n<p style=\"text-align: justify;\">\u2022\u00a0<strong>La chapelle de St-Ignace (\u21d2 H)\u00a0<\/strong><\/p>\n<p style=\"text-align: justify;\">Cette chapelle est plus sobre. Nous remarquons toutefois le banc de communion en marbre blanc particuli\u00e8rement beau; le mat\u00e9riau est travaill\u00e9 de fa\u00e7on si fid\u00e8le \u00e0 la nature qu\u2019on en oublierait qu\u2019il s\u2019agit de marbre sculpt\u00e9.<\/p>\n<p style=\"text-align: justify;\">\u2022\u00a0<strong>Musique et chants\u00a0<\/strong><\/p>\n<p style=\"text-align: justify;\">Au plaisir visuel ajoutons le plaisir auditif. Ce dernier vous est offert vocalement ou instrumentalement le dimanche \u00e0 11.30h lors de la messe des artistes. Cette belle tradition, initi\u00e9e par Beno\u00eet Roose, se maintient depuis un demi-si\u00e8cle gr\u00e2ce \u00e0 l\u2019int\u00e9r\u00eat dont elle b\u00e9n\u00e9ficie dans tout le grand-Anvers.<\/p>\n<p style=\"text-align: justify;\">\u2022\u00a0<strong>Le mus\u00e9e de la dentelle<\/strong><\/p>\n<p style=\"text-align: justify;\">La magnifique collection de dentelles peut \u00eatre visit\u00e9e sur demande.<\/p>\n<p style=\"text-align: justify;\">\u2022\u00a0<strong>La tour (\u21d2 I)<\/strong><\/p>\n<p style=\"text-align: justify;\">\u00c0 titre d\u2019adieu n\u2019oublions pas de saluer la merveilleuse tour au St-Katelijnevest. Fid\u00e8le \u00e0 son caract\u00e8re symbolique, et ceci pr\u00e9cis\u00e9ment pr\u00e8s du ma\u00eetre-autel, cette perle du baroque, haute de 58m, nous guide vers Dieu l\u00e0 o\u00f9 toute joie baroque trouve sa v\u00e9ritable inspiration\u2026<\/p>\n<p style=\"text-align: justify;\"><strong>\u00a0<\/strong><\/p>\n<h2 style=\"text-align: center;\"><strong>PUISSE CETTE MAGNIFIQUE\u00a0 \u2018MAISON DE DIEU\u2019<\/strong><\/h2>\n<h2 style=\"text-align: center;\"><strong>\u00c9GALEMENT INSPIRER VOTRE<\/strong><\/h2>\n<h2 style=\"text-align: center;\"><strong>JOIE DE VIVRE !<\/strong><\/h2>\n<h2 style=\"text-align: center;\">\u266b\u266a\u266b\u266a<\/h2>\n<h2 style=\"text-align: center;\">\u266b\u266a<\/h2>\n<h2 style=\"text-align: center;\">\u266a<\/h2>\n\t\t\t\t\t\t\t\t<\/div>\n\t\t\t\t<\/div>\n\t\t\t\t\t<\/div>\n\t\t<\/div>\n\t\t\t\t<div class=\"elementor-column elementor-col-33 elementor-top-column elementor-element elementor-element-6874547\" data-id=\"6874547\" data-element_type=\"column\" data-e-type=\"column\">\n\t\t\t<div class=\"elementor-widget-wrap elementor-element-populated\">\n\t\t\t\t\t\t<div class=\"elementor-element elementor-element-b0a4840 elementor-widget elementor-widget-image\" data-id=\"b0a4840\" data-element_type=\"widget\" data-e-type=\"widget\" data-widget_type=\"image.default\">\n\t\t\t\t<div class=\"elementor-widget-container\">\n\t\t\t\t\t\t\t\t\t\t\t\t<figure class=\"wp-caption\">\n\t\t\t\t\t\t\t\t\t\t\t<a href=\"http:\/\/topa.be\/wp-content\/uploads\/Antwerpen-Carolus-Borromeuskerk-Wilhelm-Schubert-von-Ehrenberg.jpg\" data-elementor-open-lightbox=\"yes\" data-elementor-lightbox-title=\"Antwerpen-Carolus-Borromeuskerk-Wilhelm-Schubert-von-Ehrenberg\" data-elementor-lightbox-description=\"Antwerpen Carolus Borromeuskerk, Wilhelm Schubert von Ehrenberg\" data-e-action-hash=\"#elementor-action%3Aaction%3Dlightbox%26settings%3DeyJpZCI6MTMxODAsInVybCI6Imh0dHBzOlwvXC90b3BhLmJlXC93cC1jb250ZW50XC91cGxvYWRzXC9BbnR3ZXJwZW4tQ2Fyb2x1cy1Cb3Jyb21ldXNrZXJrLVdpbGhlbG0tU2NodWJlcnQtdm9uLUVocmVuYmVyZy5qcGcifQ%3D%3D\">\n\t\t\t\t\t\t\t<img fetchpriority=\"high\" decoding=\"async\" width=\"741\" height=\"699\" src=\"https:\/\/topa.be\/wp-content\/uploads\/Antwerpen-Carolus-Borromeuskerk-Wilhelm-Schubert-von-Ehrenberg.jpg\" class=\"attachment-large size-large wp-image-13180\" alt=\"\" srcset=\"https:\/\/topa.be\/wp-content\/uploads\/Antwerpen-Carolus-Borromeuskerk-Wilhelm-Schubert-von-Ehrenberg.jpg 741w, https:\/\/topa.be\/wp-content\/uploads\/Antwerpen-Carolus-Borromeuskerk-Wilhelm-Schubert-von-Ehrenberg-300x283.jpg 300w, https:\/\/topa.be\/wp-content\/uploads\/Antwerpen-Carolus-Borromeuskerk-Wilhelm-Schubert-von-Ehrenberg-200x189.jpg 200w\" sizes=\"(max-width: 741px) 100vw, 741px\" \/>\t\t\t\t\t\t\t\t<\/a>\n\t\t\t\t\t\t\t\t\t\t\t<figcaption class=\"widget-image-caption wp-caption-text\">Antwerpen Carolus Borromeuskerk, Wilhelm Schubert von Ehrenberg<\/figcaption>\n\t\t\t\t\t\t\t\t\t\t<\/figure>\n\t\t\t\t\t\t\t\t\t<\/div>\n\t\t\t\t<\/div>\n\t\t\t\t<div class=\"elementor-element elementor-element-2eebd66 elementor-widget elementor-widget-text-editor\" data-id=\"2eebd66\" data-element_type=\"widget\" data-e-type=\"widget\" data-widget_type=\"text-editor.default\">\n\t\t\t\t<div class=\"elementor-widget-container\">\n\t\t\t\t\t\t\t\t\t<h4 class=\"widgettitle\">Pour d\u00e9couvrir plus:<\/h4>\n\t\t\t\t\t\t\t\t<\/div>\n\t\t\t\t<\/div>\n\t\t\t\t<div class=\"elementor-element elementor-element-5c3e538 elementor-nav-menu--dropdown-tablet elementor-nav-menu__text-align-aside elementor-nav-menu--toggle elementor-nav-menu--burger elementor-widget elementor-widget-nav-menu\" data-id=\"5c3e538\" data-element_type=\"widget\" data-e-type=\"widget\" data-settings=\"{&quot;layout&quot;:&quot;vertical&quot;,&quot;submenu_icon&quot;:{&quot;value&quot;:&quot;&lt;i class=\\&quot;fas fa-caret-down\\&quot; aria-hidden=\\&quot;true\\&quot;&gt;&lt;\\\/i&gt;&quot;,&quot;library&quot;:&quot;fa-solid&quot;},&quot;toggle&quot;:&quot;burger&quot;}\" data-widget_type=\"nav-menu.default\">\n\t\t\t\t<div class=\"elementor-widget-container\">\n\t\t\t\t\t\t\t\t<nav aria-label=\"Menu\" class=\"elementor-nav-menu--main elementor-nav-menu__container elementor-nav-menu--layout-vertical e--pointer-framed e--animation-fade\">\n\t\t\t\t<ul id=\"menu-1-5c3e538\" class=\"elementor-nav-menu sm-vertical\"><li class=\"menu-item menu-item-type-post_type menu-item-object-page menu-item-59984\"><a href=\"https:\/\/topa.be\/fr\/sint-carolus-borromeus\/praktisch\/\" class=\"elementor-item\">Informations pratiques<\/a><\/li>\n<li class=\"menu-item menu-item-type-post_type menu-item-object-page menu-item-59985\"><a href=\"https:\/\/topa.be\/fr\/sint-carolus-borromeus\/rondleidingen\/\" class=\"elementor-item\">Visites guid\u00e9es<\/a><\/li>\n<li class=\"menu-item menu-item-type-post_type menu-item-object-page menu-item-59986\"><a href=\"https:\/\/topa.be\/fr\/sint-carolus-borromeus\/kennismaking\/\" class=\"elementor-item\">l\u2019\u00e9glise en bref<\/a><\/li>\n<li class=\"menu-item menu-item-type-post_type menu-item-object-page menu-item-59987\"><a href=\"https:\/\/topa.be\/fr\/sint-carolus-borromeus\/interactief-grondplan\/\" class=\"elementor-item\">Plan interactif<\/a><\/li>\n<li class=\"menu-item menu-item-type-post_type menu-item-object-page menu-item-59988\"><a href=\"https:\/\/topa.be\/fr\/sint-carolus-borromeus\/beschrijving\/\" class=\"elementor-item\">Histoire &#038; Description<\/a><\/li>\n<li class=\"menu-item menu-item-type-post_type menu-item-object-page menu-item-59989\"><a href=\"https:\/\/topa.be\/fr\/sint-carolus-borromeus\/publicaties\/\" class=\"elementor-item\">Publications<\/a><\/li>\n<\/ul>\t\t\t<\/nav>\n\t\t\t\t\t<div class=\"elementor-menu-toggle\" role=\"button\" tabindex=\"0\" aria-label=\"Permuter le menu\" aria-expanded=\"false\">\n\t\t\t<i aria-hidden=\"true\" role=\"presentation\" class=\"elementor-menu-toggle__icon--open eicon-menu-bar\"><\/i><i aria-hidden=\"true\" role=\"presentation\" class=\"elementor-menu-toggle__icon--close eicon-close\"><\/i>\t\t<\/div>\n\t\t\t\t\t<nav class=\"elementor-nav-menu--dropdown elementor-nav-menu__container\" aria-hidden=\"true\">\n\t\t\t\t<ul id=\"menu-2-5c3e538\" class=\"elementor-nav-menu sm-vertical\"><li class=\"menu-item menu-item-type-post_type menu-item-object-page menu-item-59984\"><a href=\"https:\/\/topa.be\/fr\/sint-carolus-borromeus\/praktisch\/\" class=\"elementor-item\" tabindex=\"-1\">Informations pratiques<\/a><\/li>\n<li class=\"menu-item menu-item-type-post_type menu-item-object-page menu-item-59985\"><a href=\"https:\/\/topa.be\/fr\/sint-carolus-borromeus\/rondleidingen\/\" class=\"elementor-item\" tabindex=\"-1\">Visites guid\u00e9es<\/a><\/li>\n<li class=\"menu-item menu-item-type-post_type menu-item-object-page menu-item-59986\"><a href=\"https:\/\/topa.be\/fr\/sint-carolus-borromeus\/kennismaking\/\" class=\"elementor-item\" tabindex=\"-1\">l\u2019\u00e9glise en bref<\/a><\/li>\n<li class=\"menu-item menu-item-type-post_type menu-item-object-page menu-item-59987\"><a href=\"https:\/\/topa.be\/fr\/sint-carolus-borromeus\/interactief-grondplan\/\" class=\"elementor-item\" tabindex=\"-1\">Plan interactif<\/a><\/li>\n<li class=\"menu-item menu-item-type-post_type menu-item-object-page menu-item-59988\"><a href=\"https:\/\/topa.be\/fr\/sint-carolus-borromeus\/beschrijving\/\" class=\"elementor-item\" tabindex=\"-1\">Histoire &#038; Description<\/a><\/li>\n<li class=\"menu-item menu-item-type-post_type menu-item-object-page menu-item-59989\"><a href=\"https:\/\/topa.be\/fr\/sint-carolus-borromeus\/publicaties\/\" class=\"elementor-item\" tabindex=\"-1\">Publications<\/a><\/li>\n<\/ul>\t\t\t<\/nav>\n\t\t\t\t\t\t<\/div>\n\t\t\t\t<\/div>\n\t\t\t\t\t<\/div>\n\t\t<\/div>\n\t\t\t\t\t<\/div>\n\t\t<\/section>\n\t\t\t\t<\/div>\n\t\t","protected":false},"excerpt":{"rendered":"<p>\u00c9glise Saint-Charles-Borrom\u00e9e en bref Cher visiteur, soyez le bienvenu dans notre belle \u00e9glise paroissiale baroque. Bien que ce monument ait connu bien des malheurs au cours des si\u00e8cles, il est rest\u00e9 n\u00e9anmoins un v\u00e9ritable temple de l\u2019art. C\u2019est par excellence l\u2019\u00e9glise de Rubens; non seulement il y a d\u00e9velopp\u00e9 ses talents de peintre; il y [&hellip;]<\/p>\n","protected":false},"author":16,"featured_media":0,"parent":38117,"menu_order":30,"comment_status":"closed","ping_status":"closed","template":"","meta":{"footnotes":""},"class_list":["post-37727","page","type-page","status-publish","hentry"],"aioseo_notices":[],"_links":{"self":[{"href":"https:\/\/topa.be\/fr\/wp-json\/wp\/v2\/pages\/37727","targetHints":{"allow":["GET"]}}],"collection":[{"href":"https:\/\/topa.be\/fr\/wp-json\/wp\/v2\/pages"}],"about":[{"href":"https:\/\/topa.be\/fr\/wp-json\/wp\/v2\/types\/page"}],"author":[{"embeddable":true,"href":"https:\/\/topa.be\/fr\/wp-json\/wp\/v2\/users\/16"}],"replies":[{"embeddable":true,"href":"https:\/\/topa.be\/fr\/wp-json\/wp\/v2\/comments?post=37727"}],"version-history":[{"count":3,"href":"https:\/\/topa.be\/fr\/wp-json\/wp\/v2\/pages\/37727\/revisions"}],"predecessor-version":[{"id":45811,"href":"https:\/\/topa.be\/fr\/wp-json\/wp\/v2\/pages\/37727\/revisions\/45811"}],"up":[{"embeddable":true,"href":"https:\/\/topa.be\/fr\/wp-json\/wp\/v2\/pages\/38117"}],"wp:attachment":[{"href":"https:\/\/topa.be\/fr\/wp-json\/wp\/v2\/media?parent=37727"}],"curies":[{"name":"wp","href":"https:\/\/api.w.org\/{rel}","templated":true}]}}