{"id":37642,"date":"2021-05-23T20:41:31","date_gmt":"2021-05-23T18:41:31","guid":{"rendered":"http:\/\/topa.be\/praktisch\/"},"modified":"2025-05-19T09:33:36","modified_gmt":"2025-05-19T07:33:36","slug":"praktisch","status":"publish","type":"page","link":"https:\/\/topa.be\/fr\/sint-jacob\/praktisch\/","title":{"rendered":"SJK Informations pratiques"},"content":{"rendered":"\t\t<div data-elementor-type=\"wp-page\" data-elementor-id=\"37642\" class=\"elementor elementor-37642 elementor-33813\" data-elementor-post-type=\"page\">\n\t\t\t\t\t\t<section class=\"elementor-section elementor-top-section elementor-element elementor-element-e7851f7 elementor-section-boxed elementor-section-height-default elementor-section-height-default\" data-id=\"e7851f7\" data-element_type=\"section\" data-e-type=\"section\">\n\t\t\t\t\t\t<div class=\"elementor-container elementor-column-gap-default\">\n\t\t\t\t\t<div class=\"elementor-column elementor-col-100 elementor-top-column elementor-element elementor-element-36a0879\" data-id=\"36a0879\" data-element_type=\"column\" data-e-type=\"column\">\n\t\t\t<div class=\"elementor-widget-wrap elementor-element-populated\">\n\t\t\t\t\t\t<div class=\"elementor-element elementor-element-4674e92 elementor-widget elementor-widget-heading\" data-id=\"4674e92\" data-element_type=\"widget\" data-e-type=\"widget\" data-widget_type=\"heading.default\">\n\t\t\t\t<div class=\"elementor-widget-container\">\n\t\t\t\t\t<h1 class=\"elementor-heading-title elementor-size-default\">\u00c9glise Saint-Jacques<\/h1>\t\t\t\t<\/div>\n\t\t\t\t<\/div>\n\t\t\t\t\t<\/div>\n\t\t<\/div>\n\t\t\t\t\t<\/div>\n\t\t<\/section>\n\t\t\t\t<section class=\"elementor-section elementor-top-section elementor-element elementor-element-49d5aa7 elementor-section-boxed elementor-section-height-default elementor-section-height-default\" data-id=\"49d5aa7\" data-element_type=\"section\" data-e-type=\"section\">\n\t\t\t\t\t\t<div class=\"elementor-container elementor-column-gap-default\">\n\t\t\t\t\t<div class=\"elementor-column elementor-col-100 elementor-top-column elementor-element elementor-element-de3273a\" data-id=\"de3273a\" data-element_type=\"column\" data-e-type=\"column\">\n\t\t\t<div class=\"elementor-widget-wrap elementor-element-populated\">\n\t\t\t\t\t\t<div class=\"elementor-element elementor-element-c9afd2b elementor-widget elementor-widget-heading\" data-id=\"c9afd2b\" data-element_type=\"widget\" data-e-type=\"widget\" data-widget_type=\"heading.default\">\n\t\t\t\t<div class=\"elementor-widget-container\">\n\t\t\t\t\t<h2 class=\"elementor-heading-title elementor-size-default\">Informations pratiques<\/h2>\t\t\t\t<\/div>\n\t\t\t\t<\/div>\n\t\t\t\t\t<\/div>\n\t\t<\/div>\n\t\t\t\t\t<\/div>\n\t\t<\/section>\n\t\t\t\t<section class=\"elementor-section elementor-top-section elementor-element elementor-element-7af8480 elementor-section-boxed elementor-section-height-default elementor-section-height-default\" data-id=\"7af8480\" data-element_type=\"section\" data-e-type=\"section\">\n\t\t\t\t\t\t<div class=\"elementor-container elementor-column-gap-default\">\n\t\t\t\t\t<div class=\"elementor-column elementor-col-66 elementor-top-column elementor-element elementor-element-701a573\" data-id=\"701a573\" data-element_type=\"column\" data-e-type=\"column\">\n\t\t\t<div class=\"elementor-widget-wrap elementor-element-populated\">\n\t\t\t\t\t\t<div class=\"elementor-element elementor-element-4cc6866 elementor-widget elementor-widget-text-editor\" data-id=\"4cc6866\" data-element_type=\"widget\" data-e-type=\"widget\" data-widget_type=\"text-editor.default\">\n\t\t\t\t<div class=\"elementor-widget-container\">\n\t\t\t\t\t\t\t\t\t<p style=\"text-align: justify;\"><strong>C\u00e9l\u00e9brations Eucharistiques<\/strong><br \/>\nDimanche et jours de f\u00eate : 10h00.<\/p>\n<p><\/p>\n<p style=\"text-align: justify;\"><strong>Heures de visites<br \/>\n<\/strong><\/p>\n<p>Tous les jours de 14h \u00e0 17h.<\/p>\n<p>Les jours f\u00e9ri\u00e9s, les horaires peuvent \u00eatre exceptionnellement modifi\u00e9s.<br \/>L&rsquo;\u00e9glise Saint-Jacques est accessible par l&rsquo;entr\u00e9e principale au 9 rue Saint-Jacques.<br \/>L&rsquo;entr\u00e9e pour les personnes en chaise roulante est via le Sint-Jacobsmarkt.<br \/>Pour l&rsquo;acc\u00e8s des fauteuils roulants : t\u00e9l\u00e9phoner au 0032 (0)495-36 93 37 &#8211; uniquement pendant les heures de visite<\/p>\n<p style=\"text-align: justify;\"><strong>L&rsquo;\u00e9glise est en acc\u00e8s libre<\/strong><\/p>\n<p><\/p>\n<p style=\"text-align: justify;\">Voir aussi l\u2019offre sous\u00a0<a href=\"https:\/\/topa.be\/fr\/sint-jacob\/rondleidingen\/\"><strong>Visites guid\u00e9es<\/strong><\/a><\/p>\n<p><\/p>\n<p style=\"text-align: justify;\"><strong>Informations<\/strong><strong><br \/>\n<\/strong><strong>tel. +32 (0)3\u00a0232 10 32<br \/>\ne-mail:\u00a0<a href=\"mailto:info@sintjacobantwerpen.be\">info@sintjacobantwerpen.be<\/a><a href=\"mailto:roelants.peter@gmail.com\"><br \/>\n<\/a>Website:\u00a0<a href=\"http:\/\/www.sintjacobantwerpen.be\/\" target=\"_blank\" rel=\"noopener noreferrer\">www.sintjacobantwerpen.be<\/a><\/strong><\/p>\n<p><\/p>\n<p style=\"text-align: justify;\"><strong>Cure<\/strong><br \/>\nLange Nieuwstraat 73 \u2013 B 2000 Antwerpen<br \/>\ntel\/fax +32 (0)3 232 10 32<\/p>\n\t\t\t\t\t\t\t\t<\/div>\n\t\t\t\t<\/div>\n\t\t\t\t\t<\/div>\n\t\t<\/div>\n\t\t\t\t<div class=\"elementor-column elementor-col-33 elementor-top-column elementor-element elementor-element-74b826f\" data-id=\"74b826f\" data-element_type=\"column\" data-e-type=\"column\">\n\t\t\t<div class=\"elementor-widget-wrap elementor-element-populated\">\n\t\t\t\t\t\t<div class=\"elementor-element elementor-element-8fb7f30 elementor-widget elementor-widget-text-editor\" data-id=\"8fb7f30\" data-element_type=\"widget\" data-e-type=\"widget\" data-widget_type=\"text-editor.default\">\n\t\t\t\t<div class=\"elementor-widget-container\">\n\t\t\t\t\t\t\t\t\t<h4 class=\"widgettitle\">Pour d\u00e9couvrir plus:<\/h4>\n\t\t\t\t\t\t\t\t<\/div>\n\t\t\t\t<\/div>\n\t\t\t\t<div class=\"elementor-element elementor-element-0f5d4f4 elementor-nav-menu--dropdown-tablet elementor-nav-menu__text-align-aside elementor-nav-menu--toggle elementor-nav-menu--burger elementor-widget elementor-widget-nav-menu\" data-id=\"0f5d4f4\" data-element_type=\"widget\" data-e-type=\"widget\" data-settings=\"{&quot;layout&quot;:&quot;vertical&quot;,&quot;submenu_icon&quot;:{&quot;value&quot;:&quot;&lt;i class=\\&quot;fas fa-caret-down\\&quot; aria-hidden=\\&quot;true\\&quot;&gt;&lt;\\\/i&gt;&quot;,&quot;library&quot;:&quot;fa-solid&quot;},&quot;toggle&quot;:&quot;burger&quot;}\" data-widget_type=\"nav-menu.default\">\n\t\t\t\t<div class=\"elementor-widget-container\">\n\t\t\t\t\t\t\t\t<nav aria-label=\"Menu\" class=\"elementor-nav-menu--main elementor-nav-menu__container elementor-nav-menu--layout-vertical e--pointer-framed e--animation-fade\">\n\t\t\t\t<ul id=\"menu-1-0f5d4f4\" class=\"elementor-nav-menu sm-vertical\"><li class=\"menu-item menu-item-type-post_type menu-item-object-page menu-item-60008\"><a href=\"https:\/\/topa.be\/fr\/sint-jacob\/praktisch\/\" class=\"elementor-item\">Informations pratiques<\/a><\/li>\n<li class=\"menu-item menu-item-type-post_type menu-item-object-page menu-item-60009\"><a href=\"https:\/\/topa.be\/fr\/sint-jacob\/rondleidingen\/\" class=\"elementor-item\">Visites guid\u00e9es<\/a><\/li>\n<li class=\"menu-item menu-item-type-post_type menu-item-object-page menu-item-60010\"><a href=\"https:\/\/topa.be\/fr\/sint-jacob\/kennismaking\/\" class=\"elementor-item\">L\u2019\u00e9glise en bref<\/a><\/li>\n<li class=\"menu-item menu-item-type-post_type menu-item-object-page menu-item-62842\"><a href=\"https:\/\/topa.be\/fr\/sint-jacob\/sjk-interactief-grondplan\/\" class=\"elementor-item\">Plan interactif<\/a><\/li>\n<li class=\"menu-item menu-item-type-post_type menu-item-object-page menu-item-61182\"><a href=\"https:\/\/topa.be\/fr\/sint-jacob\/beschrijving\/\" class=\"elementor-item\">Histoire &#038; Description<\/a><\/li>\n<\/ul>\t\t\t<\/nav>\n\t\t\t\t\t<div class=\"elementor-menu-toggle\" role=\"button\" tabindex=\"0\" aria-label=\"Permuter le menu\" aria-expanded=\"false\">\n\t\t\t<i aria-hidden=\"true\" role=\"presentation\" class=\"elementor-menu-toggle__icon--open eicon-menu-bar\"><\/i><i aria-hidden=\"true\" role=\"presentation\" class=\"elementor-menu-toggle__icon--close eicon-close\"><\/i>\t\t<\/div>\n\t\t\t\t\t<nav class=\"elementor-nav-menu--dropdown elementor-nav-menu__container\" aria-hidden=\"true\">\n\t\t\t\t<ul id=\"menu-2-0f5d4f4\" class=\"elementor-nav-menu sm-vertical\"><li class=\"menu-item menu-item-type-post_type menu-item-object-page menu-item-60008\"><a href=\"https:\/\/topa.be\/fr\/sint-jacob\/praktisch\/\" class=\"elementor-item\" tabindex=\"-1\">Informations pratiques<\/a><\/li>\n<li class=\"menu-item menu-item-type-post_type menu-item-object-page menu-item-60009\"><a href=\"https:\/\/topa.be\/fr\/sint-jacob\/rondleidingen\/\" class=\"elementor-item\" tabindex=\"-1\">Visites guid\u00e9es<\/a><\/li>\n<li class=\"menu-item menu-item-type-post_type menu-item-object-page menu-item-60010\"><a href=\"https:\/\/topa.be\/fr\/sint-jacob\/kennismaking\/\" class=\"elementor-item\" tabindex=\"-1\">L\u2019\u00e9glise en bref<\/a><\/li>\n<li class=\"menu-item menu-item-type-post_type menu-item-object-page menu-item-62842\"><a href=\"https:\/\/topa.be\/fr\/sint-jacob\/sjk-interactief-grondplan\/\" class=\"elementor-item\" tabindex=\"-1\">Plan interactif<\/a><\/li>\n<li class=\"menu-item menu-item-type-post_type menu-item-object-page menu-item-61182\"><a href=\"https:\/\/topa.be\/fr\/sint-jacob\/beschrijving\/\" class=\"elementor-item\" tabindex=\"-1\">Histoire &#038; Description<\/a><\/li>\n<\/ul>\t\t\t<\/nav>\n\t\t\t\t\t\t<\/div>\n\t\t\t\t<\/div>\n\t\t\t\t\t<\/div>\n\t\t<\/div>\n\t\t\t\t\t<\/div>\n\t\t<\/section>\n\t\t\t\t<section class=\"elementor-section elementor-top-section elementor-element elementor-element-7733b191 elementor-section-boxed elementor-section-height-default elementor-section-height-default\" data-id=\"7733b191\" data-element_type=\"section\" data-e-type=\"section\">\n\t\t\t\t\t\t<div class=\"elementor-container elementor-column-gap-default\">\n\t\t\t\t\t<div class=\"elementor-column elementor-col-100 elementor-top-column elementor-element elementor-element-45348d16\" data-id=\"45348d16\" data-element_type=\"column\" data-e-type=\"column\">\n\t\t\t<div class=\"elementor-widget-wrap elementor-element-populated\">\n\t\t\t\t\t\t<div class=\"elementor-element elementor-element-77469cc3 elementor-widget elementor-widget-text-editor\" data-id=\"77469cc3\" data-element_type=\"widget\" data-e-type=\"widget\" data-widget_type=\"text-editor.default\">\n\t\t\t\t<div class=\"elementor-widget-container\">\n\t\t\t\t\t\t\t\t\t<p style=\"text-align: justify;\">Sur <a href=\"https:\/\/goo.gl\/maps\/Kn2Kf1zW6FXq98dRA\"><strong>CETTE CARTE<\/strong><\/a> vous pouvez d\u00e9terminer un itin\u00e9raire en fonction de votre moyen de transport.<br \/>\nEssayez aussi VELO-Antwerpen\u00a0:\u00a0<strong><a href=\"https:\/\/www.velo-antwerpen.be\/fr\">https:\/\/www.velo-antwerpen.be\/fr<\/a><\/strong><\/p>\n\t\t\t\t\t\t\t\t<\/div>\n\t\t\t\t<\/div>\n\t\t\t\t\t<\/div>\n\t\t<\/div>\n\t\t\t\t\t<\/div>\n\t\t<\/section>\n\t\t\t\t<\/div>\n\t\t","protected":false},"excerpt":{"rendered":"<p>\u00c9glise Saint-Jacques Informations pratiques C\u00e9l\u00e9brations Eucharistiques Dimanche et jours de f\u00eate : 10h00. Heures de visites Tous les jours de 14h \u00e0 17h. Les jours f\u00e9ri\u00e9s, les horaires peuvent \u00eatre exceptionnellement modifi\u00e9s.L&rsquo;\u00e9glise Saint-Jacques est accessible par l&rsquo;entr\u00e9e principale au 9 rue Saint-Jacques.L&rsquo;entr\u00e9e pour les personnes en chaise roulante est via le Sint-Jacobsmarkt.Pour l&rsquo;acc\u00e8s des fauteuils [&hellip;]<\/p>\n","protected":false},"author":16,"featured_media":0,"parent":38113,"menu_order":10,"comment_status":"closed","ping_status":"closed","template":"","meta":{"footnotes":""},"class_list":["post-37642","page","type-page","status-publish","hentry"],"aioseo_notices":[],"_links":{"self":[{"href":"https:\/\/topa.be\/fr\/wp-json\/wp\/v2\/pages\/37642","targetHints":{"allow":["GET"]}}],"collection":[{"href":"https:\/\/topa.be\/fr\/wp-json\/wp\/v2\/pages"}],"about":[{"href":"https:\/\/topa.be\/fr\/wp-json\/wp\/v2\/types\/page"}],"author":[{"embeddable":true,"href":"https:\/\/topa.be\/fr\/wp-json\/wp\/v2\/users\/16"}],"replies":[{"embeddable":true,"href":"https:\/\/topa.be\/fr\/wp-json\/wp\/v2\/comments?post=37642"}],"version-history":[{"count":3,"href":"https:\/\/topa.be\/fr\/wp-json\/wp\/v2\/pages\/37642\/revisions"}],"predecessor-version":[{"id":71600,"href":"https:\/\/topa.be\/fr\/wp-json\/wp\/v2\/pages\/37642\/revisions\/71600"}],"up":[{"embeddable":true,"href":"https:\/\/topa.be\/fr\/wp-json\/wp\/v2\/pages\/38113"}],"wp:attachment":[{"href":"https:\/\/topa.be\/fr\/wp-json\/wp\/v2\/media?parent=37642"}],"curies":[{"name":"wp","href":"https:\/\/api.w.org\/{rel}","templated":true}]}}