{"id":37557,"date":"2021-05-23T11:24:05","date_gmt":"2021-05-23T09:24:05","guid":{"rendered":"http:\/\/topa.be\/beschrijving\/"},"modified":"2021-07-19T14:19:41","modified_gmt":"2021-07-19T12:19:41","slug":"beschrijving","status":"publish","type":"page","link":"https:\/\/topa.be\/fr\/sint-jacob\/beschrijving\/","title":{"rendered":"SJK Histoire &#038; Description"},"content":{"rendered":"\t\t<div data-elementor-type=\"wp-page\" data-elementor-id=\"37557\" class=\"elementor elementor-37557 elementor-33821\" data-elementor-post-type=\"page\">\n\t\t\t\t\t\t<section class=\"elementor-section elementor-top-section elementor-element elementor-element-2697eff elementor-section-boxed elementor-section-height-default elementor-section-height-default\" data-id=\"2697eff\" data-element_type=\"section\" data-e-type=\"section\">\n\t\t\t\t\t\t<div class=\"elementor-container elementor-column-gap-default\">\n\t\t\t\t\t<div class=\"elementor-column elementor-col-100 elementor-top-column elementor-element elementor-element-5206bec\" data-id=\"5206bec\" data-element_type=\"column\" data-e-type=\"column\">\n\t\t\t<div class=\"elementor-widget-wrap elementor-element-populated\">\n\t\t\t\t\t\t<div class=\"elementor-element elementor-element-bf273d9 elementor-widget elementor-widget-heading\" data-id=\"bf273d9\" data-element_type=\"widget\" data-e-type=\"widget\" data-widget_type=\"heading.default\">\n\t\t\t\t<div class=\"elementor-widget-container\">\n\t\t\t\t\t<h1 class=\"elementor-heading-title elementor-size-default\">Eglise Saint-Jacques<\/h1>\t\t\t\t<\/div>\n\t\t\t\t<\/div>\n\t\t\t\t\t<\/div>\n\t\t<\/div>\n\t\t\t\t\t<\/div>\n\t\t<\/section>\n\t\t\t\t<section class=\"elementor-section elementor-top-section elementor-element elementor-element-b69a26b elementor-section-boxed elementor-section-height-default elementor-section-height-default\" data-id=\"b69a26b\" data-element_type=\"section\" data-e-type=\"section\">\n\t\t\t\t\t\t<div class=\"elementor-container elementor-column-gap-default\">\n\t\t\t\t\t<div class=\"elementor-column elementor-col-100 elementor-top-column elementor-element elementor-element-39132a6\" data-id=\"39132a6\" data-element_type=\"column\" data-e-type=\"column\">\n\t\t\t<div class=\"elementor-widget-wrap elementor-element-populated\">\n\t\t\t\t\t\t<div class=\"elementor-element elementor-element-4af78f8 elementor-widget elementor-widget-heading\" data-id=\"4af78f8\" data-element_type=\"widget\" data-e-type=\"widget\" data-widget_type=\"heading.default\">\n\t\t\t\t<div class=\"elementor-widget-container\">\n\t\t\t\t\t<h2 class=\"elementor-heading-title elementor-size-default\">Geschiedenis en beschrijving<\/h2>\t\t\t\t<\/div>\n\t\t\t\t<\/div>\n\t\t\t\t\t<\/div>\n\t\t<\/div>\n\t\t\t\t\t<\/div>\n\t\t<\/section>\n\t\t\t\t<section class=\"elementor-section elementor-top-section elementor-element elementor-element-768e5e0 elementor-section-boxed elementor-section-height-default elementor-section-height-default\" data-id=\"768e5e0\" data-element_type=\"section\" data-e-type=\"section\">\n\t\t\t\t\t\t<div class=\"elementor-container elementor-column-gap-default\">\n\t\t\t\t\t<div class=\"elementor-column elementor-col-33 elementor-top-column elementor-element elementor-element-6a33aaa\" data-id=\"6a33aaa\" data-element_type=\"column\" data-e-type=\"column\">\n\t\t\t<div class=\"elementor-widget-wrap elementor-element-populated\">\n\t\t\t\t\t\t<div class=\"elementor-element elementor-element-60cfb01 elementor-widget elementor-widget-image\" data-id=\"60cfb01\" data-element_type=\"widget\" data-e-type=\"widget\" data-widget_type=\"image.default\">\n\t\t\t\t<div class=\"elementor-widget-container\">\n\t\t\t\t\t\t\t\t\t\t\t\t\t\t\t<img fetchpriority=\"high\" decoding=\"async\" width=\"800\" height=\"800\" src=\"https:\/\/topa.be\/wp-content\/uploads\/Sint-Jakob-1024x1024.jpg\" class=\"attachment-large size-large wp-image-29872\" alt=\"\" srcset=\"https:\/\/topa.be\/wp-content\/uploads\/Sint-Jakob.jpg 1024w, https:\/\/topa.be\/wp-content\/uploads\/Sint-Jakob-300x300.jpg 300w, https:\/\/topa.be\/wp-content\/uploads\/Sint-Jakob-200x200.jpg 200w, https:\/\/topa.be\/wp-content\/uploads\/Sint-Jakob-768x768.jpg 768w\" sizes=\"(max-width: 800px) 100vw, 800px\" \/>\t\t\t\t\t\t\t\t\t\t\t\t\t\t\t<\/div>\n\t\t\t\t<\/div>\n\t\t\t\t\t<\/div>\n\t\t<\/div>\n\t\t\t\t<div class=\"elementor-column elementor-col-66 elementor-top-column elementor-element elementor-element-0749d03\" data-id=\"0749d03\" data-element_type=\"column\" data-e-type=\"column\">\n\t\t\t<div class=\"elementor-widget-wrap elementor-element-populated\">\n\t\t\t\t\t\t<div class=\"elementor-element elementor-element-9d04c59 elementor-widget elementor-widget-text-editor\" data-id=\"9d04c59\" data-element_type=\"widget\" data-e-type=\"widget\" data-widget_type=\"text-editor.default\">\n\t\t\t\t<div class=\"elementor-widget-container\">\n\t\t\t\t\t\t\t\t\t<div class=\"wpb_text_column wpb_content_element \"><div class=\"wpb_wrapper\"><h2 style=\"text-align: center;\">La clef\u00a0pour la r\u00e9v\u00e9lation de<\/h2><h2 style=\"text-align: center;\">l\u2019\u00e9glise Saint-Jacques\u00a0d&rsquo;Anvers,<\/h2><h2 style=\"text-align: center;\">jadis\u00a0\u2018insigne coll\u00e9giale\u2019<\/h2><\/div><\/div><div class=\"wpb_text_column wpb_content_element \"><div class=\"wpb_wrapper\"><h3 style=\"text-align: center;\"><em>Rudi Mannaerts<\/em><\/h3><h3 style=\"text-align: center;\"><em>Syllabus didactique<\/em><\/h3><h3 style=\"text-align: center;\"><em>Toerismepastoraal Antwerpen<\/em><\/h3><\/div><\/div>\t\t\t\t\t\t\t\t<\/div>\n\t\t\t\t<\/div>\n\t\t\t\t\t<\/div>\n\t\t<\/div>\n\t\t\t\t\t<\/div>\n\t\t<\/section>\n\t\t\t\t<section class=\"elementor-section elementor-top-section elementor-element elementor-element-345a641 elementor-section-boxed elementor-section-height-default elementor-section-height-default\" data-id=\"345a641\" data-element_type=\"section\" data-e-type=\"section\">\n\t\t\t\t\t\t<div class=\"elementor-container elementor-column-gap-default\">\n\t\t\t\t\t<div class=\"elementor-column elementor-col-100 elementor-top-column elementor-element elementor-element-4e0e29c\" data-id=\"4e0e29c\" data-element_type=\"column\" data-e-type=\"column\">\n\t\t\t<div class=\"elementor-widget-wrap elementor-element-populated\">\n\t\t\t\t\t\t<div class=\"elementor-element elementor-element-a70aadb elementor-widget elementor-widget-text-editor\" data-id=\"a70aadb\" data-element_type=\"widget\" data-e-type=\"widget\" data-widget_type=\"text-editor.default\">\n\t\t\t\t<div class=\"elementor-widget-container\">\n\t\t\t\t\t\t\t\t\t<p style=\"text-align: justify;\"><em>Pour lire la description de l\u2019\u00e9glise Saint-Jacques, vous pouvez choisir un chapitre dans ce menu.<\/em><br \/>\n<em>De l\u00e0 vous continuez votre lecture soit en passant au chapitre suivant, soit en faisant un autre choix dans le menu \u00e0 droite.<\/em><\/p>\n\t\t\t\t\t\t\t\t<\/div>\n\t\t\t\t<\/div>\n\t\t\t\t\t<\/div>\n\t\t<\/div>\n\t\t\t\t\t<\/div>\n\t\t<\/section>\n\t\t\t\t<section class=\"elementor-section elementor-top-section elementor-element elementor-element-737c533 elementor-section-boxed elementor-section-height-default elementor-section-height-default\" data-id=\"737c533\" data-element_type=\"section\" data-e-type=\"section\">\n\t\t\t\t\t\t<div class=\"elementor-container elementor-column-gap-default\">\n\t\t\t\t\t<div class=\"elementor-column elementor-col-50 elementor-top-column elementor-element elementor-element-d3800a0\" data-id=\"d3800a0\" data-element_type=\"column\" data-e-type=\"column\">\n\t\t\t<div class=\"elementor-widget-wrap elementor-element-populated\">\n\t\t\t\t\t\t<div class=\"elementor-element elementor-element-4c09e84 elementor-widget elementor-widget-wp-widget-nav_menu\" data-id=\"4c09e84\" data-element_type=\"widget\" data-e-type=\"widget\" data-widget_type=\"wp-widget-nav_menu.default\">\n\t\t\t\t<div class=\"elementor-widget-container\">\n\t\t\t\t\t<nav class=\"menu-syllabus-sint-jacob-frans-container\" aria-label=\"Menu\"><ul id=\"menu-syllabus-sint-jacob-frans\" class=\"menu\"><li id=\"menu-item-59891\" class=\"menu-item menu-item-type-post_type menu-item-object-page menu-item-59891\"><a href=\"https:\/\/topa.be\/fr\/sint-jacob\/\">\u00c9glise Saint-Jacques<\/a><\/li>\n<li id=\"menu-item-61181\" class=\"menu-item menu-item-type-post_type menu-item-object-page menu-item-has-children menu-item-61181\"><a href=\"https:\/\/topa.be\/fr\/sint-jacob\/beschrijving\/\">Histoire &#038; Description<\/a>\n<ul class=\"sub-menu\">\n\t<li id=\"menu-item-59892\" class=\"menu-item menu-item-type-post_type menu-item-object-page menu-item-59892\"><a href=\"https:\/\/topa.be\/fr\/sint-jacob\/beschrijving\/inleiding\/\">Introduction<\/a><\/li>\n\t<li id=\"menu-item-59893\" class=\"menu-item menu-item-type-post_type menu-item-object-page menu-item-59893\"><a href=\"https:\/\/topa.be\/fr\/sint-jacob\/beschrijving\/patroonheilige\/\">Saint Jacques le Majeur<\/a><\/li>\n\t<li id=\"menu-item-59894\" class=\"menu-item menu-item-type-post_type menu-item-object-page menu-item-59894\"><a href=\"https:\/\/topa.be\/fr\/sint-jacob\/beschrijving\/compostella\/\">Le Chemin de Compostelle<\/a><\/li>\n\t<li id=\"menu-item-59895\" class=\"menu-item menu-item-type-post_type menu-item-object-page menu-item-59895\"><a href=\"https:\/\/topa.be\/fr\/sint-jacob\/beschrijving\/historische-context\/\">Contexte historique<\/a><\/li>\n\t<li id=\"menu-item-59896\" class=\"menu-item menu-item-type-post_type menu-item-object-page menu-item-59896\"><a href=\"https:\/\/topa.be\/fr\/sint-jacob\/beschrijving\/bouwgeschiedenis\/\">Un chantier s\u00e9culaire<\/a><\/li>\n\t<li id=\"menu-item-59897\" class=\"menu-item menu-item-type-post_type menu-item-object-page menu-item-59897\"><a href=\"https:\/\/topa.be\/fr\/sint-jacob\/beschrijving\/toren\/\">La Tour<\/a><\/li>\n\t<li id=\"menu-item-59898\" class=\"menu-item menu-item-type-post_type menu-item-object-page menu-item-59898\"><a href=\"https:\/\/topa.be\/fr\/sint-jacob\/beschrijving\/architectuur\/\">L\u2019architecture<\/a><\/li>\n\t<li id=\"menu-item-59899\" class=\"menu-item menu-item-type-post_type menu-item-object-page menu-item-59899\"><a href=\"https:\/\/topa.be\/fr\/sint-jacob\/beschrijving\/grondplan\/\">Le plan<\/a><\/li>\n\t<li id=\"menu-item-59900\" class=\"menu-item menu-item-type-post_type menu-item-object-page menu-item-59900\"><a href=\"https:\/\/topa.be\/fr\/sint-jacob\/beschrijving\/parochiekerk\/\">Une \u00e9glise paroissiale<\/a><\/li>\n\t<li id=\"menu-item-59901\" class=\"menu-item menu-item-type-post_type menu-item-object-page menu-item-59901\"><a href=\"https:\/\/topa.be\/fr\/sint-jacob\/beschrijving\/mariakapel\/\">La chapelle Mariale<\/a><\/li>\n\t<li id=\"menu-item-59902\" class=\"menu-item menu-item-type-post_type menu-item-object-page menu-item-59902\"><a href=\"https:\/\/topa.be\/fr\/sint-jacob\/beschrijving\/venerabelkapel\/\">La chapelle du Saint Sacrement<\/a><\/li>\n\t<li id=\"menu-item-59903\" class=\"menu-item menu-item-type-post_type menu-item-object-page menu-item-59903\"><a href=\"https:\/\/topa.be\/fr\/sint-jacob\/beschrijving\/trouwkapel\/\">La chapelle de mariage<\/a><\/li>\n\t<li id=\"menu-item-59904\" class=\"menu-item menu-item-type-post_type menu-item-object-page menu-item-59904\"><a href=\"https:\/\/topa.be\/fr\/sint-jacob\/beschrijving\/hoogkoor\/\">Un ch\u0153ur pour les chanoines<\/a><\/li>\n\t<li id=\"menu-item-59905\" class=\"menu-item menu-item-type-post_type menu-item-object-page menu-item-has-children menu-item-59905\"><a href=\"https:\/\/topa.be\/fr\/sint-jacob\/beschrijving\/kapellen\/\">Confr\u00e9ries et des corporations<\/a>\n\t<ul class=\"sub-menu\">\n\t\t<li id=\"menu-item-59906\" class=\"menu-item menu-item-type-post_type menu-item-object-page menu-item-59906\"><a href=\"https:\/\/topa.be\/fr\/sint-jacob\/beschrijving\/kapellen\/sint-rochus\/\">Les panneaux Saint-Roch<\/a><\/li>\n\t<\/ul>\n<\/li>\n\t<li id=\"menu-item-59907\" class=\"menu-item menu-item-type-post_type menu-item-object-page menu-item-59907\"><a href=\"https:\/\/topa.be\/fr\/sint-jacob\/beschrijving\/rustplaats\/\">Un lieu de repos pour les d\u00e9funts<\/a><\/li>\n\t<li id=\"menu-item-59908\" class=\"menu-item menu-item-type-post_type menu-item-object-page menu-item-59908\"><a href=\"https:\/\/topa.be\/fr\/sint-jacob\/beschrijving\/grafkapellen\/\">Les chapelles fun\u00e9raires<\/a><\/li>\n\t<li id=\"menu-item-59909\" class=\"menu-item menu-item-type-post_type menu-item-object-page menu-item-59909\"><a href=\"https:\/\/topa.be\/fr\/sint-jacob\/beschrijving\/relicten\/\">Reliquats de couvents disparus<\/a><\/li>\n\t<li id=\"menu-item-59910\" class=\"menu-item menu-item-type-post_type menu-item-object-page menu-item-59910\"><a href=\"https:\/\/topa.be\/fr\/sint-jacob\/beschrijving\/schatkamer\/\">La salle du tr\u00e9sor<\/a><\/li>\n\t<li id=\"menu-item-59911\" class=\"menu-item menu-item-type-post_type menu-item-object-page menu-item-59911\"><a href=\"https:\/\/topa.be\/fr\/sint-jacob\/beschrijving\/bibliografie\/\">Bibliographie<\/a><\/li>\n<\/ul>\n<\/li>\n<\/ul><\/nav>\t\t\t\t<\/div>\n\t\t\t\t<\/div>\n\t\t\t\t\t<\/div>\n\t\t<\/div>\n\t\t\t\t<div class=\"elementor-column elementor-col-50 elementor-top-column elementor-element elementor-element-2157290\" data-id=\"2157290\" data-element_type=\"column\" data-e-type=\"column\">\n\t\t\t<div class=\"elementor-widget-wrap elementor-element-populated\">\n\t\t\t\t\t\t<div class=\"elementor-element elementor-element-817b39a elementor-widget elementor-widget-image\" data-id=\"817b39a\" data-element_type=\"widget\" data-e-type=\"widget\" data-widget_type=\"image.default\">\n\t\t\t\t<div class=\"elementor-widget-container\">\n\t\t\t\t\t\t\t\t\t\t\t\t\t\t\t<img decoding=\"async\" width=\"800\" height=\"988\" src=\"https:\/\/topa.be\/wp-content\/uploads\/SJ-07C-02.jpg\" class=\"attachment-large size-large wp-image-30472\" alt=\"\" srcset=\"https:\/\/topa.be\/wp-content\/uploads\/SJ-07C-02.jpg 829w, https:\/\/topa.be\/wp-content\/uploads\/SJ-07C-02-243x300.jpg 243w, https:\/\/topa.be\/wp-content\/uploads\/SJ-07C-02-162x200.jpg 162w, https:\/\/topa.be\/wp-content\/uploads\/SJ-07C-02-768x949.jpg 768w\" sizes=\"(max-width: 800px) 100vw, 800px\" \/>\t\t\t\t\t\t\t\t\t\t\t\t\t\t\t<\/div>\n\t\t\t\t<\/div>\n\t\t\t\t\t<\/div>\n\t\t<\/div>\n\t\t\t\t\t<\/div>\n\t\t<\/section>\n\t\t\t\t<section class=\"elementor-section elementor-top-section elementor-element elementor-element-cf064ee elementor-section-boxed elementor-section-height-default elementor-section-height-default\" data-id=\"cf064ee\" data-element_type=\"section\" data-e-type=\"section\">\n\t\t\t\t\t\t<div class=\"elementor-container elementor-column-gap-default\">\n\t\t\t\t\t<div class=\"elementor-column elementor-col-100 elementor-top-column elementor-element elementor-element-ceb595e\" data-id=\"ceb595e\" data-element_type=\"column\" data-e-type=\"column\">\n\t\t\t<div class=\"elementor-widget-wrap\">\n\t\t\t\t\t\t\t<\/div>\n\t\t<\/div>\n\t\t\t\t\t<\/div>\n\t\t<\/section>\n\t\t\t\t<section class=\"elementor-section elementor-top-section elementor-element elementor-element-539fd19 elementor-section-boxed elementor-section-height-default elementor-section-height-default\" data-id=\"539fd19\" data-element_type=\"section\" data-e-type=\"section\">\n\t\t\t\t\t\t<div class=\"elementor-container elementor-column-gap-default\">\n\t\t\t\t\t<div class=\"elementor-column elementor-col-100 elementor-top-column elementor-element elementor-element-7728c2d\" data-id=\"7728c2d\" data-element_type=\"column\" data-e-type=\"column\">\n\t\t\t<div class=\"elementor-widget-wrap\">\n\t\t\t\t\t\t\t<\/div>\n\t\t<\/div>\n\t\t\t\t\t<\/div>\n\t\t<\/section>\n\t\t\t\t<section class=\"elementor-section elementor-top-section elementor-element elementor-element-323d7ea elementor-section-boxed elementor-section-height-default elementor-section-height-default\" data-id=\"323d7ea\" data-element_type=\"section\" data-e-type=\"section\">\n\t\t\t\t\t\t<div class=\"elementor-container elementor-column-gap-default\">\n\t\t\t\t\t<div class=\"elementor-column elementor-col-100 elementor-top-column elementor-element elementor-element-eee47b2\" data-id=\"eee47b2\" data-element_type=\"column\" data-e-type=\"column\">\n\t\t\t<div class=\"elementor-widget-wrap elementor-element-populated\">\n\t\t\t\t\t\t<div class=\"elementor-element elementor-element-09ea81a elementor-widget elementor-widget-text-editor\" data-id=\"09ea81a\" data-element_type=\"widget\" data-e-type=\"widget\" data-widget_type=\"text-editor.default\">\n\t\t\t\t<div class=\"elementor-widget-container\">\n\t\t\t\t\t\t\t\t\t<h2 style=\"text-align: center;\"><span style=\"color: #ff0000;\">Colophon<\/span><\/h2><p style=\"text-align: justify;\">Rudi MANNAERTS,\u00a0<em>La clef pour la r\u00e9v\u00e9lation de l\u2019\u00e9glise Saint-Jacques \u00e0 Anvers, jadis \u00ab\u00a0l\u2019insigne coll\u00e9giale\u00a0\u00bb<\/em>\u00a0(version originale en n\u00e9erlandais). Ce syllabus didactique est \u00e9fit\u00e9 par Toerismepastoraal Antwerpen, 2009.<\/p><p style=\"text-align: justify;\">Rudi Mannaerts a \u00e9tudi\u00e9 l\u2019histoire de l\u2019art \u00e0 la KU Leuven et a \u00e9t\u00e9 ordonn\u00e9 pr\u00eatre en 1989 pour l\u2019\u00e9v\u00each\u00e9 d\u2019Anvers. En tant que responsable dioc\u00e9sain de la Pastorale du Tourisme \u00e0 Anvers, il prend \u00e0 c\u0153ur d\u2019ouvrir les \u00e9glises d\u2019Anvers aux visiteurs.<\/p><p style=\"text-align: justify;\">Il assume la formation des guides et a \u00e9crit plusieurs ouvrages sur l\u2019art religieux. Il est \u00e9galement professeur de religion dans l\u2019enseignement secondaire (Sint-Lievenscollege) et cur\u00e9 de la paroisse Saint-Andr\u00e9.<\/p><table style=\"width: 100%;\" cellspacing=\"5\"><tbody><tr><td style=\"width: 19.8466%;\"><em>Traduction<\/em><\/td><td style=\"width: 68.5069%;\">Etienne Boen, Marc &amp; Th\u00e9r\u00e8se Dehaese-Verschueren<\/td><\/tr><tr><td style=\"width: 19.8466%;\"><em>Digitalisation<\/em><\/td><td style=\"width: 68.5069%;\">Peter Stremes en Jan Vanes<\/td><\/tr><tr><td style=\"width: 19.8466%;\"><em>Compl\u00e9ments<\/em><\/td><td style=\"width: 68.5069%;\">Claire Baisier, Guy Meyer, Mimi Van Der Velden en Hugo Vereeck<\/td><\/tr><tr><td style=\"width: 19.8466%;\"><em>Illustrations<\/em><\/td><td style=\"width: 68.5069%;\">Page de garde: Christiaan De Henau<br \/>Tous les dessins, sauf mention contraire: Benjamin Van den Broeck<\/td><\/tr><tr><td style=\"width: 19.8466%;\"><em>Fotographies<\/em><\/td><td style=\"width: 68.5069%;\">Wim Strecker, sauf mention contraire<\/td><\/tr><tr><td style=\"width: 19.8466%;\"><em>Mise en page Internet<\/em><\/td><td style=\"width: 68.5069%;\">Marc Dehaese<\/td><\/tr><tr><td style=\"width: 19.8466%;\"><em>D\u00e9pot l\u00e9gal<\/em><\/td><td style=\"width: 68.5069%;\"><em>D\/2009\/8716\/1<\/em><\/td><\/tr><\/tbody><\/table><p style=\"text-align: justify;\"><em>Aucune partie de cette publication ne peut \u00eatre reproduite sans l\u2019autorisation \u00e9crite pr\u00e9alable de l\u2019\u00e9diteur.<\/em><em><br \/><\/em><em>\u00a9 VZW Toerismepastoraal Antwerpen<br \/><\/em><em>Heilige Geeststraat 21, 2000 Antwerpen<\/em><\/p><p style=\"text-align: justify;\">\u00a0<\/p>\t\t\t\t\t\t\t\t<\/div>\n\t\t\t\t<\/div>\n\t\t\t\t\t<\/div>\n\t\t<\/div>\n\t\t\t\t\t<\/div>\n\t\t<\/section>\n\t\t\t\t<\/div>\n\t\t","protected":false},"excerpt":{"rendered":"<p>Eglise Saint-Jacques Geschiedenis en beschrijving La clef\u00a0pour la r\u00e9v\u00e9lation de l\u2019\u00e9glise Saint-Jacques\u00a0d&rsquo;Anvers, jadis\u00a0\u2018insigne coll\u00e9giale\u2019 Rudi Mannaerts Syllabus didactique Toerismepastoraal Antwerpen Pour lire la description de l\u2019\u00e9glise Saint-Jacques, vous pouvez choisir un chapitre dans ce menu. De l\u00e0 vous continuez votre lecture soit en passant au chapitre suivant, soit en faisant un autre choix dans le [&hellip;]<\/p>\n","protected":false},"author":16,"featured_media":0,"parent":38113,"menu_order":40,"comment_status":"closed","ping_status":"closed","template":"","meta":{"footnotes":""},"class_list":["post-37557","page","type-page","status-publish","hentry"],"aioseo_notices":[],"_links":{"self":[{"href":"https:\/\/topa.be\/fr\/wp-json\/wp\/v2\/pages\/37557","targetHints":{"allow":["GET"]}}],"collection":[{"href":"https:\/\/topa.be\/fr\/wp-json\/wp\/v2\/pages"}],"about":[{"href":"https:\/\/topa.be\/fr\/wp-json\/wp\/v2\/types\/page"}],"author":[{"embeddable":true,"href":"https:\/\/topa.be\/fr\/wp-json\/wp\/v2\/users\/16"}],"replies":[{"embeddable":true,"href":"https:\/\/topa.be\/fr\/wp-json\/wp\/v2\/comments?post=37557"}],"version-history":[{"count":3,"href":"https:\/\/topa.be\/fr\/wp-json\/wp\/v2\/pages\/37557\/revisions"}],"predecessor-version":[{"id":45847,"href":"https:\/\/topa.be\/fr\/wp-json\/wp\/v2\/pages\/37557\/revisions\/45847"}],"up":[{"embeddable":true,"href":"https:\/\/topa.be\/fr\/wp-json\/wp\/v2\/pages\/38113"}],"wp:attachment":[{"href":"https:\/\/topa.be\/fr\/wp-json\/wp\/v2\/media?parent=37557"}],"curies":[{"name":"wp","href":"https:\/\/api.w.org\/{rel}","templated":true}]}}