{"id":37552,"date":"2021-05-23T11:18:04","date_gmt":"2021-05-23T09:18:04","guid":{"rendered":"http:\/\/topa.be\/sint-pauluskerk\/praktisch\/"},"modified":"2023-12-22T09:22:26","modified_gmt":"2023-12-22T08:22:26","slug":"praktisch","status":"publish","type":"page","link":"https:\/\/topa.be\/fr\/sint-pauluskerk\/praktisch\/","title":{"rendered":"SPK Informations pratiques"},"content":{"rendered":"\t\t<div data-elementor-type=\"wp-page\" data-elementor-id=\"37552\" class=\"elementor elementor-37552 elementor-33900\" data-elementor-post-type=\"page\">\n\t\t\t\t\t\t<section class=\"elementor-section elementor-top-section elementor-element elementor-element-73d6dd4 elementor-section-boxed elementor-section-height-default elementor-section-height-default\" data-id=\"73d6dd4\" data-element_type=\"section\" data-e-type=\"section\">\n\t\t\t\t\t\t<div class=\"elementor-container elementor-column-gap-default\">\n\t\t\t\t\t<div class=\"elementor-column elementor-col-100 elementor-top-column elementor-element elementor-element-59ee20a\" data-id=\"59ee20a\" data-element_type=\"column\" data-e-type=\"column\">\n\t\t\t<div class=\"elementor-widget-wrap elementor-element-populated\">\n\t\t\t\t\t\t<div class=\"elementor-element elementor-element-9e60af6 elementor-widget elementor-widget-heading\" data-id=\"9e60af6\" data-element_type=\"widget\" data-e-type=\"widget\" data-widget_type=\"heading.default\">\n\t\t\t\t<div class=\"elementor-widget-container\">\n\t\t\t\t\t<h1 class=\"elementor-heading-title elementor-size-default\">\u00c9glise Saint-Paul<\/h1>\t\t\t\t<\/div>\n\t\t\t\t<\/div>\n\t\t\t\t\t<\/div>\n\t\t<\/div>\n\t\t\t\t\t<\/div>\n\t\t<\/section>\n\t\t\t\t<section class=\"elementor-section elementor-top-section elementor-element elementor-element-d1be9e2 elementor-section-boxed elementor-section-height-default elementor-section-height-default\" data-id=\"d1be9e2\" data-element_type=\"section\" data-e-type=\"section\">\n\t\t\t\t\t\t<div class=\"elementor-container elementor-column-gap-default\">\n\t\t\t\t\t<div class=\"elementor-column elementor-col-100 elementor-top-column elementor-element elementor-element-d3ca173\" data-id=\"d3ca173\" data-element_type=\"column\" data-e-type=\"column\">\n\t\t\t<div class=\"elementor-widget-wrap elementor-element-populated\">\n\t\t\t\t\t\t<div class=\"elementor-element elementor-element-f1cdbfe elementor-widget elementor-widget-heading\" data-id=\"f1cdbfe\" data-element_type=\"widget\" data-e-type=\"widget\" data-widget_type=\"heading.default\">\n\t\t\t\t<div class=\"elementor-widget-container\">\n\t\t\t\t\t<h2 class=\"elementor-heading-title elementor-size-default\">Informations pratiques<\/h2>\t\t\t\t<\/div>\n\t\t\t\t<\/div>\n\t\t\t\t\t<\/div>\n\t\t<\/div>\n\t\t\t\t\t<\/div>\n\t\t<\/section>\n\t\t\t\t<section class=\"elementor-section elementor-top-section elementor-element elementor-element-1fbc407 elementor-section-boxed elementor-section-height-default elementor-section-height-default\" data-id=\"1fbc407\" data-element_type=\"section\" data-e-type=\"section\">\n\t\t\t\t\t\t<div class=\"elementor-container elementor-column-gap-default\">\n\t\t\t\t\t<div class=\"elementor-column elementor-col-66 elementor-top-column elementor-element elementor-element-ee8d260\" data-id=\"ee8d260\" data-element_type=\"column\" data-e-type=\"column\">\n\t\t\t<div class=\"elementor-widget-wrap elementor-element-populated\">\n\t\t\t\t\t\t<div class=\"elementor-element elementor-element-d2f0a6d elementor-widget elementor-widget-text-editor\" data-id=\"d2f0a6d\" data-element_type=\"widget\" data-e-type=\"widget\" data-widget_type=\"text-editor.default\">\n\t\t\t\t<div class=\"elementor-widget-container\">\n\t\t\t\t\t\t\t\t\t<p style=\"text-align: justify;\"><strong>C\u00e9l\u00e9brations eucharistiques<\/strong><br \/>\ndimanche\u00a0\u00a0\u00a0 : 10h30 (orgues et chants gr\u00e9goriens)<br \/>\njours f\u00e9ri\u00e9s : 10h30 (orchestre, ch\u0153ur et solistes, orgues)<\/p>\n<p style=\"text-align: justify;\"><strong>Heures de visite<\/strong><\/p>\n<p><strong>Du 1er avril aux vacances d\u2019automne, l\u2019\u00e9glise est ouverte tous les jours de 14 \u00e0 17 heures.<\/strong><br \/>\n<strong>\u00c0 partir de la rentr\u00e9e des vacances d\u2019automne et jusqu\u2019au 31 mars, l\u2019\u00e9glise n\u2019est ouverte que le samedi et le dimanche de 14 \u00e0 17 heures.<\/strong><\/p>\n<p><strong>Pendant le cong\u00e9 de No\u00ebl 2023\/24, l&rsquo;\u00e9glise sera ouverte tous les jours de 14h \u00e0 17h, sauf le 1er janvier 2024.<\/strong><br \/>\nSous r\u00e9serve de c\u00e9l\u00e9brations sp\u00e9ciales<br \/>\nVoir \u00e9galement les <a href=\"https:\/\/www.topa.be\/fr\/sint-pauluskerk\/rondleidingen\/\"><strong>visites guid\u00e9es<\/strong><\/a><\/p>\n<p><strong>Prix de la visite touristique<\/strong><\/p>\n<ul>\n<li>5 euros ticket standard<\/li>\n<li>3 euros par personne pour les groupes de 15 personnes ou plus et pour les \u00e9tudiants (sur pr\u00e9sentation d&rsquo;une carte d&rsquo;\u00e9tudiant)<\/li>\n<li>gratuit pour les jeunes jusqu&rsquo;\u00e0 18 ans, accompagnateurs de fauteuil roulant, pour l&rsquo;Antwerp City Card et la carte ICOM<\/li>\n<\/ul>\n<p>Gratuit pour tous :<\/p>\n<ul>\n<li>Pendant les c\u00e9r\u00e9monies religieuses<\/li>\n<li>Les f\u00eates catholiques : P\u00e2ques, Ascension, Pentec\u00f4te, Assomption (15 ao\u00fbt), Toussaint et No\u00ebl.<\/li>\n<li>Le premier mardi de chaque mois (pendant la saison touristique)<\/li>\n<\/ul>\n<p>&nbsp;<\/p>\n<p style=\"text-align: justify;\"><strong>Informations<\/strong><strong><br \/>\n<\/strong>Walter Geluyckens \u2013\u00a0+32 (0)494 448 253 \u2013\u00a0<a href=\"mailto:Walter.geluyckens@hotmail.com\"><strong>Walter.geluyckens@hotmail.com<\/strong><\/a><\/p>\n<p style=\"text-align: justify;\"><strong>Secr\u00e9tariat paroissial<\/strong><br \/>\nSint-Paulusstraat 22<br \/>\nB 2000 Antwerpen<br \/>\ntel. +32 (0)3 231 33 21<br \/>\nfax +32 (0)3 231 10 87<br \/>\n<a href=\"https:\/\/www.sint-paulusparochie.be\/en\/\"><strong>www.sint-paulusparochie.be<\/strong><\/a><strong>\u00a0<\/strong><\/p>\n\t\t\t\t\t\t\t\t<\/div>\n\t\t\t\t<\/div>\n\t\t\t\t\t<\/div>\n\t\t<\/div>\n\t\t\t\t<div class=\"elementor-column elementor-col-33 elementor-top-column elementor-element elementor-element-55045b4\" data-id=\"55045b4\" data-element_type=\"column\" data-e-type=\"column\">\n\t\t\t<div class=\"elementor-widget-wrap elementor-element-populated\">\n\t\t\t\t\t\t<div class=\"elementor-element elementor-element-b123dae elementor-widget elementor-widget-heading\" data-id=\"b123dae\" data-element_type=\"widget\" data-e-type=\"widget\" data-widget_type=\"heading.default\">\n\t\t\t\t<div class=\"elementor-widget-container\">\n\t\t\t\t\t<h4 class=\"elementor-heading-title elementor-size-default\">Pour d\u00e9couvrir plus :<\/h4>\t\t\t\t<\/div>\n\t\t\t\t<\/div>\n\t\t\t\t<div class=\"elementor-element elementor-element-a20abc4 elementor-nav-menu--dropdown-tablet elementor-nav-menu__text-align-aside elementor-nav-menu--toggle elementor-nav-menu--burger elementor-widget elementor-widget-nav-menu\" data-id=\"a20abc4\" data-element_type=\"widget\" data-e-type=\"widget\" data-settings=\"{&quot;layout&quot;:&quot;vertical&quot;,&quot;submenu_icon&quot;:{&quot;value&quot;:&quot;&lt;i class=\\&quot;fas fa-caret-down\\&quot; aria-hidden=\\&quot;true\\&quot;&gt;&lt;\\\/i&gt;&quot;,&quot;library&quot;:&quot;fa-solid&quot;},&quot;toggle&quot;:&quot;burger&quot;}\" data-widget_type=\"nav-menu.default\">\n\t\t\t\t<div class=\"elementor-widget-container\">\n\t\t\t\t\t\t\t\t<nav aria-label=\"Menu\" class=\"elementor-nav-menu--main elementor-nav-menu__container elementor-nav-menu--layout-vertical e--pointer-framed e--animation-fade\">\n\t\t\t\t<ul id=\"menu-1-a20abc4\" class=\"elementor-nav-menu sm-vertical\"><li class=\"menu-item menu-item-type-post_type menu-item-object-page menu-item-60025\"><a href=\"https:\/\/topa.be\/fr\/sint-pauluskerk\/praktisch\/\" class=\"elementor-item\">Informations pratiques<\/a><\/li>\n<li class=\"menu-item menu-item-type-post_type menu-item-object-page menu-item-60026\"><a href=\"https:\/\/topa.be\/fr\/sint-pauluskerk\/rondleidingen\/\" class=\"elementor-item\">Visites guid\u00e9es<\/a><\/li>\n<li class=\"menu-item menu-item-type-post_type menu-item-object-page menu-item-60027\"><a href=\"https:\/\/topa.be\/fr\/sint-pauluskerk\/kennismaking\/\" class=\"elementor-item\">L\u2019\u00e9glise en bref<\/a><\/li>\n<li class=\"menu-item menu-item-type-post_type menu-item-object-page menu-item-61184\"><a href=\"https:\/\/topa.be\/fr\/sint-pauluskerk\/interactief-grondplan\/\" class=\"elementor-item\">Interactive floor plan<\/a><\/li>\n<li class=\"menu-item menu-item-type-post_type menu-item-object-page menu-item-61495\"><a href=\"https:\/\/topa.be\/fr\/sint-pauluskerk\/beschrijving\/\" class=\"elementor-item\">History &#038; Description<\/a><\/li>\n<li class=\"menu-item menu-item-type-custom menu-item-object-custom menu-item-60028\"><a href=\"https:\/\/www.kunstgeschiedenis-kerken-antwerpen.be\/hestia-front\/sint-pauluskerk\/\" class=\"elementor-item\">Forum scientifique<\/a><\/li>\n<\/ul>\t\t\t<\/nav>\n\t\t\t\t\t<div class=\"elementor-menu-toggle\" role=\"button\" tabindex=\"0\" aria-label=\"Permuter le menu\" aria-expanded=\"false\">\n\t\t\t<i aria-hidden=\"true\" role=\"presentation\" class=\"elementor-menu-toggle__icon--open eicon-menu-bar\"><\/i><i aria-hidden=\"true\" role=\"presentation\" class=\"elementor-menu-toggle__icon--close eicon-close\"><\/i>\t\t<\/div>\n\t\t\t\t\t<nav class=\"elementor-nav-menu--dropdown elementor-nav-menu__container\" aria-hidden=\"true\">\n\t\t\t\t<ul id=\"menu-2-a20abc4\" class=\"elementor-nav-menu sm-vertical\"><li class=\"menu-item menu-item-type-post_type menu-item-object-page menu-item-60025\"><a href=\"https:\/\/topa.be\/fr\/sint-pauluskerk\/praktisch\/\" class=\"elementor-item\" tabindex=\"-1\">Informations pratiques<\/a><\/li>\n<li class=\"menu-item menu-item-type-post_type menu-item-object-page menu-item-60026\"><a href=\"https:\/\/topa.be\/fr\/sint-pauluskerk\/rondleidingen\/\" class=\"elementor-item\" tabindex=\"-1\">Visites guid\u00e9es<\/a><\/li>\n<li class=\"menu-item menu-item-type-post_type menu-item-object-page menu-item-60027\"><a href=\"https:\/\/topa.be\/fr\/sint-pauluskerk\/kennismaking\/\" class=\"elementor-item\" tabindex=\"-1\">L\u2019\u00e9glise en bref<\/a><\/li>\n<li class=\"menu-item menu-item-type-post_type menu-item-object-page menu-item-61184\"><a href=\"https:\/\/topa.be\/fr\/sint-pauluskerk\/interactief-grondplan\/\" class=\"elementor-item\" tabindex=\"-1\">Interactive floor plan<\/a><\/li>\n<li class=\"menu-item menu-item-type-post_type menu-item-object-page menu-item-61495\"><a href=\"https:\/\/topa.be\/fr\/sint-pauluskerk\/beschrijving\/\" class=\"elementor-item\" tabindex=\"-1\">History &#038; Description<\/a><\/li>\n<li class=\"menu-item menu-item-type-custom menu-item-object-custom menu-item-60028\"><a href=\"https:\/\/www.kunstgeschiedenis-kerken-antwerpen.be\/hestia-front\/sint-pauluskerk\/\" class=\"elementor-item\" tabindex=\"-1\">Forum scientifique<\/a><\/li>\n<\/ul>\t\t\t<\/nav>\n\t\t\t\t\t\t<\/div>\n\t\t\t\t<\/div>\n\t\t\t\t\t<\/div>\n\t\t<\/div>\n\t\t\t\t\t<\/div>\n\t\t<\/section>\n\t\t\t\t<section class=\"elementor-section elementor-top-section elementor-element elementor-element-75c5c442 elementor-section-boxed elementor-section-height-default elementor-section-height-default\" data-id=\"75c5c442\" data-element_type=\"section\" data-e-type=\"section\">\n\t\t\t\t\t\t<div class=\"elementor-container elementor-column-gap-default\">\n\t\t\t\t\t<div class=\"elementor-column elementor-col-100 elementor-top-column elementor-element elementor-element-45aa8fe0\" data-id=\"45aa8fe0\" data-element_type=\"column\" data-e-type=\"column\">\n\t\t\t<div class=\"elementor-widget-wrap elementor-element-populated\">\n\t\t\t\t\t\t<div class=\"elementor-element elementor-element-3dec7101 elementor-widget elementor-widget-text-editor\" data-id=\"3dec7101\" data-element_type=\"widget\" data-e-type=\"widget\" data-widget_type=\"text-editor.default\">\n\t\t\t\t<div class=\"elementor-widget-container\">\n\t\t\t\t\t\t\t\t\t<p style=\"text-align: justify;\">Sur <a href=\"https:\/\/goo.gl\/maps\/G19odWUHbHGizgE79\"><strong>CETTE CARTE<\/strong><\/a> vous pouvez d\u00e9terminer un itin\u00e9raire en fonction de votre moyen de transport.<br \/>\nEssayez aussi VELO-Antwerpen\u00a0:\u00a0<strong><a href=\"https:\/\/www.velo-antwerpen.be\/fr\">https:\/\/www.velo-antwerpen.be\/fr<\/a><\/strong><\/p>\n\t\t\t\t\t\t\t\t<\/div>\n\t\t\t\t<\/div>\n\t\t\t\t\t<\/div>\n\t\t<\/div>\n\t\t\t\t\t<\/div>\n\t\t<\/section>\n\t\t\t\t<\/div>\n\t\t","protected":false},"excerpt":{"rendered":"<p>\u00c9glise Saint-Paul Informations pratiques C\u00e9l\u00e9brations eucharistiques dimanche\u00a0\u00a0\u00a0 : 10h30 (orgues et chants gr\u00e9goriens) jours f\u00e9ri\u00e9s : 10h30 (orchestre, ch\u0153ur et solistes, orgues) Heures de visite Du 1er avril aux vacances d\u2019automne, l\u2019\u00e9glise est ouverte tous les jours de 14 \u00e0 17 heures. \u00c0 partir de la rentr\u00e9e des vacances d\u2019automne et jusqu\u2019au 31 mars, l\u2019\u00e9glise [&hellip;]<\/p>\n","protected":false},"author":16,"featured_media":0,"parent":37541,"menu_order":10,"comment_status":"closed","ping_status":"closed","template":"","meta":{"footnotes":""},"class_list":["post-37552","page","type-page","status-publish","hentry"],"aioseo_notices":[],"_links":{"self":[{"href":"https:\/\/topa.be\/fr\/wp-json\/wp\/v2\/pages\/37552","targetHints":{"allow":["GET"]}}],"collection":[{"href":"https:\/\/topa.be\/fr\/wp-json\/wp\/v2\/pages"}],"about":[{"href":"https:\/\/topa.be\/fr\/wp-json\/wp\/v2\/types\/page"}],"author":[{"embeddable":true,"href":"https:\/\/topa.be\/fr\/wp-json\/wp\/v2\/users\/16"}],"replies":[{"embeddable":true,"href":"https:\/\/topa.be\/fr\/wp-json\/wp\/v2\/comments?post=37552"}],"version-history":[{"count":3,"href":"https:\/\/topa.be\/fr\/wp-json\/wp\/v2\/pages\/37552\/revisions"}],"predecessor-version":[{"id":70079,"href":"https:\/\/topa.be\/fr\/wp-json\/wp\/v2\/pages\/37552\/revisions\/70079"}],"up":[{"embeddable":true,"href":"https:\/\/topa.be\/fr\/wp-json\/wp\/v2\/pages\/37541"}],"wp:attachment":[{"href":"https:\/\/topa.be\/fr\/wp-json\/wp\/v2\/media?parent=37552"}],"curies":[{"name":"wp","href":"https:\/\/api.w.org\/{rel}","templated":true}]}}