{"id":37550,"date":"2021-05-23T11:14:56","date_gmt":"2021-05-23T09:14:56","guid":{"rendered":"http:\/\/topa.be\/sint-pauluskerk\/rondleidingen\/"},"modified":"2024-01-25T15:57:23","modified_gmt":"2024-01-25T14:57:23","slug":"rondleidingen","status":"publish","type":"page","link":"https:\/\/topa.be\/fr\/sint-pauluskerk\/rondleidingen\/","title":{"rendered":"SPK Visites guid\u00e9es"},"content":{"rendered":"\t\t<div data-elementor-type=\"wp-page\" data-elementor-id=\"37550\" class=\"elementor elementor-37550 elementor-33902\" data-elementor-post-type=\"page\">\n\t\t\t\t\t\t<section class=\"elementor-section elementor-top-section elementor-element elementor-element-7bf80785 elementor-section-boxed elementor-section-height-default elementor-section-height-default\" data-id=\"7bf80785\" data-element_type=\"section\" data-e-type=\"section\">\n\t\t\t\t\t\t<div class=\"elementor-container elementor-column-gap-default\">\n\t\t\t\t\t<div class=\"elementor-column elementor-col-100 elementor-top-column elementor-element elementor-element-366d0211\" data-id=\"366d0211\" data-element_type=\"column\" data-e-type=\"column\">\n\t\t\t<div class=\"elementor-widget-wrap elementor-element-populated\">\n\t\t\t\t\t\t<div class=\"elementor-element elementor-element-6e14b18 elementor-widget elementor-widget-text-editor\" data-id=\"6e14b18\" data-element_type=\"widget\" data-e-type=\"widget\" data-widget_type=\"text-editor.default\">\n\t\t\t\t<div class=\"elementor-widget-container\">\n\t\t\t\t\t\t\t\t\t<p>20<\/p>\n\t\t\t\t\t\t\t\t<\/div>\n\t\t\t\t<\/div>\n\t\t\t\t\t<\/div>\n\t\t<\/div>\n\t\t\t\t\t<\/div>\n\t\t<\/section>\n\t\t\t\t<section class=\"elementor-section elementor-top-section elementor-element elementor-element-85485ce elementor-section-boxed elementor-section-height-default elementor-section-height-default\" data-id=\"85485ce\" data-element_type=\"section\" data-e-type=\"section\">\n\t\t\t\t\t\t<div class=\"elementor-container elementor-column-gap-default\">\n\t\t\t\t\t<div class=\"elementor-column elementor-col-100 elementor-top-column elementor-element elementor-element-679cab9\" data-id=\"679cab9\" data-element_type=\"column\" data-e-type=\"column\">\n\t\t\t<div class=\"elementor-widget-wrap elementor-element-populated\">\n\t\t\t\t\t\t<div class=\"elementor-element elementor-element-a784688 elementor-widget elementor-widget-heading\" data-id=\"a784688\" data-element_type=\"widget\" data-e-type=\"widget\" data-widget_type=\"heading.default\">\n\t\t\t\t<div class=\"elementor-widget-container\">\n\t\t\t\t\t<h1 class=\"elementor-heading-title elementor-size-default\">Eglise Saint-Paul<\/h1>\t\t\t\t<\/div>\n\t\t\t\t<\/div>\n\t\t\t\t\t<\/div>\n\t\t<\/div>\n\t\t\t\t\t<\/div>\n\t\t<\/section>\n\t\t\t\t<section class=\"elementor-section elementor-top-section elementor-element elementor-element-24ed67c elementor-section-boxed elementor-section-height-default elementor-section-height-default\" data-id=\"24ed67c\" data-element_type=\"section\" data-e-type=\"section\">\n\t\t\t\t\t\t<div class=\"elementor-container elementor-column-gap-default\">\n\t\t\t\t\t<div class=\"elementor-column elementor-col-100 elementor-top-column elementor-element elementor-element-62d3f7c\" data-id=\"62d3f7c\" data-element_type=\"column\" data-e-type=\"column\">\n\t\t\t<div class=\"elementor-widget-wrap elementor-element-populated\">\n\t\t\t\t\t\t<div class=\"elementor-element elementor-element-f1cbf36 elementor-widget elementor-widget-heading\" data-id=\"f1cbf36\" data-element_type=\"widget\" data-e-type=\"widget\" data-widget_type=\"heading.default\">\n\t\t\t\t<div class=\"elementor-widget-container\">\n\t\t\t\t\t<h1 class=\"elementor-heading-title elementor-size-default\">Visites guid\u00e9es<\/h1>\t\t\t\t<\/div>\n\t\t\t\t<\/div>\n\t\t\t\t\t<\/div>\n\t\t<\/div>\n\t\t\t\t\t<\/div>\n\t\t<\/section>\n\t\t\t\t<section class=\"elementor-section elementor-top-section elementor-element elementor-element-fdfda84 elementor-section-boxed elementor-section-height-default elementor-section-height-default\" data-id=\"fdfda84\" data-element_type=\"section\" data-e-type=\"section\">\n\t\t\t\t\t\t<div class=\"elementor-container elementor-column-gap-default\">\n\t\t\t\t\t<div class=\"elementor-column elementor-col-66 elementor-top-column elementor-element elementor-element-4635c7e\" data-id=\"4635c7e\" data-element_type=\"column\" data-e-type=\"column\">\n\t\t\t<div class=\"elementor-widget-wrap elementor-element-populated\">\n\t\t\t\t\t\t<div class=\"elementor-element elementor-element-d77aaf3 elementor-widget elementor-widget-text-editor\" data-id=\"d77aaf3\" data-element_type=\"widget\" data-e-type=\"widget\" data-widget_type=\"text-editor.default\">\n\t\t\t\t<div class=\"elementor-widget-container\">\n\t\t\t\t\t\t\t\t\t<p style=\"text-align: justify;\"><strong>Pour les visiteurs individuels<\/strong><\/p>\n<p>Du 1er avril aux vacances d&rsquo;automne, l&rsquo;\u00e9glise est ouverte tous les jours de 14 \u00e0 17 heures.<br \/>\n\u00c0 partir de la rentr\u00e9e des vacances d&rsquo;automne et jusqu&rsquo;au 31 mars, l&rsquo;\u00e9glise n&rsquo;est ouverte que le samedi et le dimanche de 14 \u00e0 17 heures.<\/p>\n<p>Des guides d&rsquo;accueil sont toujours pr\u00e9sents.<\/p>\n<p style=\"text-align: justify;\">\n\t\t\t\t\t\t\t\t<\/div>\n\t\t\t\t<\/div>\n\t\t\t\t<div class=\"elementor-element elementor-element-121b979 elementor-widget elementor-widget-text-editor\" data-id=\"121b979\" data-element_type=\"widget\" data-e-type=\"widget\" data-widget_type=\"text-editor.default\">\n\t\t\t\t<div class=\"elementor-widget-container\">\n\t\t\t\t\t\t\t\t\t<p style=\"text-align: justify;\"><strong>Pour les groupes<\/strong><br \/>\nVisites guid\u00e9es : Accueil \u00e9glise Saint-Paul<br \/>\nUne visite guid\u00e9e co\u00fbte \u20ac95 et peut \u00e9galement \u00eatre demand\u00e9e en dehors des heures normales d\u2019ouverture. Chaque visite est adaptable aux souhaits de l\u2019organisateur. L\u2019accent peut \u00eatre mis sur le Calvaire, la tr\u00e9sorerie, les peintures de Rubens, les 15 myst\u00e8res du Rosaire, la crypte \u2026.. le demandeur peut choisir une visite r\u00e9guli\u00e8re ou un tour plus sp\u00e9cifique.<\/p>\n<p style=\"text-align: justify;\">Apr\u00e8s la visite, il est possible d\u2019assister de pr\u00e8s \u00e0 une d\u00e9monstration des orgues par Bart Rodyns, l\u2019organiste titulaire. Prix \u20ac150.<\/p>\n\t\t\t\t\t\t\t\t<\/div>\n\t\t\t\t<\/div>\n\t\t\t\t<div class=\"elementor-element elementor-element-4f0e771 elementor-widget elementor-widget-text-editor\" data-id=\"4f0e771\" data-element_type=\"widget\" data-e-type=\"widget\" data-widget_type=\"text-editor.default\">\n\t\t\t\t<div class=\"elementor-widget-container\">\n\t\t\t\t\t\t\t\t\t<p><strong>Accueil Saint Paul<\/strong><strong>\u00a0<\/strong><strong><br \/>\n<\/strong>Walter Geluyckens +32 (0) 494 448 253 <strong><a href=\"mailto:sint-pauluskerk@topa.be\">sint-pauluskerk@topa.be<\/a>\u00a0<\/strong><\/p>\n\t\t\t\t\t\t\t\t<\/div>\n\t\t\t\t<\/div>\n\t\t\t\t\t<\/div>\n\t\t<\/div>\n\t\t\t\t<div class=\"elementor-column elementor-col-33 elementor-top-column elementor-element elementor-element-0d3aef6\" data-id=\"0d3aef6\" data-element_type=\"column\" data-e-type=\"column\">\n\t\t\t<div class=\"elementor-widget-wrap elementor-element-populated\">\n\t\t\t\t\t\t<div class=\"elementor-element elementor-element-5501ff3 elementor-widget elementor-widget-heading\" data-id=\"5501ff3\" data-element_type=\"widget\" data-e-type=\"widget\" data-widget_type=\"heading.default\">\n\t\t\t\t<div class=\"elementor-widget-container\">\n\t\t\t\t\t<h4 class=\"elementor-heading-title elementor-size-default\">Pour d\u00e9couvrir plus :<\/h4>\t\t\t\t<\/div>\n\t\t\t\t<\/div>\n\t\t\t\t<div class=\"elementor-element elementor-element-6725507 elementor-nav-menu--dropdown-tablet elementor-nav-menu__text-align-aside elementor-nav-menu--toggle elementor-nav-menu--burger elementor-widget elementor-widget-nav-menu\" data-id=\"6725507\" data-element_type=\"widget\" data-e-type=\"widget\" data-settings=\"{&quot;layout&quot;:&quot;vertical&quot;,&quot;submenu_icon&quot;:{&quot;value&quot;:&quot;&lt;i class=\\&quot;fas fa-caret-down\\&quot; aria-hidden=\\&quot;true\\&quot;&gt;&lt;\\\/i&gt;&quot;,&quot;library&quot;:&quot;fa-solid&quot;},&quot;toggle&quot;:&quot;burger&quot;}\" data-widget_type=\"nav-menu.default\">\n\t\t\t\t<div class=\"elementor-widget-container\">\n\t\t\t\t\t\t\t\t<nav aria-label=\"Menu\" class=\"elementor-nav-menu--main elementor-nav-menu__container elementor-nav-menu--layout-vertical e--pointer-framed e--animation-fade\">\n\t\t\t\t<ul id=\"menu-1-6725507\" class=\"elementor-nav-menu sm-vertical\"><li class=\"menu-item menu-item-type-post_type menu-item-object-page menu-item-60025\"><a href=\"https:\/\/topa.be\/fr\/sint-pauluskerk\/praktisch\/\" class=\"elementor-item\">Informations pratiques<\/a><\/li>\n<li class=\"menu-item menu-item-type-post_type menu-item-object-page menu-item-60026\"><a href=\"https:\/\/topa.be\/fr\/sint-pauluskerk\/rondleidingen\/\" class=\"elementor-item\">Visites guid\u00e9es<\/a><\/li>\n<li class=\"menu-item menu-item-type-post_type menu-item-object-page menu-item-60027\"><a href=\"https:\/\/topa.be\/fr\/sint-pauluskerk\/kennismaking\/\" class=\"elementor-item\">L\u2019\u00e9glise en bref<\/a><\/li>\n<li class=\"menu-item menu-item-type-post_type menu-item-object-page menu-item-61184\"><a href=\"https:\/\/topa.be\/fr\/sint-pauluskerk\/interactief-grondplan\/\" class=\"elementor-item\">Interactive floor plan<\/a><\/li>\n<li class=\"menu-item menu-item-type-post_type menu-item-object-page menu-item-61495\"><a href=\"https:\/\/topa.be\/fr\/sint-pauluskerk\/beschrijving\/\" class=\"elementor-item\">History &#038; Description<\/a><\/li>\n<li class=\"menu-item menu-item-type-custom menu-item-object-custom menu-item-60028\"><a href=\"https:\/\/www.kunstgeschiedenis-kerken-antwerpen.be\/hestia-front\/sint-pauluskerk\/\" class=\"elementor-item\">Forum scientifique<\/a><\/li>\n<\/ul>\t\t\t<\/nav>\n\t\t\t\t\t<div class=\"elementor-menu-toggle\" role=\"button\" tabindex=\"0\" aria-label=\"Permuter le menu\" aria-expanded=\"false\">\n\t\t\t<i aria-hidden=\"true\" role=\"presentation\" class=\"elementor-menu-toggle__icon--open eicon-menu-bar\"><\/i><i aria-hidden=\"true\" role=\"presentation\" class=\"elementor-menu-toggle__icon--close eicon-close\"><\/i>\t\t<\/div>\n\t\t\t\t\t<nav class=\"elementor-nav-menu--dropdown elementor-nav-menu__container\" aria-hidden=\"true\">\n\t\t\t\t<ul id=\"menu-2-6725507\" class=\"elementor-nav-menu sm-vertical\"><li class=\"menu-item menu-item-type-post_type menu-item-object-page menu-item-60025\"><a href=\"https:\/\/topa.be\/fr\/sint-pauluskerk\/praktisch\/\" class=\"elementor-item\" tabindex=\"-1\">Informations pratiques<\/a><\/li>\n<li class=\"menu-item menu-item-type-post_type menu-item-object-page menu-item-60026\"><a href=\"https:\/\/topa.be\/fr\/sint-pauluskerk\/rondleidingen\/\" class=\"elementor-item\" tabindex=\"-1\">Visites guid\u00e9es<\/a><\/li>\n<li class=\"menu-item menu-item-type-post_type menu-item-object-page menu-item-60027\"><a href=\"https:\/\/topa.be\/fr\/sint-pauluskerk\/kennismaking\/\" class=\"elementor-item\" tabindex=\"-1\">L\u2019\u00e9glise en bref<\/a><\/li>\n<li class=\"menu-item menu-item-type-post_type menu-item-object-page menu-item-61184\"><a href=\"https:\/\/topa.be\/fr\/sint-pauluskerk\/interactief-grondplan\/\" class=\"elementor-item\" tabindex=\"-1\">Interactive floor plan<\/a><\/li>\n<li class=\"menu-item menu-item-type-post_type menu-item-object-page menu-item-61495\"><a href=\"https:\/\/topa.be\/fr\/sint-pauluskerk\/beschrijving\/\" class=\"elementor-item\" tabindex=\"-1\">History &#038; Description<\/a><\/li>\n<li class=\"menu-item menu-item-type-custom menu-item-object-custom menu-item-60028\"><a href=\"https:\/\/www.kunstgeschiedenis-kerken-antwerpen.be\/hestia-front\/sint-pauluskerk\/\" class=\"elementor-item\" tabindex=\"-1\">Forum scientifique<\/a><\/li>\n<\/ul>\t\t\t<\/nav>\n\t\t\t\t\t\t<\/div>\n\t\t\t\t<\/div>\n\t\t\t\t\t<\/div>\n\t\t<\/div>\n\t\t\t\t\t<\/div>\n\t\t<\/section>\n\t\t\t\t<\/div>\n\t\t","protected":false},"excerpt":{"rendered":"<p>20 Eglise Saint-Paul Visites guid\u00e9es Pour les visiteurs individuels Du 1er avril aux vacances d&rsquo;automne, l&rsquo;\u00e9glise est ouverte tous les jours de 14 \u00e0 17 heures. \u00c0 partir de la rentr\u00e9e des vacances d&rsquo;automne et jusqu&rsquo;au 31 mars, l&rsquo;\u00e9glise n&rsquo;est ouverte que le samedi et le dimanche de 14 \u00e0 17 heures. Des guides d&rsquo;accueil [&hellip;]<\/p>\n","protected":false},"author":16,"featured_media":0,"parent":37541,"menu_order":20,"comment_status":"closed","ping_status":"closed","template":"","meta":{"footnotes":""},"class_list":["post-37550","page","type-page","status-publish","hentry"],"aioseo_notices":[],"_links":{"self":[{"href":"https:\/\/topa.be\/fr\/wp-json\/wp\/v2\/pages\/37550","targetHints":{"allow":["GET"]}}],"collection":[{"href":"https:\/\/topa.be\/fr\/wp-json\/wp\/v2\/pages"}],"about":[{"href":"https:\/\/topa.be\/fr\/wp-json\/wp\/v2\/types\/page"}],"author":[{"embeddable":true,"href":"https:\/\/topa.be\/fr\/wp-json\/wp\/v2\/users\/16"}],"replies":[{"embeddable":true,"href":"https:\/\/topa.be\/fr\/wp-json\/wp\/v2\/comments?post=37550"}],"version-history":[{"count":3,"href":"https:\/\/topa.be\/fr\/wp-json\/wp\/v2\/pages\/37550\/revisions"}],"predecessor-version":[{"id":70202,"href":"https:\/\/topa.be\/fr\/wp-json\/wp\/v2\/pages\/37550\/revisions\/70202"}],"up":[{"embeddable":true,"href":"https:\/\/topa.be\/fr\/wp-json\/wp\/v2\/pages\/37541"}],"wp:attachment":[{"href":"https:\/\/topa.be\/fr\/wp-json\/wp\/v2\/media?parent=37550"}],"curies":[{"name":"wp","href":"https:\/\/api.w.org\/{rel}","templated":true}]}}