{"id":37545,"date":"2021-05-23T11:12:23","date_gmt":"2021-05-23T09:12:23","guid":{"rendered":"http:\/\/topa.be\/sint-pauluskerk\/kennismaking\/"},"modified":"2021-10-15T12:22:06","modified_gmt":"2021-10-15T10:22:06","slug":"kennismaking","status":"publish","type":"page","link":"https:\/\/topa.be\/fr\/sint-pauluskerk\/kennismaking\/","title":{"rendered":"SPK L\u2019\u00e9glise en bref"},"content":{"rendered":"\t\t<div data-elementor-type=\"wp-page\" data-elementor-id=\"37545\" class=\"elementor elementor-37545 elementor-33904\" data-elementor-post-type=\"page\">\n\t\t\t\t\t\t<section class=\"elementor-section elementor-top-section elementor-element elementor-element-3609b7c elementor-section-boxed elementor-section-height-default elementor-section-height-default\" data-id=\"3609b7c\" data-element_type=\"section\" data-e-type=\"section\">\n\t\t\t\t\t\t<div class=\"elementor-container elementor-column-gap-default\">\n\t\t\t\t\t<div class=\"elementor-column elementor-col-100 elementor-top-column elementor-element elementor-element-600ac45\" data-id=\"600ac45\" data-element_type=\"column\" data-e-type=\"column\">\n\t\t\t<div class=\"elementor-widget-wrap elementor-element-populated\">\n\t\t\t\t\t\t<div class=\"elementor-element elementor-element-f72d6d4 elementor-widget elementor-widget-heading\" data-id=\"f72d6d4\" data-element_type=\"widget\" data-e-type=\"widget\" data-widget_type=\"heading.default\">\n\t\t\t\t<div class=\"elementor-widget-container\">\n\t\t\t\t\t<h1 class=\"elementor-heading-title elementor-size-default\">Eglise Saint-Paul<\/h1>\t\t\t\t<\/div>\n\t\t\t\t<\/div>\n\t\t\t\t\t<\/div>\n\t\t<\/div>\n\t\t\t\t\t<\/div>\n\t\t<\/section>\n\t\t\t\t<section class=\"elementor-section elementor-top-section elementor-element elementor-element-c83248d elementor-section-boxed elementor-section-height-default elementor-section-height-default\" data-id=\"c83248d\" data-element_type=\"section\" data-e-type=\"section\">\n\t\t\t\t\t\t<div class=\"elementor-container elementor-column-gap-default\">\n\t\t\t\t\t<div class=\"elementor-column elementor-col-100 elementor-top-column elementor-element elementor-element-2e0090f\" data-id=\"2e0090f\" data-element_type=\"column\" data-e-type=\"column\">\n\t\t\t<div class=\"elementor-widget-wrap elementor-element-populated\">\n\t\t\t\t\t\t<div class=\"elementor-element elementor-element-114133e elementor-widget elementor-widget-heading\" data-id=\"114133e\" data-element_type=\"widget\" data-e-type=\"widget\" data-widget_type=\"heading.default\">\n\t\t\t\t<div class=\"elementor-widget-container\">\n\t\t\t\t\t<h2 class=\"elementor-heading-title elementor-size-default\">en bref<\/h2>\t\t\t\t<\/div>\n\t\t\t\t<\/div>\n\t\t\t\t\t<\/div>\n\t\t<\/div>\n\t\t\t\t\t<\/div>\n\t\t<\/section>\n\t\t\t\t<section class=\"elementor-section elementor-top-section elementor-element elementor-element-8b6b4b6 elementor-section-boxed elementor-section-height-default elementor-section-height-default\" data-id=\"8b6b4b6\" data-element_type=\"section\" data-e-type=\"section\">\n\t\t\t\t\t\t<div class=\"elementor-container elementor-column-gap-default\">\n\t\t\t\t\t<div class=\"elementor-column elementor-col-66 elementor-top-column elementor-element elementor-element-59e29f8\" data-id=\"59e29f8\" data-element_type=\"column\" data-e-type=\"column\">\n\t\t\t<div class=\"elementor-widget-wrap elementor-element-populated\">\n\t\t\t\t\t\t<div class=\"elementor-element elementor-element-c7bb6a6 elementor-widget elementor-widget-text-editor\" data-id=\"c7bb6a6\" data-element_type=\"widget\" data-e-type=\"widget\" data-widget_type=\"text-editor.default\">\n\t\t\t\t<div class=\"elementor-widget-container\">\n\t\t\t\t\t\t\t\t\t<p style=\"text-align: justify;\">L\u2019\u00e9glise Saint-Paul est une des pierres angulaires d\u2019Anvers. Elle a son propre charme. \u00c0 Anvers \u2018Saint Paul\u2019 est un nom familier gr\u00e2ce \u00e0 son immense patrimoine artistique, le Calvaire calme et pittoresque, l\u2019histoire de l\u2019ancien monast\u00e8re, la gloire des messes solennelles, mais aussi gr\u00e2ce \u00e0 son emplacement comme un phare bien ancr\u00e9 dans le quartier des marins, honor\u00e9 par le temps qui passe. La monumentale tour baroque, couronn\u00e9e d\u2019une double lanterne, lui donne un air l\u00e9ger dans le paysage urbain.<\/p>\n<p style=\"text-align: justify;\">Cette maison dominicaine \u00e9tait au Moyen Age un vrai centre d\u2019\u00e9tude et plus encore lors de la Contre-R\u00e9forme. Son saint patron, Paul, prot\u00e8ge les pr\u00e9dicateurs quand ils parcourent leur ville et ses environs et au XVIIe si\u00e8cle, \u00e0 travers l\u2019Europe du Nord, majoritairement protestante. Ayant \u00e0 l\u2019esprit leur devise, comme inscrit sur le ma\u00eetre autel, ils pr\u00eachent \u00abdans la foi et la v\u00e9rit\u00e9\u00bb.<\/p>\n<p style=\"text-align: justify;\">La premi\u00e8re \u00e9glise construite sur ce site a \u00e9t\u00e9 consacr\u00e9e en 1276. Au XVIe si\u00e8cle ont a relev\u00e9 le niveau du sol pour mettre fin aux inondations p\u00e9riodiques caus\u00e9es par l\u2019Escaut (bien qu\u2019\u00e0 l\u2019\u00e9poque il \u00e9tait encore propre et pur). Apr\u00e8s le XVIe si\u00e8cle mouvement\u00e9, on pouvait reprendre les travaux d\u2019extension dans le style gothique. Ce n\u2019est pas pour rien que de \u2018Saint-Paul\u2019 se dit que c\u2019est \u2018bijou baroque dans un \u00e9crin gothique\u2019; le mobilier baroque est en parfait accord avec l\u2019architecture gothique.<\/p>\n<p style=\"text-align: justify;\">Apr\u00e8s l\u2019abolition du monast\u00e8re par les Fran\u00e7ais, en 1796, le prieur Peltiers parvient \u00e0 r\u00e9cup\u00e9rer l\u2019\u00e9glise. L\u2019\u00e9glise a \u00e9t\u00e9 achet\u00e9e par la ville pour en faire une nouvelle paroisse. En 1968, un incendie d\u00e9sastreux a d\u00e9truit l\u2019ensemble du complexe. Les r\u00e9parations les plus urgentes ont \u00e9t\u00e9 n\u00e9glig\u00e9es pendant trop longtemps. Apr\u00e8s deux d\u00e9cennies, un nouveau toit a finalement \u00e9t\u00e9 pos\u00e9. Depuis la fin du XXe si\u00e8cle cette longue agonie appartient au pass\u00e9. L\u2019\u00e2ge d\u2019or du baroque peut \u00e0 nouveau y briller.<\/p>\n<p style=\"text-align: justify;\">L\u2019art de la peinture est repr\u00e9sent\u00e9 ici par les ma\u00eetres d\u2019Anvers tels que Rubens, Jordaens et Van Dyck, pasle \u00a0moins dans la s\u00e9rie des quinze myst\u00e8res du rosaire.<\/p>\n<p style=\"text-align: justify;\">Il y a une surabondance de sculptures: les autels, les balustrades, les stalles du ch\u0153ur et l\u2019orgue, les \u00e9pitaphes et surtout les confessionnaux avec pas moins de quarante figures \u00e0 taille humaine et \u2026 \u2013 comme si tout cela ne suffisait pas \u2013 il y a un grand jardin sculpt\u00e9 comme un th\u00e9\u00e2tre en plein air.<\/p>\n<p style=\"text-align: justify;\">Kerricx, Verbruggen, Quellin et d\u2019autres ont fait preuve d\u2019une habilit\u00e9 exceptionnelle avec un accent inimitable de vitalit\u00e9 flamande et d\u2019art narratif. Ce qui est particuli\u00e8rement perceptible dans les confessionnaux o\u00f9 la lutte int\u00e9rieure entre le bien et le mal est illustr\u00e9e d\u2019une mani\u00e8re \u00e9tonnamment cr\u00e9ative. S\u2019il y a des chiens indisciplin\u00e9s, des lions rugissants, des coqs chantant, des singes lubriques ou un \u00abbouc \u00e9missaire\u00bb, leur force doit \u00eatre frein\u00e9e et domestiqu\u00e9e. La cr\u00e9ativit\u00e9 derri\u00e8re ces symboles de d\u00e9votion est inestimable: un \u00a0\u00a0squelette dansant nous rappelle la mort; un papillon, la r\u00e9surrection \u00e0 une vie nouvelle. Les jeux d\u2019enfants comme un \u00abhigh five\u00bb, faire des bulles de savon ou le chat et la souris sont montr\u00e9s pour stimuler les vertus c\u00e9lestes sans n\u00e9gliger le plaisir \u2026 un message encore valide.<\/p>\n<p style=\"text-align: justify;\">Et il y a plus. La peinture\u00a0<em>\u00abLes sept \u0153uvres de charit\u00e9\u00bb<\/em>\u00a0t\u00e9moigne de la condition sociale de nos anc\u00eatres et\u00a0<em>\u00ab\u00a0La bataille navale de L\u00e9pante\u00bb<\/em>\u00a0(J. Peeters, 1671) illustre une c\u00e9sure dans l\u2019histoire europ\u00e9enne. L\u2019\u00e9glise\u00a0 Saint-Paul a aussi autre chose \u00e0 dire \u00e0 propos de l\u2019art et en particulier au sujet du vol d\u2019art. Plusieurs travaux ont \u00e9t\u00e9 achet\u00e9s ou pris par les visiteurs \u00e9trangers: le prix du succ\u00e8s! Maintenant, les touristes disposent d\u2019une s\u00e9rie de publications produites par les amis de Saint-Paul. Et nulle part ailleurs \u00e0 Anvers il y a autant de masques. Chacun \u00e0 sa mani\u00e8re; ils vous sourient, m\u00eame dans les clo\u00eetres: un stratag\u00e8me psychologique con\u00e7u pour aider \u00e0 \u00e9clairer le visage avec un sourire quotidien.<\/p>\n<p style=\"text-align: justify;\">L\u2019orgue imposant, qui est consid\u00e9r\u00e9 comme l\u2019un des dix meilleurs orgues historiques d\u2019Europe, est une autre source de joie. Avec le ch\u0153ur et l\u2019orchestre, elle suscite les \u00e9motions de ceux qui vont \u00e0 la messe lors des grandes f\u00eates. \u00c0 ne pas manquer.<\/p>\n\t\t\t\t\t\t\t\t<\/div>\n\t\t\t\t<\/div>\n\t\t\t\t\t<\/div>\n\t\t<\/div>\n\t\t\t\t<div class=\"elementor-column elementor-col-33 elementor-top-column elementor-element elementor-element-a99a1cf\" data-id=\"a99a1cf\" data-element_type=\"column\" data-e-type=\"column\">\n\t\t\t<div class=\"elementor-widget-wrap elementor-element-populated\">\n\t\t\t\t\t\t<div class=\"elementor-element elementor-element-28d5328 elementor-widget elementor-widget-image\" data-id=\"28d5328\" data-element_type=\"widget\" data-e-type=\"widget\" data-widget_type=\"image.default\">\n\t\t\t\t<div class=\"elementor-widget-container\">\n\t\t\t\t\t\t\t\t\t\t\t\t\t\t\t\t<a href=\"http:\/\/topa.be\/wp-content\/uploads\/Antwerpen-Sint-Pauluskerk-Torenbekroning.jpg\" data-elementor-open-lightbox=\"yes\" data-elementor-lightbox-title=\"Antwerpen-Sint-Pauluskerk-Torenbekroning\" data-elementor-lightbox-description=\"\u00c9glise St Paul d&#039;Anvers - Couronnement de la tour\" data-e-action-hash=\"#elementor-action%3Aaction%3Dlightbox%26settings%3DeyJpZCI6MTM2MDAsInVybCI6Imh0dHBzOlwvXC90b3BhLmJlXC93cC1jb250ZW50XC91cGxvYWRzXC9BbnR3ZXJwZW4tU2ludC1QYXVsdXNrZXJrLVRvcmVuYmVrcm9uaW5nLmpwZyJ9\">\n\t\t\t\t\t\t\t<img fetchpriority=\"high\" decoding=\"async\" width=\"520\" height=\"1024\" src=\"https:\/\/topa.be\/wp-content\/uploads\/Antwerpen-Sint-Pauluskerk-Torenbekroning-520x1024.jpg\" class=\"attachment-large size-large wp-image-13600\" alt=\"\" srcset=\"https:\/\/topa.be\/wp-content\/uploads\/Antwerpen-Sint-Pauluskerk-Torenbekroning-520x1024.jpg 520w, https:\/\/topa.be\/wp-content\/uploads\/Antwerpen-Sint-Pauluskerk-Torenbekroning-152x300.jpg 152w, https:\/\/topa.be\/wp-content\/uploads\/Antwerpen-Sint-Pauluskerk-Torenbekroning-102x200.jpg 102w, https:\/\/topa.be\/wp-content\/uploads\/Antwerpen-Sint-Pauluskerk-Torenbekroning.jpg 742w\" sizes=\"(max-width: 520px) 100vw, 520px\" \/>\t\t\t\t\t\t\t\t<\/a>\n\t\t\t\t\t\t\t\t\t\t\t\t\t\t\t<\/div>\n\t\t\t\t<\/div>\n\t\t\t\t<div class=\"elementor-element elementor-element-8428563 elementor-widget elementor-widget-image\" data-id=\"8428563\" data-element_type=\"widget\" data-e-type=\"widget\" data-widget_type=\"image.default\">\n\t\t\t\t<div class=\"elementor-widget-container\">\n\t\t\t\t\t\t\t\t\t\t\t\t\t\t\t\t<a href=\"http:\/\/topa.be\/wp-content\/uploads\/Antwerpen-Sint-Pauluskerk-Koorgestoelte.jpg\" data-elementor-open-lightbox=\"yes\" data-elementor-lightbox-title=\"Antwerpen-Sint-Pauluskerk-Koorgestoelte\" data-elementor-lightbox-description=\"\u00c9glise Saint-Paul d&#039;Anvers - Stalles du ch\u0153ur\" data-e-action-hash=\"#elementor-action%3Aaction%3Dlightbox%26settings%3DeyJpZCI6MTM1NzYsInVybCI6Imh0dHBzOlwvXC90b3BhLmJlXC93cC1jb250ZW50XC91cGxvYWRzXC9BbnR3ZXJwZW4tU2ludC1QYXVsdXNrZXJrLUtvb3JnZXN0b2VsdGUuanBnIn0%3D\">\n\t\t\t\t\t\t\t<img decoding=\"async\" width=\"766\" height=\"1024\" src=\"https:\/\/topa.be\/wp-content\/uploads\/Antwerpen-Sint-Pauluskerk-Koorgestoelte.jpg\" class=\"attachment-large size-large wp-image-13576\" alt=\"\" srcset=\"https:\/\/topa.be\/wp-content\/uploads\/Antwerpen-Sint-Pauluskerk-Koorgestoelte.jpg 766w, https:\/\/topa.be\/wp-content\/uploads\/Antwerpen-Sint-Pauluskerk-Koorgestoelte-224x300.jpg 224w, https:\/\/topa.be\/wp-content\/uploads\/Antwerpen-Sint-Pauluskerk-Koorgestoelte-150x200.jpg 150w\" sizes=\"(max-width: 766px) 100vw, 766px\" \/>\t\t\t\t\t\t\t\t<\/a>\n\t\t\t\t\t\t\t\t\t\t\t\t\t\t\t<\/div>\n\t\t\t\t<\/div>\n\t\t\t\t\t<\/div>\n\t\t<\/div>\n\t\t\t\t\t<\/div>\n\t\t<\/section>\n\t\t\t\t<section class=\"elementor-section elementor-top-section elementor-element elementor-element-be292ba elementor-section-boxed elementor-section-height-default elementor-section-height-default\" data-id=\"be292ba\" data-element_type=\"section\" data-e-type=\"section\">\n\t\t\t\t\t\t<div class=\"elementor-container elementor-column-gap-default\">\n\t\t\t\t\t<div class=\"elementor-column elementor-col-100 elementor-top-column elementor-element elementor-element-a7350c4\" data-id=\"a7350c4\" data-element_type=\"column\" data-e-type=\"column\">\n\t\t\t<div class=\"elementor-widget-wrap\">\n\t\t\t\t\t\t\t<\/div>\n\t\t<\/div>\n\t\t\t\t\t<\/div>\n\t\t<\/section>\n\t\t\t\t<section class=\"elementor-section elementor-top-section elementor-element elementor-element-e53b874 elementor-section-boxed elementor-section-height-default elementor-section-height-default\" data-id=\"e53b874\" data-element_type=\"section\" data-e-type=\"section\">\n\t\t\t\t\t\t<div class=\"elementor-container elementor-column-gap-default\">\n\t\t\t\t\t<div class=\"elementor-column elementor-col-66 elementor-top-column elementor-element elementor-element-3580f12\" data-id=\"3580f12\" data-element_type=\"column\" data-e-type=\"column\">\n\t\t\t<div class=\"elementor-widget-wrap elementor-element-populated\">\n\t\t\t\t\t\t<div class=\"elementor-element elementor-element-4ac730e elementor-widget elementor-widget-heading\" data-id=\"4ac730e\" data-element_type=\"widget\" data-e-type=\"widget\" data-widget_type=\"heading.default\">\n\t\t\t\t<div class=\"elementor-widget-container\">\n\t\t\t\t\t<h4 class=\"elementor-heading-title elementor-size-default\">Pour d\u00e9couvrir plus :<\/h4>\t\t\t\t<\/div>\n\t\t\t\t<\/div>\n\t\t\t\t<div class=\"elementor-element elementor-element-b201132 elementor-nav-menu--dropdown-tablet elementor-nav-menu__text-align-aside elementor-nav-menu--toggle elementor-nav-menu--burger elementor-widget elementor-widget-nav-menu\" data-id=\"b201132\" data-element_type=\"widget\" data-e-type=\"widget\" data-settings=\"{&quot;layout&quot;:&quot;vertical&quot;,&quot;submenu_icon&quot;:{&quot;value&quot;:&quot;&lt;i class=\\&quot;fas fa-caret-down\\&quot; aria-hidden=\\&quot;true\\&quot;&gt;&lt;\\\/i&gt;&quot;,&quot;library&quot;:&quot;fa-solid&quot;},&quot;toggle&quot;:&quot;burger&quot;}\" data-widget_type=\"nav-menu.default\">\n\t\t\t\t<div class=\"elementor-widget-container\">\n\t\t\t\t\t\t\t\t<nav aria-label=\"Menu\" class=\"elementor-nav-menu--main elementor-nav-menu__container elementor-nav-menu--layout-vertical e--pointer-framed e--animation-fade\">\n\t\t\t\t<ul id=\"menu-1-b201132\" class=\"elementor-nav-menu sm-vertical\"><li class=\"menu-item menu-item-type-post_type menu-item-object-page menu-item-60025\"><a href=\"https:\/\/topa.be\/fr\/sint-pauluskerk\/praktisch\/\" class=\"elementor-item\">Informations pratiques<\/a><\/li>\n<li class=\"menu-item menu-item-type-post_type menu-item-object-page menu-item-60026\"><a href=\"https:\/\/topa.be\/fr\/sint-pauluskerk\/rondleidingen\/\" class=\"elementor-item\">Visites guid\u00e9es<\/a><\/li>\n<li class=\"menu-item menu-item-type-post_type menu-item-object-page menu-item-60027\"><a href=\"https:\/\/topa.be\/fr\/sint-pauluskerk\/kennismaking\/\" class=\"elementor-item\">L\u2019\u00e9glise en bref<\/a><\/li>\n<li class=\"menu-item menu-item-type-post_type menu-item-object-page menu-item-61184\"><a href=\"https:\/\/topa.be\/fr\/sint-pauluskerk\/interactief-grondplan\/\" class=\"elementor-item\">Interactive floor plan<\/a><\/li>\n<li class=\"menu-item menu-item-type-post_type menu-item-object-page menu-item-61495\"><a href=\"https:\/\/topa.be\/fr\/sint-pauluskerk\/beschrijving\/\" class=\"elementor-item\">History &#038; Description<\/a><\/li>\n<li class=\"menu-item menu-item-type-custom menu-item-object-custom menu-item-60028\"><a href=\"https:\/\/www.kunstgeschiedenis-kerken-antwerpen.be\/hestia-front\/sint-pauluskerk\/\" class=\"elementor-item\">Forum scientifique<\/a><\/li>\n<\/ul>\t\t\t<\/nav>\n\t\t\t\t\t<div class=\"elementor-menu-toggle\" role=\"button\" tabindex=\"0\" aria-label=\"Permuter le menu\" aria-expanded=\"false\">\n\t\t\t<i aria-hidden=\"true\" role=\"presentation\" class=\"elementor-menu-toggle__icon--open eicon-menu-bar\"><\/i><i aria-hidden=\"true\" role=\"presentation\" class=\"elementor-menu-toggle__icon--close eicon-close\"><\/i>\t\t<\/div>\n\t\t\t\t\t<nav class=\"elementor-nav-menu--dropdown elementor-nav-menu__container\" aria-hidden=\"true\">\n\t\t\t\t<ul id=\"menu-2-b201132\" class=\"elementor-nav-menu sm-vertical\"><li class=\"menu-item menu-item-type-post_type menu-item-object-page menu-item-60025\"><a href=\"https:\/\/topa.be\/fr\/sint-pauluskerk\/praktisch\/\" class=\"elementor-item\" tabindex=\"-1\">Informations pratiques<\/a><\/li>\n<li class=\"menu-item menu-item-type-post_type menu-item-object-page menu-item-60026\"><a href=\"https:\/\/topa.be\/fr\/sint-pauluskerk\/rondleidingen\/\" class=\"elementor-item\" tabindex=\"-1\">Visites guid\u00e9es<\/a><\/li>\n<li class=\"menu-item menu-item-type-post_type menu-item-object-page menu-item-60027\"><a href=\"https:\/\/topa.be\/fr\/sint-pauluskerk\/kennismaking\/\" class=\"elementor-item\" tabindex=\"-1\">L\u2019\u00e9glise en bref<\/a><\/li>\n<li class=\"menu-item menu-item-type-post_type menu-item-object-page menu-item-61184\"><a href=\"https:\/\/topa.be\/fr\/sint-pauluskerk\/interactief-grondplan\/\" class=\"elementor-item\" tabindex=\"-1\">Interactive floor plan<\/a><\/li>\n<li class=\"menu-item menu-item-type-post_type menu-item-object-page menu-item-61495\"><a href=\"https:\/\/topa.be\/fr\/sint-pauluskerk\/beschrijving\/\" class=\"elementor-item\" tabindex=\"-1\">History &#038; Description<\/a><\/li>\n<li class=\"menu-item menu-item-type-custom menu-item-object-custom menu-item-60028\"><a href=\"https:\/\/www.kunstgeschiedenis-kerken-antwerpen.be\/hestia-front\/sint-pauluskerk\/\" class=\"elementor-item\" tabindex=\"-1\">Forum scientifique<\/a><\/li>\n<\/ul>\t\t\t<\/nav>\n\t\t\t\t\t\t<\/div>\n\t\t\t\t<\/div>\n\t\t\t\t\t<\/div>\n\t\t<\/div>\n\t\t\t\t<div class=\"elementor-column elementor-col-33 elementor-top-column elementor-element elementor-element-5f19e51\" data-id=\"5f19e51\" data-element_type=\"column\" data-e-type=\"column\">\n\t\t\t<div class=\"elementor-widget-wrap elementor-element-populated\">\n\t\t\t\t\t\t<div class=\"elementor-element elementor-element-35c56e2 elementor-widget elementor-widget-image\" data-id=\"35c56e2\" data-element_type=\"widget\" data-e-type=\"widget\" data-widget_type=\"image.default\">\n\t\t\t\t<div class=\"elementor-widget-container\">\n\t\t\t\t\t\t\t\t\t\t\t\t\t\t\t\t<a href=\"http:\/\/topa.be\/wp-content\/uploads\/Antwerpen-Sint-Pauluskerk-Rozenkrans.jpg\" data-elementor-open-lightbox=\"yes\" data-elementor-lightbox-title=\"Antwerpen-Sint-Pauluskerk-Rozenkrans\" data-e-action-hash=\"#elementor-action%3Aaction%3Dlightbox%26settings%3DeyJpZCI6MTM1ODgsInVybCI6Imh0dHBzOlwvXC90b3BhLmJlXC93cC1jb250ZW50XC91cGxvYWRzXC9BbnR3ZXJwZW4tU2ludC1QYXVsdXNrZXJrLVJvemVua3JhbnMuanBnIn0%3D\">\n\t\t\t\t\t\t\t<img decoding=\"async\" width=\"800\" height=\"600\" src=\"https:\/\/topa.be\/wp-content\/uploads\/Antwerpen-Sint-Pauluskerk-Rozenkrans.jpg\" class=\"attachment-large size-large wp-image-13588\" alt=\"\" srcset=\"https:\/\/topa.be\/wp-content\/uploads\/Antwerpen-Sint-Pauluskerk-Rozenkrans.jpg 807w, https:\/\/topa.be\/wp-content\/uploads\/Antwerpen-Sint-Pauluskerk-Rozenkrans-300x225.jpg 300w, https:\/\/topa.be\/wp-content\/uploads\/Antwerpen-Sint-Pauluskerk-Rozenkrans-200x150.jpg 200w, https:\/\/topa.be\/wp-content\/uploads\/Antwerpen-Sint-Pauluskerk-Rozenkrans-768x576.jpg 768w\" sizes=\"(max-width: 800px) 100vw, 800px\" \/>\t\t\t\t\t\t\t\t<\/a>\n\t\t\t\t\t\t\t\t\t\t\t\t\t\t\t<\/div>\n\t\t\t\t<\/div>\n\t\t\t\t\t<\/div>\n\t\t<\/div>\n\t\t\t\t\t<\/div>\n\t\t<\/section>\n\t\t\t\t<\/div>\n\t\t","protected":false},"excerpt":{"rendered":"<p>Eglise Saint-Paul en bref L\u2019\u00e9glise Saint-Paul est une des pierres angulaires d\u2019Anvers. Elle a son propre charme. \u00c0 Anvers \u2018Saint Paul\u2019 est un nom familier gr\u00e2ce \u00e0 son immense patrimoine artistique, le Calvaire calme et pittoresque, l\u2019histoire de l\u2019ancien monast\u00e8re, la gloire des messes solennelles, mais aussi gr\u00e2ce \u00e0 son emplacement comme un phare bien [&hellip;]<\/p>\n","protected":false},"author":16,"featured_media":0,"parent":37541,"menu_order":30,"comment_status":"closed","ping_status":"closed","template":"","meta":{"footnotes":""},"class_list":["post-37545","page","type-page","status-publish","hentry"],"aioseo_notices":[],"_links":{"self":[{"href":"https:\/\/topa.be\/fr\/wp-json\/wp\/v2\/pages\/37545","targetHints":{"allow":["GET"]}}],"collection":[{"href":"https:\/\/topa.be\/fr\/wp-json\/wp\/v2\/pages"}],"about":[{"href":"https:\/\/topa.be\/fr\/wp-json\/wp\/v2\/types\/page"}],"author":[{"embeddable":true,"href":"https:\/\/topa.be\/fr\/wp-json\/wp\/v2\/users\/16"}],"replies":[{"embeddable":true,"href":"https:\/\/topa.be\/fr\/wp-json\/wp\/v2\/comments?post=37545"}],"version-history":[{"count":3,"href":"https:\/\/topa.be\/fr\/wp-json\/wp\/v2\/pages\/37545\/revisions"}],"predecessor-version":[{"id":59459,"href":"https:\/\/topa.be\/fr\/wp-json\/wp\/v2\/pages\/37545\/revisions\/59459"}],"up":[{"embeddable":true,"href":"https:\/\/topa.be\/fr\/wp-json\/wp\/v2\/pages\/37541"}],"wp:attachment":[{"href":"https:\/\/topa.be\/fr\/wp-json\/wp\/v2\/media?parent=37545"}],"curies":[{"name":"wp","href":"https:\/\/api.w.org\/{rel}","templated":true}]}}