{"id":37474,"date":"2021-05-22T14:27:24","date_gmt":"2021-05-22T12:27:24","guid":{"rendered":"http:\/\/topa.be\/olv-kathedraal\/"},"modified":"2025-03-13T15:35:26","modified_gmt":"2025-03-13T14:35:26","slug":"olv-kathedraal","status":"publish","type":"page","link":"https:\/\/topa.be\/fr\/olv-kathedraal\/","title":{"rendered":"Cath\u00e9drale Notre-Dame"},"content":{"rendered":"\t\t<div data-elementor-type=\"wp-page\" data-elementor-id=\"37474\" class=\"elementor elementor-37474 elementor-11765\" data-elementor-post-type=\"page\">\n\t\t\t\t\t\t<section class=\"elementor-section elementor-top-section elementor-element elementor-element-3a486bc elementor-section-boxed elementor-section-height-default elementor-section-height-default\" data-id=\"3a486bc\" data-element_type=\"section\" data-e-type=\"section\">\n\t\t\t\t\t\t<div class=\"elementor-container elementor-column-gap-default\">\n\t\t\t\t\t<div class=\"elementor-column elementor-col-100 elementor-top-column elementor-element elementor-element-6511d2c\" data-id=\"6511d2c\" data-element_type=\"column\" data-e-type=\"column\">\n\t\t\t<div class=\"elementor-widget-wrap elementor-element-populated\">\n\t\t\t\t\t\t<div class=\"elementor-element elementor-element-8bb9afa elementor-widget elementor-widget-heading\" data-id=\"8bb9afa\" data-element_type=\"widget\" data-e-type=\"widget\" data-widget_type=\"heading.default\">\n\t\t\t\t<div class=\"elementor-widget-container\">\n\t\t\t\t\t<h1 class=\"elementor-heading-title elementor-size-default\">Cath\u00e9drale Notre-Dame<\/h1>\t\t\t\t<\/div>\n\t\t\t\t<\/div>\n\t\t\t\t\t<\/div>\n\t\t<\/div>\n\t\t\t\t\t<\/div>\n\t\t<\/section>\n\t\t\t\t<section class=\"elementor-section elementor-top-section elementor-element elementor-element-262f515 elementor-section-boxed elementor-section-height-default elementor-section-height-default\" data-id=\"262f515\" data-element_type=\"section\" data-e-type=\"section\">\n\t\t\t\t\t\t<div class=\"elementor-container elementor-column-gap-default\">\n\t\t\t\t\t<div class=\"elementor-column elementor-col-100 elementor-top-column elementor-element elementor-element-c9a7fec\" data-id=\"c9a7fec\" data-element_type=\"column\" data-e-type=\"column\">\n\t\t\t<div class=\"elementor-widget-wrap elementor-element-populated\">\n\t\t\t\t\t\t<section class=\"elementor-section elementor-inner-section elementor-element elementor-element-5680c77 elementor-section-boxed elementor-section-height-default elementor-section-height-default\" data-id=\"5680c77\" data-element_type=\"section\" data-e-type=\"section\">\n\t\t\t\t\t\t<div class=\"elementor-container elementor-column-gap-default\">\n\t\t\t\t\t<div class=\"elementor-column elementor-col-50 elementor-inner-column elementor-element elementor-element-2c2de36\" data-id=\"2c2de36\" data-element_type=\"column\" data-e-type=\"column\">\n\t\t\t<div class=\"elementor-widget-wrap elementor-element-populated\">\n\t\t\t\t\t\t<div class=\"elementor-element elementor-element-c45f299 elementor-widget elementor-widget-image\" data-id=\"c45f299\" data-element_type=\"widget\" data-e-type=\"widget\" data-widget_type=\"image.default\">\n\t\t\t\t<div class=\"elementor-widget-container\">\n\t\t\t\t\t\t\t\t\t\t\t\t\t\t\t\t<a href=\"https:\/\/topa.be\/wp-content\/uploads\/OLV-Kathedraal-Buiten-scaled.jpg\" data-elementor-open-lightbox=\"yes\" data-elementor-lightbox-title=\"OLV-Kathedraal-Buiten\" data-e-action-hash=\"#elementor-action%3Aaction%3Dlightbox%26settings%3DeyJpZCI6MjY1ODQsInVybCI6Imh0dHBzOlwvXC90b3BhLmJlXC93cC1jb250ZW50XC91cGxvYWRzXC9PTFYtS2F0aGVkcmFhbC1CdWl0ZW4tc2NhbGVkLmpwZyJ9\">\n\t\t\t\t\t\t\t<img fetchpriority=\"high\" decoding=\"async\" width=\"800\" height=\"452\" src=\"https:\/\/topa.be\/wp-content\/uploads\/OLV-Kathedraal-Buiten-1024x579.jpg\" class=\"attachment-large size-large wp-image-26584\" alt=\"\" srcset=\"https:\/\/topa.be\/wp-content\/uploads\/OLV-Kathedraal-Buiten-1024x579.jpg 1024w, https:\/\/topa.be\/wp-content\/uploads\/OLV-Kathedraal-Buiten-300x169.jpg 300w, https:\/\/topa.be\/wp-content\/uploads\/OLV-Kathedraal-Buiten-200x113.jpg 200w, https:\/\/topa.be\/wp-content\/uploads\/OLV-Kathedraal-Buiten-768x434.jpg 768w, https:\/\/topa.be\/wp-content\/uploads\/OLV-Kathedraal-Buiten-1536x868.jpg 1536w, https:\/\/topa.be\/wp-content\/uploads\/OLV-Kathedraal-Buiten-2048x1157.jpg 2048w\" sizes=\"(max-width: 800px) 100vw, 800px\" \/>\t\t\t\t\t\t\t\t<\/a>\n\t\t\t\t\t\t\t\t\t\t\t\t\t\t\t<\/div>\n\t\t\t\t<\/div>\n\t\t\t\t\t<\/div>\n\t\t<\/div>\n\t\t\t\t<div class=\"elementor-column elementor-col-50 elementor-inner-column elementor-element elementor-element-fd91fd0\" data-id=\"fd91fd0\" data-element_type=\"column\" data-e-type=\"column\">\n\t\t\t<div class=\"elementor-widget-wrap elementor-element-populated\">\n\t\t\t\t\t\t<div class=\"elementor-element elementor-element-6c7501d elementor-widget elementor-widget-image\" data-id=\"6c7501d\" data-element_type=\"widget\" data-e-type=\"widget\" data-widget_type=\"image.default\">\n\t\t\t\t<div class=\"elementor-widget-container\">\n\t\t\t\t\t\t\t\t\t\t\t\t\t\t\t\t<a href=\"https:\/\/topa.be\/wp-content\/uploads\/OLV-Kathedraal-Binnen-scaled.jpg\" data-elementor-open-lightbox=\"yes\" data-elementor-lightbox-title=\"OLV-Kathedraal-Binnen\" data-e-action-hash=\"#elementor-action%3Aaction%3Dlightbox%26settings%3DeyJpZCI6MjY1NzIsInVybCI6Imh0dHBzOlwvXC90b3BhLmJlXC93cC1jb250ZW50XC91cGxvYWRzXC9PTFYtS2F0aGVkcmFhbC1CaW5uZW4tc2NhbGVkLmpwZyJ9\">\n\t\t\t\t\t\t\t<img decoding=\"async\" width=\"800\" height=\"452\" src=\"https:\/\/topa.be\/wp-content\/uploads\/OLV-Kathedraal-Binnen-1024x578.jpg\" class=\"attachment-large size-large wp-image-26572\" alt=\"\" srcset=\"https:\/\/topa.be\/wp-content\/uploads\/OLV-Kathedraal-Binnen-1024x578.jpg 1024w, https:\/\/topa.be\/wp-content\/uploads\/OLV-Kathedraal-Binnen-300x169.jpg 300w, https:\/\/topa.be\/wp-content\/uploads\/OLV-Kathedraal-Binnen-200x113.jpg 200w, https:\/\/topa.be\/wp-content\/uploads\/OLV-Kathedraal-Binnen-768x434.jpg 768w, https:\/\/topa.be\/wp-content\/uploads\/OLV-Kathedraal-Binnen-1536x868.jpg 1536w, https:\/\/topa.be\/wp-content\/uploads\/OLV-Kathedraal-Binnen-2048x1157.jpg 2048w\" sizes=\"(max-width: 800px) 100vw, 800px\" \/>\t\t\t\t\t\t\t\t<\/a>\n\t\t\t\t\t\t\t\t\t\t\t\t\t\t\t<\/div>\n\t\t\t\t<\/div>\n\t\t\t\t\t<\/div>\n\t\t<\/div>\n\t\t\t\t\t<\/div>\n\t\t<\/section>\n\t\t\t\t\t<\/div>\n\t\t<\/div>\n\t\t\t\t\t<\/div>\n\t\t<\/section>\n\t\t\t\t<section class=\"elementor-section elementor-top-section elementor-element elementor-element-ba708df elementor-section-boxed elementor-section-height-default elementor-section-height-default\" data-id=\"ba708df\" data-element_type=\"section\" data-e-type=\"section\">\n\t\t\t\t\t\t<div class=\"elementor-container elementor-column-gap-default\">\n\t\t\t\t\t<div class=\"elementor-column elementor-col-100 elementor-top-column elementor-element elementor-element-0a705b7\" data-id=\"0a705b7\" data-element_type=\"column\" data-e-type=\"column\">\n\t\t\t<div class=\"elementor-widget-wrap elementor-element-populated\">\n\t\t\t\t\t\t<div class=\"elementor-element elementor-element-68536bb elementor-widget elementor-widget-text-editor\" data-id=\"68536bb\" data-element_type=\"widget\" data-e-type=\"widget\" data-widget_type=\"text-editor.default\">\n\t\t\t\t<div class=\"elementor-widget-container\">\n\t\t\t\t\t\t\t\t\t<p style=\"text-align: justify;\">Sa cath\u00e9drale, la plus grande \u00e9glise gothique des Pays-Bas, est la fiert\u00e9 d\u2019Anvers. Cette \u00e9glise f\u00fbt achev\u00e9e en 1521, soit 170 ans apr\u00e8s le d\u00e9but de sa construction. Sa tour Nord (123 m) \u2018une dentelle de pierres\u2019 domine encore toujours le ciel d\u2019Anvers. L\u2019espace int\u00e9rieur vous conduit vers une autre dimension.<\/p>\n<p><\/p>\n<p style=\"text-align: justify;\">Ce que nous voyons aujourd\u2019hui est partiellement baroque, partiellement n\u00e9o-gothique (datant du 19e si\u00e8cle). 4 \u0153uvres de Rubens sont encore \u00e0 admirer, dont\u00a0<em><strong>l\u2019\u00c9rection de la Croix<\/strong><\/em>\u00a0et\u00a0<em><strong>La descente de la Croix de J\u00e9sus<\/strong><\/em>\u00a0qui font parties du patrimoine culturel mondial. Il y a bien d\u2019autres chefs d\u2019\u0153uvres, le mobilier, les vitraux,\u2026..<\/p>\n\t\t\t\t\t\t\t\t<\/div>\n\t\t\t\t<\/div>\n\t\t\t\t\t<\/div>\n\t\t<\/div>\n\t\t\t\t\t<\/div>\n\t\t<\/section>\n\t\t\t\t<section class=\"elementor-section elementor-top-section elementor-element elementor-element-6be4a64d elementor-section-boxed elementor-section-height-default elementor-section-height-default\" data-id=\"6be4a64d\" data-element_type=\"section\" data-e-type=\"section\">\n\t\t\t\t\t\t<div class=\"elementor-container elementor-column-gap-default\">\n\t\t\t\t\t<div class=\"elementor-column elementor-col-100 elementor-top-column elementor-element elementor-element-1fb24581\" data-id=\"1fb24581\" data-element_type=\"column\" data-e-type=\"column\">\n\t\t\t<div class=\"elementor-widget-wrap elementor-element-populated\">\n\t\t\t\t\t\t<div class=\"elementor-element elementor-element-5dced20 elementor-widget elementor-widget-text-editor\" data-id=\"5dced20\" data-element_type=\"widget\" data-e-type=\"widget\" data-widget_type=\"text-editor.default\">\n\t\t\t\t<div class=\"elementor-widget-container\">\n\t\t\t\t\t\t\t\t\t<p>Sur <strong><a href=\"https:\/\/goo.gl\/maps\/tYpJRTq5DEyRZZay6\" target=\"_blank\" rel=\"noopener\">CETTE CARTE<\/a><\/strong> vous pouvez d\u00e9teminer un itin\u00e9raire en fonction de votre moyen de transport.<br \/>\nUne autre option est d&rsquo;utiliser VELO-Antwerpen :<strong> <a href=\"https:\/\/www.velo-antwerpen.be\/\">https:\/\/www.velo-antwerpen.be\/<\/a><\/strong><\/p>\n\t\t\t\t\t\t\t\t<\/div>\n\t\t\t\t<\/div>\n\t\t\t\t\t<\/div>\n\t\t<\/div>\n\t\t\t\t\t<\/div>\n\t\t<\/section>\n\t\t\t\t<section class=\"elementor-section elementor-top-section elementor-element elementor-element-c78ba4d elementor-section-boxed elementor-section-height-default elementor-section-height-default\" data-id=\"c78ba4d\" data-element_type=\"section\" data-e-type=\"section\">\n\t\t\t\t\t\t<div class=\"elementor-container elementor-column-gap-default\">\n\t\t\t\t\t<div class=\"elementor-column elementor-col-100 elementor-top-column elementor-element elementor-element-4413f13\" data-id=\"4413f13\" data-element_type=\"column\" data-e-type=\"column\">\n\t\t\t<div class=\"elementor-widget-wrap elementor-element-populated\">\n\t\t\t\t\t\t<div class=\"elementor-element elementor-element-9f21983 elementor-widget elementor-widget-heading\" data-id=\"9f21983\" data-element_type=\"widget\" data-e-type=\"widget\" data-widget_type=\"heading.default\">\n\t\t\t\t<div class=\"elementor-widget-container\">\n\t\t\t\t\t<h3 class=\"elementor-heading-title elementor-size-default\">Pour plus de d\u00e9couvertes:<\/h3>\t\t\t\t<\/div>\n\t\t\t\t<\/div>\n\t\t\t\t\t<\/div>\n\t\t<\/div>\n\t\t\t\t\t<\/div>\n\t\t<\/section>\n\t\t\t\t<section class=\"elementor-section elementor-top-section elementor-element elementor-element-06ac3be elementor-section-boxed elementor-section-height-default elementor-section-height-default\" data-id=\"06ac3be\" data-element_type=\"section\" data-e-type=\"section\">\n\t\t\t\t\t\t<div class=\"elementor-container elementor-column-gap-default\">\n\t\t\t\t\t<div class=\"elementor-column elementor-col-100 elementor-top-column elementor-element elementor-element-b479f5a\" data-id=\"b479f5a\" data-element_type=\"column\" data-e-type=\"column\">\n\t\t\t<div class=\"elementor-widget-wrap elementor-element-populated\">\n\t\t\t\t\t\t<div class=\"elementor-element elementor-element-19402b5 elementor-nav-menu--dropdown-tablet elementor-nav-menu__text-align-aside elementor-nav-menu--toggle elementor-nav-menu--burger elementor-widget elementor-widget-nav-menu\" data-id=\"19402b5\" data-element_type=\"widget\" data-e-type=\"widget\" data-settings=\"{&quot;layout&quot;:&quot;horizontal&quot;,&quot;submenu_icon&quot;:{&quot;value&quot;:&quot;&lt;i class=\\&quot;fas fa-caret-down\\&quot; aria-hidden=\\&quot;true\\&quot;&gt;&lt;\\\/i&gt;&quot;,&quot;library&quot;:&quot;fa-solid&quot;},&quot;toggle&quot;:&quot;burger&quot;}\" data-widget_type=\"nav-menu.default\">\n\t\t\t\t<div class=\"elementor-widget-container\">\n\t\t\t\t\t\t\t\t<nav aria-label=\"Menu\" class=\"elementor-nav-menu--main elementor-nav-menu__container elementor-nav-menu--layout-horizontal e--pointer-framed e--animation-fade\">\n\t\t\t\t<ul id=\"menu-1-19402b5\" class=\"elementor-nav-menu\"><li class=\"menu-item menu-item-type-post_type menu-item-object-page menu-item-65006\"><a href=\"https:\/\/topa.be\/fr\/olv-kathedraal\/praktisch\/\" class=\"elementor-item\">OLV Informations pratiques<\/a><\/li>\n<li class=\"menu-item menu-item-type-post_type menu-item-object-page menu-item-59915\"><a href=\"https:\/\/topa.be\/fr\/olv-kathedraal\/rondleidingen\/\" class=\"elementor-item\">Visites guid\u00e9es (calendrier)<\/a><\/li>\n<li class=\"menu-item menu-item-type-post_type menu-item-object-page menu-item-59938\"><a href=\"https:\/\/topa.be\/fr\/olv-kathedraal\/kennismaking\/\" class=\"elementor-item\">La cath\u00e9drale en bref<\/a><\/li>\n<li class=\"menu-item menu-item-type-post_type menu-item-object-page menu-item-59939\"><a href=\"https:\/\/topa.be\/fr\/olv-kathedraal\/interactief-grondplan\/\" class=\"elementor-item\">Plan interactif<\/a><\/li>\n<li class=\"menu-item menu-item-type-post_type menu-item-object-page menu-item-59940\"><a href=\"https:\/\/topa.be\/fr\/olv-kathedraal\/beschrijving\/\" class=\"elementor-item\">Histoire &#038; Description<\/a><\/li>\n<li class=\"menu-item menu-item-type-post_type menu-item-object-page menu-item-59941\"><a href=\"https:\/\/topa.be\/fr\/olv-kathedraal\/publicaties\/\" class=\"elementor-item\">Publications<\/a><\/li>\n<\/ul>\t\t\t<\/nav>\n\t\t\t\t\t<div class=\"elementor-menu-toggle\" role=\"button\" tabindex=\"0\" aria-label=\"Permuter le menu\" aria-expanded=\"false\">\n\t\t\t<i aria-hidden=\"true\" role=\"presentation\" class=\"elementor-menu-toggle__icon--open eicon-menu-bar\"><\/i><i aria-hidden=\"true\" role=\"presentation\" class=\"elementor-menu-toggle__icon--close eicon-close\"><\/i>\t\t<\/div>\n\t\t\t\t\t<nav class=\"elementor-nav-menu--dropdown elementor-nav-menu__container\" aria-hidden=\"true\">\n\t\t\t\t<ul id=\"menu-2-19402b5\" class=\"elementor-nav-menu\"><li class=\"menu-item menu-item-type-post_type menu-item-object-page menu-item-65006\"><a href=\"https:\/\/topa.be\/fr\/olv-kathedraal\/praktisch\/\" class=\"elementor-item\" tabindex=\"-1\">OLV Informations pratiques<\/a><\/li>\n<li class=\"menu-item menu-item-type-post_type menu-item-object-page menu-item-59915\"><a href=\"https:\/\/topa.be\/fr\/olv-kathedraal\/rondleidingen\/\" class=\"elementor-item\" tabindex=\"-1\">Visites guid\u00e9es (calendrier)<\/a><\/li>\n<li class=\"menu-item menu-item-type-post_type menu-item-object-page menu-item-59938\"><a href=\"https:\/\/topa.be\/fr\/olv-kathedraal\/kennismaking\/\" class=\"elementor-item\" tabindex=\"-1\">La cath\u00e9drale en bref<\/a><\/li>\n<li class=\"menu-item menu-item-type-post_type menu-item-object-page menu-item-59939\"><a href=\"https:\/\/topa.be\/fr\/olv-kathedraal\/interactief-grondplan\/\" class=\"elementor-item\" tabindex=\"-1\">Plan interactif<\/a><\/li>\n<li class=\"menu-item menu-item-type-post_type menu-item-object-page menu-item-59940\"><a href=\"https:\/\/topa.be\/fr\/olv-kathedraal\/beschrijving\/\" class=\"elementor-item\" tabindex=\"-1\">Histoire &#038; Description<\/a><\/li>\n<li class=\"menu-item menu-item-type-post_type menu-item-object-page menu-item-59941\"><a href=\"https:\/\/topa.be\/fr\/olv-kathedraal\/publicaties\/\" class=\"elementor-item\" tabindex=\"-1\">Publications<\/a><\/li>\n<\/ul>\t\t\t<\/nav>\n\t\t\t\t\t\t<\/div>\n\t\t\t\t<\/div>\n\t\t\t\t\t<\/div>\n\t\t<\/div>\n\t\t\t\t\t<\/div>\n\t\t<\/section>\n\t\t\t\t<\/div>\n\t\t","protected":false},"excerpt":{"rendered":"<p>Cath\u00e9drale Notre-Dame Sa cath\u00e9drale, la plus grande \u00e9glise gothique des Pays-Bas, est la fiert\u00e9 d\u2019Anvers. Cette \u00e9glise f\u00fbt achev\u00e9e en 1521, soit 170 ans apr\u00e8s le d\u00e9but de sa construction. Sa tour Nord (123 m) \u2018une dentelle de pierres\u2019 domine encore toujours le ciel d\u2019Anvers. L\u2019espace int\u00e9rieur vous conduit vers une autre dimension. Ce que [&hellip;]<\/p>\n","protected":false},"author":16,"featured_media":0,"parent":0,"menu_order":100,"comment_status":"closed","ping_status":"closed","template":"","meta":{"footnotes":""},"class_list":["post-37474","page","type-page","status-publish","hentry"],"aioseo_notices":[],"_links":{"self":[{"href":"https:\/\/topa.be\/fr\/wp-json\/wp\/v2\/pages\/37474","targetHints":{"allow":["GET"]}}],"collection":[{"href":"https:\/\/topa.be\/fr\/wp-json\/wp\/v2\/pages"}],"about":[{"href":"https:\/\/topa.be\/fr\/wp-json\/wp\/v2\/types\/page"}],"author":[{"embeddable":true,"href":"https:\/\/topa.be\/fr\/wp-json\/wp\/v2\/users\/16"}],"replies":[{"embeddable":true,"href":"https:\/\/topa.be\/fr\/wp-json\/wp\/v2\/comments?post=37474"}],"version-history":[{"count":3,"href":"https:\/\/topa.be\/fr\/wp-json\/wp\/v2\/pages\/37474\/revisions"}],"predecessor-version":[{"id":71545,"href":"https:\/\/topa.be\/fr\/wp-json\/wp\/v2\/pages\/37474\/revisions\/71545"}],"wp:attachment":[{"href":"https:\/\/topa.be\/fr\/wp-json\/wp\/v2\/media?parent=37474"}],"curies":[{"name":"wp","href":"https:\/\/api.w.org\/{rel}","templated":true}]}}