{"id":37457,"date":"2021-05-22T14:12:12","date_gmt":"2021-05-22T12:12:12","guid":{"rendered":"http:\/\/topa.be\/rondleidingen\/"},"modified":"2024-01-25T15:15:22","modified_gmt":"2024-01-25T14:15:22","slug":"rondleidingen","status":"publish","type":"page","link":"https:\/\/topa.be\/fr\/olv-kathedraal\/rondleidingen\/","title":{"rendered":"OLV Visites guid\u00e9es (calendrier)"},"content":{"rendered":"\t\t<div data-elementor-type=\"wp-page\" data-elementor-id=\"37457\" class=\"elementor elementor-37457 elementor-33232\" data-elementor-post-type=\"page\">\n\t\t\t\t\t\t<section class=\"elementor-section elementor-top-section elementor-element elementor-element-31bdc53 elementor-section-boxed elementor-section-height-default elementor-section-height-default\" data-id=\"31bdc53\" data-element_type=\"section\" data-e-type=\"section\">\n\t\t\t\t\t\t<div class=\"elementor-container elementor-column-gap-default\">\n\t\t\t\t\t<div class=\"elementor-column elementor-col-100 elementor-top-column elementor-element elementor-element-ebee0b0\" data-id=\"ebee0b0\" data-element_type=\"column\" data-e-type=\"column\">\n\t\t\t<div class=\"elementor-widget-wrap elementor-element-populated\">\n\t\t\t\t\t\t<div class=\"elementor-element elementor-element-5618031 elementor-widget elementor-widget-heading\" data-id=\"5618031\" data-element_type=\"widget\" data-e-type=\"widget\" data-widget_type=\"heading.default\">\n\t\t\t\t<div class=\"elementor-widget-container\">\n\t\t\t\t\t<h1 class=\"elementor-heading-title elementor-size-default\">Cath\u00e9drale Notre-Dame<\/h1>\t\t\t\t<\/div>\n\t\t\t\t<\/div>\n\t\t\t\t\t<\/div>\n\t\t<\/div>\n\t\t\t\t\t<\/div>\n\t\t<\/section>\n\t\t\t\t<section class=\"elementor-section elementor-top-section elementor-element elementor-element-cde690e elementor-section-boxed elementor-section-height-default elementor-section-height-default\" data-id=\"cde690e\" data-element_type=\"section\" data-e-type=\"section\">\n\t\t\t\t\t\t<div class=\"elementor-container elementor-column-gap-default\">\n\t\t\t\t\t<div class=\"elementor-column elementor-col-100 elementor-top-column elementor-element elementor-element-095a272\" data-id=\"095a272\" data-element_type=\"column\" data-e-type=\"column\">\n\t\t\t<div class=\"elementor-widget-wrap elementor-element-populated\">\n\t\t\t\t\t\t<div class=\"elementor-element elementor-element-d179c82 elementor-widget elementor-widget-heading\" data-id=\"d179c82\" data-element_type=\"widget\" data-e-type=\"widget\" data-widget_type=\"heading.default\">\n\t\t\t\t<div class=\"elementor-widget-container\">\n\t\t\t\t\t<h2 class=\"elementor-heading-title elementor-size-default\">Visites guid\u00e9es<\/h2>\t\t\t\t<\/div>\n\t\t\t\t<\/div>\n\t\t\t\t\t<\/div>\n\t\t<\/div>\n\t\t\t\t\t<\/div>\n\t\t<\/section>\n\t\t\t\t<section class=\"elementor-section elementor-top-section elementor-element elementor-element-f52b145 elementor-section-boxed elementor-section-height-default elementor-section-height-default\" data-id=\"f52b145\" data-element_type=\"section\" data-e-type=\"section\">\n\t\t\t\t\t\t<div class=\"elementor-container elementor-column-gap-default\">\n\t\t\t\t\t<div class=\"elementor-column elementor-col-66 elementor-top-column elementor-element elementor-element-843d7f4\" data-id=\"843d7f4\" data-element_type=\"column\" data-e-type=\"column\">\n\t\t\t<div class=\"elementor-widget-wrap elementor-element-populated\">\n\t\t\t\t\t\t<div class=\"elementor-element elementor-element-f72d243 elementor-widget elementor-widget-text-editor\" data-id=\"f72d243\" data-element_type=\"widget\" data-e-type=\"widget\" data-widget_type=\"text-editor.default\">\n\t\t\t\t<div class=\"elementor-widget-container\">\n\t\t\t\t\t\t\t\t\t<p style=\"text-align: justify;\">Les visites guid\u00e9es sont organis\u00e9es par les guides du Groupe d\u2019Accueil TOPA (PAstorale du TOurisme), dans l\u2019esprit de:<\/p>\n<h3 style=\"text-align: center;\">\u2018Voir l\u2019art, plus qu\u2019un coup d\u2019<strong>\u0153il<\/strong>\u2018.<\/h3>\n\t\t\t\t\t\t\t\t<\/div>\n\t\t\t\t<\/div>\n\t\t\t\t<div class=\"elementor-element elementor-element-33b4151 elementor-widget elementor-widget-text-editor\" data-id=\"33b4151\" data-element_type=\"widget\" data-e-type=\"widget\" data-widget_type=\"text-editor.default\">\n\t\t\t\t<div class=\"elementor-widget-container\">\n\t\t\t\t\t\t\t\t\t<h4 style=\"text-align: justify;\">pour visiteurs individuels (gratuit)<\/h4>\n<p style=\"text-align: justify;\">Guides disponibles en six langues : EN FR DE EN EN IT ES.<br \/>\nJours et heures selon la disponibilit\u00e9 des guides.<\/p>\n<p><strong>Calendrier des visites guid\u00e9es:<br \/>\n<\/strong><strong><span style=\"background-color: #00ff00;\">Vert=OUI<\/span>\u00a0\u2013 <span style=\"background-color: #999999;\">Gris=NON<\/span>\u00a0\u2013 <span style=\"background-color: #ff0000;\">Rouge=Pas de visite<\/span><\/strong><\/p>\n<p><span style=\"text-decoration: underline;\"><span style=\"font-size: 14pt;\"><em><strong>ATTENTION : Le samedi, la visite commence \u00e0 14 heures ! <\/strong><\/em><\/span><\/span><\/p>\n<p style=\"text-align: justify;\">\n\t\t\t\t\t\t\t\t<\/div>\n\t\t\t\t<\/div>\n\t\t\t\t\t<\/div>\n\t\t<\/div>\n\t\t\t\t<div class=\"elementor-column elementor-col-33 elementor-top-column elementor-element elementor-element-6a64f63\" data-id=\"6a64f63\" data-element_type=\"column\" data-e-type=\"column\">\n\t\t\t<div class=\"elementor-widget-wrap elementor-element-populated\">\n\t\t\t\t\t\t<div class=\"elementor-element elementor-element-04199e7 elementor-widget elementor-widget-text-editor\" data-id=\"04199e7\" data-element_type=\"widget\" data-e-type=\"widget\" data-widget_type=\"text-editor.default\">\n\t\t\t\t<div class=\"elementor-widget-container\">\n\t\t\t\t\t\t\t\t\t<h4 class=\"widgettitle\">Pour d\u00e9couvrir plus:<\/h4>\n\t\t\t\t\t\t\t\t<\/div>\n\t\t\t\t<\/div>\n\t\t\t\t<div class=\"elementor-element elementor-element-cb80e0a elementor-nav-menu--dropdown-tablet elementor-nav-menu__text-align-aside elementor-nav-menu--toggle elementor-nav-menu--burger elementor-widget elementor-widget-nav-menu\" data-id=\"cb80e0a\" data-element_type=\"widget\" data-e-type=\"widget\" data-settings=\"{&quot;layout&quot;:&quot;vertical&quot;,&quot;submenu_icon&quot;:{&quot;value&quot;:&quot;&lt;i class=\\&quot;fas fa-caret-down\\&quot; aria-hidden=\\&quot;true\\&quot;&gt;&lt;\\\/i&gt;&quot;,&quot;library&quot;:&quot;fa-solid&quot;},&quot;toggle&quot;:&quot;burger&quot;}\" data-widget_type=\"nav-menu.default\">\n\t\t\t\t<div class=\"elementor-widget-container\">\n\t\t\t\t\t\t\t\t<nav aria-label=\"Menu\" class=\"elementor-nav-menu--main elementor-nav-menu__container elementor-nav-menu--layout-vertical e--pointer-framed e--animation-fade\">\n\t\t\t\t<ul id=\"menu-1-cb80e0a\" class=\"elementor-nav-menu sm-vertical\"><li class=\"menu-item menu-item-type-post_type menu-item-object-page menu-item-65006\"><a href=\"https:\/\/topa.be\/fr\/olv-kathedraal\/praktisch\/\" class=\"elementor-item\">OLV Informations pratiques<\/a><\/li>\n<li class=\"menu-item menu-item-type-post_type menu-item-object-page menu-item-59915\"><a href=\"https:\/\/topa.be\/fr\/olv-kathedraal\/rondleidingen\/\" class=\"elementor-item\">Visites guid\u00e9es (calendrier)<\/a><\/li>\n<li class=\"menu-item menu-item-type-post_type menu-item-object-page menu-item-59938\"><a href=\"https:\/\/topa.be\/fr\/olv-kathedraal\/kennismaking\/\" class=\"elementor-item\">La cath\u00e9drale en bref<\/a><\/li>\n<li class=\"menu-item menu-item-type-post_type menu-item-object-page menu-item-59939\"><a href=\"https:\/\/topa.be\/fr\/olv-kathedraal\/interactief-grondplan\/\" class=\"elementor-item\">Plan interactif<\/a><\/li>\n<li class=\"menu-item menu-item-type-post_type menu-item-object-page menu-item-59940\"><a href=\"https:\/\/topa.be\/fr\/olv-kathedraal\/beschrijving\/\" class=\"elementor-item\">Histoire &#038; Description<\/a><\/li>\n<li class=\"menu-item menu-item-type-post_type menu-item-object-page menu-item-59941\"><a href=\"https:\/\/topa.be\/fr\/olv-kathedraal\/publicaties\/\" class=\"elementor-item\">Publications<\/a><\/li>\n<\/ul>\t\t\t<\/nav>\n\t\t\t\t\t<div class=\"elementor-menu-toggle\" role=\"button\" tabindex=\"0\" aria-label=\"Permuter le menu\" aria-expanded=\"false\">\n\t\t\t<i aria-hidden=\"true\" role=\"presentation\" class=\"elementor-menu-toggle__icon--open eicon-menu-bar\"><\/i><i aria-hidden=\"true\" role=\"presentation\" class=\"elementor-menu-toggle__icon--close eicon-close\"><\/i>\t\t<\/div>\n\t\t\t\t\t<nav class=\"elementor-nav-menu--dropdown elementor-nav-menu__container\" aria-hidden=\"true\">\n\t\t\t\t<ul id=\"menu-2-cb80e0a\" class=\"elementor-nav-menu sm-vertical\"><li class=\"menu-item menu-item-type-post_type menu-item-object-page menu-item-65006\"><a href=\"https:\/\/topa.be\/fr\/olv-kathedraal\/praktisch\/\" class=\"elementor-item\" tabindex=\"-1\">OLV Informations pratiques<\/a><\/li>\n<li class=\"menu-item menu-item-type-post_type menu-item-object-page menu-item-59915\"><a href=\"https:\/\/topa.be\/fr\/olv-kathedraal\/rondleidingen\/\" class=\"elementor-item\" tabindex=\"-1\">Visites guid\u00e9es (calendrier)<\/a><\/li>\n<li class=\"menu-item menu-item-type-post_type menu-item-object-page menu-item-59938\"><a href=\"https:\/\/topa.be\/fr\/olv-kathedraal\/kennismaking\/\" class=\"elementor-item\" tabindex=\"-1\">La cath\u00e9drale en bref<\/a><\/li>\n<li class=\"menu-item menu-item-type-post_type menu-item-object-page menu-item-59939\"><a href=\"https:\/\/topa.be\/fr\/olv-kathedraal\/interactief-grondplan\/\" class=\"elementor-item\" tabindex=\"-1\">Plan interactif<\/a><\/li>\n<li class=\"menu-item menu-item-type-post_type menu-item-object-page menu-item-59940\"><a href=\"https:\/\/topa.be\/fr\/olv-kathedraal\/beschrijving\/\" class=\"elementor-item\" tabindex=\"-1\">Histoire &#038; Description<\/a><\/li>\n<li class=\"menu-item menu-item-type-post_type menu-item-object-page menu-item-59941\"><a href=\"https:\/\/topa.be\/fr\/olv-kathedraal\/publicaties\/\" class=\"elementor-item\" tabindex=\"-1\">Publications<\/a><\/li>\n<\/ul>\t\t\t<\/nav>\n\t\t\t\t\t\t<\/div>\n\t\t\t\t<\/div>\n\t\t\t\t\t<\/div>\n\t\t<\/div>\n\t\t\t\t\t<\/div>\n\t\t<\/section>\n\t\t\t\t<section class=\"elementor-section elementor-top-section elementor-element elementor-element-e34baaa elementor-section-boxed elementor-section-height-default elementor-section-height-default\" data-id=\"e34baaa\" data-element_type=\"section\" data-e-type=\"section\">\n\t\t\t\t\t\t<div class=\"elementor-container elementor-column-gap-default\">\n\t\t\t\t\t<div class=\"elementor-column elementor-col-100 elementor-top-column elementor-element elementor-element-8b48390\" data-id=\"8b48390\" data-element_type=\"column\" data-e-type=\"column\">\n\t\t\t<div class=\"elementor-widget-wrap elementor-element-populated\">\n\t\t\t\t\t\t<div class=\"elementor-element elementor-element-74f094f elementor-widget elementor-widget-shortcode\" data-id=\"74f094f\" data-element_type=\"widget\" data-e-type=\"widget\" data-widget_type=\"shortcode.default\">\n\t\t\t\t<div class=\"elementor-widget-container\">\n\t\t\t\t\t\t\t<div class=\"elementor-shortcode\"><iframe src=\"https:\/\/onedrive.live.com\/embed?resid=9BB42461408B5CDB%216250&authkey=!AMvglZfGJYpbY9E&em=2&activeCell=A3\" width=\"666\" height=\"500\" frameborder=\"0\" scrolling=\"no\"><\/iframe><\/div>\n\t\t\t\t\t\t<\/div>\n\t\t\t\t<\/div>\n\t\t\t\t<div class=\"elementor-element elementor-element-e14e008 elementor-widget elementor-widget-text-editor\" data-id=\"e14e008\" data-element_type=\"widget\" data-e-type=\"widget\" data-widget_type=\"text-editor.default\">\n\t\t\t\t<div class=\"elementor-widget-container\">\n\t\t\t\t\t\t\t\t\t<h4 style=\"text-align: justify;\">Pour les groupes:<\/h4>\n<p style=\"text-align: justify;\">Les guides sp\u00e9cialis\u00e9s de TOPA tiennent compte \u2013 dans la mesure du possible \u2013 des centres d\u2019int\u00e9r\u00eats sp\u00e9cifiques de votre groupe.\u00a0Visites \u00e9galement possible apr\u00e8s l\u2019heure de fermeture. Un groupe compte au maximum 20 personnes par guide.<\/p>\n<p style=\"text-align: justify;\"><strong>Reservation: de pr\u00e9f\u00e9rence trois semaines \u00e0 l\u2019avance<br \/>\nPrix : voir \u00e0 chaque offre &#8211; Guide \u20ac95.00<\/strong><br \/>\n<strong>Info Cath\u00e9drale<\/strong><br \/>\n<strong>tel. +32 (0)3 213 99 51<\/strong><br \/>\n<strong>e-mail\u00a0<a href=\"mailto:info@dekathedraal.be\">info@dekathedraal.be<\/a>\u00a0\u00a0<\/strong><\/p>\n<p style=\"text-align: justify;\">L\u2019offre pour groupes \u00e0 la cath\u00e9drale<\/p>\n\t\t\t\t\t\t\t\t<\/div>\n\t\t\t\t<\/div>\n\t\t\t\t<div class=\"elementor-element elementor-element-f26b1c4 elementor-widget elementor-widget-text-editor\" data-id=\"f26b1c4\" data-element_type=\"widget\" data-e-type=\"widget\" data-widget_type=\"text-editor.default\">\n\t\t\t\t<div class=\"elementor-widget-container\">\n\t\t\t\t\t\t\t\t\t<p style=\"text-align: justify;\"><span style=\"color: #3366ff;\"><strong>\u00c0 la d\u00e9couverte de la cath\u00e9drale<\/strong><\/span><\/p>\n<p style=\"text-align: justify;\">Cela fait des si\u00e8cles que la Cath\u00e9drale Notre-Dame accueille des visiteurs de tous les coins du monde. La plus grande cath\u00e9drale des Bas Pays est plus qu\u2019une salle des tr\u00e9sors grandiose. Elle h\u00e9berge une communaut\u00e9 d\u2019\u00e9glise vivante. Nous vous accompagnons volontiers dans une d\u00e9couverte qui passe par P.P. Rubens et des dizaines d\u2019autres artistes moins connus, qui tous ont cr\u00e9\u00e9s leurs chefs-d\u2019\u0153uvre\u00a0 pour des hommes et des femmes qui se sentent chez eux dans cette Maison de Dieu.<\/p>\n<p style=\"text-align: justify;\">Laissez-vous surprendre par la beaut\u00e9 et les histoires fortes qu\u2019elle rec\u00e8le. Beaucoup n\u2019est pas ce qui semble \u00eatre\u2026<\/p>\n<p style=\"text-align: justify;\"><strong>Dur\u00e9e : 1h30 \u00e0 2h00<\/strong><br \/>\n<strong>Prix : \u20ac 10,00 \u2013 habitants de la province d\u2019Anvers: gratuit<\/strong><\/p>\n\t\t\t\t\t\t\t\t<\/div>\n\t\t\t\t<\/div>\n\t\t\t\t<div class=\"elementor-element elementor-element-e70012e elementor-widget elementor-widget-text-editor\" data-id=\"e70012e\" data-element_type=\"widget\" data-e-type=\"widget\" data-widget_type=\"text-editor.default\">\n\t\t\t\t<div class=\"elementor-widget-container\">\n\t\t\t\t\t\t\t\t\t<p style=\"text-align: justify;\"><span style=\"color: #3366ff;\"><strong>D\u2019un grand jardin et d\u2019une petite tour<\/strong><\/span><\/p>\n<p style=\"text-align: justify;\">Un jardin \u00e0 5 m\u00e8tres au-dessus du rez-de chauss\u00e9e, et ce au c\u0153ur d\u2019Anvers\u2026 Ce fut longtemps un secret bien gard\u00e9. D\u2019o\u00f9 sort-t-il et quel est le rapport entre ce jardin et la tour sud inachev\u00e9e\u00a0de la Cath\u00e9drale? Du haut de cette tour vous verrez Anvers et son fleuve comme vous ne les avez jamais vus. Vous d\u00e9couvrirez aussi quelques lieux cach\u00e9s \u00ab\u00a0derri\u00e8re les coulisses\u00a0\u00bb et admirerez le savoir-faire s\u00e9culaire des charpentiers et des constructeurs de tours et de vo\u00fbtes.<\/p>\n<p style=\"text-align: justify;\"><strong>Dur\u00e9e : 2h00<\/strong><br \/>\n<strong>Prix : \u20ac 15,00<\/strong><\/p>\n\t\t\t\t\t\t\t\t<\/div>\n\t\t\t\t<\/div>\n\t\t\t\t<div class=\"elementor-element elementor-element-36bb5e0 elementor-widget elementor-widget-text-editor\" data-id=\"36bb5e0\" data-element_type=\"widget\" data-e-type=\"widget\" data-widget_type=\"text-editor.default\">\n\t\t\t\t<div class=\"elementor-widget-container\">\n\t\t\t\t\t\t\t\t\t<p style=\"text-align: justify;\"><span style=\"background-color: #ffffff; color: #3366ff;\"><strong>Par-dessous et par-dessus les vo\u00fbtes<\/strong><\/span><\/p>\n<p style=\"text-align: justify;\">Depuis des si\u00e8cles les vo\u00fbtes de la Cath\u00e9drale forment une tente o\u00f9 s\u2019abritent nombre d\u2019\u0153uvres d\u2019art. Nous d\u00e9couvrons avec vous quelques \u0153uvres d\u2019art et vous emmenons dans le grenier de la nef. Sous la charpente s\u00e9culaire la vo\u00fbte est encore plus impressionnante. Nous escaladons la \u00ab\u00a0petite tour\u00a0\u00bb (qui est moins petite qu\u2019elle en a l\u2019air), passons devant une ancienne grue en cage d\u2019\u00e9cureuil et profitons d\u2019une vue spectaculaire sur la ville et son fleuve.<\/p>\n<p style=\"text-align: justify;\"><strong>Dur\u00e9e : 2u00<\/strong><br \/>\n<strong>Prix : \u20ac 15,00<\/strong><\/p>\n\t\t\t\t\t\t\t\t<\/div>\n\t\t\t\t<\/div>\n\t\t\t\t<div class=\"elementor-element elementor-element-2363775 elementor-widget elementor-widget-text-editor\" data-id=\"2363775\" data-element_type=\"widget\" data-e-type=\"widget\" data-widget_type=\"text-editor.default\">\n\t\t\t\t<div class=\"elementor-widget-container\">\n\t\t\t\t\t\t\t\t\t<p style=\"text-align: justify;\"><span style=\"color: #3366ff;\"><strong>Sculptural en 3D<br \/>\n<\/strong><\/span>(de la <em>Madone Mosane<\/em> \u00e0 Fabre, de\u00a0<em>La Femme Portant l\u2019Enfant\u00a0<\/em>\u00e0\u00a0<em>l\u2019Homme Portant la Croix<\/em>)<\/p>\n<p style=\"text-align: justify;\">Sculpteurs sur bois et sur pierre, couleurs de bronze\u2026 Depuis le Moyen-\u00c2ge ils nous confrontent \u00e0 leurs \u0153uvres d\u2019art en trois dimensions\u00a0: attendrissantes, \u00e9blouissantes, confrontantes, intrigantes, ne nous laissant pas indiff\u00e9rents. Ch\u00eane et pierre prennent vie. Le marbre, froid par nature, ne vous laissera pas \u00ab\u00a0de marbre\u00a0\u00bb. Peut-\u00eatre m\u00eame que le bronze poli refl\u00e9tera une part de vous-m\u00eame.<\/p>\n<p style=\"text-align: justify;\"><strong>Dur\u00e9e : 1h30 \u00e0 2h00<\/strong><br \/>\n<strong>Prix : \u20ac 10,00 \u2013 habitants de la province d\u2019Anvers: gratuit<\/strong><\/p>\n\t\t\t\t\t\t\t\t<\/div>\n\t\t\t\t<\/div>\n\t\t\t\t<div class=\"elementor-element elementor-element-8e32bfe elementor-widget elementor-widget-text-editor\" data-id=\"8e32bfe\" data-element_type=\"widget\" data-e-type=\"widget\" data-widget_type=\"text-editor.default\">\n\t\t\t\t<div class=\"elementor-widget-container\">\n\t\t\t\t\t\t\t\t\t<p>&#8230;<\/p>\n\t\t\t\t\t\t\t\t<\/div>\n\t\t\t\t<\/div>\n\t\t\t\t<div class=\"elementor-element elementor-element-ea62260 elementor-widget elementor-widget-text-editor\" data-id=\"ea62260\" data-element_type=\"widget\" data-e-type=\"widget\" data-widget_type=\"text-editor.default\">\n\t\t\t\t<div class=\"elementor-widget-container\">\n\t\t\t\t\t\t\t\t\t<p>&#8230;<\/p>\n\t\t\t\t\t\t\t\t<\/div>\n\t\t\t\t<\/div>\n\t\t\t\t<div class=\"elementor-element elementor-element-a325c2d elementor-widget elementor-widget-text-editor\" data-id=\"a325c2d\" data-element_type=\"widget\" data-e-type=\"widget\" data-widget_type=\"text-editor.default\">\n\t\t\t\t<div class=\"elementor-widget-container\">\n\t\t\t\t\t\t\t\t\t<p>&#8230;<\/p>\n\t\t\t\t\t\t\t\t<\/div>\n\t\t\t\t<\/div>\n\t\t\t\t<div class=\"elementor-element elementor-element-15bf58f elementor-widget elementor-widget-text-editor\" data-id=\"15bf58f\" data-element_type=\"widget\" data-e-type=\"widget\" data-widget_type=\"text-editor.default\">\n\t\t\t\t<div class=\"elementor-widget-container\">\n\t\t\t\t\t\t\t\t\t<p><strong>Sur la page g\u00e9n\u00e9rale <a href=\"https:\/\/topa.be\/fr\/groepen\/\">VISITES GUID\u00c9ES<\/a>, il y a aussi deux circuits qui visitent plusieurs \u00e9glises.<\/strong><\/p>\n\t\t\t\t\t\t\t\t<\/div>\n\t\t\t\t<\/div>\n\t\t\t\t\t<\/div>\n\t\t<\/div>\n\t\t\t\t\t<\/div>\n\t\t<\/section>\n\t\t\t\t<\/div>\n\t\t","protected":false},"excerpt":{"rendered":"<p>Cath\u00e9drale Notre-Dame Visites guid\u00e9es Les visites guid\u00e9es sont organis\u00e9es par les guides du Groupe d\u2019Accueil TOPA (PAstorale du TOurisme), dans l\u2019esprit de: \u2018Voir l\u2019art, plus qu\u2019un coup d\u2019\u0153il\u2018. pour visiteurs individuels (gratuit) Guides disponibles en six langues : EN FR DE EN EN IT ES. Jours et heures selon la disponibilit\u00e9 des guides. Calendrier des [&hellip;]<\/p>\n","protected":false},"author":16,"featured_media":0,"parent":37474,"menu_order":20,"comment_status":"closed","ping_status":"closed","template":"","meta":{"footnotes":""},"class_list":["post-37457","page","type-page","status-publish","hentry"],"aioseo_notices":[],"_links":{"self":[{"href":"https:\/\/topa.be\/fr\/wp-json\/wp\/v2\/pages\/37457","targetHints":{"allow":["GET"]}}],"collection":[{"href":"https:\/\/topa.be\/fr\/wp-json\/wp\/v2\/pages"}],"about":[{"href":"https:\/\/topa.be\/fr\/wp-json\/wp\/v2\/types\/page"}],"author":[{"embeddable":true,"href":"https:\/\/topa.be\/fr\/wp-json\/wp\/v2\/users\/16"}],"replies":[{"embeddable":true,"href":"https:\/\/topa.be\/fr\/wp-json\/wp\/v2\/comments?post=37457"}],"version-history":[{"count":3,"href":"https:\/\/topa.be\/fr\/wp-json\/wp\/v2\/pages\/37457\/revisions"}],"predecessor-version":[{"id":70166,"href":"https:\/\/topa.be\/fr\/wp-json\/wp\/v2\/pages\/37457\/revisions\/70166"}],"up":[{"embeddable":true,"href":"https:\/\/topa.be\/fr\/wp-json\/wp\/v2\/pages\/37474"}],"wp:attachment":[{"href":"https:\/\/topa.be\/fr\/wp-json\/wp\/v2\/media?parent=37457"}],"curies":[{"name":"wp","href":"https:\/\/api.w.org\/{rel}","templated":true}]}}