{"id":37337,"date":"2021-05-21T16:01:02","date_gmt":"2021-05-21T14:01:02","guid":{"rendered":"http:\/\/topa.be\/beschrijving\/"},"modified":"2021-10-14T16:32:24","modified_gmt":"2021-10-14T14:32:24","slug":"beschrijving","status":"publish","type":"page","link":"https:\/\/topa.be\/fr\/olv-kathedraal\/beschrijving\/","title":{"rendered":"OLV Histoire &#038; Description"},"content":{"rendered":"\t\t<div data-elementor-type=\"wp-page\" data-elementor-id=\"37337\" class=\"elementor elementor-37337 elementor-33238\" data-elementor-post-type=\"page\">\n\t\t\t\t\t\t<section class=\"elementor-section elementor-top-section elementor-element elementor-element-41630ea elementor-section-boxed elementor-section-height-default elementor-section-height-default\" data-id=\"41630ea\" data-element_type=\"section\" data-e-type=\"section\">\n\t\t\t\t\t\t<div class=\"elementor-container elementor-column-gap-default\">\n\t\t\t\t\t<div class=\"elementor-column elementor-col-100 elementor-top-column elementor-element elementor-element-899773f\" data-id=\"899773f\" data-element_type=\"column\" data-e-type=\"column\">\n\t\t\t<div class=\"elementor-widget-wrap elementor-element-populated\">\n\t\t\t\t\t\t<div class=\"elementor-element elementor-element-0d9b838 elementor-widget elementor-widget-heading\" data-id=\"0d9b838\" data-element_type=\"widget\" data-e-type=\"widget\" data-widget_type=\"heading.default\">\n\t\t\t\t<div class=\"elementor-widget-container\">\n\t\t\t\t\t<h1 class=\"elementor-heading-title elementor-size-default\">Cath\u00e9drale Notre-Dame<\/h1>\t\t\t\t<\/div>\n\t\t\t\t<\/div>\n\t\t\t\t\t<\/div>\n\t\t<\/div>\n\t\t\t\t\t<\/div>\n\t\t<\/section>\n\t\t\t\t<section class=\"elementor-section elementor-top-section elementor-element elementor-element-36281b6 elementor-section-boxed elementor-section-height-default elementor-section-height-default\" data-id=\"36281b6\" data-element_type=\"section\" data-e-type=\"section\">\n\t\t\t\t\t\t<div class=\"elementor-container elementor-column-gap-default\">\n\t\t\t\t\t<div class=\"elementor-column elementor-col-100 elementor-top-column elementor-element elementor-element-84c4bb7\" data-id=\"84c4bb7\" data-element_type=\"column\" data-e-type=\"column\">\n\t\t\t<div class=\"elementor-widget-wrap elementor-element-populated\">\n\t\t\t\t\t\t<div class=\"elementor-element elementor-element-b35aea0 elementor-widget elementor-widget-heading\" data-id=\"b35aea0\" data-element_type=\"widget\" data-e-type=\"widget\" data-widget_type=\"heading.default\">\n\t\t\t\t<div class=\"elementor-widget-container\">\n\t\t\t\t\t<h2 class=\"elementor-heading-title elementor-size-default\">Histoire et description<\/h2>\t\t\t\t<\/div>\n\t\t\t\t<\/div>\n\t\t\t\t\t<\/div>\n\t\t<\/div>\n\t\t\t\t\t<\/div>\n\t\t<\/section>\n\t\t\t\t<section class=\"elementor-section elementor-top-section elementor-element elementor-element-93fe9d4 elementor-section-boxed elementor-section-height-default elementor-section-height-default\" data-id=\"93fe9d4\" data-element_type=\"section\" data-e-type=\"section\">\n\t\t\t\t\t\t<div class=\"elementor-container elementor-column-gap-default\">\n\t\t\t\t\t<div class=\"elementor-column elementor-col-33 elementor-top-column elementor-element elementor-element-8ab5ff5\" data-id=\"8ab5ff5\" data-element_type=\"column\" data-e-type=\"column\">\n\t\t\t<div class=\"elementor-widget-wrap elementor-element-populated\">\n\t\t\t\t\t\t<div class=\"elementor-element elementor-element-6cfe5fc elementor-widget elementor-widget-image\" data-id=\"6cfe5fc\" data-element_type=\"widget\" data-e-type=\"widget\" data-widget_type=\"image.default\">\n\t\t\t\t<div class=\"elementor-widget-container\">\n\t\t\t\t\t\t\t\t\t\t\t\t<figure class=\"wp-caption\">\n\t\t\t\t\t\t\t\t\t\t\t<a href=\"http:\/\/topa.be\/wp-content\/uploads\/1-Kerken-OLV-Antwerpen-Bononiensis-2.jpg\" data-elementor-open-lightbox=\"yes\" data-elementor-lightbox-title=\"1-Kerken-OLV-Antwerpen-Bononiensis\" data-elementor-lightbox-description=\"Plan d&#039;Anvers en vue d&#039;oiseau, gravure sur bois par Virgilius Bononiensis, 1565 - d\u00e9tail avec la cath\u00e9drale\" data-e-action-hash=\"#elementor-action%3Aaction%3Dlightbox%26settings%3DeyJpZCI6MTIzNjQsInVybCI6Imh0dHBzOlwvXC90b3BhLmJlXC93cC1jb250ZW50XC91cGxvYWRzXC8xLUtlcmtlbi1PTFYtQW50d2VycGVuLUJvbm9uaWVuc2lzLTIuanBnIn0%3D\">\n\t\t\t\t\t\t\t<img fetchpriority=\"high\" decoding=\"async\" width=\"800\" height=\"800\" src=\"https:\/\/topa.be\/wp-content\/uploads\/1-Kerken-OLV-Antwerpen-Bononiensis-2-1024x1024.jpg\" class=\"attachment-large size-large wp-image-12364\" alt=\"\" srcset=\"https:\/\/topa.be\/wp-content\/uploads\/1-Kerken-OLV-Antwerpen-Bononiensis-2-1024x1024.jpg 1024w, https:\/\/topa.be\/wp-content\/uploads\/1-Kerken-OLV-Antwerpen-Bononiensis-2-300x300.jpg 300w, https:\/\/topa.be\/wp-content\/uploads\/1-Kerken-OLV-Antwerpen-Bononiensis-2-200x200.jpg 200w, https:\/\/topa.be\/wp-content\/uploads\/1-Kerken-OLV-Antwerpen-Bononiensis-2-768x768.jpg 768w, https:\/\/topa.be\/wp-content\/uploads\/1-Kerken-OLV-Antwerpen-Bononiensis-2-1536x1536.jpg 1536w, https:\/\/topa.be\/wp-content\/uploads\/1-Kerken-OLV-Antwerpen-Bononiensis-2.jpg 1689w\" sizes=\"(max-width: 800px) 100vw, 800px\" \/>\t\t\t\t\t\t\t\t<\/a>\n\t\t\t\t\t\t\t\t\t\t\t<figcaption class=\"widget-image-caption wp-caption-text\">Plan d'Anvers en vue d'oiseau, gravure sur bois par Virgilius Bononiensis, 1565 - d\u00e9tail avec la cath\u00e9drale<\/figcaption>\n\t\t\t\t\t\t\t\t\t\t<\/figure>\n\t\t\t\t\t\t\t\t\t<\/div>\n\t\t\t\t<\/div>\n\t\t\t\t\t<\/div>\n\t\t<\/div>\n\t\t\t\t<div class=\"elementor-column elementor-col-66 elementor-top-column elementor-element elementor-element-0119f83\" data-id=\"0119f83\" data-element_type=\"column\" data-e-type=\"column\">\n\t\t\t<div class=\"elementor-widget-wrap elementor-element-populated\">\n\t\t\t\t\t\t<div class=\"elementor-element elementor-element-d7c85b8 elementor-widget elementor-widget-text-editor\" data-id=\"d7c85b8\" data-element_type=\"widget\" data-e-type=\"widget\" data-widget_type=\"text-editor.default\">\n\t\t\t\t<div class=\"elementor-widget-container\">\n\t\t\t\t\t\t\t\t\t<div class=\"wpb_text_column wpb_content_element \">\n<div class=\"wpb_wrapper\">\n<h1>La cath\u00e9drale,<\/h1>\n<h1>la cath\u00e9drale Notre-Dame d\u2019Anvers<\/h1>\n<h1>une r\u00e9v\u00e9lation<\/h1>\n<\/div>\n<\/div>\n<div class=\"wpb_text_column wpb_content_element \">\n<div class=\"wpb_wrapper\">\n<h2>Rudi Mannaerts<\/h2>\n<h2>Toerismepastoraal Antwerpen<\/h2>\n<h3>(pastorale du Tourisme, Anvers)<\/h3>\n<\/div>\n<\/div>\n\t\t\t\t\t\t\t\t<\/div>\n\t\t\t\t<\/div>\n\t\t\t\t\t<\/div>\n\t\t<\/div>\n\t\t\t\t\t<\/div>\n\t\t<\/section>\n\t\t\t\t<section class=\"elementor-section elementor-top-section elementor-element elementor-element-ddd5df2 elementor-section-boxed elementor-section-height-default elementor-section-height-default\" data-id=\"ddd5df2\" data-element_type=\"section\" data-e-type=\"section\">\n\t\t\t\t\t\t<div class=\"elementor-container elementor-column-gap-default\">\n\t\t\t\t\t<div class=\"elementor-column elementor-col-100 elementor-top-column elementor-element elementor-element-fbd9c15\" data-id=\"fbd9c15\" data-element_type=\"column\" data-e-type=\"column\">\n\t\t\t<div class=\"elementor-widget-wrap elementor-element-populated\">\n\t\t\t\t\t\t<div class=\"elementor-element elementor-element-9d44037 elementor-widget elementor-widget-text-editor\" data-id=\"9d44037\" data-element_type=\"widget\" data-e-type=\"widget\" data-widget_type=\"text-editor.default\">\n\t\t\t\t<div class=\"elementor-widget-container\">\n\t\t\t\t\t\t\t\t\t<p><em>Pour lire la description de la cath\u00e9drale Notre-Dame d\u2019Anvers, vous pouvez choisir un chapitre dans ce menu.<\/em><br \/>\n<em>De l\u00e0 vous continuez votre lecture soit en passant au chapitre suivant, soit en faisant un autre choix dans le menu \u00e0 droite.<\/em><\/p>\n\t\t\t\t\t\t\t\t<\/div>\n\t\t\t\t<\/div>\n\t\t\t\t\t<\/div>\n\t\t<\/div>\n\t\t\t\t\t<\/div>\n\t\t<\/section>\n\t\t\t\t<section class=\"elementor-section elementor-top-section elementor-element elementor-element-b0814c0 elementor-section-boxed elementor-section-height-default elementor-section-height-default\" data-id=\"b0814c0\" data-element_type=\"section\" data-e-type=\"section\">\n\t\t\t\t\t\t<div class=\"elementor-container elementor-column-gap-default\">\n\t\t\t\t\t<div class=\"elementor-column elementor-col-50 elementor-top-column elementor-element elementor-element-19af84f\" data-id=\"19af84f\" data-element_type=\"column\" data-e-type=\"column\">\n\t\t\t<div class=\"elementor-widget-wrap elementor-element-populated\">\n\t\t\t\t\t\t<div class=\"elementor-element elementor-element-46c2aab elementor-widget elementor-widget-wp-widget-nav_menu\" data-id=\"46c2aab\" data-element_type=\"widget\" data-e-type=\"widget\" data-widget_type=\"wp-widget-nav_menu.default\">\n\t\t\t\t<div class=\"elementor-widget-container\">\n\t\t\t\t\t<nav class=\"menu-beschrijving-olv-frans-container\" aria-label=\"Menu\"><ul id=\"menu-beschrijving-olv-frans\" class=\"menu\"><li id=\"menu-item-59759\" class=\"menu-item menu-item-type-post_type menu-item-object-page menu-item-59759\"><a href=\"https:\/\/topa.be\/fr\/olv-kathedraal\/\">Cath\u00e9drale Notre-Dame<\/a><\/li>\n<li id=\"menu-item-59760\" class=\"menu-item menu-item-type-post_type menu-item-object-page menu-item-has-children menu-item-59760\"><a href=\"https:\/\/topa.be\/fr\/olv-kathedraal\/beschrijving\/\">Histoire &#038; Description<\/a>\n<ul class=\"sub-menu\">\n\t<li id=\"menu-item-59761\" class=\"menu-item menu-item-type-post_type menu-item-object-page menu-item-59761\"><a href=\"https:\/\/topa.be\/fr\/olv-kathedraal\/beschrijving\/voorwoord\/\">Avant-propos<\/a><\/li>\n\t<li id=\"menu-item-59762\" class=\"menu-item menu-item-type-post_type menu-item-object-page menu-item-59762\"><a href=\"https:\/\/topa.be\/fr\/olv-kathedraal\/beschrijving\/inleiding\/\">Introduction<\/a><\/li>\n\t<li id=\"menu-item-59763\" class=\"menu-item menu-item-type-post_type menu-item-object-page menu-item-59763\"><a href=\"https:\/\/topa.be\/fr\/olv-kathedraal\/beschrijving\/historische-context\/\">Contexte historique<\/a><\/li>\n\t<li id=\"menu-item-59764\" class=\"menu-item menu-item-type-post_type menu-item-object-page menu-item-59764\"><a href=\"https:\/\/topa.be\/fr\/olv-kathedraal\/beschrijving\/bouwgeschiedenis\/\">Construite au fil des si\u00e8cles<\/a><\/li>\n\t<li id=\"menu-item-59765\" class=\"menu-item menu-item-type-post_type menu-item-object-page menu-item-59765\"><a href=\"https:\/\/topa.be\/fr\/olv-kathedraal\/beschrijving\/nooit-alleen\/\">Une cath\u00e9drale n\u2019est jamais seule<\/a><\/li>\n\t<li id=\"menu-item-59766\" class=\"menu-item menu-item-type-post_type menu-item-object-page menu-item-59766\"><a href=\"https:\/\/topa.be\/fr\/olv-kathedraal\/beschrijving\/toren\/\">La tour Notre-Dame<\/a><\/li>\n\t<li id=\"menu-item-59767\" class=\"menu-item menu-item-type-post_type menu-item-object-page menu-item-59767\"><a href=\"https:\/\/topa.be\/fr\/olv-kathedraal\/beschrijving\/hoofdportaal\/\">Le portail principal<\/a><\/li>\n\t<li id=\"menu-item-59768\" class=\"menu-item menu-item-type-post_type menu-item-object-page menu-item-59768\"><a href=\"https:\/\/topa.be\/fr\/olv-kathedraal\/beschrijving\/ruimtewerking\/\">L\u2019effet spatial<\/a><\/li>\n\t<li id=\"menu-item-59769\" class=\"menu-item menu-item-type-post_type menu-item-object-page menu-item-59769\"><a href=\"https:\/\/topa.be\/fr\/olv-kathedraal\/beschrijving\/tenhemelopneming-schut\/\">L\u2019Assomption de Marie (C.Schut)<\/a><\/li>\n\t<li id=\"menu-item-59770\" class=\"menu-item menu-item-type-post_type menu-item-object-page menu-item-59770\"><a href=\"https:\/\/topa.be\/fr\/olv-kathedraal\/beschrijving\/kruisoprichting-rubens\/\">L\u2019\u00c9rection de la Croix (PP.Rubens)<\/a><\/li>\n\t<li id=\"menu-item-59771\" class=\"menu-item menu-item-type-post_type menu-item-object-page menu-item-59771\"><a href=\"https:\/\/topa.be\/fr\/olv-kathedraal\/beschrijving\/kruisafneming-rubens\/\">La Descente de la Croix (PP.Rubens)<\/a><\/li>\n\t<li id=\"menu-item-59772\" class=\"menu-item menu-item-type-post_type menu-item-object-page menu-item-59772\"><a href=\"https:\/\/topa.be\/fr\/olv-kathedraal\/beschrijving\/verrijzenis-rubens\/\">La R\u00e9surrection (PP.Rubens)<\/a><\/li>\n\t<li id=\"menu-item-59773\" class=\"menu-item menu-item-type-post_type menu-item-object-page menu-item-59773\"><a href=\"https:\/\/topa.be\/fr\/olv-kathedraal\/beschrijving\/tenhemelopneming-rubens\/\">L\u2019Assomption de Marie (PP.Rubens)<\/a><\/li>\n\t<li id=\"menu-item-59774\" class=\"menu-item menu-item-type-post_type menu-item-object-page menu-item-59774\"><a href=\"https:\/\/topa.be\/fr\/olv-kathedraal\/beschrijving\/hoofdaltaar\/\">Le ma\u00eetre-autel<\/a><\/li>\n\t<li id=\"menu-item-59775\" class=\"menu-item menu-item-type-post_type menu-item-object-page menu-item-59775\"><a href=\"https:\/\/topa.be\/fr\/olv-kathedraal\/beschrijving\/kapittelkerk\/\">Le ch\u0153ur coll\u00e9gial<\/a><\/li>\n\t<li id=\"menu-item-59776\" class=\"menu-item menu-item-type-post_type menu-item-object-page menu-item-59776\"><a href=\"https:\/\/topa.be\/fr\/olv-kathedraal\/beschrijving\/bisschopskerk\/\">L\u2019\u00e9glise de l\u2019\u00e9v\u00eaque<\/a><\/li>\n\t<li id=\"menu-item-59777\" class=\"menu-item menu-item-type-post_type menu-item-object-page menu-item-59777\"><a href=\"https:\/\/topa.be\/fr\/olv-kathedraal\/beschrijving\/parochiekerk\/\">L\u2019\u00e9glise paroissiale<\/a><\/li>\n\t<li id=\"menu-item-59778\" class=\"menu-item menu-item-type-post_type menu-item-object-page menu-item-59778\"><a href=\"https:\/\/topa.be\/fr\/olv-kathedraal\/beschrijving\/preekstoel\/\">La chaire de v\u00e9rit\u00e9<\/a><\/li>\n\t<li id=\"menu-item-59779\" class=\"menu-item menu-item-type-post_type menu-item-object-page menu-item-59779\"><a href=\"https:\/\/topa.be\/fr\/olv-kathedraal\/beschrijving\/biechtstoelen\/\">Les confessionnaux<\/a><\/li>\n\t<li id=\"menu-item-59780\" class=\"menu-item menu-item-type-post_type menu-item-object-page menu-item-59780\"><a href=\"https:\/\/topa.be\/fr\/olv-kathedraal\/beschrijving\/armenzorg\/\">L\u2019assistance aux pauvres<\/a><\/li>\n\t<li id=\"menu-item-59784\" class=\"menu-item menu-item-type-post_type menu-item-object-page menu-item-59784\"><a href=\"https:\/\/topa.be\/fr\/olv-kathedraal\/beschrijving\/venerabelkapel\/\">La chapelle du Saint Sacrement<\/a><\/li>\n\t<li id=\"menu-item-59785\" class=\"menu-item menu-item-type-post_type menu-item-object-page menu-item-59785\"><a href=\"https:\/\/topa.be\/fr\/olv-kathedraal\/beschrijving\/mariakapel\/\">La chapelle Mariale<\/a><\/li>\n\t<li id=\"menu-item-59786\" class=\"menu-item menu-item-type-post_type menu-item-object-page menu-item-59786\"><a href=\"https:\/\/topa.be\/fr\/olv-kathedraal\/beschrijving\/ambachten-en-gilden\/\">Corporations et Guildes<\/a><\/li>\n\t<li id=\"menu-item-59787\" class=\"menu-item menu-item-type-post_type menu-item-object-page menu-item-59787\"><a href=\"https:\/\/topa.be\/fr\/olv-kathedraal\/beschrijving\/kooromgang\/\">Le d\u00e9ambulatoire<\/a><\/li>\n\t<li id=\"menu-item-59788\" class=\"menu-item menu-item-type-post_type menu-item-object-page menu-item-59788\"><a href=\"https:\/\/topa.be\/fr\/olv-kathedraal\/beschrijving\/grafmonumenten\/\">Les monuments fun\u00e9raires<\/a><\/li>\n\t<li id=\"menu-item-59789\" class=\"menu-item menu-item-type-post_type menu-item-object-page menu-item-59789\"><a href=\"https:\/\/topa.be\/fr\/olv-kathedraal\/beschrijving\/looft-de-heer\/\">Louez le Seigneur !<\/a><\/li>\n\t<li id=\"menu-item-59790\" class=\"menu-item menu-item-type-post_type menu-item-object-page menu-item-59790\"><a href=\"https:\/\/topa.be\/fr\/olv-kathedraal\/beschrijving\/orgels\/\">\u00c0 pleins registres : les orgues<\/a><\/li>\n\t<li id=\"menu-item-59791\" class=\"menu-item menu-item-type-post_type menu-item-object-page menu-item-59791\"><a href=\"https:\/\/topa.be\/fr\/olv-kathedraal\/beschrijving\/kruisdrager-fabre\/\">Le porteur de la Croix (J.Fabre)<\/a><\/li>\n\t<li id=\"menu-item-59792\" class=\"menu-item menu-item-type-post_type menu-item-object-page menu-item-59792\"><a href=\"https:\/\/topa.be\/fr\/olv-kathedraal\/beschrijving\/bibliografie\/\">Bibliographie<\/a><\/li>\n<\/ul>\n<\/li>\n<\/ul><\/nav>\t\t\t\t<\/div>\n\t\t\t\t<\/div>\n\t\t\t\t\t<\/div>\n\t\t<\/div>\n\t\t\t\t<div class=\"elementor-column elementor-col-50 elementor-top-column elementor-element elementor-element-37d21f3\" data-id=\"37d21f3\" data-element_type=\"column\" data-e-type=\"column\">\n\t\t\t<div class=\"elementor-widget-wrap elementor-element-populated\">\n\t\t\t\t\t\t<div class=\"elementor-element elementor-element-977b45e elementor-widget elementor-widget-image\" data-id=\"977b45e\" data-element_type=\"widget\" data-e-type=\"widget\" data-widget_type=\"image.default\">\n\t\t\t\t<div class=\"elementor-widget-container\">\n\t\t\t\t\t\t\t\t\t\t\t\t<figure class=\"wp-caption\">\n\t\t\t\t\t\t\t\t\t\t\t<a href=\"http:\/\/topa.be\/wp-content\/uploads\/OLV00.jpg\" data-elementor-open-lightbox=\"yes\" data-elementor-lightbox-title=\"OLV00\" data-elementor-lightbox-description=\"Tour de la cath\u00e9drale d\u2019Anvers \u2013 lithographie colori\u00e9e, Louis Granello, Anvers, XIXe si\u00e8cle - \u00a9 TOPA-Documentatiecentrum, Antwerps Kerkelijk Erfgoed\" data-e-action-hash=\"#elementor-action%3Aaction%3Dlightbox%26settings%3DeyJpZCI6MjQ2MDQsInVybCI6Imh0dHBzOlwvXC90b3BhLmJlXC93cC1jb250ZW50XC91cGxvYWRzXC9PTFYwMC5qcGcifQ%3D%3D\">\n\t\t\t\t\t\t\t<img decoding=\"async\" width=\"659\" height=\"1024\" src=\"https:\/\/topa.be\/wp-content\/uploads\/OLV00.jpg\" class=\"attachment-large size-large wp-image-24604\" alt=\"\" srcset=\"https:\/\/topa.be\/wp-content\/uploads\/OLV00.jpg 659w, https:\/\/topa.be\/wp-content\/uploads\/OLV00-193x300.jpg 193w, https:\/\/topa.be\/wp-content\/uploads\/OLV00-129x200.jpg 129w\" sizes=\"(max-width: 659px) 100vw, 659px\" \/>\t\t\t\t\t\t\t\t<\/a>\n\t\t\t\t\t\t\t\t\t\t\t<figcaption class=\"widget-image-caption wp-caption-text\">Tour de la cath\u00e9drale d\u2019Anvers \u2013 lithographie colori\u00e9e, Louis Granello, Anvers, XIXe si\u00e8cle - \u00a9 TOPA-Documentatiecentrum, Antwerps Kerkelijk Erfgoed<\/figcaption>\n\t\t\t\t\t\t\t\t\t\t<\/figure>\n\t\t\t\t\t\t\t\t\t<\/div>\n\t\t\t\t<\/div>\n\t\t\t\t\t<\/div>\n\t\t<\/div>\n\t\t\t\t\t<\/div>\n\t\t<\/section>\n\t\t\t\t<section class=\"elementor-section elementor-top-section elementor-element elementor-element-1f95646 elementor-section-boxed elementor-section-height-default elementor-section-height-default\" data-id=\"1f95646\" data-element_type=\"section\" data-e-type=\"section\">\n\t\t\t\t\t\t<div class=\"elementor-container elementor-column-gap-default\">\n\t\t\t\t\t<div class=\"elementor-column elementor-col-100 elementor-top-column elementor-element elementor-element-8358e20\" data-id=\"8358e20\" data-element_type=\"column\" data-e-type=\"column\">\n\t\t\t<div class=\"elementor-widget-wrap elementor-element-populated\">\n\t\t\t\t\t\t<div class=\"elementor-element elementor-element-3154bd5 elementor-widget elementor-widget-text-editor\" data-id=\"3154bd5\" data-element_type=\"widget\" data-e-type=\"widget\" data-widget_type=\"text-editor.default\">\n\t\t\t\t<div class=\"elementor-widget-container\">\n\t\t\t\t\t\t\t\t\t<div class=\"vc_row wpb_row vc_row-fluid\">\n<div class=\"wpb_column vc_column_container vc_col-sm-9\">\n<div class=\"vc_column-inner\">\n<div class=\"wpb_wrapper\">\n<div class=\"wpb_text_column wpb_content_element \">\n<div class=\"wpb_wrapper\">\n<h3 style=\"text-align: justify;\"><span style=\"color: #ff0000;\">Colophon<\/span><\/h3>\n<\/div>\n<\/div>\n<\/div>\n<\/div>\n<\/div>\n<\/div>\n<div class=\"vc_row wpb_row vc_row-fluid\">\n<div class=\"wpb_column vc_column_container vc_col-sm-9\">\n<div class=\"vc_column-inner\">\n<div class=\"wpb_wrapper\">\n<div class=\"wpb_text_column wpb_content_element \">\n<div class=\"wpb_wrapper\">\n<p>Version fran\u00e7aise en ligne de \u00ab\u00a0Rudi MANNAERTS, De Kathedraal, De Onze-Lieve-Vrouwekathedraal van Antwerpen, een openbaring\u00a0\u00bb \u00e9dit\u00e9 \u00e0 Anvers le 21 juin 2016 par vzw Maria-Elisabeth Belpaire et Toerismepastoraal Antwerpen, avec le soutien de la fondation Willy Hendrickx. La version anglaise a ete \u00e9dit\u00e9e en juin 2018.<\/p>\n<p style=\"text-align: justify;\">Rudi Mannaerts, licenci\u00e9 en histoire de l\u2019art \u00e0 l\u2019Universit\u00e9 de Leuven, est ordonn\u00e9 pr\u00eatre pour l\u2019\u00e9v\u00each\u00e9 d\u2019Anvers en 1989. En tant que responsable dioc\u00e9sain pour la pastorale du tourisme \u00e0 Anvers, il prend \u00e0 c\u0153ur d\u2019ouvrir les \u00e9glises d\u2019Anvers aux visiteurs.<\/p>\n<p style=\"text-align: justify;\">Il assume la formation des guides et a \u00e9crit plusieurs publications sur l\u2019art religieux. En plus de quoi il est professeur de religion dans l\u2019enseignement secondaire (coll\u00e8ge Saint-Li\u00e9vin) et cur\u00e9 de la paroisse Saint-Andr\u00e9.<\/p>\n<table cellspacing=\"5\">\n<tbody>\n<tr>\n<td><em>Traduction<\/em><\/td>\n<td>Evelyne de Buck, Marc Dehaese.<\/td>\n<td><\/td>\n<\/tr>\n<tr>\n<td><em>Mise en page<\/em><\/td>\n<td>Pour le livre: Frederik Hulstaert, Antwerpen<br \/>\nPour le sute internet: Marc Dehaese<\/td>\n<td><\/td>\n<\/tr>\n<tr>\n<td><em>Photographies<\/em><\/td>\n<td>Pour le livre: Stefan Dewickere, Edegem, sauf mention contraire<br \/>\nPour le site internet: Jan Vanes (JV), Uli Alexander (UA), Wim Strecker (WS) et Marc Dehaese (MD), sauf mention contraire<\/td>\n<td><\/td>\n<\/tr>\n<tr>\n<td><em>Impression<\/em><\/td>\n<td>Albe De Coker, Hoboken<\/td>\n<td><\/td>\n<\/tr>\n<tr>\n<td><em>Illustrations<\/em><\/td>\n<td>Katrijn Mannaerts (dessins)<br \/>\nDocumentatiecentrum Toerismepastoraal Antwerpen<\/td>\n<td><\/td>\n<\/tr>\n<tr>\n<td><\/td>\n<td><\/td>\n<td><\/td>\n<\/tr>\n<tr>\n<td><em>Remerciements<\/em><\/td>\n<td>Ulrich Alexander, Chris Deen, Patricia Hernaltsteen, Hannes Hulstaert, Ines Maes, Katrijn Mannaerts, Peter Stremes, Jan Vanes, Alfons Van den Wyngaert, Mimi Van der Velden, la Fabrique d\u2019eglise et le personnel da la cath\u00e9drale Notre-Dame d\u2019Anvers<\/td>\n<td><\/td>\n<\/tr>\n<tr>\n<td><\/td>\n<td><\/td>\n<td><\/td>\n<\/tr>\n<tr>\n<td>ISBN<\/td>\n<td>9789080645172<\/td>\n<td><\/td>\n<\/tr>\n<tr>\n<td><em>D\u00e9p\u00f4t l\u00e9gal<\/em><\/td>\n<td><em>D\/2016\/9326\/1<\/em><\/td>\n<td><\/td>\n<\/tr>\n<\/tbody>\n<\/table>\n<p style=\"text-align: justify;\"><em>Cet ouvrage ne peut \u00eatre reproduit, m\u00eame partiellement, par quelque moyen que ce soit, sans autorisation \u00e9crite de l\u2019\u00e9diteur.<br \/>\n<\/em><em>\u00a9 VZW Toerismepastoraal Antwerpen<br \/>\n<\/em><em>Heilige Geeststraat 21, 2000 Antwerpen<\/em><\/p>\n<\/div>\n<\/div>\n<\/div>\n<\/div>\n<\/div>\n<\/div>\n\t\t\t\t\t\t\t\t<\/div>\n\t\t\t\t<\/div>\n\t\t\t\t\t<\/div>\n\t\t<\/div>\n\t\t\t\t\t<\/div>\n\t\t<\/section>\n\t\t\t\t<\/div>\n\t\t","protected":false},"excerpt":{"rendered":"<p>Cath\u00e9drale Notre-Dame Histoire et description Vogelzichtplan van Antwerpen, houtsnede van Virgilius Bononiensis, 1565 &#8211; detail met de kathedraal La cath\u00e9drale, la cath\u00e9drale Notre-Dame d\u2019Anvers une r\u00e9v\u00e9lation Rudi Mannaerts Toerismepastoraal Antwerpen (pastorale du Tourisme, Anvers) Pour lire la description de la cath\u00e9drale Notre-Dame d\u2019Anvers, vous pouvez choisir un chapitre dans ce menu. De l\u00e0 vous continuez [&hellip;]<\/p>\n","protected":false},"author":16,"featured_media":0,"parent":37474,"menu_order":40,"comment_status":"closed","ping_status":"closed","template":"","meta":{"footnotes":""},"class_list":["post-37337","page","type-page","status-publish","hentry"],"aioseo_notices":[],"_links":{"self":[{"href":"https:\/\/topa.be\/fr\/wp-json\/wp\/v2\/pages\/37337","targetHints":{"allow":["GET"]}}],"collection":[{"href":"https:\/\/topa.be\/fr\/wp-json\/wp\/v2\/pages"}],"about":[{"href":"https:\/\/topa.be\/fr\/wp-json\/wp\/v2\/types\/page"}],"author":[{"embeddable":true,"href":"https:\/\/topa.be\/fr\/wp-json\/wp\/v2\/users\/16"}],"replies":[{"embeddable":true,"href":"https:\/\/topa.be\/fr\/wp-json\/wp\/v2\/comments?post=37337"}],"version-history":[{"count":3,"href":"https:\/\/topa.be\/fr\/wp-json\/wp\/v2\/pages\/37337\/revisions"}],"predecessor-version":[{"id":59368,"href":"https:\/\/topa.be\/fr\/wp-json\/wp\/v2\/pages\/37337\/revisions\/59368"}],"up":[{"embeddable":true,"href":"https:\/\/topa.be\/fr\/wp-json\/wp\/v2\/pages\/37474"}],"wp:attachment":[{"href":"https:\/\/topa.be\/fr\/wp-json\/wp\/v2\/media?parent=37337"}],"curies":[{"name":"wp","href":"https:\/\/api.w.org\/{rel}","templated":true}]}}