{"id":62240,"date":"2021-11-22T16:29:57","date_gmt":"2021-11-22T15:29:57","guid":{"rendered":"http:\/\/topa.be\/monumentale-kerken\/capilla-de-santa-anna\/"},"modified":"2022-03-28T17:28:01","modified_gmt":"2022-03-28T15:28:01","slug":"capilla-de-santa-anna","status":"publish","type":"page","link":"https:\/\/topa.be\/es\/monumentale-kerken\/capilla-de-santa-anna\/","title":{"rendered":"Capilla de Santa Anna"},"content":{"rendered":"\t\t<div data-elementor-type=\"wp-page\" data-elementor-id=\"62240\" class=\"elementor elementor-62240 elementor-34078\" data-elementor-post-type=\"page\">\n\t\t\t\t\t\t<section class=\"elementor-section elementor-top-section elementor-element elementor-element-95b0d73 elementor-section-boxed elementor-section-height-default elementor-section-height-default\" data-id=\"95b0d73\" data-element_type=\"section\" data-e-type=\"section\">\n\t\t\t\t\t\t<div class=\"elementor-container elementor-column-gap-default\">\n\t\t\t\t\t<div class=\"elementor-column elementor-col-100 elementor-top-column elementor-element elementor-element-52da9be\" data-id=\"52da9be\" data-element_type=\"column\" data-e-type=\"column\">\n\t\t\t<div class=\"elementor-widget-wrap elementor-element-populated\">\n\t\t\t\t\t\t<div class=\"elementor-element elementor-element-0ca3259 elementor-widget elementor-widget-heading\" data-id=\"0ca3259\" data-element_type=\"widget\" data-e-type=\"widget\" data-widget_type=\"heading.default\">\n\t\t\t\t<div class=\"elementor-widget-container\">\n\t\t\t\t\t<h1 class=\"elementor-heading-title elementor-size-default\">Capilla de Santa Anna<\/h1>\t\t\t\t<\/div>\n\t\t\t\t<\/div>\n\t\t\t\t\t<\/div>\n\t\t<\/div>\n\t\t\t\t\t<\/div>\n\t\t<\/section>\n\t\t\t\t<section class=\"elementor-section elementor-top-section elementor-element elementor-element-c198893 elementor-section-boxed elementor-section-height-default elementor-section-height-default\" data-id=\"c198893\" data-element_type=\"section\" data-e-type=\"section\">\n\t\t\t\t\t\t<div class=\"elementor-container elementor-column-gap-default\">\n\t\t\t\t\t<div class=\"elementor-column elementor-col-100 elementor-top-column elementor-element elementor-element-aa4408c\" data-id=\"aa4408c\" data-element_type=\"column\" data-e-type=\"column\">\n\t\t\t<div class=\"elementor-widget-wrap elementor-element-populated\">\n\t\t\t\t\t\t<div class=\"elementor-element elementor-element-1ec362e elementor-widget elementor-widget-heading\" data-id=\"1ec362e\" data-element_type=\"widget\" data-e-type=\"widget\" data-widget_type=\"heading.default\">\n\t\t\t\t<div class=\"elementor-widget-container\">\n\t\t\t\t\t<h2 class=\"elementor-heading-title elementor-size-default\">Tambi\u00e9n conocida como Capilla del Emperador<\/h2>\t\t\t\t<\/div>\n\t\t\t\t<\/div>\n\t\t\t\t\t<\/div>\n\t\t<\/div>\n\t\t\t\t\t<\/div>\n\t\t<\/section>\n\t\t\t\t<section class=\"elementor-section elementor-top-section elementor-element elementor-element-bd3a501 elementor-section-boxed elementor-section-height-default elementor-section-height-default\" data-id=\"bd3a501\" data-element_type=\"section\" data-e-type=\"section\">\n\t\t\t\t\t\t<div class=\"elementor-container elementor-column-gap-default\">\n\t\t\t\t\t<div class=\"elementor-column elementor-col-50 elementor-top-column elementor-element elementor-element-36f3d52\" data-id=\"36f3d52\" data-element_type=\"column\" data-e-type=\"column\">\n\t\t\t<div class=\"elementor-widget-wrap elementor-element-populated\">\n\t\t\t\t\t\t<div class=\"elementor-element elementor-element-0d27436 elementor-widget elementor-widget-image\" data-id=\"0d27436\" data-element_type=\"widget\" data-e-type=\"widget\" data-widget_type=\"image.default\">\n\t\t\t\t<div class=\"elementor-widget-container\">\n\t\t\t\t\t\t\t\t\t\t\t\t\t\t\t\t<a href=\"https:\/\/topa.be\/wp-content\/uploads\/Antwerpen-Keizerskapel-Buiten.jpg\" data-elementor-open-lightbox=\"yes\" data-elementor-lightbox-title=\"Antwerpen-Keizerskapel-Buiten\" data-e-action-hash=\"#elementor-action%3Aaction%3Dlightbox%26settings%3DeyJpZCI6MTMyMzUsInVybCI6Imh0dHBzOlwvXC90b3BhLmJlXC93cC1jb250ZW50XC91cGxvYWRzXC9BbnR3ZXJwZW4tS2VpemVyc2thcGVsLUJ1aXRlbi5qcGcifQ%3D%3D\">\n\t\t\t\t\t\t\t<img fetchpriority=\"high\" decoding=\"async\" width=\"800\" height=\"450\" src=\"https:\/\/topa.be\/wp-content\/uploads\/Antwerpen-Keizerskapel-Buiten.jpg\" class=\"attachment-large size-large wp-image-13235\" alt=\"\" srcset=\"https:\/\/topa.be\/wp-content\/uploads\/Antwerpen-Keizerskapel-Buiten.jpg 1024w, https:\/\/topa.be\/wp-content\/uploads\/Antwerpen-Keizerskapel-Buiten-300x169.jpg 300w, https:\/\/topa.be\/wp-content\/uploads\/Antwerpen-Keizerskapel-Buiten-200x113.jpg 200w, https:\/\/topa.be\/wp-content\/uploads\/Antwerpen-Keizerskapel-Buiten-768x432.jpg 768w\" sizes=\"(max-width: 800px) 100vw, 800px\" \/>\t\t\t\t\t\t\t\t<\/a>\n\t\t\t\t\t\t\t\t\t\t\t\t\t\t\t<\/div>\n\t\t\t\t<\/div>\n\t\t\t\t\t<\/div>\n\t\t<\/div>\n\t\t\t\t<div class=\"elementor-column elementor-col-50 elementor-top-column elementor-element elementor-element-8e89980\" data-id=\"8e89980\" data-element_type=\"column\" data-e-type=\"column\">\n\t\t\t<div class=\"elementor-widget-wrap elementor-element-populated\">\n\t\t\t\t\t\t<div class=\"elementor-element elementor-element-4838383 elementor-widget elementor-widget-image\" data-id=\"4838383\" data-element_type=\"widget\" data-e-type=\"widget\" data-widget_type=\"image.default\">\n\t\t\t\t<div class=\"elementor-widget-container\">\n\t\t\t\t\t\t\t\t\t\t\t\t\t\t\t\t<a href=\"https:\/\/topa.be\/wp-content\/uploads\/Antwerpen-Keizerskapel-Binnen.jpg\" data-elementor-open-lightbox=\"yes\" data-elementor-lightbox-title=\"Antwerpen-Keizerskapel-Binnen\" data-e-action-hash=\"#elementor-action%3Aaction%3Dlightbox%26settings%3DeyJpZCI6MTMyMjMsInVybCI6Imh0dHBzOlwvXC90b3BhLmJlXC93cC1jb250ZW50XC91cGxvYWRzXC9BbnR3ZXJwZW4tS2VpemVyc2thcGVsLUJpbm5lbi5qcGcifQ%3D%3D\">\n\t\t\t\t\t\t\t<img decoding=\"async\" width=\"800\" height=\"450\" src=\"https:\/\/topa.be\/wp-content\/uploads\/Antwerpen-Keizerskapel-Binnen.jpg\" class=\"attachment-large size-large wp-image-13223\" alt=\"\" srcset=\"https:\/\/topa.be\/wp-content\/uploads\/Antwerpen-Keizerskapel-Binnen.jpg 1024w, https:\/\/topa.be\/wp-content\/uploads\/Antwerpen-Keizerskapel-Binnen-300x169.jpg 300w, https:\/\/topa.be\/wp-content\/uploads\/Antwerpen-Keizerskapel-Binnen-200x113.jpg 200w, https:\/\/topa.be\/wp-content\/uploads\/Antwerpen-Keizerskapel-Binnen-768x432.jpg 768w\" sizes=\"(max-width: 800px) 100vw, 800px\" \/>\t\t\t\t\t\t\t\t<\/a>\n\t\t\t\t\t\t\t\t\t\t\t\t\t\t\t<\/div>\n\t\t\t\t<\/div>\n\t\t\t\t\t<\/div>\n\t\t<\/div>\n\t\t\t\t\t<\/div>\n\t\t<\/section>\n\t\t\t\t<section class=\"elementor-section elementor-top-section elementor-element elementor-element-345f5c5 elementor-section-boxed elementor-section-height-default elementor-section-height-default\" data-id=\"345f5c5\" data-element_type=\"section\" data-e-type=\"section\">\n\t\t\t\t\t\t<div class=\"elementor-container elementor-column-gap-default\">\n\t\t\t\t\t<div class=\"elementor-column elementor-col-100 elementor-top-column elementor-element elementor-element-eafd3ce\" data-id=\"eafd3ce\" data-element_type=\"column\" data-e-type=\"column\">\n\t\t\t<div class=\"elementor-widget-wrap elementor-element-populated\">\n\t\t\t\t\t\t<div class=\"elementor-element elementor-element-705bef5 elementor-widget elementor-widget-text-editor\" data-id=\"705bef5\" data-element_type=\"widget\" data-e-type=\"widget\" data-widget_type=\"text-editor.default\">\n\t\t\t\t<div class=\"elementor-widget-container\">\n\t\t\t\t\t\t\t\t\t<div class=\"wpb_text_column wpb_content_element \">\n<div class=\"wpb_wrapper\">\n<p style=\"text-align: justify;\">Una de las peque\u00f1as capillas hist\u00f3ricas en Amberes es la capilla del gremio de\u00a0los esquiladores, construida en 1512 en la Keizerstraat (calle Emperador), por lo que en el habla popular se la conoce como la \u00abKeizerskapel\u00bb (Capilla del Emperador). La \u00e9poca m\u00e1s floreciente fue el S. XVII, cuando entre otras la parroquia de San Willibrord tuvo aqu\u00ed un refugio temporal. Especialmente bajo el rectorado del Padre Petrus De Louwe, la capilla alcanz\u00f3 su m\u00e1ximo esplendor. Esta capilla g\u00f3tica est\u00e1 decorada con algunos muebles barrocos, como el altar, el p\u00falpito (Peeter II Verbrugghen), los confesionarios, el comulgatorio, el p\u00f3rtico sur, el suelo de m\u00e1rmol y la preciosa custodia (Corbion, 1653). Tambi\u00e9n el culto de San Liborio hizo muy famosa esta capilla. Despu\u00e9s del cierre durante la ocupaci\u00f3n francesa, esta capilla fue la primera iglesia en Amberes en abrir sus puertas para el culto cat\u00f3lico. En el S. XIX se convirti\u00f3 en propiedad privada, y escap\u00f3 m\u00e1s de una vez a la demolici\u00f3n, Despu\u00e9s y hasta el d\u00eda de hoy, funciona como capilla conventual de los Misioneros de \u00c1frica (los Padres Blancos), quienes tienen en el puerto de Amberes su punto de salida para sus misiones ultramares. A finales del S. XIX fueron a\u00f1adidas algunas preciosas vidrieras de colores (L. Pluys y E. Steyaert), presentando escenas de la vida de la joven Virgen Mar\u00eda. En 1994 la capilla fue restaurada en todo su antiguo esplendor, gracias al mecenazgo de X. Nieberding.<\/p>\n<\/div>\n<\/div>\n\t\t\t\t\t\t\t\t<\/div>\n\t\t\t\t<\/div>\n\t\t\t\t\t<\/div>\n\t\t<\/div>\n\t\t\t\t\t<\/div>\n\t\t<\/section>\n\t\t\t\t<section class=\"elementor-section elementor-top-section elementor-element elementor-element-68741c10 elementor-section-boxed elementor-section-height-default elementor-section-height-default\" data-id=\"68741c10\" data-element_type=\"section\" data-e-type=\"section\">\n\t\t\t\t\t\t<div class=\"elementor-container elementor-column-gap-default\">\n\t\t\t\t\t<div class=\"elementor-column elementor-col-100 elementor-top-column elementor-element elementor-element-5826c612\" data-id=\"5826c612\" data-element_type=\"column\" data-e-type=\"column\">\n\t\t\t<div class=\"elementor-widget-wrap elementor-element-populated\">\n\t\t\t\t\t\t<div class=\"elementor-element elementor-element-58a840db elementor-widget elementor-widget-text-editor\" data-id=\"58a840db\" data-element_type=\"widget\" data-e-type=\"widget\" data-widget_type=\"text-editor.default\">\n\t\t\t\t<div class=\"elementor-widget-container\">\n\t\t\t\t\t\t\t\t\t<p style=\"text-align: justify;\">A trav\u00e9s del <a href=\"https:\/\/goo.gl\/maps\/4YX8SoQpzF994U4D6\"><strong>ESTE MAPA<\/strong><\/a> puede determinar una ruta en funci\u00f3n de su medio de transporte.<br \/>\nEs posible que desee utilizar VELO-Antwerpen: <strong><a href=\"https:\/\/www.velo-antwerpen.be\/en\">https:\/\/www.velo-antwerpen.be\/en<\/a><\/strong><\/p>\n\t\t\t\t\t\t\t\t<\/div>\n\t\t\t\t<\/div>\n\t\t\t\t\t<\/div>\n\t\t<\/div>\n\t\t\t\t\t<\/div>\n\t\t<\/section>\n\t\t\t\t<section class=\"elementor-section elementor-top-section elementor-element elementor-element-4cfac87 elementor-section-boxed elementor-section-height-default elementor-section-height-default\" data-id=\"4cfac87\" data-element_type=\"section\" data-e-type=\"section\">\n\t\t\t\t\t\t<div class=\"elementor-container elementor-column-gap-default\">\n\t\t\t\t\t<div class=\"elementor-column elementor-col-50 elementor-top-column elementor-element elementor-element-a353bfd\" data-id=\"a353bfd\" data-element_type=\"column\" data-e-type=\"column\">\n\t\t\t<div class=\"elementor-widget-wrap elementor-element-populated\">\n\t\t\t\t\t\t<div class=\"elementor-element elementor-element-708c958 elementor-widget elementor-widget-text-editor\" data-id=\"708c958\" data-element_type=\"widget\" data-e-type=\"widget\" data-widget_type=\"text-editor.default\">\n\t\t\t\t<div class=\"elementor-widget-container\">\n\t\t\t\t\t\t\t\t\t<h2>Informaci\u00f3n pr\u00e1ctica<\/h2>\n<p><strong>Horario de visitas<br \/>\n<\/strong>S\u00e1bados, domingos y lunes de 13 a 18 horas<br \/>\nGrupos con cita previa<\/p>\n<p><strong>Info<\/strong><strong><br \/>\n<\/strong>Keizerstraat 21 \u2013 B-2000 Antwerpen,<br \/>\n+32 (0)03 226 76 31<br \/>\nContact dr. De Bruyn Jean-Pierre:<br \/>\n+32 (0)9 355 69 60<\/p>\n\t\t\t\t\t\t\t\t<\/div>\n\t\t\t\t<\/div>\n\t\t\t\t\t<\/div>\n\t\t<\/div>\n\t\t\t\t<div class=\"elementor-column elementor-col-50 elementor-top-column elementor-element elementor-element-1650eff\" data-id=\"1650eff\" data-element_type=\"column\" data-e-type=\"column\">\n\t\t\t<div class=\"elementor-widget-wrap\">\n\t\t\t\t\t\t\t<\/div>\n\t\t<\/div>\n\t\t\t\t\t<\/div>\n\t\t<\/section>\n\t\t\t\t<\/div>\n\t\t","protected":false},"excerpt":{"rendered":"<p>Capilla de Santa Anna Tambi\u00e9n conocida como Capilla del Emperador Una de las peque\u00f1as capillas hist\u00f3ricas en Amberes es la capilla del gremio de\u00a0los esquiladores, construida en 1512 en la Keizerstraat (calle Emperador), por lo que en el habla popular se la conoce como la \u00abKeizerskapel\u00bb (Capilla del Emperador). La \u00e9poca m\u00e1s floreciente fue el [&hellip;]<\/p>\n","protected":false},"author":16,"featured_media":0,"parent":46811,"menu_order":420,"comment_status":"closed","ping_status":"closed","template":"","meta":{"footnotes":""},"class_list":["post-62240","page","type-page","status-publish","hentry"],"aioseo_notices":[],"_links":{"self":[{"href":"https:\/\/topa.be\/es\/wp-json\/wp\/v2\/pages\/62240","targetHints":{"allow":["GET"]}}],"collection":[{"href":"https:\/\/topa.be\/es\/wp-json\/wp\/v2\/pages"}],"about":[{"href":"https:\/\/topa.be\/es\/wp-json\/wp\/v2\/types\/page"}],"author":[{"embeddable":true,"href":"https:\/\/topa.be\/es\/wp-json\/wp\/v2\/users\/16"}],"replies":[{"embeddable":true,"href":"https:\/\/topa.be\/es\/wp-json\/wp\/v2\/comments?post=62240"}],"version-history":[{"count":3,"href":"https:\/\/topa.be\/es\/wp-json\/wp\/v2\/pages\/62240\/revisions"}],"predecessor-version":[{"id":64483,"href":"https:\/\/topa.be\/es\/wp-json\/wp\/v2\/pages\/62240\/revisions\/64483"}],"up":[{"embeddable":true,"href":"https:\/\/topa.be\/es\/wp-json\/wp\/v2\/pages\/46811"}],"wp:attachment":[{"href":"https:\/\/topa.be\/es\/wp-json\/wp\/v2\/media?parent=62240"}],"curies":[{"name":"wp","href":"https:\/\/api.w.org\/{rel}","templated":true}]}}