{"id":59227,"date":"2021-10-13T12:29:55","date_gmt":"2021-10-13T10:29:55","guid":{"rendered":"http:\/\/topa.be\/contact\/"},"modified":"2021-10-13T12:29:55","modified_gmt":"2021-10-13T10:29:55","slug":"contact","status":"publish","type":"page","link":"https:\/\/topa.be\/es\/contact\/","title":{"rendered":"Cont\u00e1ct"},"content":{"rendered":"\t\t<div data-elementor-type=\"wp-page\" data-elementor-id=\"59227\" class=\"elementor elementor-59227 elementor-11812\" data-elementor-post-type=\"page\">\n\t\t\t\t\t\t<section class=\"elementor-section elementor-top-section elementor-element elementor-element-bdfbacb elementor-section-boxed elementor-section-height-default elementor-section-height-default\" data-id=\"bdfbacb\" data-element_type=\"section\" data-e-type=\"section\">\n\t\t\t\t\t\t<div class=\"elementor-container elementor-column-gap-default\">\n\t\t\t\t\t<div class=\"elementor-column elementor-col-66 elementor-top-column elementor-element elementor-element-14e413c\" data-id=\"14e413c\" data-element_type=\"column\" data-e-type=\"column\">\n\t\t\t<div class=\"elementor-widget-wrap elementor-element-populated\">\n\t\t\t\t\t\t<div class=\"elementor-element elementor-element-6ce0073 elementor-widget elementor-widget-heading\" data-id=\"6ce0073\" data-element_type=\"widget\" data-e-type=\"widget\" data-widget_type=\"heading.default\">\n\t\t\t\t<div class=\"elementor-widget-container\">\n\t\t\t\t\t<h2 class=\"elementor-heading-title elementor-size-default\">Cont\u00e1ct<\/h2>\t\t\t\t<\/div>\n\t\t\t\t<\/div>\n\t\t\t\t<div class=\"elementor-element elementor-element-3c00ab2 elementor-widget elementor-widget-text-editor\" data-id=\"3c00ab2\" data-element_type=\"widget\" data-e-type=\"widget\" data-widget_type=\"text-editor.default\">\n\t\t\t\t<div class=\"elementor-widget-container\">\n\t\t\t\t\t\t\t\t\t<p>Puede enviarnos un mensaje a trav\u00e9s de los siguientes enlaces:<\/p>\n\t\t\t\t\t\t\t\t<\/div>\n\t\t\t\t<\/div>\n\t\t\t\t<section class=\"elementor-section elementor-inner-section elementor-element elementor-element-2af7a01 elementor-section-boxed elementor-section-height-default elementor-section-height-default\" data-id=\"2af7a01\" data-element_type=\"section\" data-e-type=\"section\">\n\t\t\t\t\t\t<div class=\"elementor-container elementor-column-gap-default\">\n\t\t\t\t\t<div class=\"elementor-column elementor-col-50 elementor-inner-column elementor-element elementor-element-9a7b800\" data-id=\"9a7b800\" data-element_type=\"column\" data-e-type=\"column\">\n\t\t\t<div class=\"elementor-widget-wrap elementor-element-populated\">\n\t\t\t\t\t\t<div class=\"elementor-element elementor-element-a31bbfe elementor-view-default elementor-position-block-start elementor-mobile-position-block-start elementor-widget elementor-widget-icon-box\" data-id=\"a31bbfe\" data-element_type=\"widget\" data-e-type=\"widget\" data-widget_type=\"icon-box.default\">\n\t\t\t\t<div class=\"elementor-widget-container\">\n\t\t\t\t\t\t\t<div class=\"elementor-icon-box-wrapper\">\n\n\t\t\t\t\t\t<div class=\"elementor-icon-box-icon\">\n\t\t\t\t<a href=\"#elementor-action%3Aaction%3Dpopup%3Aopen%26settings%3DeyJpZCI6NTkxNTUsInRvZ2dsZSI6ZmFsc2V9\" class=\"elementor-icon\" tabindex=\"-1\" aria-label=\"Secretar\u00eda\">\n\t\t\t\t<i aria-hidden=\"true\" class=\"fas fa-info-circle\"><\/i>\t\t\t\t<\/a>\n\t\t\t<\/div>\n\t\t\t\n\t\t\t\t\t\t<div class=\"elementor-icon-box-content\">\n\n\t\t\t\t\t\t\t\t\t<h3 class=\"elementor-icon-box-title\">\n\t\t\t\t\t\t<a href=\"#elementor-action%3Aaction%3Dpopup%3Aopen%26settings%3DeyJpZCI6NTkxNTUsInRvZ2dsZSI6ZmFsc2V9\" >\n\t\t\t\t\t\t\tSecretar\u00eda\t\t\t\t\t\t<\/a>\n\t\t\t\t\t<\/h3>\n\t\t\t\t\n\t\t\t\t\t\t\t\t\t<p class=\"elementor-icon-box-description\">\n\t\t\t\t\t\tPara consultas generales, p\u00f3ngase en contacto con nuestra secretar\u00eda\t\t\t\t\t<\/p>\n\t\t\t\t\n\t\t\t<\/div>\n\t\t\t\n\t\t<\/div>\n\t\t\t\t\t\t<\/div>\n\t\t\t\t<\/div>\n\t\t\t\t\t<\/div>\n\t\t<\/div>\n\t\t\t\t<div class=\"elementor-column elementor-col-50 elementor-inner-column elementor-element elementor-element-c0e514e\" data-id=\"c0e514e\" data-element_type=\"column\" data-e-type=\"column\">\n\t\t\t<div class=\"elementor-widget-wrap elementor-element-populated\">\n\t\t\t\t\t\t<div class=\"elementor-element elementor-element-d616dc2 elementor-view-default elementor-position-block-start elementor-mobile-position-block-start elementor-widget elementor-widget-icon-box\" data-id=\"d616dc2\" data-element_type=\"widget\" data-e-type=\"widget\" data-widget_type=\"icon-box.default\">\n\t\t\t\t<div class=\"elementor-widget-container\">\n\t\t\t\t\t\t\t<div class=\"elementor-icon-box-wrapper\">\n\n\t\t\t\t\t\t<div class=\"elementor-icon-box-icon\">\n\t\t\t\t<a href=\"#elementor-action%3Aaction%3Dpopup%3Aopen%26settings%3DeyJpZCI6NTkxNDMsInRvZ2dsZSI6ZmFsc2V9\" class=\"elementor-icon\" tabindex=\"-1\" aria-label=\"Administrador web\">\n\t\t\t\t<i aria-hidden=\"true\" class=\"fas fa-cogs\"><\/i>\t\t\t\t<\/a>\n\t\t\t<\/div>\n\t\t\t\n\t\t\t\t\t\t<div class=\"elementor-icon-box-content\">\n\n\t\t\t\t\t\t\t\t\t<h3 class=\"elementor-icon-box-title\">\n\t\t\t\t\t\t<a href=\"#elementor-action%3Aaction%3Dpopup%3Aopen%26settings%3DeyJpZCI6NTkxNDMsInRvZ2dsZSI6ZmFsc2V9\" >\n\t\t\t\t\t\t\tAdministrador web\t\t\t\t\t\t<\/a>\n\t\t\t\t\t<\/h3>\n\t\t\t\t\n\t\t\t\t\t\t\t\t\t<p class=\"elementor-icon-box-description\">\n\t\t\t\t\t\tPara cuestiones t\u00e9cnicas, p\u00f3ngase en contacto con el administrador web\t\t\t\t\t<\/p>\n\t\t\t\t\n\t\t\t<\/div>\n\t\t\t\n\t\t<\/div>\n\t\t\t\t\t\t<\/div>\n\t\t\t\t<\/div>\n\t\t\t\t\t<\/div>\n\t\t<\/div>\n\t\t\t\t\t<\/div>\n\t\t<\/section>\n\t\t\t\t\t<\/div>\n\t\t<\/div>\n\t\t\t\t<div class=\"elementor-column elementor-col-33 elementor-top-column elementor-element elementor-element-e3c6b19\" data-id=\"e3c6b19\" data-element_type=\"column\" data-e-type=\"column\" data-settings=\"{&quot;background_background&quot;:&quot;classic&quot;}\">\n\t\t\t<div class=\"elementor-widget-wrap elementor-element-populated\">\n\t\t\t\t\t\t<div class=\"elementor-element elementor-element-502b348 elementor-widget elementor-widget-heading\" data-id=\"502b348\" data-element_type=\"widget\" data-e-type=\"widget\" data-widget_type=\"heading.default\">\n\t\t\t\t<div class=\"elementor-widget-container\">\n\t\t\t\t\t<h2 class=\"elementor-heading-title elementor-size-default\">Eventos<\/h2>\t\t\t\t<\/div>\n\t\t\t\t<\/div>\n\t\t\t\t<div class=\"elementor-element elementor-element-8351baa elementor-widget elementor-widget-wp-widget-eo_calendar_widget\" data-id=\"8351baa\" data-element_type=\"widget\" data-e-type=\"widget\" data-widget_type=\"wp-widget-eo_calendar_widget.default\">\n\t\t\t\t<div class=\"elementor-widget-container\">\n\t\t\t\t\t<div id='wp-widget-eo_calendar_widget_content' class='eo-widget-cal-wrap' data-eo-widget-cal-id='wp-widget-eo_calendar_widget' ><table id='wp-calendar'><caption> abril 2026 <\/caption><thead><tr><th title='lunes' scope='col'>L<\/th><th title='martes' scope='col'>M<\/th><th title='mi\u00e9rcoles' scope='col'>X<\/th><th title='jueves' scope='col'>J<\/th><th title='viernes' scope='col'>V<\/th><th title='s\u00e1bado' scope='col'>S<\/th><th title='domingo' scope='col'>D<\/th><\/tr><\/thead><tbody><tr><td class=\"pad eo-before-month\" colspan=\"1\">&nbsp;<\/td><td class=\"pad eo-before-month\" colspan=\"1\">&nbsp;<\/td><td data-eo-wc-date='2026-04-01' class='eo-past-date'> 1 <\/td><td data-eo-wc-date='2026-04-02' class='eo-past-date'> 2 <\/td><td data-eo-wc-date='2026-04-03' class='eo-past-date'> 3 <\/td><td data-eo-wc-date='2026-04-04' class='eo-past-date'> 4 <\/td><td data-eo-wc-date='2026-04-05' class='eo-past-date event eo-event-venue-apen-sint-paulus eo-event-cat-concert eo-event-past eo-event-venue-apen-sint-carolus'> <a title='Muziek in Sint-Paulus&#013;&#010;Artiestenmis in de Sint-Carolus Borromeuskerk' href='https:\/\/topa.be\/es\/events\/event\/on\/2026\/04\/05\/'> 5 <\/a><\/td><\/tr><tr><td data-eo-wc-date='2026-04-06' class='eo-past-date'> 6 <\/td><td data-eo-wc-date='2026-04-07' class='eo-past-date'> 7 <\/td><td data-eo-wc-date='2026-04-08' class='eo-past-date'> 8 <\/td><td data-eo-wc-date='2026-04-09' class='eo-past-date'> 9 <\/td><td data-eo-wc-date='2026-04-10' class='eo-past-date'> 10 <\/td><td data-eo-wc-date='2026-04-11' class='eo-past-date'> 11 <\/td><td data-eo-wc-date='2026-04-12' class='eo-past-date event eo-event-venue-apen-sint-paulus eo-event-cat-concert eo-event-past eo-event-venue-apen-sint-carolus'> <a title='Muziek in Sint-Paulus&#013;&#010;Artiestenmis in de Sint-Carolus Borromeuskerk' href='https:\/\/topa.be\/es\/events\/event\/on\/2026\/04\/12\/'> 12 <\/a><\/td><\/tr><tr><td data-eo-wc-date='2026-04-13' class='eo-past-date'> 13 <\/td><td data-eo-wc-date='2026-04-14' class='eo-past-date'> 14 <\/td><td data-eo-wc-date='2026-04-15' class='eo-past-date'> 15 <\/td><td data-eo-wc-date='2026-04-16' class='eo-past-date'> 16 <\/td><td data-eo-wc-date='2026-04-17' class='today'> 17 <\/td><td data-eo-wc-date='2026-04-18' class='eo-future-date'> 18 <\/td><td data-eo-wc-date='2026-04-19' class='eo-future-date event eo-event-venue-apen-sint-paulus eo-event-cat-concert eo-event-future eo-event-venue-apen-sint-carolus'> <a title='Muziek in Sint-Paulus&#013;&#010;Artiestenmis in de Sint-Carolus Borromeuskerk' href='https:\/\/topa.be\/es\/events\/event\/on\/2026\/04\/19\/'> 19 <\/a><\/td><\/tr><tr><td data-eo-wc-date='2026-04-20' class='eo-future-date'> 20 <\/td><td data-eo-wc-date='2026-04-21' class='eo-future-date'> 21 <\/td><td data-eo-wc-date='2026-04-22' class='eo-future-date'> 22 <\/td><td data-eo-wc-date='2026-04-23' class='eo-future-date'> 23 <\/td><td data-eo-wc-date='2026-04-24' class='eo-future-date'> 24 <\/td><td data-eo-wc-date='2026-04-25' class='eo-future-date'> 25 <\/td><td data-eo-wc-date='2026-04-26' class='eo-future-date event eo-event-venue-apen-sint-paulus eo-event-cat-concert eo-event-future eo-event-venue-apen-sint-carolus'> <a title='Muziek in Sint-Paulus&#013;&#010;Artiestenmis in de Sint-Carolus Borromeuskerk' href='https:\/\/topa.be\/es\/events\/event\/on\/2026\/04\/26\/'> 26 <\/a><\/td><\/tr><tr><td data-eo-wc-date='2026-04-27' class='eo-future-date'> 27 <\/td><td data-eo-wc-date='2026-04-28' class='eo-future-date'> 28 <\/td><td data-eo-wc-date='2026-04-29' class='eo-future-date'> 29 <\/td><td data-eo-wc-date='2026-04-30' class='eo-future-date'> 30 <\/td><td class=\"pad eo-after-month\" colspan=\"1\">&nbsp;<\/td><td class=\"pad eo-after-month\" colspan=\"1\">&nbsp;<\/td><td class=\"pad eo-after-month\" colspan=\"1\">&nbsp;<\/td><\/tr><\/tbody><tfoot><tr>\n\t\t\t\t<td id='eo-widget-prev-month' colspan='3'><a title='Mes pasado' href='https:\/\/topa.be\/es\/?eo_month=2026-03'>&laquo; Mar<\/a><\/td>\n\t\t\t\t<td class='pad'>&nbsp;<\/td>\n\t\t\t\t<td id='eo-widget-next-month' colspan='3'><a title='Mes pr\u00f3ximo' href='https:\/\/topa.be\/es\/?eo_month=2026-05'> May &raquo; <\/a><\/td>\n\t\t\t<\/tr><\/tfoot><\/table><\/div>\t\t\t\t<\/div>\n\t\t\t\t<\/div>\n\t\t\t\t<div class=\"elementor-element elementor-element-71ebf35 elementor-widget elementor-widget-heading\" data-id=\"71ebf35\" data-element_type=\"widget\" data-e-type=\"widget\" data-widget_type=\"heading.default\">\n\t\t\t\t<div class=\"elementor-widget-container\">\n\t\t\t\t\t<h2 class=\"elementor-heading-title elementor-size-default\">Noticias<\/h2>\t\t\t\t<\/div>\n\t\t\t\t<\/div>\n\t\t\t\t<div class=\"elementor-element elementor-element-d04f445 elementor-widget elementor-widget-shortcode\" data-id=\"d04f445\" data-element_type=\"widget\" data-e-type=\"widget\" data-widget_type=\"shortcode.default\">\n\t\t\t\t<div class=\"elementor-widget-container\">\n\t\t\t\t\t\t\t<div class=\"elementor-shortcode\">[sp_news grid=\"list\"]<\/div>\n\t\t\t\t\t\t<\/div>\n\t\t\t\t<\/div>\n\t\t\t\t<div class=\"elementor-element elementor-element-c3a5d6c elementor-align-justify elementor-widget elementor-widget-button\" data-id=\"c3a5d6c\" data-element_type=\"widget\" data-e-type=\"widget\" data-widget_type=\"button.default\">\n\t\t\t\t<div class=\"elementor-widget-container\">\n\t\t\t\t\t\t\t\t\t<div class=\"elementor-button-wrapper\">\n\t\t\t\t\t<a class=\"elementor-button elementor-button-link elementor-size-sm\" href=\"http:\/\/topa.be\/nieuws\/\">\n\t\t\t\t\t\t<span class=\"elementor-button-content-wrapper\">\n\t\t\t\t\t\t\t\t\t<span class=\"elementor-button-text\">M\u00e1s noticias<\/span>\n\t\t\t\t\t<\/span>\n\t\t\t\t\t<\/a>\n\t\t\t\t<\/div>\n\t\t\t\t\t\t\t\t<\/div>\n\t\t\t\t<\/div>\n\t\t\t\t\t<\/div>\n\t\t<\/div>\n\t\t\t\t\t<\/div>\n\t\t<\/section>\n\t\t\t\t<\/div>\n\t\t","protected":false},"excerpt":{"rendered":"<p>Cont\u00e1ct Puede enviarnos un mensaje a trav\u00e9s de los siguientes enlaces: Secretar\u00eda Para consultas generales, p\u00f3ngase en contacto con nuestra secretar\u00eda Administrador web Para cuestiones t\u00e9cnicas, p\u00f3ngase en contacto con el administrador web Eventos Noticias [sp_news grid=\u00bblist\u00bb] M\u00e1s noticias<\/p>\n","protected":false},"author":16,"featured_media":0,"parent":0,"menu_order":690,"comment_status":"closed","ping_status":"closed","template":"","meta":{"footnotes":""},"class_list":["post-59227","page","type-page","status-publish","hentry"],"aioseo_notices":[],"_links":{"self":[{"href":"https:\/\/topa.be\/es\/wp-json\/wp\/v2\/pages\/59227","targetHints":{"allow":["GET"]}}],"collection":[{"href":"https:\/\/topa.be\/es\/wp-json\/wp\/v2\/pages"}],"about":[{"href":"https:\/\/topa.be\/es\/wp-json\/wp\/v2\/types\/page"}],"author":[{"embeddable":true,"href":"https:\/\/topa.be\/es\/wp-json\/wp\/v2\/users\/16"}],"replies":[{"embeddable":true,"href":"https:\/\/topa.be\/es\/wp-json\/wp\/v2\/comments?post=59227"}],"version-history":[{"count":1,"href":"https:\/\/topa.be\/es\/wp-json\/wp\/v2\/pages\/59227\/revisions"}],"predecessor-version":[{"id":59228,"href":"https:\/\/topa.be\/es\/wp-json\/wp\/v2\/pages\/59227\/revisions\/59228"}],"wp:attachment":[{"href":"https:\/\/topa.be\/es\/wp-json\/wp\/v2\/media?parent=59227"}],"curies":[{"name":"wp","href":"https:\/\/api.w.org\/{rel}","templated":true}]}}