{"id":53242,"date":"2021-08-18T18:31:07","date_gmt":"2021-08-18T16:31:07","guid":{"rendered":"http:\/\/topa.be\/publicaciones\/"},"modified":"2021-11-17T13:32:36","modified_gmt":"2021-11-17T12:32:36","slug":"publicaties-2","status":"publish","type":"page","link":"https:\/\/topa.be\/es\/publicaties-2\/","title":{"rendered":"Publicaciones"},"content":{"rendered":"\t\t<div data-elementor-type=\"wp-page\" data-elementor-id=\"53242\" class=\"elementor elementor-53242 elementor-34181\" data-elementor-post-type=\"page\">\n\t\t\t\t\t\t<section class=\"elementor-section elementor-top-section elementor-element elementor-element-1fe814f elementor-section-boxed elementor-section-height-default elementor-section-height-default\" data-id=\"1fe814f\" data-element_type=\"section\" data-e-type=\"section\">\n\t\t\t\t\t\t<div class=\"elementor-container elementor-column-gap-default\">\n\t\t\t\t\t<div class=\"elementor-column elementor-col-100 elementor-top-column elementor-element elementor-element-2b707d6\" data-id=\"2b707d6\" data-element_type=\"column\" data-e-type=\"column\">\n\t\t\t<div class=\"elementor-widget-wrap elementor-element-populated\">\n\t\t\t\t\t\t<div class=\"elementor-element elementor-element-02b92a6 elementor-widget elementor-widget-heading\" data-id=\"02b92a6\" data-element_type=\"widget\" data-e-type=\"widget\" data-widget_type=\"heading.default\">\n\t\t\t\t<div class=\"elementor-widget-container\">\n\t\t\t\t\t<h1 class=\"elementor-heading-title elementor-size-default\"> Publicaciones<\/h1>\t\t\t\t<\/div>\n\t\t\t\t<\/div>\n\t\t\t\t\t<\/div>\n\t\t<\/div>\n\t\t\t\t\t<\/div>\n\t\t<\/section>\n\t\t\t\t<section class=\"elementor-section elementor-top-section elementor-element elementor-element-a2c5051 elementor-section-boxed elementor-section-height-default elementor-section-height-default\" data-id=\"a2c5051\" data-element_type=\"section\" data-e-type=\"section\">\n\t\t\t\t\t\t<div class=\"elementor-container elementor-column-gap-default\">\n\t\t\t\t\t<div class=\"elementor-column elementor-col-66 elementor-top-column elementor-element elementor-element-7bd29bb\" data-id=\"7bd29bb\" data-element_type=\"column\" data-e-type=\"column\">\n\t\t\t<div class=\"elementor-widget-wrap elementor-element-populated\">\n\t\t\t\t\t\t<div class=\"elementor-element elementor-element-07bd8e4 elementor-widget elementor-widget-text-editor\" data-id=\"07bd8e4\" data-element_type=\"widget\" data-e-type=\"widget\" data-widget_type=\"text-editor.default\">\n\t\t\t\t<div class=\"elementor-widget-container\">\n\t\t\t\t\t\t\t\t\t<p style=\"text-align: justify;\">A lo largo de los a\u00f1os, TOPA vzw ha publicado folletos, cat\u00e1logos, programas y libros.<br \/>\nUna lista tan completa como sea posible se puede encontrar aqu\u00ed.<br \/>\nLa mayor\u00eda de las ediciones son del Rev. Rudi Mannaerts, p\u00e1rroco de la parroquia de San Andr\u00e9s, profesor de religi\u00f3n en la escuela Sint-Lieven y presidente de TOPA vzw.<\/p>\n<p style=\"text-align: justify;\">Todas las publicaciones est\u00e1n disponibles por pedido en:<br \/>\nToerismepastoraal Antwerpen vzw<br \/>\nHeilige Geeststraat 23, 2000 Antwerpen<br \/>\n<a href=\"mailto:info@topa.be\">info@topa.be<\/a><em>\u00a0<\/em><br \/>\n<em>Cuando se hace un pedido, el pago se hace por adelantado, despu\u00e9s de recibir la factura.<br \/>\nTodos los gastos bancarios y de env\u00edo corren a cargo del cliente.<\/em><\/p>\n<h2 style=\"text-align: justify;\">Libros<\/h2>\n<p style=\"text-align: justify;\">Publicado por vzw Maria-Elisabeth Belpaire y vzw Toerismepastoraal Antwerpen, con el apoyo de la fundaci\u00f3n Willy Hendrickx. Ricamente ilustrado.<\/p>\n<p style=\"text-align: justify;\">Un libro, en holand\u00e9s, para estas iglesias de Amberes:<\/p>\n<ul style=\"text-align: justify;\">\n<li>Iglesia de San Carlos Borromeo<\/li>\n<li>Iglesia de San Andr\u00e9s<\/li>\n<li>Iglesia de San Pablo<\/li>\n<li>La Catedral de Nuestra Se\u00f1ora, tambi\u00e9n disponible en una edici\u00f3n inglesa.<\/li>\n<\/ul>\n<p style=\"text-align: justify;\">Estos libros tambi\u00e9n est\u00e1n a la venta:<\/p>\n<ul style=\"text-align: justify;\">\n<li>En el escritorio de la iglesia correspondiente<\/li>\n<li>En la librer\u00eda de la catedral<\/li>\n<li>En la librer\u00eda de algunos museos de Amberes<\/li>\n<li>En las siguientes librer\u00edas de Amberes: Standard Boekhandel, Erik Toonen<\/li>\n<\/ul>\n<h2 style=\"text-align: justify;\">Material did\u00e1ctico<\/h2>\n<p style=\"text-align: justify;\">Publicado por vzw Toerismepastoraal Antwerpen<\/p>\n<p style=\"text-align: justify;\">Una, en holand\u00e9s, para cada una de las cinco iglesias tur\u00edsticas, adem\u00e1s de<\/p>\n<ul style=\"text-align: justify;\">\n<li>Mannaerts R., <em>Una llave para la revelaci\u00f3n de la Catedral de Nuestra Se\u00f1ora de Amberes, <\/em><\/li>\n<\/ul>\n<p style=\"text-align: justify;\"><em>\u00a0<\/em><em>Normalmente tambi\u00e9n se vende en el escritorio de la iglesia descrita.<\/em><\/p>\n<h2 style=\"text-align: justify;\">Gu\u00edas Iglesias monumentales<\/h2>\n<ul style=\"text-align: justify;\">\n<li>Gu\u00eda de f\u00e1cil uso que se centra en unos 15 puntos de inter\u00e9s por iglesia tur\u00edstica y los explica seg\u00fan la visi\u00f3n de Toerismepastoraal.<\/li>\n<li>Es publicada por la asociaci\u00f3n MKA, en la que Rudi Mannaerts colabora como autor en nombre de TOPA. El editor Blond\u00e9 proporciona una traducci\u00f3n en FR, DE y EN.<\/li>\n<li>Estas gu\u00edas est\u00e1n disponibles en cada una de las cinco iglesias tur\u00edsticas.<\/li>\n<\/ul>\n<h2 style=\"text-align: justify;\">Folletos verdes \u201cQueridos visitantes\u201d<\/h2>\n<p style=\"text-align: justify;\">Disponible tanto en el idioma del pa\u00eds como en holand\u00e9s.<\/p>\n<p style=\"text-align: justify;\">Disponible en espa\u00f1ol: <strong>Espa\u00f1a<\/strong><\/p>\n<p style=\"text-align: justify;\">Otros pa\u00edses disponibles:<\/p>\n<table>\n<tbody>\n<tr>\n<td><strong>Nederland<\/strong><\/td>\n<td><strong>Danmark<\/strong><\/td>\n<td><strong>\u00d6sterreich<\/strong><\/td>\n<\/tr>\n<tr>\n<td><strong>France<\/strong><\/td>\n<td><strong>Ell\u00e1da<\/strong><\/td>\n<td><strong>Polska<\/strong><\/td>\n<\/tr>\n<tr>\n<td><strong>Deutschland<\/strong><\/td>\n<td><strong>\u00c9ire<\/strong><\/td>\n<td><strong>Portugal<\/strong><\/td>\n<\/tr>\n<tr>\n<td><strong>United Kingdom<\/strong><\/td>\n<td><strong>Nippon<\/strong><\/td>\n<td><strong>Rossija<\/strong><\/td>\n<\/tr>\n<tr>\n<td><strong>Italia<\/strong><\/td>\n<td><strong>L\u00ebtzebuerg<\/strong><\/td>\n<td><strong>United States of America<\/strong><\/td>\n<\/tr>\n<tr>\n<td><strong>China<\/strong><\/td>\n<td><strong>Norge<\/strong><\/td>\n<td><strong>Sverige<\/strong><\/td>\n<\/tr>\n<\/tbody>\n<\/table>\n<p style=\"text-align: justify;\">Tambi\u00e9n se vende en la librer\u00eda de la catedral y en la iglesia de San Andr\u00e9s.<\/p>\n\t\t\t\t\t\t\t\t<\/div>\n\t\t\t\t<\/div>\n\t\t\t\t\t<\/div>\n\t\t<\/div>\n\t\t\t\t<div class=\"elementor-column elementor-col-33 elementor-top-column elementor-element elementor-element-e42a8e7\" data-id=\"e42a8e7\" data-element_type=\"column\" data-e-type=\"column\">\n\t\t\t<div class=\"elementor-widget-wrap elementor-element-populated\">\n\t\t\t\t\t\t<div class=\"elementor-element elementor-element-3690d15 elementor-widget elementor-widget-image\" data-id=\"3690d15\" data-element_type=\"widget\" data-e-type=\"widget\" data-widget_type=\"image.default\">\n\t\t\t\t<div class=\"elementor-widget-container\">\n\t\t\t\t\t\t\t\t\t\t\t\t\t\t\t<img fetchpriority=\"high\" decoding=\"async\" width=\"800\" height=\"800\" src=\"https:\/\/topa.be\/wp-content\/uploads\/3500-Publicaties-1024x1024.jpg\" class=\"attachment-large size-large wp-image-12911\" alt=\"\" srcset=\"https:\/\/topa.be\/wp-content\/uploads\/3500-Publicaties.jpg 1024w, https:\/\/topa.be\/wp-content\/uploads\/3500-Publicaties-300x300.jpg 300w, https:\/\/topa.be\/wp-content\/uploads\/3500-Publicaties-200x200.jpg 200w, https:\/\/topa.be\/wp-content\/uploads\/3500-Publicaties-768x768.jpg 768w\" sizes=\"(max-width: 800px) 100vw, 800px\" \/>\t\t\t\t\t\t\t\t\t\t\t\t\t\t\t<\/div>\n\t\t\t\t<\/div>\n\t\t\t\t\t<\/div>\n\t\t<\/div>\n\t\t\t\t\t<\/div>\n\t\t<\/section>\n\t\t\t\t<\/div>\n\t\t","protected":false},"excerpt":{"rendered":"<p>Publicaciones A lo largo de los a\u00f1os, TOPA vzw ha publicado folletos, cat\u00e1logos, programas y libros. Una lista tan completa como sea posible se puede encontrar aqu\u00ed. La mayor\u00eda de las ediciones son del Rev. Rudi Mannaerts, p\u00e1rroco de la parroquia de San Andr\u00e9s, profesor de religi\u00f3n en la escuela Sint-Lieven y presidente de TOPA [&hellip;]<\/p>\n","protected":false},"author":16,"featured_media":0,"parent":0,"menu_order":500,"comment_status":"closed","ping_status":"closed","template":"","meta":{"footnotes":""},"class_list":["post-53242","page","type-page","status-publish","hentry"],"aioseo_notices":[],"_links":{"self":[{"href":"https:\/\/topa.be\/es\/wp-json\/wp\/v2\/pages\/53242","targetHints":{"allow":["GET"]}}],"collection":[{"href":"https:\/\/topa.be\/es\/wp-json\/wp\/v2\/pages"}],"about":[{"href":"https:\/\/topa.be\/es\/wp-json\/wp\/v2\/types\/page"}],"author":[{"embeddable":true,"href":"https:\/\/topa.be\/es\/wp-json\/wp\/v2\/users\/16"}],"replies":[{"embeddable":true,"href":"https:\/\/topa.be\/es\/wp-json\/wp\/v2\/comments?post=53242"}],"version-history":[{"count":3,"href":"https:\/\/topa.be\/es\/wp-json\/wp\/v2\/pages\/53242\/revisions"}],"predecessor-version":[{"id":59608,"href":"https:\/\/topa.be\/es\/wp-json\/wp\/v2\/pages\/53242\/revisions\/59608"}],"wp:attachment":[{"href":"https:\/\/topa.be\/es\/wp-json\/wp\/v2\/media?parent=53242"}],"curies":[{"name":"wp","href":"https:\/\/api.w.org\/{rel}","templated":true}]}}