{"id":41758,"date":"2021-06-22T19:34:12","date_gmt":"2021-06-22T17:34:12","guid":{"rendered":"http:\/\/topa.be\/erediensten\/"},"modified":"2025-03-13T14:55:46","modified_gmt":"2025-03-13T13:55:46","slug":"erediensten","status":"publish","type":"page","link":"https:\/\/topa.be\/es\/erediensten\/","title":{"rendered":"SERVICIOS de CULTO"},"content":{"rendered":"\t\t<div data-elementor-type=\"wp-page\" data-elementor-id=\"41758\" class=\"elementor elementor-41758 elementor-11763\" data-elementor-post-type=\"page\">\n\t\t\t\t\t\t<section class=\"elementor-section elementor-top-section elementor-element elementor-element-b67acc9 elementor-section-boxed elementor-section-height-default elementor-section-height-default\" data-id=\"b67acc9\" data-element_type=\"section\" data-e-type=\"section\">\n\t\t\t\t\t\t<div class=\"elementor-container elementor-column-gap-default\">\n\t\t\t\t\t<div class=\"elementor-column elementor-col-100 elementor-top-column elementor-element elementor-element-3b17cc4\" data-id=\"3b17cc4\" data-element_type=\"column\" data-e-type=\"column\">\n\t\t\t<div class=\"elementor-widget-wrap elementor-element-populated\">\n\t\t\t\t\t\t<div class=\"elementor-element elementor-element-1498853 elementor-widget elementor-widget-heading\" data-id=\"1498853\" data-element_type=\"widget\" data-e-type=\"widget\" data-widget_type=\"heading.default\">\n\t\t\t\t<div class=\"elementor-widget-container\">\n\t\t\t\t\t<h1 class=\"elementor-heading-title elementor-size-default\"> Servicios religiosos cristianos en Amberes y sus alrededores<\/h1>\t\t\t\t<\/div>\n\t\t\t\t<\/div>\n\t\t\t\t\t<\/div>\n\t\t<\/div>\n\t\t\t\t\t<\/div>\n\t\t<\/section>\n\t\t\t\t<section class=\"elementor-section elementor-top-section elementor-element elementor-element-9473c99 elementor-section-boxed elementor-section-height-default elementor-section-height-default\" data-id=\"9473c99\" data-element_type=\"section\" data-e-type=\"section\">\n\t\t\t\t\t\t<div class=\"elementor-container elementor-column-gap-default\">\n\t\t\t\t\t<div class=\"elementor-column elementor-col-100 elementor-top-column elementor-element elementor-element-4ae70c3\" data-id=\"4ae70c3\" data-element_type=\"column\" data-e-type=\"column\">\n\t\t\t<div class=\"elementor-widget-wrap elementor-element-populated\">\n\t\t\t\t\t\t<section class=\"elementor-section elementor-inner-section elementor-element elementor-element-6555777 elementor-section-boxed elementor-section-height-default elementor-section-height-default\" data-id=\"6555777\" data-element_type=\"section\" data-e-type=\"section\">\n\t\t\t\t\t\t<div class=\"elementor-container elementor-column-gap-default\">\n\t\t\t\t\t<div class=\"elementor-column elementor-col-66 elementor-inner-column elementor-element elementor-element-95e9557\" data-id=\"95e9557\" data-element_type=\"column\" data-e-type=\"column\">\n\t\t\t<div class=\"elementor-widget-wrap elementor-element-populated\">\n\t\t\t\t\t\t<div class=\"elementor-element elementor-element-3d5a74a elementor-widget elementor-widget-text-editor\" data-id=\"3d5a74a\" data-element_type=\"widget\" data-e-type=\"widget\" data-widget_type=\"text-editor.default\">\n\t\t\t\t<div class=\"elementor-widget-container\">\n\t\t\t\t\t\t\t\t\t<p style=\"text-align: justify;\">El culto cat\u00f3lico en las iglesias de Amberes se realiza siempre en neerland\u00e9s.<br \/>\nSe puede encontrar el horario de las misas en la p\u00e1gina \u00abinformaci\u00f3n pr\u00e1ctica\u00bb de cada iglesia.<\/p>\n<p style=\"text-align: justify;\">Para los servicios religiosos en idiomas extranjeros puede utilizar lo siguiente documento.<\/p>\n<p style=\"text-align: justify;\"><span style=\"color: #0000ff; background-color: #ff9900;\"><strong><a style=\"color: #0000ff; background-color: #ff9900;\" href=\"http:\/\/topa.be\/wp-content\/uploads\/Christian-worship-in-and-near-Antwerp-EN.pdf\">Christian-worship-in-and-near-Antwerp-EN<\/a><\/strong><\/span><\/p>\n<p style=\"text-align: justify;\"><span style=\"background-color: #ff9900;\"><strong>Servicios en Espa\u00f1ol en Amberes<\/strong><\/span><\/p>\n<p style=\"text-align: justify;\"><strong>\u00a0<\/strong><\/p>\n<p style=\"text-align: justify;\"><strong>Comunidad espa\u00f1ola y latino-americana<\/strong><\/p>\n<table>\n<tbody>\n<tr>\n<td>Donde<br \/>\nCuando<br \/>\nContacto<\/td>\n<td>Iglesia Santa Catalina, St.-Catharinaplein, 2020 Antwerpen<br \/>\ncada domingo a las 12h00<br \/>\n+32 (0) 486 91 25 14 \u00a0 \u00a0 \u00a0<a href=\"mailto:hmamiriam04@hotmail.com\"><strong>hmamiriam04@hotmail.com<\/strong><\/a><\/td>\n<\/tr>\n<\/tbody>\n<\/table>\n<p style=\"text-align: justify;\"><strong>\u00a0<\/strong><\/p>\n<p style=\"text-align: justify;\"><strong>Comunidad latino-americana (Chile)<\/strong><\/p>\n<table>\n<tbody>\n<tr>\n<td>Donde<br \/>\nCuando<br \/>\nContacto<\/td>\n<td>Capilla de Don Bosco, Lange Stuivenbergstraat 74, 2000 Antwerpen<br \/>\nCada primer domingo del mes a las 17h30<br \/>\n+32 (0) 486 91 25 14\u00a0 \u00a0 \u00a0 <a href=\"mailto:hmamiriam04@hotmail.com\"><strong>hmamiriam04@hotmail.com<\/strong><\/a><\/td>\n<\/tr>\n<\/tbody>\n<\/table>\n\t\t\t\t\t\t\t\t<\/div>\n\t\t\t\t<\/div>\n\t\t\t\t\t<\/div>\n\t\t<\/div>\n\t\t\t\t<div class=\"elementor-column elementor-col-33 elementor-inner-column elementor-element elementor-element-aad90ab\" data-id=\"aad90ab\" data-element_type=\"column\" data-e-type=\"column\">\n\t\t\t<div class=\"elementor-widget-wrap elementor-element-populated\">\n\t\t\t\t\t\t<div class=\"elementor-element elementor-element-fcef3d4 elementor-widget elementor-widget-image\" data-id=\"fcef3d4\" data-element_type=\"widget\" data-e-type=\"widget\" data-widget_type=\"image.default\">\n\t\t\t\t<div class=\"elementor-widget-container\">\n\t\t\t\t\t\t\t\t\t\t\t\t\t\t\t<img fetchpriority=\"high\" decoding=\"async\" width=\"768\" height=\"768\" src=\"https:\/\/topa.be\/wp-content\/uploads\/0030-Erediensten-768x768.jpg\" class=\"attachment-medium_large size-medium_large wp-image-12683\" alt=\"\" srcset=\"https:\/\/topa.be\/wp-content\/uploads\/0030-Erediensten-768x768.jpg 768w, https:\/\/topa.be\/wp-content\/uploads\/0030-Erediensten-300x300.jpg 300w, https:\/\/topa.be\/wp-content\/uploads\/0030-Erediensten.jpg 1024w, https:\/\/topa.be\/wp-content\/uploads\/0030-Erediensten-200x200.jpg 200w\" sizes=\"(max-width: 768px) 100vw, 768px\" \/>\t\t\t\t\t\t\t\t\t\t\t\t\t\t\t<\/div>\n\t\t\t\t<\/div>\n\t\t\t\t<div class=\"elementor-element elementor-element-4fb2a61 elementor-widget elementor-widget-text-editor\" data-id=\"4fb2a61\" data-element_type=\"widget\" data-e-type=\"widget\" data-widget_type=\"text-editor.default\">\n\t\t\t\t<div class=\"elementor-widget-container\">\n\t\t\t\t\t\t\t\t\t<h4><strong>Que te ofrecemos:<\/strong><\/h4>\n\t\t\t\t\t\t\t\t<\/div>\n\t\t\t\t<\/div>\n\t\t\t\t<div class=\"elementor-element elementor-element-2059efb elementor-nav-menu--dropdown-tablet elementor-nav-menu__text-align-aside elementor-nav-menu--toggle elementor-nav-menu--burger elementor-widget elementor-widget-nav-menu\" data-id=\"2059efb\" data-element_type=\"widget\" data-e-type=\"widget\" data-settings=\"{&quot;layout&quot;:&quot;vertical&quot;,&quot;submenu_icon&quot;:{&quot;value&quot;:&quot;&lt;i class=\\&quot;fas fa-caret-down\\&quot; aria-hidden=\\&quot;true\\&quot;&gt;&lt;\\\/i&gt;&quot;,&quot;library&quot;:&quot;fa-solid&quot;},&quot;toggle&quot;:&quot;burger&quot;}\" data-widget_type=\"nav-menu.default\">\n\t\t\t\t<div class=\"elementor-widget-container\">\n\t\t\t\t\t\t\t\t<nav aria-label=\"Men\u00fa\" class=\"elementor-nav-menu--main elementor-nav-menu__container elementor-nav-menu--layout-vertical e--pointer-framed e--animation-fade\">\n\t\t\t\t<ul id=\"menu-1-2059efb\" class=\"elementor-nav-menu sm-vertical\"><li class=\"menu-item menu-item-type-post_type menu-item-object-page menu-item-home menu-item-61197\"><a href=\"https:\/\/topa.be\/es\/\" class=\"elementor-item\">INICIO<\/a><\/li>\n<li class=\"menu-item menu-item-type-post_type menu-item-object-page menu-item-60084\"><a href=\"https:\/\/topa.be\/es\/welkom\/\" class=\"elementor-item\">\u00a1BIENVENIDO!<\/a><\/li>\n<li class=\"menu-item menu-item-type-post_type menu-item-object-page menu-item-60085\"><a href=\"https:\/\/topa.be\/es\/praktisch-2\/\" class=\"elementor-item\">INFORMACI\u00d3N PR\u00c1CTICA<\/a><\/li>\n<li class=\"menu-item menu-item-type-post_type menu-item-object-page menu-item-60086\"><a href=\"https:\/\/topa.be\/es\/individueel\/\" class=\"elementor-item\">Visitas guiadas para individuos<\/a><\/li>\n<li class=\"menu-item menu-item-type-post_type menu-item-object-page menu-item-60106\"><a href=\"https:\/\/topa.be\/es\/groepen\/\" class=\"elementor-item\">Visitas guiadas para grupos<\/a><\/li>\n<li class=\"menu-item menu-item-type-post_type menu-item-object-page menu-item-60107\"><a href=\"https:\/\/topa.be\/es\/erediensten\/\" class=\"elementor-item\">SERVICIOS de CULTO<\/a><\/li>\n<li class=\"menu-item menu-item-type-post_type menu-item-object-page menu-item-60108\"><a href=\"https:\/\/topa.be\/es\/monumentale-kerken\/\" class=\"elementor-item\">IGLESIAS MONUMENTALES<\/a><\/li>\n<li class=\"menu-item menu-item-type-custom menu-item-object-custom menu-item-60109\"><a href=\"https:\/\/www.google.com\/maps\/d\/edit?mid=1iZG2PyUpfgUaDqLc-C_n5kGoHu2os6Ku&#038;usp=sharing\" class=\"elementor-item\">Mapa a mano<\/a><\/li>\n<li class=\"menu-item menu-item-type-post_type menu-item-object-page menu-item-60110\"><a href=\"https:\/\/topa.be\/es\/bezinning\/\" class=\"elementor-item\">REFLEXI\u00d3N<\/a><\/li>\n<\/ul>\t\t\t<\/nav>\n\t\t\t\t\t<div class=\"elementor-menu-toggle\" role=\"button\" tabindex=\"0\" aria-label=\"Alternar men\u00fa\" aria-expanded=\"false\">\n\t\t\t<i aria-hidden=\"true\" role=\"presentation\" class=\"elementor-menu-toggle__icon--open eicon-menu-bar\"><\/i><i aria-hidden=\"true\" role=\"presentation\" class=\"elementor-menu-toggle__icon--close eicon-close\"><\/i>\t\t<\/div>\n\t\t\t\t\t<nav class=\"elementor-nav-menu--dropdown elementor-nav-menu__container\" aria-hidden=\"true\">\n\t\t\t\t<ul id=\"menu-2-2059efb\" class=\"elementor-nav-menu sm-vertical\"><li class=\"menu-item menu-item-type-post_type menu-item-object-page menu-item-home menu-item-61197\"><a href=\"https:\/\/topa.be\/es\/\" class=\"elementor-item\" tabindex=\"-1\">INICIO<\/a><\/li>\n<li class=\"menu-item menu-item-type-post_type menu-item-object-page menu-item-60084\"><a href=\"https:\/\/topa.be\/es\/welkom\/\" class=\"elementor-item\" tabindex=\"-1\">\u00a1BIENVENIDO!<\/a><\/li>\n<li class=\"menu-item menu-item-type-post_type menu-item-object-page menu-item-60085\"><a href=\"https:\/\/topa.be\/es\/praktisch-2\/\" class=\"elementor-item\" tabindex=\"-1\">INFORMACI\u00d3N PR\u00c1CTICA<\/a><\/li>\n<li class=\"menu-item menu-item-type-post_type menu-item-object-page menu-item-60086\"><a href=\"https:\/\/topa.be\/es\/individueel\/\" class=\"elementor-item\" tabindex=\"-1\">Visitas guiadas para individuos<\/a><\/li>\n<li class=\"menu-item menu-item-type-post_type menu-item-object-page menu-item-60106\"><a href=\"https:\/\/topa.be\/es\/groepen\/\" class=\"elementor-item\" tabindex=\"-1\">Visitas guiadas para grupos<\/a><\/li>\n<li class=\"menu-item menu-item-type-post_type menu-item-object-page menu-item-60107\"><a href=\"https:\/\/topa.be\/es\/erediensten\/\" class=\"elementor-item\" tabindex=\"-1\">SERVICIOS de CULTO<\/a><\/li>\n<li class=\"menu-item menu-item-type-post_type menu-item-object-page menu-item-60108\"><a href=\"https:\/\/topa.be\/es\/monumentale-kerken\/\" class=\"elementor-item\" tabindex=\"-1\">IGLESIAS MONUMENTALES<\/a><\/li>\n<li class=\"menu-item menu-item-type-custom menu-item-object-custom menu-item-60109\"><a href=\"https:\/\/www.google.com\/maps\/d\/edit?mid=1iZG2PyUpfgUaDqLc-C_n5kGoHu2os6Ku&#038;usp=sharing\" class=\"elementor-item\" tabindex=\"-1\">Mapa a mano<\/a><\/li>\n<li class=\"menu-item menu-item-type-post_type menu-item-object-page menu-item-60110\"><a href=\"https:\/\/topa.be\/es\/bezinning\/\" class=\"elementor-item\" tabindex=\"-1\">REFLEXI\u00d3N<\/a><\/li>\n<\/ul>\t\t\t<\/nav>\n\t\t\t\t\t\t<\/div>\n\t\t\t\t<\/div>\n\t\t\t\t\t<\/div>\n\t\t<\/div>\n\t\t\t\t\t<\/div>\n\t\t<\/section>\n\t\t\t\t\t<\/div>\n\t\t<\/div>\n\t\t\t\t\t<\/div>\n\t\t<\/section>\n\t\t\t\t<\/div>\n\t\t","protected":false},"excerpt":{"rendered":"<p>Servicios religiosos cristianos en Amberes y sus alrededores El culto cat\u00f3lico en las iglesias de Amberes se realiza siempre en neerland\u00e9s. Se puede encontrar el horario de las misas en la p\u00e1gina \u00abinformaci\u00f3n pr\u00e1ctica\u00bb de cada iglesia. Para los servicios religiosos en idiomas extranjeros puede utilizar lo siguiente documento. Christian-worship-in-and-near-Antwerp-EN Servicios en Espa\u00f1ol en Amberes [&hellip;]<\/p>\n","protected":false},"author":16,"featured_media":0,"parent":0,"menu_order":60,"comment_status":"closed","ping_status":"closed","template":"","meta":{"footnotes":""},"class_list":["post-41758","page","type-page","status-publish","hentry"],"aioseo_notices":[],"_links":{"self":[{"href":"https:\/\/topa.be\/es\/wp-json\/wp\/v2\/pages\/41758","targetHints":{"allow":["GET"]}}],"collection":[{"href":"https:\/\/topa.be\/es\/wp-json\/wp\/v2\/pages"}],"about":[{"href":"https:\/\/topa.be\/es\/wp-json\/wp\/v2\/types\/page"}],"author":[{"embeddable":true,"href":"https:\/\/topa.be\/es\/wp-json\/wp\/v2\/users\/16"}],"replies":[{"embeddable":true,"href":"https:\/\/topa.be\/es\/wp-json\/wp\/v2\/comments?post=41758"}],"version-history":[{"count":3,"href":"https:\/\/topa.be\/es\/wp-json\/wp\/v2\/pages\/41758\/revisions"}],"predecessor-version":[{"id":71532,"href":"https:\/\/topa.be\/es\/wp-json\/wp\/v2\/pages\/41758\/revisions\/71532"}],"wp:attachment":[{"href":"https:\/\/topa.be\/es\/wp-json\/wp\/v2\/media?parent=41758"}],"curies":[{"name":"wp","href":"https:\/\/api.w.org\/{rel}","templated":true}]}}