{"id":41558,"date":"2021-06-21T13:42:32","date_gmt":"2021-06-21T11:42:32","guid":{"rendered":"http:\/\/topa.be\/individueel\/"},"modified":"2025-03-12T11:37:46","modified_gmt":"2025-03-12T10:37:46","slug":"individueel","status":"publish","type":"page","link":"https:\/\/topa.be\/es\/individueel\/","title":{"rendered":"Visitas guiadas para individuos"},"content":{"rendered":"\t\t<div data-elementor-type=\"wp-page\" data-elementor-id=\"41558\" class=\"elementor elementor-41558 elementor-11757\" data-elementor-post-type=\"page\">\n\t\t\t\t\t\t<section class=\"elementor-section elementor-top-section elementor-element elementor-element-3472d89 elementor-section-boxed elementor-section-height-default elementor-section-height-default\" data-id=\"3472d89\" data-element_type=\"section\" data-e-type=\"section\">\n\t\t\t\t\t\t<div class=\"elementor-container elementor-column-gap-default\">\n\t\t\t\t\t<div class=\"elementor-column elementor-col-100 elementor-top-column elementor-element elementor-element-c8bf0bb\" data-id=\"c8bf0bb\" data-element_type=\"column\" data-e-type=\"column\">\n\t\t\t<div class=\"elementor-widget-wrap elementor-element-populated\">\n\t\t\t\t\t\t<div class=\"elementor-element elementor-element-7a7b590 elementor-widget elementor-widget-heading\" data-id=\"7a7b590\" data-element_type=\"widget\" data-e-type=\"widget\" data-widget_type=\"heading.default\">\n\t\t\t\t<div class=\"elementor-widget-container\">\n\t\t\t\t\t<h1 class=\"elementor-heading-title elementor-size-default\"> Visitas guiadas para individuos<\/h1>\t\t\t\t<\/div>\n\t\t\t\t<\/div>\n\t\t\t\t\t<\/div>\n\t\t<\/div>\n\t\t\t\t\t<\/div>\n\t\t<\/section>\n\t\t\t\t<section class=\"elementor-section elementor-top-section elementor-element elementor-element-4a8639f elementor-section-boxed elementor-section-height-default elementor-section-height-default\" data-id=\"4a8639f\" data-element_type=\"section\" data-e-type=\"section\">\n\t\t\t\t\t\t<div class=\"elementor-container elementor-column-gap-default\">\n\t\t\t\t\t<div class=\"elementor-column elementor-col-100 elementor-top-column elementor-element elementor-element-379ac2f\" data-id=\"379ac2f\" data-element_type=\"column\" data-e-type=\"column\">\n\t\t\t<div class=\"elementor-widget-wrap elementor-element-populated\">\n\t\t\t\t\t\t<section class=\"elementor-section elementor-inner-section elementor-element elementor-element-64a91e3 elementor-section-boxed elementor-section-height-default elementor-section-height-default\" data-id=\"64a91e3\" data-element_type=\"section\" data-e-type=\"section\">\n\t\t\t\t\t\t<div class=\"elementor-container elementor-column-gap-default\">\n\t\t\t\t\t<div class=\"elementor-column elementor-col-66 elementor-inner-column elementor-element elementor-element-901d5f8\" data-id=\"901d5f8\" data-element_type=\"column\" data-e-type=\"column\">\n\t\t\t<div class=\"elementor-widget-wrap elementor-element-populated\">\n\t\t\t\t\t\t<div class=\"elementor-element elementor-element-e965471 elementor-widget elementor-widget-text-editor\" data-id=\"e965471\" data-element_type=\"widget\" data-e-type=\"widget\" data-widget_type=\"text-editor.default\">\n\t\t\t\t<div class=\"elementor-widget-container\">\n\t\t\t\t\t\t\t\t\t<div class=\"wpb_text_column wpb_content_element \"><\/p>\n<div class=\"wpb_wrapper\"><\/p>\n<p style=\"text-align: justify;\">Si opta por la aventura, explore la iglesia por su cuenta, con el folleto a la entrada como br\u00fajula o armado con una gu\u00eda art\u00edstica completa (ver <a href=\"https:\/\/www.topa.be\/es\/publicaties-2\/\"><strong>Publicaciones<\/strong><\/a>).<\/p>\n<p><\/p>\n<p style=\"text-align: justify;\">Pero si todav\u00eda quiere ver el bosque a trav\u00e9s de los \u00e1rboles y disfrutar de su belleza m\u00e1s intensamente, puede aprovechar nuestras visitas guiadas gratuitas. Un gu\u00eda de la TOPA le llevar\u00e1 a un tour de descubrimiento sin ninguna obligaci\u00f3n. Para su sorpresa, a menudo ver\u00e1 mucho m\u00e1s\u2026 de lo que nunca has visto a primera vista.<\/p>\n<p><\/p>\n<p style=\"text-align: justify;\">Las posibilidades concretas en las cinco iglesias tur\u00edsticas del centro de Amberes se pueden encontrar en los siguientes enlaces:<\/p>\n<p><\/p>\n<p style=\"text-align: justify;\"><a href=\"https:\/\/www.topa.be\/es\/olv-kathedraal\/rondleidingen\/\"><strong>Catedral de Nuestra Se\u00f1ora<\/strong><\/a><\/p>\n<p><\/p>\n<p style=\"text-align: justify;\"><a href=\"https:\/\/www.topa.be\/es\/st-andries\/rondleidingen\/\"><strong>Iglesia de San Andr\u00e9s<\/strong><\/a><\/p>\n<p><\/p>\n<p style=\"text-align: justify;\"><a href=\"https:\/\/www.topa.be\/es\/sint-carolus-borromeus\/rondleidingen\/\"><strong>Iglesia de San Carolus Borromeo<\/strong><\/a><\/p>\n<p><\/p>\n<p style=\"text-align: justify;\"><a href=\"https:\/\/www.topa.be\/es\/sint-jacob\/rondleidingen\/\"><strong>Iglesia de Santiago<\/strong><\/a><\/p>\n<p><\/p>\n<p style=\"text-align: justify;\"><a href=\"https:\/\/www.topa.be\/es\/sint-pauluskerk\/rondleidingen\/\"><strong>Iglesia de San Pablo<\/strong><\/a><\/p>\n<p><\/p>\n<p style=\"text-align: justify;\">La organizaci\u00f3n de las Iglesias Monumentales de Amberes desarroll\u00f3 una serie de actividades para acompa\u00f1ar el festival cultural de la ciudad <strong>\u00abAmberes Barroco 2018: Rubens inspira\u00bb<\/strong>, que explor\u00f3 la obra de Peter Paul Rubens (1577-1640) y el patrimonio del Barroco. Desde entonces, varias actividades que incluyen un paseo <strong>\u2018Tras los pasos de Rubens\u2019<\/strong> han enriquecido la oferta permanente en las cinco iglesias monumentales. Todos los detalles se pueden encontrar en el <strong><a href=\"https:\/\/mkantwerpen.be\/en\/activities\/\" target=\"_blank\" rel=\"noopener\">sitio web del MKA<\/a><\/strong> <em>(EN)<\/em>.<\/p>\n<\/div>\n<p><\/div>\n\t\t\t\t\t\t\t\t<\/div>\n\t\t\t\t<\/div>\n\t\t\t\t\t<\/div>\n\t\t<\/div>\n\t\t\t\t<div class=\"elementor-column elementor-col-33 elementor-inner-column elementor-element elementor-element-36f9938\" data-id=\"36f9938\" data-element_type=\"column\" data-e-type=\"column\">\n\t\t\t<div class=\"elementor-widget-wrap elementor-element-populated\">\n\t\t\t\t\t\t<div class=\"elementor-element elementor-element-5577b7d elementor-widget elementor-widget-image\" data-id=\"5577b7d\" data-element_type=\"widget\" data-e-type=\"widget\" data-widget_type=\"image.default\">\n\t\t\t\t<div class=\"elementor-widget-container\">\n\t\t\t\t\t\t\t\t\t\t\t\t\t\t\t<img fetchpriority=\"high\" decoding=\"async\" width=\"300\" height=\"300\" src=\"https:\/\/topa.be\/wp-content\/uploads\/3100-Rondleidingen-300x300.jpg\" class=\"attachment-medium size-medium wp-image-12851\" alt=\"\" srcset=\"https:\/\/topa.be\/wp-content\/uploads\/3100-Rondleidingen-300x300.jpg 300w, https:\/\/topa.be\/wp-content\/uploads\/3100-Rondleidingen.jpg 1024w, https:\/\/topa.be\/wp-content\/uploads\/3100-Rondleidingen-200x200.jpg 200w, https:\/\/topa.be\/wp-content\/uploads\/3100-Rondleidingen-768x768.jpg 768w\" sizes=\"(max-width: 300px) 100vw, 300px\" \/>\t\t\t\t\t\t\t\t\t\t\t\t\t\t\t<\/div>\n\t\t\t\t<\/div>\n\t\t\t\t<div class=\"elementor-element elementor-element-2f61c5d elementor-widget elementor-widget-text-editor\" data-id=\"2f61c5d\" data-element_type=\"widget\" data-e-type=\"widget\" data-widget_type=\"text-editor.default\">\n\t\t\t\t<div class=\"elementor-widget-container\">\n\t\t\t\t\t\t\t\t\t<div class=\"wpb_text_column wpb_content_element \"><div class=\"wpb_wrapper\"><h4><strong>Que te ofrecemos:<\/strong><\/h4><\/div><\/div>\t\t\t\t\t\t\t\t<\/div>\n\t\t\t\t<\/div>\n\t\t\t\t<div class=\"elementor-element elementor-element-8ab06a0 elementor-nav-menu--dropdown-tablet elementor-nav-menu__text-align-aside elementor-nav-menu--toggle elementor-nav-menu--burger elementor-widget elementor-widget-nav-menu\" data-id=\"8ab06a0\" data-element_type=\"widget\" data-e-type=\"widget\" data-settings=\"{&quot;layout&quot;:&quot;vertical&quot;,&quot;submenu_icon&quot;:{&quot;value&quot;:&quot;&lt;i class=\\&quot;fas fa-caret-down\\&quot; aria-hidden=\\&quot;true\\&quot;&gt;&lt;\\\/i&gt;&quot;,&quot;library&quot;:&quot;fa-solid&quot;},&quot;toggle&quot;:&quot;burger&quot;}\" data-widget_type=\"nav-menu.default\">\n\t\t\t\t<div class=\"elementor-widget-container\">\n\t\t\t\t\t\t\t\t<nav aria-label=\"Menu\" class=\"elementor-nav-menu--main elementor-nav-menu__container elementor-nav-menu--layout-vertical e--pointer-framed e--animation-fade\">\n\t\t\t\t<ul id=\"menu-1-8ab06a0\" class=\"elementor-nav-menu sm-vertical\"><li class=\"menu-item menu-item-type-post_type menu-item-object-page menu-item-home menu-item-61197\"><a href=\"https:\/\/topa.be\/es\/\" class=\"elementor-item\">INICIO<\/a><\/li>\n<li class=\"menu-item menu-item-type-post_type menu-item-object-page menu-item-60084\"><a href=\"https:\/\/topa.be\/es\/welkom\/\" class=\"elementor-item\">\u00a1BIENVENIDO!<\/a><\/li>\n<li class=\"menu-item menu-item-type-post_type menu-item-object-page menu-item-60085\"><a href=\"https:\/\/topa.be\/es\/praktisch-2\/\" class=\"elementor-item\">INFORMACI\u00d3N PR\u00c1CTICA<\/a><\/li>\n<li class=\"menu-item menu-item-type-post_type menu-item-object-page menu-item-60086\"><a href=\"https:\/\/topa.be\/es\/individueel\/\" class=\"elementor-item\">Visitas guiadas para individuos<\/a><\/li>\n<li class=\"menu-item menu-item-type-post_type menu-item-object-page menu-item-60106\"><a href=\"https:\/\/topa.be\/es\/groepen\/\" class=\"elementor-item\">Visitas guiadas para grupos<\/a><\/li>\n<li class=\"menu-item menu-item-type-post_type menu-item-object-page menu-item-60107\"><a href=\"https:\/\/topa.be\/es\/erediensten\/\" class=\"elementor-item\">SERVICIOS de CULTO<\/a><\/li>\n<li class=\"menu-item menu-item-type-post_type menu-item-object-page menu-item-60108\"><a href=\"https:\/\/topa.be\/es\/monumentale-kerken\/\" class=\"elementor-item\">IGLESIAS MONUMENTALES<\/a><\/li>\n<li class=\"menu-item menu-item-type-custom menu-item-object-custom menu-item-60109\"><a href=\"https:\/\/www.google.com\/maps\/d\/edit?mid=1iZG2PyUpfgUaDqLc-C_n5kGoHu2os6Ku&#038;usp=sharing\" class=\"elementor-item\">Mapa a mano<\/a><\/li>\n<li class=\"menu-item menu-item-type-post_type menu-item-object-page menu-item-60110\"><a href=\"https:\/\/topa.be\/es\/bezinning\/\" class=\"elementor-item\">REFLEXI\u00d3N<\/a><\/li>\n<\/ul>\t\t\t<\/nav>\n\t\t\t\t\t<div class=\"elementor-menu-toggle\" role=\"button\" tabindex=\"0\" aria-label=\"Alternar men\u00fa\" aria-expanded=\"false\">\n\t\t\t<i aria-hidden=\"true\" role=\"presentation\" class=\"elementor-menu-toggle__icon--open eicon-menu-bar\"><\/i><i aria-hidden=\"true\" role=\"presentation\" class=\"elementor-menu-toggle__icon--close eicon-close\"><\/i>\t\t<\/div>\n\t\t\t\t\t<nav class=\"elementor-nav-menu--dropdown elementor-nav-menu__container\" aria-hidden=\"true\">\n\t\t\t\t<ul id=\"menu-2-8ab06a0\" class=\"elementor-nav-menu sm-vertical\"><li class=\"menu-item menu-item-type-post_type menu-item-object-page menu-item-home menu-item-61197\"><a href=\"https:\/\/topa.be\/es\/\" class=\"elementor-item\" tabindex=\"-1\">INICIO<\/a><\/li>\n<li class=\"menu-item menu-item-type-post_type menu-item-object-page menu-item-60084\"><a href=\"https:\/\/topa.be\/es\/welkom\/\" class=\"elementor-item\" tabindex=\"-1\">\u00a1BIENVENIDO!<\/a><\/li>\n<li class=\"menu-item menu-item-type-post_type menu-item-object-page menu-item-60085\"><a href=\"https:\/\/topa.be\/es\/praktisch-2\/\" class=\"elementor-item\" tabindex=\"-1\">INFORMACI\u00d3N PR\u00c1CTICA<\/a><\/li>\n<li class=\"menu-item menu-item-type-post_type menu-item-object-page menu-item-60086\"><a href=\"https:\/\/topa.be\/es\/individueel\/\" class=\"elementor-item\" tabindex=\"-1\">Visitas guiadas para individuos<\/a><\/li>\n<li class=\"menu-item menu-item-type-post_type menu-item-object-page menu-item-60106\"><a href=\"https:\/\/topa.be\/es\/groepen\/\" class=\"elementor-item\" tabindex=\"-1\">Visitas guiadas para grupos<\/a><\/li>\n<li class=\"menu-item menu-item-type-post_type menu-item-object-page menu-item-60107\"><a href=\"https:\/\/topa.be\/es\/erediensten\/\" class=\"elementor-item\" tabindex=\"-1\">SERVICIOS de CULTO<\/a><\/li>\n<li class=\"menu-item menu-item-type-post_type menu-item-object-page menu-item-60108\"><a href=\"https:\/\/topa.be\/es\/monumentale-kerken\/\" class=\"elementor-item\" tabindex=\"-1\">IGLESIAS MONUMENTALES<\/a><\/li>\n<li class=\"menu-item menu-item-type-custom menu-item-object-custom menu-item-60109\"><a href=\"https:\/\/www.google.com\/maps\/d\/edit?mid=1iZG2PyUpfgUaDqLc-C_n5kGoHu2os6Ku&#038;usp=sharing\" class=\"elementor-item\" tabindex=\"-1\">Mapa a mano<\/a><\/li>\n<li class=\"menu-item menu-item-type-post_type menu-item-object-page menu-item-60110\"><a href=\"https:\/\/topa.be\/es\/bezinning\/\" class=\"elementor-item\" tabindex=\"-1\">REFLEXI\u00d3N<\/a><\/li>\n<\/ul>\t\t\t<\/nav>\n\t\t\t\t\t\t<\/div>\n\t\t\t\t<\/div>\n\t\t\t\t\t<\/div>\n\t\t<\/div>\n\t\t\t\t\t<\/div>\n\t\t<\/section>\n\t\t\t\t\t<\/div>\n\t\t<\/div>\n\t\t\t\t\t<\/div>\n\t\t<\/section>\n\t\t\t\t<\/div>\n\t\t","protected":false},"excerpt":{"rendered":"<p>Visitas guiadas para individuos Si opta por la aventura, explore la iglesia por su cuenta, con el folleto a la entrada como br\u00fajula o armado con una gu\u00eda art\u00edstica completa (ver Publicaciones). Pero si todav\u00eda quiere ver el bosque a trav\u00e9s de los \u00e1rboles y disfrutar de su belleza m\u00e1s intensamente, puede aprovechar nuestras visitas [&hellip;]<\/p>\n","protected":false},"author":16,"featured_media":0,"parent":0,"menu_order":30,"comment_status":"closed","ping_status":"closed","template":"","meta":{"footnotes":""},"class_list":["post-41558","page","type-page","status-publish","hentry"],"aioseo_notices":[],"_links":{"self":[{"href":"https:\/\/topa.be\/es\/wp-json\/wp\/v2\/pages\/41558","targetHints":{"allow":["GET"]}}],"collection":[{"href":"https:\/\/topa.be\/es\/wp-json\/wp\/v2\/pages"}],"about":[{"href":"https:\/\/topa.be\/es\/wp-json\/wp\/v2\/types\/page"}],"author":[{"embeddable":true,"href":"https:\/\/topa.be\/es\/wp-json\/wp\/v2\/users\/16"}],"replies":[{"embeddable":true,"href":"https:\/\/topa.be\/es\/wp-json\/wp\/v2\/comments?post=41558"}],"version-history":[{"count":3,"href":"https:\/\/topa.be\/es\/wp-json\/wp\/v2\/pages\/41558\/revisions"}],"predecessor-version":[{"id":71243,"href":"https:\/\/topa.be\/es\/wp-json\/wp\/v2\/pages\/41558\/revisions\/71243"}],"wp:attachment":[{"href":"https:\/\/topa.be\/es\/wp-json\/wp\/v2\/media?parent=41558"}],"curies":[{"name":"wp","href":"https:\/\/api.w.org\/{rel}","templated":true}]}}