{"id":41524,"date":"2021-06-21T12:13:41","date_gmt":"2021-06-21T10:13:41","guid":{"rendered":"http:\/\/topa.be\/praktisch-2\/"},"modified":"2025-03-12T11:05:54","modified_gmt":"2025-03-12T10:05:54","slug":"praktisch-2","status":"publish","type":"page","link":"https:\/\/topa.be\/es\/praktisch-2\/","title":{"rendered":"INFORMACI\u00d3N PR\u00c1CTICA"},"content":{"rendered":"\t\t<div data-elementor-type=\"wp-page\" data-elementor-id=\"41524\" class=\"elementor elementor-41524 elementor-35064\" data-elementor-post-type=\"page\">\n\t\t\t\t\t\t<section class=\"elementor-section elementor-top-section elementor-element elementor-element-fd83ec3 elementor-section-boxed elementor-section-height-default elementor-section-height-default\" data-id=\"fd83ec3\" data-element_type=\"section\" data-e-type=\"section\">\n\t\t\t\t\t\t<div class=\"elementor-container elementor-column-gap-default\">\n\t\t\t\t\t<div class=\"elementor-column elementor-col-100 elementor-top-column elementor-element elementor-element-a4d2054\" data-id=\"a4d2054\" data-element_type=\"column\" data-e-type=\"column\">\n\t\t\t<div class=\"elementor-widget-wrap elementor-element-populated\">\n\t\t\t\t\t\t<div class=\"elementor-element elementor-element-0ba706a elementor-widget elementor-widget-heading\" data-id=\"0ba706a\" data-element_type=\"widget\" data-e-type=\"widget\" data-widget_type=\"heading.default\">\n\t\t\t\t<div class=\"elementor-widget-container\">\n\t\t\t\t\t<h1 class=\"elementor-heading-title elementor-size-default\">INFORMACI\u00d3N PR\u00c1CTICA<\/h1>\t\t\t\t<\/div>\n\t\t\t\t<\/div>\n\t\t\t\t\t<\/div>\n\t\t<\/div>\n\t\t\t\t\t<\/div>\n\t\t<\/section>\n\t\t\t\t<section class=\"elementor-section elementor-top-section elementor-element elementor-element-522311f elementor-section-boxed elementor-section-height-default elementor-section-height-default\" data-id=\"522311f\" data-element_type=\"section\" data-e-type=\"section\">\n\t\t\t\t\t\t<div class=\"elementor-container elementor-column-gap-default\">\n\t\t\t\t\t<div class=\"elementor-column elementor-col-100 elementor-top-column elementor-element elementor-element-c415bd3\" data-id=\"c415bd3\" data-element_type=\"column\" data-e-type=\"column\">\n\t\t\t<div class=\"elementor-widget-wrap elementor-element-populated\">\n\t\t\t\t\t\t<div class=\"elementor-element elementor-element-44a2a9a elementor-widget elementor-widget-image\" data-id=\"44a2a9a\" data-element_type=\"widget\" data-e-type=\"widget\" data-widget_type=\"image.default\">\n\t\t\t\t<div class=\"elementor-widget-container\">\n\t\t\t\t\t\t\t\t\t\t\t\t<figure class=\"wp-caption\">\n\t\t\t\t\t\t\t\t\t\t<img fetchpriority=\"high\" decoding=\"async\" width=\"800\" height=\"240\" src=\"https:\/\/topa.be\/wp-content\/uploads\/Rede-Antwerpen-in-Oostenrijkse-tijd-1-1.jpg\" class=\"attachment-large size-large wp-image-32873\" alt=\"\" srcset=\"https:\/\/topa.be\/wp-content\/uploads\/Rede-Antwerpen-in-Oostenrijkse-tijd-1-1.jpg 832w, https:\/\/topa.be\/wp-content\/uploads\/Rede-Antwerpen-in-Oostenrijkse-tijd-1-1-300x90.jpg 300w, https:\/\/topa.be\/wp-content\/uploads\/Rede-Antwerpen-in-Oostenrijkse-tijd-1-1-200x60.jpg 200w, https:\/\/topa.be\/wp-content\/uploads\/Rede-Antwerpen-in-Oostenrijkse-tijd-1-1-768x231.jpg 768w\" sizes=\"(max-width: 800px) 100vw, 800px\" \/>\t\t\t\t\t\t\t\t\t\t\t<figcaption class=\"widget-image-caption wp-caption-text\">El puerto de Amberes en la \u00e9poca austr\u00edaca<\/figcaption>\n\t\t\t\t\t\t\t\t\t\t<\/figure>\n\t\t\t\t\t\t\t\t\t<\/div>\n\t\t\t\t<\/div>\n\t\t\t\t\t<\/div>\n\t\t<\/div>\n\t\t\t\t\t<\/div>\n\t\t<\/section>\n\t\t\t\t<section class=\"elementor-section elementor-top-section elementor-element elementor-element-6c731c9 elementor-section-boxed elementor-section-height-default elementor-section-height-default\" data-id=\"6c731c9\" data-element_type=\"section\" data-e-type=\"section\">\n\t\t\t\t\t\t<div class=\"elementor-container elementor-column-gap-default\">\n\t\t\t\t\t<div class=\"elementor-column elementor-col-66 elementor-top-column elementor-element elementor-element-d4c01db\" data-id=\"d4c01db\" data-element_type=\"column\" data-e-type=\"column\">\n\t\t\t<div class=\"elementor-widget-wrap elementor-element-populated\">\n\t\t\t\t\t\t<div class=\"elementor-element elementor-element-4f29ca5 elementor-widget elementor-widget-text-editor\" data-id=\"4f29ca5\" data-element_type=\"widget\" data-e-type=\"widget\" data-widget_type=\"text-editor.default\">\n\t\t\t\t<div class=\"elementor-widget-container\">\n\t\t\t\t\t\t\t\t\t<p style=\"text-align: justify;\">\u00bfLe gustar\u00eda visitar una o m\u00e1s iglesias en Amberes para respirar en paz y disfrutar del arte?<\/p>\n<p><\/p>\n<p style=\"text-align: justify;\">\u00bfLe gustar\u00eda saber f\u00e1cilmente qu\u00e9 iglesias puede visitar? \u00bfD\u00f3nde encontrarlos? \u00bfCu\u00e1ndo puedes visitarlos?<\/p>\n<p><\/p>\n<p style=\"text-align: justify;\">Le ayudamos en su camino con un enlace directo a la informaci\u00f3n pr\u00e1ctica de cada iglesia.<\/p>\n\t\t\t\t\t\t\t\t<\/div>\n\t\t\t\t<\/div>\n\t\t\t\t<div class=\"elementor-element elementor-element-e19a4f7 elementor-widget elementor-widget-text-editor\" data-id=\"e19a4f7\" data-element_type=\"widget\" data-e-type=\"widget\" data-widget_type=\"text-editor.default\">\n\t\t\t\t<div class=\"elementor-widget-container\">\n\t\t\t\t\t\t\t\t\t<p><strong>Las cinco iglesias tur\u00edsticas del centro de Amberes<\/strong><\/p><p><strong><a href=\"https:\/\/topa.be\/es\/olv-kathedraal\/praktisch\/\" data-wpel-link=\"internal\">Catedral de Nuestra Se\u00f1ora<\/a><\/strong><\/p><p><strong><a href=\"https:\/\/topa.be\/es\/st-andries\/praktisch\/\" data-wpel-link=\"internal\">Iglesia de San Andr\u00e9s<\/a><\/strong><\/p><p><strong><a href=\"https:\/\/topa.be\/es\/sint-carolus-borromeus\/praktisch\/\" data-wpel-link=\"internal\">Iglesia de San Carolus Borromeo<\/a><\/strong><\/p><p><strong><a href=\"https:\/\/topa.be\/es\/sint-jacob\/praktisch\/\" data-wpel-link=\"internal\">Iglesia de Santiago<\/a><\/strong><\/p><p><strong><a href=\"https:\/\/topa.be\/es\/sint-paulus\/praktisch\/\" data-wpel-link=\"internal\">Iglesia de San Pablo<\/a><\/strong><\/p>\t\t\t\t\t\t\t\t<\/div>\n\t\t\t\t<\/div>\n\t\t\t\t<div class=\"elementor-element elementor-element-5aec215 elementor-widget elementor-widget-text-editor\" data-id=\"5aec215\" data-element_type=\"widget\" data-e-type=\"widget\" data-widget_type=\"text-editor.default\">\n\t\t\t\t<div class=\"elementor-widget-container\">\n\t\t\t\t\t\t\t\t\t<p><strong>Las otras iglesias monumentales de Amberes (en ingl\u00e9s)<\/strong><\/p><p><strong><a href=\"https:\/\/topa.be\/en\/monumentale-kerken\/heilig-hart-van-jezus\/\" data-wpel-link=\"internal\">Sacred Heart of Jesus Church<\/a><\/strong><\/p><p><strong><a href=\"https:\/\/topa.be\/en\/monumentale-kerken\/kristus-koning\/\" data-wpel-link=\"internal\">Christ the King Church<\/a><\/strong><\/p><p><strong><a href=\"https:\/\/topa.be\/en\/monumentale-kerken\/sint-amandus\/\" data-wpel-link=\"internal\">Saint Amand\u2019s Church<\/a><\/strong><\/p><p><strong><a href=\"https:\/\/topa.be\/en\/monumentale-kerken\/sint-anna-ten-drieen\/\" data-wpel-link=\"internal\">Saint Anna Selbtritt Church<\/a><\/strong><\/p><p><strong><a href=\"https:\/\/topa.be\/en\/monumentale-kerken\/sint-antonius-van-padua\/\" data-wpel-link=\"internal\">Saint Antonius of Padua Church<\/a><\/strong><\/p><p><strong><a href=\"https:\/\/topa.be\/en\/monumentale-kerken\/sint-catharina-begijnhof\/\" data-wpel-link=\"internal\">Saint Catherine\u2019s Church, Beguinage<\/a><\/strong><\/p><p><strong><a href=\"https:\/\/topa.be\/en\/monumentale-kerken\/sint-catharina-kiel\/\" data-wpel-link=\"internal\">Saint Catherine\u2019s Church, Kiel<\/a><\/strong><\/p><p><strong><a href=\"https:\/\/topa.be\/en\/monumentale-kerken\/sint-eligius\/\" data-wpel-link=\"internal\">Saint Eligius\u2019 Church<\/a><\/strong><\/p><p><strong><a href=\"https:\/\/topa.be\/en\/monumentale-kerken\/sint-franciscus\/\" data-wpel-link=\"internal\">Saint Francis\u2019 Church<\/a><\/strong><\/p><p><strong><a href=\"https:\/\/topa.be\/en\/monumentale-kerken\/sint-joris\/\" data-wpel-link=\"internal\">Saint George\u2019s Church<\/a><\/strong><\/p><p><strong><a href=\"https:\/\/topa.be\/en\/monumentale-kerken\/sint-laurentius\/\" data-wpel-link=\"internal\">Saint Laurence\u2019s Church<\/a><\/strong><\/p><p><strong><a href=\"https:\/\/topa.be\/en\/monumentale-kerken\/sint-michiel-en-petrus\/\" data-wpel-link=\"internal\">Saints Michael and Peter\u2019s Church<\/a><\/strong><\/p><p><strong><a href=\"https:\/\/topa.be\/en\/monumentale-kerken\/sint-norbertus\/\" data-wpel-link=\"internal\">Saint Norbert\u2019s Church<\/a><\/strong><\/p><p><strong><a href=\"https:\/\/topa.be\/en\/monumentale-kerken\/sint-walburgis\/\" data-wpel-link=\"internal\">Saint Walburga\u2019s Church<\/a><\/strong><\/p><p><strong><a href=\"https:\/\/topa.be\/en\/monumentale-kerken\/sint-willibrordus\/\" data-wpel-link=\"internal\">Saint Willibrord\u2019s Church<\/a><\/strong><\/p><p><strong><a href=\"https:\/\/topa.be\/en\/monumentale-kerken\/berchem-sint-willibrordus\/\" data-wpel-link=\"internal\">Berchem, Saint Willibrord\u2019s Church<\/a><\/strong><\/p><p><strong><a href=\"https:\/\/topa.be\/en\/monumentale-kerken\/borgerhout-st-jan-evangelist\/\" data-wpel-link=\"internal\">Borgerhout, Saint John the Evangelist\u2019s Church<\/a><\/strong><\/p><p><strong><a href=\"https:\/\/topa.be\/en\/monumentale-kerken\/deurne-sint-fredegandus\/\" data-wpel-link=\"internal\">Deurne, Saint Fredegand\u2019s Church<\/a><\/strong><\/p><p><strong><a href=\"https:\/\/topa.be\/en\/monumentale-kerken\/ekeren-sint-lambertus\/\" data-wpel-link=\"internal\">Ekeren, Saint Lambert\u2019s Church<\/a><\/strong><\/p><p><strong><a href=\"https:\/\/topa.be\/en\/monumentale-kerken\/ekeren-sint-laurentius\/\" data-wpel-link=\"internal\">Ekeren, Saint Laurence\u2019s Church<\/a><\/strong><\/p><p><strong><a href=\"https:\/\/topa.be\/en\/monumentale-kerken\/lillo-sint-benedictus\/\" data-wpel-link=\"internal\">Lillo, Saint Benedict\u2019s Church<\/a><\/strong><\/p><p><strong><a href=\"https:\/\/topa.be\/en\/monumentale-kerken\/merksem-st-bartholomeus\/\" data-wpel-link=\"internal\">Merksem, Saint Bartholomeo\u2019s Church<\/a><\/strong><\/p><p><strong><a href=\"https:\/\/topa.be\/en\/monumentale-kerken\/merksem-st-franciscus-van-assisi\/\" data-wpel-link=\"internal\">Merksem, Saint Francisc of Assisi\u2019s Church<\/a><\/strong><\/p>\t\t\t\t\t\t\t\t<\/div>\n\t\t\t\t<\/div>\n\t\t\t\t<div class=\"elementor-element elementor-element-9e816a4 elementor-widget elementor-widget-text-editor\" data-id=\"9e816a4\" data-element_type=\"widget\" data-e-type=\"widget\" data-widget_type=\"text-editor.default\">\n\t\t\t\t<div class=\"elementor-widget-container\">\n\t\t\t\t\t\t\t\t\t<p><strong>Algunas capillas de Amberes (en ingl\u00e9s)<\/strong><\/p><p><strong><a href=\"https:\/\/topa.be\/en\/monumentale-kerken\/kapel-olv-toevlucht\/\" data-wpel-link=\"internal\">Chapel of Our Lady of Refuge (Schoenmarkt)<\/a><\/strong><\/p><p><strong><a href=\"https:\/\/topa.be\/en\/monumentale-kerken\/sint-annakapel\/\" data-wpel-link=\"internal\">Saint Anne\u2019s Chapel (Keizerstraat)<\/a><\/strong><\/p>\t\t\t\t\t\t\t\t<\/div>\n\t\t\t\t<\/div>\n\t\t\t\t\t<\/div>\n\t\t<\/div>\n\t\t\t\t<div class=\"elementor-column elementor-col-33 elementor-top-column elementor-element elementor-element-ee6302a\" data-id=\"ee6302a\" data-element_type=\"column\" data-e-type=\"column\">\n\t\t\t<div class=\"elementor-widget-wrap elementor-element-populated\">\n\t\t\t\t\t\t<div class=\"elementor-element elementor-element-c5f107f elementor-widget elementor-widget-image\" data-id=\"c5f107f\" data-element_type=\"widget\" data-e-type=\"widget\" data-widget_type=\"image.default\">\n\t\t\t\t<div class=\"elementor-widget-container\">\n\t\t\t\t\t\t\t\t\t\t\t\t\t\t\t<img decoding=\"async\" width=\"480\" height=\"480\" src=\"https:\/\/topa.be\/wp-content\/uploads\/INFO-icon.png\" class=\"attachment-large size-large wp-image-22115\" alt=\"\" srcset=\"https:\/\/topa.be\/wp-content\/uploads\/INFO-icon.png 480w, https:\/\/topa.be\/wp-content\/uploads\/INFO-icon-300x300.png 300w, https:\/\/topa.be\/wp-content\/uploads\/INFO-icon-200x200.png 200w\" sizes=\"(max-width: 480px) 100vw, 480px\" \/>\t\t\t\t\t\t\t\t\t\t\t\t\t\t\t<\/div>\n\t\t\t\t<\/div>\n\t\t\t\t<div class=\"elementor-element elementor-element-3f115f3 elementor-widget elementor-widget-heading\" data-id=\"3f115f3\" data-element_type=\"widget\" data-e-type=\"widget\" data-widget_type=\"heading.default\">\n\t\t\t\t<div class=\"elementor-widget-container\">\n\t\t\t\t\t<h3 class=\"elementor-heading-title elementor-size-default\">Que te ofrecemos:<\/h3>\t\t\t\t<\/div>\n\t\t\t\t<\/div>\n\t\t\t\t<div class=\"elementor-element elementor-element-12c7c68 elementor-nav-menu--dropdown-tablet elementor-nav-menu__text-align-aside elementor-nav-menu--toggle elementor-nav-menu--burger elementor-widget elementor-widget-nav-menu\" data-id=\"12c7c68\" data-element_type=\"widget\" data-e-type=\"widget\" data-settings=\"{&quot;layout&quot;:&quot;vertical&quot;,&quot;submenu_icon&quot;:{&quot;value&quot;:&quot;&lt;i class=\\&quot;fas fa-caret-down\\&quot; aria-hidden=\\&quot;true\\&quot;&gt;&lt;\\\/i&gt;&quot;,&quot;library&quot;:&quot;fa-solid&quot;},&quot;toggle&quot;:&quot;burger&quot;}\" data-widget_type=\"nav-menu.default\">\n\t\t\t\t<div class=\"elementor-widget-container\">\n\t\t\t\t\t\t\t\t<nav aria-label=\"Menu\" class=\"elementor-nav-menu--main elementor-nav-menu__container elementor-nav-menu--layout-vertical e--pointer-framed e--animation-fade\">\n\t\t\t\t<ul id=\"menu-1-12c7c68\" class=\"elementor-nav-menu sm-vertical\"><li class=\"menu-item menu-item-type-post_type menu-item-object-page menu-item-home menu-item-61197\"><a href=\"https:\/\/topa.be\/es\/\" class=\"elementor-item\">INICIO<\/a><\/li>\n<li class=\"menu-item menu-item-type-post_type menu-item-object-page menu-item-60084\"><a href=\"https:\/\/topa.be\/es\/welkom\/\" class=\"elementor-item\">\u00a1BIENVENIDO!<\/a><\/li>\n<li class=\"menu-item menu-item-type-post_type menu-item-object-page menu-item-60085\"><a href=\"https:\/\/topa.be\/es\/praktisch-2\/\" class=\"elementor-item\">INFORMACI\u00d3N PR\u00c1CTICA<\/a><\/li>\n<li class=\"menu-item menu-item-type-post_type menu-item-object-page menu-item-60086\"><a href=\"https:\/\/topa.be\/es\/individueel\/\" class=\"elementor-item\">Visitas guiadas para individuos<\/a><\/li>\n<li class=\"menu-item menu-item-type-post_type menu-item-object-page menu-item-60106\"><a href=\"https:\/\/topa.be\/es\/groepen\/\" class=\"elementor-item\">Visitas guiadas para grupos<\/a><\/li>\n<li class=\"menu-item menu-item-type-post_type menu-item-object-page menu-item-60107\"><a href=\"https:\/\/topa.be\/es\/erediensten\/\" class=\"elementor-item\">SERVICIOS de CULTO<\/a><\/li>\n<li class=\"menu-item menu-item-type-post_type menu-item-object-page menu-item-60108\"><a href=\"https:\/\/topa.be\/es\/monumentale-kerken\/\" class=\"elementor-item\">IGLESIAS MONUMENTALES<\/a><\/li>\n<li class=\"menu-item menu-item-type-custom menu-item-object-custom menu-item-60109\"><a href=\"https:\/\/www.google.com\/maps\/d\/edit?mid=1iZG2PyUpfgUaDqLc-C_n5kGoHu2os6Ku&#038;usp=sharing\" class=\"elementor-item\">Mapa a mano<\/a><\/li>\n<li class=\"menu-item menu-item-type-post_type menu-item-object-page menu-item-60110\"><a href=\"https:\/\/topa.be\/es\/bezinning\/\" class=\"elementor-item\">REFLEXI\u00d3N<\/a><\/li>\n<\/ul>\t\t\t<\/nav>\n\t\t\t\t\t<div class=\"elementor-menu-toggle\" role=\"button\" tabindex=\"0\" aria-label=\"Alternar men\u00fa\" aria-expanded=\"false\">\n\t\t\t<i aria-hidden=\"true\" role=\"presentation\" class=\"elementor-menu-toggle__icon--open eicon-menu-bar\"><\/i><i aria-hidden=\"true\" role=\"presentation\" class=\"elementor-menu-toggle__icon--close eicon-close\"><\/i>\t\t<\/div>\n\t\t\t\t\t<nav class=\"elementor-nav-menu--dropdown elementor-nav-menu__container\" aria-hidden=\"true\">\n\t\t\t\t<ul id=\"menu-2-12c7c68\" class=\"elementor-nav-menu sm-vertical\"><li class=\"menu-item menu-item-type-post_type menu-item-object-page menu-item-home menu-item-61197\"><a href=\"https:\/\/topa.be\/es\/\" class=\"elementor-item\" tabindex=\"-1\">INICIO<\/a><\/li>\n<li class=\"menu-item menu-item-type-post_type menu-item-object-page menu-item-60084\"><a href=\"https:\/\/topa.be\/es\/welkom\/\" class=\"elementor-item\" tabindex=\"-1\">\u00a1BIENVENIDO!<\/a><\/li>\n<li class=\"menu-item menu-item-type-post_type menu-item-object-page menu-item-60085\"><a href=\"https:\/\/topa.be\/es\/praktisch-2\/\" class=\"elementor-item\" tabindex=\"-1\">INFORMACI\u00d3N PR\u00c1CTICA<\/a><\/li>\n<li class=\"menu-item menu-item-type-post_type menu-item-object-page menu-item-60086\"><a href=\"https:\/\/topa.be\/es\/individueel\/\" class=\"elementor-item\" tabindex=\"-1\">Visitas guiadas para individuos<\/a><\/li>\n<li class=\"menu-item menu-item-type-post_type menu-item-object-page menu-item-60106\"><a href=\"https:\/\/topa.be\/es\/groepen\/\" class=\"elementor-item\" tabindex=\"-1\">Visitas guiadas para grupos<\/a><\/li>\n<li class=\"menu-item menu-item-type-post_type menu-item-object-page menu-item-60107\"><a href=\"https:\/\/topa.be\/es\/erediensten\/\" class=\"elementor-item\" tabindex=\"-1\">SERVICIOS de CULTO<\/a><\/li>\n<li class=\"menu-item menu-item-type-post_type menu-item-object-page menu-item-60108\"><a href=\"https:\/\/topa.be\/es\/monumentale-kerken\/\" class=\"elementor-item\" tabindex=\"-1\">IGLESIAS MONUMENTALES<\/a><\/li>\n<li class=\"menu-item menu-item-type-custom menu-item-object-custom menu-item-60109\"><a href=\"https:\/\/www.google.com\/maps\/d\/edit?mid=1iZG2PyUpfgUaDqLc-C_n5kGoHu2os6Ku&#038;usp=sharing\" class=\"elementor-item\" tabindex=\"-1\">Mapa a mano<\/a><\/li>\n<li class=\"menu-item menu-item-type-post_type menu-item-object-page menu-item-60110\"><a href=\"https:\/\/topa.be\/es\/bezinning\/\" class=\"elementor-item\" tabindex=\"-1\">REFLEXI\u00d3N<\/a><\/li>\n<\/ul>\t\t\t<\/nav>\n\t\t\t\t\t\t<\/div>\n\t\t\t\t<\/div>\n\t\t\t\t\t<\/div>\n\t\t<\/div>\n\t\t\t\t\t<\/div>\n\t\t<\/section>\n\t\t\t\t<\/div>\n\t\t","protected":false},"excerpt":{"rendered":"<p>INFORMACI\u00d3N PR\u00c1CTICA El puerto de Amberes en la \u00e9poca austr\u00edaca \u00bfLe gustar\u00eda visitar una o m\u00e1s iglesias en Amberes para respirar en paz y disfrutar del arte? \u00bfLe gustar\u00eda saber f\u00e1cilmente qu\u00e9 iglesias puede visitar? \u00bfD\u00f3nde encontrarlos? \u00bfCu\u00e1ndo puedes visitarlos? Le ayudamos en su camino con un enlace directo a la informaci\u00f3n pr\u00e1ctica de cada [&hellip;]<\/p>\n","protected":false},"author":16,"featured_media":0,"parent":0,"menu_order":20,"comment_status":"closed","ping_status":"closed","template":"","meta":{"footnotes":""},"class_list":["post-41524","page","type-page","status-publish","hentry"],"aioseo_notices":[],"_links":{"self":[{"href":"https:\/\/topa.be\/es\/wp-json\/wp\/v2\/pages\/41524","targetHints":{"allow":["GET"]}}],"collection":[{"href":"https:\/\/topa.be\/es\/wp-json\/wp\/v2\/pages"}],"about":[{"href":"https:\/\/topa.be\/es\/wp-json\/wp\/v2\/types\/page"}],"author":[{"embeddable":true,"href":"https:\/\/topa.be\/es\/wp-json\/wp\/v2\/users\/16"}],"replies":[{"embeddable":true,"href":"https:\/\/topa.be\/es\/wp-json\/wp\/v2\/comments?post=41524"}],"version-history":[{"count":3,"href":"https:\/\/topa.be\/es\/wp-json\/wp\/v2\/pages\/41524\/revisions"}],"predecessor-version":[{"id":71225,"href":"https:\/\/topa.be\/es\/wp-json\/wp\/v2\/pages\/41524\/revisions\/71225"}],"wp:attachment":[{"href":"https:\/\/topa.be\/es\/wp-json\/wp\/v2\/media?parent=41524"}],"curies":[{"name":"wp","href":"https:\/\/api.w.org\/{rel}","templated":true}]}}