{"id":38599,"date":"2021-06-01T17:04:56","date_gmt":"2021-06-01T15:04:56","guid":{"rendered":"http:\/\/topa.be\/st-andries\/qr-codes\/qr17\/"},"modified":"2021-08-07T12:58:44","modified_gmt":"2021-08-07T10:58:44","slug":"qr17","status":"publish","type":"page","link":"https:\/\/topa.be\/es\/st-andries\/qr-codes\/qr17\/","title":{"rendered":"SAK QR17 \u2013 La Capilla del Santisimo Sacramento"},"content":{"rendered":"\t\t<div data-elementor-type=\"wp-page\" data-elementor-id=\"38599\" class=\"elementor elementor-38599 elementor-33680\" data-elementor-post-type=\"page\">\n\t\t\t\t\t\t<section class=\"elementor-section elementor-top-section elementor-element elementor-element-2c956a7 elementor-section-boxed elementor-section-height-default elementor-section-height-default\" data-id=\"2c956a7\" data-element_type=\"section\" data-e-type=\"section\">\n\t\t\t\t\t\t<div class=\"elementor-container elementor-column-gap-default\">\n\t\t\t\t\t<div class=\"elementor-column elementor-col-66 elementor-top-column elementor-element elementor-element-eb8f2eb\" data-id=\"eb8f2eb\" data-element_type=\"column\" data-e-type=\"column\">\n\t\t\t<div class=\"elementor-widget-wrap elementor-element-populated\">\n\t\t\t\t\t\t<div class=\"elementor-element elementor-element-230e667 elementor-widget elementor-widget-heading\" data-id=\"230e667\" data-element_type=\"widget\" data-e-type=\"widget\" data-widget_type=\"heading.default\">\n\t\t\t\t<div class=\"elementor-widget-container\">\n\t\t\t\t\t<h2 class=\"elementor-heading-title elementor-size-default\">Iglesia di SAN ANDR\u00c9S en Amberes<\/h2>\t\t\t\t<\/div>\n\t\t\t\t<\/div>\n\t\t\t\t<div class=\"elementor-element elementor-element-de46f47 elementor-widget elementor-widget-heading\" data-id=\"de46f47\" data-element_type=\"widget\" data-e-type=\"widget\" data-widget_type=\"heading.default\">\n\t\t\t\t<div class=\"elementor-widget-container\">\n\t\t\t\t\t<h2 class=\"elementor-heading-title elementor-size-default\">Capella del Santissimo Sacramento<\/h2>\t\t\t\t<\/div>\n\t\t\t\t<\/div>\n\t\t\t\t<div class=\"elementor-element elementor-element-e13d1e3 elementor-widget elementor-widget-text-editor\" data-id=\"e13d1e3\" data-element_type=\"widget\" data-e-type=\"widget\" data-widget_type=\"text-editor.default\">\n\t\t\t\t<div class=\"elementor-widget-container\">\n\t\t\t\t\t\t\t\t\t<p style=\"text-align: justify;\">Aunque la capilla data de finales del siglo XVII, el estilo es g\u00f3tico. No es casualidad que se ubica en la parte sur de la iglesia, ya que la abundante luz del sol simboliza la presencia afectuosa de Jes\u00fas. Este amor se celebra en la Eucarist\u00eda, el \u2018el Sant\u00edsimo Sacramento\u2019, al romper el pan, tal como Jes\u00fas lo ense\u00f1\u00f3 en la \u00b4Ultima Cena\u2019?<\/p>\n<p style=\"text-align: justify;\">La \u00b4Ultima Cena luce pues como pieza de altar en esta capilla (Pieter I Eyckens). La traici\u00f3n de Judas puede ser una alusi\u00f3n a la dignidad del creyente con vistas a recibir o no la comuni\u00f3n.<\/p>\n<p style=\"text-align: justify;\">Los dos paneles horizontales en la pared del coro (Frans II Francken, ca 1640) formaban un solo conjunto con el antiguo tr\u00edptico ornando el altar. Se trata en ambos de una escena del Antiguo Testamento en la que el pan encarna un papel. <em>El encuentro de Abraham con Melchisedech <\/em>y <em>El milagro del man\u00e1 en el desierto <\/em>son como una prefiguraci\u00f3n de la \u00b4Ultima Cena y por lo tanto de la Eucarist\u00eda.<\/p>\n<p style=\"text-align: justify;\"><em>La hermandad del Sant\u00edsimo Sacramento es activa hasta hoy d\u00eda. Detr\u00e1s de la siller\u00eda se halla la lista completa de los directores de la banda de m\u00fasica que prestaron sus servicios desde 1589: un testimonio de una dedicaci\u00f3n sin l\u00edmites a trav\u00e9s de los tiempos.<\/em><\/p>\n\t\t\t\t\t\t\t\t<\/div>\n\t\t\t\t<\/div>\n\t\t\t\t<div class=\"elementor-element elementor-element-0c35d9d elementor-widget elementor-widget-button\" data-id=\"0c35d9d\" data-element_type=\"widget\" data-e-type=\"widget\" data-widget_type=\"button.default\">\n\t\t\t\t<div class=\"elementor-widget-container\">\n\t\t\t\t\t\t\t\t\t<div class=\"elementor-button-wrapper\">\n\t\t\t\t\t<a class=\"elementor-button elementor-button-link elementor-size-sm\" href=\"http:\/\/topa.be\/en\/st-andries\/beschrijving\/venerabelkapel\/\">\n\t\t\t\t\t\t<span class=\"elementor-button-content-wrapper\">\n\t\t\t\t\t\t<span class=\"elementor-button-icon\">\n\t\t\t\t<i aria-hidden=\"true\" class=\"fas fa-book-reader\"><\/i>\t\t\t<\/span>\n\t\t\t\t\t\t\t\t\t<span class=\"elementor-button-text\">Read more?<\/span>\n\t\t\t\t\t<\/span>\n\t\t\t\t\t<\/a>\n\t\t\t\t<\/div>\n\t\t\t\t\t\t\t\t<\/div>\n\t\t\t\t<\/div>\n\t\t\t\t\t<\/div>\n\t\t<\/div>\n\t\t\t\t<div class=\"elementor-column elementor-col-33 elementor-top-column elementor-element elementor-element-dc77023\" data-id=\"dc77023\" data-element_type=\"column\" data-e-type=\"column\">\n\t\t\t<div class=\"elementor-widget-wrap elementor-element-populated\">\n\t\t\t\t\t\t<div class=\"elementor-element elementor-element-c480e5e elementor-nav-menu--dropdown-tablet elementor-nav-menu__text-align-aside elementor-nav-menu--toggle elementor-nav-menu--burger elementor-widget elementor-widget-nav-menu\" data-id=\"c480e5e\" data-element_type=\"widget\" data-e-type=\"widget\" data-settings=\"{&quot;layout&quot;:&quot;vertical&quot;,&quot;submenu_icon&quot;:{&quot;value&quot;:&quot;&lt;i class=\\&quot;fas fa-caret-down\\&quot; aria-hidden=\\&quot;true\\&quot;&gt;&lt;\\\/i&gt;&quot;,&quot;library&quot;:&quot;fa-solid&quot;},&quot;toggle&quot;:&quot;burger&quot;}\" data-widget_type=\"nav-menu.default\">\n\t\t\t\t<div class=\"elementor-widget-container\">\n\t\t\t\t\t\t\t\t<nav aria-label=\"Men\u00fa\" class=\"elementor-nav-menu--main elementor-nav-menu__container elementor-nav-menu--layout-vertical e--pointer-framed e--animation-fade\">\n\t\t\t\t<ul id=\"menu-1-c480e5e\" class=\"elementor-nav-menu sm-vertical\"><li class=\"menu-item menu-item-type-post_type menu-item-object-page menu-item-60170\"><a href=\"https:\/\/topa.be\/es\/st-andries\/qr-codes\/qr01\/\" class=\"elementor-item\">QR01 \u2013 Iglesia de San Andr\u00e9s \u2013 Introducci\u00f3n<\/a><\/li>\n<li class=\"menu-item menu-item-type-post_type menu-item-object-page menu-item-60191\"><a href=\"https:\/\/topa.be\/es\/st-andries\/qr-codes\/qr02\/\" class=\"elementor-item\">QR02 \u2013 La historia<\/a><\/li>\n<li class=\"menu-item menu-item-type-post_type menu-item-object-page menu-item-60192\"><a href=\"https:\/\/topa.be\/es\/st-andries\/qr-codes\/qr03\/\" class=\"elementor-item\">QR03 \u2013 La torre<\/a><\/li>\n<li class=\"menu-item menu-item-type-post_type menu-item-object-page menu-item-60193\"><a href=\"https:\/\/topa.be\/es\/st-andries\/qr-codes\/qr04\/\" class=\"elementor-item\">QR04 \u2013 L\u2019interior<\/a><\/li>\n<li class=\"menu-item menu-item-type-post_type menu-item-object-page menu-item-60194\"><a href=\"https:\/\/topa.be\/es\/st-andries\/qr-codes\/qr05\/\" class=\"elementor-item\">QR05 \u2013 El p\u00falpito<\/a><\/li>\n<li class=\"menu-item menu-item-type-post_type menu-item-object-page menu-item-60195\"><a href=\"https:\/\/topa.be\/es\/st-andries\/qr-codes\/qr06\/\" class=\"elementor-item\">QR06 \u2013 Altares laterales<\/a><\/li>\n<li class=\"menu-item menu-item-type-post_type menu-item-object-page menu-item-60196\"><a href=\"https:\/\/topa.be\/es\/st-andries\/qr-codes\/qr07\/\" class=\"elementor-item\">QR07 \u2013 El Camino de la Vida<\/a><\/li>\n<li class=\"menu-item menu-item-type-post_type menu-item-object-page menu-item-60197\"><a href=\"https:\/\/topa.be\/es\/st-andries\/qr-codes\/qr08\/\" class=\"elementor-item\">QR08 \u2013 Monumento a los agustinos<\/a><\/li>\n<li class=\"menu-item menu-item-type-post_type menu-item-object-page menu-item-60198\"><a href=\"https:\/\/topa.be\/es\/st-andries\/qr-codes\/qr09\/\" class=\"elementor-item\">QR09 \u2013 El altar de San Eligio de los acu\u00f1adores de la moneda<\/a><\/li>\n<li class=\"menu-item menu-item-type-post_type menu-item-object-page menu-item-60199\"><a href=\"https:\/\/topa.be\/es\/st-andries\/qr-codes\/qr10\/\" class=\"elementor-item\">QR10 \u2013 El tesoro<\/a><\/li>\n<li class=\"menu-item menu-item-type-post_type menu-item-object-page menu-item-60200\"><a href=\"https:\/\/topa.be\/es\/st-andries\/qr-codes\/qr11\/\" class=\"elementor-item\">QR11 \u2013 La capilla de Nuestra Se\u00f1ora<\/a><\/li>\n<li class=\"menu-item menu-item-type-post_type menu-item-object-page menu-item-60239\"><a href=\"https:\/\/topa.be\/es\/st-andries\/qr-codes\/qr12\/\" class=\"elementor-item\">QR12 \u2013 La Hermandad de las Almas Fieles<\/a><\/li>\n<li class=\"menu-item menu-item-type-post_type menu-item-object-page menu-item-60240\"><a href=\"https:\/\/topa.be\/es\/st-andries\/qr-codes\/qr13\/\" class=\"elementor-item\">QR13 \u2013 La estatua de San Pedro<\/a><\/li>\n<li class=\"menu-item menu-item-type-post_type menu-item-object-page menu-item-60241\"><a href=\"https:\/\/topa.be\/es\/st-andries\/qr-codes\/qr14\/\" class=\"elementor-item\">QR14 \u2013 El altar mayor<\/a><\/li>\n<li class=\"menu-item menu-item-type-post_type menu-item-object-page menu-item-60242\"><a href=\"https:\/\/topa.be\/es\/st-andries\/qr-codes\/qr15\/\" class=\"elementor-item\">QR15 \u2013 El martirio de San Andr\u00e9s<\/a><\/li>\n<li class=\"menu-item menu-item-type-post_type menu-item-object-page menu-item-60243\"><a href=\"https:\/\/topa.be\/es\/st-andries\/qr-codes\/qr16\/\" class=\"elementor-item\">QR16 \u2013 El coro<\/a><\/li>\n<li class=\"menu-item menu-item-type-post_type menu-item-object-page menu-item-60244\"><a href=\"https:\/\/topa.be\/es\/st-andries\/qr-codes\/qr17\/\" class=\"elementor-item\">QR17 \u2013 La Capilla del Santisimo Sacramento<\/a><\/li>\n<li class=\"menu-item menu-item-type-post_type menu-item-object-page menu-item-60245\"><a href=\"https:\/\/topa.be\/es\/st-andries\/qr-codes\/qr18\/\" class=\"elementor-item\">QR18 \u2013 El monumento a las cortesanas de Mar\u00eda Estuardo<\/a><\/li>\n<li class=\"menu-item menu-item-type-post_type menu-item-object-page menu-item-60246\"><a href=\"https:\/\/topa.be\/es\/st-andries\/qr-codes\/qr19\/\" class=\"elementor-item\">QR19 \u2013 \u00bfQu\u00e9 es la verdad?<\/a><\/li>\n<li class=\"menu-item menu-item-type-post_type menu-item-object-page menu-item-60247\"><a href=\"https:\/\/topa.be\/es\/st-andries\/qr-codes\/qr20\/\" class=\"elementor-item\">QR20 \u2013 Saco de boxeo<\/a><\/li>\n<\/ul>\t\t\t<\/nav>\n\t\t\t\t\t<div class=\"elementor-menu-toggle\" role=\"button\" tabindex=\"0\" aria-label=\"Alternar men\u00fa\" aria-expanded=\"false\">\n\t\t\t<i aria-hidden=\"true\" role=\"presentation\" class=\"elementor-menu-toggle__icon--open eicon-menu-bar\"><\/i><i aria-hidden=\"true\" role=\"presentation\" class=\"elementor-menu-toggle__icon--close eicon-close\"><\/i>\t\t<\/div>\n\t\t\t\t\t<nav class=\"elementor-nav-menu--dropdown elementor-nav-menu__container\" aria-hidden=\"true\">\n\t\t\t\t<ul id=\"menu-2-c480e5e\" class=\"elementor-nav-menu sm-vertical\"><li class=\"menu-item menu-item-type-post_type menu-item-object-page menu-item-60170\"><a href=\"https:\/\/topa.be\/es\/st-andries\/qr-codes\/qr01\/\" class=\"elementor-item\" tabindex=\"-1\">QR01 \u2013 Iglesia de San Andr\u00e9s \u2013 Introducci\u00f3n<\/a><\/li>\n<li class=\"menu-item menu-item-type-post_type menu-item-object-page menu-item-60191\"><a href=\"https:\/\/topa.be\/es\/st-andries\/qr-codes\/qr02\/\" class=\"elementor-item\" tabindex=\"-1\">QR02 \u2013 La historia<\/a><\/li>\n<li class=\"menu-item menu-item-type-post_type menu-item-object-page menu-item-60192\"><a href=\"https:\/\/topa.be\/es\/st-andries\/qr-codes\/qr03\/\" class=\"elementor-item\" tabindex=\"-1\">QR03 \u2013 La torre<\/a><\/li>\n<li class=\"menu-item menu-item-type-post_type menu-item-object-page menu-item-60193\"><a href=\"https:\/\/topa.be\/es\/st-andries\/qr-codes\/qr04\/\" class=\"elementor-item\" tabindex=\"-1\">QR04 \u2013 L\u2019interior<\/a><\/li>\n<li class=\"menu-item menu-item-type-post_type menu-item-object-page menu-item-60194\"><a href=\"https:\/\/topa.be\/es\/st-andries\/qr-codes\/qr05\/\" class=\"elementor-item\" tabindex=\"-1\">QR05 \u2013 El p\u00falpito<\/a><\/li>\n<li class=\"menu-item menu-item-type-post_type menu-item-object-page menu-item-60195\"><a href=\"https:\/\/topa.be\/es\/st-andries\/qr-codes\/qr06\/\" class=\"elementor-item\" tabindex=\"-1\">QR06 \u2013 Altares laterales<\/a><\/li>\n<li class=\"menu-item menu-item-type-post_type menu-item-object-page menu-item-60196\"><a href=\"https:\/\/topa.be\/es\/st-andries\/qr-codes\/qr07\/\" class=\"elementor-item\" tabindex=\"-1\">QR07 \u2013 El Camino de la Vida<\/a><\/li>\n<li class=\"menu-item menu-item-type-post_type menu-item-object-page menu-item-60197\"><a href=\"https:\/\/topa.be\/es\/st-andries\/qr-codes\/qr08\/\" class=\"elementor-item\" tabindex=\"-1\">QR08 \u2013 Monumento a los agustinos<\/a><\/li>\n<li class=\"menu-item menu-item-type-post_type menu-item-object-page menu-item-60198\"><a href=\"https:\/\/topa.be\/es\/st-andries\/qr-codes\/qr09\/\" class=\"elementor-item\" tabindex=\"-1\">QR09 \u2013 El altar de San Eligio de los acu\u00f1adores de la moneda<\/a><\/li>\n<li class=\"menu-item menu-item-type-post_type menu-item-object-page menu-item-60199\"><a href=\"https:\/\/topa.be\/es\/st-andries\/qr-codes\/qr10\/\" class=\"elementor-item\" tabindex=\"-1\">QR10 \u2013 El tesoro<\/a><\/li>\n<li class=\"menu-item menu-item-type-post_type menu-item-object-page menu-item-60200\"><a href=\"https:\/\/topa.be\/es\/st-andries\/qr-codes\/qr11\/\" class=\"elementor-item\" tabindex=\"-1\">QR11 \u2013 La capilla de Nuestra Se\u00f1ora<\/a><\/li>\n<li class=\"menu-item menu-item-type-post_type menu-item-object-page menu-item-60239\"><a href=\"https:\/\/topa.be\/es\/st-andries\/qr-codes\/qr12\/\" class=\"elementor-item\" tabindex=\"-1\">QR12 \u2013 La Hermandad de las Almas Fieles<\/a><\/li>\n<li class=\"menu-item menu-item-type-post_type menu-item-object-page menu-item-60240\"><a href=\"https:\/\/topa.be\/es\/st-andries\/qr-codes\/qr13\/\" class=\"elementor-item\" tabindex=\"-1\">QR13 \u2013 La estatua de San Pedro<\/a><\/li>\n<li class=\"menu-item menu-item-type-post_type menu-item-object-page menu-item-60241\"><a href=\"https:\/\/topa.be\/es\/st-andries\/qr-codes\/qr14\/\" class=\"elementor-item\" tabindex=\"-1\">QR14 \u2013 El altar mayor<\/a><\/li>\n<li class=\"menu-item menu-item-type-post_type menu-item-object-page menu-item-60242\"><a href=\"https:\/\/topa.be\/es\/st-andries\/qr-codes\/qr15\/\" class=\"elementor-item\" tabindex=\"-1\">QR15 \u2013 El martirio de San Andr\u00e9s<\/a><\/li>\n<li class=\"menu-item menu-item-type-post_type menu-item-object-page menu-item-60243\"><a href=\"https:\/\/topa.be\/es\/st-andries\/qr-codes\/qr16\/\" class=\"elementor-item\" tabindex=\"-1\">QR16 \u2013 El coro<\/a><\/li>\n<li class=\"menu-item menu-item-type-post_type menu-item-object-page menu-item-60244\"><a href=\"https:\/\/topa.be\/es\/st-andries\/qr-codes\/qr17\/\" class=\"elementor-item\" tabindex=\"-1\">QR17 \u2013 La Capilla del Santisimo Sacramento<\/a><\/li>\n<li class=\"menu-item menu-item-type-post_type menu-item-object-page menu-item-60245\"><a href=\"https:\/\/topa.be\/es\/st-andries\/qr-codes\/qr18\/\" class=\"elementor-item\" tabindex=\"-1\">QR18 \u2013 El monumento a las cortesanas de Mar\u00eda Estuardo<\/a><\/li>\n<li class=\"menu-item menu-item-type-post_type menu-item-object-page menu-item-60246\"><a href=\"https:\/\/topa.be\/es\/st-andries\/qr-codes\/qr19\/\" class=\"elementor-item\" tabindex=\"-1\">QR19 \u2013 \u00bfQu\u00e9 es la verdad?<\/a><\/li>\n<li class=\"menu-item menu-item-type-post_type menu-item-object-page menu-item-60247\"><a href=\"https:\/\/topa.be\/es\/st-andries\/qr-codes\/qr20\/\" class=\"elementor-item\" tabindex=\"-1\">QR20 \u2013 Saco de boxeo<\/a><\/li>\n<\/ul>\t\t\t<\/nav>\n\t\t\t\t\t\t<\/div>\n\t\t\t\t<\/div>\n\t\t\t\t\t<\/div>\n\t\t<\/div>\n\t\t\t\t\t<\/div>\n\t\t<\/section>\n\t\t\t\t<\/div>\n\t\t","protected":false},"excerpt":{"rendered":"<p>Iglesia di SAN ANDR\u00c9S en Amberes Capella del Santissimo Sacramento Aunque la capilla data de finales del siglo XVII, el estilo es g\u00f3tico. No es casualidad que se ubica en la parte sur de la iglesia, ya que la abundante luz del sol simboliza la presencia afectuosa de Jes\u00fas. Este amor se celebra en la [&hellip;]<\/p>\n","protected":false},"author":16,"featured_media":0,"parent":38207,"menu_order":170,"comment_status":"closed","ping_status":"closed","template":"","meta":{"footnotes":""},"class_list":["post-38599","page","type-page","status-publish","hentry"],"aioseo_notices":[],"_links":{"self":[{"href":"https:\/\/topa.be\/es\/wp-json\/wp\/v2\/pages\/38599","targetHints":{"allow":["GET"]}}],"collection":[{"href":"https:\/\/topa.be\/es\/wp-json\/wp\/v2\/pages"}],"about":[{"href":"https:\/\/topa.be\/es\/wp-json\/wp\/v2\/types\/page"}],"author":[{"embeddable":true,"href":"https:\/\/topa.be\/es\/wp-json\/wp\/v2\/users\/16"}],"replies":[{"embeddable":true,"href":"https:\/\/topa.be\/es\/wp-json\/wp\/v2\/comments?post=38599"}],"version-history":[{"count":3,"href":"https:\/\/topa.be\/es\/wp-json\/wp\/v2\/pages\/38599\/revisions"}],"predecessor-version":[{"id":51639,"href":"https:\/\/topa.be\/es\/wp-json\/wp\/v2\/pages\/38599\/revisions\/51639"}],"up":[{"embeddable":true,"href":"https:\/\/topa.be\/es\/wp-json\/wp\/v2\/pages\/38207"}],"wp:attachment":[{"href":"https:\/\/topa.be\/es\/wp-json\/wp\/v2\/media?parent=38599"}],"curies":[{"name":"wp","href":"https:\/\/api.w.org\/{rel}","templated":true}]}}