{"id":38225,"date":"2021-05-29T17:36:26","date_gmt":"2021-05-29T15:36:26","guid":{"rendered":"http:\/\/topa.be\/sint-pauluskerk\/kennismaking\/"},"modified":"2021-10-15T12:25:24","modified_gmt":"2021-10-15T10:25:24","slug":"kennismaking","status":"publish","type":"page","link":"https:\/\/topa.be\/es\/sint-pauluskerk\/kennismaking\/","title":{"rendered":"SPK La iglesia en breve"},"content":{"rendered":"\t\t<div data-elementor-type=\"wp-page\" data-elementor-id=\"38225\" class=\"elementor elementor-38225 elementor-33904\" data-elementor-post-type=\"page\">\n\t\t\t\t\t\t<section class=\"elementor-section elementor-top-section elementor-element elementor-element-3609b7c elementor-section-boxed elementor-section-height-default elementor-section-height-default\" data-id=\"3609b7c\" data-element_type=\"section\" data-e-type=\"section\">\n\t\t\t\t\t\t<div class=\"elementor-container elementor-column-gap-default\">\n\t\t\t\t\t<div class=\"elementor-column elementor-col-100 elementor-top-column elementor-element elementor-element-600ac45\" data-id=\"600ac45\" data-element_type=\"column\" data-e-type=\"column\">\n\t\t\t<div class=\"elementor-widget-wrap elementor-element-populated\">\n\t\t\t\t\t\t<div class=\"elementor-element elementor-element-f72d6d4 elementor-widget elementor-widget-heading\" data-id=\"f72d6d4\" data-element_type=\"widget\" data-e-type=\"widget\" data-widget_type=\"heading.default\">\n\t\t\t\t<div class=\"elementor-widget-container\">\n\t\t\t\t\t<h1 class=\"elementor-heading-title elementor-size-default\">Iglesia de San Pablo<\/h1>\t\t\t\t<\/div>\n\t\t\t\t<\/div>\n\t\t\t\t\t<\/div>\n\t\t<\/div>\n\t\t\t\t\t<\/div>\n\t\t<\/section>\n\t\t\t\t<section class=\"elementor-section elementor-top-section elementor-element elementor-element-c83248d elementor-section-boxed elementor-section-height-default elementor-section-height-default\" data-id=\"c83248d\" data-element_type=\"section\" data-e-type=\"section\">\n\t\t\t\t\t\t<div class=\"elementor-container elementor-column-gap-default\">\n\t\t\t\t\t<div class=\"elementor-column elementor-col-100 elementor-top-column elementor-element elementor-element-2e0090f\" data-id=\"2e0090f\" data-element_type=\"column\" data-e-type=\"column\">\n\t\t\t<div class=\"elementor-widget-wrap elementor-element-populated\">\n\t\t\t\t\t\t<div class=\"elementor-element elementor-element-114133e elementor-widget elementor-widget-heading\" data-id=\"114133e\" data-element_type=\"widget\" data-e-type=\"widget\" data-widget_type=\"heading.default\">\n\t\t\t\t<div class=\"elementor-widget-container\">\n\t\t\t\t\t<h2 class=\"elementor-heading-title elementor-size-default\">En breve<\/h2>\t\t\t\t<\/div>\n\t\t\t\t<\/div>\n\t\t\t\t\t<\/div>\n\t\t<\/div>\n\t\t\t\t\t<\/div>\n\t\t<\/section>\n\t\t\t\t<section class=\"elementor-section elementor-top-section elementor-element elementor-element-8b6b4b6 elementor-section-boxed elementor-section-height-default elementor-section-height-default\" data-id=\"8b6b4b6\" data-element_type=\"section\" data-e-type=\"section\">\n\t\t\t\t\t\t<div class=\"elementor-container elementor-column-gap-default\">\n\t\t\t\t\t<div class=\"elementor-column elementor-col-66 elementor-top-column elementor-element elementor-element-59e29f8\" data-id=\"59e29f8\" data-element_type=\"column\" data-e-type=\"column\">\n\t\t\t<div class=\"elementor-widget-wrap elementor-element-populated\">\n\t\t\t\t\t\t<div class=\"elementor-element elementor-element-c7bb6a6 elementor-widget elementor-widget-text-editor\" data-id=\"c7bb6a6\" data-element_type=\"widget\" data-e-type=\"widget\" data-widget_type=\"text-editor.default\">\n\t\t\t\t<div class=\"elementor-widget-container\">\n\t\t\t\t\t\t\t\t\t<p style=\"text-align: justify;\">La iglesia de San Pablo es una de las piedras angulares de Amberes. Rebosa encanto por todos sus rincones. En Amberes, San Pablo es famoso gracias a su inmenso patrimonio art\u00edstico, al silencio, al pintoresco calvario, al romanticismo del viejo monasterio, a la gloria de las misas solemnes con orquesta, y a tambi\u00e9n su localizaci\u00f3n \u2013 como un faro bien anclado en el barrio de los marineros-. Su monumental torre barroca, coronada con doble linterna, es una oraci\u00f3n en el paisaje de al ciudad.<\/p>\n<p style=\"text-align: justify;\">Esta casa de la orden dominica fue un verdadero centro de estudios en la Edad Media, e incluso a\u00fan m\u00e1s en la \u00e9poca de la Contrarreforma. Su patr\u00f3n, San Pablo, vigila a los predicadores desde aqu\u00ed durante sus jornadas en la ciudad, y en el siglo XVII principalmente en el Norte de la Europa protestante. Conscientes de su lema, como est\u00e1 escrito en el altar mayor, van predicando \u00abla fe y la verdad\u00bb.<\/p>\n<p style=\"text-align: justify;\">La primera iglesia en este lugar se consagr\u00f3 en 1276. En el siglo XVI, se proyect\u00f3 otra iglesia m\u00e1s grande con un piso m\u00e1s elevado para evitar las temporadas de crecida del r\u00edo Escalda (\u00a1y eso que entonces todav\u00eda estaba limpio!). Despu\u00e9s de la complicada \u00e9poca del siglo XVI, se intent\u00f3 de nuevo continuar la ampliaci\u00f3n g\u00f3tica. No por nada San Pablo se conoce como \u00abuna joya barroca en un joyero g\u00f3tico\u00bb: los muebles barocos se nos presentan perfectamente conjugados con la arquitectura g\u00f3tica.<\/p>\n<p style=\"text-align: justify;\">Despu\u00e9s del cierre del monasterio por los franceses en 1796, el prior Peltiers logr\u00f3 recuperar la iglesia, que fue comprada por la ciudad como una nueva parroquia. En 1968 un incendio destruy\u00f3 todo el complejo. La restauraci\u00f3n m\u00e1s urgente se abandon\u00f3, y hubo que esperar bastante tiempo para que se reanudaran las obras. Despu\u00e9s de veinte a\u00f1os se construy\u00f3 una nueva cubierta. Todo este desastre se acerca ahora a su fin, gracias a la ayuda de todos.<\/p>\n<p style=\"text-align: justify;\">El apogeo del barroco se experimenta aqu\u00ed f\u00e1cilmente.<\/p>\n<p style=\"text-align: justify;\">El arte pict\u00f3rico est\u00e1 representado por maestros de Amberes como Rubens, Jordaens y Van Dyck, as\u00ed como en la serie de 15 pinturas que describen los misterios del rosario.<\/p>\n<p style=\"text-align: justify;\">Se encuentran esculturas por todas partes: altares y comulgatorios, la siller\u00eda y el \u00f3rgano, epitafios y p\u00f3rticos, y en los confesionarios figuras de tama\u00f1o natural, as\u00ed como preciosos paneles de madera. Y, como si todo esto no fuera suficiente, tambi\u00e9n se puede contemplar un enorme jard\u00edn con esculturas, como si se tratase de un teatro vivo al aire libre. Excepcionales obras de Kerricx, Verbrugghen, Quellin y otros, con el inequ\u00edvoco acento flamenco de vitalidad y arte narrativo, aparecen particularmente en los confesionarios, donde la lucha interior del hombre se ilustra de una manera asombrosa Tanto perros indisciplinados, leones rugidores, gallos de pelea. monos lujuriosos o un real \u00abchivo expiatorio\u00bb, deben ser frenados y domesticados. La creatividad que se encuentra en estos s\u00edmbolos de devoci\u00f3n es inestimable: la danza de un esqueleto nos recuerda la mortalidad; la mariposa de la resurrecci\u00f3n, una vida nueva y jam\u00e1s so\u00f1ada. Los juegos de los ni\u00f1os como soplar pompas de jab\u00f3n, el rat\u00f3n y el gato\u2026 est\u00e1n concebidos para estimular una virtuosidad celestial sin perjuicio de la diversi\u00f3n: un mensaje eterno.<\/p>\n<p style=\"text-align: justify;\">Y todav\u00eda hay m\u00e1s. El cuadro \u2018Las siete obras de misericordia\u2019 es un testimonio de las condiciones sociales de nuestros antepasados, mientras que el conjunto de las pinturas de \u2018La batalla de Lepanto\u2019 (J. Peeters, 1671) ilustra una parte de la historia de Europa La iglesia de San Pablo tiene tambi\u00e9n algo que decir acerca del arte de las transacciones y especialmente sobre el arte de los robes. Varias obras de arte fueron compradas o tra\u00eddas por visitantes-ocupadores: \u00a1el precio del \u00e9xito! Ahora los turistas pueden estar contentos con toda una serie de publicaciones que proceden de la dedicaci\u00f3n de los Amigos de San Pablo. En ning\u00fan otro sitio pueden encontrarse tantas m\u00e1scaras. Cada una de una forma distinta sonr\u00eden incluso por encima del coro: un recurso psicol\u00f3gico dise\u00f1ado para ayudar a que sea m\u00e1s alegre el trabajo y la rutina diarios.<\/p>\n<p style=\"text-align: justify;\">El impresionante \u00f3rgano, que se estima entre los diez \u00f3rganos hist\u00f3ricos de Europa, es otra de las joyas. Junto con el coro y la orquesta, toca las emociones de los fieles durante las famosas misas orquestales en los d\u00edas de fiesta. \u00a1No se lo pierdan!<\/p>\n\t\t\t\t\t\t\t\t<\/div>\n\t\t\t\t<\/div>\n\t\t\t\t\t<\/div>\n\t\t<\/div>\n\t\t\t\t<div class=\"elementor-column elementor-col-33 elementor-top-column elementor-element elementor-element-a99a1cf\" data-id=\"a99a1cf\" data-element_type=\"column\" data-e-type=\"column\">\n\t\t\t<div class=\"elementor-widget-wrap elementor-element-populated\">\n\t\t\t\t\t\t<div class=\"elementor-element elementor-element-28d5328 elementor-widget elementor-widget-image\" data-id=\"28d5328\" data-element_type=\"widget\" data-e-type=\"widget\" data-widget_type=\"image.default\">\n\t\t\t\t<div class=\"elementor-widget-container\">\n\t\t\t\t\t\t\t\t\t\t\t\t\t\t\t\t<a href=\"http:\/\/topa.be\/wp-content\/uploads\/Antwerpen-Sint-Pauluskerk-Torenbekroning.jpg\" data-elementor-open-lightbox=\"yes\" data-elementor-lightbox-title=\"Antwerpen-Sint-Pauluskerk-Torenbekroning\" data-elementor-lightbox-description=\"Iglesia de San Pablo de Amberes - Coronaci\u00f3n de la torre\" data-e-action-hash=\"#elementor-action%3Aaction%3Dlightbox%26settings%3DeyJpZCI6MTM2MDcsInVybCI6Imh0dHBzOlwvXC90b3BhLmJlXC93cC1jb250ZW50XC91cGxvYWRzXC9BbnR3ZXJwZW4tU2ludC1QYXVsdXNrZXJrLVRvcmVuYmVrcm9uaW5nLmpwZyJ9\">\n\t\t\t\t\t\t\t<img fetchpriority=\"high\" decoding=\"async\" width=\"520\" height=\"1024\" src=\"https:\/\/topa.be\/wp-content\/uploads\/Antwerpen-Sint-Pauluskerk-Torenbekroning-520x1024.jpg\" class=\"attachment-large size-large wp-image-13607\" alt=\"\" srcset=\"https:\/\/topa.be\/wp-content\/uploads\/Antwerpen-Sint-Pauluskerk-Torenbekroning-520x1024.jpg 520w, https:\/\/topa.be\/wp-content\/uploads\/Antwerpen-Sint-Pauluskerk-Torenbekroning-152x300.jpg 152w, https:\/\/topa.be\/wp-content\/uploads\/Antwerpen-Sint-Pauluskerk-Torenbekroning-102x200.jpg 102w, https:\/\/topa.be\/wp-content\/uploads\/Antwerpen-Sint-Pauluskerk-Torenbekroning.jpg 742w\" sizes=\"(max-width: 520px) 100vw, 520px\" \/>\t\t\t\t\t\t\t\t<\/a>\n\t\t\t\t\t\t\t\t\t\t\t\t\t\t\t<\/div>\n\t\t\t\t<\/div>\n\t\t\t\t<div class=\"elementor-element elementor-element-8428563 elementor-widget elementor-widget-image\" data-id=\"8428563\" data-element_type=\"widget\" data-e-type=\"widget\" data-widget_type=\"image.default\">\n\t\t\t\t<div class=\"elementor-widget-container\">\n\t\t\t\t\t\t\t\t\t\t\t\t\t\t\t\t<a href=\"http:\/\/topa.be\/wp-content\/uploads\/Antwerpen-Sint-Pauluskerk-Koorgestoelte.jpg\" data-elementor-open-lightbox=\"yes\" data-elementor-lightbox-title=\"Antwerpen-Sint-Pauluskerk-Koorgestoelte\" data-elementor-lightbox-description=\"Iglesia de San Pablo de Amberes - Silla del coro\" data-e-action-hash=\"#elementor-action%3Aaction%3Dlightbox%26settings%3DeyJpZCI6MTM1ODMsInVybCI6Imh0dHBzOlwvXC90b3BhLmJlXC93cC1jb250ZW50XC91cGxvYWRzXC9BbnR3ZXJwZW4tU2ludC1QYXVsdXNrZXJrLUtvb3JnZXN0b2VsdGUuanBnIn0%3D\">\n\t\t\t\t\t\t\t<img decoding=\"async\" width=\"766\" height=\"1024\" src=\"https:\/\/topa.be\/wp-content\/uploads\/Antwerpen-Sint-Pauluskerk-Koorgestoelte.jpg\" class=\"attachment-large size-large wp-image-13583\" alt=\"\" srcset=\"https:\/\/topa.be\/wp-content\/uploads\/Antwerpen-Sint-Pauluskerk-Koorgestoelte.jpg 766w, https:\/\/topa.be\/wp-content\/uploads\/Antwerpen-Sint-Pauluskerk-Koorgestoelte-224x300.jpg 224w, https:\/\/topa.be\/wp-content\/uploads\/Antwerpen-Sint-Pauluskerk-Koorgestoelte-150x200.jpg 150w\" sizes=\"(max-width: 766px) 100vw, 766px\" \/>\t\t\t\t\t\t\t\t<\/a>\n\t\t\t\t\t\t\t\t\t\t\t\t\t\t\t<\/div>\n\t\t\t\t<\/div>\n\t\t\t\t\t<\/div>\n\t\t<\/div>\n\t\t\t\t\t<\/div>\n\t\t<\/section>\n\t\t\t\t<section class=\"elementor-section elementor-top-section elementor-element elementor-element-be292ba elementor-section-boxed elementor-section-height-default elementor-section-height-default\" data-id=\"be292ba\" data-element_type=\"section\" data-e-type=\"section\">\n\t\t\t\t\t\t<div class=\"elementor-container elementor-column-gap-default\">\n\t\t\t\t\t<div class=\"elementor-column elementor-col-100 elementor-top-column elementor-element elementor-element-a7350c4\" data-id=\"a7350c4\" data-element_type=\"column\" data-e-type=\"column\">\n\t\t\t<div class=\"elementor-widget-wrap\">\n\t\t\t\t\t\t\t<\/div>\n\t\t<\/div>\n\t\t\t\t\t<\/div>\n\t\t<\/section>\n\t\t\t\t<section class=\"elementor-section elementor-top-section elementor-element elementor-element-e53b874 elementor-section-boxed elementor-section-height-default elementor-section-height-default\" data-id=\"e53b874\" data-element_type=\"section\" data-e-type=\"section\">\n\t\t\t\t\t\t<div class=\"elementor-container elementor-column-gap-default\">\n\t\t\t\t\t<div class=\"elementor-column elementor-col-66 elementor-top-column elementor-element elementor-element-3580f12\" data-id=\"3580f12\" data-element_type=\"column\" data-e-type=\"column\">\n\t\t\t<div class=\"elementor-widget-wrap elementor-element-populated\">\n\t\t\t\t\t\t<div class=\"elementor-element elementor-element-4ac730e elementor-widget elementor-widget-heading\" data-id=\"4ac730e\" data-element_type=\"widget\" data-e-type=\"widget\" data-widget_type=\"heading.default\">\n\t\t\t\t<div class=\"elementor-widget-container\">\n\t\t\t\t\t<h4 class=\"elementor-heading-title elementor-size-default\">Para discubrir m\u00e1s:<\/h4>\t\t\t\t<\/div>\n\t\t\t\t<\/div>\n\t\t\t\t<div class=\"elementor-element elementor-element-b201132 elementor-nav-menu--dropdown-tablet elementor-nav-menu__text-align-aside elementor-nav-menu--toggle elementor-nav-menu--burger elementor-widget elementor-widget-nav-menu\" data-id=\"b201132\" data-element_type=\"widget\" data-e-type=\"widget\" data-settings=\"{&quot;layout&quot;:&quot;vertical&quot;,&quot;submenu_icon&quot;:{&quot;value&quot;:&quot;&lt;i class=\\&quot;fas fa-caret-down\\&quot; aria-hidden=\\&quot;true\\&quot;&gt;&lt;\\\/i&gt;&quot;,&quot;library&quot;:&quot;fa-solid&quot;},&quot;toggle&quot;:&quot;burger&quot;}\" data-widget_type=\"nav-menu.default\">\n\t\t\t\t<div class=\"elementor-widget-container\">\n\t\t\t\t\t\t\t\t<nav aria-label=\"Men\u00fa\" class=\"elementor-nav-menu--main elementor-nav-menu__container elementor-nav-menu--layout-vertical e--pointer-framed e--animation-fade\">\n\t\t\t\t<ul id=\"menu-1-b201132\" class=\"elementor-nav-menu sm-vertical\"><li class=\"menu-item menu-item-type-post_type menu-item-object-page menu-item-60037\"><a href=\"https:\/\/topa.be\/es\/sint-pauluskerk\/praktisch\/\" class=\"elementor-item\">Informaci\u00f3n pr\u00e1ctica<\/a><\/li>\n<li class=\"menu-item menu-item-type-post_type menu-item-object-page menu-item-60038\"><a href=\"https:\/\/topa.be\/es\/sint-pauluskerk\/rondleidingen\/\" class=\"elementor-item\">Visitas con gu\u00eda<\/a><\/li>\n<li class=\"menu-item menu-item-type-post_type menu-item-object-page menu-item-60039\"><a href=\"https:\/\/topa.be\/es\/sint-pauluskerk\/kennismaking\/\" class=\"elementor-item\">La iglesia en breve<\/a><\/li>\n<li class=\"menu-item menu-item-type-post_type menu-item-object-page menu-item-61187\"><a href=\"https:\/\/topa.be\/es\/sint-pauluskerk\/interactief-grondplan\/\" class=\"elementor-item\">Interactive floor plan<\/a><\/li>\n<li class=\"menu-item menu-item-type-post_type menu-item-object-page menu-item-61498\"><a href=\"https:\/\/topa.be\/es\/sint-pauluskerk\/beschrijving\/\" class=\"elementor-item\">History &#038; Description<\/a><\/li>\n<li class=\"menu-item menu-item-type-custom menu-item-object-custom menu-item-60040\"><a href=\"https:\/\/www.kunstgeschiedenis-kerken-antwerpen.be\/hestia-front\/sint-pauluskerk\/\" class=\"elementor-item\">Foro cient\u00edfico<\/a><\/li>\n<\/ul>\t\t\t<\/nav>\n\t\t\t\t\t<div class=\"elementor-menu-toggle\" role=\"button\" tabindex=\"0\" aria-label=\"Alternar men\u00fa\" aria-expanded=\"false\">\n\t\t\t<i aria-hidden=\"true\" role=\"presentation\" class=\"elementor-menu-toggle__icon--open eicon-menu-bar\"><\/i><i aria-hidden=\"true\" role=\"presentation\" class=\"elementor-menu-toggle__icon--close eicon-close\"><\/i>\t\t<\/div>\n\t\t\t\t\t<nav class=\"elementor-nav-menu--dropdown elementor-nav-menu__container\" aria-hidden=\"true\">\n\t\t\t\t<ul id=\"menu-2-b201132\" class=\"elementor-nav-menu sm-vertical\"><li class=\"menu-item menu-item-type-post_type menu-item-object-page menu-item-60037\"><a href=\"https:\/\/topa.be\/es\/sint-pauluskerk\/praktisch\/\" class=\"elementor-item\" tabindex=\"-1\">Informaci\u00f3n pr\u00e1ctica<\/a><\/li>\n<li class=\"menu-item menu-item-type-post_type menu-item-object-page menu-item-60038\"><a href=\"https:\/\/topa.be\/es\/sint-pauluskerk\/rondleidingen\/\" class=\"elementor-item\" tabindex=\"-1\">Visitas con gu\u00eda<\/a><\/li>\n<li class=\"menu-item menu-item-type-post_type menu-item-object-page menu-item-60039\"><a href=\"https:\/\/topa.be\/es\/sint-pauluskerk\/kennismaking\/\" class=\"elementor-item\" tabindex=\"-1\">La iglesia en breve<\/a><\/li>\n<li class=\"menu-item menu-item-type-post_type menu-item-object-page menu-item-61187\"><a href=\"https:\/\/topa.be\/es\/sint-pauluskerk\/interactief-grondplan\/\" class=\"elementor-item\" tabindex=\"-1\">Interactive floor plan<\/a><\/li>\n<li class=\"menu-item menu-item-type-post_type menu-item-object-page menu-item-61498\"><a href=\"https:\/\/topa.be\/es\/sint-pauluskerk\/beschrijving\/\" class=\"elementor-item\" tabindex=\"-1\">History &#038; Description<\/a><\/li>\n<li class=\"menu-item menu-item-type-custom menu-item-object-custom menu-item-60040\"><a href=\"https:\/\/www.kunstgeschiedenis-kerken-antwerpen.be\/hestia-front\/sint-pauluskerk\/\" class=\"elementor-item\" tabindex=\"-1\">Foro cient\u00edfico<\/a><\/li>\n<\/ul>\t\t\t<\/nav>\n\t\t\t\t\t\t<\/div>\n\t\t\t\t<\/div>\n\t\t\t\t\t<\/div>\n\t\t<\/div>\n\t\t\t\t<div class=\"elementor-column elementor-col-33 elementor-top-column elementor-element elementor-element-5f19e51\" data-id=\"5f19e51\" data-element_type=\"column\" data-e-type=\"column\">\n\t\t\t<div class=\"elementor-widget-wrap elementor-element-populated\">\n\t\t\t\t\t\t<div class=\"elementor-element elementor-element-35c56e2 elementor-widget elementor-widget-image\" data-id=\"35c56e2\" data-element_type=\"widget\" data-e-type=\"widget\" data-widget_type=\"image.default\">\n\t\t\t\t<div class=\"elementor-widget-container\">\n\t\t\t\t\t\t\t\t\t\t\t\t\t\t\t\t<a href=\"http:\/\/topa.be\/wp-content\/uploads\/Antwerpen-Sint-Pauluskerk-Rozenkrans.jpg\" data-elementor-open-lightbox=\"yes\" data-elementor-lightbox-title=\"Antwerpen-Sint-Pauluskerk-Rozenkrans\" data-e-action-hash=\"#elementor-action%3Aaction%3Dlightbox%26settings%3DeyJpZCI6MTM1OTUsInVybCI6Imh0dHBzOlwvXC90b3BhLmJlXC93cC1jb250ZW50XC91cGxvYWRzXC9BbnR3ZXJwZW4tU2ludC1QYXVsdXNrZXJrLVJvemVua3JhbnMuanBnIn0%3D\">\n\t\t\t\t\t\t\t<img decoding=\"async\" width=\"800\" height=\"600\" src=\"https:\/\/topa.be\/wp-content\/uploads\/Antwerpen-Sint-Pauluskerk-Rozenkrans.jpg\" class=\"attachment-large size-large wp-image-13595\" alt=\"\" srcset=\"https:\/\/topa.be\/wp-content\/uploads\/Antwerpen-Sint-Pauluskerk-Rozenkrans.jpg 807w, https:\/\/topa.be\/wp-content\/uploads\/Antwerpen-Sint-Pauluskerk-Rozenkrans-300x225.jpg 300w, https:\/\/topa.be\/wp-content\/uploads\/Antwerpen-Sint-Pauluskerk-Rozenkrans-200x150.jpg 200w, https:\/\/topa.be\/wp-content\/uploads\/Antwerpen-Sint-Pauluskerk-Rozenkrans-768x576.jpg 768w\" sizes=\"(max-width: 800px) 100vw, 800px\" \/>\t\t\t\t\t\t\t\t<\/a>\n\t\t\t\t\t\t\t\t\t\t\t\t\t\t\t<\/div>\n\t\t\t\t<\/div>\n\t\t\t\t\t<\/div>\n\t\t<\/div>\n\t\t\t\t\t<\/div>\n\t\t<\/section>\n\t\t\t\t<\/div>\n\t\t","protected":false},"excerpt":{"rendered":"<p>Iglesia de San Pablo En breve La iglesia de San Pablo es una de las piedras angulares de Amberes. Rebosa encanto por todos sus rincones. En Amberes, San Pablo es famoso gracias a su inmenso patrimonio art\u00edstico, al silencio, al pintoresco calvario, al romanticismo del viejo monasterio, a la gloria de las misas solemnes con [&hellip;]<\/p>\n","protected":false},"author":16,"featured_media":0,"parent":38111,"menu_order":30,"comment_status":"closed","ping_status":"closed","template":"","meta":{"footnotes":""},"class_list":["post-38225","page","type-page","status-publish","hentry"],"aioseo_notices":[],"_links":{"self":[{"href":"https:\/\/topa.be\/es\/wp-json\/wp\/v2\/pages\/38225","targetHints":{"allow":["GET"]}}],"collection":[{"href":"https:\/\/topa.be\/es\/wp-json\/wp\/v2\/pages"}],"about":[{"href":"https:\/\/topa.be\/es\/wp-json\/wp\/v2\/types\/page"}],"author":[{"embeddable":true,"href":"https:\/\/topa.be\/es\/wp-json\/wp\/v2\/users\/16"}],"replies":[{"embeddable":true,"href":"https:\/\/topa.be\/es\/wp-json\/wp\/v2\/comments?post=38225"}],"version-history":[{"count":3,"href":"https:\/\/topa.be\/es\/wp-json\/wp\/v2\/pages\/38225\/revisions"}],"predecessor-version":[{"id":59465,"href":"https:\/\/topa.be\/es\/wp-json\/wp\/v2\/pages\/38225\/revisions\/59465"}],"up":[{"embeddable":true,"href":"https:\/\/topa.be\/es\/wp-json\/wp\/v2\/pages\/38111"}],"wp:attachment":[{"href":"https:\/\/topa.be\/es\/wp-json\/wp\/v2\/media?parent=38225"}],"curies":[{"name":"wp","href":"https:\/\/api.w.org\/{rel}","templated":true}]}}