{"id":38223,"date":"2021-05-29T17:34:42","date_gmt":"2021-05-29T15:34:42","guid":{"rendered":"http:\/\/topa.be\/sint-pauluskerk\/rondleidingen\/"},"modified":"2024-01-25T16:10:15","modified_gmt":"2024-01-25T15:10:15","slug":"rondleidingen","status":"publish","type":"page","link":"https:\/\/topa.be\/es\/sint-pauluskerk\/rondleidingen\/","title":{"rendered":"SPK Visitas con gu\u00eda"},"content":{"rendered":"\t\t<div data-elementor-type=\"wp-page\" data-elementor-id=\"38223\" class=\"elementor elementor-38223 elementor-33902\" data-elementor-post-type=\"page\">\n\t\t\t\t\t\t<section class=\"elementor-section elementor-top-section elementor-element elementor-element-7bf80785 elementor-section-boxed elementor-section-height-default elementor-section-height-default\" data-id=\"7bf80785\" data-element_type=\"section\" data-e-type=\"section\">\n\t\t\t\t\t\t<div class=\"elementor-container elementor-column-gap-default\">\n\t\t\t\t\t<div class=\"elementor-column elementor-col-100 elementor-top-column elementor-element elementor-element-366d0211\" data-id=\"366d0211\" data-element_type=\"column\" data-e-type=\"column\">\n\t\t\t<div class=\"elementor-widget-wrap elementor-element-populated\">\n\t\t\t\t\t\t<div class=\"elementor-element elementor-element-6e14b18 elementor-widget elementor-widget-text-editor\" data-id=\"6e14b18\" data-element_type=\"widget\" data-e-type=\"widget\" data-widget_type=\"text-editor.default\">\n\t\t\t\t<div class=\"elementor-widget-container\">\n\t\t\t\t\t\t\t\t\t<p>20<\/p>\n\t\t\t\t\t\t\t\t<\/div>\n\t\t\t\t<\/div>\n\t\t\t\t\t<\/div>\n\t\t<\/div>\n\t\t\t\t\t<\/div>\n\t\t<\/section>\n\t\t\t\t<section class=\"elementor-section elementor-top-section elementor-element elementor-element-85485ce elementor-section-boxed elementor-section-height-default elementor-section-height-default\" data-id=\"85485ce\" data-element_type=\"section\" data-e-type=\"section\">\n\t\t\t\t\t\t<div class=\"elementor-container elementor-column-gap-default\">\n\t\t\t\t\t<div class=\"elementor-column elementor-col-100 elementor-top-column elementor-element elementor-element-679cab9\" data-id=\"679cab9\" data-element_type=\"column\" data-e-type=\"column\">\n\t\t\t<div class=\"elementor-widget-wrap elementor-element-populated\">\n\t\t\t\t\t\t<div class=\"elementor-element elementor-element-a784688 elementor-widget elementor-widget-heading\" data-id=\"a784688\" data-element_type=\"widget\" data-e-type=\"widget\" data-widget_type=\"heading.default\">\n\t\t\t\t<div class=\"elementor-widget-container\">\n\t\t\t\t\t<h1 class=\"elementor-heading-title elementor-size-default\">Iglesia de San Pablo<\/h1>\t\t\t\t<\/div>\n\t\t\t\t<\/div>\n\t\t\t\t\t<\/div>\n\t\t<\/div>\n\t\t\t\t\t<\/div>\n\t\t<\/section>\n\t\t\t\t<section class=\"elementor-section elementor-top-section elementor-element elementor-element-24ed67c elementor-section-boxed elementor-section-height-default elementor-section-height-default\" data-id=\"24ed67c\" data-element_type=\"section\" data-e-type=\"section\">\n\t\t\t\t\t\t<div class=\"elementor-container elementor-column-gap-default\">\n\t\t\t\t\t<div class=\"elementor-column elementor-col-100 elementor-top-column elementor-element elementor-element-62d3f7c\" data-id=\"62d3f7c\" data-element_type=\"column\" data-e-type=\"column\">\n\t\t\t<div class=\"elementor-widget-wrap elementor-element-populated\">\n\t\t\t\t\t\t<div class=\"elementor-element elementor-element-f1cbf36 elementor-widget elementor-widget-heading\" data-id=\"f1cbf36\" data-element_type=\"widget\" data-e-type=\"widget\" data-widget_type=\"heading.default\">\n\t\t\t\t<div class=\"elementor-widget-container\">\n\t\t\t\t\t<h1 class=\"elementor-heading-title elementor-size-default\">Visitas con gu\u00eda<\/h1>\t\t\t\t<\/div>\n\t\t\t\t<\/div>\n\t\t\t\t\t<\/div>\n\t\t<\/div>\n\t\t\t\t\t<\/div>\n\t\t<\/section>\n\t\t\t\t<section class=\"elementor-section elementor-top-section elementor-element elementor-element-fdfda84 elementor-section-boxed elementor-section-height-default elementor-section-height-default\" data-id=\"fdfda84\" data-element_type=\"section\" data-e-type=\"section\">\n\t\t\t\t\t\t<div class=\"elementor-container elementor-column-gap-default\">\n\t\t\t\t\t<div class=\"elementor-column elementor-col-66 elementor-top-column elementor-element elementor-element-4635c7e\" data-id=\"4635c7e\" data-element_type=\"column\" data-e-type=\"column\">\n\t\t\t<div class=\"elementor-widget-wrap elementor-element-populated\">\n\t\t\t\t\t\t<div class=\"elementor-element elementor-element-d77aaf3 elementor-widget elementor-widget-text-editor\" data-id=\"d77aaf3\" data-element_type=\"widget\" data-e-type=\"widget\" data-widget_type=\"text-editor.default\">\n\t\t\t\t<div class=\"elementor-widget-container\">\n\t\t\t\t\t\t\t\t\t<p style=\"text-align: justify;\"><strong>Para los visitantes individuales<\/strong><\/p>\n<p>Desde el 1 de abril hasta las vacaciones de oto\u00f1o, la iglesia est\u00e1 abierta todos los d\u00edas de 14 a 17 horas.<br \/>\nDesde despu\u00e9s de las vacaciones de oto\u00f1o hasta el 31 de marzo, la iglesia s\u00f3lo abre los s\u00e1bados y domingos de 14 a 17 horas.<\/p>\n<p>Siempre hay gu\u00edas de bienvenida.<\/p>\n<p style=\"text-align: justify;\"><strong>\u00a0<\/strong><\/p>\n\t\t\t\t\t\t\t\t<\/div>\n\t\t\t\t<\/div>\n\t\t\t\t<div class=\"elementor-element elementor-element-121b979 elementor-widget elementor-widget-text-editor\" data-id=\"121b979\" data-element_type=\"widget\" data-e-type=\"widget\" data-widget_type=\"text-editor.default\">\n\t\t\t\t<div class=\"elementor-widget-container\">\n\t\t\t\t\t\t\t\t\t<p style=\"text-align: justify;\"><strong>Para los grupos<\/strong><strong><br \/>\n<\/strong>Visitas guiadas: Onthaal Sint-Pauluskerk (OSP)<\/p>\n<p style=\"text-align: justify;\">Una visita guiada cuesta \u20ac95 y tambi\u00e9n puede efectuarse fuera de las horas normales de apertura. Cada visita guiada es adaptable a los deseos del organizador. El \u00e9nfasis puede encontrarse en el Calvario, el tesoro, las pinturas de Rubens, los 15 misterios del Rosario, la cripta\u2026 Resulta que el solicitante puede elegir entre una visita regular o una m\u00e1s espec\u00edfica.<\/p>\n<p style=\"text-align: justify;\">Despu\u00e9s de la visita, es posible asistir a una demostraci\u00f3n del \u00f3rgano por Bart Rodyns, organista. Precio: \u20ac150.<strong>\u00a0<\/strong><strong>\u00a0<\/strong><\/p>\n\t\t\t\t\t\t\t\t<\/div>\n\t\t\t\t<\/div>\n\t\t\t\t<div class=\"elementor-element elementor-element-4f0e771 elementor-widget elementor-widget-text-editor\" data-id=\"4f0e771\" data-element_type=\"widget\" data-e-type=\"widget\" data-widget_type=\"text-editor.default\">\n\t\t\t\t<div class=\"elementor-widget-container\">\n\t\t\t\t\t\t\t\t\t<p><strong>Acogida iglesia de San Pablo<\/strong><br \/>\nWalter Geluyckens +32 (0) 494 448 253\u00a0<strong><a href=\"mailto:sint-pauluskerk@topa.be\">sint-pauluskerk@topa.be<\/a>\u00a0<\/strong><\/p>\n\t\t\t\t\t\t\t\t<\/div>\n\t\t\t\t<\/div>\n\t\t\t\t\t<\/div>\n\t\t<\/div>\n\t\t\t\t<div class=\"elementor-column elementor-col-33 elementor-top-column elementor-element elementor-element-0d3aef6\" data-id=\"0d3aef6\" data-element_type=\"column\" data-e-type=\"column\">\n\t\t\t<div class=\"elementor-widget-wrap elementor-element-populated\">\n\t\t\t\t\t\t<div class=\"elementor-element elementor-element-5501ff3 elementor-widget elementor-widget-heading\" data-id=\"5501ff3\" data-element_type=\"widget\" data-e-type=\"widget\" data-widget_type=\"heading.default\">\n\t\t\t\t<div class=\"elementor-widget-container\">\n\t\t\t\t\t<h4 class=\"elementor-heading-title elementor-size-default\">Para discubrir m\u00e1s:<\/h4>\t\t\t\t<\/div>\n\t\t\t\t<\/div>\n\t\t\t\t<div class=\"elementor-element elementor-element-6725507 elementor-nav-menu--dropdown-tablet elementor-nav-menu__text-align-aside elementor-nav-menu--toggle elementor-nav-menu--burger elementor-widget elementor-widget-nav-menu\" data-id=\"6725507\" data-element_type=\"widget\" data-e-type=\"widget\" data-settings=\"{&quot;layout&quot;:&quot;vertical&quot;,&quot;submenu_icon&quot;:{&quot;value&quot;:&quot;&lt;i class=\\&quot;fas fa-caret-down\\&quot; aria-hidden=\\&quot;true\\&quot;&gt;&lt;\\\/i&gt;&quot;,&quot;library&quot;:&quot;fa-solid&quot;},&quot;toggle&quot;:&quot;burger&quot;}\" data-widget_type=\"nav-menu.default\">\n\t\t\t\t<div class=\"elementor-widget-container\">\n\t\t\t\t\t\t\t\t<nav aria-label=\"Men\u00fa\" class=\"elementor-nav-menu--main elementor-nav-menu__container elementor-nav-menu--layout-vertical e--pointer-framed e--animation-fade\">\n\t\t\t\t<ul id=\"menu-1-6725507\" class=\"elementor-nav-menu sm-vertical\"><li class=\"menu-item menu-item-type-post_type menu-item-object-page menu-item-60037\"><a href=\"https:\/\/topa.be\/es\/sint-pauluskerk\/praktisch\/\" class=\"elementor-item\">Informaci\u00f3n pr\u00e1ctica<\/a><\/li>\n<li class=\"menu-item menu-item-type-post_type menu-item-object-page menu-item-60038\"><a href=\"https:\/\/topa.be\/es\/sint-pauluskerk\/rondleidingen\/\" class=\"elementor-item\">Visitas con gu\u00eda<\/a><\/li>\n<li class=\"menu-item menu-item-type-post_type menu-item-object-page menu-item-60039\"><a href=\"https:\/\/topa.be\/es\/sint-pauluskerk\/kennismaking\/\" class=\"elementor-item\">La iglesia en breve<\/a><\/li>\n<li class=\"menu-item menu-item-type-post_type menu-item-object-page menu-item-61187\"><a href=\"https:\/\/topa.be\/es\/sint-pauluskerk\/interactief-grondplan\/\" class=\"elementor-item\">Interactive floor plan<\/a><\/li>\n<li class=\"menu-item menu-item-type-post_type menu-item-object-page menu-item-61498\"><a href=\"https:\/\/topa.be\/es\/sint-pauluskerk\/beschrijving\/\" class=\"elementor-item\">History &#038; Description<\/a><\/li>\n<li class=\"menu-item menu-item-type-custom menu-item-object-custom menu-item-60040\"><a href=\"https:\/\/www.kunstgeschiedenis-kerken-antwerpen.be\/hestia-front\/sint-pauluskerk\/\" class=\"elementor-item\">Foro cient\u00edfico<\/a><\/li>\n<\/ul>\t\t\t<\/nav>\n\t\t\t\t\t<div class=\"elementor-menu-toggle\" role=\"button\" tabindex=\"0\" aria-label=\"Alternar men\u00fa\" aria-expanded=\"false\">\n\t\t\t<i aria-hidden=\"true\" role=\"presentation\" class=\"elementor-menu-toggle__icon--open eicon-menu-bar\"><\/i><i aria-hidden=\"true\" role=\"presentation\" class=\"elementor-menu-toggle__icon--close eicon-close\"><\/i>\t\t<\/div>\n\t\t\t\t\t<nav class=\"elementor-nav-menu--dropdown elementor-nav-menu__container\" aria-hidden=\"true\">\n\t\t\t\t<ul id=\"menu-2-6725507\" class=\"elementor-nav-menu sm-vertical\"><li class=\"menu-item menu-item-type-post_type menu-item-object-page menu-item-60037\"><a href=\"https:\/\/topa.be\/es\/sint-pauluskerk\/praktisch\/\" class=\"elementor-item\" tabindex=\"-1\">Informaci\u00f3n pr\u00e1ctica<\/a><\/li>\n<li class=\"menu-item menu-item-type-post_type menu-item-object-page menu-item-60038\"><a href=\"https:\/\/topa.be\/es\/sint-pauluskerk\/rondleidingen\/\" class=\"elementor-item\" tabindex=\"-1\">Visitas con gu\u00eda<\/a><\/li>\n<li class=\"menu-item menu-item-type-post_type menu-item-object-page menu-item-60039\"><a href=\"https:\/\/topa.be\/es\/sint-pauluskerk\/kennismaking\/\" class=\"elementor-item\" tabindex=\"-1\">La iglesia en breve<\/a><\/li>\n<li class=\"menu-item menu-item-type-post_type menu-item-object-page menu-item-61187\"><a href=\"https:\/\/topa.be\/es\/sint-pauluskerk\/interactief-grondplan\/\" class=\"elementor-item\" tabindex=\"-1\">Interactive floor plan<\/a><\/li>\n<li class=\"menu-item menu-item-type-post_type menu-item-object-page menu-item-61498\"><a href=\"https:\/\/topa.be\/es\/sint-pauluskerk\/beschrijving\/\" class=\"elementor-item\" tabindex=\"-1\">History &#038; Description<\/a><\/li>\n<li class=\"menu-item menu-item-type-custom menu-item-object-custom menu-item-60040\"><a href=\"https:\/\/www.kunstgeschiedenis-kerken-antwerpen.be\/hestia-front\/sint-pauluskerk\/\" class=\"elementor-item\" tabindex=\"-1\">Foro cient\u00edfico<\/a><\/li>\n<\/ul>\t\t\t<\/nav>\n\t\t\t\t\t\t<\/div>\n\t\t\t\t<\/div>\n\t\t\t\t\t<\/div>\n\t\t<\/div>\n\t\t\t\t\t<\/div>\n\t\t<\/section>\n\t\t\t\t<\/div>\n\t\t","protected":false},"excerpt":{"rendered":"<p>20 Iglesia de San Pablo Visitas con gu\u00eda Para los visitantes individuales Desde el 1 de abril hasta las vacaciones de oto\u00f1o, la iglesia est\u00e1 abierta todos los d\u00edas de 14 a 17 horas. Desde despu\u00e9s de las vacaciones de oto\u00f1o hasta el 31 de marzo, la iglesia s\u00f3lo abre los s\u00e1bados y domingos de [&hellip;]<\/p>\n","protected":false},"author":16,"featured_media":0,"parent":38111,"menu_order":20,"comment_status":"closed","ping_status":"closed","template":"","meta":{"footnotes":""},"class_list":["post-38223","page","type-page","status-publish","hentry"],"aioseo_notices":[],"_links":{"self":[{"href":"https:\/\/topa.be\/es\/wp-json\/wp\/v2\/pages\/38223","targetHints":{"allow":["GET"]}}],"collection":[{"href":"https:\/\/topa.be\/es\/wp-json\/wp\/v2\/pages"}],"about":[{"href":"https:\/\/topa.be\/es\/wp-json\/wp\/v2\/types\/page"}],"author":[{"embeddable":true,"href":"https:\/\/topa.be\/es\/wp-json\/wp\/v2\/users\/16"}],"replies":[{"embeddable":true,"href":"https:\/\/topa.be\/es\/wp-json\/wp\/v2\/comments?post=38223"}],"version-history":[{"count":3,"href":"https:\/\/topa.be\/es\/wp-json\/wp\/v2\/pages\/38223\/revisions"}],"predecessor-version":[{"id":70236,"href":"https:\/\/topa.be\/es\/wp-json\/wp\/v2\/pages\/38223\/revisions\/70236"}],"up":[{"embeddable":true,"href":"https:\/\/topa.be\/es\/wp-json\/wp\/v2\/pages\/38111"}],"wp:attachment":[{"href":"https:\/\/topa.be\/es\/wp-json\/wp\/v2\/media?parent=38223"}],"curies":[{"name":"wp","href":"https:\/\/api.w.org\/{rel}","templated":true}]}}