{"id":38221,"date":"2021-05-29T17:33:59","date_gmt":"2021-05-29T15:33:59","guid":{"rendered":"http:\/\/topa.be\/sint-pauluskerk\/praktisch\/"},"modified":"2023-12-22T09:25:27","modified_gmt":"2023-12-22T08:25:27","slug":"praktisch","status":"publish","type":"page","link":"https:\/\/topa.be\/es\/sint-pauluskerk\/praktisch\/","title":{"rendered":"SPK Informaci\u00f3n pr\u00e1ctica"},"content":{"rendered":"\t\t<div data-elementor-type=\"wp-page\" data-elementor-id=\"38221\" class=\"elementor elementor-38221 elementor-33900\" data-elementor-post-type=\"page\">\n\t\t\t\t\t\t<section class=\"elementor-section elementor-top-section elementor-element elementor-element-73d6dd4 elementor-section-boxed elementor-section-height-default elementor-section-height-default\" data-id=\"73d6dd4\" data-element_type=\"section\" data-e-type=\"section\">\n\t\t\t\t\t\t<div class=\"elementor-container elementor-column-gap-default\">\n\t\t\t\t\t<div class=\"elementor-column elementor-col-100 elementor-top-column elementor-element elementor-element-59ee20a\" data-id=\"59ee20a\" data-element_type=\"column\" data-e-type=\"column\">\n\t\t\t<div class=\"elementor-widget-wrap elementor-element-populated\">\n\t\t\t\t\t\t<div class=\"elementor-element elementor-element-9e60af6 elementor-widget elementor-widget-heading\" data-id=\"9e60af6\" data-element_type=\"widget\" data-e-type=\"widget\" data-widget_type=\"heading.default\">\n\t\t\t\t<div class=\"elementor-widget-container\">\n\t\t\t\t\t<h1 class=\"elementor-heading-title elementor-size-default\">Iglesia de San Pablo<\/h1>\t\t\t\t<\/div>\n\t\t\t\t<\/div>\n\t\t\t\t\t<\/div>\n\t\t<\/div>\n\t\t\t\t\t<\/div>\n\t\t<\/section>\n\t\t\t\t<section class=\"elementor-section elementor-top-section elementor-element elementor-element-d1be9e2 elementor-section-boxed elementor-section-height-default elementor-section-height-default\" data-id=\"d1be9e2\" data-element_type=\"section\" data-e-type=\"section\">\n\t\t\t\t\t\t<div class=\"elementor-container elementor-column-gap-default\">\n\t\t\t\t\t<div class=\"elementor-column elementor-col-100 elementor-top-column elementor-element elementor-element-d3ca173\" data-id=\"d3ca173\" data-element_type=\"column\" data-e-type=\"column\">\n\t\t\t<div class=\"elementor-widget-wrap elementor-element-populated\">\n\t\t\t\t\t\t<div class=\"elementor-element elementor-element-f1cdbfe elementor-widget elementor-widget-heading\" data-id=\"f1cdbfe\" data-element_type=\"widget\" data-e-type=\"widget\" data-widget_type=\"heading.default\">\n\t\t\t\t<div class=\"elementor-widget-container\">\n\t\t\t\t\t<h2 class=\"elementor-heading-title elementor-size-default\">Informaci\u00f3n pr\u00e1ctica<\/h2>\t\t\t\t<\/div>\n\t\t\t\t<\/div>\n\t\t\t\t\t<\/div>\n\t\t<\/div>\n\t\t\t\t\t<\/div>\n\t\t<\/section>\n\t\t\t\t<section class=\"elementor-section elementor-top-section elementor-element elementor-element-1fbc407 elementor-section-boxed elementor-section-height-default elementor-section-height-default\" data-id=\"1fbc407\" data-element_type=\"section\" data-e-type=\"section\">\n\t\t\t\t\t\t<div class=\"elementor-container elementor-column-gap-default\">\n\t\t\t\t\t<div class=\"elementor-column elementor-col-66 elementor-top-column elementor-element elementor-element-ee8d260\" data-id=\"ee8d260\" data-element_type=\"column\" data-e-type=\"column\">\n\t\t\t<div class=\"elementor-widget-wrap elementor-element-populated\">\n\t\t\t\t\t\t<div class=\"elementor-element elementor-element-d2f0a6d elementor-widget elementor-widget-text-editor\" data-id=\"d2f0a6d\" data-element_type=\"widget\" data-e-type=\"widget\" data-widget_type=\"text-editor.default\">\n\t\t\t\t<div class=\"elementor-widget-container\">\n\t\t\t\t\t\t\t\t\t<p style=\"text-align: justify;\"><strong>Misas<\/strong><strong><br \/>\n<\/strong>Domingos: 10:30\u00a0(\u00f3rgano, m\u00fasica gregoriana)<br \/>\nD\u00edas festivos: 10:30\u00a0(orquesta, coro y solistas, \u00f3rgano)<strong>\u00a0<\/strong><\/p>\n<p style=\"text-align: justify;\"><strong>Horas de visita<\/strong><strong><br \/>\n<\/strong><\/p>\n<p><strong>Desde el 1 de abril hasta las vacaciones de oto\u00f1o, la iglesia est\u00e1 abierta todos los d\u00edas de 14 a 17 horas.<\/strong><br \/>\n<strong>Desde despu\u00e9s de las vacaciones de oto\u00f1o hasta el 31 de marzo, la iglesia s\u00f3lo abre los s\u00e1bados y domingos de 14 a 17 horas.<\/strong><\/p>\n<p><strong>Durante las vacaciones de Navidad 2023\/24, la iglesia estar\u00e1 abierta todos los d\u00edas de 14.00 a 17.00 horas, excepto el 1 de enero de 2024.<br \/>\n<\/strong>A reserva de celebraciones especiales<br \/>\nV\u00e9ase tambi\u00e9n bajo\u00a0<a href=\"https:\/\/topa.be\/es\/sint-pauluskerk\/rondleidingen\/\"><strong>visitas con gu\u00eda<\/strong><\/a><strong>\u00a0<\/strong><\/p>\n<p><strong>Contribuci\u00f3n <\/strong><strong>por visita tur\u00edstica<\/strong><\/p>\n<ul>\n<li>Billete est\u00e1ndar de 5 euros<\/li>\n<li>3 euros por persona para grupos de 15 personas o m\u00e1s y para estudiantes (previa presentaci\u00f3n del carn\u00e9 de estudiante)<\/li>\n<li>gratuito para j\u00f3venes hasta 18 a\u00f1os, acompa\u00f1antes de personas en silla de ruedas, para Antwerp City Card e ICOM card<\/li>\n<\/ul>\n<p>Gratis para todos:<\/p>\n<ul>\n<li>Durante las ceremonias religiosas<\/li>\n<li>Fiestas cat\u00f3licas: Pascua, Ascensi\u00f3n, Pentecost\u00e9s, Asunci\u00f3n (15 de agosto), Todos los Santos y Navidad.<\/li>\n<li>El primer martes de cada mes (w\u00e4hrend der Tourismussaison)<\/li>\n<\/ul>\n<p style=\"text-align: justify;\"><strong>Informaci\u00f3n<\/strong><strong><br \/>\n<\/strong>Walter Geluyckens \u2013\u00a0+32 (0)494 448 253 \u2013\u00a0<a href=\"mailto:Walter.geluyckens@hotmail.com\"><strong>Walter.geluyckens@hotmail.com<\/strong><\/a><\/p>\n<p style=\"text-align: justify;\"><strong>Secretar\u00eda parroquial<\/strong><br \/>\n<u><\/u><\/p>\n<p style=\"text-align: justify;\">St.-Paulusstraat 22<br \/>\nB 2000 Antwerpen<br \/>\ntel. +32 (0)3 231 33 21<br \/>\nfax +32 (0)3 231 10 87<br \/>\n<a href=\"https:\/\/www.sint-paulusparochie.be\/en\/\"><strong>www.sint-paulusparochie.be\/en\/<\/strong><\/a><\/p>\n\t\t\t\t\t\t\t\t<\/div>\n\t\t\t\t<\/div>\n\t\t\t\t\t<\/div>\n\t\t<\/div>\n\t\t\t\t<div class=\"elementor-column elementor-col-33 elementor-top-column elementor-element elementor-element-55045b4\" data-id=\"55045b4\" data-element_type=\"column\" data-e-type=\"column\">\n\t\t\t<div class=\"elementor-widget-wrap elementor-element-populated\">\n\t\t\t\t\t\t<div class=\"elementor-element elementor-element-b123dae elementor-widget elementor-widget-heading\" data-id=\"b123dae\" data-element_type=\"widget\" data-e-type=\"widget\" data-widget_type=\"heading.default\">\n\t\t\t\t<div class=\"elementor-widget-container\">\n\t\t\t\t\t<h4 class=\"elementor-heading-title elementor-size-default\">Para discubrir m\u00e1s:<\/h4>\t\t\t\t<\/div>\n\t\t\t\t<\/div>\n\t\t\t\t<div class=\"elementor-element elementor-element-a20abc4 elementor-nav-menu--dropdown-tablet elementor-nav-menu__text-align-aside elementor-nav-menu--toggle elementor-nav-menu--burger elementor-widget elementor-widget-nav-menu\" data-id=\"a20abc4\" data-element_type=\"widget\" data-e-type=\"widget\" data-settings=\"{&quot;layout&quot;:&quot;vertical&quot;,&quot;submenu_icon&quot;:{&quot;value&quot;:&quot;&lt;i class=\\&quot;fas fa-caret-down\\&quot; aria-hidden=\\&quot;true\\&quot;&gt;&lt;\\\/i&gt;&quot;,&quot;library&quot;:&quot;fa-solid&quot;},&quot;toggle&quot;:&quot;burger&quot;}\" data-widget_type=\"nav-menu.default\">\n\t\t\t\t<div class=\"elementor-widget-container\">\n\t\t\t\t\t\t\t\t<nav aria-label=\"Men\u00fa\" class=\"elementor-nav-menu--main elementor-nav-menu__container elementor-nav-menu--layout-vertical e--pointer-framed e--animation-fade\">\n\t\t\t\t<ul id=\"menu-1-a20abc4\" class=\"elementor-nav-menu sm-vertical\"><li class=\"menu-item menu-item-type-post_type menu-item-object-page menu-item-60037\"><a href=\"https:\/\/topa.be\/es\/sint-pauluskerk\/praktisch\/\" class=\"elementor-item\">Informaci\u00f3n pr\u00e1ctica<\/a><\/li>\n<li class=\"menu-item menu-item-type-post_type menu-item-object-page menu-item-60038\"><a href=\"https:\/\/topa.be\/es\/sint-pauluskerk\/rondleidingen\/\" class=\"elementor-item\">Visitas con gu\u00eda<\/a><\/li>\n<li class=\"menu-item menu-item-type-post_type menu-item-object-page menu-item-60039\"><a href=\"https:\/\/topa.be\/es\/sint-pauluskerk\/kennismaking\/\" class=\"elementor-item\">La iglesia en breve<\/a><\/li>\n<li class=\"menu-item menu-item-type-post_type menu-item-object-page menu-item-61187\"><a href=\"https:\/\/topa.be\/es\/sint-pauluskerk\/interactief-grondplan\/\" class=\"elementor-item\">Interactive floor plan<\/a><\/li>\n<li class=\"menu-item menu-item-type-post_type menu-item-object-page menu-item-61498\"><a href=\"https:\/\/topa.be\/es\/sint-pauluskerk\/beschrijving\/\" class=\"elementor-item\">History &#038; Description<\/a><\/li>\n<li class=\"menu-item menu-item-type-custom menu-item-object-custom menu-item-60040\"><a href=\"https:\/\/www.kunstgeschiedenis-kerken-antwerpen.be\/hestia-front\/sint-pauluskerk\/\" class=\"elementor-item\">Foro cient\u00edfico<\/a><\/li>\n<\/ul>\t\t\t<\/nav>\n\t\t\t\t\t<div class=\"elementor-menu-toggle\" role=\"button\" tabindex=\"0\" aria-label=\"Alternar men\u00fa\" aria-expanded=\"false\">\n\t\t\t<i aria-hidden=\"true\" role=\"presentation\" class=\"elementor-menu-toggle__icon--open eicon-menu-bar\"><\/i><i aria-hidden=\"true\" role=\"presentation\" class=\"elementor-menu-toggle__icon--close eicon-close\"><\/i>\t\t<\/div>\n\t\t\t\t\t<nav class=\"elementor-nav-menu--dropdown elementor-nav-menu__container\" aria-hidden=\"true\">\n\t\t\t\t<ul id=\"menu-2-a20abc4\" class=\"elementor-nav-menu sm-vertical\"><li class=\"menu-item menu-item-type-post_type menu-item-object-page menu-item-60037\"><a href=\"https:\/\/topa.be\/es\/sint-pauluskerk\/praktisch\/\" class=\"elementor-item\" tabindex=\"-1\">Informaci\u00f3n pr\u00e1ctica<\/a><\/li>\n<li class=\"menu-item menu-item-type-post_type menu-item-object-page menu-item-60038\"><a href=\"https:\/\/topa.be\/es\/sint-pauluskerk\/rondleidingen\/\" class=\"elementor-item\" tabindex=\"-1\">Visitas con gu\u00eda<\/a><\/li>\n<li class=\"menu-item menu-item-type-post_type menu-item-object-page menu-item-60039\"><a href=\"https:\/\/topa.be\/es\/sint-pauluskerk\/kennismaking\/\" class=\"elementor-item\" tabindex=\"-1\">La iglesia en breve<\/a><\/li>\n<li class=\"menu-item menu-item-type-post_type menu-item-object-page menu-item-61187\"><a href=\"https:\/\/topa.be\/es\/sint-pauluskerk\/interactief-grondplan\/\" class=\"elementor-item\" tabindex=\"-1\">Interactive floor plan<\/a><\/li>\n<li class=\"menu-item menu-item-type-post_type menu-item-object-page menu-item-61498\"><a href=\"https:\/\/topa.be\/es\/sint-pauluskerk\/beschrijving\/\" class=\"elementor-item\" tabindex=\"-1\">History &#038; Description<\/a><\/li>\n<li class=\"menu-item menu-item-type-custom menu-item-object-custom menu-item-60040\"><a href=\"https:\/\/www.kunstgeschiedenis-kerken-antwerpen.be\/hestia-front\/sint-pauluskerk\/\" class=\"elementor-item\" tabindex=\"-1\">Foro cient\u00edfico<\/a><\/li>\n<\/ul>\t\t\t<\/nav>\n\t\t\t\t\t\t<\/div>\n\t\t\t\t<\/div>\n\t\t\t\t\t<\/div>\n\t\t<\/div>\n\t\t\t\t\t<\/div>\n\t\t<\/section>\n\t\t\t\t<section class=\"elementor-section elementor-top-section elementor-element elementor-element-75c5c442 elementor-section-boxed elementor-section-height-default elementor-section-height-default\" data-id=\"75c5c442\" data-element_type=\"section\" data-e-type=\"section\">\n\t\t\t\t\t\t<div class=\"elementor-container elementor-column-gap-default\">\n\t\t\t\t\t<div class=\"elementor-column elementor-col-100 elementor-top-column elementor-element elementor-element-45aa8fe0\" data-id=\"45aa8fe0\" data-element_type=\"column\" data-e-type=\"column\">\n\t\t\t<div class=\"elementor-widget-wrap elementor-element-populated\">\n\t\t\t\t\t\t<div class=\"elementor-element elementor-element-3dec7101 elementor-widget elementor-widget-text-editor\" data-id=\"3dec7101\" data-element_type=\"widget\" data-e-type=\"widget\" data-widget_type=\"text-editor.default\">\n\t\t\t\t<div class=\"elementor-widget-container\">\n\t\t\t\t\t\t\t\t\t<p style=\"text-align: justify;\" data-mce-style=\"text-align: justify;\">A trav\u00e9s del <a href=\"https:\/\/goo.gl\/maps\/hFct3gVLEnpzFB6k9\" data-mce-href=\"https:\/\/goo.gl\/maps\/hFct3gVLEnpzFB6k9\"><strong>ESTE MAPA<\/strong><\/a> puede determinar una ruta en funci\u00f3n de su medio de transporte.<br \/>Es posible que desee utilizar VELO-Antwerpen:&nbsp;<strong><a href=\"https:\/\/www.velo-antwerpen.be\/en\" data-mce-href=\"https:\/\/www.velo-antwerpen.be\/en\">https:\/\/www.velo-antwerpen.be\/en<\/a><\/strong><\/p>\n\t\t\t\t\t\t\t\t<\/div>\n\t\t\t\t<\/div>\n\t\t\t\t\t<\/div>\n\t\t<\/div>\n\t\t\t\t\t<\/div>\n\t\t<\/section>\n\t\t\t\t<\/div>\n\t\t","protected":false},"excerpt":{"rendered":"<p>Iglesia de San Pablo Informaci\u00f3n pr\u00e1ctica Misas Domingos: 10:30\u00a0(\u00f3rgano, m\u00fasica gregoriana) D\u00edas festivos: 10:30\u00a0(orquesta, coro y solistas, \u00f3rgano)\u00a0 Horas de visita Desde el 1 de abril hasta las vacaciones de oto\u00f1o, la iglesia est\u00e1 abierta todos los d\u00edas de 14 a 17 horas. Desde despu\u00e9s de las vacaciones de oto\u00f1o hasta el 31 de marzo, [&hellip;]<\/p>\n","protected":false},"author":16,"featured_media":0,"parent":38111,"menu_order":10,"comment_status":"closed","ping_status":"closed","template":"","meta":{"footnotes":""},"class_list":["post-38221","page","type-page","status-publish","hentry"],"aioseo_notices":[],"_links":{"self":[{"href":"https:\/\/topa.be\/es\/wp-json\/wp\/v2\/pages\/38221","targetHints":{"allow":["GET"]}}],"collection":[{"href":"https:\/\/topa.be\/es\/wp-json\/wp\/v2\/pages"}],"about":[{"href":"https:\/\/topa.be\/es\/wp-json\/wp\/v2\/types\/page"}],"author":[{"embeddable":true,"href":"https:\/\/topa.be\/es\/wp-json\/wp\/v2\/users\/16"}],"replies":[{"embeddable":true,"href":"https:\/\/topa.be\/es\/wp-json\/wp\/v2\/comments?post=38221"}],"version-history":[{"count":3,"href":"https:\/\/topa.be\/es\/wp-json\/wp\/v2\/pages\/38221\/revisions"}],"predecessor-version":[{"id":70082,"href":"https:\/\/topa.be\/es\/wp-json\/wp\/v2\/pages\/38221\/revisions\/70082"}],"up":[{"embeddable":true,"href":"https:\/\/topa.be\/es\/wp-json\/wp\/v2\/pages\/38111"}],"wp:attachment":[{"href":"https:\/\/topa.be\/es\/wp-json\/wp\/v2\/media?parent=38221"}],"curies":[{"name":"wp","href":"https:\/\/api.w.org\/{rel}","templated":true}]}}