{"id":38215,"date":"2021-05-29T17:29:37","date_gmt":"2021-05-29T15:29:37","guid":{"rendered":"http:\/\/topa.be\/sint-jacob\/praktisch\/"},"modified":"2025-05-19T09:43:14","modified_gmt":"2025-05-19T07:43:14","slug":"praktisch","status":"publish","type":"page","link":"https:\/\/topa.be\/es\/sint-jacob\/praktisch\/","title":{"rendered":"SJK Informaci\u00f3n pr\u00e1ctica"},"content":{"rendered":"\t\t<div data-elementor-type=\"wp-page\" data-elementor-id=\"38215\" class=\"elementor elementor-38215 elementor-33813\" data-elementor-post-type=\"page\">\n\t\t\t\t\t\t<section class=\"elementor-section elementor-top-section elementor-element elementor-element-e7851f7 elementor-section-boxed elementor-section-height-default elementor-section-height-default\" data-id=\"e7851f7\" data-element_type=\"section\" data-e-type=\"section\">\n\t\t\t\t\t\t<div class=\"elementor-container elementor-column-gap-default\">\n\t\t\t\t\t<div class=\"elementor-column elementor-col-100 elementor-top-column elementor-element elementor-element-36a0879\" data-id=\"36a0879\" data-element_type=\"column\" data-e-type=\"column\">\n\t\t\t<div class=\"elementor-widget-wrap elementor-element-populated\">\n\t\t\t\t\t\t<div class=\"elementor-element elementor-element-4674e92 elementor-widget elementor-widget-heading\" data-id=\"4674e92\" data-element_type=\"widget\" data-e-type=\"widget\" data-widget_type=\"heading.default\">\n\t\t\t\t<div class=\"elementor-widget-container\">\n\t\t\t\t\t<h1 class=\"elementor-heading-title elementor-size-default\">Iglesia de Santiago<\/h1>\t\t\t\t<\/div>\n\t\t\t\t<\/div>\n\t\t\t\t\t<\/div>\n\t\t<\/div>\n\t\t\t\t\t<\/div>\n\t\t<\/section>\n\t\t\t\t<section class=\"elementor-section elementor-top-section elementor-element elementor-element-49d5aa7 elementor-section-boxed elementor-section-height-default elementor-section-height-default\" data-id=\"49d5aa7\" data-element_type=\"section\" data-e-type=\"section\">\n\t\t\t\t\t\t<div class=\"elementor-container elementor-column-gap-default\">\n\t\t\t\t\t<div class=\"elementor-column elementor-col-100 elementor-top-column elementor-element elementor-element-de3273a\" data-id=\"de3273a\" data-element_type=\"column\" data-e-type=\"column\">\n\t\t\t<div class=\"elementor-widget-wrap elementor-element-populated\">\n\t\t\t\t\t\t<div class=\"elementor-element elementor-element-c9afd2b elementor-widget elementor-widget-heading\" data-id=\"c9afd2b\" data-element_type=\"widget\" data-e-type=\"widget\" data-widget_type=\"heading.default\">\n\t\t\t\t<div class=\"elementor-widget-container\">\n\t\t\t\t\t<h2 class=\"elementor-heading-title elementor-size-default\">Informaci\u00f3n pr\u00e1ctica<\/h2>\t\t\t\t<\/div>\n\t\t\t\t<\/div>\n\t\t\t\t\t<\/div>\n\t\t<\/div>\n\t\t\t\t\t<\/div>\n\t\t<\/section>\n\t\t\t\t<section class=\"elementor-section elementor-top-section elementor-element elementor-element-7af8480 elementor-section-boxed elementor-section-height-default elementor-section-height-default\" data-id=\"7af8480\" data-element_type=\"section\" data-e-type=\"section\">\n\t\t\t\t\t\t<div class=\"elementor-container elementor-column-gap-default\">\n\t\t\t\t\t<div class=\"elementor-column elementor-col-66 elementor-top-column elementor-element elementor-element-701a573\" data-id=\"701a573\" data-element_type=\"column\" data-e-type=\"column\">\n\t\t\t<div class=\"elementor-widget-wrap elementor-element-populated\">\n\t\t\t\t\t\t<div class=\"elementor-element elementor-element-4cc6866 elementor-widget elementor-widget-text-editor\" data-id=\"4cc6866\" data-element_type=\"widget\" data-e-type=\"widget\" data-widget_type=\"text-editor.default\">\n\t\t\t\t<div class=\"elementor-widget-container\">\n\t\t\t\t\t\t\t\t\t<p style=\"text-align: justify;\"><strong>Misas<\/strong><strong><br \/>\n<\/strong>Domingos y d\u00edas festivos: 10:00.<\/p>\n<p><\/p>\n<p style=\"text-align: justify;\"><strong>Horas de visita<br \/>\n<\/strong><\/p>\n<p>Todos los d\u00edas de 14.00 a 17.00 horas.<\/p>\n<p>Los d\u00edas festivos, los horarios de apertura pueden cambiar excepcionalmente.<br \/>La iglesia de Santiago s\u00f3lo est\u00e1 abierta por la entrada principal, en el n\u00famero 9 de la rue St James.<br \/>La entrada para usuarios de sillas de ruedas est\u00e1 por Sint-Jacobsmarkt..<br \/>Para el acceso en silla de ruedas: tel\u00e9fono 0495-36 93 37 &#8211; s\u00f3lo durante las horas de visita<\/p>\n<h4 style=\"text-align: justify;\">La iglesia es de libre acceso<\/h4>\n<p><\/p>\n<p style=\"text-align: justify;\">Ver tambi\u00e9n la oferta en\u00a0<a href=\"https:\/\/topa.be\/es\/sint-jacob\/rondleidingen\/\"><strong>visitas guiadas<\/strong><\/a><\/p>\n<p><\/p>\n<p style=\"text-align: justify;\"><strong>Informaci\u00f3n<\/strong><br \/>\n<strong>tel. +32 (0)3\u00a0232 10 32<br \/>\ne-mail:\u00a0<a href=\"mailto:info@sintjacobantwerpen.be\">info@sintjacobantwerpen.be<\/a><a href=\"mailto:roelants.peter@gmail.com\"><br \/>\n<\/a>Website:\u00a0<a href=\"http:\/\/www.sintjacobantwerpen.be\/\" target=\"_blank\" rel=\"noopener noreferrer\">www.sintjacobantwerpen.be<\/a><\/strong><\/p>\n<p><\/p>\n<p style=\"text-align: justify;\"><strong>Casa del p\u00e1rroco<\/strong><strong><br \/>\n<\/strong>Lange Nieuwstraat 73 \u2013 B 2000 Antwerpen<br \/>\ntel\/fax +32 (0)3 232 10 32<\/p>\n\t\t\t\t\t\t\t\t<\/div>\n\t\t\t\t<\/div>\n\t\t\t\t\t<\/div>\n\t\t<\/div>\n\t\t\t\t<div class=\"elementor-column elementor-col-33 elementor-top-column elementor-element elementor-element-74b826f\" data-id=\"74b826f\" data-element_type=\"column\" data-e-type=\"column\">\n\t\t\t<div class=\"elementor-widget-wrap elementor-element-populated\">\n\t\t\t\t\t\t<div class=\"elementor-element elementor-element-8fb7f30 elementor-widget elementor-widget-text-editor\" data-id=\"8fb7f30\" data-element_type=\"widget\" data-e-type=\"widget\" data-widget_type=\"text-editor.default\">\n\t\t\t\t<div class=\"elementor-widget-container\">\n\t\t\t\t\t\t\t\t\t<h4 class=\"widgettitle\">Para discubrir m\u00e1s:<\/h4>\n\t\t\t\t\t\t\t\t<\/div>\n\t\t\t\t<\/div>\n\t\t\t\t<div class=\"elementor-element elementor-element-0f5d4f4 elementor-nav-menu--dropdown-tablet elementor-nav-menu__text-align-aside elementor-nav-menu--toggle elementor-nav-menu--burger elementor-widget elementor-widget-nav-menu\" data-id=\"0f5d4f4\" data-element_type=\"widget\" data-e-type=\"widget\" data-settings=\"{&quot;layout&quot;:&quot;vertical&quot;,&quot;submenu_icon&quot;:{&quot;value&quot;:&quot;&lt;i class=\\&quot;fas fa-caret-down\\&quot; aria-hidden=\\&quot;true\\&quot;&gt;&lt;\\\/i&gt;&quot;,&quot;library&quot;:&quot;fa-solid&quot;},&quot;toggle&quot;:&quot;burger&quot;}\" data-widget_type=\"nav-menu.default\">\n\t\t\t\t<div class=\"elementor-widget-container\">\n\t\t\t\t\t\t\t\t<nav aria-label=\"Menu\" class=\"elementor-nav-menu--main elementor-nav-menu__container elementor-nav-menu--layout-vertical e--pointer-framed e--animation-fade\">\n\t\t\t\t<ul id=\"menu-1-0f5d4f4\" class=\"elementor-nav-menu sm-vertical\"><li class=\"menu-item menu-item-type-post_type menu-item-object-page menu-item-60015\"><a href=\"https:\/\/topa.be\/es\/sint-jacob\/praktisch\/\" class=\"elementor-item\">Informaci\u00f3n pr\u00e1ctica<\/a><\/li>\n<li class=\"menu-item menu-item-type-post_type menu-item-object-page menu-item-60016\"><a href=\"https:\/\/topa.be\/es\/sint-jacob\/rondleidingen\/\" class=\"elementor-item\">Visitas con guia<\/a><\/li>\n<li class=\"menu-item menu-item-type-post_type menu-item-object-page menu-item-60019\"><a href=\"https:\/\/topa.be\/es\/sint-jacob\/kennismaking\/\" class=\"elementor-item\">La iglesia en breve<\/a><\/li>\n<\/ul>\t\t\t<\/nav>\n\t\t\t\t\t<div class=\"elementor-menu-toggle\" role=\"button\" tabindex=\"0\" aria-label=\"Alternar men\u00fa\" aria-expanded=\"false\">\n\t\t\t<i aria-hidden=\"true\" role=\"presentation\" class=\"elementor-menu-toggle__icon--open eicon-menu-bar\"><\/i><i aria-hidden=\"true\" role=\"presentation\" class=\"elementor-menu-toggle__icon--close eicon-close\"><\/i>\t\t<\/div>\n\t\t\t\t\t<nav class=\"elementor-nav-menu--dropdown elementor-nav-menu__container\" aria-hidden=\"true\">\n\t\t\t\t<ul id=\"menu-2-0f5d4f4\" class=\"elementor-nav-menu sm-vertical\"><li class=\"menu-item menu-item-type-post_type menu-item-object-page menu-item-60015\"><a href=\"https:\/\/topa.be\/es\/sint-jacob\/praktisch\/\" class=\"elementor-item\" tabindex=\"-1\">Informaci\u00f3n pr\u00e1ctica<\/a><\/li>\n<li class=\"menu-item menu-item-type-post_type menu-item-object-page menu-item-60016\"><a href=\"https:\/\/topa.be\/es\/sint-jacob\/rondleidingen\/\" class=\"elementor-item\" tabindex=\"-1\">Visitas con guia<\/a><\/li>\n<li class=\"menu-item menu-item-type-post_type menu-item-object-page menu-item-60019\"><a href=\"https:\/\/topa.be\/es\/sint-jacob\/kennismaking\/\" class=\"elementor-item\" tabindex=\"-1\">La iglesia en breve<\/a><\/li>\n<\/ul>\t\t\t<\/nav>\n\t\t\t\t\t\t<\/div>\n\t\t\t\t<\/div>\n\t\t\t\t\t<\/div>\n\t\t<\/div>\n\t\t\t\t\t<\/div>\n\t\t<\/section>\n\t\t\t\t<section class=\"elementor-section elementor-top-section elementor-element elementor-element-7733b191 elementor-section-boxed elementor-section-height-default elementor-section-height-default\" data-id=\"7733b191\" data-element_type=\"section\" data-e-type=\"section\">\n\t\t\t\t\t\t<div class=\"elementor-container elementor-column-gap-default\">\n\t\t\t\t\t<div class=\"elementor-column elementor-col-100 elementor-top-column elementor-element elementor-element-45348d16\" data-id=\"45348d16\" data-element_type=\"column\" data-e-type=\"column\">\n\t\t\t<div class=\"elementor-widget-wrap elementor-element-populated\">\n\t\t\t\t\t\t<div class=\"elementor-element elementor-element-77469cc3 elementor-widget elementor-widget-text-editor\" data-id=\"77469cc3\" data-element_type=\"widget\" data-e-type=\"widget\" data-widget_type=\"text-editor.default\">\n\t\t\t\t<div class=\"elementor-widget-container\">\n\t\t\t\t\t\t\t\t\t<p style=\"text-align: justify;\">A trav\u00e9s del <a href=\"https:\/\/goo.gl\/maps\/dK1doBBLWAKuq4uZ6\"><strong>ESTE MAPA<\/strong><\/a> puede determinar una ruta en funci\u00f3n de su medio de transporte.<br \/>\nEs posible que desee utilizar VELO-Antwerpen:\u00a0<strong><a href=\"https:\/\/www.velo-antwerpen.be\/en\">https:\/\/www.velo-antwerpen.be\/en<\/a><\/strong><\/p>\n\t\t\t\t\t\t\t\t<\/div>\n\t\t\t\t<\/div>\n\t\t\t\t\t<\/div>\n\t\t<\/div>\n\t\t\t\t\t<\/div>\n\t\t<\/section>\n\t\t\t\t<\/div>\n\t\t","protected":false},"excerpt":{"rendered":"<p>Iglesia de Santiago Informaci\u00f3n pr\u00e1ctica Misas Domingos y d\u00edas festivos: 10:00. Horas de visita Todos los d\u00edas de 14.00 a 17.00 horas. Los d\u00edas festivos, los horarios de apertura pueden cambiar excepcionalmente.La iglesia de Santiago s\u00f3lo est\u00e1 abierta por la entrada principal, en el n\u00famero 9 de la rue St James.La entrada para usuarios de [&hellip;]<\/p>\n","protected":false},"author":16,"featured_media":0,"parent":38103,"menu_order":10,"comment_status":"closed","ping_status":"closed","template":"","meta":{"footnotes":""},"class_list":["post-38215","page","type-page","status-publish","hentry"],"aioseo_notices":[],"_links":{"self":[{"href":"https:\/\/topa.be\/es\/wp-json\/wp\/v2\/pages\/38215","targetHints":{"allow":["GET"]}}],"collection":[{"href":"https:\/\/topa.be\/es\/wp-json\/wp\/v2\/pages"}],"about":[{"href":"https:\/\/topa.be\/es\/wp-json\/wp\/v2\/types\/page"}],"author":[{"embeddable":true,"href":"https:\/\/topa.be\/es\/wp-json\/wp\/v2\/users\/16"}],"replies":[{"embeddable":true,"href":"https:\/\/topa.be\/es\/wp-json\/wp\/v2\/comments?post=38215"}],"version-history":[{"count":3,"href":"https:\/\/topa.be\/es\/wp-json\/wp\/v2\/pages\/38215\/revisions"}],"predecessor-version":[{"id":71606,"href":"https:\/\/topa.be\/es\/wp-json\/wp\/v2\/pages\/38215\/revisions\/71606"}],"up":[{"embeddable":true,"href":"https:\/\/topa.be\/es\/wp-json\/wp\/v2\/pages\/38103"}],"wp:attachment":[{"href":"https:\/\/topa.be\/es\/wp-json\/wp\/v2\/media?parent=38215"}],"curies":[{"name":"wp","href":"https:\/\/api.w.org\/{rel}","templated":true}]}}