{"id":38213,"date":"2021-05-29T17:27:43","date_gmt":"2021-05-29T15:27:43","guid":{"rendered":"http:\/\/topa.be\/sint-carolus-borromeus\/kennismaking\/"},"modified":"2021-07-19T19:36:05","modified_gmt":"2021-07-19T17:36:05","slug":"kennismaking","status":"publish","type":"page","link":"https:\/\/topa.be\/es\/sint-carolus-borromeus\/kennismaking\/","title":{"rendered":"SCB La iglesia en breve"},"content":{"rendered":"\t\t<div data-elementor-type=\"wp-page\" data-elementor-id=\"38213\" class=\"elementor elementor-38213 elementor-33715\" data-elementor-post-type=\"page\">\n\t\t\t\t\t\t<section class=\"elementor-section elementor-top-section elementor-element elementor-element-a81f834 elementor-section-boxed elementor-section-height-default elementor-section-height-default\" data-id=\"a81f834\" data-element_type=\"section\" data-e-type=\"section\">\n\t\t\t\t\t\t<div class=\"elementor-container elementor-column-gap-default\">\n\t\t\t\t\t<div class=\"elementor-column elementor-col-100 elementor-top-column elementor-element elementor-element-ec56d5d\" data-id=\"ec56d5d\" data-element_type=\"column\" data-e-type=\"column\">\n\t\t\t<div class=\"elementor-widget-wrap elementor-element-populated\">\n\t\t\t\t\t\t<div class=\"elementor-element elementor-element-4d72501 elementor-widget elementor-widget-heading\" data-id=\"4d72501\" data-element_type=\"widget\" data-e-type=\"widget\" data-widget_type=\"heading.default\">\n\t\t\t\t<div class=\"elementor-widget-container\">\n\t\t\t\t\t<h1 class=\"elementor-heading-title elementor-size-default\">Iglesia de San Carlos Borromeo<\/h1>\t\t\t\t<\/div>\n\t\t\t\t<\/div>\n\t\t\t\t\t<\/div>\n\t\t<\/div>\n\t\t\t\t\t<\/div>\n\t\t<\/section>\n\t\t\t\t<section class=\"elementor-section elementor-top-section elementor-element elementor-element-f30bfaa elementor-section-boxed elementor-section-height-default elementor-section-height-default\" data-id=\"f30bfaa\" data-element_type=\"section\" data-e-type=\"section\">\n\t\t\t\t\t\t<div class=\"elementor-container elementor-column-gap-default\">\n\t\t\t\t\t<div class=\"elementor-column elementor-col-100 elementor-top-column elementor-element elementor-element-b69f2c1\" data-id=\"b69f2c1\" data-element_type=\"column\" data-e-type=\"column\">\n\t\t\t<div class=\"elementor-widget-wrap elementor-element-populated\">\n\t\t\t\t\t\t<div class=\"elementor-element elementor-element-c6f1f30 elementor-widget elementor-widget-heading\" data-id=\"c6f1f30\" data-element_type=\"widget\" data-e-type=\"widget\" data-widget_type=\"heading.default\">\n\t\t\t\t<div class=\"elementor-widget-container\">\n\t\t\t\t\t<h2 class=\"elementor-heading-title elementor-size-default\">En breve<\/h2>\t\t\t\t<\/div>\n\t\t\t\t<\/div>\n\t\t\t\t\t<\/div>\n\t\t<\/div>\n\t\t\t\t\t<\/div>\n\t\t<\/section>\n\t\t\t\t<section class=\"elementor-section elementor-top-section elementor-element elementor-element-884383f elementor-section-boxed elementor-section-height-default elementor-section-height-default\" data-id=\"884383f\" data-element_type=\"section\" data-e-type=\"section\">\n\t\t\t\t\t\t<div class=\"elementor-container elementor-column-gap-default\">\n\t\t\t\t\t<div class=\"elementor-column elementor-col-66 elementor-top-column elementor-element elementor-element-d895672\" data-id=\"d895672\" data-element_type=\"column\" data-e-type=\"column\">\n\t\t\t<div class=\"elementor-widget-wrap elementor-element-populated\">\n\t\t\t\t\t\t<div class=\"elementor-element elementor-element-1f25e6d elementor-widget elementor-widget-text-editor\" data-id=\"1f25e6d\" data-element_type=\"widget\" data-e-type=\"widget\" data-widget_type=\"text-editor.default\">\n\t\t\t\t<div class=\"elementor-widget-container\">\n\t\t\t\t\t\t\t\t\t<p style=\"text-align: justify;\">Queridos visitantes: bienvenidos a la nueva iglesia parro\u00adquial de estilo barroco. A pesar de haber conocido muchas desgracias en el curso de los siglos, este templo ha quedado como un verdadero templo del arte. Es la iglesia de Rubens por excelencia: no solamente desarroll\u00f3 aqu\u00ed su talento de pintor, sino que tambi\u00e9n fue \u00e9l el que concibi\u00f3 la escultu\u00adra decorativa. Por eso no hay que sorprenderse si la fama de esta iglesia sobrepasa de lejos las fronteras\u2026<\/p>\n<p style=\"text-align: justify;\">\u2022\u00a0<strong>Historia<\/strong><\/p>\n<p style=\"text-align: justify;\">Este ejemplar de la escuela de arquitectura fue construido durante los a\u00f1os 1615-1621, siguiendo las instrucciones de los jesuitas, orden particularmente pujante en esa \u00e9poca. Los planos de arquitectura fueron realizados por los mismos jesuitas; primero por el rector Francisco de Aguil\u00f3n y despu\u00e9s por el hermano Pedro Huyssens.<\/p>\n<p style=\"text-align: justify;\">En 1773 se suprimi\u00f3 la orden de los jesuitas, por orden personal del papa, que accedi\u00f3 a las presiones ejercidas por pode\u00adrosos laicos que por una u otra raz\u00f3n estaban molestos con estos eruditos y sabios de la orden. Los bienes que ten\u00edan en el mundo entero fueron incautados y vendidos p\u00fablicamente. Algunos a\u00f1os m\u00e1s tarde, esta iglesia de Amberes recibi\u00f3 un nuevo uso utiliz\u00e1ndose como local para la catequesis, bajo el patronazgo de S.Carlos Borromeo. El nombre de este santo, modelo de la ense\u00f1anza catequ\u00e9tica, ser\u00e1 el que quedar\u00e1 como titular de esta iglesia, cuando por el concordato de Napole\u00f3n en 1803, fue erigida como iglesia parroquial independiente. Durante el r\u00e9gimen holand\u00e9s, el rey Willem (= Guillermo) quiso pasarla a los protestantes, proyecto que no ten\u00eda en cuenta la opini\u00f3n de los cat\u00f3licos. Con toda diligencia la ferviente feligres\u00eda cat\u00f3lica organiz\u00f3 una colecta de dinero que les permiti\u00f3 comprar de nuevo la iglesia.<\/p>\n<p style=\"text-align: justify;\">\u2022\u00a0<strong>La plaza\u00a0<\/strong><\/p>\n<p style=\"text-align: justify;\">Es a los jesuitas que se debe por completo la concepci\u00f3n de esta simp\u00e1tica plaza delante de la iglesia. En un principio era aqu\u00ed donde ten\u00edan su casa generalicia de la provincia flamenca. Alrededor de los a\u00f1os 1555 los jesuitas fueron paulatinamente ampliando su campo de acci\u00f3n pastoral en la ciudad, con un colegio de ense\u00f1anza media como actividad principal. Varias casas e incluso una peque\u00f1a calle desaparecen en 1614 para permitir la construcci\u00f3n de un nuevo complejo barroco. El hecho de que los nuevos edificios conventuales est\u00e9n construidos alrededor de una plaza de car\u00e1cter p\u00fablico demuestra que aqu\u00ed se trata verdaderamente de una innovaci\u00f3n en la concepci\u00f3n del catastro urbano de la edad media.<\/p>\n<p style=\"text-align: justify;\">\u2022\u00a0<strong>La fachada (\u21d2\u00a0A)\u00a0<\/strong><\/p>\n<p style=\"text-align: justify;\">La impresionante fachada est\u00e1 inspirada directamente de la iglesia-madre en Roma, \u2018el Ges\u00fa\u2019, que fue construida 40 a\u00f1os antes. Como todo el edificio barroco, la fachada llama la atenci\u00f3n de los transe\u00fantes a causa de sus caracter\u00edsticas, tales como:<\/p>\n<ul style=\"text-align: justify;\">\n<li>la dimensi\u00f3n impresionante (la fachada es m\u00e1s alta que el edificio en s\u00ed);<\/li>\n<li>el equilibrio entre el movimiento vertical y el horizontal;<\/li>\n<li>la concepci\u00f3n din\u00e1mica con sus enormes volutas y el orden cl\u00e1sico de columnas y de los pilares (las columnas d\u00f3ricas, m\u00e1s pesadas, se encuentran en la planta baja, las i\u00f3nicas, m\u00e1s elegantes, en el primer piso, y las de estilo corintio en el segundo);<\/li>\n<li>la decoraci\u00f3n suntuosa atribuida particularmente a P.P. Rubens.<\/li>\n<\/ul>\n<p style=\"text-align: justify;\">As\u00ed, la fachada refleja el sentimiento agudo de confianza en s\u00ed misma de la Iglesia Cat\u00f3lica en la \u00e9poca de la Contra-Reforma. Aunque esta mentalidad ha quedado ya muy atr\u00e1s, no obstante, nos gusta compartir los alegres acordes de los instrumentos de m\u00fasica representa\u00addos en la parte baja de la fachada.<\/p>\n<p style=\"text-align: justify;\">En 1621 esta iglesia fue dedicada a S. Ignacio de Loyola, fundador de los jesuitas, en esa \u00e9poca todav\u00eda beato. Es por esta raz\u00f3n por la que en esos momentos se escoge a Nuestra Se\u00f1ora como verdadera patrona. Esto explica porqu\u00e9 el busto coronado de laureles del \u201cbeato Padre Ignacio\u201d predomina sobre la fachada y que el conjunto de la fachada est\u00e9 coronado por un front\u00f3n en el que est\u00e1 sentada la Madona con el Ni\u00f1o, obra de Hans van Mildert. Cuando un a\u00f1o m\u00e1s tarde el fundador de la orden fue canonizado, la iglesia era conocida corrientemente por el nombre de \u201cSan Ignacio\u201d. La canonizaci\u00f3n de S. Ignacio y del gran misionero jesuita S. Francisco Javier se celebr\u00f3 entonces con gran esplendor de procesiones, representaciones teatrales, y decoraciones en las calles. En el centro de la fachada, la orden de jesuitas pone su emblema \u2018IHS\u2019 por el que expresan su consagraci\u00f3n a Jes\u00fas; seg\u00fan la versi\u00f3n latina ser\u00edan las iniciales de \u2018Jes\u00fas Salvador de los hombres\u2019.<\/p>\n<p style=\"text-align: justify;\">\u2022\u00a0<strong>Generalidades sobre el interior (\u21d2\u00a0B)\u00a0<\/strong><\/p>\n<p style=\"text-align: justify;\">El interior de la iglesia tiene mucho parecido con las salas de fiestas de estilo barroco, y esa era su intenci\u00f3n. En efecto, se quiere dar la impresi\u00f3n de acercar el cielo a la tierra; o para expresarlo mejor, dar a los fieles un avance de las alegr\u00edas celestes en la morada eterna del Padre. Se derrocharon grandes cantidades de dinero para su decoraci\u00f3n; no sin raz\u00f3n la iglesia de los jesuitas era denominada \u201ctemplo de m\u00e1rmol\u201d. Incluso Roma les reproch\u00f3 tanto gasto desmesurado y les aconsej\u00f3 moderaci\u00f3n y sentido de la responsabilidad. Eso podr\u00eda explicar la relativa sobriedad de la capilla lateral de S. Ignacio con relaci\u00f3n al conjunto, ya que fue decorada en \u00faltimo lugar. Las numerosas reproducciones del interior que datan del S.XVII demuestran claramente que esta iglesia era realmente suntuosa.<\/p>\n<p style=\"text-align: justify;\">El 18 de julio de 1718 quedar\u00e1 en la historia de esta iglesia como un d\u00eda funesto para ella. Un rayo cay\u00f3 e hizo grandes desastres. M\u00e1s de 39 cuadros de Rubens se esfumaron entre las llamas, y tambi\u00e9n una abundante riqueza de diferentes clases de m\u00e1rmoles. La recon\u00adstruc\u00adci\u00f3n de la bas\u00edlica se le confi\u00f3 a Jan Pieter Van Baurscheit, el mayor, y tres a\u00f1os despu\u00e9s la iglesia pudo abrir de nuevo sus puertas. Una nueva restauraci\u00f3n m\u00e1s completa tuvo lugar en los a\u00f1os 1980. Con ese motivo se intent\u00f3 reproducir el interior tal como era en sus or\u00edgenes, antes de 1718, especialmente en lo que concierne a la imitaci\u00f3n de sus m\u00e1rmoles.<\/p>\n<p style=\"text-align: justify;\">\u2022\u00a0<strong>El altar principal (\u21d2\u00a0C)\u00a0<\/strong><\/p>\n<p style=\"text-align: justify;\">La caracter\u00edstica de las iglesias de los jesuitas es la de llamar la atenci\u00f3n del visitante, ya desde la entrada, sobre el altar central, el cual est\u00e1 concebido como un grandioso decorado de teatro expuesto a la vista de todos. Con el fin de asegurar de la mejor manera posible esa idea de hacer del altar un centro de atracci\u00f3n visual, el altar mayor dispone de un dispositivo para poder reemplazar su enorme cuadro. Detr\u00e1s del altar, en un lugar reservado para ello, hay cuatro pinturas. Seg\u00fan la idea central del a\u00f1o lit\u00fargico,\u00a0gracias a un sistema de poleas, se pon\u00eda la pintura correspondiente, y as\u00ed el tema central de la liturgia de la misa quedaba visualizado en la pintura. Tengamos en cuenta que el arte barroco tiene como objetivo hacer entrar al espectador en la representaci\u00f3n, a fin de que se sienta m\u00e1s estrechamente unido a Cristo o a los santos. Por eso el punto de partida del m\u00e9todo de meditaci\u00f3n seg\u00fan S. Ignacio es la represen\u00adta\u00adci\u00f3n concreta de un episodio b\u00edblico. Esa es la raz\u00f3n por la que los ojos, la vista, tienen una importancia capital en la comprensi\u00f3n de una iglesia barroca. Era ese enfoque el que se les ped\u00eda a los grandes maestros de la pintura y por lo que se les pagaba. Dos de los cuatro cuadros,\u00a0<em>\u2018S. Ignacio\u2019<\/em>\u00a0y\u00a0<em>\u2018S. Francisco Javier\u2019<\/em>, represen\u00adtados haciendo milagros, pertenecen al propio Rubens. Los austriacos se los llevaron a Viena. Los otros dos cuadros se pueden admirar toda\u00adv\u00eda:\u00a0<em>\u2018La elevaci\u00f3n de la Cruz\u2019<\/em>\u00a0de Gerard Zegers<\/p>\n<p style=\"text-align: justify;\">y\u00a0<em>\u2018La coronaci\u00f3n de Mar\u00eda\u2019<\/em>\u00a0de Cornelio Schut. Posteriormente se a\u00f1adi\u00f3 el cuadro de G. Wappers (fin S. XIX):\u00a0<em>\u2018La Virgen del Carmen\u2019<\/em>.<\/p>\n<p style=\"text-align: justify;\">Que en esta iglesia no se hayan previsto sillas de coro, y por consiguiente un largo coro, como en las iglesias conventuales, se debe a la concepci\u00f3n propia de los jesuitas: para ser m\u00e1s eficaces en su apostolado, cada jesuita reza el breviario individualmente.<\/p>\n<p style=\"text-align: justify;\">\u2022\u00a0<strong>La nave\u00a0<\/strong><\/p>\n<p style=\"text-align: justify;\">Sobre el enmaderado de las naves laterales, entre los confesionarios, algunos episodios de la atormentada vida de Ignacio (<strong>\u21d2<\/strong><strong>\u00a0D<\/strong>) y de Francisco Javier (<strong>\u21d2<\/strong><strong>\u00a0E<\/strong>) en una veintena de\u00a0<u>medallones<\/u>: obra de Miguel Van der Voort, el viejo, y de Juan Pedro Van Baurscheit el viejo (posterior a 1718).<\/p>\n<p style=\"text-align: justify;\">Este \u00faltimo es igualmente el autor del\u00a0<u>p\u00falpito<\/u>\u00a0monumental (<strong>\u21d2<\/strong><strong>\u00a0F<\/strong>) en la que el elemento principal es la alegor\u00eda de la Iglesia triunfante que pisa los monstruos de la mentira y la ignorancia, y tambi\u00e9n las m\u00e1scaras (!) de la hipocres\u00eda.<\/p>\n<p style=\"text-align: justify;\">\u2022\u00a0<strong>La capilla de Mar\u00eda (\u21d2\u00a0G)\u00a0<\/strong><\/p>\n<p style=\"text-align: justify;\">La representaci\u00f3n en la capilla de Mar\u00eda, excepcional\u00admente rica, es todav\u00eda m\u00e1s espectacular. Esta realizaci\u00f3n fue posible gracias a las tres hermanas Houtappel de Ranst que viv\u00edan como \u2018hijas espirituales\u2019, seg\u00fan la espiritualidad de los jesuitas; fueron ellas las patrocinadoras de esta capilla. El arte de la pintura de Rubens se funde en una unidad tem\u00e1tica con la escultura en m\u00e1rmol del taller de Colijns de Nole. Mar\u00eda, acogida gloriosamente en el cielo, es al mismo tiempo coronada por el brazo poderoso de Dios Padre, que en su origen le pon\u00eda una corona dorada. Esta fant\u00e1stica capilla es el lugar ideal en Amberes para dejarse atrapar por la seducci\u00f3n atenazadora del arte barroco. Aqu\u00ed el barroco nos sonr\u00ede con las caprichosas l\u00edneas de los tableros en m\u00e1rmol; las peque\u00f1as escenas de la vida de Mar\u00eda pintadas sobre el m\u00e1rmol del altar hecho por Hendrik van Balen, el mayor; el banco de comuni\u00f3n siempre fiel a la naturaleza con flores, espigas de ma\u00edz y granos de uva (s\u00edmbolo del pan y del vino en la eucarist\u00eda). El techo, en estuco de ornamento, concebido por Rubens con los t\u00edtulos honor\u00edficos propios de Nuestra Se\u00f1ora; las consolas y los relieves con sus m\u00e1scaras, pudiendo estar estilizadas o no. En efecto, uno se marcha de aqu\u00ed con el coraz\u00f3n lleno de gozo, y lo contrario ser\u00eda se\u00f1al de que se tiene un coraz\u00f3n verdaderamente insensible para el arte\u2026<\/p>\n<p style=\"text-align: justify;\">\u2022\u00a0<strong>La capilla de S. Ignacio (\u21d2\u00a0H)\u00a0<\/strong><\/p>\n<p style=\"text-align: justify;\">Esta capilla es m\u00e1s sobria. Mencionemos sin embargo el banco de comuni\u00f3n en m\u00e1rmol blanco particularmente bello; el material est\u00e1 tan perfectamente trabajado con fidelidad a la naturaleza que casi olvida uno de que es un m\u00e1rmol esculpido.<\/p>\n<p style=\"text-align: justify;\">\u2022\u00a0<strong>M\u00fasica\u00a0<\/strong><\/p>\n<p style=\"text-align: justify;\">Adem\u00e1s del gozo que uno siente al ver todo esto, tambi\u00e9n aqu\u00ed se experimenta el gozo del o\u00eddo. Cada domingo a las 11\u201930 h. en \u2018la misa de los artistas\u2019, lo pueden constatar al o\u00edr sus voces e instrumentos. Esta bella tradici\u00f3n empezada por Benoit Roose, se mantiene desde 1943, gracias al inter\u00e9s que se le demuestra en todo Amberes.<\/p>\n<p style=\"text-align: justify;\">\u2022\u00a0<strong>Habitaci\u00f3n de encajes\u00a0<\/strong><\/p>\n<p style=\"text-align: justify;\">La extraordinariamente rica colecci\u00f3n de encajes en el museo de la iglesia, es mejor visitarla pidiendo previamente una cita.<\/p>\n<p style=\"text-align: justify;\">\u2022\u00a0<strong>La torre (\u21d2\u00a0I)\u00a0<\/strong><\/p>\n<p style=\"text-align: justify;\">A t\u00edtulo de despedida no olvidemos saludar la maravillosa torre de St.-Katelijnevest. Fiel a su car\u00e1cter simb\u00f3lico, y precisamente cerca del altar mayor, es una perla del barroco, con una altura de 58 m. y que nos gu\u00eda hacia Dios, en el que todo arte barroco encuentra su verdadera inspiraci\u00f3n\u2026<\/p>\n<h2 style=\"text-align: justify;\"><strong>QUE ESTA MAGNIFICA \u2018CASA DE DIOS\u2019<\/strong><\/h2>\n<h2 style=\"text-align: center;\"><strong>PUEDA TAMBI\u00c9N HACEROS SENTIR<\/strong><\/h2>\n<h2 style=\"text-align: center;\"><strong>VUESTRA ALEGR\u00cdA DE VIVIR. . .<\/strong><\/h2>\n<h2 style=\"text-align: center;\">\u266b\u266a\u266b\u266a<\/h2>\n<h2 style=\"text-align: center;\">\u266b\u266a<\/h2>\n<h2 style=\"text-align: center;\">\u266a<\/h2>\n\t\t\t\t\t\t\t\t<\/div>\n\t\t\t\t<\/div>\n\t\t\t\t\t<\/div>\n\t\t<\/div>\n\t\t\t\t<div class=\"elementor-column elementor-col-33 elementor-top-column elementor-element elementor-element-6874547\" data-id=\"6874547\" data-element_type=\"column\" data-e-type=\"column\">\n\t\t\t<div class=\"elementor-widget-wrap elementor-element-populated\">\n\t\t\t\t\t\t<div class=\"elementor-element elementor-element-b0a4840 elementor-widget elementor-widget-image\" data-id=\"b0a4840\" data-element_type=\"widget\" data-e-type=\"widget\" data-widget_type=\"image.default\">\n\t\t\t\t<div class=\"elementor-widget-container\">\n\t\t\t\t\t\t\t\t\t\t\t\t<figure class=\"wp-caption\">\n\t\t\t\t\t\t\t\t\t\t\t<a href=\"http:\/\/topa.be\/wp-content\/uploads\/Antwerpen-Carolus-Borromeuskerk-Wilhelm-Schubert-von-Ehrenberg.jpg\" data-elementor-open-lightbox=\"yes\" data-elementor-lightbox-title=\"Antwerpen-Carolus-Borromeuskerk-Wilhelm-Schubert-von-Ehrenberg\" data-elementor-lightbox-description=\"Antwerpen Carolus Borromeuskerk, Wilhelm Schubert von Ehrenberg\" data-e-action-hash=\"#elementor-action%3Aaction%3Dlightbox%26settings%3DeyJpZCI6MTMxODcsInVybCI6Imh0dHBzOlwvXC90b3BhLmJlXC93cC1jb250ZW50XC91cGxvYWRzXC9BbnR3ZXJwZW4tQ2Fyb2x1cy1Cb3Jyb21ldXNrZXJrLVdpbGhlbG0tU2NodWJlcnQtdm9uLUVocmVuYmVyZy5qcGcifQ%3D%3D\">\n\t\t\t\t\t\t\t<img fetchpriority=\"high\" decoding=\"async\" width=\"741\" height=\"699\" src=\"https:\/\/topa.be\/wp-content\/uploads\/Antwerpen-Carolus-Borromeuskerk-Wilhelm-Schubert-von-Ehrenberg.jpg\" class=\"attachment-large size-large wp-image-13187\" alt=\"\" srcset=\"https:\/\/topa.be\/wp-content\/uploads\/Antwerpen-Carolus-Borromeuskerk-Wilhelm-Schubert-von-Ehrenberg.jpg 741w, https:\/\/topa.be\/wp-content\/uploads\/Antwerpen-Carolus-Borromeuskerk-Wilhelm-Schubert-von-Ehrenberg-300x283.jpg 300w, https:\/\/topa.be\/wp-content\/uploads\/Antwerpen-Carolus-Borromeuskerk-Wilhelm-Schubert-von-Ehrenberg-200x189.jpg 200w\" sizes=\"(max-width: 741px) 100vw, 741px\" \/>\t\t\t\t\t\t\t\t<\/a>\n\t\t\t\t\t\t\t\t\t\t\t<figcaption class=\"widget-image-caption wp-caption-text\">Antwerpen Carolus Borromeuskerk, Wilhelm Schubert von Ehrenberg<\/figcaption>\n\t\t\t\t\t\t\t\t\t\t<\/figure>\n\t\t\t\t\t\t\t\t\t<\/div>\n\t\t\t\t<\/div>\n\t\t\t\t<div class=\"elementor-element elementor-element-2eebd66 elementor-widget elementor-widget-text-editor\" data-id=\"2eebd66\" data-element_type=\"widget\" data-e-type=\"widget\" data-widget_type=\"text-editor.default\">\n\t\t\t\t<div class=\"elementor-widget-container\">\n\t\t\t\t\t\t\t\t\t<h4 class=\"widgettitle\">Para discubrir m\u00e1s:<\/h4>\n\t\t\t\t\t\t\t\t<\/div>\n\t\t\t\t<\/div>\n\t\t\t\t<div class=\"elementor-element elementor-element-5c3e538 elementor-nav-menu--dropdown-tablet elementor-nav-menu__text-align-aside elementor-nav-menu--toggle elementor-nav-menu--burger elementor-widget elementor-widget-nav-menu\" data-id=\"5c3e538\" data-element_type=\"widget\" data-e-type=\"widget\" data-settings=\"{&quot;layout&quot;:&quot;vertical&quot;,&quot;submenu_icon&quot;:{&quot;value&quot;:&quot;&lt;i class=\\&quot;fas fa-caret-down\\&quot; aria-hidden=\\&quot;true\\&quot;&gt;&lt;\\\/i&gt;&quot;,&quot;library&quot;:&quot;fa-solid&quot;},&quot;toggle&quot;:&quot;burger&quot;}\" data-widget_type=\"nav-menu.default\">\n\t\t\t\t<div class=\"elementor-widget-container\">\n\t\t\t\t\t\t\t\t<nav aria-label=\"Men\u00fa\" class=\"elementor-nav-menu--main elementor-nav-menu__container elementor-nav-menu--layout-vertical e--pointer-framed e--animation-fade\">\n\t\t\t\t<ul id=\"menu-1-5c3e538\" class=\"elementor-nav-menu sm-vertical\"><li class=\"menu-item menu-item-type-post_type menu-item-object-page menu-item-60000\"><a href=\"https:\/\/topa.be\/es\/sint-carolus-borromeus\/praktisch\/\" class=\"elementor-item\">Informaci\u00f3n pr\u00e1ctica<\/a><\/li>\n<li class=\"menu-item menu-item-type-post_type menu-item-object-page menu-item-60001\"><a href=\"https:\/\/topa.be\/es\/sint-carolus-borromeus\/rondleidingen\/\" class=\"elementor-item\">Visitas con gu\u00eda<\/a><\/li>\n<li class=\"menu-item menu-item-type-post_type menu-item-object-page menu-item-60002\"><a href=\"https:\/\/topa.be\/es\/sint-carolus-borromeus\/kennismaking\/\" class=\"elementor-item\">La iglesia en breve<\/a><\/li>\n<li class=\"menu-item menu-item-type-post_type menu-item-object-page menu-item-60003\"><a href=\"https:\/\/topa.be\/es\/sint-carolus-borromeus\/interactief-grondplan\/\" class=\"elementor-item\">Interactive floor plan<\/a><\/li>\n<li class=\"menu-item menu-item-type-post_type menu-item-object-page menu-item-61494\"><a href=\"https:\/\/topa.be\/es\/sint-carolus-borromeus\/beschrijving\/\" class=\"elementor-item\">History &#038; Description<\/a><\/li>\n<li class=\"menu-item menu-item-type-post_type menu-item-object-page menu-item-60004\"><a href=\"https:\/\/topa.be\/es\/sint-carolus-borromeus\/publicaties\/\" class=\"elementor-item\">Publications<\/a><\/li>\n<\/ul>\t\t\t<\/nav>\n\t\t\t\t\t<div class=\"elementor-menu-toggle\" role=\"button\" tabindex=\"0\" aria-label=\"Alternar men\u00fa\" aria-expanded=\"false\">\n\t\t\t<i aria-hidden=\"true\" role=\"presentation\" class=\"elementor-menu-toggle__icon--open eicon-menu-bar\"><\/i><i aria-hidden=\"true\" role=\"presentation\" class=\"elementor-menu-toggle__icon--close eicon-close\"><\/i>\t\t<\/div>\n\t\t\t\t\t<nav class=\"elementor-nav-menu--dropdown elementor-nav-menu__container\" aria-hidden=\"true\">\n\t\t\t\t<ul id=\"menu-2-5c3e538\" class=\"elementor-nav-menu sm-vertical\"><li class=\"menu-item menu-item-type-post_type menu-item-object-page menu-item-60000\"><a href=\"https:\/\/topa.be\/es\/sint-carolus-borromeus\/praktisch\/\" class=\"elementor-item\" tabindex=\"-1\">Informaci\u00f3n pr\u00e1ctica<\/a><\/li>\n<li class=\"menu-item menu-item-type-post_type menu-item-object-page menu-item-60001\"><a href=\"https:\/\/topa.be\/es\/sint-carolus-borromeus\/rondleidingen\/\" class=\"elementor-item\" tabindex=\"-1\">Visitas con gu\u00eda<\/a><\/li>\n<li class=\"menu-item menu-item-type-post_type menu-item-object-page menu-item-60002\"><a href=\"https:\/\/topa.be\/es\/sint-carolus-borromeus\/kennismaking\/\" class=\"elementor-item\" tabindex=\"-1\">La iglesia en breve<\/a><\/li>\n<li class=\"menu-item menu-item-type-post_type menu-item-object-page menu-item-60003\"><a href=\"https:\/\/topa.be\/es\/sint-carolus-borromeus\/interactief-grondplan\/\" class=\"elementor-item\" tabindex=\"-1\">Interactive floor plan<\/a><\/li>\n<li class=\"menu-item menu-item-type-post_type menu-item-object-page menu-item-61494\"><a href=\"https:\/\/topa.be\/es\/sint-carolus-borromeus\/beschrijving\/\" class=\"elementor-item\" tabindex=\"-1\">History &#038; Description<\/a><\/li>\n<li class=\"menu-item menu-item-type-post_type menu-item-object-page menu-item-60004\"><a href=\"https:\/\/topa.be\/es\/sint-carolus-borromeus\/publicaties\/\" class=\"elementor-item\" tabindex=\"-1\">Publications<\/a><\/li>\n<\/ul>\t\t\t<\/nav>\n\t\t\t\t\t\t<\/div>\n\t\t\t\t<\/div>\n\t\t\t\t\t<\/div>\n\t\t<\/div>\n\t\t\t\t\t<\/div>\n\t\t<\/section>\n\t\t\t\t<\/div>\n\t\t","protected":false},"excerpt":{"rendered":"<p>Iglesia de San Carlos Borromeo En breve Queridos visitantes: bienvenidos a la nueva iglesia parro\u00adquial de estilo barroco. A pesar de haber conocido muchas desgracias en el curso de los siglos, este templo ha quedado como un verdadero templo del arte. Es la iglesia de Rubens por excelencia: no solamente desarroll\u00f3 aqu\u00ed su talento de [&hellip;]<\/p>\n","protected":false},"author":16,"featured_media":0,"parent":38101,"menu_order":30,"comment_status":"closed","ping_status":"closed","template":"","meta":{"footnotes":""},"class_list":["post-38213","page","type-page","status-publish","hentry"],"aioseo_notices":[],"_links":{"self":[{"href":"https:\/\/topa.be\/es\/wp-json\/wp\/v2\/pages\/38213","targetHints":{"allow":["GET"]}}],"collection":[{"href":"https:\/\/topa.be\/es\/wp-json\/wp\/v2\/pages"}],"about":[{"href":"https:\/\/topa.be\/es\/wp-json\/wp\/v2\/types\/page"}],"author":[{"embeddable":true,"href":"https:\/\/topa.be\/es\/wp-json\/wp\/v2\/users\/16"}],"replies":[{"embeddable":true,"href":"https:\/\/topa.be\/es\/wp-json\/wp\/v2\/comments?post=38213"}],"version-history":[{"count":3,"href":"https:\/\/topa.be\/es\/wp-json\/wp\/v2\/pages\/38213\/revisions"}],"predecessor-version":[{"id":46096,"href":"https:\/\/topa.be\/es\/wp-json\/wp\/v2\/pages\/38213\/revisions\/46096"}],"up":[{"embeddable":true,"href":"https:\/\/topa.be\/es\/wp-json\/wp\/v2\/pages\/38101"}],"wp:attachment":[{"href":"https:\/\/topa.be\/es\/wp-json\/wp\/v2\/media?parent=38213"}],"curies":[{"name":"wp","href":"https:\/\/api.w.org\/{rel}","templated":true}]}}