{"id":38209,"date":"2021-05-29T17:24:11","date_gmt":"2021-05-29T15:24:11","guid":{"rendered":"http:\/\/topa.be\/sint-carolus-borromeus\/praktisch\/"},"modified":"2024-11-14T15:28:03","modified_gmt":"2024-11-14T14:28:03","slug":"praktisch","status":"publish","type":"page","link":"https:\/\/topa.be\/es\/sint-carolus-borromeus\/praktisch\/","title":{"rendered":"SCB Informaci\u00f3n pr\u00e1ctica"},"content":{"rendered":"\t\t<div data-elementor-type=\"wp-page\" data-elementor-id=\"38209\" class=\"elementor elementor-38209 elementor-33711\" data-elementor-post-type=\"page\">\n\t\t\t\t\t\t<section class=\"elementor-section elementor-top-section elementor-element elementor-element-cd03269 elementor-section-boxed elementor-section-height-default elementor-section-height-default\" data-id=\"cd03269\" data-element_type=\"section\" data-e-type=\"section\">\n\t\t\t\t\t\t<div class=\"elementor-container elementor-column-gap-default\">\n\t\t\t\t\t<div class=\"elementor-column elementor-col-100 elementor-top-column elementor-element elementor-element-bbe7070\" data-id=\"bbe7070\" data-element_type=\"column\" data-e-type=\"column\">\n\t\t\t<div class=\"elementor-widget-wrap elementor-element-populated\">\n\t\t\t\t\t\t<div class=\"elementor-element elementor-element-321a5a8 elementor-widget elementor-widget-heading\" data-id=\"321a5a8\" data-element_type=\"widget\" data-e-type=\"widget\" data-widget_type=\"heading.default\">\n\t\t\t\t<div class=\"elementor-widget-container\">\n\t\t\t\t\t<h1 class=\"elementor-heading-title elementor-size-default\">Iglesia de San Carlos Borromeo<\/h1>\t\t\t\t<\/div>\n\t\t\t\t<\/div>\n\t\t\t\t\t<\/div>\n\t\t<\/div>\n\t\t\t\t\t<\/div>\n\t\t<\/section>\n\t\t\t\t<section class=\"elementor-section elementor-top-section elementor-element elementor-element-8d79d40 elementor-section-boxed elementor-section-height-default elementor-section-height-default\" data-id=\"8d79d40\" data-element_type=\"section\" data-e-type=\"section\">\n\t\t\t\t\t\t<div class=\"elementor-container elementor-column-gap-default\">\n\t\t\t\t\t<div class=\"elementor-column elementor-col-100 elementor-top-column elementor-element elementor-element-a723a23\" data-id=\"a723a23\" data-element_type=\"column\" data-e-type=\"column\">\n\t\t\t<div class=\"elementor-widget-wrap elementor-element-populated\">\n\t\t\t\t\t\t<div class=\"elementor-element elementor-element-1450267 elementor-widget elementor-widget-heading\" data-id=\"1450267\" data-element_type=\"widget\" data-e-type=\"widget\" data-widget_type=\"heading.default\">\n\t\t\t\t<div class=\"elementor-widget-container\">\n\t\t\t\t\t<h2 class=\"elementor-heading-title elementor-size-default\">Informaci\u00f3n pr\u00e1ctica<\/h2>\t\t\t\t<\/div>\n\t\t\t\t<\/div>\n\t\t\t\t\t<\/div>\n\t\t<\/div>\n\t\t\t\t\t<\/div>\n\t\t<\/section>\n\t\t\t\t<section class=\"elementor-section elementor-top-section elementor-element elementor-element-1212934 elementor-section-boxed elementor-section-height-default elementor-section-height-default\" data-id=\"1212934\" data-element_type=\"section\" data-e-type=\"section\">\n\t\t\t\t\t\t<div class=\"elementor-container elementor-column-gap-default\">\n\t\t\t\t\t<div class=\"elementor-column elementor-col-66 elementor-top-column elementor-element elementor-element-97038f6\" data-id=\"97038f6\" data-element_type=\"column\" data-e-type=\"column\">\n\t\t\t<div class=\"elementor-widget-wrap elementor-element-populated\">\n\t\t\t\t\t\t<div class=\"elementor-element elementor-element-647cf87 elementor-widget elementor-widget-text-editor\" data-id=\"647cf87\" data-element_type=\"widget\" data-e-type=\"widget\" data-widget_type=\"text-editor.default\">\n\t\t\t\t<div class=\"elementor-widget-container\">\n\t\t\t\t\t\t\t\t\t<p><strong>Misas<\/strong><strong><br \/>\n<\/strong>Domingos y d\u00edas festivos:<br \/>\n11:30 misa de los artistas<br \/>\n17:00\u00a0Eucarist\u00eda parroquial con Sant\u2019Egidio<\/p>\n<p><strong>Horas de visita<\/strong><strong><br \/>\n<\/strong><em>Iglesia<\/em><br \/>\nLunes \u2013 s\u00e1bados:\u00a010:00 \u2013 12:30 &amp; 14:00 \u2013 17:00<br \/>\nDomingos y d\u00edas festivos: s\u00f3lo para el culto<\/p>\n<p><em>Museo de encajes:<\/em><br \/>\nMi\u00e9rcoles:: 10:00 \u2013 12:30 y 14:00 \u2013 16:00<br \/>\nOtros dias: a petici\u00f3n<\/p>\n<p>A reserva de\u00a0celebraciones especiales<br \/>\nV\u00e9ase tambi\u00e9n bajo\u00a0<a href=\"https:\/\/topa.be\/es\/sint-carolus-borromeus\/rondleidingen\/\"><strong>visitas con gu\u00eda<\/strong><\/a><\/p>\n<p><strong>Tasa de visita tur\u00edstica<\/strong><br \/>\nIglesia, incluido el museo del encaje<\/p>\n<ul>\n<li>Entrada normal: 5 euros<\/li>\n<li>Estudiantes y mayores de 60 a\u00f1os: 3 euros<\/li>\n<li>Grupos de 20 personas o m\u00e1s: 3 euros<\/li>\n<li>Ni\u00f1os menores de 12 a\u00f1os, acompa\u00f1antes de personas discapacitadas y titulares de un Antwerp City Pass: gratuito<\/li>\n<\/ul>\n<p>Los visitantes reciben un folleto multiling\u00fce explicativo de la Iglesia de San Carlos Borromeo y pueden solicitar las explicaciones de un gu\u00eda experto de Toerismepastoraal Antwerpen (TOPA) durante las horas de apertura.<\/p>\n<p><strong>Informaci\u00f3n<br \/>\nDimitri De Hert, intendant<\/strong><br \/>\nGSM: +32 477 62 37 94<br \/>\ne-mail:\u00a0<a href=\"mailto:dimitri.dehert@scba.be\"><strong>dimitri.dehert@scba.be\u00a0<\/strong><\/a><strong>\u00a0\u00a0\u00a0\u00a0<\/strong>\u00a0<strong>\u00a0<\/strong><\/p>\n<p><strong>Casa del p\u00e1rroco<br \/>\n<\/strong>Hendrik Conscienceplein 6, 2000 Antwerpen<br \/>\n<strong>Jean-Paul Van Putten, sacrist\u00e1n<\/strong><br \/>\nTel: +32 472 93 17 69<br \/>\n<strong>E-mail:\u00a0<a href=\"mailto:parochie@scba.be%C2%A0\">parochie@scba.be<\/a><\/strong><\/p>\n\t\t\t\t\t\t\t\t<\/div>\n\t\t\t\t<\/div>\n\t\t\t\t\t<\/div>\n\t\t<\/div>\n\t\t\t\t<div class=\"elementor-column elementor-col-33 elementor-top-column elementor-element elementor-element-43ca8b8\" data-id=\"43ca8b8\" data-element_type=\"column\" data-e-type=\"column\">\n\t\t\t<div class=\"elementor-widget-wrap elementor-element-populated\">\n\t\t\t\t\t\t<div class=\"elementor-element elementor-element-0792ada elementor-widget elementor-widget-text-editor\" data-id=\"0792ada\" data-element_type=\"widget\" data-e-type=\"widget\" data-widget_type=\"text-editor.default\">\n\t\t\t\t<div class=\"elementor-widget-container\">\n\t\t\t\t\t\t\t\t\t<h4 class=\"widgettitle\">Para discubrir m\u00e1s:<\/h4>\n\t\t\t\t\t\t\t\t<\/div>\n\t\t\t\t<\/div>\n\t\t\t\t<div class=\"elementor-element elementor-element-5bacc63 elementor-nav-menu--dropdown-tablet elementor-nav-menu__text-align-aside elementor-nav-menu--toggle elementor-nav-menu--burger elementor-widget elementor-widget-nav-menu\" data-id=\"5bacc63\" data-element_type=\"widget\" data-e-type=\"widget\" data-settings=\"{&quot;layout&quot;:&quot;vertical&quot;,&quot;submenu_icon&quot;:{&quot;value&quot;:&quot;&lt;i class=\\&quot;fas fa-caret-down\\&quot; aria-hidden=\\&quot;true\\&quot;&gt;&lt;\\\/i&gt;&quot;,&quot;library&quot;:&quot;fa-solid&quot;},&quot;toggle&quot;:&quot;burger&quot;}\" data-widget_type=\"nav-menu.default\">\n\t\t\t\t<div class=\"elementor-widget-container\">\n\t\t\t\t\t\t\t\t<nav aria-label=\"Menu\" class=\"elementor-nav-menu--main elementor-nav-menu__container elementor-nav-menu--layout-vertical e--pointer-framed e--animation-fade\">\n\t\t\t\t<ul id=\"menu-1-5bacc63\" class=\"elementor-nav-menu sm-vertical\"><li class=\"menu-item menu-item-type-post_type menu-item-object-page menu-item-60000\"><a href=\"https:\/\/topa.be\/es\/sint-carolus-borromeus\/praktisch\/\" class=\"elementor-item\">Informaci\u00f3n pr\u00e1ctica<\/a><\/li>\n<li class=\"menu-item menu-item-type-post_type menu-item-object-page menu-item-60001\"><a href=\"https:\/\/topa.be\/es\/sint-carolus-borromeus\/rondleidingen\/\" class=\"elementor-item\">Visitas con gu\u00eda<\/a><\/li>\n<li class=\"menu-item menu-item-type-post_type menu-item-object-page menu-item-60002\"><a href=\"https:\/\/topa.be\/es\/sint-carolus-borromeus\/kennismaking\/\" class=\"elementor-item\">La iglesia en breve<\/a><\/li>\n<li class=\"menu-item menu-item-type-post_type menu-item-object-page menu-item-60003\"><a href=\"https:\/\/topa.be\/es\/sint-carolus-borromeus\/interactief-grondplan\/\" class=\"elementor-item\">Interactive floor plan<\/a><\/li>\n<li class=\"menu-item menu-item-type-post_type menu-item-object-page menu-item-61494\"><a href=\"https:\/\/topa.be\/es\/sint-carolus-borromeus\/beschrijving\/\" class=\"elementor-item\">History &#038; Description<\/a><\/li>\n<li class=\"menu-item menu-item-type-post_type menu-item-object-page menu-item-60004\"><a href=\"https:\/\/topa.be\/es\/sint-carolus-borromeus\/publicaties\/\" class=\"elementor-item\">Publications<\/a><\/li>\n<\/ul>\t\t\t<\/nav>\n\t\t\t\t\t<div class=\"elementor-menu-toggle\" role=\"button\" tabindex=\"0\" aria-label=\"Alternar men\u00fa\" aria-expanded=\"false\">\n\t\t\t<i aria-hidden=\"true\" role=\"presentation\" class=\"elementor-menu-toggle__icon--open eicon-menu-bar\"><\/i><i aria-hidden=\"true\" role=\"presentation\" class=\"elementor-menu-toggle__icon--close eicon-close\"><\/i>\t\t<\/div>\n\t\t\t\t\t<nav class=\"elementor-nav-menu--dropdown elementor-nav-menu__container\" aria-hidden=\"true\">\n\t\t\t\t<ul id=\"menu-2-5bacc63\" class=\"elementor-nav-menu sm-vertical\"><li class=\"menu-item menu-item-type-post_type menu-item-object-page menu-item-60000\"><a href=\"https:\/\/topa.be\/es\/sint-carolus-borromeus\/praktisch\/\" class=\"elementor-item\" tabindex=\"-1\">Informaci\u00f3n pr\u00e1ctica<\/a><\/li>\n<li class=\"menu-item menu-item-type-post_type menu-item-object-page menu-item-60001\"><a href=\"https:\/\/topa.be\/es\/sint-carolus-borromeus\/rondleidingen\/\" class=\"elementor-item\" tabindex=\"-1\">Visitas con gu\u00eda<\/a><\/li>\n<li class=\"menu-item menu-item-type-post_type menu-item-object-page menu-item-60002\"><a href=\"https:\/\/topa.be\/es\/sint-carolus-borromeus\/kennismaking\/\" class=\"elementor-item\" tabindex=\"-1\">La iglesia en breve<\/a><\/li>\n<li class=\"menu-item menu-item-type-post_type menu-item-object-page menu-item-60003\"><a href=\"https:\/\/topa.be\/es\/sint-carolus-borromeus\/interactief-grondplan\/\" class=\"elementor-item\" tabindex=\"-1\">Interactive floor plan<\/a><\/li>\n<li class=\"menu-item menu-item-type-post_type menu-item-object-page menu-item-61494\"><a href=\"https:\/\/topa.be\/es\/sint-carolus-borromeus\/beschrijving\/\" class=\"elementor-item\" tabindex=\"-1\">History &#038; Description<\/a><\/li>\n<li class=\"menu-item menu-item-type-post_type menu-item-object-page menu-item-60004\"><a href=\"https:\/\/topa.be\/es\/sint-carolus-borromeus\/publicaties\/\" class=\"elementor-item\" tabindex=\"-1\">Publications<\/a><\/li>\n<\/ul>\t\t\t<\/nav>\n\t\t\t\t\t\t<\/div>\n\t\t\t\t<\/div>\n\t\t\t\t\t<\/div>\n\t\t<\/div>\n\t\t\t\t\t<\/div>\n\t\t<\/section>\n\t\t\t\t<section class=\"elementor-section elementor-top-section elementor-element elementor-element-7b6f8380 elementor-section-boxed elementor-section-height-default elementor-section-height-default\" data-id=\"7b6f8380\" data-element_type=\"section\" data-e-type=\"section\">\n\t\t\t\t\t\t<div class=\"elementor-container elementor-column-gap-default\">\n\t\t\t\t\t<div class=\"elementor-column elementor-col-100 elementor-top-column elementor-element elementor-element-6e6e924a\" data-id=\"6e6e924a\" data-element_type=\"column\" data-e-type=\"column\">\n\t\t\t<div class=\"elementor-widget-wrap elementor-element-populated\">\n\t\t\t\t\t\t<div class=\"elementor-element elementor-element-21645c8f elementor-widget elementor-widget-text-editor\" data-id=\"21645c8f\" data-element_type=\"widget\" data-e-type=\"widget\" data-widget_type=\"text-editor.default\">\n\t\t\t\t<div class=\"elementor-widget-container\">\n\t\t\t\t\t\t\t\t\t<p style=\"text-align: justify;\">A trav\u00e9s del <a href=\"https:\/\/goo.gl\/maps\/rRnUshruUycU752e6\"><strong>ESTE MAPA<\/strong><\/a> puede determinar una ruta en funci\u00f3n de su medio de transporte.<br \/>\nEs posible que desee utilizar VELO-Antwerpen:\u00a0<strong><a href=\"https:\/\/www.velo-antwerpen.be\/en\">https:\/\/www.velo-antwerpen.be\/en<\/a><\/strong><\/p>\n\t\t\t\t\t\t\t\t<\/div>\n\t\t\t\t<\/div>\n\t\t\t\t\t<\/div>\n\t\t<\/div>\n\t\t\t\t\t<\/div>\n\t\t<\/section>\n\t\t\t\t<\/div>\n\t\t","protected":false},"excerpt":{"rendered":"<p>Iglesia de San Carlos Borromeo Informaci\u00f3n pr\u00e1ctica Misas Domingos y d\u00edas festivos: 11:30 misa de los artistas 17:00\u00a0Eucarist\u00eda parroquial con Sant\u2019Egidio Horas de visita Iglesia Lunes \u2013 s\u00e1bados:\u00a010:00 \u2013 12:30 &amp; 14:00 \u2013 17:00 Domingos y d\u00edas festivos: s\u00f3lo para el culto Museo de encajes: Mi\u00e9rcoles:: 10:00 \u2013 12:30 y 14:00 \u2013 16:00 Otros dias: [&hellip;]<\/p>\n","protected":false},"author":16,"featured_media":0,"parent":38101,"menu_order":10,"comment_status":"closed","ping_status":"closed","template":"","meta":{"footnotes":""},"class_list":["post-38209","page","type-page","status-publish","hentry"],"aioseo_notices":[],"_links":{"self":[{"href":"https:\/\/topa.be\/es\/wp-json\/wp\/v2\/pages\/38209","targetHints":{"allow":["GET"]}}],"collection":[{"href":"https:\/\/topa.be\/es\/wp-json\/wp\/v2\/pages"}],"about":[{"href":"https:\/\/topa.be\/es\/wp-json\/wp\/v2\/types\/page"}],"author":[{"embeddable":true,"href":"https:\/\/topa.be\/es\/wp-json\/wp\/v2\/users\/16"}],"replies":[{"embeddable":true,"href":"https:\/\/topa.be\/es\/wp-json\/wp\/v2\/comments?post=38209"}],"version-history":[{"count":3,"href":"https:\/\/topa.be\/es\/wp-json\/wp\/v2\/pages\/38209\/revisions"}],"predecessor-version":[{"id":70882,"href":"https:\/\/topa.be\/es\/wp-json\/wp\/v2\/pages\/38209\/revisions\/70882"}],"up":[{"embeddable":true,"href":"https:\/\/topa.be\/es\/wp-json\/wp\/v2\/pages\/38101"}],"wp:attachment":[{"href":"https:\/\/topa.be\/es\/wp-json\/wp\/v2\/media?parent=38209"}],"curies":[{"name":"wp","href":"https:\/\/api.w.org\/{rel}","templated":true}]}}