{"id":38207,"date":"2021-05-29T17:21:52","date_gmt":"2021-05-29T15:21:52","guid":{"rendered":"http:\/\/topa.be\/st-andries\/qr-codes\/"},"modified":"2021-10-14T19:08:47","modified_gmt":"2021-10-14T17:08:47","slug":"qr-codes","status":"publish","type":"page","link":"https:\/\/topa.be\/es\/st-andries\/qr-codes\/","title":{"rendered":"SAK C\u00f3digos QR"},"content":{"rendered":"\t\t<div data-elementor-type=\"wp-page\" data-elementor-id=\"38207\" class=\"elementor elementor-38207 elementor-33506\" data-elementor-post-type=\"page\">\n\t\t\t\t\t\t<section class=\"elementor-section elementor-top-section elementor-element elementor-element-1f5b5ee elementor-section-boxed elementor-section-height-default elementor-section-height-default\" data-id=\"1f5b5ee\" data-element_type=\"section\" data-e-type=\"section\">\n\t\t\t\t\t\t<div class=\"elementor-container elementor-column-gap-default\">\n\t\t\t\t\t<div class=\"elementor-column elementor-col-100 elementor-top-column elementor-element elementor-element-0cb14a5\" data-id=\"0cb14a5\" data-element_type=\"column\" data-e-type=\"column\">\n\t\t\t<div class=\"elementor-widget-wrap elementor-element-populated\">\n\t\t\t\t\t\t<div class=\"elementor-element elementor-element-a1116b6 elementor-widget elementor-widget-heading\" data-id=\"a1116b6\" data-element_type=\"widget\" data-e-type=\"widget\" data-widget_type=\"heading.default\">\n\t\t\t\t<div class=\"elementor-widget-container\">\n\t\t\t\t\t<h1 class=\"elementor-heading-title elementor-size-default\">Iglesia de San Andr\u00e9s<\/h1>\t\t\t\t<\/div>\n\t\t\t\t<\/div>\n\t\t\t\t\t<\/div>\n\t\t<\/div>\n\t\t\t\t\t<\/div>\n\t\t<\/section>\n\t\t\t\t<section class=\"elementor-section elementor-top-section elementor-element elementor-element-437547d elementor-section-boxed elementor-section-height-default elementor-section-height-default\" data-id=\"437547d\" data-element_type=\"section\" data-e-type=\"section\">\n\t\t\t\t\t\t<div class=\"elementor-container elementor-column-gap-default\">\n\t\t\t\t\t<div class=\"elementor-column elementor-col-100 elementor-top-column elementor-element elementor-element-1c93d5f\" data-id=\"1c93d5f\" data-element_type=\"column\" data-e-type=\"column\">\n\t\t\t<div class=\"elementor-widget-wrap elementor-element-populated\">\n\t\t\t\t\t\t<div class=\"elementor-element elementor-element-55f40a1 elementor-widget elementor-widget-heading\" data-id=\"55f40a1\" data-element_type=\"widget\" data-e-type=\"widget\" data-widget_type=\"heading.default\">\n\t\t\t\t<div class=\"elementor-widget-container\">\n\t\t\t\t\t<h2 class=\"elementor-heading-title elementor-size-default\">Codigos QR<\/h2>\t\t\t\t<\/div>\n\t\t\t\t<\/div>\n\t\t\t\t\t<\/div>\n\t\t<\/div>\n\t\t\t\t\t<\/div>\n\t\t<\/section>\n\t\t\t\t<section class=\"elementor-section elementor-top-section elementor-element elementor-element-7576967 elementor-section-boxed elementor-section-height-default elementor-section-height-default\" data-id=\"7576967\" data-element_type=\"section\" data-e-type=\"section\">\n\t\t\t\t\t\t<div class=\"elementor-container elementor-column-gap-default\">\n\t\t\t\t\t<div class=\"elementor-column elementor-col-50 elementor-top-column elementor-element elementor-element-2736880\" data-id=\"2736880\" data-element_type=\"column\" data-e-type=\"column\">\n\t\t\t<div class=\"elementor-widget-wrap elementor-element-populated\">\n\t\t\t\t\t\t<div class=\"elementor-element elementor-element-1c2062b elementor-widget elementor-widget-text-editor\" data-id=\"1c2062b\" data-element_type=\"widget\" data-e-type=\"widget\" data-widget_type=\"text-editor.default\">\n\t\t\t\t<div class=\"elementor-widget-container\">\n\t\t\t\t\t\t\t\t\t<p style=\"text-align: justify;\"><img fetchpriority=\"high\" decoding=\"async\" class=\"aligncenter wp-image-48093 size-full\" src=\"http:\/\/topa.be\/wp-content\/uploads\/SAK-QR-Plattegrond-1.jpg\" alt=\"\" width=\"626\" height=\"1024\" srcset=\"https:\/\/topa.be\/wp-content\/uploads\/SAK-QR-Plattegrond-1.jpg 626w, https:\/\/topa.be\/wp-content\/uploads\/SAK-QR-Plattegrond-1-183x300.jpg 183w, https:\/\/topa.be\/wp-content\/uploads\/SAK-QR-Plattegrond-1-122x200.jpg 122w\" sizes=\"(max-width: 626px) 100vw, 626px\" \/>Si visitar nuestra iglesia, y usted tiene un tel\u00e9fono inteligente con un esc\u00e1ner de QR, puede utilizar una red Wi-Fi gratuita. En el mostrador le hace una planta en la que son 20 c\u00f3digos QR, cada uno es una lugar por visitar en la iglesia. A trav\u00e9s de estos c\u00f3digos QR si visite uno de los textos almacenados en esta secci\u00f3n. Por eso la mayor\u00eda de los art\u00edculos tienen un enlace al cap\u00edtulo correspondiente de la descripci\u00f3n detallada de la iglesia.<\/p>\n\t\t\t\t\t\t\t\t<\/div>\n\t\t\t\t<\/div>\n\t\t\t\t\t<\/div>\n\t\t<\/div>\n\t\t\t\t<div class=\"elementor-column elementor-col-50 elementor-top-column elementor-element elementor-element-2a6d18f\" data-id=\"2a6d18f\" data-element_type=\"column\" data-e-type=\"column\">\n\t\t\t<div class=\"elementor-widget-wrap elementor-element-populated\">\n\t\t\t\t\t\t<div class=\"elementor-element elementor-element-6af1c8c elementor-nav-menu--dropdown-tablet elementor-nav-menu__text-align-aside elementor-nav-menu--toggle elementor-nav-menu--burger elementor-widget elementor-widget-nav-menu\" data-id=\"6af1c8c\" data-element_type=\"widget\" data-e-type=\"widget\" data-settings=\"{&quot;layout&quot;:&quot;vertical&quot;,&quot;submenu_icon&quot;:{&quot;value&quot;:&quot;&lt;i class=\\&quot;fas fa-caret-down\\&quot; aria-hidden=\\&quot;true\\&quot;&gt;&lt;\\\/i&gt;&quot;,&quot;library&quot;:&quot;fa-solid&quot;},&quot;toggle&quot;:&quot;burger&quot;}\" data-widget_type=\"nav-menu.default\">\n\t\t\t\t<div class=\"elementor-widget-container\">\n\t\t\t\t\t\t\t\t<nav aria-label=\"Men\u00fa\" class=\"elementor-nav-menu--main elementor-nav-menu__container elementor-nav-menu--layout-vertical e--pointer-framed e--animation-fade\">\n\t\t\t\t<ul id=\"menu-1-6af1c8c\" class=\"elementor-nav-menu sm-vertical\"><li class=\"menu-item menu-item-type-post_type menu-item-object-page menu-item-60170\"><a href=\"https:\/\/topa.be\/es\/st-andries\/qr-codes\/qr01\/\" class=\"elementor-item\">QR01 \u2013 Iglesia de San Andr\u00e9s \u2013 Introducci\u00f3n<\/a><\/li>\n<li class=\"menu-item menu-item-type-post_type menu-item-object-page menu-item-60191\"><a href=\"https:\/\/topa.be\/es\/st-andries\/qr-codes\/qr02\/\" class=\"elementor-item\">QR02 \u2013 La historia<\/a><\/li>\n<li class=\"menu-item menu-item-type-post_type menu-item-object-page menu-item-60192\"><a href=\"https:\/\/topa.be\/es\/st-andries\/qr-codes\/qr03\/\" class=\"elementor-item\">QR03 \u2013 La torre<\/a><\/li>\n<li class=\"menu-item menu-item-type-post_type menu-item-object-page menu-item-60193\"><a href=\"https:\/\/topa.be\/es\/st-andries\/qr-codes\/qr04\/\" class=\"elementor-item\">QR04 \u2013 L\u2019interior<\/a><\/li>\n<li class=\"menu-item menu-item-type-post_type menu-item-object-page menu-item-60194\"><a href=\"https:\/\/topa.be\/es\/st-andries\/qr-codes\/qr05\/\" class=\"elementor-item\">QR05 \u2013 El p\u00falpito<\/a><\/li>\n<li class=\"menu-item menu-item-type-post_type menu-item-object-page menu-item-60195\"><a href=\"https:\/\/topa.be\/es\/st-andries\/qr-codes\/qr06\/\" class=\"elementor-item\">QR06 \u2013 Altares laterales<\/a><\/li>\n<li class=\"menu-item menu-item-type-post_type menu-item-object-page menu-item-60196\"><a href=\"https:\/\/topa.be\/es\/st-andries\/qr-codes\/qr07\/\" class=\"elementor-item\">QR07 \u2013 El Camino de la Vida<\/a><\/li>\n<li class=\"menu-item menu-item-type-post_type menu-item-object-page menu-item-60197\"><a href=\"https:\/\/topa.be\/es\/st-andries\/qr-codes\/qr08\/\" class=\"elementor-item\">QR08 \u2013 Monumento a los agustinos<\/a><\/li>\n<li class=\"menu-item menu-item-type-post_type menu-item-object-page menu-item-60198\"><a href=\"https:\/\/topa.be\/es\/st-andries\/qr-codes\/qr09\/\" class=\"elementor-item\">QR09 \u2013 El altar de San Eligio de los acu\u00f1adores de la moneda<\/a><\/li>\n<li class=\"menu-item menu-item-type-post_type menu-item-object-page menu-item-60199\"><a href=\"https:\/\/topa.be\/es\/st-andries\/qr-codes\/qr10\/\" class=\"elementor-item\">QR10 \u2013 El tesoro<\/a><\/li>\n<li class=\"menu-item menu-item-type-post_type menu-item-object-page menu-item-60200\"><a href=\"https:\/\/topa.be\/es\/st-andries\/qr-codes\/qr11\/\" class=\"elementor-item\">QR11 \u2013 La capilla de Nuestra Se\u00f1ora<\/a><\/li>\n<li class=\"menu-item menu-item-type-post_type menu-item-object-page menu-item-60239\"><a href=\"https:\/\/topa.be\/es\/st-andries\/qr-codes\/qr12\/\" class=\"elementor-item\">QR12 \u2013 La Hermandad de las Almas Fieles<\/a><\/li>\n<li class=\"menu-item menu-item-type-post_type menu-item-object-page menu-item-60240\"><a href=\"https:\/\/topa.be\/es\/st-andries\/qr-codes\/qr13\/\" class=\"elementor-item\">QR13 \u2013 La estatua de San Pedro<\/a><\/li>\n<li class=\"menu-item menu-item-type-post_type menu-item-object-page menu-item-60241\"><a href=\"https:\/\/topa.be\/es\/st-andries\/qr-codes\/qr14\/\" class=\"elementor-item\">QR14 \u2013 El altar mayor<\/a><\/li>\n<li class=\"menu-item menu-item-type-post_type menu-item-object-page menu-item-60242\"><a href=\"https:\/\/topa.be\/es\/st-andries\/qr-codes\/qr15\/\" class=\"elementor-item\">QR15 \u2013 El martirio de San Andr\u00e9s<\/a><\/li>\n<li class=\"menu-item menu-item-type-post_type menu-item-object-page menu-item-60243\"><a href=\"https:\/\/topa.be\/es\/st-andries\/qr-codes\/qr16\/\" class=\"elementor-item\">QR16 \u2013 El coro<\/a><\/li>\n<li class=\"menu-item menu-item-type-post_type menu-item-object-page menu-item-60244\"><a href=\"https:\/\/topa.be\/es\/st-andries\/qr-codes\/qr17\/\" class=\"elementor-item\">QR17 \u2013 La Capilla del Santisimo Sacramento<\/a><\/li>\n<li class=\"menu-item menu-item-type-post_type menu-item-object-page menu-item-60245\"><a href=\"https:\/\/topa.be\/es\/st-andries\/qr-codes\/qr18\/\" class=\"elementor-item\">QR18 \u2013 El monumento a las cortesanas de Mar\u00eda Estuardo<\/a><\/li>\n<li class=\"menu-item menu-item-type-post_type menu-item-object-page menu-item-60246\"><a href=\"https:\/\/topa.be\/es\/st-andries\/qr-codes\/qr19\/\" class=\"elementor-item\">QR19 \u2013 \u00bfQu\u00e9 es la verdad?<\/a><\/li>\n<li class=\"menu-item menu-item-type-post_type menu-item-object-page menu-item-60247\"><a href=\"https:\/\/topa.be\/es\/st-andries\/qr-codes\/qr20\/\" class=\"elementor-item\">QR20 \u2013 Saco de boxeo<\/a><\/li>\n<\/ul>\t\t\t<\/nav>\n\t\t\t\t\t<div class=\"elementor-menu-toggle\" role=\"button\" tabindex=\"0\" aria-label=\"Alternar men\u00fa\" aria-expanded=\"false\">\n\t\t\t<i aria-hidden=\"true\" role=\"presentation\" class=\"elementor-menu-toggle__icon--open eicon-menu-bar\"><\/i><i aria-hidden=\"true\" role=\"presentation\" class=\"elementor-menu-toggle__icon--close eicon-close\"><\/i>\t\t<\/div>\n\t\t\t\t\t<nav class=\"elementor-nav-menu--dropdown elementor-nav-menu__container\" aria-hidden=\"true\">\n\t\t\t\t<ul id=\"menu-2-6af1c8c\" class=\"elementor-nav-menu sm-vertical\"><li class=\"menu-item menu-item-type-post_type menu-item-object-page menu-item-60170\"><a href=\"https:\/\/topa.be\/es\/st-andries\/qr-codes\/qr01\/\" class=\"elementor-item\" tabindex=\"-1\">QR01 \u2013 Iglesia de San Andr\u00e9s \u2013 Introducci\u00f3n<\/a><\/li>\n<li class=\"menu-item menu-item-type-post_type menu-item-object-page menu-item-60191\"><a href=\"https:\/\/topa.be\/es\/st-andries\/qr-codes\/qr02\/\" class=\"elementor-item\" tabindex=\"-1\">QR02 \u2013 La historia<\/a><\/li>\n<li class=\"menu-item menu-item-type-post_type menu-item-object-page menu-item-60192\"><a href=\"https:\/\/topa.be\/es\/st-andries\/qr-codes\/qr03\/\" class=\"elementor-item\" tabindex=\"-1\">QR03 \u2013 La torre<\/a><\/li>\n<li class=\"menu-item menu-item-type-post_type menu-item-object-page menu-item-60193\"><a href=\"https:\/\/topa.be\/es\/st-andries\/qr-codes\/qr04\/\" class=\"elementor-item\" tabindex=\"-1\">QR04 \u2013 L\u2019interior<\/a><\/li>\n<li class=\"menu-item menu-item-type-post_type menu-item-object-page menu-item-60194\"><a href=\"https:\/\/topa.be\/es\/st-andries\/qr-codes\/qr05\/\" class=\"elementor-item\" tabindex=\"-1\">QR05 \u2013 El p\u00falpito<\/a><\/li>\n<li class=\"menu-item menu-item-type-post_type menu-item-object-page menu-item-60195\"><a href=\"https:\/\/topa.be\/es\/st-andries\/qr-codes\/qr06\/\" class=\"elementor-item\" tabindex=\"-1\">QR06 \u2013 Altares laterales<\/a><\/li>\n<li class=\"menu-item menu-item-type-post_type menu-item-object-page menu-item-60196\"><a href=\"https:\/\/topa.be\/es\/st-andries\/qr-codes\/qr07\/\" class=\"elementor-item\" tabindex=\"-1\">QR07 \u2013 El Camino de la Vida<\/a><\/li>\n<li class=\"menu-item menu-item-type-post_type menu-item-object-page menu-item-60197\"><a href=\"https:\/\/topa.be\/es\/st-andries\/qr-codes\/qr08\/\" class=\"elementor-item\" tabindex=\"-1\">QR08 \u2013 Monumento a los agustinos<\/a><\/li>\n<li class=\"menu-item menu-item-type-post_type menu-item-object-page menu-item-60198\"><a href=\"https:\/\/topa.be\/es\/st-andries\/qr-codes\/qr09\/\" class=\"elementor-item\" tabindex=\"-1\">QR09 \u2013 El altar de San Eligio de los acu\u00f1adores de la moneda<\/a><\/li>\n<li class=\"menu-item menu-item-type-post_type menu-item-object-page menu-item-60199\"><a href=\"https:\/\/topa.be\/es\/st-andries\/qr-codes\/qr10\/\" class=\"elementor-item\" tabindex=\"-1\">QR10 \u2013 El tesoro<\/a><\/li>\n<li class=\"menu-item menu-item-type-post_type menu-item-object-page menu-item-60200\"><a href=\"https:\/\/topa.be\/es\/st-andries\/qr-codes\/qr11\/\" class=\"elementor-item\" tabindex=\"-1\">QR11 \u2013 La capilla de Nuestra Se\u00f1ora<\/a><\/li>\n<li class=\"menu-item menu-item-type-post_type menu-item-object-page menu-item-60239\"><a href=\"https:\/\/topa.be\/es\/st-andries\/qr-codes\/qr12\/\" class=\"elementor-item\" tabindex=\"-1\">QR12 \u2013 La Hermandad de las Almas Fieles<\/a><\/li>\n<li class=\"menu-item menu-item-type-post_type menu-item-object-page menu-item-60240\"><a href=\"https:\/\/topa.be\/es\/st-andries\/qr-codes\/qr13\/\" class=\"elementor-item\" tabindex=\"-1\">QR13 \u2013 La estatua de San Pedro<\/a><\/li>\n<li class=\"menu-item menu-item-type-post_type menu-item-object-page menu-item-60241\"><a href=\"https:\/\/topa.be\/es\/st-andries\/qr-codes\/qr14\/\" class=\"elementor-item\" tabindex=\"-1\">QR14 \u2013 El altar mayor<\/a><\/li>\n<li class=\"menu-item menu-item-type-post_type menu-item-object-page menu-item-60242\"><a href=\"https:\/\/topa.be\/es\/st-andries\/qr-codes\/qr15\/\" class=\"elementor-item\" tabindex=\"-1\">QR15 \u2013 El martirio de San Andr\u00e9s<\/a><\/li>\n<li class=\"menu-item menu-item-type-post_type menu-item-object-page menu-item-60243\"><a href=\"https:\/\/topa.be\/es\/st-andries\/qr-codes\/qr16\/\" class=\"elementor-item\" tabindex=\"-1\">QR16 \u2013 El coro<\/a><\/li>\n<li class=\"menu-item menu-item-type-post_type menu-item-object-page menu-item-60244\"><a href=\"https:\/\/topa.be\/es\/st-andries\/qr-codes\/qr17\/\" class=\"elementor-item\" tabindex=\"-1\">QR17 \u2013 La Capilla del Santisimo Sacramento<\/a><\/li>\n<li class=\"menu-item menu-item-type-post_type menu-item-object-page menu-item-60245\"><a href=\"https:\/\/topa.be\/es\/st-andries\/qr-codes\/qr18\/\" class=\"elementor-item\" tabindex=\"-1\">QR18 \u2013 El monumento a las cortesanas de Mar\u00eda Estuardo<\/a><\/li>\n<li class=\"menu-item menu-item-type-post_type menu-item-object-page menu-item-60246\"><a href=\"https:\/\/topa.be\/es\/st-andries\/qr-codes\/qr19\/\" class=\"elementor-item\" tabindex=\"-1\">QR19 \u2013 \u00bfQu\u00e9 es la verdad?<\/a><\/li>\n<li class=\"menu-item menu-item-type-post_type menu-item-object-page menu-item-60247\"><a href=\"https:\/\/topa.be\/es\/st-andries\/qr-codes\/qr20\/\" class=\"elementor-item\" tabindex=\"-1\">QR20 \u2013 Saco de boxeo<\/a><\/li>\n<\/ul>\t\t\t<\/nav>\n\t\t\t\t\t\t<\/div>\n\t\t\t\t<\/div>\n\t\t\t\t\t<\/div>\n\t\t<\/div>\n\t\t\t\t\t<\/div>\n\t\t<\/section>\n\t\t\t\t<section class=\"elementor-section elementor-top-section elementor-element elementor-element-9260971 elementor-section-boxed elementor-section-height-default elementor-section-height-default\" data-id=\"9260971\" data-element_type=\"section\" data-e-type=\"section\">\n\t\t\t\t\t\t<div class=\"elementor-container elementor-column-gap-default\">\n\t\t\t\t\t<div class=\"elementor-column elementor-col-100 elementor-top-column elementor-element elementor-element-be3ba77\" data-id=\"be3ba77\" data-element_type=\"column\" data-e-type=\"column\">\n\t\t\t<div class=\"elementor-widget-wrap elementor-element-populated\">\n\t\t\t\t\t\t<div class=\"elementor-element elementor-element-cae5b1c elementor-widget elementor-widget-text-editor\" data-id=\"cae5b1c\" data-element_type=\"widget\" data-e-type=\"widget\" data-widget_type=\"text-editor.default\">\n\t\t\t\t<div class=\"elementor-widget-container\">\n\t\t\t\t\t\t\t\t\t<h4 class=\"widgettitle\">Para discubrir m\u00e1s:<\/h4>\n\t\t\t\t\t\t\t\t<\/div>\n\t\t\t\t<\/div>\n\t\t\t\t<div class=\"elementor-element elementor-element-90ef537 elementor-nav-menu--dropdown-tablet elementor-nav-menu__text-align-aside elementor-nav-menu--toggle elementor-nav-menu--burger elementor-widget elementor-widget-nav-menu\" data-id=\"90ef537\" data-element_type=\"widget\" data-e-type=\"widget\" data-settings=\"{&quot;layout&quot;:&quot;horizontal&quot;,&quot;submenu_icon&quot;:{&quot;value&quot;:&quot;&lt;i class=\\&quot;fas fa-caret-down\\&quot; aria-hidden=\\&quot;true\\&quot;&gt;&lt;\\\/i&gt;&quot;,&quot;library&quot;:&quot;fa-solid&quot;},&quot;toggle&quot;:&quot;burger&quot;}\" data-widget_type=\"nav-menu.default\">\n\t\t\t\t<div class=\"elementor-widget-container\">\n\t\t\t\t\t\t\t\t<nav aria-label=\"Men\u00fa\" class=\"elementor-nav-menu--main elementor-nav-menu__container elementor-nav-menu--layout-horizontal e--pointer-framed e--animation-fade\">\n\t\t\t\t<ul id=\"menu-1-90ef537\" class=\"elementor-nav-menu\"><li class=\"menu-item menu-item-type-post_type menu-item-object-page menu-item-59971\"><a href=\"https:\/\/topa.be\/es\/st-andries\/praktisch\/\" class=\"elementor-item\">Informaci\u00f3n pr\u00e1ctica<\/a><\/li>\n<li class=\"menu-item menu-item-type-post_type menu-item-object-page menu-item-59972\"><a href=\"https:\/\/topa.be\/es\/st-andries\/rondleidingen\/\" class=\"elementor-item\">Visitas con guia<\/a><\/li>\n<li class=\"menu-item menu-item-type-post_type menu-item-object-page menu-item-59973\"><a href=\"https:\/\/topa.be\/es\/st-andries\/kennismaking\/\" class=\"elementor-item\">La iglesia en breve<\/a><\/li>\n<li class=\"menu-item menu-item-type-custom menu-item-object-custom menu-item-59974\"><a href=\"https:\/\/topantwerpen-my.sharepoint.com\/:v:\/g\/personal\/webmaster_topa_be\/EXZm-WjCFWJFtCAUxTMcGNYBkBAa1fZYYv5T6ESnKUYSmQ?e=XA6tST\" class=\"elementor-item\">Visita virtual (3\u201945\u201d)<\/a><\/li>\n<li class=\"menu-item menu-item-type-post_type menu-item-object-page menu-item-59975\"><a href=\"https:\/\/topa.be\/es\/st-andries\/interactief-grondplan\/\" class=\"elementor-item\">Plano interactivo<\/a><\/li>\n<li class=\"menu-item menu-item-type-post_type menu-item-object-page menu-item-61491\"><a href=\"https:\/\/topa.be\/es\/st-andries\/beschrijving\/\" class=\"elementor-item\">History &#038; Description<\/a><\/li>\n<li class=\"menu-item menu-item-type-post_type menu-item-object-page menu-item-59976\"><a href=\"https:\/\/topa.be\/es\/st-andries\/kerkmuseum\/\" class=\"elementor-item\">The museum<\/a><\/li>\n<li class=\"menu-item menu-item-type-post_type menu-item-object-page menu-item-59977\"><a href=\"https:\/\/topa.be\/es\/st-andries\/qr-codes\/\" class=\"elementor-item\">C\u00f3digos QR<\/a><\/li>\n<\/ul>\t\t\t<\/nav>\n\t\t\t\t\t<div class=\"elementor-menu-toggle\" role=\"button\" tabindex=\"0\" aria-label=\"Alternar men\u00fa\" aria-expanded=\"false\">\n\t\t\t<i aria-hidden=\"true\" role=\"presentation\" class=\"elementor-menu-toggle__icon--open eicon-menu-bar\"><\/i><i aria-hidden=\"true\" role=\"presentation\" class=\"elementor-menu-toggle__icon--close eicon-close\"><\/i>\t\t<\/div>\n\t\t\t\t\t<nav class=\"elementor-nav-menu--dropdown elementor-nav-menu__container\" aria-hidden=\"true\">\n\t\t\t\t<ul id=\"menu-2-90ef537\" class=\"elementor-nav-menu\"><li class=\"menu-item menu-item-type-post_type menu-item-object-page menu-item-59971\"><a href=\"https:\/\/topa.be\/es\/st-andries\/praktisch\/\" class=\"elementor-item\" tabindex=\"-1\">Informaci\u00f3n pr\u00e1ctica<\/a><\/li>\n<li class=\"menu-item menu-item-type-post_type menu-item-object-page menu-item-59972\"><a href=\"https:\/\/topa.be\/es\/st-andries\/rondleidingen\/\" class=\"elementor-item\" tabindex=\"-1\">Visitas con guia<\/a><\/li>\n<li class=\"menu-item menu-item-type-post_type menu-item-object-page menu-item-59973\"><a href=\"https:\/\/topa.be\/es\/st-andries\/kennismaking\/\" class=\"elementor-item\" tabindex=\"-1\">La iglesia en breve<\/a><\/li>\n<li class=\"menu-item menu-item-type-custom menu-item-object-custom menu-item-59974\"><a href=\"https:\/\/topantwerpen-my.sharepoint.com\/:v:\/g\/personal\/webmaster_topa_be\/EXZm-WjCFWJFtCAUxTMcGNYBkBAa1fZYYv5T6ESnKUYSmQ?e=XA6tST\" class=\"elementor-item\" tabindex=\"-1\">Visita virtual (3\u201945\u201d)<\/a><\/li>\n<li class=\"menu-item menu-item-type-post_type menu-item-object-page menu-item-59975\"><a href=\"https:\/\/topa.be\/es\/st-andries\/interactief-grondplan\/\" class=\"elementor-item\" tabindex=\"-1\">Plano interactivo<\/a><\/li>\n<li class=\"menu-item menu-item-type-post_type menu-item-object-page menu-item-61491\"><a href=\"https:\/\/topa.be\/es\/st-andries\/beschrijving\/\" class=\"elementor-item\" tabindex=\"-1\">History &#038; Description<\/a><\/li>\n<li class=\"menu-item menu-item-type-post_type menu-item-object-page menu-item-59976\"><a href=\"https:\/\/topa.be\/es\/st-andries\/kerkmuseum\/\" class=\"elementor-item\" tabindex=\"-1\">The museum<\/a><\/li>\n<li class=\"menu-item menu-item-type-post_type menu-item-object-page menu-item-59977\"><a href=\"https:\/\/topa.be\/es\/st-andries\/qr-codes\/\" class=\"elementor-item\" tabindex=\"-1\">C\u00f3digos QR<\/a><\/li>\n<\/ul>\t\t\t<\/nav>\n\t\t\t\t\t\t<\/div>\n\t\t\t\t<\/div>\n\t\t\t\t\t<\/div>\n\t\t<\/div>\n\t\t\t\t\t<\/div>\n\t\t<\/section>\n\t\t\t\t<\/div>\n\t\t","protected":false},"excerpt":{"rendered":"<p>Iglesia de San Andr\u00e9s Codigos QR Si visitar nuestra iglesia, y usted tiene un tel\u00e9fono inteligente con un esc\u00e1ner de QR, puede utilizar una red Wi-Fi gratuita. En el mostrador le hace una planta en la que son 20 c\u00f3digos QR, cada uno es una lugar por visitar en la iglesia. A trav\u00e9s de estos [&hellip;]<\/p>\n","protected":false},"author":16,"featured_media":0,"parent":38107,"menu_order":95,"comment_status":"closed","ping_status":"closed","template":"","meta":{"footnotes":""},"class_list":["post-38207","page","type-page","status-publish","hentry"],"aioseo_notices":[],"_links":{"self":[{"href":"https:\/\/topa.be\/es\/wp-json\/wp\/v2\/pages\/38207","targetHints":{"allow":["GET"]}}],"collection":[{"href":"https:\/\/topa.be\/es\/wp-json\/wp\/v2\/pages"}],"about":[{"href":"https:\/\/topa.be\/es\/wp-json\/wp\/v2\/types\/page"}],"author":[{"embeddable":true,"href":"https:\/\/topa.be\/es\/wp-json\/wp\/v2\/users\/16"}],"replies":[{"embeddable":true,"href":"https:\/\/topa.be\/es\/wp-json\/wp\/v2\/comments?post=38207"}],"version-history":[{"count":3,"href":"https:\/\/topa.be\/es\/wp-json\/wp\/v2\/pages\/38207\/revisions"}],"predecessor-version":[{"id":48794,"href":"https:\/\/topa.be\/es\/wp-json\/wp\/v2\/pages\/38207\/revisions\/48794"}],"up":[{"embeddable":true,"href":"https:\/\/topa.be\/es\/wp-json\/wp\/v2\/pages\/38107"}],"wp:attachment":[{"href":"https:\/\/topa.be\/es\/wp-json\/wp\/v2\/media?parent=38207"}],"curies":[{"name":"wp","href":"https:\/\/api.w.org\/{rel}","templated":true}]}}