{"id":38201,"date":"2021-05-29T17:15:29","date_gmt":"2021-05-29T15:15:29","guid":{"rendered":"http:\/\/topa.be\/st-andries\/praktisch\/"},"modified":"2023-06-29T14:09:53","modified_gmt":"2023-06-29T12:09:53","slug":"praktisch","status":"publish","type":"page","link":"https:\/\/topa.be\/es\/st-andries\/praktisch\/","title":{"rendered":"SAK Informaci\u00f3n pr\u00e1ctica"},"content":{"rendered":"\t\t<div data-elementor-type=\"wp-page\" data-elementor-id=\"38201\" class=\"elementor elementor-38201 elementor-33494\" data-elementor-post-type=\"page\">\n\t\t\t\t\t\t<section class=\"elementor-section elementor-top-section elementor-element elementor-element-93bd240 elementor-section-boxed elementor-section-height-default elementor-section-height-default\" data-id=\"93bd240\" data-element_type=\"section\" data-e-type=\"section\">\n\t\t\t\t\t\t<div class=\"elementor-container elementor-column-gap-default\">\n\t\t\t\t\t<div class=\"elementor-column elementor-col-100 elementor-top-column elementor-element elementor-element-f5d2f1a\" data-id=\"f5d2f1a\" data-element_type=\"column\" data-e-type=\"column\">\n\t\t\t<div class=\"elementor-widget-wrap elementor-element-populated\">\n\t\t\t\t\t\t<div class=\"elementor-element elementor-element-aba76d9 elementor-widget elementor-widget-heading\" data-id=\"aba76d9\" data-element_type=\"widget\" data-e-type=\"widget\" data-widget_type=\"heading.default\">\n\t\t\t\t<div class=\"elementor-widget-container\">\n\t\t\t\t\t<h1 class=\"elementor-heading-title elementor-size-default\">Iglesia de San Andr\u00e9s<\/h1>\t\t\t\t<\/div>\n\t\t\t\t<\/div>\n\t\t\t\t\t<\/div>\n\t\t<\/div>\n\t\t\t\t\t<\/div>\n\t\t<\/section>\n\t\t\t\t<section class=\"elementor-section elementor-top-section elementor-element elementor-element-4661923 elementor-section-boxed elementor-section-height-default elementor-section-height-default\" data-id=\"4661923\" data-element_type=\"section\" data-e-type=\"section\">\n\t\t\t\t\t\t<div class=\"elementor-container elementor-column-gap-default\">\n\t\t\t\t\t<div class=\"elementor-column elementor-col-100 elementor-top-column elementor-element elementor-element-5f8cc76\" data-id=\"5f8cc76\" data-element_type=\"column\" data-e-type=\"column\">\n\t\t\t<div class=\"elementor-widget-wrap elementor-element-populated\">\n\t\t\t\t\t\t<div class=\"elementor-element elementor-element-9a52830 elementor-widget elementor-widget-heading\" data-id=\"9a52830\" data-element_type=\"widget\" data-e-type=\"widget\" data-widget_type=\"heading.default\">\n\t\t\t\t<div class=\"elementor-widget-container\">\n\t\t\t\t\t<h2 class=\"elementor-heading-title elementor-size-default\">Informaci\u00f3n pr\u00e1ctica<\/h2>\t\t\t\t<\/div>\n\t\t\t\t<\/div>\n\t\t\t\t\t<\/div>\n\t\t<\/div>\n\t\t\t\t\t<\/div>\n\t\t<\/section>\n\t\t\t\t<section class=\"elementor-section elementor-top-section elementor-element elementor-element-a2ed9de elementor-section-boxed elementor-section-height-default elementor-section-height-default\" data-id=\"a2ed9de\" data-element_type=\"section\" data-e-type=\"section\">\n\t\t\t\t\t\t<div class=\"elementor-container elementor-column-gap-default\">\n\t\t\t\t\t<div class=\"elementor-column elementor-col-66 elementor-top-column elementor-element elementor-element-2a47a6e\" data-id=\"2a47a6e\" data-element_type=\"column\" data-e-type=\"column\">\n\t\t\t<div class=\"elementor-widget-wrap elementor-element-populated\">\n\t\t\t\t\t\t<div class=\"elementor-element elementor-element-62788c9 elementor-widget elementor-widget-text-editor\" data-id=\"62788c9\" data-element_type=\"widget\" data-e-type=\"widget\" data-widget_type=\"text-editor.default\">\n\t\t\t\t<div class=\"elementor-widget-container\">\n\t\t\t\t\t\t\t\t\t<p><strong>Misas<\/strong><br \/>\nDomingos y dias festivos: 10:30 a 19:30<strong>\u00a0<\/strong><\/p>\n<p><strong>Horas de visita<\/strong><br \/>\n01\/11 \u2013 31\/03:\u00a0lunes \u2013 S\u00e1bado: 9:00 \u2013 12:00<br \/>\n01\/04 \u2013 31\/10: 14:00 \u2013 17:00<br \/>\nA reserva de celebraciones especiales<br \/>\nV\u00e9ase tambi\u00e9n bajo\u00a0<a href=\"https:\/\/topa.be\/es\/st-andries\/rondleidingen\/\"><strong>visitas con gu\u00eda<\/strong><\/a><strong><br \/>\n<\/strong><\/p>\n<p><strong>Entrada libre a la iglesia<\/strong><strong><br \/>\n<\/strong>Entrada del museo: 1\u20ac<\/p>\n<p><strong>Informaci\u00f3n<\/strong><strong><br \/>\n<\/strong>VZW Sint-Andries 2000<br \/>\nSint-Andriesstraat, B-2000 Antwerpen<br \/>\nTel. +32 (0)3\u00a0224 14 34<br \/>\nE-mail:<strong>\u00a0<\/strong><a href=\"mailto:sint-andrieskerk@topa.be\"><strong>sint-andrieskerk@topa.be<\/strong><\/a><strong>\u00a0\u00a0<\/strong><strong><br \/>\n<\/strong>Website:<strong>\u00a0<\/strong><a href=\"https:\/\/www.sint-andrieskerk.be\/\" target=\"_blank\" rel=\"noopener noreferrer\"><strong>www.sint-andrieskerk.be<\/strong><\/a><strong>\u00a0<\/strong><strong>\u00a0<\/strong><strong>\u00a0<\/strong><\/p>\n<p><strong>Casa del p\u00e1rroco<\/strong><strong><br \/>\n<\/strong>Sint-Andriesstraat 7\/4<br \/>\nB-2000 Antwerpen<br \/>\nTel. +32 (0)3 232 03 84<br \/>\nE-mail:\u00a0<a href=\"mailto:sint-andrieskerk@topa.be\"><strong>sint-andrieskerk@topa.be<\/strong><\/a><strong>\u00a0<\/strong><strong><br \/>\n<\/strong>P\u00e1rroco:<strong>\u00a0<\/strong><a href=\"mailto:mannaerts@topa.be\"><strong>mannaerts@topa.be<\/strong><\/a><\/p>\n\t\t\t\t\t\t\t\t<\/div>\n\t\t\t\t<\/div>\n\t\t\t\t\t<\/div>\n\t\t<\/div>\n\t\t\t\t<div class=\"elementor-column elementor-col-33 elementor-top-column elementor-element elementor-element-019d071\" data-id=\"019d071\" data-element_type=\"column\" data-e-type=\"column\">\n\t\t\t<div class=\"elementor-widget-wrap elementor-element-populated\">\n\t\t\t\t\t\t<div class=\"elementor-element elementor-element-53b5474 elementor-widget elementor-widget-text-editor\" data-id=\"53b5474\" data-element_type=\"widget\" data-e-type=\"widget\" data-widget_type=\"text-editor.default\">\n\t\t\t\t<div class=\"elementor-widget-container\">\n\t\t\t\t\t\t\t\t\t<h4 class=\"widgettitle\">Para discubrir m\u00e1s:<\/h4>\n\t\t\t\t\t\t\t\t<\/div>\n\t\t\t\t<\/div>\n\t\t\t\t<div class=\"elementor-element elementor-element-93a8f1e elementor-nav-menu--dropdown-tablet elementor-nav-menu__text-align-aside elementor-nav-menu--toggle elementor-nav-menu--burger elementor-widget elementor-widget-nav-menu\" data-id=\"93a8f1e\" data-element_type=\"widget\" data-e-type=\"widget\" data-settings=\"{&quot;layout&quot;:&quot;vertical&quot;,&quot;submenu_icon&quot;:{&quot;value&quot;:&quot;&lt;i class=\\&quot;fas fa-caret-down\\&quot; aria-hidden=\\&quot;true\\&quot;&gt;&lt;\\\/i&gt;&quot;,&quot;library&quot;:&quot;fa-solid&quot;},&quot;toggle&quot;:&quot;burger&quot;}\" data-widget_type=\"nav-menu.default\">\n\t\t\t\t<div class=\"elementor-widget-container\">\n\t\t\t\t\t\t\t\t<nav aria-label=\"Men\u00fa\" class=\"elementor-nav-menu--main elementor-nav-menu__container elementor-nav-menu--layout-vertical e--pointer-framed e--animation-fade\">\n\t\t\t\t<ul id=\"menu-1-93a8f1e\" class=\"elementor-nav-menu sm-vertical\"><li class=\"menu-item menu-item-type-post_type menu-item-object-page menu-item-59971\"><a href=\"https:\/\/topa.be\/es\/st-andries\/praktisch\/\" class=\"elementor-item\">Informaci\u00f3n pr\u00e1ctica<\/a><\/li>\n<li class=\"menu-item menu-item-type-post_type menu-item-object-page menu-item-59972\"><a href=\"https:\/\/topa.be\/es\/st-andries\/rondleidingen\/\" class=\"elementor-item\">Visitas con guia<\/a><\/li>\n<li class=\"menu-item menu-item-type-post_type menu-item-object-page menu-item-59973\"><a href=\"https:\/\/topa.be\/es\/st-andries\/kennismaking\/\" class=\"elementor-item\">La iglesia en breve<\/a><\/li>\n<li class=\"menu-item menu-item-type-custom menu-item-object-custom menu-item-59974\"><a href=\"https:\/\/topantwerpen-my.sharepoint.com\/:v:\/g\/personal\/webmaster_topa_be\/EXZm-WjCFWJFtCAUxTMcGNYBkBAa1fZYYv5T6ESnKUYSmQ?e=XA6tST\" class=\"elementor-item\">Visita virtual (3\u201945\u201d)<\/a><\/li>\n<li class=\"menu-item menu-item-type-post_type menu-item-object-page menu-item-59975\"><a href=\"https:\/\/topa.be\/es\/st-andries\/interactief-grondplan\/\" class=\"elementor-item\">Plano interactivo<\/a><\/li>\n<li class=\"menu-item menu-item-type-post_type menu-item-object-page menu-item-61491\"><a href=\"https:\/\/topa.be\/es\/st-andries\/beschrijving\/\" class=\"elementor-item\">History &#038; Description<\/a><\/li>\n<li class=\"menu-item menu-item-type-post_type menu-item-object-page menu-item-59976\"><a href=\"https:\/\/topa.be\/es\/st-andries\/kerkmuseum\/\" class=\"elementor-item\">The museum<\/a><\/li>\n<li class=\"menu-item menu-item-type-post_type menu-item-object-page menu-item-59977\"><a href=\"https:\/\/topa.be\/es\/st-andries\/qr-codes\/\" class=\"elementor-item\">C\u00f3digos QR<\/a><\/li>\n<\/ul>\t\t\t<\/nav>\n\t\t\t\t\t<div class=\"elementor-menu-toggle\" role=\"button\" tabindex=\"0\" aria-label=\"Alternar men\u00fa\" aria-expanded=\"false\">\n\t\t\t<i aria-hidden=\"true\" role=\"presentation\" class=\"elementor-menu-toggle__icon--open eicon-menu-bar\"><\/i><i aria-hidden=\"true\" role=\"presentation\" class=\"elementor-menu-toggle__icon--close eicon-close\"><\/i>\t\t<\/div>\n\t\t\t\t\t<nav class=\"elementor-nav-menu--dropdown elementor-nav-menu__container\" aria-hidden=\"true\">\n\t\t\t\t<ul id=\"menu-2-93a8f1e\" class=\"elementor-nav-menu sm-vertical\"><li class=\"menu-item menu-item-type-post_type menu-item-object-page menu-item-59971\"><a href=\"https:\/\/topa.be\/es\/st-andries\/praktisch\/\" class=\"elementor-item\" tabindex=\"-1\">Informaci\u00f3n pr\u00e1ctica<\/a><\/li>\n<li class=\"menu-item menu-item-type-post_type menu-item-object-page menu-item-59972\"><a href=\"https:\/\/topa.be\/es\/st-andries\/rondleidingen\/\" class=\"elementor-item\" tabindex=\"-1\">Visitas con guia<\/a><\/li>\n<li class=\"menu-item menu-item-type-post_type menu-item-object-page menu-item-59973\"><a href=\"https:\/\/topa.be\/es\/st-andries\/kennismaking\/\" class=\"elementor-item\" tabindex=\"-1\">La iglesia en breve<\/a><\/li>\n<li class=\"menu-item menu-item-type-custom menu-item-object-custom menu-item-59974\"><a href=\"https:\/\/topantwerpen-my.sharepoint.com\/:v:\/g\/personal\/webmaster_topa_be\/EXZm-WjCFWJFtCAUxTMcGNYBkBAa1fZYYv5T6ESnKUYSmQ?e=XA6tST\" class=\"elementor-item\" tabindex=\"-1\">Visita virtual (3\u201945\u201d)<\/a><\/li>\n<li class=\"menu-item menu-item-type-post_type menu-item-object-page menu-item-59975\"><a href=\"https:\/\/topa.be\/es\/st-andries\/interactief-grondplan\/\" class=\"elementor-item\" tabindex=\"-1\">Plano interactivo<\/a><\/li>\n<li class=\"menu-item menu-item-type-post_type menu-item-object-page menu-item-61491\"><a href=\"https:\/\/topa.be\/es\/st-andries\/beschrijving\/\" class=\"elementor-item\" tabindex=\"-1\">History &#038; Description<\/a><\/li>\n<li class=\"menu-item menu-item-type-post_type menu-item-object-page menu-item-59976\"><a href=\"https:\/\/topa.be\/es\/st-andries\/kerkmuseum\/\" class=\"elementor-item\" tabindex=\"-1\">The museum<\/a><\/li>\n<li class=\"menu-item menu-item-type-post_type menu-item-object-page menu-item-59977\"><a href=\"https:\/\/topa.be\/es\/st-andries\/qr-codes\/\" class=\"elementor-item\" tabindex=\"-1\">C\u00f3digos QR<\/a><\/li>\n<\/ul>\t\t\t<\/nav>\n\t\t\t\t\t\t<\/div>\n\t\t\t\t<\/div>\n\t\t\t\t\t<\/div>\n\t\t<\/div>\n\t\t\t\t\t<\/div>\n\t\t<\/section>\n\t\t\t\t<section class=\"elementor-section elementor-top-section elementor-element elementor-element-924067a elementor-section-boxed elementor-section-height-default elementor-section-height-default\" data-id=\"924067a\" data-element_type=\"section\" data-e-type=\"section\">\n\t\t\t\t\t\t<div class=\"elementor-container elementor-column-gap-default\">\n\t\t\t\t\t<div class=\"elementor-column elementor-col-100 elementor-top-column elementor-element elementor-element-24bf0dfd\" data-id=\"24bf0dfd\" data-element_type=\"column\" data-e-type=\"column\">\n\t\t\t<div class=\"elementor-widget-wrap elementor-element-populated\">\n\t\t\t\t\t\t<div class=\"elementor-element elementor-element-5ba4f530 elementor-widget elementor-widget-text-editor\" data-id=\"5ba4f530\" data-element_type=\"widget\" data-e-type=\"widget\" data-widget_type=\"text-editor.default\">\n\t\t\t\t<div class=\"elementor-widget-container\">\n\t\t\t\t\t\t\t\t\t<p style=\"text-align: justify;\">A trav\u00e9s del <strong><a href=\"https:\/\/goo.gl\/maps\/ETRWmtT9v3F27tUc7\">ESTE MAPA<\/a><\/strong>\u00a0puede determinar una ruta en funci\u00f3n de su medio de transporte.<br \/>\nEs posible que desee utilizar VELO-Antwerpen:\u00a0<strong><a href=\"https:\/\/www.velo-antwerpen.be\/en\">https:\/\/www.velo-antwerpen.be\/en<\/a><\/strong><\/p>\n\t\t\t\t\t\t\t\t<\/div>\n\t\t\t\t<\/div>\n\t\t\t\t\t<\/div>\n\t\t<\/div>\n\t\t\t\t\t<\/div>\n\t\t<\/section>\n\t\t\t\t<\/div>\n\t\t","protected":false},"excerpt":{"rendered":"<p>Iglesia de San Andr\u00e9s Informaci\u00f3n pr\u00e1ctica Misas Domingos y dias festivos: 10:30 a 19:30\u00a0 Horas de visita 01\/11 \u2013 31\/03:\u00a0lunes \u2013 S\u00e1bado: 9:00 \u2013 12:00 01\/04 \u2013 31\/10: 14:00 \u2013 17:00 A reserva de celebraciones especiales V\u00e9ase tambi\u00e9n bajo\u00a0visitas con gu\u00eda Entrada libre a la iglesia Entrada del museo: 1\u20ac Informaci\u00f3n VZW Sint-Andries 2000 Sint-Andriesstraat, [&hellip;]<\/p>\n","protected":false},"author":16,"featured_media":0,"parent":38107,"menu_order":10,"comment_status":"closed","ping_status":"closed","template":"","meta":{"footnotes":""},"class_list":["post-38201","page","type-page","status-publish","hentry"],"aioseo_notices":[],"_links":{"self":[{"href":"https:\/\/topa.be\/es\/wp-json\/wp\/v2\/pages\/38201","targetHints":{"allow":["GET"]}}],"collection":[{"href":"https:\/\/topa.be\/es\/wp-json\/wp\/v2\/pages"}],"about":[{"href":"https:\/\/topa.be\/es\/wp-json\/wp\/v2\/types\/page"}],"author":[{"embeddable":true,"href":"https:\/\/topa.be\/es\/wp-json\/wp\/v2\/users\/16"}],"replies":[{"embeddable":true,"href":"https:\/\/topa.be\/es\/wp-json\/wp\/v2\/comments?post=38201"}],"version-history":[{"count":3,"href":"https:\/\/topa.be\/es\/wp-json\/wp\/v2\/pages\/38201\/revisions"}],"predecessor-version":[{"id":68820,"href":"https:\/\/topa.be\/es\/wp-json\/wp\/v2\/pages\/38201\/revisions\/68820"}],"up":[{"embeddable":true,"href":"https:\/\/topa.be\/es\/wp-json\/wp\/v2\/pages\/38107"}],"wp:attachment":[{"href":"https:\/\/topa.be\/es\/wp-json\/wp\/v2\/media?parent=38201"}],"curies":[{"name":"wp","href":"https:\/\/api.w.org\/{rel}","templated":true}]}}